{"id":16698,"date":"2024-05-03T06:27:15","date_gmt":"2024-05-03T06:27:15","guid":{"rendered":"https:\/\/elfsight.com\/de\/?page_id=16698"},"modified":"2025-07-08T09:46:08","modified_gmt":"2025-07-08T09:46:08","slug":"opencart","status":"publish","type":"page","link":"https:\/\/elfsight.com\/de\/all-in-one-reviews-widget\/opencart\/","title":{"rendered":"All-in-One Reviews &#8211; OpenCart"},"content":{"rendered":"<div class=\"application-platform-content-item-description application-platform-content-item\" id=\"description\" data-nav-section=\"description\"> <h2>Beschreibung<\/h2> <p>Elfsight All-in-One Reviews ist ein praktisches Tool f\u00fcr OpenCart, das Ihnen die M\u00f6glichkeit gibt, alles zu demonstrieren Bewertungen zu Ihrem Unternehmen direkt auf Ihrer Webseite von allen bekannten Bewertungsseiten. Mithilfe unseres Widgets k\u00f6nnen Sie Filter zum Ausblenden unerw\u00fcnschter Kommentare verwenden, Ihre Bewertung und Zahlen aus Ihrem Konto auf jeder Webseite mit Unternehmensbewertungen angeben, Informationen zu den Autoren der Bewertungen hinzuf\u00fcgen und eine faszinierende CTA-Schaltfl\u00e4che hinzuf\u00fcgen, die Sie begeistern wird Website-Besucher dazu auffordern, ihre Bewertung abzugeben. Das Elfsight Reviews-Tool kann Ihnen dabei helfen, Ihren beeindruckenden Social Proof auf der Webseite zu zeigen und mehr Verk\u00e4ufe zu erzielen. <\/p> <p><b>Steigern Sie den Umsatz, indem Sie Ihre tolle Bewertung preisgeben<\/b><\/p> <\/div> <div class=\"application-platform-content-item-features application-platform-content-item\" id=\"features\" data-nav-section=\"features\"> <h2>Die beliebtesten Widget-Funktionen enthalten<\/h2> <ul><li>Umschaltbarer Header der Erweiterung<\/li><li>Eine Option zum Hinzuf\u00fcgen der Schaltfl\u00e4che \u201eBewertung schreiben\u201c zur Weiterleitung auf Ihrer Seite<\/li><li>Bemerkenswertes Design ist nur einen Klick entfernt<\/li><li>Malbare Elemente der Schnittstelle<\/li><li>Maximale Details zur Vertrauensbildung<\/li><\/ul><p><a href=\"#demo\">Die volle Funktionalit\u00e4t des Widgets k\u00f6nnen Sie im entdecken Demo unten<\/a><\/p> <\/div> <div class=\"application-platform-content-item-installation application-platform-content-item\" id=\"installation\" data-nav-section=\"installation\"> <h2>Wie kann ich All-in-One-Bewertungen in meine OpenCart-Site einbetten? <\/h2> <p>F\u00fchren Sie einfach die unten beschriebenen Schritte aus, um das Plugin einzubetten. <\/p> <ol><li><b>Nutzen Sie unseren kostenlosen Konfigurator und beginnen Sie mit der Erstellung Ihrer individuellen Erweiterung. <\/b><br> W\u00e4hlen Sie das benutzerdefinierte Aussehen und die Parameter der Erweiterung aus und speichern Sie alle \u00c4nderungen. <\/li> <li><b>Erhalten Sie Ihren pers\u00f6nlichen Code, der im Feld auf Elfsight Apps angezeigt wird. <\/b><br> Wenn die Anpassung Ihrer pers\u00f6nlichen Erweiterung abgeschlossen ist, kopieren Sie den pers\u00f6nlichen Code im angezeigten Popup und speichern Sie ihn zur weiteren Verwendung. <\/li> <li><b>Beginnen Sie mit der Verwendung der Erweiterung auf der OpenCart-Webseite. <\/b><br> F\u00fcgen Sie den zuvor kopierten Code in Ihre Website ein und speichern Sie die \u00c4nderungen. <\/li> <li><b>Das Setup wurde erfolgreich durchgef\u00fchrt. <\/b><br> Besuchen Sie Ihre Webseite, um einen Blick auf die Funktionsweise der Erweiterung zu werfen.<\/li><\/ol><p>Wenn Sie mit Anfragen konfrontiert werden oder auf Probleme sto\u00dfen, z\u00f6gern Sie nicht, sich an unseren Kunden zu wenden ServiceTeam. Unsere Spezialisten sind bestrebt, alle Schwierigkeiten zu l\u00f6sen, die Sie mit dem Widget haben k\u00f6nnten. <\/p> <div class=\"faq\" data-component=\"FAQ\"> <div class=\"faq-item\">\r\n\t\t\t\t\t<div class=\"faq-item-question\">\r\n\t\t\t\t\t\t<h3 class=\"faq-item-question-text\">Wie kann ich ohne Programmierkenntnisse All-in-one-Bewertungen zu meiner OpenCart-Website hinzuf\u00fcgen?<\/h3>\r\n\r\n\t\t\t\t\t\t<div class=\"faq-item-question-icon\"><\/div>\r\n\t\t\t\t\t<\/div>\r\n\r\n\t\t\t\t\t<div class=\"faq-item-answer\">\r\n\t\t\t\t\t\t<div class=\"faq-item-answer-text\"> <p>Elfsight bietet eine SaaS-L\u00f6sung, mit der Sie eine All-in-one-Bewertung erstellen k\u00f6nnen Sehen Sie selbst, wie einfach der Prozess ist: Erstellen Sie direkt im Online-Editor ein All-in-One-Bewertungs-Widget, das Sie gerne auf Ihrer OpenCart-Website sehen w\u00fcrden. W\u00e4hlen Sie eine der vorgefertigten Vorlagen aus und passen Sie die Einstellungen f\u00fcr All-in-One-Bewertungen an, f\u00fcgen Sie Ihre Inhalte hinzu, \u00e4ndern Sie das Layout und die Farben ohne Programmierkenntnisse. Speichern Sie die All-in-One-Bewertungen und kopieren Sie den Installationscode, den Sie problemlos in Ihre OpenCart-Website einf\u00fcgen k\u00f6nnen, ohne einen kostenpflichtigen Plan kaufen zu m\u00fcssen. Mit unserem intuitiven Editor kann jeder Internetnutzer online ein All-in-One-Bewertungs-Widget erstellen und es einfach in seine OpenCart-Website einbetten. Sie m\u00fcssen weder bezahlen noch Ihre Kartendaten eingeben, um auf den Service zuzugreifen. Sollten bei irgendeinem Schritt Probleme auftreten, wenden Sie sich bitte an unser technisches Support-Team.<\/p> <\/div>\r\n\t\t\t\t\t<\/div>\r\n\t\t\t\t<\/div> <\/div> <\/div>","protected":false},"excerpt":{"rendered":"","protected":false},"author":9,"featured_media":0,"parent":1450,"menu_order":0,"comment_status":"closed","ping_status":"closed","template":"templates\/template-application-platform.php","meta":{"publish_to_discourse":"","publish_post_category":"","wpdc_auto_publish_overridden":"","wpdc_topic_tags":"","wpdc_pin_topic":"","wpdc_pin_until":"","discourse_post_id":"","discourse_permalink":"","wpdc_publishing_response":"","wpdc_publishing_error":"","footnotes":""},"class_list":["post-16698","page","type-page","status-publish","hentry"],"yoast_head":"<!-- This site is optimized with the Yoast SEO plugin v25.3.1 - https:\/\/yoast.com\/wordpress\/plugins\/seo\/ -->\n<title>F\u00fcgen Sie Ihrer OpenCart-Website eine responsive All-in-One-Reviews-Erweiterung hinzu<\/title>\n<meta name=\"description\" content=\"Betten Sie ein responsives Bewertungs-Widget in Ihre OpenCart-Site ein und schaffen Sie volles Vertrauen. Nutzen Sie die benutzerfreundliche Elfsight-Demo, um Ihr pers\u00f6nliches Feature zu erstellen.\" \/>\n<meta name=\"robots\" content=\"index, follow, max-snippet:-1, max-image-preview:large, max-video-preview:-1\" \/>\n<link rel=\"canonical\" href=\"https:\/\/elfsight.com\/de\/all-in-one-reviews-widget\/opencart\/\" \/>\n<meta property=\"og:locale\" content=\"de_DE\" \/>\n<meta property=\"og:type\" content=\"article\" \/>\n<meta property=\"og:title\" content=\"F\u00fcgen Sie Ihrer OpenCart-Website eine responsive All-in-One-Reviews-Erweiterung hinzu\" \/>\n<meta property=\"og:description\" content=\"Betten Sie ein responsives Bewertungs-Widget in Ihre OpenCart-Site ein und schaffen Sie volles Vertrauen. Nutzen Sie die benutzerfreundliche Elfsight-Demo, um Ihr pers\u00f6nliches Feature zu erstellen.\" \/>\n<meta property=\"og:url\" content=\"https:\/\/elfsight.com\/de\/all-in-one-reviews-widget\/opencart\/\" \/>\n<meta property=\"og:site_name\" content=\"Elfsight DE\" \/>\n<meta property=\"article:modified_time\" content=\"2025-07-08T09:46:08+00:00\" \/>\n<meta name=\"twitter:card\" content=\"summary_large_image\" \/>\n<meta name=\"twitter:label1\" content=\"Gesch\u00e4tzte Lesezeit\" \/>\n\t<meta name=\"twitter:data1\" content=\"3\u00a0Minuten\" \/>\n<!-- \/ Yoast SEO plugin. -->","yoast_head_json":{"title":"F\u00fcgen Sie Ihrer OpenCart-Website eine responsive All-in-One-Reviews-Erweiterung hinzu","description":"Betten Sie ein responsives Bewertungs-Widget in Ihre OpenCart-Site ein und schaffen Sie volles Vertrauen. Nutzen Sie die benutzerfreundliche Elfsight-Demo, um Ihr pers\u00f6nliches Feature zu erstellen.","robots":{"index":"index","follow":"follow","max-snippet":"max-snippet:-1","max-image-preview":"max-image-preview:large","max-video-preview":"max-video-preview:-1"},"canonical":"https:\/\/elfsight.com\/de\/all-in-one-reviews-widget\/opencart\/","og_locale":"de_DE","og_type":"article","og_title":"F\u00fcgen Sie Ihrer OpenCart-Website eine responsive All-in-One-Reviews-Erweiterung hinzu","og_description":"Betten Sie ein responsives Bewertungs-Widget in Ihre OpenCart-Site ein und schaffen Sie volles Vertrauen. Nutzen Sie die benutzerfreundliche Elfsight-Demo, um Ihr pers\u00f6nliches Feature zu erstellen.","og_url":"https:\/\/elfsight.com\/de\/all-in-one-reviews-widget\/opencart\/","og_site_name":"Elfsight DE","article_modified_time":"2025-07-08T09:46:08+00:00","twitter_card":"summary_large_image","twitter_misc":{"Gesch\u00e4tzte Lesezeit":"3\u00a0Minuten"},"schema":{"@context":"https:\/\/schema.org","@graph":[{"@type":"WebPage","@id":"https:\/\/elfsight.com\/de\/all-in-one-reviews-widget\/opencart\/","url":"https:\/\/elfsight.com\/de\/all-in-one-reviews-widget\/opencart\/","name":"F\u00fcgen Sie Ihrer OpenCart-Website eine responsive All-in-One-Reviews-Erweiterung hinzu","isPartOf":{"@id":"https:\/\/elfsight.com\/de\/#website"},"datePublished":"2024-05-03T06:27:15+00:00","dateModified":"2025-07-08T09:46:08+00:00","description":"Betten Sie ein responsives Bewertungs-Widget in Ihre OpenCart-Site ein und schaffen Sie volles Vertrauen. Nutzen Sie die benutzerfreundliche Elfsight-Demo, um Ihr pers\u00f6nliches Feature zu erstellen.","breadcrumb":{"@id":"https:\/\/elfsight.com\/de\/all-in-one-reviews-widget\/opencart\/#breadcrumb"},"inLanguage":"de","potentialAction":[{"@type":"ReadAction","target":["https:\/\/elfsight.com\/de\/all-in-one-reviews-widget\/opencart\/"]}]},{"@type":"BreadcrumbList","@id":"https:\/\/elfsight.com\/de\/all-in-one-reviews-widget\/opencart\/#breadcrumb","itemListElement":[{"@type":"ListItem","position":1,"name":"Home","item":"https:\/\/elfsight.com\/de\/"},{"@type":"ListItem","position":2,"name":"All-in-One Reviews","item":"https:\/\/elfsight.com\/de\/all-in-one-reviews-widget\/"},{"@type":"ListItem","position":3,"name":"All-in-One Reviews &#8211; OpenCart"}]},{"@type":"WebSite","@id":"https:\/\/elfsight.com\/de\/#website","url":"https:\/\/elfsight.com\/de\/","name":"Elfsight DE","description":"Just another Elfsight Sites site","potentialAction":[{"@type":"SearchAction","target":{"@type":"EntryPoint","urlTemplate":"https:\/\/elfsight.com\/de\/?s={search_term_string}"},"query-input":{"@type":"PropertyValueSpecification","valueRequired":true,"valueName":"search_term_string"}}],"inLanguage":"de"}]}},"meta_box":{"industry":"","seo_heading":"","heading":"","description":"","cta_heading":"","cta_description":"","application":"517","h1":"OpenCart All-in-One Reviews-Erweiterung","h1_caption":"Sammeln und pr\u00e4sentieren Sie Bewertungen von mehreren Plattformen wie Google, Facebook und Yelp in einer einzigen Erweiterung, um m\u00fchelos Vertrauen und Glaubw\u00fcrdigkeit in Ihre Opencart-Website aufzubauen.","application_category":[],"applications_title":"","applications_request_title":"","applications_request_button_text":"","hero_text":"","hero_video":"","hero_video_schema_markup":"","selling_points_title":"","selling_points_caption":"","selling_points":[],"selling_points_cta_text":"","features_title":"","features":"","ed_cta_examples_text":"","ed_cta_examples_hidden":"","ed_cta_demo_text":"","ed_cta_demo_hidden":"","why_caption":"","why_editor_title":"","why_editor_text":"","why_team_title":"","why_team_text":"","why_service_title":"","why_service_text":"","template_catalog_visible":"","template_catalog_title":"","template_catalog_text":"","template_catalog_categories_visible":"","demo_title":"Erstellen Sie Ihre All-in-One-Reviews-Erweiterung","demo_caption":"Konfigurieren Sie Ihre All-in-One-Bewertungen und f\u00fcgen Sie sie kostenlos zu Ihrer OpenCart-Website hinzu!","default_faq_hidden":"","app_template_category":[],"platform":"254","template_public_id":"","codecanyon_url":"","codecanyon_item_id":"","codecanyon_price":"","pricing_caption":"","pricing_elfsight_apps_hide_column":"","pricing_elfsight_apps_url":"","pricing_codecanyon_price_caption":"","integration_category":[],"integration_request_title":"","integration_request_cta":"","integration_platform":"","integrations":[],"platform_category":[],"video_schema_markup":"","price":"ab 0 $ \/ Monat","trial":"","benefits":[{"text":"Kostenlose Installationshilfe"},{"text":"Professioneller Kundenservice"},{"text":"14-t\u00e4gige Geld-zur\u00fcck-Garantie"},{"text":"Fortlaufende Entwicklung"}],"button_url":"#demo","button_target_blank":"","button_nofollow":"","attributes":[{"name":"Installiert","content":"100,000 - 500,000"},{"name":"Reaktionsfreudig","content":"Ja"},{"name":"Kompatible Browser","content":"Firefox, Edge, Chrome, Safari, Opera"}],"tags":[],"tags_disable_links":"","hide_more_platforms":"","video_object":"","demo_hide_cta":"","demo_hide_cloud_options":"","pricing_title":"","pricing":[{"pricing_icon":"platform","pricing_title":"Elfsight Apps","pricing_title_caption":"Plattform\u00fcbergreifende digitale L\u00f6sung","pricing_price":"ab 0 $ \/ Monat","pricing_price_caption":"Beginnen Sie mit einem kostenlosen Plan","pricing_benefits":[{"text":"Unbegrenzte Websites"},{"text":"Schnelle Unternehmensunterst\u00fctzung"},{"text":"Kostenloser Installationsservice"},{"text":"Flexibles Design"}],"pricing_button_text":"Zur Website hinzuf\u00fcgen","pricing_button_url":"#demo"}],"related_apps_title":"","related_apps_hidden":"","author":"","image":[],"title":"","job":"","social_networks":[]},"_links":{"self":[{"href":"https:\/\/elfsight.com\/de\/wp-json\/wp\/v2\/pages\/16698","targetHints":{"allow":["GET"]}}],"collection":[{"href":"https:\/\/elfsight.com\/de\/wp-json\/wp\/v2\/pages"}],"about":[{"href":"https:\/\/elfsight.com\/de\/wp-json\/wp\/v2\/types\/page"}],"author":[{"embeddable":true,"href":"https:\/\/elfsight.com\/de\/wp-json\/wp\/v2\/users\/9"}],"replies":[{"embeddable":true,"href":"https:\/\/elfsight.com\/de\/wp-json\/wp\/v2\/comments?post=16698"}],"version-history":[{"count":2,"href":"https:\/\/elfsight.com\/de\/wp-json\/wp\/v2\/pages\/16698\/revisions"}],"predecessor-version":[{"id":21213,"href":"https:\/\/elfsight.com\/de\/wp-json\/wp\/v2\/pages\/16698\/revisions\/21213"}],"up":[{"embeddable":true,"href":"https:\/\/elfsight.com\/de\/wp-json\/wp\/v2\/pages\/1450"}],"wp:attachment":[{"href":"https:\/\/elfsight.com\/de\/wp-json\/wp\/v2\/media?parent=16698"}],"curies":[{"name":"wp","href":"https:\/\/api.w.org\/{rel}","templated":true}]}}