{"id":16689,"date":"2024-05-03T06:27:10","date_gmt":"2024-05-03T06:27:10","guid":{"rendered":"https:\/\/elfsight.com\/de\/?page_id=16689"},"modified":"2025-07-08T09:46:32","modified_gmt":"2025-07-08T09:46:32","slug":"weebly","status":"publish","type":"page","link":"https:\/\/elfsight.com\/de\/all-in-one-reviews-widget\/weebly\/","title":{"rendered":"All-in-One Reviews &#8211; Weebly"},"content":{"rendered":"<div class=\"application-platform-content-item-description application-platform-content-item\" id=\"description\" data-nav-section=\"description\"> <h2>Beschreibung<\/h2> <p>Elfsight All-in-One Reviews ist eine benutzerfreundliche App f\u00fcr Weebly, die Ihnen eine M\u00f6glichkeit, alle Bewertungen zu Ihren Angeboten direkt auf Ihrer Website von allen beliebten Bewertungsseiten anzuzeigen. Mithilfe unseres Widgets k\u00f6nnen Sie Filter verwenden, um unerw\u00fcnschte Kommentare zu verbergen, Ihre Bewertung und Bewertung von Ihrer Seite auf jeder Website mit Unternehmensbewertungen anzuzeigen, Informationen zu den Erstellern der Testimonials hinzuzuf\u00fcgen und einen \u00fcberzeugenden Call-to-Action hinzuzuf\u00fcgen Schaltfl\u00e4che, die Benutzer dazu motiviert, ihren Kommentar zu posten. Unser Tool soll Ihnen dabei helfen, Ihren bemerkenswerten Social Proof auf der Webseite zu zeigen und mehr Neuk\u00e4ufe zu t\u00e4tigen. <\/p> <p><b>Steigern Sie den Umsatz, indem Sie Ihre hohe Bewertung hervorheben<\/b><\/p> <\/div> <div class=\"application-platform-content-item-features application-platform-content-item\" id=\"features\" data-nav-section=\"features\"> <h2>Das Widget verf\u00fcgt \u00fcber n\u00fctzliche und einfache Funktionen, sehen Sie sich einige davon an sie: <\/h2> <ul><li>Umschaltbarer Header des Widgets<\/li><li>Eine Option zum Hinzuf\u00fcgen einer Anforderungsschaltfl\u00e4che zur Weiterleitung auf Ihrer Seite<\/li><li>Bewundernswertes Styling ist nur einen Klick entfernt<\/li><li>Malbare Elemente der Widget-Schnittstelle<\/li><li>Maximale Details zur Vertrauensgenerierung<\/li><\/ul><p><a href=\"#demo\">Schauen Sie sich einfach diese Demo an, um die zu erhalten Vollst\u00e4ndige Idee<\/a><\/p> <\/div> <div class=\"application-platform-content-item-installation application-platform-content-item\" id=\"installation\" data-nav-section=\"installation\"> <h2>Wie kann ich All-in-One-Rezensionen in meine Weebly-Site einbetten? <\/h2> <p>F\u00fchren Sie einfach die folgenden Schritte aus, um die App zu integrieren. <\/p> <ol><li><b>Nutzen Sie unseren kostenlosen Editor und beginnen Sie mit der Erstellung Ihrer individuellen App. <\/b><br> Bestimmen Sie das ausgew\u00e4hlte Layout und die Funktionen der App und speichern Sie alle Korrekturen. <\/li> <li><b>Erhalten Sie Ihren individuellen Code, der im Feld auf Elfsight Apps angezeigt wird. <\/b><br> Direkt nachdem die Anpassung Ihrer pers\u00f6nlichen App abgeschlossen ist, kopieren Sie Ihren Code in das angezeigte Feld und speichern Sie ihn zur weiteren Verwendung. <\/li> <li><b>Initiieren Sie die Anwendung der App auf der Weebly-Website. <\/b><br> F\u00fcgen Sie den k\u00fcrzlich gespeicherten Code in Ihre Website ein und speichern Sie die Anpassungen. <\/li> <li><b>Das Setup ist vollst\u00e4ndig beendet. <\/b><br> \u00d6ffnen Sie Ihre Webseite, um die Funktionsweise der App zu \u00fcberpr\u00fcfen. <\/li><\/ol><p>Sollten Sie auf Schwierigkeiten sto\u00dfen, z\u00f6gern Sie nicht, sich an unsere Kundendienstmitarbeiter zu wenden. Unsere Berater sind bestrebt, alle Probleme zu l\u00f6sen, die Sie m\u00f6glicherweise mit dem Widget haben. <\/p> <div class=\"faq\" data-component=\"FAQ\"> <div class=\"faq-item\">\r\n\t\t\t\t\t<div class=\"faq-item-question\">\r\n\t\t\t\t\t\t<h3 class=\"faq-item-question-text\">Wie kann ich ohne Programmierkenntnisse All-in-one-Bewertungen zu meiner Weebly-Website hinzuf\u00fcgen?<\/h3>\r\n\r\n\t\t\t\t\t\t<div class=\"faq-item-question-icon\"><\/div>\r\n\t\t\t\t\t<\/div>\r\n\r\n\t\t\t\t\t<div class=\"faq-item-answer\">\r\n\t\t\t\t\t\t<div class=\"faq-item-answer-text\"> <p>Elfsight bietet eine SaaS-L\u00f6sung, mit der Sie eine All-in-one-Bewertung erstellen k\u00f6nnen Erstellen Sie selbst ein Bewertungs-Widget und sehen Sie, wie einfach der Vorgang ist: Erstellen Sie direkt im Online-Editor ein All-in-one-Bewertungs-Widget, das Sie gerne auf Ihrer Weebly-Website sehen w\u00fcrden. W\u00e4hlen Sie eine der vorgefertigten Vorlagen aus und passen Sie die Einstellungen f\u00fcr All-in-One-Bewertungen an, f\u00fcgen Sie Ihre Inhalte hinzu, \u00e4ndern Sie das Layout und das Farbschema ohne Programmierkenntnisse. Speichern Sie die All-in-One-Bewertungen und kopieren Sie den Installationscode, den Sie problemlos in Ihre Weebly-Website einbetten k\u00f6nnen, ohne eine kostenpflichtige Version kaufen zu m\u00fcssen. Mit unserem intuitiven Editor kann jeder Internetnutzer online ein All-in-One-Bewertungs-Widget erstellen und es einfach in seine Weebly-Website einbetten. Sie m\u00fcssen weder bezahlen noch Ihre Kartendaten eingeben, um auf den Service zuzugreifen. Sollten bei irgendeinem Schritt Probleme auftreten, wenden Sie sich bitte an unser technisches Support-Team.<\/p> <\/div>\r\n\t\t\t\t\t<\/div>\r\n\t\t\t\t<\/div> <\/div> <\/div>","protected":false},"excerpt":{"rendered":"","protected":false},"author":9,"featured_media":0,"parent":1450,"menu_order":0,"comment_status":"closed","ping_status":"closed","template":"templates\/template-application-platform.php","meta":{"publish_to_discourse":"","publish_post_category":"","wpdc_auto_publish_overridden":"","wpdc_topic_tags":"","wpdc_pin_topic":"","wpdc_pin_until":"","discourse_post_id":"","discourse_permalink":"","wpdc_publishing_response":"","wpdc_publishing_error":"","footnotes":""},"class_list":["post-16689","page","type-page","status-publish","hentry"],"yoast_head":"<!-- This site is optimized with the Yoast SEO plugin v25.3.1 - https:\/\/yoast.com\/wordpress\/plugins\/seo\/ -->\n<title>F\u00fcgen Sie Ihrer Weebly-Website eine reaktionsf\u00e4hige All-in-One-Bewertungs-App hinzu<\/title>\n<meta name=\"description\" content=\"Implementieren Sie ein responsives Rezensions-Plugin auf Ihrer Weebly-Site und schaffen Sie volles Vertrauen. Nutzen Sie die praktische Elfsight-Demo, um Ihr pers\u00f6nliches Werkzeug zu erstellen.\" \/>\n<meta name=\"robots\" content=\"index, follow, max-snippet:-1, max-image-preview:large, max-video-preview:-1\" \/>\n<link rel=\"canonical\" href=\"https:\/\/elfsight.com\/de\/all-in-one-reviews-widget\/weebly\/\" \/>\n<meta property=\"og:locale\" content=\"de_DE\" \/>\n<meta property=\"og:type\" content=\"article\" \/>\n<meta property=\"og:title\" content=\"F\u00fcgen Sie Ihrer Weebly-Website eine reaktionsf\u00e4hige All-in-One-Bewertungs-App hinzu\" \/>\n<meta property=\"og:description\" content=\"Implementieren Sie ein responsives Rezensions-Plugin auf Ihrer Weebly-Site und schaffen Sie volles Vertrauen. Nutzen Sie die praktische Elfsight-Demo, um Ihr pers\u00f6nliches Werkzeug zu erstellen.\" \/>\n<meta property=\"og:url\" content=\"https:\/\/elfsight.com\/de\/all-in-one-reviews-widget\/weebly\/\" \/>\n<meta property=\"og:site_name\" content=\"Elfsight DE\" \/>\n<meta property=\"article:modified_time\" content=\"2025-07-08T09:46:32+00:00\" \/>\n<meta name=\"twitter:card\" content=\"summary_large_image\" \/>\n<meta name=\"twitter:label1\" content=\"Gesch\u00e4tzte Lesezeit\" \/>\n\t<meta name=\"twitter:data1\" content=\"3\u00a0Minuten\" \/>\n<!-- \/ Yoast SEO plugin. -->","yoast_head_json":{"title":"F\u00fcgen Sie Ihrer Weebly-Website eine reaktionsf\u00e4hige All-in-One-Bewertungs-App hinzu","description":"Implementieren Sie ein responsives Rezensions-Plugin auf Ihrer Weebly-Site und schaffen Sie volles Vertrauen. Nutzen Sie die praktische Elfsight-Demo, um Ihr pers\u00f6nliches Werkzeug zu erstellen.","robots":{"index":"index","follow":"follow","max-snippet":"max-snippet:-1","max-image-preview":"max-image-preview:large","max-video-preview":"max-video-preview:-1"},"canonical":"https:\/\/elfsight.com\/de\/all-in-one-reviews-widget\/weebly\/","og_locale":"de_DE","og_type":"article","og_title":"F\u00fcgen Sie Ihrer Weebly-Website eine reaktionsf\u00e4hige All-in-One-Bewertungs-App hinzu","og_description":"Implementieren Sie ein responsives Rezensions-Plugin auf Ihrer Weebly-Site und schaffen Sie volles Vertrauen. Nutzen Sie die praktische Elfsight-Demo, um Ihr pers\u00f6nliches Werkzeug zu erstellen.","og_url":"https:\/\/elfsight.com\/de\/all-in-one-reviews-widget\/weebly\/","og_site_name":"Elfsight DE","article_modified_time":"2025-07-08T09:46:32+00:00","twitter_card":"summary_large_image","twitter_misc":{"Gesch\u00e4tzte Lesezeit":"3\u00a0Minuten"},"schema":{"@context":"https:\/\/schema.org","@graph":[{"@type":"WebPage","@id":"https:\/\/elfsight.com\/de\/all-in-one-reviews-widget\/weebly\/","url":"https:\/\/elfsight.com\/de\/all-in-one-reviews-widget\/weebly\/","name":"F\u00fcgen Sie Ihrer Weebly-Website eine reaktionsf\u00e4hige All-in-One-Bewertungs-App hinzu","isPartOf":{"@id":"https:\/\/elfsight.com\/de\/#website"},"datePublished":"2024-05-03T06:27:10+00:00","dateModified":"2025-07-08T09:46:32+00:00","description":"Implementieren Sie ein responsives Rezensions-Plugin auf Ihrer Weebly-Site und schaffen Sie volles Vertrauen. Nutzen Sie die praktische Elfsight-Demo, um Ihr pers\u00f6nliches Werkzeug zu erstellen.","breadcrumb":{"@id":"https:\/\/elfsight.com\/de\/all-in-one-reviews-widget\/weebly\/#breadcrumb"},"inLanguage":"de","potentialAction":[{"@type":"ReadAction","target":["https:\/\/elfsight.com\/de\/all-in-one-reviews-widget\/weebly\/"]}]},{"@type":"BreadcrumbList","@id":"https:\/\/elfsight.com\/de\/all-in-one-reviews-widget\/weebly\/#breadcrumb","itemListElement":[{"@type":"ListItem","position":1,"name":"Home","item":"https:\/\/elfsight.com\/de\/"},{"@type":"ListItem","position":2,"name":"All-in-One Reviews","item":"https:\/\/elfsight.com\/de\/all-in-one-reviews-widget\/"},{"@type":"ListItem","position":3,"name":"All-in-One Reviews &#8211; Weebly"}]},{"@type":"WebSite","@id":"https:\/\/elfsight.com\/de\/#website","url":"https:\/\/elfsight.com\/de\/","name":"Elfsight DE","description":"Just another Elfsight Sites site","potentialAction":[{"@type":"SearchAction","target":{"@type":"EntryPoint","urlTemplate":"https:\/\/elfsight.com\/de\/?s={search_term_string}"},"query-input":{"@type":"PropertyValueSpecification","valueRequired":true,"valueName":"search_term_string"}}],"inLanguage":"de"}]}},"meta_box":{"industry":"","seo_heading":"","heading":"","description":"","cta_heading":"","cta_description":"","application":"517","h1":"Weebly All-in-One Reviews-App","h1_caption":"Sammeln und pr\u00e4sentieren Sie Bewertungen von mehreren Plattformen wie Google, Facebook und Yelp in einer einzigen App, um m\u00fchelos Vertrauen und Glaubw\u00fcrdigkeit auf Ihrer Weebly-Website aufzubauen.","application_category":[],"applications_title":"","applications_request_title":"","applications_request_button_text":"","hero_text":"","hero_video":"","hero_video_schema_markup":"","selling_points_title":"","selling_points_caption":"","selling_points":[],"selling_points_cta_text":"","features_title":"","features":"","ed_cta_examples_text":"","ed_cta_examples_hidden":"","ed_cta_demo_text":"","ed_cta_demo_hidden":"","why_caption":"","why_editor_title":"","why_editor_text":"","why_team_title":"","why_team_text":"","why_service_title":"","why_service_text":"","template_catalog_visible":"","template_catalog_title":"","template_catalog_text":"","template_catalog_categories_visible":"","demo_title":"Erstellen Sie Ihre All-in-One-Bewertungs-App","demo_caption":"Konfigurieren Sie Ihre All-in-One-Bewertungen und f\u00fcgen Sie sie kostenlos zu Ihrer Weebly-Website hinzu!","default_faq_hidden":"","app_template_category":[],"platform":"249","template_public_id":"","codecanyon_url":"","codecanyon_item_id":"","codecanyon_price":"","pricing_caption":"","pricing_elfsight_apps_hide_column":"","pricing_elfsight_apps_url":"","pricing_codecanyon_price_caption":"","integration_category":[],"integration_request_title":"","integration_request_cta":"","integration_platform":"","integrations":[],"platform_category":[],"video_schema_markup":"","price":"ab 0 $ \/ Monat","trial":"","benefits":[{"text":"Kostenlose Installationshilfe"},{"text":"Kompetenter Kundenservice"},{"text":"14-t\u00e4gige Geld-zur\u00fcck-Garantie"},{"text":"St\u00e4ndige Aktualisierung"}],"button_url":"#demo","button_target_blank":"","button_nofollow":"","attributes":[{"name":"Installiert","content":"100,000 - 500,000"},{"name":"Reaktionsfreudig","content":"Ja"},{"name":"Kompatible Browser","content":"Firefox, Safari, Opera, Chrome, Edge"}],"tags":[],"tags_disable_links":"","hide_more_platforms":"","video_object":"","demo_hide_cta":"","demo_hide_cloud_options":"","pricing_title":"","pricing":[{"pricing_icon":"platform","pricing_title":"Elfsight Apps","pricing_title_caption":"Plattformunabh\u00e4ngige Software, die f\u00fcr jede Site geeignet ist","pricing_price":"ab 0 $ \/ Monat","pricing_price_caption":"Beginnen Sie mit einem kostenlosen Plan","pricing_benefits":[{"text":"Unbegrenzte Websites"},{"text":"Professionelle und p\u00fcnktliche Unterst\u00fctzung und gut dokumentiert"},{"text":"Kostenlose Installationshilfe"},{"text":"Flexibles Design"}],"pricing_button_text":"Zur Website hinzuf\u00fcgen","pricing_button_url":"#demo"}],"related_apps_title":"","related_apps_hidden":"","author":"","image":[],"title":"","job":"","social_networks":[]},"_links":{"self":[{"href":"https:\/\/elfsight.com\/de\/wp-json\/wp\/v2\/pages\/16689","targetHints":{"allow":["GET"]}}],"collection":[{"href":"https:\/\/elfsight.com\/de\/wp-json\/wp\/v2\/pages"}],"about":[{"href":"https:\/\/elfsight.com\/de\/wp-json\/wp\/v2\/types\/page"}],"author":[{"embeddable":true,"href":"https:\/\/elfsight.com\/de\/wp-json\/wp\/v2\/users\/9"}],"replies":[{"embeddable":true,"href":"https:\/\/elfsight.com\/de\/wp-json\/wp\/v2\/comments?post=16689"}],"version-history":[{"count":1,"href":"https:\/\/elfsight.com\/de\/wp-json\/wp\/v2\/pages\/16689\/revisions"}],"predecessor-version":[{"id":16693,"href":"https:\/\/elfsight.com\/de\/wp-json\/wp\/v2\/pages\/16689\/revisions\/16693"}],"up":[{"embeddable":true,"href":"https:\/\/elfsight.com\/de\/wp-json\/wp\/v2\/pages\/1450"}],"wp:attachment":[{"href":"https:\/\/elfsight.com\/de\/wp-json\/wp\/v2\/media?parent=16689"}],"curies":[{"name":"wp","href":"https:\/\/api.w.org\/{rel}","templated":true}]}}