{"id":16682,"date":"2024-05-03T06:27:06","date_gmt":"2024-05-03T06:27:06","guid":{"rendered":"https:\/\/elfsight.com\/de\/?page_id=16682"},"modified":"2025-01-13T04:33:06","modified_gmt":"2025-01-13T04:33:06","slug":"google-sites","status":"publish","type":"page","link":"https:\/\/elfsight.com\/de\/all-in-one-reviews-widget\/google-sites\/","title":{"rendered":"All-in-One Reviews &#8211; Google Sites"},"content":{"rendered":"\n<div class=\"application-platform-content-item-description application-platform-content-item\" id=\"description\" data-nav-section=\"description\"> <h2>All-in-One-Bewertungen auf Google Sites mit dem Elfsight-Widget einbetten<\/h2> <p>Das Elfsight Testimonials-Gadget ist einfach zu verwenden -Ein Tool f\u00fcr Google Sites, das Ihnen die M\u00f6glichkeit bietet, alle Erfahrungsberichte zu Ihrem Unternehmen direkt auf Ihrer Webseite von allen am h\u00e4ufigsten verwendeten Bewertungswebsites anzuzeigen. Mit unserem Tool k\u00f6nnen Sie Filter zum Ausblenden unerw\u00fcnschter Bewertungen verwenden, Ihre Sternebewertung und Zahlen aus Ihrem Profil auf jeder Bewertungswebsite angeben, Informationen zu den Erstellern der Testimonials hinzuf\u00fcgen und einen faszinierenden Call-to-Action-Button hinzuf\u00fcgen Bringen Sie Benutzer dazu, eine neue Bewertung zu ver\u00f6ffentlichen. Unser Tool kann Ihnen dabei helfen, Ihren gro\u00dfartigen Social Proof auf Ihrer Website zu pr\u00e4sentieren und mehr Verk\u00e4ufe zu erzielen. <\/p> <p><b>Bewertungen von Amazon, Facebook, Airbnb, Google und vielen anderen in einem Widget f\u00fcr gr\u00f6\u00dftm\u00f6glichen Conversion-Boost und Kundenvertrauen!<\/b><\/p> <p><b>Boost Ihre Verk\u00e4ufe mithilfe von Social Proof<\/b><br>Mithilfe des Bewertungen-Plugins pr\u00e4sentieren Sie Ihre erstklassigen Bewertungen von Facebook, Amazon, Airbnb, Google und anderen beliebten Websites f\u00fcr Unternehmensbewertungen und ziehen so mehr neue Kunden an.<\/p><p><b>Erhalten Sie mehr Kundenfeedback<\/b><br>Die attraktive Schaltfl\u00e4che \u201eBewertung abgeben\u201c sorgt daf\u00fcr, dass mehr Menschen darauf klicken, um ihre Meinung zu Ihren Produkten und Dienstleistungen zu \u00e4u\u00dfern, was zu einer h\u00f6chstm\u00f6glichen Kundenbewertung f\u00fchrt. <\/p><p><b>Negative Bewertungen reduzieren<\/b><br>Das Widget \u201eKundenrezensionen\u201c schl\u00e4gt Ihnen mehrere Filterm\u00f6glichkeiten vor, mit denen Sie negative Bewertungen unter Kontrolle halten und nur die positiven anzeigen k\u00f6nnen.<\/div> <div class=\"application-platform-content-item-features application-platform-content-item\" id=\"features\" data-nav-section=\"features\"> <\/p><h2>Sehen Sie sich die Liste der n\u00fctzlichsten Funktionen an: <\/h2> <ul><li>Umschaltbarer Header des Widgets<\/li><li>Bewertung Anfrage-Schaltfl\u00e4che, um Benutzer auf Ihre Seite zu bringen<\/li><li>Bewundernswertes Design ist nur einen Klick entfernt<\/li><li>Malbare Komponenten der Benutzeroberfl\u00e4che<\/li><li>Maximale Details f\u00fcr den Aufbau von Vertrauen<\/li><\/ul><p><a href=\"#demo\">Probieren Sie einfach diese Demo aus, um einen vollst\u00e4ndigen \u00dcberblick zu bekommen<\/a><\/p> <\/div> <div class=\"application-platform-content-item-installation application-platform-content-item\" id=\"installation\" data-nav-section=\"installation\"> <h2>Wie mache ich All-in-One-Bewertungen zu meinen Google Sites hinzuf\u00fcgen?<\/h2> <p>F\u00fchren Sie einfach die unten aufgef\u00fchrten Schritte aus, um das Plugin zu integrieren. <\/p> <ol><li><b>F\u00fchren Sie unseren kostenlosen Editor aus und beginnen Sie mit der Erstellung Ihres eigenen Plugins. <\/b><br> W\u00e4hlen Sie die bevorzugte Form und Spezifikationen des Plugins und speichern Sie die \u00c4nderungen.<\/li> <li><b>Holen Sie sich den pers\u00f6nlichen Code, der im Fenster von Elfsight Apps angezeigt wird. <\/b><br> Nachdem die Einrichtung Ihres pers\u00f6nlichen Plugins abgeschlossen ist, kopieren Sie den pers\u00f6nlichen Code aus dem angezeigten Fenster und bewahren Sie ihn f\u00fcr die zuk\u00fcnftige Verwendung auf. <\/li> <li><b>Geben Sie die Nutzung des Bewertungs-Gadgets auf der Google-Website ein.<\/b><br> Integrieren Sie den k\u00fcrzlich kopierten Code in Ihre Homepage und speichern Sie die \u00c4nderungen. <\/li> <li><b>Du bist fertig! Das Setup wurde erfolgreich durchgef\u00fchrt. <\/b><br> Besuchen Sie Ihre Seite, um die Leistung des Tools zu pr\u00fcfen. <\/li><\/ol> <div class=\"tip-yellow tip\"><b>Aufgrund der Besonderheiten der Google Sites-Funktion sieht das Widget m\u00f6glicherweise anders aus als die Online-Demo. Wir entschuldigen uns f\u00fcr etwaige Unannehmlichkeiten.<\/b><\/div><p>Falls Sie irgendwelche Komplikationen beanstanden, wenden Sie sich bitte an unseren Kundendienst. Unsere Spezialisten beantworten gerne alle Fragen, die Sie zum Widget haben. <\/p> <div class=\"faq\" data-component=\"FAQ\"> <div class=\"faq-item\">\r\n\t\t\t\t\t<div class=\"faq-item-question\">\r\n\t\t\t\t\t\t<h3 class=\"faq-item-question-text\">Wie kann ich ohne Programmierkenntnisse All-in-One-Bewertungen zu meiner Google Sites-Website hinzuf\u00fcgen?<\/h3>\r\n\r\n\t\t\t\t\t\t<div class=\"faq-item-question-icon\"><\/div>\r\n\t\t\t\t\t<\/div>\r\n\r\n\t\t\t\t\t<div class=\"faq-item-answer\">\r\n\t\t\t\t\t\t<div class=\"faq-item-answer-text\"> <p>Elfsight bietet eine SaaS-L\u00f6sung, mit der Sie eine All-in-One-Bewertung erstellen k\u00f6nnen. Wenn Sie selbst ein Bewertungs-Widget erstellen, sehen Sie, wie einfach der Vorgang ist: Arbeiten Sie direkt im Online-Editor, um ein All-in-one-Bewertungs-Widget zu erstellen, das Sie gerne auf Ihrer Google Sites-Website sehen w\u00fcrden. W\u00e4hlen Sie eine der vorgefertigten Vorlagen aus und passen Sie die Einstellungen f\u00fcr All-in-One-Bewertungen an, f\u00fcgen Sie Ihre Inhalte hinzu, \u00e4ndern Sie das Layout und das Farbschema ohne Programmierkenntnisse. Speichern Sie die All-in-One-Rezensionen und kopieren Sie den Installationscode, den Sie problemlos in Ihre Google Sites-Website einf\u00fcgen k\u00f6nnen, ohne ein kostenpflichtiges Abonnement zu kaufen. Mit unserem intuitiven Editor kann jeder Internetnutzer online ein All-in-One-Bewertungs-Widget erstellen und es einfach in seine Google Sites-Website einbetten. Sie m\u00fcssen weder bezahlen noch Ihre Kartendaten eingeben, um auf den Service zuzugreifen. Sollten bei irgendeinem Schritt Probleme auftreten, wenden Sie sich bitte an unser technisches Support-Team.<\/p> <\/div>\r\n\t\t\t\t\t<\/div>\r\n\t\t\t\t<\/div> <\/div> <\/div>\n","protected":false},"excerpt":{"rendered":"","protected":false},"author":9,"featured_media":0,"parent":1450,"menu_order":0,"comment_status":"closed","ping_status":"closed","template":"templates\/template-application-platform.php","meta":{"publish_to_discourse":"","publish_post_category":"","wpdc_auto_publish_overridden":"","wpdc_topic_tags":"","wpdc_pin_topic":"","wpdc_pin_until":"","discourse_post_id":"","discourse_permalink":"","wpdc_publishing_response":"","wpdc_publishing_error":"","footnotes":""},"class_list":["post-16682","page","type-page","status-publish","hentry"],"yoast_head":"<!-- This site is optimized with the Yoast SEO plugin v25.3.1 - https:\/\/yoast.com\/wordpress\/plugins\/seo\/ -->\n<title>Bewertungs-Gadget \u2013 Testimonials-Widget zu Google Sites hinzuf\u00fcgen (2025)<\/title>\n<meta name=\"description\" content=\"Implementieren Sie ein responsives Bewertungs-Widget auf Ihren Google Sites und gewinnen Sie volles Vertrauen. Nutzen Sie die benutzerfreundliche Demo von Elfsight, um Ihr einzigartiges Testimonials-Gadget zu erstellen.\" \/>\n<meta name=\"robots\" content=\"index, follow, max-snippet:-1, max-image-preview:large, max-video-preview:-1\" \/>\n<link rel=\"canonical\" href=\"https:\/\/elfsight.com\/de\/all-in-one-reviews-widget\/google-sites\/\" \/>\n<meta property=\"og:locale\" content=\"de_DE\" \/>\n<meta property=\"og:type\" content=\"article\" \/>\n<meta property=\"og:title\" content=\"Bewertungs-Gadget \u2013 Testimonials-Widget zu Google Sites hinzuf\u00fcgen (2025)\" \/>\n<meta property=\"og:description\" content=\"Implementieren Sie ein responsives Bewertungs-Widget auf Ihren Google Sites und gewinnen Sie volles Vertrauen. Nutzen Sie die benutzerfreundliche Demo von Elfsight, um Ihr einzigartiges Testimonials-Gadget zu erstellen.\" \/>\n<meta property=\"og:url\" content=\"https:\/\/elfsight.com\/de\/all-in-one-reviews-widget\/google-sites\/\" \/>\n<meta property=\"og:site_name\" content=\"Elfsight DE\" \/>\n<meta property=\"article:modified_time\" content=\"2025-01-13T04:33:06+00:00\" \/>\n<meta name=\"twitter:card\" content=\"summary_large_image\" \/>\n<meta name=\"twitter:label1\" content=\"Gesch\u00e4tzte Lesezeit\" \/>\n\t<meta name=\"twitter:data1\" content=\"4\u00a0Minuten\" \/>\n<!-- \/ Yoast SEO plugin. -->","yoast_head_json":{"title":"Bewertungs-Gadget \u2013 Testimonials-Widget zu Google Sites hinzuf\u00fcgen (2025)","description":"Implementieren Sie ein responsives Bewertungs-Widget auf Ihren Google Sites und gewinnen Sie volles Vertrauen. Nutzen Sie die benutzerfreundliche Demo von Elfsight, um Ihr einzigartiges Testimonials-Gadget zu erstellen.","robots":{"index":"index","follow":"follow","max-snippet":"max-snippet:-1","max-image-preview":"max-image-preview:large","max-video-preview":"max-video-preview:-1"},"canonical":"https:\/\/elfsight.com\/de\/all-in-one-reviews-widget\/google-sites\/","og_locale":"de_DE","og_type":"article","og_title":"Bewertungs-Gadget \u2013 Testimonials-Widget zu Google Sites hinzuf\u00fcgen (2025)","og_description":"Implementieren Sie ein responsives Bewertungs-Widget auf Ihren Google Sites und gewinnen Sie volles Vertrauen. Nutzen Sie die benutzerfreundliche Demo von Elfsight, um Ihr einzigartiges Testimonials-Gadget zu erstellen.","og_url":"https:\/\/elfsight.com\/de\/all-in-one-reviews-widget\/google-sites\/","og_site_name":"Elfsight DE","article_modified_time":"2025-01-13T04:33:06+00:00","twitter_card":"summary_large_image","twitter_misc":{"Gesch\u00e4tzte Lesezeit":"4\u00a0Minuten"},"schema":{"@context":"https:\/\/schema.org","@graph":[{"@type":"WebPage","@id":"https:\/\/elfsight.com\/de\/all-in-one-reviews-widget\/google-sites\/","url":"https:\/\/elfsight.com\/de\/all-in-one-reviews-widget\/google-sites\/","name":"Bewertungs-Gadget \u2013 Testimonials-Widget zu Google Sites hinzuf\u00fcgen (2025)","isPartOf":{"@id":"https:\/\/elfsight.com\/de\/#website"},"datePublished":"2024-05-03T06:27:06+00:00","dateModified":"2025-01-13T04:33:06+00:00","description":"Implementieren Sie ein responsives Bewertungs-Widget auf Ihren Google Sites und gewinnen Sie volles Vertrauen. Nutzen Sie die benutzerfreundliche Demo von Elfsight, um Ihr einzigartiges Testimonials-Gadget zu erstellen.","breadcrumb":{"@id":"https:\/\/elfsight.com\/de\/all-in-one-reviews-widget\/google-sites\/#breadcrumb"},"inLanguage":"de","potentialAction":[{"@type":"ReadAction","target":["https:\/\/elfsight.com\/de\/all-in-one-reviews-widget\/google-sites\/"]}]},{"@type":"BreadcrumbList","@id":"https:\/\/elfsight.com\/de\/all-in-one-reviews-widget\/google-sites\/#breadcrumb","itemListElement":[{"@type":"ListItem","position":1,"name":"Home","item":"https:\/\/elfsight.com\/de\/"},{"@type":"ListItem","position":2,"name":"All-in-One Reviews","item":"https:\/\/elfsight.com\/de\/all-in-one-reviews-widget\/"},{"@type":"ListItem","position":3,"name":"All-in-One Reviews &#8211; Google Sites"}]},{"@type":"WebSite","@id":"https:\/\/elfsight.com\/de\/#website","url":"https:\/\/elfsight.com\/de\/","name":"Elfsight DE","description":"Just another Elfsight Sites site","potentialAction":[{"@type":"SearchAction","target":{"@type":"EntryPoint","urlTemplate":"https:\/\/elfsight.com\/de\/?s={search_term_string}"},"query-input":{"@type":"PropertyValueSpecification","valueRequired":true,"valueName":"search_term_string"}}],"inLanguage":"de"}]}},"meta_box":{"industry":"","seo_heading":"","heading":"","description":"","cta_heading":"","cta_description":"","application":"517","h1":"Widget \u201eTestimonials & Rezensionen\u201c von Google Sites","h1_caption":"Sammeln und pr\u00e4sentieren Sie Bewertungen von mehreren Plattformen wie Google, Facebook und Yelp in einem einzigen Widget, um m\u00fchelos Vertrauen und Glaubw\u00fcrdigkeit in Ihre Google Sites aufzubauen.","application_category":[],"applications_title":"","applications_request_title":"","applications_request_button_text":"","hero_text":"","hero_video":"","hero_video_schema_markup":"","selling_points_title":"","selling_points_caption":"","selling_points":[],"selling_points_cta_text":"","features_title":"","features":"","ed_cta_examples_text":"","ed_cta_examples_hidden":"","ed_cta_demo_text":"","ed_cta_demo_hidden":"","why_caption":"","why_editor_title":"","why_editor_text":"","why_team_title":"","why_team_text":"","why_service_title":"","why_service_text":"","template_catalog_visible":"0","template_catalog_title":"","template_catalog_text":"","template_catalog_categories_visible":"","demo_title":"Erstellen Sie Ihr All-in-One-Bewertungs-Widget","demo_caption":"Konfigurieren Sie Ihre All-in-One-Bewertungen und f\u00fcgen Sie sie kostenlos zu Ihrer Google Sites-Website hinzu!","default_faq_hidden":"","app_template_category":[],"platform":"3000","template_public_id":"","codecanyon_url":"","codecanyon_item_id":"","codecanyon_price":"","pricing_caption":"","pricing_elfsight_apps_hide_column":"","pricing_elfsight_apps_url":"","pricing_codecanyon_price_caption":"","integration_category":[],"integration_request_title":"","integration_request_cta":"","integration_platform":"","integrations":[],"platform_category":[],"video_schema_markup":"","price":"ab 0 $ \/ Monat","trial":"","benefits":[{"text":"Kostenlose Installationsunterst\u00fctzung"},{"text":"Effektiver Kundenservice"},{"text":"14-t\u00e4gige Geld-zur\u00fcck-Garantie"},{"text":"Zuk\u00fcnftige Updates"}],"button_url":"#demo","button_target_blank":"0","button_nofollow":"0","attributes":[{"name":"Installiert","content":"100,000 - 500,000"},{"name":"Reaktionsfreudig","content":"Ja"},{"name":"Kompatible Browser","content":"Opera, Firefox, Chrome, Safari, Edge"}],"tags":[],"tags_disable_links":"0","hide_more_platforms":"","video_object":"","demo_hide_cta":"0","demo_hide_cloud_options":"0","pricing_title":"","pricing":[{"pricing_icon":"platform","pricing_title":"Elfsight Apps","pricing_title_caption":"Plattform\u00fcbergreifende digitale L\u00f6sung, die zu jeder Website passt","pricing_price":"ab 0 $ \/ Monat","pricing_price_caption":"Beginnen Sie mit einem kostenlosen Plan","pricing_benefits":[{"text":"Unbegrenzte Anzahl an Domains"},{"text":"Erstklassiger und p\u00fcnktlicher Support"},{"text":"Kostenloser Installationssupport"},{"text":"Sonderangebot f\u00fcr mehrere Apps"}],"pricing_button_text":"Zur Website hinzuf\u00fcgen","pricing_button_url":"#demo"}],"related_apps_title":"","related_apps_hidden":"0","author":"","image":[],"title":"","job":"","social_networks":[]},"_links":{"self":[{"href":"https:\/\/elfsight.com\/de\/wp-json\/wp\/v2\/pages\/16682","targetHints":{"allow":["GET"]}}],"collection":[{"href":"https:\/\/elfsight.com\/de\/wp-json\/wp\/v2\/pages"}],"about":[{"href":"https:\/\/elfsight.com\/de\/wp-json\/wp\/v2\/types\/page"}],"author":[{"embeddable":true,"href":"https:\/\/elfsight.com\/de\/wp-json\/wp\/v2\/users\/9"}],"replies":[{"embeddable":true,"href":"https:\/\/elfsight.com\/de\/wp-json\/wp\/v2\/comments?post=16682"}],"version-history":[{"count":3,"href":"https:\/\/elfsight.com\/de\/wp-json\/wp\/v2\/pages\/16682\/revisions"}],"predecessor-version":[{"id":23478,"href":"https:\/\/elfsight.com\/de\/wp-json\/wp\/v2\/pages\/16682\/revisions\/23478"}],"up":[{"embeddable":true,"href":"https:\/\/elfsight.com\/de\/wp-json\/wp\/v2\/pages\/1450"}],"wp:attachment":[{"href":"https:\/\/elfsight.com\/de\/wp-json\/wp\/v2\/media?parent=16682"}],"curies":[{"name":"wp","href":"https:\/\/api.w.org\/{rel}","templated":true}]}}