{"id":16680,"date":"2024-05-03T06:27:04","date_gmt":"2024-05-03T06:27:04","guid":{"rendered":"https:\/\/elfsight.com\/de\/?page_id=16680"},"modified":"2025-01-13T04:36:48","modified_gmt":"2025-01-13T04:36:48","slug":"prestashop","status":"publish","type":"page","link":"https:\/\/elfsight.com\/de\/all-in-one-reviews-widget\/prestashop\/","title":{"rendered":"All-in-One Reviews &#8211; PrestaShop"},"content":{"rendered":"\n<div class=\"application-platform-content-item-description application-platform-content-item\" id=\"description\" data-nav-section=\"description\"><h2>Beschreibung<\/h2> <p>Das All-in-One-Bewertungs-Widget ist ein praktisches Tool, mit dem Sie die Bewertungen Ihrer Produkte direkt auf Ihrer Webseite anzeigen k\u00f6nnen alle g\u00e4ngigen Bewertungsseiten. Mit Hilfe unseres Add-ons k\u00f6nnen Sie Filter verwenden, um unerw\u00fcnschte Bewertungen auszublenden, Ihre Sterne- und Mengenbewertung direkt von Ihrem Konto aus auf jeder Website f\u00fcr Unternehmensbewertungen angeben, Informationen zu den Autoren der Bewertungen hinzuf\u00fcgen und einen Anruf t\u00e4tigen. To-Action-Button, der Besucher dazu anregt, ihre Meinung zu schreiben. Das All-in-One-Rezensions-Widget wird Sie dazu bringen, Ihren gro\u00dfartigen Social Proof auf der Website anzuzeigen und mehr neue Verk\u00e4ufe zu erzielen. <\/p><p><b>Beginnen Sie mit der Anwendung von All-in-One-Bewertungen, um Ihre Gesch\u00e4ftsziele schneller zu erreichen! <\/b><\/p> <\/div> <div class=\"application-platform-content-item-features application-platform-content-item\" id=\"features\" data-nav-section=\"features\"> <h2>Erkunden Sie die Liste der herausragendsten Funktionen: <\/h2> <ul><li>F\u00fcgen Sie CTA-Schaltfl\u00e4chen hinzu, um Website-Besucher dorthin zu leiten Konvertierung. <\/li><li>Regulieren Sie die Dauer des Folienwechsels. <\/li><li>W\u00e4hlen Sie zwischen zahlreichen Funktionen. <\/li><li>Platzieren Sie Ihre Inhalte mithilfe der erweiterten Position an einer beliebigen Stelle auf der Seite. <\/li><li>\u00c4ndern Sie 5 Inhaltsoptionen. <\/li><\/ul><p><a href=\"#demo\">Testen Sie alle Anpassungsoptionen in einer Demo mit vollem Funktionsumfang<\/a><\/p> <\/div> <div class=\"application-platform-content-item-installation application-platform-content-item\" id=\"installation\" data-nav-section=\"installation\"> <h2>Wie kann ich All-in-One-Bewertungen zu meiner PrestaShop-Site hinzuf\u00fcgen? <\/h2> <p>Erf\u00fcllen Sie einfach die folgenden Richtlinien, um mit der Verwendung des Tools zu beginnen. <\/p> <ol><li><b>\u00d6ffnen Sie unsere kostenlose Demo und beginnen Sie mit der Erstellung Ihres ma\u00dfgeschneiderten Plugins. <\/b><br> Bestimmen Sie das individuelle Aussehen und die Aspekte des Tools und speichern Sie die Korrekturen. <\/li> <li><b>Erhalten Sie den pers\u00f6nlichen Code, der im Fenster von Elfsight Apps angezeigt wird. <\/b><br> Sobald die Anpassung Ihres Widgets abgeschlossen ist, kopieren Sie den exklusiven Code im erscheinenden Fenster und bewahren Sie ihn f\u00fcr die zuk\u00fcnftige Verwendung auf. <\/li> <li><b>Beginnen Sie mit der Nutzung des Plugins auf Ihrer PrestaShop-Website. <\/b><br> Integrieren Sie den Code, den Sie k\u00fcrzlich gespeichert haben, in Ihre Homepage und speichern Sie die \u00c4nderungen. <\/li> <li><b>Fertig! Der Aufbau ist vollst\u00e4ndig abgeschlossen. <\/b><br> Gehen Sie zu Ihrer Seite, um die Leistung des Widgets zu \u00fcberpr\u00fcfen. <\/li><\/ol> <p>Falls Sie auf Probleme sto\u00dfen, z\u00f6gern Sie nicht, sich an unsere Support-Mitarbeiter zu wenden. Unsere Mitarbeiter beantworten gerne alle Fragen, die Sie zum Plugin haben. <\/p> <div class=\"faq\" data-component=\"FAQ\"> <div class=\"faq-item\">\r\n\t\t\t\t\t<div class=\"faq-item-question\">\r\n\t\t\t\t\t\t<h3 class=\"faq-item-question-text\">Wie kann ich ohne Programmierkenntnisse All-in-one-Bewertungen zu meiner PrestaShop-Website hinzuf\u00fcgen?<\/h3>\r\n\r\n\t\t\t\t\t\t<div class=\"faq-item-question-icon\"><\/div>\r\n\t\t\t\t\t<\/div>\r\n\r\n\t\t\t\t\t<div class=\"faq-item-answer\">\r\n\t\t\t\t\t\t<div class=\"faq-item-answer-text\"> <p>Elfsight bietet eine SaaS-L\u00f6sung, mit der Sie eine All-in-one-Bewertung erstellen k\u00f6nnen Sehen Sie selbst, wie einfach der Vorgang ist: Arbeiten Sie direkt im Online-Editor, um ein All-in-one-Bewertungs-Widget zu erstellen, das Sie gerne auf Ihrer PrestaShop-Website sehen w\u00fcrden. W\u00e4hlen Sie eine der vorgefertigten Vorlagen aus und passen Sie die Einstellungen f\u00fcr All-in-One-Bewertungen an, f\u00fcgen Sie Ihre Inhalte hinzu, \u00e4ndern Sie das Layout und das Farbschema ohne Programmierkenntnisse. Speichern Sie die All-in-One-Bewertungen und kopieren Sie den Installationscode, den Sie m\u00fchelos in Ihre PrestaShop-Website einbetten k\u00f6nnen, ohne einen kostenpflichtigen Plan kaufen zu m\u00fcssen. Mit unserem intuitiven Editor kann jeder Internetnutzer online ein All-in-One-Bewertungs-Widget erstellen und es einfach in seine PrestaShop-Website einbetten. Sie m\u00fcssen weder bezahlen noch Ihre Kartendaten eingeben, um auf den Service zuzugreifen. Sollten bei irgendeinem Schritt Probleme auftreten, wenden Sie sich bitte an unser technisches Support-Team.<\/p> <\/div>\r\n\t\t\t\t\t<\/div>\r\n\t\t\t\t<\/div> <\/div> <\/div>\n","protected":false},"excerpt":{"rendered":"","protected":false},"author":9,"featured_media":0,"parent":1450,"menu_order":0,"comment_status":"closed","ping_status":"closed","template":"templates\/template-application-platform.php","meta":{"publish_to_discourse":"","publish_post_category":"","wpdc_auto_publish_overridden":"","wpdc_topic_tags":"","wpdc_pin_topic":"","wpdc_pin_until":"","discourse_post_id":"","discourse_permalink":"","wpdc_publishing_response":"","wpdc_publishing_error":"","footnotes":""},"class_list":["post-16680","page","type-page","status-publish","hentry"],"yoast_head":"<!-- This site is optimized with the Yoast SEO plugin v25.3.1 - https:\/\/yoast.com\/wordpress\/plugins\/seo\/ -->\n<title>F\u00fcgen Sie Ihrer PrestaShop-Website ein responsives All-in-One-Bewertungs-Widget hinzu<\/title>\n<meta name=\"description\" content=\"Betten Sie ein responsives Bewertungs-Plugin in Ihre PrestaShop-Website ein und gewinnen Sie volles Vertrauen. Nutzen Sie die benutzerfreundliche Demo von Elfsight, um Ihr Add-on zu erstellen.\" \/>\n<meta name=\"robots\" content=\"index, follow, max-snippet:-1, max-image-preview:large, max-video-preview:-1\" \/>\n<link rel=\"canonical\" href=\"https:\/\/elfsight.com\/de\/all-in-one-reviews-widget\/prestashop\/\" \/>\n<meta property=\"og:locale\" content=\"de_DE\" \/>\n<meta property=\"og:type\" content=\"article\" \/>\n<meta property=\"og:title\" content=\"F\u00fcgen Sie Ihrer PrestaShop-Website ein responsives All-in-One-Bewertungs-Widget hinzu\" \/>\n<meta property=\"og:description\" content=\"Betten Sie ein responsives Bewertungs-Plugin in Ihre PrestaShop-Website ein und gewinnen Sie volles Vertrauen. Nutzen Sie die benutzerfreundliche Demo von Elfsight, um Ihr Add-on zu erstellen.\" \/>\n<meta property=\"og:url\" content=\"https:\/\/elfsight.com\/de\/all-in-one-reviews-widget\/prestashop\/\" \/>\n<meta property=\"og:site_name\" content=\"Elfsight DE\" \/>\n<meta property=\"article:modified_time\" content=\"2025-01-13T04:36:48+00:00\" \/>\n<meta name=\"twitter:card\" content=\"summary_large_image\" \/>\n<meta name=\"twitter:label1\" content=\"Gesch\u00e4tzte Lesezeit\" \/>\n\t<meta name=\"twitter:data1\" content=\"3\u00a0Minuten\" \/>\n<!-- \/ Yoast SEO plugin. -->","yoast_head_json":{"title":"F\u00fcgen Sie Ihrer PrestaShop-Website ein responsives All-in-One-Bewertungs-Widget hinzu","description":"Betten Sie ein responsives Bewertungs-Plugin in Ihre PrestaShop-Website ein und gewinnen Sie volles Vertrauen. Nutzen Sie die benutzerfreundliche Demo von Elfsight, um Ihr Add-on zu erstellen.","robots":{"index":"index","follow":"follow","max-snippet":"max-snippet:-1","max-image-preview":"max-image-preview:large","max-video-preview":"max-video-preview:-1"},"canonical":"https:\/\/elfsight.com\/de\/all-in-one-reviews-widget\/prestashop\/","og_locale":"de_DE","og_type":"article","og_title":"F\u00fcgen Sie Ihrer PrestaShop-Website ein responsives All-in-One-Bewertungs-Widget hinzu","og_description":"Betten Sie ein responsives Bewertungs-Plugin in Ihre PrestaShop-Website ein und gewinnen Sie volles Vertrauen. Nutzen Sie die benutzerfreundliche Demo von Elfsight, um Ihr Add-on zu erstellen.","og_url":"https:\/\/elfsight.com\/de\/all-in-one-reviews-widget\/prestashop\/","og_site_name":"Elfsight DE","article_modified_time":"2025-01-13T04:36:48+00:00","twitter_card":"summary_large_image","twitter_misc":{"Gesch\u00e4tzte Lesezeit":"3\u00a0Minuten"},"schema":{"@context":"https:\/\/schema.org","@graph":[{"@type":"WebPage","@id":"https:\/\/elfsight.com\/de\/all-in-one-reviews-widget\/prestashop\/","url":"https:\/\/elfsight.com\/de\/all-in-one-reviews-widget\/prestashop\/","name":"F\u00fcgen Sie Ihrer PrestaShop-Website ein responsives All-in-One-Bewertungs-Widget hinzu","isPartOf":{"@id":"https:\/\/elfsight.com\/de\/#website"},"datePublished":"2024-05-03T06:27:04+00:00","dateModified":"2025-01-13T04:36:48+00:00","description":"Betten Sie ein responsives Bewertungs-Plugin in Ihre PrestaShop-Website ein und gewinnen Sie volles Vertrauen. Nutzen Sie die benutzerfreundliche Demo von Elfsight, um Ihr Add-on zu erstellen.","breadcrumb":{"@id":"https:\/\/elfsight.com\/de\/all-in-one-reviews-widget\/prestashop\/#breadcrumb"},"inLanguage":"de","potentialAction":[{"@type":"ReadAction","target":["https:\/\/elfsight.com\/de\/all-in-one-reviews-widget\/prestashop\/"]}]},{"@type":"BreadcrumbList","@id":"https:\/\/elfsight.com\/de\/all-in-one-reviews-widget\/prestashop\/#breadcrumb","itemListElement":[{"@type":"ListItem","position":1,"name":"Home","item":"https:\/\/elfsight.com\/de\/"},{"@type":"ListItem","position":2,"name":"All-in-One Reviews","item":"https:\/\/elfsight.com\/de\/all-in-one-reviews-widget\/"},{"@type":"ListItem","position":3,"name":"All-in-One Reviews &#8211; PrestaShop"}]},{"@type":"WebSite","@id":"https:\/\/elfsight.com\/de\/#website","url":"https:\/\/elfsight.com\/de\/","name":"Elfsight DE","description":"Just another Elfsight Sites site","potentialAction":[{"@type":"SearchAction","target":{"@type":"EntryPoint","urlTemplate":"https:\/\/elfsight.com\/de\/?s={search_term_string}"},"query-input":{"@type":"PropertyValueSpecification","valueRequired":true,"valueName":"search_term_string"}}],"inLanguage":"de"}]}},"meta_box":{"industry":"","seo_heading":"","heading":"","description":"","cta_heading":"","cta_description":"","application":"517","h1":"PrestaShop All-in-One Reviews-Add-on","h1_caption":"Sammeln und pr\u00e4sentieren Sie Bewertungen von mehreren Plattformen wie Google, Facebook und Yelp in einem einzigen Widget, um m\u00fchelos Vertrauen und Glaubw\u00fcrdigkeit in Ihre Prestashop-Website aufzubauen.","application_category":[],"applications_title":"","applications_request_title":"","applications_request_button_text":"","hero_text":"","hero_video":"","hero_video_schema_markup":"","selling_points_title":"","selling_points_caption":"","selling_points":[],"selling_points_cta_text":"","features_title":"","features":"","ed_cta_examples_text":"","ed_cta_examples_hidden":"","ed_cta_demo_text":"","ed_cta_demo_hidden":"","why_caption":"","why_editor_title":"","why_editor_text":"","why_team_title":"","why_team_text":"","why_service_title":"","why_service_text":"","template_catalog_visible":"0","template_catalog_title":"","template_catalog_text":"","template_catalog_categories_visible":"","demo_title":"Erstellen Sie Ihr All-in-One-Bewertungs-Add-on","demo_caption":"Konfigurieren Sie Ihre All-in-One-Bewertungen und f\u00fcgen Sie sie kostenlos zu Ihrer PrestaShop-Website hinzu!","default_faq_hidden":"","app_template_category":[],"platform":"3811","template_public_id":"","codecanyon_url":"","codecanyon_item_id":"","codecanyon_price":"","pricing_caption":"","pricing_elfsight_apps_hide_column":"","pricing_elfsight_apps_url":"","pricing_codecanyon_price_caption":"","integration_category":[],"integration_request_title":"","integration_request_cta":"","integration_platform":"","integrations":[],"platform_category":[],"video_schema_markup":"","price":"ab 0 $ \/ Monat","trial":"","benefits":[{"text":"Kostenlose Installationshilfe"},{"text":"Premium-Support"},{"text":"14-t\u00e4gige Geld-zur\u00fcck-Garantie"},{"text":"Zuk\u00fcnftige kostenlose Updates"}],"button_url":"#demo","button_target_blank":"0","button_nofollow":"0","attributes":[{"name":"Installiert","content":"100,000 - 500,000"},{"name":"Reaktionsfreudig","content":"Ja"},{"name":"Kompatible Browser","content":"Firefox, Safari, Opera, Chrome, Edge"}],"tags":[],"tags_disable_links":"0","hide_more_platforms":"","video_object":"","demo_hide_cta":"0","demo_hide_cloud_options":"0","pricing_title":"","pricing":[{"pricing_icon":"platform","pricing_title":"Elfsight Apps","pricing_title_caption":"Plattform\u00fcbergreifende L\u00f6sung, die auf jeder Website funktioniert","pricing_price":"ab 0 $ \/ Monat","pricing_price_caption":"Beginnen Sie mit einem kostenlosen Plan","pricing_benefits":[{"text":"Unbegrenzte Domains"},{"text":"Professionelle Unternehmensunterst\u00fctzung"},{"text":"Kostenlose Installationshilfe"},{"text":"Flexibles Design"}],"pricing_button_text":"Zur Website hinzuf\u00fcgen","pricing_button_url":"#demo"}],"related_apps_title":"","related_apps_hidden":"0","author":"","image":[],"title":"","job":"","social_networks":[]},"_links":{"self":[{"href":"https:\/\/elfsight.com\/de\/wp-json\/wp\/v2\/pages\/16680","targetHints":{"allow":["GET"]}}],"collection":[{"href":"https:\/\/elfsight.com\/de\/wp-json\/wp\/v2\/pages"}],"about":[{"href":"https:\/\/elfsight.com\/de\/wp-json\/wp\/v2\/types\/page"}],"author":[{"embeddable":true,"href":"https:\/\/elfsight.com\/de\/wp-json\/wp\/v2\/users\/9"}],"replies":[{"embeddable":true,"href":"https:\/\/elfsight.com\/de\/wp-json\/wp\/v2\/comments?post=16680"}],"version-history":[{"count":3,"href":"https:\/\/elfsight.com\/de\/wp-json\/wp\/v2\/pages\/16680\/revisions"}],"predecessor-version":[{"id":23480,"href":"https:\/\/elfsight.com\/de\/wp-json\/wp\/v2\/pages\/16680\/revisions\/23480"}],"up":[{"embeddable":true,"href":"https:\/\/elfsight.com\/de\/wp-json\/wp\/v2\/pages\/1450"}],"wp:attachment":[{"href":"https:\/\/elfsight.com\/de\/wp-json\/wp\/v2\/media?parent=16680"}],"curies":[{"name":"wp","href":"https:\/\/api.w.org\/{rel}","templated":true}]}}