{"id":16673,"date":"2024-05-03T06:27:01","date_gmt":"2024-05-03T06:27:01","guid":{"rendered":"https:\/\/elfsight.com\/de\/?page_id=16673"},"modified":"2025-01-15T05:36:31","modified_gmt":"2025-01-15T05:36:31","slug":"bigcommerce","status":"publish","type":"page","link":"https:\/\/elfsight.com\/de\/all-in-one-chat-widget\/bigcommerce\/","title":{"rendered":"All-in-One Chat &#8211; BigCommerce"},"content":{"rendered":"\n<div class=\"application-platform-content-item-description application-platform-content-item\" id=\"description\" data-nav-section=\"description\"> <h2>Beschreibung<\/h2> <p>Die Elfsight All-in-One-Chat-App ist eine der bequemsten M\u00f6glichkeiten f\u00fcr Menschen, Sie zu erreichen Antworten auf ihre Fragen erhalten. Bleiben Sie rund um die Uhr in allen beliebten Chats live verf\u00fcgbar. Betten Sie das Widget in Ihre Website ein und es kann auf ausgew\u00e4hlten Seiten oder f\u00fcr separate Besucherkategorien angezeigt werden, w\u00e4hlen Sie Chat-Initiator-Aktivatoren aus, legen Sie Ihren Begr\u00fc\u00dfungstext fest, legen Sie Symbole fest und andere Funktionen. Mit Hilfe des Plugins Active bleiben Sie jederzeit und von jedem Ort aus mit Menschen verbunden. <\/p> <p><b>Alle bekannten Messenger wie Telegram, Viber, Facebook, WhatsApp und mehr in einem f\u00fcr die maximal kompetente und bequeme Interaktion mit Ihren Kunden!<\/b><\/p> <p> <b>Zentralisieren Sie Ihre Kundenanforderungen<\/b><br>Durch die Kombination aller bekannten Kommunikationskan\u00e4le in unserer Chat-Box-App k\u00f6nnen Sie zahlreiche Aufgaben an einem Ort erledigen und so die Kundenzufriedenheit steigern.<\/p><p><b>Hochgradig anpassbares Tool<\/b><br>WhatsApp, Viber, Line, Telegram, Discord, Facebook Messenger \u2013 Sie k\u00f6nnen sie alle zusammen verwenden oder diejenigen ausw\u00e4hlen, die Ihren Anforderungen entsprechen, und ihre Farben anpassen , Gr\u00f6\u00dfe und vieles mehr.<\/b><p><b>Sorgen Sie f\u00fcr eine Konversation in Echtzeit<\/b><br>Durch die Platzierung des Live-Chat-Widgets auf Ihrer Website k\u00f6nnen Sie Ihr Publikum schneller kennenlernen und ihm etwas bieten der klassenf\u00fchrende Dienst und bietet sachkundigere Dienste.<\/b><\/div> <div class=\"application-platform-content-item-features application-platform-content-item\" id=\"features\" data-nav-section=\"features\"> <h2>Hier finden Sie die wesentlichen Funktionen der App: <\/h2> <ul><li>Alle einbetten -in-One-Chat-Messenger auf Ihrer Website, um Gespr\u00e4che mit Benutzern zu f\u00fchren. <\/li><li>3 Varianten der Chat-Position: schwebende Blase, eingebettete Blase und eingebettetes Chat-Fenster. <\/li><li>Eine Sammlung von Blasensymbolen, aus denen Sie ausw\u00e4hlen k\u00f6nnen. <\/li><li>Formbarer Chat-Header mit Seitenbild, Name und Untertitel.<\/li><li>Seitenbild als Standard festlegen, aus unserer Bibliothek oder ein benutzerdefiniertes Bild hochladen. <\/li><\/ul><p><a href=\"#demo\">Mit Hilfe der Demo k\u00f6nnen Sie sp\u00fcren, was das Widget wert ist<\/a><\/p> <\/div> <div class=\"application-platform-content-item-installation application-platform-content-item\" id=\"installation\" data-nav-section=\"installation\"> <h2>Wie kann ich Live-Chat zu meiner BigCommerce-Site hinzuf\u00fcgen?<\/h2> <div class=\"video-container\"><iframe width=\"560\" height=\"315\" src=\"https:\/\/www.youtube.com\/embed\/VvtQGguqPJE?si=yJnhhzOh0y-epZlv\" frameborder=\"0\" allow=\"accelerometer; autoplay; clipboard-write; encrypted-media; gyroscope; picture-in-picture; web-share\" allowfullscreen><\/iframe><\/div><p>Befolgen Sie einfach die nachstehenden Anweisungen, um mit der Verwendung des Widgets zu beginnen. <\/p> <ol><li><b>Verwalten Sie unseren kostenlosen Konfigurator und beginnen Sie mit der Gestaltung Ihres individuellen Widgets.<\/b><br> Finden Sie das ausgew\u00e4hlte Design und die Funktionalit\u00e4t des Widgets und speichern Sie alle Korrekturen.<\/li> <li><b>Erhalten Sie Ihren individuellen Code, der im Fenster von Elfsight Apps angezeigt wird.<\/b><br> Sobald die Erstellung Ihres pers\u00f6nlichen Widgets abgeschlossen ist, kopieren Sie den pers\u00f6nlichen Code im angezeigten Popup und speichern Sie ihn f\u00fcr sp\u00e4ter Gelegenheit. <\/li> <li><b>Erste Schritte mit der Verwendung des Widgets auf der BigCommerce-Webseite. <\/b><br> F\u00fcgen Sie den Code, den Sie k\u00fcrzlich kopiert haben, in Ihre Website ein und speichern Sie die Verbesserungen.<\/li> <li><b>Fertig! Die Integration ist vollst\u00e4ndig abgeschlossen.<\/b><br> Besuchen Sie Ihre Website, um zu sehen, wie das Widget funktioniert.<\/li><\/ol><p>Wenn Sie auf Probleme sto\u00dfen, wenden Sie sich bitte an unsere Support-Mitarbeiter. Unsere Mitarbeiter helfen Ihnen gerne bei allen Fragen, die Sie m\u00f6glicherweise mit dem Tool haben.<\/p> <div class=\"faq\" data-component=\"FAQ\"><div class=\"faq-item\">\r\n\t\t\t\t\t<div class=\"faq-item-question\">\r\n\t\t\t\t\t\t<h3 class=\"faq-item-question-text\">Wie kann ich All-in-One-Chat ohne Programmierkenntnisse zu meiner BigCommerce-Website hinzuf\u00fcgen?<\/h3>\r\n\r\n\t\t\t\t\t\t<div class=\"faq-item-question-icon\"><\/div>\r\n\t\t\t\t\t<\/div>\r\n\r\n\t\t\t\t\t<div class=\"faq-item-answer\">\r\n\t\t\t\t\t\t<div class=\"faq-item-answer-text\"> <p>Elfsight bietet eine SaaS-L\u00f6sung, mit der Sie selbst ein All-in-One-Chat-Widget erstellen k\u00f6nnen. Sehen Sie, wie einfach der Vorgang ist: Arbeiten Sie direkt im Online-Editor, um ein All-in-One-Chat-Widget zu erstellen, das Sie gerne sehen w\u00fcrden auf Ihrer BigCommerce-Website. W\u00e4hlen Sie eine der vorgefertigten Vorlagen aus und passen Sie die All-in-One-Chat-Einstellungen an, f\u00fcgen Sie Ihre Inhalte hinzu, \u00e4ndern Sie das Layout und die Farben ohne Programmierkenntnisse. Speichern Sie den All-in-One-Chat und kopieren Sie seinen Installationscode, den Sie problemlos in Ihre BigCommerce-Website einbetten k\u00f6nnen, ohne eine kostenpflichtige Version kaufen zu m\u00fcssen. Mit unserem intuitiven Editor kann jeder Internetnutzer online ein All-in-One-Chat-Widget erstellen und es einfach in seine BigCommerce-Website einbetten. Sie m\u00fcssen weder bezahlen noch Ihre Kartendaten eingeben, um auf den Service zuzugreifen. Sollten bei irgendeinem Schritt Probleme auftreten, wenden Sie sich bitte an unser technisches Support-Team.<\/p><\/div>\r\n\t\t\t\t\t<\/div>\r\n\t\t\t\t<\/div><\/div><\/div>\n","protected":false},"excerpt":{"rendered":"","protected":false},"author":9,"featured_media":0,"parent":1238,"menu_order":0,"comment_status":"closed","ping_status":"closed","template":"templates\/template-application-platform.php","meta":{"publish_to_discourse":"","publish_post_category":"","wpdc_auto_publish_overridden":"","wpdc_topic_tags":"","wpdc_pin_topic":"","wpdc_pin_until":"","discourse_post_id":"","discourse_permalink":"","wpdc_publishing_response":"","wpdc_publishing_error":"","footnotes":""},"class_list":["post-16673","page","type-page","status-publish","hentry"],"yoast_head":"<!-- This site is optimized with the Yoast SEO plugin v25.3.1 - https:\/\/yoast.com\/wordpress\/plugins\/seo\/ -->\n<title>Live-Chat \u2013 Online-Chatbox-Widget f\u00fcr BigCommerce-Websites [2025]<\/title>\n<meta name=\"description\" content=\"Betten Sie Ihr All-in-One-Live-Chat-Box-Widget in wenigen Minuten auf der BigCommerce-Homepage ein. Nutzen Sie unsere praktische Demo, um Ihr einzigartiges Widget einfach und ohne Programmieraufwand zu gestalten.\" \/>\n<meta name=\"robots\" content=\"index, follow, max-snippet:-1, max-image-preview:large, max-video-preview:-1\" \/>\n<link rel=\"canonical\" href=\"https:\/\/elfsight.com\/de\/all-in-one-chat-widget\/bigcommerce\/\" \/>\n<meta property=\"og:locale\" content=\"de_DE\" \/>\n<meta property=\"og:type\" content=\"article\" \/>\n<meta property=\"og:title\" content=\"Live-Chat \u2013 Online-Chatbox-Widget f\u00fcr BigCommerce-Websites [2025]\" \/>\n<meta property=\"og:description\" content=\"Betten Sie Ihr All-in-One-Live-Chat-Box-Widget in wenigen Minuten auf der BigCommerce-Homepage ein. Nutzen Sie unsere praktische Demo, um Ihr einzigartiges Widget einfach und ohne Programmieraufwand zu gestalten.\" \/>\n<meta property=\"og:url\" content=\"https:\/\/elfsight.com\/de\/all-in-one-chat-widget\/bigcommerce\/\" \/>\n<meta property=\"og:site_name\" content=\"Elfsight DE\" \/>\n<meta property=\"article:modified_time\" content=\"2025-01-15T05:36:31+00:00\" \/>\n<meta name=\"twitter:card\" content=\"summary_large_image\" \/>\n<meta name=\"twitter:label1\" content=\"Gesch\u00e4tzte Lesezeit\" \/>\n\t<meta name=\"twitter:data1\" content=\"4\u00a0Minuten\" \/>\n<!-- \/ Yoast SEO plugin. -->","yoast_head_json":{"title":"Live-Chat \u2013 Online-Chatbox-Widget f\u00fcr BigCommerce-Websites [2025]","description":"Betten Sie Ihr All-in-One-Live-Chat-Box-Widget in wenigen Minuten auf der BigCommerce-Homepage ein. Nutzen Sie unsere praktische Demo, um Ihr einzigartiges Widget einfach und ohne Programmieraufwand zu gestalten.","robots":{"index":"index","follow":"follow","max-snippet":"max-snippet:-1","max-image-preview":"max-image-preview:large","max-video-preview":"max-video-preview:-1"},"canonical":"https:\/\/elfsight.com\/de\/all-in-one-chat-widget\/bigcommerce\/","og_locale":"de_DE","og_type":"article","og_title":"Live-Chat \u2013 Online-Chatbox-Widget f\u00fcr BigCommerce-Websites [2025]","og_description":"Betten Sie Ihr All-in-One-Live-Chat-Box-Widget in wenigen Minuten auf der BigCommerce-Homepage ein. Nutzen Sie unsere praktische Demo, um Ihr einzigartiges Widget einfach und ohne Programmieraufwand zu gestalten.","og_url":"https:\/\/elfsight.com\/de\/all-in-one-chat-widget\/bigcommerce\/","og_site_name":"Elfsight DE","article_modified_time":"2025-01-15T05:36:31+00:00","twitter_card":"summary_large_image","twitter_misc":{"Gesch\u00e4tzte Lesezeit":"4\u00a0Minuten"},"schema":{"@context":"https:\/\/schema.org","@graph":[{"@type":"WebPage","@id":"https:\/\/elfsight.com\/de\/all-in-one-chat-widget\/bigcommerce\/","url":"https:\/\/elfsight.com\/de\/all-in-one-chat-widget\/bigcommerce\/","name":"Live-Chat \u2013 Online-Chatbox-Widget f\u00fcr BigCommerce-Websites [2025]","isPartOf":{"@id":"https:\/\/elfsight.com\/de\/#website"},"datePublished":"2024-05-03T06:27:01+00:00","dateModified":"2025-01-15T05:36:31+00:00","description":"Betten Sie Ihr All-in-One-Live-Chat-Box-Widget in wenigen Minuten auf der BigCommerce-Homepage ein. Nutzen Sie unsere praktische Demo, um Ihr einzigartiges Widget einfach und ohne Programmieraufwand zu gestalten.","breadcrumb":{"@id":"https:\/\/elfsight.com\/de\/all-in-one-chat-widget\/bigcommerce\/#breadcrumb"},"inLanguage":"de","potentialAction":[{"@type":"ReadAction","target":["https:\/\/elfsight.com\/de\/all-in-one-chat-widget\/bigcommerce\/"]}]},{"@type":"BreadcrumbList","@id":"https:\/\/elfsight.com\/de\/all-in-one-chat-widget\/bigcommerce\/#breadcrumb","itemListElement":[{"@type":"ListItem","position":1,"name":"Home","item":"https:\/\/elfsight.com\/de\/"},{"@type":"ListItem","position":2,"name":"All-in-One Chat","item":"https:\/\/elfsight.com\/de\/all-in-one-chat-widget\/"},{"@type":"ListItem","position":3,"name":"All-in-One Chat &#8211; BigCommerce"}]},{"@type":"WebSite","@id":"https:\/\/elfsight.com\/de\/#website","url":"https:\/\/elfsight.com\/de\/","name":"Elfsight DE","description":"Just another Elfsight Sites site","potentialAction":[{"@type":"SearchAction","target":{"@type":"EntryPoint","urlTemplate":"https:\/\/elfsight.com\/de\/?s={search_term_string}"},"query-input":{"@type":"PropertyValueSpecification","valueRequired":true,"valueName":"search_term_string"}}],"inLanguage":"de"}]}},"meta_box":{"industry":"","seo_heading":"","heading":"","description":"","cta_heading":"","cta_description":"","application":"510","h1":"BigCommerce Live-Chat-Widget","h1_caption":"Bieten Sie Ihren Kunden die M\u00f6glichkeit, Sie m\u00fchelos \u00fcber eine App auf mehreren Messaging-Plattformen wie WhatsApp, Facebook, Telegram und mehr auf Ihrer BigCommerce-Website zu erreichen.","application_category":[],"applications_title":"","applications_request_title":"","applications_request_button_text":"","hero_text":"","hero_video":"","hero_video_schema_markup":"","selling_points_title":"","selling_points_caption":"","selling_points":[],"selling_points_cta_text":"","features_title":"","features":"","ed_cta_examples_text":"","ed_cta_examples_hidden":"","ed_cta_demo_text":"","ed_cta_demo_hidden":"","why_caption":"","why_editor_title":"","why_editor_text":"","why_team_title":"","why_team_text":"","why_service_title":"","why_service_text":"","template_catalog_visible":"0","template_catalog_title":"","template_catalog_text":"","template_catalog_categories_visible":"","demo_title":"Erstellen Sie Ihre All-in-One-Chat-App","demo_caption":"Konfigurieren Sie Ihren All-in-One-Chat und f\u00fcgen Sie ihn kostenlos zu Ihrer BigCommerce-Website hinzu!","default_faq_hidden":"","app_template_category":[],"platform":"268","template_public_id":"","codecanyon_url":"","codecanyon_item_id":"","codecanyon_price":"","pricing_caption":"","pricing_elfsight_apps_hide_column":"","pricing_elfsight_apps_url":"","pricing_codecanyon_price_caption":"","integration_category":[],"integration_request_title":"","integration_request_cta":"","integration_platform":"","integrations":[],"platform_category":[],"video_schema_markup":"","price":"ab 0 $ \/ Monat","trial":"","benefits":[{"text":"Erfahrener Kundensupport"},{"text":"Premium-Support"},{"text":"14-t\u00e4gige Geld-zur\u00fcck-Garantie"},{"text":"Fortlaufende Entwicklung"}],"button_url":"#demo","button_target_blank":"0","button_nofollow":"0","attributes":[{"name":"Installiert","content":"100,000 - 500,000"},{"name":"Reaktionsfreudig","content":"Ja"},{"name":"Kompatible Browser","content":"Firefox, Safari, Opera, Chrome, Edge"}],"tags":[],"tags_disable_links":"0","hide_more_platforms":"","video_object":"","demo_hide_cta":"0","demo_hide_cloud_options":"0","pricing_title":"","pricing":[{"pricing_icon":"platform","pricing_title":"Elfsight Apps","pricing_title_caption":"Plattform\u00fcbergreifende Version","pricing_price":"ab 0 $ \/ Monat","pricing_price_caption":"Beginnen Sie mit einem kostenlosen Plan","pricing_benefits":[{"text":"Unbegrenzte Websites"},{"text":"Support rund um die Uhr"},{"text":"Kostenlose Installationshilfe"},{"text":"100 % anpassbar"}],"pricing_button_text":"Zur Website hinzuf\u00fcgen","pricing_button_url":"#demo"}],"related_apps_title":"","related_apps_hidden":"0","author":"","image":[],"title":"","job":"","social_networks":[]},"_links":{"self":[{"href":"https:\/\/elfsight.com\/de\/wp-json\/wp\/v2\/pages\/16673","targetHints":{"allow":["GET"]}}],"collection":[{"href":"https:\/\/elfsight.com\/de\/wp-json\/wp\/v2\/pages"}],"about":[{"href":"https:\/\/elfsight.com\/de\/wp-json\/wp\/v2\/types\/page"}],"author":[{"embeddable":true,"href":"https:\/\/elfsight.com\/de\/wp-json\/wp\/v2\/users\/9"}],"replies":[{"embeddable":true,"href":"https:\/\/elfsight.com\/de\/wp-json\/wp\/v2\/comments?post=16673"}],"version-history":[{"count":3,"href":"https:\/\/elfsight.com\/de\/wp-json\/wp\/v2\/pages\/16673\/revisions"}],"predecessor-version":[{"id":23711,"href":"https:\/\/elfsight.com\/de\/wp-json\/wp\/v2\/pages\/16673\/revisions\/23711"}],"up":[{"embeddable":true,"href":"https:\/\/elfsight.com\/de\/wp-json\/wp\/v2\/pages\/1238"}],"wp:attachment":[{"href":"https:\/\/elfsight.com\/de\/wp-json\/wp\/v2\/media?parent=16673"}],"curies":[{"name":"wp","href":"https:\/\/api.w.org\/{rel}","templated":true}]}}