{"id":16672,"date":"2024-05-03T06:27:00","date_gmt":"2024-05-03T06:27:00","guid":{"rendered":"https:\/\/elfsight.com\/de\/?page_id=16672"},"modified":"2025-01-15T05:39:08","modified_gmt":"2025-01-15T05:39:08","slug":"blogger","status":"publish","type":"page","link":"https:\/\/elfsight.com\/de\/all-in-one-chat-widget\/blogger\/","title":{"rendered":"All-in-One Chat &#8211; Blogger"},"content":{"rendered":"\n<div class=\"application-platform-content-item-description application-platform-content-item\" id=\"description\" data-nav-section=\"description\"> <h2>Beschreibung<\/h2> <p>Die All-in-One-Chatbox von Elfsight ist eine der schnellsten M\u00f6glichkeiten f\u00fcr Website-Besucher, Sie anzusprechen ihre Fragen kl\u00e4ren lassen. Sie bleiben in allen g\u00e4ngigen Messengern online verf\u00fcgbar. Integrieren Sie das Tool in Ihre Website und es kann auf bestimmten Seiten oder f\u00fcr bestimmte Zielgruppenkategorien aktiviert werden, w\u00e4hlen Sie Chat-Startaktivatoren aus, erstellen Sie Ihre eigene Willkommensnachricht, legen Sie Symbole fest und andere Funktionen. Wenn Sie das Plugin installiert und ausgef\u00fchrt haben, bleiben Sie jederzeit und von \u00fcberall aus mit anderen in Kontakt. <\/p> <p><b>Erhalten Sie mehr Leads durch pers\u00f6nliche Kontaktaufnahme<\/b><\/p> <\/div> <div class=\"application-platform-content-item-features application-platform-content-item\" id=\"features\" data-nav-section=\"features\"> <h2>Hier finden Sie die grundlegenden Funktionen des Widgets: <\/h2> <ul><li>Betten Sie den All-in-One-Chatbox-Messenger in Ihre Website ein, um Gespr\u00e4che mit Benutzern zu f\u00fchren. <\/li><li>Drei Varianten der Chat-Position: schwebende Blase, eingebettete Blase und eingebettetes Chat-Fenster. <\/li><li>Eine Bibliothek mit Blasensymbolen zur Auswahl. <\/li><li>Flexibler Chat-Header mit Seitenbild, Name und Untertitel.<\/li><li>Sie k\u00f6nnen das Seitenbild standardm\u00e4\u00dfig aus der Sammlung ausw\u00e4hlen oder Ihr eigenes Bild hochladen. <\/li><\/ul><p><a href=\"#demo\">Sie k\u00f6nnen jetzt alle Funktionen des Widgets in der Demo erkunden<\/a><\/p> <\/div> <div class=\"application-platform-content-item-Installation application-platform-content-item\" id=\"Installation\" data-nav-section=\"Installation\"> <h2>Wie bette ich das Live-Chat-Widget in meine Blogger-Website ein?<\/h2> <div class=\"video-container\"><iframe width=\"560\" height=\"315\" src=\"https:\/\/www.youtube.com\/embed\/HtA--9mip_g?si=a7NqIQV3G1xYGGI-\" frameborder=\"0\" allow=\"accelerometer; autoplay; clipboard-write; encrypted-media; gyroscope; picture-in-picture; web-share\" allowfullscreen><\/iframe><\/div><p>Befolgen Sie einfach die nachstehenden Anweisungen, um das Tool hinzuzuf\u00fcgen.<\/p> <ol><li><b>Nutzen Sie unseren kostenlosen Konfigurator und beginnen Sie mit der Gestaltung Ihres eigenen Instruments. <\/b><br> Finden Sie die bevorzugte Form und Funktionalit\u00e4t des Plugins und wenden Sie die Korrekturen an. <\/li> <li><b>Sie erhalten Ihren individuellen Code, der im Feld von Elfsight Apps angezeigt wird. <\/b><br> Sobald die Einrichtung Ihres Plugins abgeschlossen ist, kopieren Sie den pers\u00f6nlichen Code aus dem erscheinenden Popup und bewahren Sie ihn f\u00fcr die zuk\u00fcnftige Verwendung auf. <\/li> <li><b>Erste Schritte mit der Verwendung des Tools auf der Blogger-Website. <\/b><br> Geben Sie den Code, den Sie zuvor kopiert haben, auf Ihrer Homepage ein und \u00fcbernehmen Sie die Korrekturen. <\/li> <li><b>Die Installation ist vollst\u00e4ndig beendet. <\/b><br> Besuchen Sie Ihre Website, um die Leistung des Tools zu beobachten. <\/li><\/ol> <p>Wenn Sie Fragen haben oder auf Schwierigkeiten sto\u00dfen, schreiben Sie bitte an unser Kundendienstteam. Unsere Berater helfen Ihnen gerne bei allen Fragen rund um das Widget weiter. <\/p> <div class=\"faq\" data-component=\"FAQ\"><div class=\"faq-item\">\r\n\t\t\t\t\t<div class=\"faq-item-question\">\r\n\t\t\t\t\t\t<h3 class=\"faq-item-question-text\">Wie f\u00fcge ich All-in-One-Chat ohne Programmierkenntnisse zu meiner Blogger-Website hinzu?<\/h3>\r\n\r\n\t\t\t\t\t\t<div class=\"faq-item-question-icon\"><\/div>\r\n\t\t\t\t\t<\/div>\r\n\r\n\t\t\t\t\t<div class=\"faq-item-answer\">\r\n\t\t\t\t\t\t<div class=\"faq-item-answer-text\"><p>Elfsight bietet eine SaaS-L\u00f6sung, mit der Sie einen All-in-One-Chat erstellen k\u00f6nnen Wenn Sie das Widget selbst erstellen, sehen Sie, wie einfach der Vorgang ist: Erstellen Sie direkt im Online-Editor ein All-in-One-Chat-Widget, das Sie gerne auf Ihrer Blogger-Website sehen m\u00f6chten. W\u00e4hlen Sie eine der vorgefertigten Vorlagen aus und passen Sie die All-in-One-Chat-Einstellungen an, f\u00fcgen Sie Ihre Inhalte hinzu, \u00e4ndern Sie das Layout und die Farben ohne Programmierkenntnisse. Speichern Sie den All-in-One-Chat und kopieren Sie seinen Installationscode, den Sie problemlos in Ihre Blogger-Website einbetten k\u00f6nnen, ohne eine kostenpflichtige Version kaufen zu m\u00fcssen. Mit unserem intuitiven Editor kann jeder Internetnutzer online ein All-in-One-Chat-Widget erstellen und es einfach in seine Blogger-Website einbetten. Sie m\u00fcssen weder bezahlen noch Ihre Kartendaten eingeben, um auf den Service zuzugreifen. Sollten bei irgendeinem Schritt Probleme auftreten, wenden Sie sich bitte an unser technisches Support-Team.<\/p><\/div>\r\n\t\t\t\t\t<\/div>\r\n\t\t\t\t<\/div><\/div><\/div>\n","protected":false},"excerpt":{"rendered":"","protected":false},"author":9,"featured_media":0,"parent":1238,"menu_order":0,"comment_status":"closed","ping_status":"closed","template":"templates\/template-application-platform.php","meta":{"publish_to_discourse":"","publish_post_category":"","wpdc_auto_publish_overridden":"","wpdc_topic_tags":"","wpdc_pin_topic":"","wpdc_pin_until":"","discourse_post_id":"","discourse_permalink":"","wpdc_publishing_response":"","wpdc_publishing_error":"","footnotes":""},"class_list":["post-16672","page","type-page","status-publish","hentry"],"yoast_head":"<!-- This site is optimized with the Yoast SEO plugin v25.3.1 - https:\/\/yoast.com\/wordpress\/plugins\/seo\/ -->\n<title>Live-Chat \u2013 Chatbox-Widget zu Blogger-Websites hinzuf\u00fcgen (kostenlos und einfach)<\/title>\n<meta name=\"description\" content=\"Betten Sie Ihr All-in-One-Live-Chat-Box-Widget mit wenigen Klicks auf der Blogger-Website ein. Nutzen Sie unsere aktive Demo, um schnell Ihr einzigartiges Plugin zu erstellen.\" \/>\n<meta name=\"robots\" content=\"index, follow, max-snippet:-1, max-image-preview:large, max-video-preview:-1\" \/>\n<link rel=\"canonical\" href=\"https:\/\/elfsight.com\/de\/all-in-one-chat-widget\/blogger\/\" \/>\n<meta property=\"og:locale\" content=\"de_DE\" \/>\n<meta property=\"og:type\" content=\"article\" \/>\n<meta property=\"og:title\" content=\"Live-Chat \u2013 Chatbox-Widget zu Blogger-Websites hinzuf\u00fcgen (kostenlos und einfach)\" \/>\n<meta property=\"og:description\" content=\"Betten Sie Ihr All-in-One-Live-Chat-Box-Widget mit wenigen Klicks auf der Blogger-Website ein. Nutzen Sie unsere aktive Demo, um schnell Ihr einzigartiges Plugin zu erstellen.\" \/>\n<meta property=\"og:url\" content=\"https:\/\/elfsight.com\/de\/all-in-one-chat-widget\/blogger\/\" \/>\n<meta property=\"og:site_name\" content=\"Elfsight DE\" \/>\n<meta property=\"article:modified_time\" content=\"2025-01-15T05:39:08+00:00\" \/>\n<meta name=\"twitter:card\" content=\"summary_large_image\" \/>\n<meta name=\"twitter:label1\" content=\"Gesch\u00e4tzte Lesezeit\" \/>\n\t<meta name=\"twitter:data1\" content=\"3\u00a0Minuten\" \/>\n<!-- \/ Yoast SEO plugin. -->","yoast_head_json":{"title":"Live-Chat \u2013 Chatbox-Widget zu Blogger-Websites hinzuf\u00fcgen (kostenlos und einfach)","description":"Betten Sie Ihr All-in-One-Live-Chat-Box-Widget mit wenigen Klicks auf der Blogger-Website ein. Nutzen Sie unsere aktive Demo, um schnell Ihr einzigartiges Plugin zu erstellen.","robots":{"index":"index","follow":"follow","max-snippet":"max-snippet:-1","max-image-preview":"max-image-preview:large","max-video-preview":"max-video-preview:-1"},"canonical":"https:\/\/elfsight.com\/de\/all-in-one-chat-widget\/blogger\/","og_locale":"de_DE","og_type":"article","og_title":"Live-Chat \u2013 Chatbox-Widget zu Blogger-Websites hinzuf\u00fcgen (kostenlos und einfach)","og_description":"Betten Sie Ihr All-in-One-Live-Chat-Box-Widget mit wenigen Klicks auf der Blogger-Website ein. Nutzen Sie unsere aktive Demo, um schnell Ihr einzigartiges Plugin zu erstellen.","og_url":"https:\/\/elfsight.com\/de\/all-in-one-chat-widget\/blogger\/","og_site_name":"Elfsight DE","article_modified_time":"2025-01-15T05:39:08+00:00","twitter_card":"summary_large_image","twitter_misc":{"Gesch\u00e4tzte Lesezeit":"3\u00a0Minuten"},"schema":{"@context":"https:\/\/schema.org","@graph":[{"@type":"WebPage","@id":"https:\/\/elfsight.com\/de\/all-in-one-chat-widget\/blogger\/","url":"https:\/\/elfsight.com\/de\/all-in-one-chat-widget\/blogger\/","name":"Live-Chat \u2013 Chatbox-Widget zu Blogger-Websites hinzuf\u00fcgen (kostenlos und einfach)","isPartOf":{"@id":"https:\/\/elfsight.com\/de\/#website"},"datePublished":"2024-05-03T06:27:00+00:00","dateModified":"2025-01-15T05:39:08+00:00","description":"Betten Sie Ihr All-in-One-Live-Chat-Box-Widget mit wenigen Klicks auf der Blogger-Website ein. Nutzen Sie unsere aktive Demo, um schnell Ihr einzigartiges Plugin zu erstellen.","breadcrumb":{"@id":"https:\/\/elfsight.com\/de\/all-in-one-chat-widget\/blogger\/#breadcrumb"},"inLanguage":"de","potentialAction":[{"@type":"ReadAction","target":["https:\/\/elfsight.com\/de\/all-in-one-chat-widget\/blogger\/"]}]},{"@type":"BreadcrumbList","@id":"https:\/\/elfsight.com\/de\/all-in-one-chat-widget\/blogger\/#breadcrumb","itemListElement":[{"@type":"ListItem","position":1,"name":"Home","item":"https:\/\/elfsight.com\/de\/"},{"@type":"ListItem","position":2,"name":"All-in-One Chat","item":"https:\/\/elfsight.com\/de\/all-in-one-chat-widget\/"},{"@type":"ListItem","position":3,"name":"All-in-One Chat &#8211; Blogger"}]},{"@type":"WebSite","@id":"https:\/\/elfsight.com\/de\/#website","url":"https:\/\/elfsight.com\/de\/","name":"Elfsight DE","description":"Just another Elfsight Sites site","potentialAction":[{"@type":"SearchAction","target":{"@type":"EntryPoint","urlTemplate":"https:\/\/elfsight.com\/de\/?s={search_term_string}"},"query-input":{"@type":"PropertyValueSpecification","valueRequired":true,"valueName":"search_term_string"}}],"inLanguage":"de"}]}},"meta_box":{"industry":"","seo_heading":"","heading":"","description":"","cta_heading":"","cta_description":"","application":"510","h1":"Blogger-Live-Chat-Widget","h1_caption":"Bieten Sie Ihren Kunden die M\u00f6glichkeit, Sie m\u00fchelos \u00fcber ein Widget auf Ihrer Blogger-Website auf mehreren Messaging-Plattformen wie WhatsApp, Facebook, Telegram und mehr zu erreichen.","application_category":[],"applications_title":"","applications_request_title":"","applications_request_button_text":"","hero_text":"","hero_video":"","hero_video_schema_markup":"","selling_points_title":"","selling_points_caption":"","selling_points":[],"selling_points_cta_text":"","features_title":"","features":"","ed_cta_examples_text":"","ed_cta_examples_hidden":"","ed_cta_demo_text":"","ed_cta_demo_hidden":"","why_caption":"","why_editor_title":"","why_editor_text":"","why_team_title":"","why_team_text":"","why_service_title":"","why_service_text":"","template_catalog_visible":"0","template_catalog_title":"","template_catalog_text":"","template_catalog_categories_visible":"","demo_title":"Erstellen Sie Ihr All-in-One-Chat-Widget","demo_caption":"Konfigurieren Sie Ihren All-in-One-Chat und f\u00fcgen Sie ihn kostenlos zu Ihrer Blogger-Website hinzu!","default_faq_hidden":"","app_template_category":[],"platform":"262","template_public_id":"","codecanyon_url":"","codecanyon_item_id":"","codecanyon_price":"","pricing_caption":"","pricing_elfsight_apps_hide_column":"","pricing_elfsight_apps_url":"","pricing_codecanyon_price_caption":"","integration_category":[],"integration_request_title":"","integration_request_cta":"","integration_platform":"","integrations":[],"platform_category":[],"video_schema_markup":"","price":"ab 0 $ \/ Monat","trial":"","benefits":[{"text":"Kostenlose Installationshilfe"},{"text":"Kompetenter Kundenservice"},{"text":"14-t\u00e4gige R\u00fcckerstattungsgarantie"},{"text":"Kontinuierliche Updates"}],"button_url":"#demo","button_target_blank":"0","button_nofollow":"0","attributes":[{"name":"Installiert","content":"100,000 - 500,000"},{"name":"Reaktionsfreudig","content":"Ja"},{"name":"Kompatible Browser","content":"Firefox, Safari, Opera, Chrome, Edge"}],"tags":[],"tags_disable_links":"0","hide_more_platforms":"","video_object":"","demo_hide_cta":"0","demo_hide_cloud_options":"0","pricing_title":"","pricing":[{"pricing_icon":"platform","pricing_title":"Elfsight Apps","pricing_title_caption":"Multiplattform-Version","pricing_price":"ab 0 $ \/ Monat","pricing_price_caption":"Beginnen Sie ab 0 $\/Monat mit einem kostenlosen Plan","pricing_benefits":[{"text":"Unbegrenzte Websites"},{"text":"Kostenloser Unternehmenssupport und gut dokumentiert"},{"text":"Kostenlose Installationsunterst\u00fctzung"},{"text":"Vollst\u00e4ndig anpassbar"}],"pricing_button_text":"Zur Website hinzuf\u00fcgen","pricing_button_url":"#demo"}],"related_apps_title":"","related_apps_hidden":"0","author":"","image":[],"title":"","job":"","social_networks":[]},"_links":{"self":[{"href":"https:\/\/elfsight.com\/de\/wp-json\/wp\/v2\/pages\/16672","targetHints":{"allow":["GET"]}}],"collection":[{"href":"https:\/\/elfsight.com\/de\/wp-json\/wp\/v2\/pages"}],"about":[{"href":"https:\/\/elfsight.com\/de\/wp-json\/wp\/v2\/types\/page"}],"author":[{"embeddable":true,"href":"https:\/\/elfsight.com\/de\/wp-json\/wp\/v2\/users\/9"}],"replies":[{"embeddable":true,"href":"https:\/\/elfsight.com\/de\/wp-json\/wp\/v2\/comments?post=16672"}],"version-history":[{"count":3,"href":"https:\/\/elfsight.com\/de\/wp-json\/wp\/v2\/pages\/16672\/revisions"}],"predecessor-version":[{"id":23712,"href":"https:\/\/elfsight.com\/de\/wp-json\/wp\/v2\/pages\/16672\/revisions\/23712"}],"up":[{"embeddable":true,"href":"https:\/\/elfsight.com\/de\/wp-json\/wp\/v2\/pages\/1238"}],"wp:attachment":[{"href":"https:\/\/elfsight.com\/de\/wp-json\/wp\/v2\/media?parent=16672"}],"curies":[{"name":"wp","href":"https:\/\/api.w.org\/{rel}","templated":true}]}}