{"id":16671,"date":"2024-05-03T06:26:59","date_gmt":"2024-05-03T06:26:59","guid":{"rendered":"https:\/\/elfsight.com\/de\/?page_id=16671"},"modified":"2025-01-15T05:41:18","modified_gmt":"2025-01-15T05:41:18","slug":"drupal","status":"publish","type":"page","link":"https:\/\/elfsight.com\/de\/all-in-one-chat-widget\/drupal\/","title":{"rendered":"All-in-One Chat &#8211; Drupal"},"content":{"rendered":"\n<div class=\"application-platform-content-item-description application-platform-content-item\" id=\"description\" data-nav-section=\"description\"> <h2>Beschreibung<\/h2> <p>All-in-One Chat von Elfsight ist eine der praktischsten M\u00f6glichkeiten f\u00fcr Leute, Sie anzusprechen und zu erreichen ihre Fragen beantwortet. Bleiben Sie in allen am h\u00e4ufigsten genutzten Chats online verf\u00fcgbar. Integrieren Sie das Modul auf Ihrer Seite und es kann auf bestimmten Seiten oder f\u00fcr separate Besuchergruppen erscheinen, Chat-initiierende Aktivatoren zuweisen, Ihren eigenen Begr\u00fc\u00dfungstext schreiben, Symbole ausw\u00e4hlen und vieles mehr. Mit Hilfe des Widgets bleiben Sie jederzeit und von jedem Ort aus mit Menschen verbunden. <\/p> <p><b>Alle bekanntesten Messenger wie Facebook, Telegram, WhatsApp, Viber und viele mehr in einem f\u00fcr die kompetenteste und bequemste Interaktion mit Kunden!<\/b><\/p> <p><b>Zentralisieren Sie Ihre Kundenanfragen<\/b><br>Durch die Zusammenf\u00fchrung aller bekannten Kommunikationskan\u00e4le in unserem Chatbox-Modul erhalten Sie die M\u00f6glichkeit, mehrere Aufgaben an einem Ort zu l\u00f6sen und so die Kundenzufriedenheit zu steigern.<\/p><p><b>Sehr personalisierbares Tool<\/b><br>Discord, Facebook Messenger, WhatsApp, Telegram, Line, Viber \u2013 Sie k\u00f6nnen sie gerne alle auf einmal verwenden oder diejenigen ausw\u00e4hlen, die Ihren Anforderungen entsprechen, und sie \u00e4ndern Farben, Gr\u00f6\u00dfe und vieles mehr.<\/p><p><b>Erm\u00f6glichen Sie eine Konversation in Echtzeit<\/b><br>Durch die Platzierung des Live-Chat-Plugins auf Ihrer Website lernen Sie Ihre Besucher schneller kennen ihnen den branchenf\u00fchrenden Service und das Angebot gezielterer Services.<\/p><div class=\"faq\" data-component=\"FAQ\"><div class=\"faq-item\">\r\n\t\t\t\t\t<div class=\"faq-item-question\">\r\n\t\t\t\t\t\t<h3 class=\"faq-item-question-text\">Wie f\u00fcge ich die All-in-One-Chat-Box zu einer Drupal-Seite hinzu?<\/h3>\r\n\r\n\t\t\t\t\t\t<div class=\"faq-item-question-icon\"><\/div>\r\n\t\t\t\t\t<\/div>\r\n\r\n\t\t\t\t\t<div class=\"faq-item-answer\">\r\n\t\t\t\t\t\t<div class=\"faq-item-answer-text\"><p>Integration des Chats Der Aufbau des Moduls dauert etwa ein paar Augenblicke. Dar\u00fcber hinaus sind keine Programmierkenntnisse erforderlich.<\/p><ol><li>\u00c4ndern Sie das Widget f\u00fcr Drupal im kostenlosen Konfigurator und sehen Sie die \u00c4nderungen live. <\/li> <li>Kopieren Sie Ihren Installationscode. <\/li> <li>Geben Sie den Code an der erforderlichen Stelle im Website-Backend ein. <\/li> <li>Verstanden! Die Integration des Chat-Plugins in Drupal ist fertig! <\/li><\/ol><p>Haben Sie Probleme beim Einf\u00fcgen des Plugins in Drupal oder beim Einrichten Ihres All-in-One-Chats? M\u00f6glicherweise finden Sie die vollst\u00e4ndige Anleitung <a href=\"https:\/\/elfsight.com\/tutorials\/how-to-add-live-chat-to-website\/#how-to-add-live-chat-to-drupal\">auf dieser Seite<\/a>. <\/p><\/div>\r\n\t\t\t\t\t<\/div>\r\n\t\t\t\t<\/div><div class=\"faq-item\">\r\n\t\t\t\t\t<div class=\"faq-item-question\">\r\n\t\t\t\t\t\t<h3 class=\"faq-item-question-text\">Kann ich sehen, wie das Widget auf meiner Website aussehen wird?<\/h3>\r\n\r\n\t\t\t\t\t\t<div class=\"faq-item-question-icon\"><\/div>\r\n\t\t\t\t\t<\/div>\r\n\r\n\t\t\t\t\t<div class=\"faq-item-answer\">\r\n\t\t\t\t\t\t<div class=\"faq-item-answer-text\"><p>Auf jeden Fall! Beim Erstellen des Drupal-Chat-Moduls im <a href=\"https:\/\/elfsight.com\/all-in-one-chat-widget\/#demo\">kostenlosen Online-Editor<\/a> werden Sie alles ber\u00fccksichtigen die Revisionen auf der rechten Seite. Das Chat-Feld sieht genauso aus wie auf Ihrer Drupal-Website.<\/p><\/div>\r\n\t\t\t\t\t<\/div>\r\n\t\t\t\t<\/div><div class=\"faq-item\">\r\n\t\t\t\t\t<div class=\"faq-item-question\">\r\n\t\t\t\t\t\t<h3 class=\"faq-item-question-text\">Welche anderen Module sind ein Muss f\u00fcr eine Drupal-Website?<\/h3>\r\n\r\n\t\t\t\t\t\t<div class=\"faq-item-question-icon\"><\/div>\r\n\t\t\t\t\t<\/div>\r\n\r\n\t\t\t\t\t<div class=\"faq-item-answer\">\r\n\t\t\t\t\t\t<div class=\"faq-item-answer-text\"><p>Drupal ist sicher und flexibles CMS, das von zahlreichen Website-Besitzern auf der ganzen Welt verwendet wird. Elfsight-Module tragen dazu bei, die Drupal-Funktionalit\u00e4t zu erweitern und darauf basierende Websites noch benutzerfreundlicher zu machen. Es gibt beispielsweise eine <a href=\"https:\/\/elfsight.com\/whatsapp-chat-widget\/drupal\/\">WhatsApp-Chat-Box<\/a>, um die Konversation mit Kunden noch einfacher zu machen, <a href=\"https:\/\/elfsight.com\/online-form-builder\/drupal\/\">Form Builder<\/a>, <a href=\"https:\/\/elfsight.com\/pdf-embed-widget\/drupal\/\">PDF-Einbettung<\/a>, <a href=\"https:\/\/elfsight.com\/instagram-feed-instashow\/drupal\/\">Instagram-Feed<\/a> und <a href=\"https:\/\/elfsight.com\/event-calendar -widget\/drupal\/\">Veranstaltungskalender<\/a>. Diese Produkte werden dazu beitragen, den Umsatz zu steigern und den Online-Kundensupport zu verbessern.<\/p><\/div>\r\n\t\t\t\t\t<\/div>\r\n\t\t\t\t<\/div><\/div><\/div> <div class=\"application-platform-content-item-features application-platform-content-item\" id=\"features\" data-nav-section=\"features\"> <h2>Die wichtigsten Widget-Funktionen bieten<\/h2> <ul><li>F\u00fcgen Sie das All-in-One-Live-Chat-Messenger-Modul auf Ihrer Website hinzu, um mit Benutzern zu chatten. <\/li><li>Drei Varianten der Chat-Position: schwebende Blase, eingebettete Blase und eingebettetes Chat-Fenster. <\/li><li>Eine Sammlung von Blasensymbolen zur Auswahl. <\/li><li>Formbarer Chat-Header mit Seitenlogo, Name und Untertitel.<\/li><li>Seitenbild standardm\u00e4\u00dfig aus der Sammlung ausw\u00e4hlen oder ein benutzerdefiniertes Bild hochladen. <\/li><\/ul><p><a href=\"#demo\">Sie k\u00f6nnen die volle Funktionalit\u00e4t des Widgets in der Demo unten entdecken<\/a><\/p> <\/div> <div class=\"application-platform-content-item- Installation application-platform-content-item\" id=\" Installation\" data-nav-section=\" Installation\"> <h2>Wie f\u00fcge ich ein Live-Chat-Modul zu meiner Drupal-Webseite hinzu? <\/h2> <div class=\"video-container\"><iframe width=\"560\" height=\"315\" src=\"https:\/\/www.youtube.com\/embed\/4_i9w_SaFUI?si=_QaQS1KsQRfGWhVt\" frameborder=\"0\" allow=\"accelerometer; autoplay; clipboard-write; encrypted-media; gyroscope; picture-in-picture; web-share\" allowfullscreen><\/iframe><\/div><p>F\u00fchren Sie einfach die unten beschriebenen Schritte aus, um das Widget zu aktivieren. <\/p> <ol><li><b>F\u00fchren Sie unseren kostenlosen Konfigurator aus und beginnen Sie mit der Erstellung Ihres ma\u00dfgeschneiderten Plugins. <\/b><br> Finden Sie das bevorzugte Layout und die bevorzugten Funktionen des Tools und speichern Sie die \u00c4nderungen. <\/li> <li><b>Erhalten Sie den pers\u00f6nlichen Code, der im speziellen Formular auf Elfsight Apps angezeigt wird. <\/b><br> Wenn die Erstellung Ihres pers\u00f6nlichen Widgets abgeschlossen ist, kopieren Sie den pers\u00f6nlichen Code aus dem angezeigten Feld und bewahren Sie ihn f\u00fcr die zuk\u00fcnftige Verwendung auf. <\/li> <li><b>Beginnen Sie mit der Nutzung des Chat-Moduls auf der Drupal-Website.<\/b><br> Implementieren Sie den k\u00fcrzlich kopierten Code in Ihre Webseite und speichern Sie die Verbesserungen. <\/li> <li><b>Fertig! Die Einbettung ist vollst\u00e4ndig durchgef\u00fchrt. <\/b><br> Besuchen Sie Ihre Webseite, um die Leistung des Widgets zu \u00fcberpr\u00fcfen. <\/li><\/ol><p>Bei Schwierigkeiten wenden Sie sich bitte an unseren Support. Unsere Berater helfen Ihnen gerne bei allen Problemen, die Sie mit dem Plugin haben. <\/p> <\/div>\n","protected":false},"excerpt":{"rendered":"","protected":false},"author":9,"featured_media":0,"parent":1238,"menu_order":0,"comment_status":"closed","ping_status":"closed","template":"templates\/template-application-platform.php","meta":{"publish_to_discourse":"","publish_post_category":"","wpdc_auto_publish_overridden":"","wpdc_topic_tags":"","wpdc_pin_topic":"","wpdc_pin_until":"","discourse_post_id":"","discourse_permalink":"","wpdc_publishing_response":"","wpdc_publishing_error":"","footnotes":""},"class_list":["post-16671","page","type-page","status-publish","hentry"],"yoast_head":"<!-- This site is optimized with the Yoast SEO plugin v25.3.1 - https:\/\/yoast.com\/wordpress\/plugins\/seo\/ -->\n<title>Live-Chat \u2013 Chatbox-Widget zu Drupal-Websites hinzuf\u00fcgen (kostenlos und einfach)<\/title>\n<meta name=\"description\" content=\"Betten Sie Ihr All-in-One-Live-Chat-Box-Widget in wenigen Minuten auf der Drupal-Homepage ein. Nutzen Sie unsere praktische Demo, um Ihr einzigartiges Widget einfach und ohne Programmieraufwand zu gestalten.\" \/>\n<meta name=\"robots\" content=\"index, follow, max-snippet:-1, max-image-preview:large, max-video-preview:-1\" \/>\n<link rel=\"canonical\" href=\"https:\/\/elfsight.com\/de\/all-in-one-chat-widget\/drupal\/\" \/>\n<meta property=\"og:locale\" content=\"de_DE\" \/>\n<meta property=\"og:type\" content=\"article\" \/>\n<meta property=\"og:title\" content=\"Live-Chat \u2013 Chatbox-Widget zu Drupal-Websites hinzuf\u00fcgen (kostenlos und einfach)\" \/>\n<meta property=\"og:description\" content=\"Betten Sie Ihr All-in-One-Live-Chat-Box-Widget in wenigen Minuten auf der Drupal-Homepage ein. Nutzen Sie unsere praktische Demo, um Ihr einzigartiges Widget einfach und ohne Programmieraufwand zu gestalten.\" \/>\n<meta property=\"og:url\" content=\"https:\/\/elfsight.com\/de\/all-in-one-chat-widget\/drupal\/\" \/>\n<meta property=\"og:site_name\" content=\"Elfsight DE\" \/>\n<meta property=\"article:modified_time\" content=\"2025-01-15T05:41:18+00:00\" \/>\n<meta name=\"twitter:card\" content=\"summary_large_image\" \/>\n<meta name=\"twitter:label1\" content=\"Gesch\u00e4tzte Lesezeit\" \/>\n\t<meta name=\"twitter:data1\" content=\"4\u00a0Minuten\" \/>\n<!-- \/ Yoast SEO plugin. -->","yoast_head_json":{"title":"Live-Chat \u2013 Chatbox-Widget zu Drupal-Websites hinzuf\u00fcgen (kostenlos und einfach)","description":"Betten Sie Ihr All-in-One-Live-Chat-Box-Widget in wenigen Minuten auf der Drupal-Homepage ein. Nutzen Sie unsere praktische Demo, um Ihr einzigartiges Widget einfach und ohne Programmieraufwand zu gestalten.","robots":{"index":"index","follow":"follow","max-snippet":"max-snippet:-1","max-image-preview":"max-image-preview:large","max-video-preview":"max-video-preview:-1"},"canonical":"https:\/\/elfsight.com\/de\/all-in-one-chat-widget\/drupal\/","og_locale":"de_DE","og_type":"article","og_title":"Live-Chat \u2013 Chatbox-Widget zu Drupal-Websites hinzuf\u00fcgen (kostenlos und einfach)","og_description":"Betten Sie Ihr All-in-One-Live-Chat-Box-Widget in wenigen Minuten auf der Drupal-Homepage ein. Nutzen Sie unsere praktische Demo, um Ihr einzigartiges Widget einfach und ohne Programmieraufwand zu gestalten.","og_url":"https:\/\/elfsight.com\/de\/all-in-one-chat-widget\/drupal\/","og_site_name":"Elfsight DE","article_modified_time":"2025-01-15T05:41:18+00:00","twitter_card":"summary_large_image","twitter_misc":{"Gesch\u00e4tzte Lesezeit":"4\u00a0Minuten"},"schema":{"@context":"https:\/\/schema.org","@graph":[{"@type":"WebPage","@id":"https:\/\/elfsight.com\/de\/all-in-one-chat-widget\/drupal\/","url":"https:\/\/elfsight.com\/de\/all-in-one-chat-widget\/drupal\/","name":"Live-Chat \u2013 Chatbox-Widget zu Drupal-Websites hinzuf\u00fcgen (kostenlos und einfach)","isPartOf":{"@id":"https:\/\/elfsight.com\/de\/#website"},"datePublished":"2024-05-03T06:26:59+00:00","dateModified":"2025-01-15T05:41:18+00:00","description":"Betten Sie Ihr All-in-One-Live-Chat-Box-Widget in wenigen Minuten auf der Drupal-Homepage ein. Nutzen Sie unsere praktische Demo, um Ihr einzigartiges Widget einfach und ohne Programmieraufwand zu gestalten.","breadcrumb":{"@id":"https:\/\/elfsight.com\/de\/all-in-one-chat-widget\/drupal\/#breadcrumb"},"inLanguage":"de","potentialAction":[{"@type":"ReadAction","target":["https:\/\/elfsight.com\/de\/all-in-one-chat-widget\/drupal\/"]}]},{"@type":"BreadcrumbList","@id":"https:\/\/elfsight.com\/de\/all-in-one-chat-widget\/drupal\/#breadcrumb","itemListElement":[{"@type":"ListItem","position":1,"name":"Home","item":"https:\/\/elfsight.com\/de\/"},{"@type":"ListItem","position":2,"name":"All-in-One Chat","item":"https:\/\/elfsight.com\/de\/all-in-one-chat-widget\/"},{"@type":"ListItem","position":3,"name":"All-in-One Chat &#8211; Drupal"}]},{"@type":"WebSite","@id":"https:\/\/elfsight.com\/de\/#website","url":"https:\/\/elfsight.com\/de\/","name":"Elfsight DE","description":"Just another Elfsight Sites site","potentialAction":[{"@type":"SearchAction","target":{"@type":"EntryPoint","urlTemplate":"https:\/\/elfsight.com\/de\/?s={search_term_string}"},"query-input":{"@type":"PropertyValueSpecification","valueRequired":true,"valueName":"search_term_string"}}],"inLanguage":"de"}]}},"meta_box":{"industry":"","seo_heading":"","heading":"","description":"","cta_heading":"","cta_description":"","application":"510","h1":"Drupal Live Chat-Modul","h1_caption":"Bieten Sie Ihren Kunden die M\u00f6glichkeit, Sie m\u00fchelos \u00fcber ein Modul auf Ihrer Drupal-Website auf mehreren Messaging-Plattformen wie WhatsApp, Facebook, Telegram und mehr zu erreichen.","application_category":[],"applications_title":"","applications_request_title":"","applications_request_button_text":"","hero_text":"","hero_video":"","hero_video_schema_markup":"","selling_points_title":"","selling_points_caption":"","selling_points":[],"selling_points_cta_text":"","features_title":"","features":"","ed_cta_examples_text":"","ed_cta_examples_hidden":"","ed_cta_demo_text":"","ed_cta_demo_hidden":"","why_caption":"","why_editor_title":"","why_editor_text":"","why_team_title":"","why_team_text":"","why_service_title":"","why_service_text":"","template_catalog_visible":"0","template_catalog_title":"","template_catalog_text":"","template_catalog_categories_visible":"","demo_title":"Erstellen Sie Ihr All-in-One-Chat-Modul","demo_caption":"Konfigurieren Sie Ihren All-in-One-Chat und f\u00fcgen Sie ihn kostenlos zu Ihrer Drupal-Website hinzu!","default_faq_hidden":"","app_template_category":[],"platform":"261","template_public_id":"","codecanyon_url":"","codecanyon_item_id":"","codecanyon_price":"","pricing_caption":"","pricing_elfsight_apps_hide_column":"","pricing_elfsight_apps_url":"","pricing_codecanyon_price_caption":"","integration_category":[],"integration_request_title":"","integration_request_cta":"","integration_platform":"","integrations":[],"platform_category":[],"video_schema_markup":"","price":"ab 0 $ \/ Monat","trial":"","benefits":[{"text":"Kostenloser Installationsservice"},{"text":"Effektiver Kundenservice"},{"text":"14-t\u00e4gige Geld-zur\u00fcck-Garantie"},{"text":"St\u00e4ndige Aktualisierung"}],"button_url":"#demo","button_target_blank":"0","button_nofollow":"0","attributes":[{"name":"Installiert","content":"100,000 - 500,000"},{"name":"Reaktionsfreudig","content":"Ja"},{"name":"Kompatible Browser","content":"Firefox, Safari, Opera, Chrome, Edge"}],"tags":[],"tags_disable_links":"0","hide_more_platforms":"","video_object":"","demo_hide_cta":"0","demo_hide_cloud_options":"0","pricing_title":"","pricing":[{"pricing_icon":"platform","pricing_title":"Elfsight Apps","pricing_title_caption":"Plattformunabh\u00e4ngige digitale L\u00f6sung, die auf jeder Website funktioniert","pricing_price":"ab 0 $ \/ Monat","pricing_price_caption":"Beginnen Sie mit einem kostenlosen Plan","pricing_benefits":[{"text":"Unbegrenzte Domains"},{"text":"Professionelle und p\u00fcnktliche Unterst\u00fctzung"},{"text":"Kostenlose Installationsunterst\u00fctzung"},{"text":"Sonderpreis f\u00fcr mehrere Apps"}],"pricing_button_text":"Zur Website hinzuf\u00fcgen","pricing_button_url":"#demo"}],"related_apps_title":"","related_apps_hidden":"0","author":"","image":[],"title":"","job":"","social_networks":[]},"_links":{"self":[{"href":"https:\/\/elfsight.com\/de\/wp-json\/wp\/v2\/pages\/16671","targetHints":{"allow":["GET"]}}],"collection":[{"href":"https:\/\/elfsight.com\/de\/wp-json\/wp\/v2\/pages"}],"about":[{"href":"https:\/\/elfsight.com\/de\/wp-json\/wp\/v2\/types\/page"}],"author":[{"embeddable":true,"href":"https:\/\/elfsight.com\/de\/wp-json\/wp\/v2\/users\/9"}],"replies":[{"embeddable":true,"href":"https:\/\/elfsight.com\/de\/wp-json\/wp\/v2\/comments?post=16671"}],"version-history":[{"count":4,"href":"https:\/\/elfsight.com\/de\/wp-json\/wp\/v2\/pages\/16671\/revisions"}],"predecessor-version":[{"id":23714,"href":"https:\/\/elfsight.com\/de\/wp-json\/wp\/v2\/pages\/16671\/revisions\/23714"}],"up":[{"embeddable":true,"href":"https:\/\/elfsight.com\/de\/wp-json\/wp\/v2\/pages\/1238"}],"wp:attachment":[{"href":"https:\/\/elfsight.com\/de\/wp-json\/wp\/v2\/media?parent=16671"}],"curies":[{"name":"wp","href":"https:\/\/api.w.org\/{rel}","templated":true}]}}