{"id":16664,"date":"2024-05-03T06:26:56","date_gmt":"2024-05-03T06:26:56","guid":{"rendered":"https:\/\/elfsight.com\/de\/?page_id=16664"},"modified":"2025-01-15T05:45:58","modified_gmt":"2025-01-15T05:45:58","slug":"joomla","status":"publish","type":"page","link":"https:\/\/elfsight.com\/de\/all-in-one-chat-widget\/joomla\/","title":{"rendered":"All-in-One Chat &#8211; Joomla"},"content":{"rendered":"\n<div class=\"application-platform-content-item-description application-platform-content-item\" id=\"description\" data-nav-section=\"description\"> <h2>Beschreibung<\/h2> <p>Das Online-Chat-Modul von Elfsight ist eine der schnellsten M\u00f6glichkeiten f\u00fcr Menschen, Sie zu erreichen und Hilfe von Ihnen zu erhalten. Sie k\u00f6nnen in allen g\u00e4ngigen Messengern online verf\u00fcgbar bleiben. F\u00fcgen Sie die Erweiterung auf Ihrer Website hinzu und Sie k\u00f6nnen sie so einstellen, dass sie auf bestimmten Seiten oder f\u00fcr bestimmte Besucherkategorien angezeigt wird, Start-Chat-Ausl\u00f6ser zuweisen, Ihren Begr\u00fc\u00dfungstext verfassen, Symbole ausw\u00e4hlen und vieles mehr. Wenn Sie das Plugin installiert und ausgef\u00fchrt haben, bleiben Sie jederzeit und von jedem Ort aus f\u00fcr Menschen erreichbar.<\/p> <p><b>Alle bekanntesten Messenger wie Telegram, Facebook, WhatsApp, Viber und mehr in einem f\u00fcr das Maximum produktive und praktische Interaktion mit Kunden!<\/b><\/p> <p><b>Konsolidieren Sie Ihre Kundenanforderungen<\/b><br>Durch die Zusammenf\u00fchrung aller bekannten Messaging-Kan\u00e4le innerhalb der Chat-Box-Erweiterung erhalten Sie eine Chance, zahlreiche Aufgaben an einem einzigen Standort zu l\u00f6sen und so die Kundenzufriedenheit zu verbessern.<\/p><p><b>Extrem anpassbares Tool<\/b><br>Viber, Facebook Messenger, WhatsApp, Telegram, Line, Discord, \u2013 das sind Sie Gerne k\u00f6nnen Sie sie alle zusammen verwenden oder diejenigen ausw\u00e4hlen, die Ihren Anforderungen entsprechen, indem Sie deren Farben, Gr\u00f6\u00dfe und mehr anpassen.<\/b><p><b>Vereinbaren Sie eine Kommunikation in Echtzeit<\/b><br>Indem Sie das Live Wenn Sie das Chat-Plugin auf Ihrer Website installieren, lernen Sie Ihr Publikum besser kennen, indem Sie ihm erstklassigen Service bieten und gezieltere Services anbieten.<\/p><div class=\"faq\" data-component=\"FAQ\"><div class=\"faq-item\">\r\n\t\t\t\t\t<div class=\"faq-item-question\">\r\n\t\t\t\t\t\t<h3 class=\"faq-item-question-text\">So f\u00fcgen Sie den All-in-One-Chat hinzu Feld zu einer Joomla-Seite hinzuf\u00fcgen?<\/h3>\r\n\r\n\t\t\t\t\t\t<div class=\"faq-item-question-icon\"><\/div>\r\n\t\t\t\t\t<\/div>\r\n\r\n\t\t\t\t\t<div class=\"faq-item-answer\">\r\n\t\t\t\t\t\t<div class=\"faq-item-answer-text\"><p>Das Hinzuf\u00fcgen der Chat-Erweiterung zu Joomla dauert nur wenige Augenblicke. Au\u00dferdem ben\u00f6tigen Sie keine Kenntnisse in Webprogrammierung.<\/p><ol><li>Passen Sie das Joomla-Modul im kostenlosen Konfigurator an und sehen Sie Anpassungen live.<\/li> <li>Kopieren Sie Ihren individuellen Installationscode. <\/li> <li>Betten Sie den Code an der erforderlichen Stelle in der Site-Vorlage ein.<\/li> <li>Das war&#8217;s! Die Installation des Chat-Plugins auf Joomla ist abgeschlossen!<\/li><\/ol><p>Haben Sie Probleme beim Einf\u00fcgen des Plugins in Joomla oder beim Formatieren der Chat-Erweiterung? Die ausf\u00fchrliche Anleitung finden Sie <a href=\"https:\/\/elfsight.com\/tutorials\/how-to-add-live-chat-to-website\/#how-to-add-live-chat-to-joomla\">auf dieser Seite<\/a>.<\/p><\/div>\r\n\t\t\t\t\t<\/div>\r\n\t\t\t\t<\/div><div class=\"faq-item\">\r\n\t\t\t\t\t<div class=\"faq-item-question\">\r\n\t\t\t\t\t\t<h3 class=\"faq-item-question-text\">Gibt es eine M\u00f6glichkeit zu sehen, wie die Erweiterung auf einer Website aussehen wird?<\/h3>\r\n\r\n\t\t\t\t\t\t<div class=\"faq-item-question-icon\"><\/div>\r\n\t\t\t\t\t<\/div>\r\n\r\n\t\t\t\t\t<div class=\"faq-item-answer\">\r\n\t\t\t\t\t\t<div class=\"faq-item-answer-text\"><p>Auf jeden Fall! W\u00e4hrend Sie das Joomla-Chat-Plugin im <a href=\"https:\/\/elfsight.com\/all-in-one-chat-widget\/#demo\">Live-Editor<\/a> erstellen, werden Sie alle \u00c4nderungen auf dem sehen Rechts. Ihre Chat-Erweiterung sieht genauso aus wie das, was Sie einer Joomla-Site hinzuf\u00fcgen. <\/p><\/div>\r\n\t\t\t\t\t<\/div>\r\n\t\t\t\t<\/div><div class=\"faq-item\">\r\n\t\t\t\t\t<div class=\"faq-item-question\">\r\n\t\t\t\t\t\t<h3 class=\"faq-item-question-text\">Welche anderen Widgets sind f\u00fcr eine Joomla-Site erforderlich?<\/h3>\r\n\r\n\t\t\t\t\t\t<div class=\"faq-item-question-icon\"><\/div>\r\n\t\t\t\t\t<\/div>\r\n\r\n\t\t\t\t\t<div class=\"faq-item-answer\">\r\n\t\t\t\t\t\t<div class=\"faq-item-answer-text\"><p>Joomla ist ein vielseitiger Website-Builder, mit dem Sie ganz einfach eine E-Commerce-Website erstellen k\u00f6nnen. Elfsight bietet eine Reihe fantastischer Tools, mit denen Sie den Umsatz steigern und die Konversionsraten auf Ihrer Joomla-Website steigern k\u00f6nnen. Zu den Instrumenten, die Sie verwenden k\u00f6nnen, geh\u00f6ren <a href=\"https:\/\/elfsight.com\/whatsapp-chat-widget\/joomla\/\">WhatsApp Chat<\/a> und <a href=\"https:\/\/elfsight.com\/all- in-one-chat-widget\/joomla\/\">All-in-One-Chat<\/a> \u2013 sie verbessern den Kundenservice mit Hilfe beliebter Messenger, <a href=\"https:\/\/elfsight.com\/online -form-builder\/joomla\/\">Form Builder<\/a> \u2013 wird beim Platzieren eines Online-Formulars und beim Sammeln von Feedback hilfreich sein, <a href=\"https:\/\/elfsight.com\/pdf-embed-widget\/joomla\/\">PDF-Einbettung<\/a> \u2013 ist hilfreich bei der Platzierung wichtiger Dokumente auf einer Website, <a href=\"https:\/\/elfsight.com\/instagram-feed-instashow\/joomla\/\">Instagram-Feed<\/a> \u2013 f\u00fcr Posts von Instagram direkt auf der Website platzieren.<\/p><\/div>\r\n\t\t\t\t\t<\/div>\r\n\t\t\t\t<\/div><\/div><\/div> <div class=\"application-platform-content-item-features application-platform-content-item\" id=\"features\" data-nav-section=\"features\"> <h2>Lernen Sie die Liste der n\u00fctzlichsten Funktionen kennen:<\/h2> <ul><li>Integrieren Sie den All-in-One-Online-Chat-Messenger auf Ihrer Seite, um Gespr\u00e4che mit Benutzern zu f\u00fchren.<\/li><li>3 Arten von Chat-Positionen: schwebende Blase, eingebettete Blase und eingebettetes Chat-Fenster.<\/li><li>Eine Sammlung von Blasensymbolen, aus denen Sie ausw\u00e4hlen k\u00f6nnen.<\/li><li>Formbarer Chat-Header mit Seitenlogo, Name und Bildunterschrift.<\/li><li>Seitenbild standardm\u00e4\u00dfig ausw\u00e4hlen aus die Sammlung oder das Hochladen eines benutzerdefinierten Bildes.<\/li><\/ul><p><a href=\"#demo\">Testen Sie alle Einstellungen in einer Demo mit vollem Funktionsumfang<\/a><\/p> <\/div> <div class=\"application-platform-content-item-installation application-platform-content-item\" id=\"installation\" data-nav-section=\"installation\"> <h2>Wie f\u00fcge ich die Live-Chat-Erweiterung zu meiner Joomla-Website hinzu? <\/h2> <div class=\"video-container\"><iframe width=\"560\" height=\"315\" src=\"https:\/\/www.youtube.com\/embed\/2qmpdO2U_JU?si=dGObDdsBjy01GpWa\" frameborder=\"0\" allow=\"accelerometer; autoplay; clipboard-write; encrypted-media; gyroscope; picture-in-picture; web-share\" allowfullscreen><\/iframe><\/div><p>F\u00fchren Sie einfach die unten beschriebenen Schritte aus, um das Modul einzubetten.<\/p> <ol><li><b>F\u00fchren Sie unseren kostenlosen Editor aus und beginnen Sie mit der Erstellung Ihrer eigenen Erweiterung .<\/b><br> Finden Sie die bevorzugte Anordnung und die Parameter des Moduls und wenden Sie alle \u00c4nderungen an.<\/li> <li><b>Sie erhalten Ihren individuellen Code, der im speziellen Formular auf Elfsight Apps angezeigt wird.<\/b><br> Sobald die Einrichtung Ihres eigenen Moduls abgeschlossen ist, kopieren Sie den individuellen Code im erscheinenden Fenster und speichern Sie ihn f\u00fcr eine sp\u00e4tere Gelegenheit.<\/li> <li><b>Beginnen Sie mit der Nutzung der Online-Chat-Erweiterung auf der Joomla-Seite.<\/b><br> Platzieren Sie den k\u00fcrzlich gespeicherten Code auf Ihrer Website und speichern Sie die Anpassungen.<\/li> <li><b>Fertig! Die Einbettung ist vollst\u00e4ndig abgeschlossen.<\/b><br> \u00d6ffnen Sie Ihre Website, um die Leistung des Moduls anzuzeigen.<\/li><\/ol><p>Sollten Sie auf Hindernisse sto\u00dfen, k\u00f6nnen Sie sich gerne an unseren Support wenden. Unsere Spezialisten helfen Ihnen gerne bei der L\u00f6sung aller Schwierigkeiten, die Sie mit dem Tool haben k\u00f6nnten. <\/p> <\/div><div class=\"faq\" data-component=\"FAQ\"><div class=\"faq-item\">\r\n\t\t\t\t\t<div class=\"faq-item-question\">\r\n\t\t\t\t\t\t<h3 class=\"faq-item-question-text\">Wie kann ich einen Live-Chat in meine Joomla-Website einbetten?<\/h3>\r\n\r\n\t\t\t\t\t\t<div class=\"faq-item-question-icon\"><\/div>\r\n\t\t\t\t\t<\/div>\r\n\r\n\t\t\t\t\t<div class=\"faq-item-answer\">\r\n\t\t\t\t\t\t<div class=\"faq-item-answer-text\"><p>Die Erstellung des Tools wird durchgef\u00fchrt innerhalb des Elfsight-Dienstes und es besteht keine Notwendigkeit, das Programmieren zu erlernen. \u00d6ffnen Sie unsere Live-Demo, um Ihr pers\u00f6nliches Tool anzupassen, holen Sie sich den Code und f\u00fcgen Sie ihn in Ihre Website ein. <\/p><\/div>\r\n\t\t\t\t\t<\/div>\r\n\t\t\t\t<\/div><div class=\"faq-item\">\r\n\t\t\t\t\t<div class=\"faq-item-question\">\r\n\t\t\t\t\t\t<h3 class=\"faq-item-question-text\">Die besten Anwendungsbeispiele der Live-Chat-Integration<\/h3>\r\n\r\n\t\t\t\t\t\t<div class=\"faq-item-question-icon\"><\/div>\r\n\t\t\t\t\t<\/div>\r\n\r\n\t\t\t\t\t<div class=\"faq-item-answer\">\r\n\t\t\t\t\t\t<div class=\"faq-item-answer-text\"><p>Wir stellen Ihnen zahlreiche Anpassungsm\u00f6glichkeiten zur Verf\u00fcgung: vollwertige Widgets zum Einbetten der Inhaltsbereich, schwebende Plugins f\u00fcr Scrollm\u00f6glichkeiten, Layouts f\u00fcr die Fu\u00dfzeile, die Kopfzeile und alle Arten vertikaler M\u00f6glichkeiten f\u00fcr Seitenleisten und Men\u00fcs. <\/p><\/div>\r\n\t\t\t\t\t<\/div>\r\n\t\t\t\t<\/div><div class=\"faq-item\">\r\n\t\t\t\t\t<div class=\"faq-item-question\">\r\n\t\t\t\t\t\t<h3 class=\"faq-item-question-text\">Wie erstelle ich einen Beratungs- oder Onboarding-Live-Chat mit dem Editor?<\/h3>\r\n\r\n\t\t\t\t\t\t<div class=\"faq-item-question-icon\"><\/div>\r\n\t\t\t\t\t<\/div>\r\n\r\n\t\t\t\t\t<div class=\"faq-item-answer\">\r\n\t\t\t\t\t\t<div class=\"faq-item-answer-text\"><p>Sie k\u00f6nnen beliebige Widget-Varianten erstellen. Im Editor stehen Ihnen zahlreiche Layouts zur Verf\u00fcgung, die sich alle schnell an Ihre Bed\u00fcrfnisse anpassen lassen. <\/p><\/div>\r\n\t\t\t\t\t<\/div>\r\n\t\t\t\t<\/div><\/div>\n","protected":false},"excerpt":{"rendered":"","protected":false},"author":9,"featured_media":0,"parent":1238,"menu_order":0,"comment_status":"closed","ping_status":"closed","template":"templates\/template-application-platform.php","meta":{"publish_to_discourse":"","publish_post_category":"","wpdc_auto_publish_overridden":"","wpdc_topic_tags":"","wpdc_pin_topic":"","wpdc_pin_until":"","discourse_post_id":"","discourse_permalink":"","wpdc_publishing_response":"","wpdc_publishing_error":"","footnotes":""},"class_list":["post-16664","page","type-page","status-publish","hentry"],"yoast_head":"<!-- This site is optimized with the Yoast SEO plugin v25.3.1 - https:\/\/yoast.com\/wordpress\/plugins\/seo\/ -->\n<title>Live-Chat \u2013 Online-Chat-Widget zu Joomla-Websites hinzuf\u00fcgen (kostenlos und einfach)<\/title>\n<meta name=\"description\" content=\"Implementieren Sie Ihre All-in-One-Live-Chat-Erweiterung in wenigen Minuten auf der Joomla-Homepage. Nutzen Sie unsere aktive Demo, um Ihr exklusives Online-Chat-Modul zu erstellen.\" \/>\n<meta name=\"robots\" content=\"index, follow, max-snippet:-1, max-image-preview:large, max-video-preview:-1\" \/>\n<link rel=\"canonical\" href=\"https:\/\/elfsight.com\/de\/all-in-one-chat-widget\/joomla\/\" \/>\n<meta property=\"og:locale\" content=\"de_DE\" \/>\n<meta property=\"og:type\" content=\"article\" \/>\n<meta property=\"og:title\" content=\"Live-Chat \u2013 Online-Chat-Widget zu Joomla-Websites hinzuf\u00fcgen (kostenlos und einfach)\" \/>\n<meta property=\"og:description\" content=\"Implementieren Sie Ihre All-in-One-Live-Chat-Erweiterung in wenigen Minuten auf der Joomla-Homepage. Nutzen Sie unsere aktive Demo, um Ihr exklusives Online-Chat-Modul zu erstellen.\" \/>\n<meta property=\"og:url\" content=\"https:\/\/elfsight.com\/de\/all-in-one-chat-widget\/joomla\/\" \/>\n<meta property=\"og:site_name\" content=\"Elfsight DE\" \/>\n<meta property=\"article:modified_time\" content=\"2025-01-15T05:45:58+00:00\" \/>\n<meta name=\"twitter:card\" content=\"summary_large_image\" \/>\n<meta name=\"twitter:label1\" content=\"Gesch\u00e4tzte Lesezeit\" \/>\n\t<meta name=\"twitter:data1\" content=\"5\u00a0Minuten\" \/>\n<!-- \/ Yoast SEO plugin. -->","yoast_head_json":{"title":"Live-Chat \u2013 Online-Chat-Widget zu Joomla-Websites hinzuf\u00fcgen (kostenlos und einfach)","description":"Implementieren Sie Ihre All-in-One-Live-Chat-Erweiterung in wenigen Minuten auf der Joomla-Homepage. Nutzen Sie unsere aktive Demo, um Ihr exklusives Online-Chat-Modul zu erstellen.","robots":{"index":"index","follow":"follow","max-snippet":"max-snippet:-1","max-image-preview":"max-image-preview:large","max-video-preview":"max-video-preview:-1"},"canonical":"https:\/\/elfsight.com\/de\/all-in-one-chat-widget\/joomla\/","og_locale":"de_DE","og_type":"article","og_title":"Live-Chat \u2013 Online-Chat-Widget zu Joomla-Websites hinzuf\u00fcgen (kostenlos und einfach)","og_description":"Implementieren Sie Ihre All-in-One-Live-Chat-Erweiterung in wenigen Minuten auf der Joomla-Homepage. Nutzen Sie unsere aktive Demo, um Ihr exklusives Online-Chat-Modul zu erstellen.","og_url":"https:\/\/elfsight.com\/de\/all-in-one-chat-widget\/joomla\/","og_site_name":"Elfsight DE","article_modified_time":"2025-01-15T05:45:58+00:00","twitter_card":"summary_large_image","twitter_misc":{"Gesch\u00e4tzte Lesezeit":"5\u00a0Minuten"},"schema":{"@context":"https:\/\/schema.org","@graph":[{"@type":"WebPage","@id":"https:\/\/elfsight.com\/de\/all-in-one-chat-widget\/joomla\/","url":"https:\/\/elfsight.com\/de\/all-in-one-chat-widget\/joomla\/","name":"Live-Chat \u2013 Online-Chat-Widget zu Joomla-Websites hinzuf\u00fcgen (kostenlos und einfach)","isPartOf":{"@id":"https:\/\/elfsight.com\/de\/#website"},"datePublished":"2024-05-03T06:26:56+00:00","dateModified":"2025-01-15T05:45:58+00:00","description":"Implementieren Sie Ihre All-in-One-Live-Chat-Erweiterung in wenigen Minuten auf der Joomla-Homepage. Nutzen Sie unsere aktive Demo, um Ihr exklusives Online-Chat-Modul zu erstellen.","breadcrumb":{"@id":"https:\/\/elfsight.com\/de\/all-in-one-chat-widget\/joomla\/#breadcrumb"},"inLanguage":"de","potentialAction":[{"@type":"ReadAction","target":["https:\/\/elfsight.com\/de\/all-in-one-chat-widget\/joomla\/"]}]},{"@type":"BreadcrumbList","@id":"https:\/\/elfsight.com\/de\/all-in-one-chat-widget\/joomla\/#breadcrumb","itemListElement":[{"@type":"ListItem","position":1,"name":"Home","item":"https:\/\/elfsight.com\/de\/"},{"@type":"ListItem","position":2,"name":"All-in-One Chat","item":"https:\/\/elfsight.com\/de\/all-in-one-chat-widget\/"},{"@type":"ListItem","position":3,"name":"All-in-One Chat &#8211; Joomla"}]},{"@type":"WebSite","@id":"https:\/\/elfsight.com\/de\/#website","url":"https:\/\/elfsight.com\/de\/","name":"Elfsight DE","description":"Just another Elfsight Sites site","potentialAction":[{"@type":"SearchAction","target":{"@type":"EntryPoint","urlTemplate":"https:\/\/elfsight.com\/de\/?s={search_term_string}"},"query-input":{"@type":"PropertyValueSpecification","valueRequired":true,"valueName":"search_term_string"}}],"inLanguage":"de"}]}},"meta_box":{"industry":"","seo_heading":"","heading":"","description":"","cta_heading":"","cta_description":"","application":"510","h1":"Joomla Live Chat-Erweiterung","h1_caption":"Bieten Sie Ihren Kunden die M\u00f6glichkeit, Sie m\u00fchelos \u00fcber eine Erweiterung Ihrer Joomla-Website auf mehreren Messaging-Plattformen wie WhatsApp, Facebook, Telegram und mehr zu erreichen.","application_category":[],"applications_title":"","applications_request_title":"","applications_request_button_text":"","hero_text":"","hero_video":"","hero_video_schema_markup":"","selling_points_title":"","selling_points_caption":"","selling_points":[],"selling_points_cta_text":"","features_title":"","features":"","ed_cta_examples_text":"","ed_cta_examples_hidden":"","ed_cta_demo_text":"","ed_cta_demo_hidden":"","why_caption":"","why_editor_title":"","why_editor_text":"","why_team_title":"","why_team_text":"","why_service_title":"","why_service_text":"","template_catalog_visible":"0","template_catalog_title":"","template_catalog_text":"","template_catalog_categories_visible":"","demo_title":"Erstellen Sie Ihr All-in-One-Chat-Plugin","demo_caption":"Konfigurieren Sie Ihren All-in-One-Chat und f\u00fcgen Sie ihn kostenlos zu Ihrer Joomla-Website hinzu!","default_faq_hidden":"","app_template_category":[],"platform":"259","template_public_id":"","codecanyon_url":"","codecanyon_item_id":"","codecanyon_price":"","pricing_caption":"","pricing_elfsight_apps_hide_column":"","pricing_elfsight_apps_url":"","pricing_codecanyon_price_caption":"","integration_category":[],"integration_request_title":"","integration_request_cta":"","integration_platform":"","integrations":[],"platform_category":[],"video_schema_markup":"","price":"ab 0 $ \/ Monat","trial":"","benefits":[{"text":"Kostenlose Installationsunterst\u00fctzung"},{"text":"Kompetenter Kundenservice"},{"text":"14-t\u00e4gige R\u00fcckerstattungsgarantie"},{"text":"Fortlaufende Entwicklung"}],"button_url":"#demo","button_target_blank":"0","button_nofollow":"0","attributes":[{"name":"Installiert","content":"100,000 - 500,000"},{"name":"Reaktionsfreudig","content":"Ja"},{"name":"Kompatible Browser","content":"Firefox, Safari, Opera, Chrome, Edge"}],"tags":[],"tags_disable_links":"0","hide_more_platforms":"","video_object":"","demo_hide_cta":"0","demo_hide_cloud_options":"0","pricing_title":"","pricing":[{"pricing_icon":"platform","pricing_title":"Elfsight Apps","pricing_title_caption":"Plattform\u00fcbergreifende L\u00f6sung, die auf jeder Website funktioniert","pricing_price":"ab 0 $ \/ Monat","pricing_price_caption":"Beginnen Sie mit einem kostenlosen Plan","pricing_benefits":[{"text":"Unbegrenzte Websites"},{"text":"Premium-Support"},{"text":"Kostenloser Installationsservice"},{"text":"Sonderangebot f\u00fcr mehrere Apps"}],"pricing_button_text":"Zur Website hinzuf\u00fcgen","pricing_button_url":"#demo"}],"related_apps_title":"","related_apps_hidden":"0","author":"","image":[],"title":"","job":"","social_networks":[]},"_links":{"self":[{"href":"https:\/\/elfsight.com\/de\/wp-json\/wp\/v2\/pages\/16664","targetHints":{"allow":["GET"]}}],"collection":[{"href":"https:\/\/elfsight.com\/de\/wp-json\/wp\/v2\/pages"}],"about":[{"href":"https:\/\/elfsight.com\/de\/wp-json\/wp\/v2\/types\/page"}],"author":[{"embeddable":true,"href":"https:\/\/elfsight.com\/de\/wp-json\/wp\/v2\/users\/9"}],"replies":[{"embeddable":true,"href":"https:\/\/elfsight.com\/de\/wp-json\/wp\/v2\/comments?post=16664"}],"version-history":[{"count":3,"href":"https:\/\/elfsight.com\/de\/wp-json\/wp\/v2\/pages\/16664\/revisions"}],"predecessor-version":[{"id":23718,"href":"https:\/\/elfsight.com\/de\/wp-json\/wp\/v2\/pages\/16664\/revisions\/23718"}],"up":[{"embeddable":true,"href":"https:\/\/elfsight.com\/de\/wp-json\/wp\/v2\/pages\/1238"}],"wp:attachment":[{"href":"https:\/\/elfsight.com\/de\/wp-json\/wp\/v2\/media?parent=16664"}],"curies":[{"name":"wp","href":"https:\/\/api.w.org\/{rel}","templated":true}]}}