{"id":16663,"date":"2024-05-03T06:26:55","date_gmt":"2024-05-03T06:26:55","guid":{"rendered":"https:\/\/elfsight.com\/de\/?page_id=16663"},"modified":"2025-01-15T05:47:19","modified_gmt":"2025-01-15T05:47:19","slug":"jquery","status":"publish","type":"page","link":"https:\/\/elfsight.com\/de\/all-in-one-chat-widget\/jquery\/","title":{"rendered":"All-in-One Chat &#8211; jQuery"},"content":{"rendered":"\n<div class=\"application-platform-content-item-description application-platform-content-item\" id=\"description\" data-nav-section=\"description\"> <h2>Beschreibung<\/h2> <p>All-in-One-Chat-Box von Elfsight ist eine der schnellsten M\u00f6glichkeiten f\u00fcr Menschen, Sie zu erreichen Holen Sie sich Hilfe von Ihnen. Bleiben Sie in allen beliebten Messengern ununterbrochen live verf\u00fcgbar. F\u00fcgen Sie das Widget auf Ihrer Website hinzu und es kann so eingestellt werden, dass es auf ausgew\u00e4hlten Seiten oder f\u00fcr separate Zielgruppenkategorien angezeigt wird, Sie k\u00f6nnen Chat-Startaktivatoren zuweisen, Ihre Willkommensnachricht verfassen, Symbole ausw\u00e4hlen und vieles mehr. Mit Hilfe des Widgets auf der Website bleiben Sie f\u00fcr Besucher jederzeit und von jedem Ort aus erreichbar. <\/p> <p><b>Alle bekannten Messenger wie Viber, WhatsApp, Facebook, Telegram und mehr in einem f\u00fcr die effizienteste und bequemste Interaktion mit Kunden!<\/b><\/p> <p><b>Zentralisieren Sie Ihre Kundenanforderungen<\/b><br>Durch die Kombination aller wichtigen Messaging-Kan\u00e4le innerhalb des Chatbox-Plugins erhalten Sie die M\u00f6glichkeit, mehrere Aufgaben an einem einzigen Standort zu l\u00f6sen und so die Kundenzufriedenheit zu steigern.<\/p><p> <b>Sehr personalisierbares Tool<\/b><br>Viber, WhatsApp, Line, Facebook Messenger, Discord, Telegram \u2013 Sie k\u00f6nnen sie alle auf einmal verwenden oder diejenigen ausw\u00e4hlen, die Ihren Bed\u00fcrfnissen entsprechen, und ihre Farben anpassen , Gr\u00f6\u00dfe und vieles mehr.<\/b><p><b>Gew\u00e4hren Sie eine Kommunikation in Echtzeit<\/b><br>Durch die Einbettung des Live-Chat-Widgets auf Ihrer Website lernen Sie Ihr Publikum besser kennen und gew\u00e4hren es ihm mit dem erstklassigen Service und der Bereitstellung sachkundigerer Services.<\/b><\/div> <div class=\"application-platform-content-item-features application-platform-content-item\" id=\"features\" data-nav-section=\"features\"> <h2>Entdecken Sie die Liste der wertvollsten Funktionen: <\/h2> <ul><li> Integrieren Sie die All-in-One-Live-Chat-Messenger-Box auf Ihrer Seite, um mit Benutzern zu chatten. <\/li><li>Drei Varianten der Chat-Position: schwebende Blase, eingebettete Blase und eingebettetes Chat-Fenster. <\/li><li>Eine Bibliothek mit Blasensymbolen zur Auswahl. <\/li><li>Flexibler Chat-Titel mit Seitenbild, Name und Bildunterschrift.<\/li><li>Seitenbild standardm\u00e4\u00dfig aus der Sammlung ausw\u00e4hlen oder ein benutzerdefiniertes Bild hochladen. <\/li><\/ul><p><a href=\"#demo\">Testen Sie alle Personalisierungsfunktionen in einer Demo mit vollem Funktionsumfang<\/a><\/p> <\/div> <div class=\"application-platform-content-item-installation application-platform-content-item\" id=\"installation\" data-nav-section=\"installation\"> <h2>Wie kann ich eine Live-Chat-Box zu meiner jQuery-Site hinzuf\u00fcgen?<\/h2> <p>F\u00fchren Sie einfach die unten aufgef\u00fchrten Schritte aus, um das Widget einzuf\u00fcgen. <\/p> <ol><li><b>Mit unserer kostenlosen Demo beginnen Sie mit der Erstellung Ihres individuellen Instruments. <\/b><br> W\u00e4hlen Sie das gew\u00fcnschte Aussehen und die gew\u00fcnschten Funktionsmerkmale des Tools und nehmen Sie die \u00c4nderungen vor.<\/li> <li><b>Erhalten Sie Ihren eindeutigen Code, der in der speziellen Form auf Elfsight Apps angezeigt wird.<\/b><br> Direkt nachdem die Erstellung Ihres pers\u00f6nlichen Widgets abgeschlossen ist, kopieren Sie den exklusiven Code aus der entstandenen Box und speichern Sie ihn f\u00fcr den weiteren Bedarf.<\/li> <li><b>Beginnen Sie mit der Verwendung des Plugins auf Ihrer jQuery-Site.<\/b><br> F\u00fcgen Sie den Chatbox-Code, den Sie k\u00fcrzlich kopiert haben, in Ihre Homepage ein und wenden Sie die Verbesserungen an.<\/li> <li><b>Fertig! Die Integration wurde erfolgreich durchgef\u00fchrt.<\/b><br> Besuchen Sie Ihre Website, um die Funktion des Widgets zu \u00fcberpr\u00fcfen.<\/li><\/ol> <p>Wenn Sie auf Schwierigkeiten sto\u00dfen, wenden Sie sich bitte an uns Kundendienstmitarbeiter. Unsere Mitarbeiter l\u00f6sen gerne alle Probleme, die Sie mit dem Widget haben k\u00f6nnten. <\/p> <\/div><div class=\"faq\" data-component=\"FAQ\"><div class=\"faq-item\">\r\n\t\t\t\t\t<div class=\"faq-item-question\">\r\n\t\t\t\t\t\t<h3 class=\"faq-item-question-text\">Wie bette ich einen Live-Chat in meine jQuery-Site ein?<\/h3>\r\n\r\n\t\t\t\t\t\t<div class=\"faq-item-question-icon\"><\/div>\r\n\t\t\t\t\t<\/div>\r\n\r\n\t\t\t\t\t<div class=\"faq-item-answer\">\r\n\t\t\t\t\t\t<div class=\"faq-item-answer-text\"><p>Die Erstellung des Tools dauert Platzieren Sie es auf den Elfsight-Seiten und Sie m\u00fcssen keine Programmierkenntnisse erlernen. Nutzen Sie unsere Online-Demo, um Ihr eigenes Tool anzupassen, den Code zu erhalten und ihn in Ihre Website einzubetten. <\/p><\/div>\r\n\t\t\t\t\t<\/div>\r\n\t\t\t\t<\/div><div class=\"faq-item\">\r\n\t\t\t\t\t<div class=\"faq-item-question\">\r\n\t\t\t\t\t\t<h3 class=\"faq-item-question-text\">Die besten Anwendungsbeispiele der Live-Chat-Integration<\/h3>\r\n\r\n\t\t\t\t\t\t<div class=\"faq-item-question-icon\"><\/div>\r\n\t\t\t\t\t<\/div>\r\n\r\n\t\t\t\t\t<div class=\"faq-item-answer\">\r\n\t\t\t\t\t\t<div class=\"faq-item-answer-text\"><p>Wir stellen Ihnen viele Anpassungsm\u00f6glichkeiten zur Verf\u00fcgung: Widgets in voller L\u00e4nge zum Einf\u00fcgen in den Inhaltsbereich , schwebende Plugins f\u00fcr Scrolloptionen, Miniaturansichten f\u00fcr die Fu\u00dfzeile Ihrer Website, den Kopfbereich und alle Arten vertikaler Optionen f\u00fcr Seitenleisten und Men\u00fcs Ihrer Website. <\/p><\/div>\r\n\t\t\t\t\t<\/div>\r\n\t\t\t\t<\/div><div class=\"faq-item\">\r\n\t\t\t\t\t<div class=\"faq-item-question\">\r\n\t\t\t\t\t\t<h3 class=\"faq-item-question-text\">Darf ich \u00fcber die Agentur des Herausgebers einen Hilfe- oder Feedback-Live-Chat erstellen?<\/h3>\r\n\r\n\t\t\t\t\t\t<div class=\"faq-item-question-icon\"><\/div>\r\n\t\t\t\t\t<\/div>\r\n\r\n\t\t\t\t\t<div class=\"faq-item-answer\">\r\n\t\t\t\t\t\t<div class=\"faq-item-answer-text\"><p>Sie k\u00f6nnen Variationen jedes Widgets erstellen. Im Editor stehen Ihnen unz\u00e4hlige Layouts zur Verf\u00fcgung, die alle ganz einfach an Ihre Bed\u00fcrfnisse angepasst werden k\u00f6nnen. <\/p><\/div>\r\n\t\t\t\t\t<\/div>\r\n\t\t\t\t<\/div><\/div>\n","protected":false},"excerpt":{"rendered":"","protected":false},"author":9,"featured_media":0,"parent":1238,"menu_order":0,"comment_status":"closed","ping_status":"closed","template":"templates\/template-application-platform.php","meta":{"publish_to_discourse":"","publish_post_category":"","wpdc_auto_publish_overridden":"","wpdc_topic_tags":"","wpdc_pin_topic":"","wpdc_pin_until":"","discourse_post_id":"","discourse_permalink":"","wpdc_publishing_response":"","wpdc_publishing_error":"","footnotes":""},"class_list":["post-16663","page","type-page","status-publish","hentry"],"yoast_head":"<!-- This site is optimized with the Yoast SEO plugin v25.3.1 - https:\/\/yoast.com\/wordpress\/plugins\/seo\/ -->\n<title>Live-Chat \u2013 Chat-Box-Plugin zur jQuery-Website hinzuf\u00fcgen (kostenlos und einfach)<\/title>\n<meta name=\"description\" content=\"F\u00fcgen Sie Ihr All-in-One-Live-Chat-Box-Plugin in 1-2-3 zur jQuery-Site hinzu. Nutzen Sie unsere Live-Demo, um Ihr einzigartiges Widget m\u00fchelos und ohne Programmieraufwand zu gestalten.\" \/>\n<meta name=\"robots\" content=\"index, follow, max-snippet:-1, max-image-preview:large, max-video-preview:-1\" \/>\n<link rel=\"canonical\" href=\"https:\/\/elfsight.com\/de\/all-in-one-chat-widget\/jquery\/\" \/>\n<meta property=\"og:locale\" content=\"de_DE\" \/>\n<meta property=\"og:type\" content=\"article\" \/>\n<meta property=\"og:title\" content=\"Live-Chat \u2013 Chat-Box-Plugin zur jQuery-Website hinzuf\u00fcgen (kostenlos und einfach)\" \/>\n<meta property=\"og:description\" content=\"F\u00fcgen Sie Ihr All-in-One-Live-Chat-Box-Plugin in 1-2-3 zur jQuery-Site hinzu. Nutzen Sie unsere Live-Demo, um Ihr einzigartiges Widget m\u00fchelos und ohne Programmieraufwand zu gestalten.\" \/>\n<meta property=\"og:url\" content=\"https:\/\/elfsight.com\/de\/all-in-one-chat-widget\/jquery\/\" \/>\n<meta property=\"og:site_name\" content=\"Elfsight DE\" \/>\n<meta property=\"article:modified_time\" content=\"2025-01-15T05:47:19+00:00\" \/>\n<meta name=\"twitter:card\" content=\"summary_large_image\" \/>\n<meta name=\"twitter:label1\" content=\"Gesch\u00e4tzte Lesezeit\" \/>\n\t<meta name=\"twitter:data1\" content=\"4\u00a0Minuten\" \/>\n<!-- \/ Yoast SEO plugin. -->","yoast_head_json":{"title":"Live-Chat \u2013 Chat-Box-Plugin zur jQuery-Website hinzuf\u00fcgen (kostenlos und einfach)","description":"F\u00fcgen Sie Ihr All-in-One-Live-Chat-Box-Plugin in 1-2-3 zur jQuery-Site hinzu. Nutzen Sie unsere Live-Demo, um Ihr einzigartiges Widget m\u00fchelos und ohne Programmieraufwand zu gestalten.","robots":{"index":"index","follow":"follow","max-snippet":"max-snippet:-1","max-image-preview":"max-image-preview:large","max-video-preview":"max-video-preview:-1"},"canonical":"https:\/\/elfsight.com\/de\/all-in-one-chat-widget\/jquery\/","og_locale":"de_DE","og_type":"article","og_title":"Live-Chat \u2013 Chat-Box-Plugin zur jQuery-Website hinzuf\u00fcgen (kostenlos und einfach)","og_description":"F\u00fcgen Sie Ihr All-in-One-Live-Chat-Box-Plugin in 1-2-3 zur jQuery-Site hinzu. Nutzen Sie unsere Live-Demo, um Ihr einzigartiges Widget m\u00fchelos und ohne Programmieraufwand zu gestalten.","og_url":"https:\/\/elfsight.com\/de\/all-in-one-chat-widget\/jquery\/","og_site_name":"Elfsight DE","article_modified_time":"2025-01-15T05:47:19+00:00","twitter_card":"summary_large_image","twitter_misc":{"Gesch\u00e4tzte Lesezeit":"4\u00a0Minuten"},"schema":{"@context":"https:\/\/schema.org","@graph":[{"@type":"WebPage","@id":"https:\/\/elfsight.com\/de\/all-in-one-chat-widget\/jquery\/","url":"https:\/\/elfsight.com\/de\/all-in-one-chat-widget\/jquery\/","name":"Live-Chat \u2013 Chat-Box-Plugin zur jQuery-Website hinzuf\u00fcgen (kostenlos und einfach)","isPartOf":{"@id":"https:\/\/elfsight.com\/de\/#website"},"datePublished":"2024-05-03T06:26:55+00:00","dateModified":"2025-01-15T05:47:19+00:00","description":"F\u00fcgen Sie Ihr All-in-One-Live-Chat-Box-Plugin in 1-2-3 zur jQuery-Site hinzu. Nutzen Sie unsere Live-Demo, um Ihr einzigartiges Widget m\u00fchelos und ohne Programmieraufwand zu gestalten.","breadcrumb":{"@id":"https:\/\/elfsight.com\/de\/all-in-one-chat-widget\/jquery\/#breadcrumb"},"inLanguage":"de","potentialAction":[{"@type":"ReadAction","target":["https:\/\/elfsight.com\/de\/all-in-one-chat-widget\/jquery\/"]}]},{"@type":"BreadcrumbList","@id":"https:\/\/elfsight.com\/de\/all-in-one-chat-widget\/jquery\/#breadcrumb","itemListElement":[{"@type":"ListItem","position":1,"name":"Home","item":"https:\/\/elfsight.com\/de\/"},{"@type":"ListItem","position":2,"name":"All-in-One Chat","item":"https:\/\/elfsight.com\/de\/all-in-one-chat-widget\/"},{"@type":"ListItem","position":3,"name":"All-in-One Chat &#8211; jQuery"}]},{"@type":"WebSite","@id":"https:\/\/elfsight.com\/de\/#website","url":"https:\/\/elfsight.com\/de\/","name":"Elfsight DE","description":"Just another Elfsight Sites site","potentialAction":[{"@type":"SearchAction","target":{"@type":"EntryPoint","urlTemplate":"https:\/\/elfsight.com\/de\/?s={search_term_string}"},"query-input":{"@type":"PropertyValueSpecification","valueRequired":true,"valueName":"search_term_string"}}],"inLanguage":"de"}]}},"meta_box":{"industry":"","seo_heading":"","heading":"","description":"","cta_heading":"","cta_description":"","application":"510","h1":"jQuery Live Chat-Plugin","h1_caption":"Bieten Sie Ihren Kunden die M\u00f6glichkeit, Sie m\u00fchelos \u00fcber ein Plugin auf Ihrer jQuery-Website auf mehreren Messaging-Plattformen wie WhatsApp, Facebook, Telegram und mehr zu erreichen.","application_category":[],"applications_title":"","applications_request_title":"","applications_request_button_text":"","hero_text":"","hero_video":"","hero_video_schema_markup":"","selling_points_title":"","selling_points_caption":"","selling_points":[],"selling_points_cta_text":"","features_title":"","features":"","ed_cta_examples_text":"","ed_cta_examples_hidden":"","ed_cta_demo_text":"","ed_cta_demo_hidden":"","why_caption":"","why_editor_title":"","why_editor_text":"","why_team_title":"","why_team_text":"","why_service_title":"","why_service_text":"","template_catalog_visible":"0","template_catalog_title":"","template_catalog_text":"","template_catalog_categories_visible":"","demo_title":"Erstellen Sie Ihr All-in-One-Chat-Plugin","demo_caption":"Konfigurieren Sie Ihren All-in-One-Chat und f\u00fcgen Sie ihn kostenlos zu Ihrer jQuery-Website hinzu!","default_faq_hidden":"","app_template_category":[],"platform":"258","template_public_id":"","codecanyon_url":"","codecanyon_item_id":"","codecanyon_price":"","pricing_caption":"","pricing_elfsight_apps_hide_column":"","pricing_elfsight_apps_url":"","pricing_codecanyon_price_caption":"","integration_category":[],"integration_request_title":"","integration_request_cta":"","integration_platform":"","integrations":[],"platform_category":[],"video_schema_markup":"","price":"ab 0 $ \/ Monat","trial":"","benefits":[{"text":"Kostenlose Installationsunterst\u00fctzung"},{"text":"Au\u00dfergew\u00f6hnlicher Support"},{"text":"14-t\u00e4gige R\u00fcckerstattungsgarantie"},{"text":"St\u00e4ndige Aktualisierung"}],"button_url":"#demo","button_target_blank":"0","button_nofollow":"0","attributes":[{"name":"Installiert","content":"100,000 - 500,000"},{"name":"Reaktionsfreudig","content":"Ja"},{"name":"Kompatible Browser","content":"Firefox, Safari, Opera, Chrome, Edge"}],"tags":[],"tags_disable_links":"0","hide_more_platforms":"","video_object":"","demo_hide_cta":"0","demo_hide_cloud_options":"0","pricing_title":"","pricing":[{"pricing_icon":"platform","pricing_title":"Elfsight Apps","pricing_title_caption":"Plattformunabh\u00e4ngige digitale L\u00f6sung","pricing_price":"ab 0 $ \/ Monat","pricing_price_caption":"Beginnen Sie mit einem kostenlosen Plan","pricing_benefits":[{"text":"Unbegrenzte Domains"},{"text":"Kostenloser Kundensupport und gut dokumentiert"},{"text":"Kostenloser Installationssupport"},{"text":"Vollst\u00e4ndig anpassbar"}],"pricing_button_text":"Zur Website hinzuf\u00fcgen","pricing_button_url":"#demo"}],"related_apps_title":"","related_apps_hidden":"0","author":"","image":[],"title":"","job":"","social_networks":[]},"_links":{"self":[{"href":"https:\/\/elfsight.com\/de\/wp-json\/wp\/v2\/pages\/16663","targetHints":{"allow":["GET"]}}],"collection":[{"href":"https:\/\/elfsight.com\/de\/wp-json\/wp\/v2\/pages"}],"about":[{"href":"https:\/\/elfsight.com\/de\/wp-json\/wp\/v2\/types\/page"}],"author":[{"embeddable":true,"href":"https:\/\/elfsight.com\/de\/wp-json\/wp\/v2\/users\/9"}],"replies":[{"embeddable":true,"href":"https:\/\/elfsight.com\/de\/wp-json\/wp\/v2\/comments?post=16663"}],"version-history":[{"count":3,"href":"https:\/\/elfsight.com\/de\/wp-json\/wp\/v2\/pages\/16663\/revisions"}],"predecessor-version":[{"id":23719,"href":"https:\/\/elfsight.com\/de\/wp-json\/wp\/v2\/pages\/16663\/revisions\/23719"}],"up":[{"embeddable":true,"href":"https:\/\/elfsight.com\/de\/wp-json\/wp\/v2\/pages\/1238"}],"wp:attachment":[{"href":"https:\/\/elfsight.com\/de\/wp-json\/wp\/v2\/media?parent=16663"}],"curies":[{"name":"wp","href":"https:\/\/api.w.org\/{rel}","templated":true}]}}