{"id":16658,"date":"2024-05-03T06:26:54","date_gmt":"2024-05-03T06:26:54","guid":{"rendered":"https:\/\/elfsight.com\/de\/?page_id=16658"},"modified":"2025-01-15T05:48:05","modified_gmt":"2025-01-15T05:48:05","slug":"iframe","status":"publish","type":"page","link":"https:\/\/elfsight.com\/de\/all-in-one-chat-widget\/iframe\/","title":{"rendered":"All-in-One Chat &#8211; iFrame"},"content":{"rendered":"\n<div class=\"application-platform-content-item-description application-platform-content-item\" id=\"description\" data-nav-section=\"description\"> <h2>All-in-One-Chat auf iFrame mit dem Elfsight-Widget einbetten<\/h2> <p>Elfsight All-in-One-Chat-Box ist Eine der praktischsten M\u00f6glichkeiten f\u00fcr Website-Besucher, Sie zu kontaktieren und Unterst\u00fctzung von Ihnen zu erhalten. Bleiben Sie rund um die Uhr in allen g\u00e4ngigen Messengern live verf\u00fcgbar. Integrieren Sie das Widget in Ihre Website und stellen Sie es so ein, dass es auf ausgew\u00e4hlten Seiten oder f\u00fcr bestimmte Besuchergruppen angezeigt wird, weisen Sie Ausl\u00f6ser f\u00fcr den Chat-Start zu, schreiben Sie Ihre eigene Willkommensnachricht, w\u00e4hlen Sie Symbole aus und nutzen Sie weitere Funktionen. Mit dem aktiven Plugin bleiben Sie jederzeit und an jedem Ort f\u00fcr Besucher erreichbar.<\/p> <p><b>Generieren Sie Leads durch pers\u00f6nliche Kontakte<\/b><\/p> <\/div> <div class=\"application-platform-content-item- Funktionen application-platform-content-item\" id=\" Funktionen\" data-nav-section=\" Funktionen\"> <h2>Wir bieten praktische und unkomplizierte Funktionen, sehen Sie sich einige davon an:<\/h2> <ul><li>Integrieren Sie das All-in-One-Chat-Messenger-Widget auf Ihrer Seite, um mit Benutzern zu chatten. <\/li><li>3 Varianten der Chat-Position: schwebende Blase, eingebettete Blase und eingebettetes Chat-Fenster. <\/li><li>Eine Sammlung von Blasensymbolen zur Auswahl.<\/li><li>Formbarer Chat-Titel mit Seitenlogo, Name und Bildunterschrift.<\/li><li>Seitenbild standardm\u00e4\u00dfig aus der Sammlung ausw\u00e4hlen oder Laden Sie Ihr eigenes Bild hoch. <\/li><\/ul><p><a href=\"#demo\">Sie k\u00f6nnen jetzt die volle Funktionalit\u00e4t des Widgets in der Demo erkunden<\/a><\/p> <\/div> <div class=\"application-platform-content-item-Installation application-platform-content-item\" id=\"Installation\" data-nav-section=\"Installation\"> <h2>Wie kann ich die Live-Chat-Box zu meiner iFrame-Website hinzuf\u00fcgen?<\/h2> <p>Befolgen Sie einfach die folgenden Schritte, um das Plugin einzubetten.<\/p> <ol><li><b>Starten Sie unseren kostenlosen Editor und beginnen Sie mit der Erstellung Ihres individuellen Instruments.<\/b><br> Finden Sie das passende Layout und die Funktionalit\u00e4t des Plugins und speichern Sie die \u00c4nderungen.<\/li> <li><b>Kopieren Sie den eindeutigen Code, der im angezeigt wird Witwe bei Elfsight Apps.<\/b><br> Sobald die Anpassung Ihres pers\u00f6nlichen Plugins abgeschlossen ist, kopieren Sie den exklusiven Code im erscheinenden Popup und speichern Sie ihn f\u00fcr zuk\u00fcnftige Gelegenheiten.<\/li> <li><b>Geben Sie ein Verwenden des Widgets auf der iFrame-Webseite.<\/b><br> Betten Sie den k\u00fcrzlich gespeicherten Code in Ihre Seite ein und wenden Sie die Korrekturen an.<\/li> <li><b>Fertig! Die Einrichtung ist vollst\u00e4ndig abgeschlossen.<\/b><br> Besuchen Sie Ihre Website, um sich die Funktionsweise des Tools anzusehen.<\/li><\/ol><p>Wenn Sie auf Probleme sto\u00dfen, z\u00f6gern Sie nicht, sich zu bewerben Unser Support-Team. Unsere Spezialisten l\u00f6sen gerne alle Probleme, die Sie mit dem Widget haben k\u00f6nnten. <\/p> <div class=\"faq\" data-component=\"FAQ\"><div class=\"faq-item\">\r\n\t\t\t\t\t<div class=\"faq-item-question\">\r\n\t\t\t\t\t\t<h3 class=\"faq-item-question-text\">Wie f\u00fcge ich All-in-One-Chat ohne Programmierkenntnisse zu meiner iFrame-Website hinzu?<\/h3>\r\n\r\n\t\t\t\t\t\t<div class=\"faq-item-question-icon\"><\/div>\r\n\t\t\t\t\t<\/div>\r\n\r\n\t\t\t\t\t<div class=\"faq-item-answer\">\r\n\t\t\t\t\t\t<div class=\"faq-item-answer-text\"><p>Elfsight bietet eine SaaS-L\u00f6sung, mit der Sie einen All-in-One-Chat erstellen k\u00f6nnen Wenn Sie das Widget selbst erstellen, sehen Sie, wie einfach der Vorgang ist: Erstellen Sie direkt im Online-Editor ein All-in-One-Chat-Widget, das Sie gerne auf Ihrer iFrame-Website sehen m\u00f6chten. W\u00e4hlen Sie eine der vorgefertigten Vorlagen aus und passen Sie die All-in-One-Chat-Einstellungen an, f\u00fcgen Sie Ihre Inhalte hinzu, \u00e4ndern Sie das Layout und die Farben ohne Programmierkenntnisse. Speichern Sie den All-in-One-Chat und kopieren Sie seinen Installationscode, den Sie problemlos in Ihre iFrame-Website einbetten k\u00f6nnen, ohne eine kostenpflichtige Version kaufen zu m\u00fcssen. Mit unserem intuitiven Editor kann jeder Internetnutzer online ein All-in-One-Chat-Widget erstellen und es einfach in seine iFrame-Website einbetten. Sie m\u00fcssen weder bezahlen noch Ihre Kartendaten eingeben, um auf den Service zuzugreifen. Sollten bei irgendeinem Schritt Probleme auftreten, wenden Sie sich bitte an unser technisches Support-Team.<\/p><\/div>\r\n\t\t\t\t\t<\/div>\r\n\t\t\t\t<\/div><\/div><\/div>\n","protected":false},"excerpt":{"rendered":"","protected":false},"author":9,"featured_media":0,"parent":1238,"menu_order":0,"comment_status":"closed","ping_status":"closed","template":"templates\/template-application-platform.php","meta":{"publish_to_discourse":"","publish_post_category":"","wpdc_auto_publish_overridden":"","wpdc_topic_tags":"","wpdc_pin_topic":"","wpdc_pin_until":"","discourse_post_id":"","discourse_permalink":"","wpdc_publishing_response":"","wpdc_publishing_error":"","footnotes":""},"class_list":["post-16658","page","type-page","status-publish","hentry"],"yoast_head":"<!-- This site is optimized with the Yoast SEO plugin v25.3.1 - https:\/\/yoast.com\/wordpress\/plugins\/seo\/ -->\n<title>Live-Chat \u2013 Chatbox-Widget zu iFrame-Websites hinzuf\u00fcgen (kostenlos und einfach)<\/title>\n<meta name=\"description\" content=\"Betten Sie Ihr All-in-One-Live-Chat-Box-Widget in wenigen Minuten auf der iFrame-Startseite ein. Nutzen Sie unsere praktische Demo, um Ihr einzigartiges Widget einfach und ohne Programmieraufwand zu gestalten.\" \/>\n<meta name=\"robots\" content=\"index, follow, max-snippet:-1, max-image-preview:large, max-video-preview:-1\" \/>\n<link rel=\"canonical\" href=\"https:\/\/elfsight.com\/de\/all-in-one-chat-widget\/iframe\/\" \/>\n<meta property=\"og:locale\" content=\"de_DE\" \/>\n<meta property=\"og:type\" content=\"article\" \/>\n<meta property=\"og:title\" content=\"Live-Chat \u2013 Chatbox-Widget zu iFrame-Websites hinzuf\u00fcgen (kostenlos und einfach)\" \/>\n<meta property=\"og:description\" content=\"Betten Sie Ihr All-in-One-Live-Chat-Box-Widget in wenigen Minuten auf der iFrame-Startseite ein. Nutzen Sie unsere praktische Demo, um Ihr einzigartiges Widget einfach und ohne Programmieraufwand zu gestalten.\" \/>\n<meta property=\"og:url\" content=\"https:\/\/elfsight.com\/de\/all-in-one-chat-widget\/iframe\/\" \/>\n<meta property=\"og:site_name\" content=\"Elfsight DE\" \/>\n<meta property=\"article:modified_time\" content=\"2025-01-15T05:48:05+00:00\" \/>\n<meta name=\"twitter:card\" content=\"summary_large_image\" \/>\n<meta name=\"twitter:label1\" content=\"Gesch\u00e4tzte Lesezeit\" \/>\n\t<meta name=\"twitter:data1\" content=\"3\u00a0Minuten\" \/>\n<!-- \/ Yoast SEO plugin. -->","yoast_head_json":{"title":"Live-Chat \u2013 Chatbox-Widget zu iFrame-Websites hinzuf\u00fcgen (kostenlos und einfach)","description":"Betten Sie Ihr All-in-One-Live-Chat-Box-Widget in wenigen Minuten auf der iFrame-Startseite ein. Nutzen Sie unsere praktische Demo, um Ihr einzigartiges Widget einfach und ohne Programmieraufwand zu gestalten.","robots":{"index":"index","follow":"follow","max-snippet":"max-snippet:-1","max-image-preview":"max-image-preview:large","max-video-preview":"max-video-preview:-1"},"canonical":"https:\/\/elfsight.com\/de\/all-in-one-chat-widget\/iframe\/","og_locale":"de_DE","og_type":"article","og_title":"Live-Chat \u2013 Chatbox-Widget zu iFrame-Websites hinzuf\u00fcgen (kostenlos und einfach)","og_description":"Betten Sie Ihr All-in-One-Live-Chat-Box-Widget in wenigen Minuten auf der iFrame-Startseite ein. Nutzen Sie unsere praktische Demo, um Ihr einzigartiges Widget einfach und ohne Programmieraufwand zu gestalten.","og_url":"https:\/\/elfsight.com\/de\/all-in-one-chat-widget\/iframe\/","og_site_name":"Elfsight DE","article_modified_time":"2025-01-15T05:48:05+00:00","twitter_card":"summary_large_image","twitter_misc":{"Gesch\u00e4tzte Lesezeit":"3\u00a0Minuten"},"schema":{"@context":"https:\/\/schema.org","@graph":[{"@type":"WebPage","@id":"https:\/\/elfsight.com\/de\/all-in-one-chat-widget\/iframe\/","url":"https:\/\/elfsight.com\/de\/all-in-one-chat-widget\/iframe\/","name":"Live-Chat \u2013 Chatbox-Widget zu iFrame-Websites hinzuf\u00fcgen (kostenlos und einfach)","isPartOf":{"@id":"https:\/\/elfsight.com\/de\/#website"},"datePublished":"2024-05-03T06:26:54+00:00","dateModified":"2025-01-15T05:48:05+00:00","description":"Betten Sie Ihr All-in-One-Live-Chat-Box-Widget in wenigen Minuten auf der iFrame-Startseite ein. Nutzen Sie unsere praktische Demo, um Ihr einzigartiges Widget einfach und ohne Programmieraufwand zu gestalten.","breadcrumb":{"@id":"https:\/\/elfsight.com\/de\/all-in-one-chat-widget\/iframe\/#breadcrumb"},"inLanguage":"de","potentialAction":[{"@type":"ReadAction","target":["https:\/\/elfsight.com\/de\/all-in-one-chat-widget\/iframe\/"]}]},{"@type":"BreadcrumbList","@id":"https:\/\/elfsight.com\/de\/all-in-one-chat-widget\/iframe\/#breadcrumb","itemListElement":[{"@type":"ListItem","position":1,"name":"Home","item":"https:\/\/elfsight.com\/de\/"},{"@type":"ListItem","position":2,"name":"All-in-One Chat","item":"https:\/\/elfsight.com\/de\/all-in-one-chat-widget\/"},{"@type":"ListItem","position":3,"name":"All-in-One Chat &#8211; iFrame"}]},{"@type":"WebSite","@id":"https:\/\/elfsight.com\/de\/#website","url":"https:\/\/elfsight.com\/de\/","name":"Elfsight DE","description":"Just another Elfsight Sites site","potentialAction":[{"@type":"SearchAction","target":{"@type":"EntryPoint","urlTemplate":"https:\/\/elfsight.com\/de\/?s={search_term_string}"},"query-input":{"@type":"PropertyValueSpecification","valueRequired":true,"valueName":"search_term_string"}}],"inLanguage":"de"}]}},"meta_box":{"industry":"","seo_heading":"","heading":"","description":"","cta_heading":"","cta_description":"","application":"510","h1":"iFrame Live-Chat-Widget","h1_caption":"Bieten Sie Ihren Kunden die M\u00f6glichkeit, Sie m\u00fchelos \u00fcber ein Widget auf Ihrer iFrame-Website auf mehreren Messaging-Plattformen wie WhatsApp, Facebook, Telegram und mehr zu erreichen.","application_category":[],"applications_title":"","applications_request_title":"","applications_request_button_text":"","hero_text":"","hero_video":"","hero_video_schema_markup":"","selling_points_title":"","selling_points_caption":"","selling_points":[],"selling_points_cta_text":"","features_title":"","features":"","ed_cta_examples_text":"","ed_cta_examples_hidden":"","ed_cta_demo_text":"","ed_cta_demo_hidden":"","why_caption":"","why_editor_title":"","why_editor_text":"","why_team_title":"","why_team_text":"","why_service_title":"","why_service_text":"","template_catalog_visible":"0","template_catalog_title":"","template_catalog_text":"","template_catalog_categories_visible":"","demo_title":"Erstellen Sie Ihr All-in-One-Chat-Widget","demo_caption":"Konfigurieren Sie Ihren All-in-One-Chat und f\u00fcgen Sie ihn kostenlos zu Ihrer iFrame-Website hinzu!","default_faq_hidden":"","app_template_category":[],"platform":"240","template_public_id":"","codecanyon_url":"","codecanyon_item_id":"","codecanyon_price":"","pricing_caption":"","pricing_elfsight_apps_hide_column":"","pricing_elfsight_apps_url":"","pricing_codecanyon_price_caption":"","integration_category":[],"integration_request_title":"","integration_request_cta":"","integration_platform":"","integrations":[],"platform_category":[],"video_schema_markup":"","price":"ab 0 $ \/ Monat","trial":"","benefits":[{"text":"Kostenloser Installationsservice"},{"text":"Erfahrener Kundensupport"},{"text":"14-t\u00e4gige R\u00fcckerstattungsgarantie"},{"text":"Lebenslange kostenlose Updates"}],"button_url":"#demo","button_target_blank":"0","button_nofollow":"0","attributes":[{"name":"Installiert","content":"100,000 - 500,000"},{"name":"Reaktionsfreudig","content":"Ja"},{"name":"Kompatible Browser","content":"Firefox, Safari, Edge, Chrome, Opera"}],"tags":[],"tags_disable_links":"0","hide_more_platforms":"","video_object":"","demo_hide_cta":"0","demo_hide_cloud_options":"0","pricing_title":"","pricing":[{"pricing_icon":"platform","pricing_title":"Elfsight Apps","pricing_title_caption":"Multiplattform-Software","pricing_price":"ab 0 $ \/ Monat","pricing_price_caption":"Beginnen Sie mit einem kostenlosen Plan","pricing_benefits":[{"text":"Unbegrenzte Websites"},{"text":"Kostenloser Kundensupport"},{"text":"Kostenloser Installationsservice"},{"text":"Vollst\u00e4ndig anpassbar"}],"pricing_button_text":"Zur Website hinzuf\u00fcgen","pricing_button_url":"#demo"}],"related_apps_title":"","related_apps_hidden":"0","author":"","image":[],"title":"","job":"","social_networks":[]},"_links":{"self":[{"href":"https:\/\/elfsight.com\/de\/wp-json\/wp\/v2\/pages\/16658","targetHints":{"allow":["GET"]}}],"collection":[{"href":"https:\/\/elfsight.com\/de\/wp-json\/wp\/v2\/pages"}],"about":[{"href":"https:\/\/elfsight.com\/de\/wp-json\/wp\/v2\/types\/page"}],"author":[{"embeddable":true,"href":"https:\/\/elfsight.com\/de\/wp-json\/wp\/v2\/users\/9"}],"replies":[{"embeddable":true,"href":"https:\/\/elfsight.com\/de\/wp-json\/wp\/v2\/comments?post=16658"}],"version-history":[{"count":3,"href":"https:\/\/elfsight.com\/de\/wp-json\/wp\/v2\/pages\/16658\/revisions"}],"predecessor-version":[{"id":23720,"href":"https:\/\/elfsight.com\/de\/wp-json\/wp\/v2\/pages\/16658\/revisions\/23720"}],"up":[{"embeddable":true,"href":"https:\/\/elfsight.com\/de\/wp-json\/wp\/v2\/pages\/1238"}],"wp:attachment":[{"href":"https:\/\/elfsight.com\/de\/wp-json\/wp\/v2\/media?parent=16658"}],"curies":[{"name":"wp","href":"https:\/\/api.w.org\/{rel}","templated":true}]}}