{"id":16657,"date":"2024-05-03T06:26:53","date_gmt":"2024-05-03T06:26:53","guid":{"rendered":"https:\/\/elfsight.com\/de\/?page_id=16657"},"modified":"2025-01-15T05:49:15","modified_gmt":"2025-01-15T05:49:15","slug":"magento","status":"publish","type":"page","link":"https:\/\/elfsight.com\/de\/all-in-one-chat-widget\/magento\/","title":{"rendered":"All-in-One Chat &#8211; Magento"},"content":{"rendered":"\n<div class=\"application-platform-content-item-description application-platform-content-item\" id=\"description\" data-nav-section=\"description\"> <h2>Beschreibung<\/h2> <p>Das Elfsight Live Chat-Plugin ist eine der bequemsten M\u00f6glichkeiten f\u00fcr Website-Besucher, Sie anzusprechen und Unterst\u00fctzung zu erhalten Du. Sie bleiben rund um die Uhr in allen g\u00e4ngigen Messengern live verf\u00fcgbar. Betten Sie das Tool in Ihre Website ein und es kann auf bestimmten Seiten oder f\u00fcr bestimmte Zielgruppenkategorien aktiviert werden, w\u00e4hlen Sie Chat-Initiator-Aktivatoren aus, legen Sie Ihren eigenen Begr\u00fc\u00dfungstext fest, legen Sie Symbole fest und andere Funktionen. Mit Hilfe des aktiven Widgets bleiben Sie jederzeit und von \u00fcberall f\u00fcr Besucher erreichbar.<\/p> <p><b>Alle beliebtesten Messenger wie Facebook, WhatsApp, Viber, Telegram und vieles mehr in einem Die \u00fcberzeugendste und praktischste Interaktion mit Ihrem Publikum!<\/b><\/p> <p><b>Zentralisieren Sie Ihre Kundenanforderungen<\/b><br>Indem Sie alle bekannten Messaging-Kan\u00e4le in der responsiven Chat-Box-Erweiterung kombinieren, die Sie ben\u00f6tigen. Sie werden in der Lage sein, mehrere Aufgaben an einem Ort zu l\u00f6sen und so die Kundenzufriedenheit zu steigern.<\/p><p><b>Extrem anpassbares Tool<\/b><br>Telegram, Discord, Line, Facebook Messenger, WhatsApp, Viber, \u2013 Sie Es steht Ihnen frei, sie alle zusammen anzuwenden oder diejenigen auszuw\u00e4hlen, die Ihren Anforderungen entsprechen, indem Sie deren Farben, Gr\u00f6\u00dfe und mehr \u00e4ndern.<\/b><p><b>Gew\u00e4hren Sie eine Kommunikation in Echtzeit<\/b><br>Durch Einbetten Mit dem Live-Chat-Plugin auf den Seiten Ihrer Website lernen Sie Ihre Besucher besser kennen, indem Sie ihnen erstklassigen Service bieten und zielgerichtetere Dienste bereitstellen.<\/b><\/div> <div class=\"application-platform-content-item-features application-platform-content-item\" id=\"features\" data-nav-section=\"features\"> <h2>Sehen Sie sich die Liste der leistungsst\u00e4rksten Funktionen an: <\/h2> <ul><li>F\u00fcgen Sie das All-in-One-Chat-Messenger-Plugin auf Ihrer Seite hinzu, um mit Besuchern zu chatten. <\/li><li>3 Varianten der Chat-Position: schwebende Blase, eingebettete Blase und eingebettetes Chat-Fenster. <\/li><li>Eine Bibliothek mit Blasensymbolen zur Auswahl. <\/li><li>Flexibler Chat-Titel mit Seitenbild, Name und Bildunterschrift.<\/li><li>Sie k\u00f6nnen das Seitenbild standardm\u00e4\u00dfig aus unserer Sammlung ausw\u00e4hlen oder Ihr eigenes Bild hochladen. <\/li><\/ul><p><a href=\"#demo\">Untersuchen Sie alle Einstellungen in der Demo mit vollem Funktionsumfang<\/a><\/p> <\/div> <div class=\"application-platform-content-item-installation application-platform-content-item\" id=\"installation\" data-nav-section=\"installation\"> <h2>Wie bette ich die Live-Chat-Erweiterung in meine Magento-Site ein?<\/h2> <p>F\u00fchren Sie einfach die folgenden Richtlinien aus, um das Plugin zu integrieren.<\/p> <ol><li><b>Starten Sie unseren kostenlosen Editor und beginnen Sie mit der Erstellung Ihre personalisierte Erweiterung.<\/b><br> Finden Sie die bevorzugte Form und Spezifikationen des Plugins und speichern Sie alle Korrekturen.<\/li> <li><b>Sie erhalten Ihren pers\u00f6nlichen Code, der in der Box auf Elfsight Apps angezeigt wird. <\/b><br> Sobald die Konfiguration Ihres eigenen Plugins abgeschlossen ist, kopieren Sie den exklusiven Code in das angezeigte Feld und speichern Sie ihn f\u00fcr einen sp\u00e4teren Zeitpunkt.<\/li> <li><b>Beginnen Sie mit der Nutzung der Erweiterung Magento-Webseite.<\/b><br> Integrieren Sie den k\u00fcrzlich kopierten Code in Ihre Webseite und \u00fcbernehmen Sie die Anpassungen.<\/li> <li><b>Fertig! Die Integration wurde erfolgreich abgeschlossen.<\/b><br> \u00d6ffnen Sie Ihre Webseite, um einen Blick auf die Leistung des Chat-Plugins zu werfen.<\/li><\/ol><p>Wenn Sie auf Probleme sto\u00dfen, z\u00f6gern Sie nicht, Einspruch einzulegen an unser Kundenservice-Team. Unsere Spezialisten beantworten gerne alle Fragen, die Sie mit dem Tool haben.<\/p> <div class=\"faq\" data-component=\"FAQ\"><div class=\"faq-item\">\r\n\t\t\t\t\t<div class=\"faq-item-question\">\r\n\t\t\t\t\t\t<h3 class=\"faq-item-question-text\">Wie kann ich All-in-One-Chat ohne Programmierkenntnisse zu meiner Magento-Website hinzuf\u00fcgen?<\/h3>\r\n\r\n\t\t\t\t\t\t<div class=\"faq-item-question-icon\"><\/div>\r\n\t\t\t\t\t<\/div>\r\n\r\n\t\t\t\t\t<div class=\"faq-item-answer\">\r\n\t\t\t\t\t\t<div class=\"faq-item-answer-text\"><p>Elfsight bietet eine SaaS-L\u00f6sung, mit der Sie selbst ein All-in-One-Chat-Widget erstellen k\u00f6nnen. Sehen Sie, wie einfach der Vorgang ist: Arbeiten Sie direkt im Online-Editor, um ein All-in-One-Chat-Widget zu erstellen, das Sie gerne sehen m\u00f6chten Ihre Magento-Website. W\u00e4hlen Sie eine der vorgefertigten Vorlagen aus und passen Sie die All-in-One-Chat-Einstellungen an, f\u00fcgen Sie Ihre Inhalte hinzu, \u00e4ndern Sie das Layout und die Farben ohne Programmierkenntnisse. Speichern Sie den All-in-One-Chat und kopieren Sie seinen Installationscode, damit Sie ihn problemlos in Ihre Magento-Website integrieren k\u00f6nnen, ohne einen kostenpflichtigen Plan kaufen zu m\u00fcssen. Mit unserem intuitiven Editor kann jeder Internetnutzer online ein All-in-One-Chat-Widget erstellen und es einfach in seine Magento-Website einbetten. Sie m\u00fcssen weder bezahlen noch Ihre Kartendaten eingeben, um auf den Service zuzugreifen. Sollten bei irgendeinem Schritt Probleme auftreten, wenden Sie sich bitte an unser technisches Support-Team.<\/p><\/div>\r\n\t\t\t\t\t<\/div>\r\n\t\t\t\t<\/div><\/div><\/div>\n","protected":false},"excerpt":{"rendered":"","protected":false},"author":9,"featured_media":0,"parent":1238,"menu_order":0,"comment_status":"closed","ping_status":"closed","template":"templates\/template-application-platform.php","meta":{"publish_to_discourse":"","publish_post_category":"","wpdc_auto_publish_overridden":"","wpdc_topic_tags":"","wpdc_pin_topic":"","wpdc_pin_until":"","discourse_post_id":"","discourse_permalink":"","wpdc_publishing_response":"","wpdc_publishing_error":"","footnotes":""},"class_list":["post-16657","page","type-page","status-publish","hentry"],"yoast_head":"<!-- This site is optimized with the Yoast SEO plugin v25.3.1 - https:\/\/yoast.com\/wordpress\/plugins\/seo\/ -->\n<title>Live-Chat \u2013 Chatbox-Widget zu Magento-Websites hinzuf\u00fcgen (kostenlos und einfach)<\/title>\n<meta name=\"description\" content=\"F\u00fcgen Sie Ihre All-in-One-Live-Chat-Erweiterung in 1-2-3 zur Magento-Website hinzu. Nutzen Sie unsere aktive Demo, um m\u00fchelos Ihr einzigartiges Chat-Plugin zu erstellen.\" \/>\n<meta name=\"robots\" content=\"index, follow, max-snippet:-1, max-image-preview:large, max-video-preview:-1\" \/>\n<link rel=\"canonical\" href=\"https:\/\/elfsight.com\/de\/all-in-one-chat-widget\/magento\/\" \/>\n<meta property=\"og:locale\" content=\"de_DE\" \/>\n<meta property=\"og:type\" content=\"article\" \/>\n<meta property=\"og:title\" content=\"Live-Chat \u2013 Chatbox-Widget zu Magento-Websites hinzuf\u00fcgen (kostenlos und einfach)\" \/>\n<meta property=\"og:description\" content=\"F\u00fcgen Sie Ihre All-in-One-Live-Chat-Erweiterung in 1-2-3 zur Magento-Website hinzu. Nutzen Sie unsere aktive Demo, um m\u00fchelos Ihr einzigartiges Chat-Plugin zu erstellen.\" \/>\n<meta property=\"og:url\" content=\"https:\/\/elfsight.com\/de\/all-in-one-chat-widget\/magento\/\" \/>\n<meta property=\"og:site_name\" content=\"Elfsight DE\" \/>\n<meta property=\"article:modified_time\" content=\"2025-01-15T05:49:15+00:00\" \/>\n<meta name=\"twitter:card\" content=\"summary_large_image\" \/>\n<meta name=\"twitter:label1\" content=\"Gesch\u00e4tzte Lesezeit\" \/>\n\t<meta name=\"twitter:data1\" content=\"4\u00a0Minuten\" \/>\n<!-- \/ Yoast SEO plugin. -->","yoast_head_json":{"title":"Live-Chat \u2013 Chatbox-Widget zu Magento-Websites hinzuf\u00fcgen (kostenlos und einfach)","description":"F\u00fcgen Sie Ihre All-in-One-Live-Chat-Erweiterung in 1-2-3 zur Magento-Website hinzu. Nutzen Sie unsere aktive Demo, um m\u00fchelos Ihr einzigartiges Chat-Plugin zu erstellen.","robots":{"index":"index","follow":"follow","max-snippet":"max-snippet:-1","max-image-preview":"max-image-preview:large","max-video-preview":"max-video-preview:-1"},"canonical":"https:\/\/elfsight.com\/de\/all-in-one-chat-widget\/magento\/","og_locale":"de_DE","og_type":"article","og_title":"Live-Chat \u2013 Chatbox-Widget zu Magento-Websites hinzuf\u00fcgen (kostenlos und einfach)","og_description":"F\u00fcgen Sie Ihre All-in-One-Live-Chat-Erweiterung in 1-2-3 zur Magento-Website hinzu. Nutzen Sie unsere aktive Demo, um m\u00fchelos Ihr einzigartiges Chat-Plugin zu erstellen.","og_url":"https:\/\/elfsight.com\/de\/all-in-one-chat-widget\/magento\/","og_site_name":"Elfsight DE","article_modified_time":"2025-01-15T05:49:15+00:00","twitter_card":"summary_large_image","twitter_misc":{"Gesch\u00e4tzte Lesezeit":"4\u00a0Minuten"},"schema":{"@context":"https:\/\/schema.org","@graph":[{"@type":"WebPage","@id":"https:\/\/elfsight.com\/de\/all-in-one-chat-widget\/magento\/","url":"https:\/\/elfsight.com\/de\/all-in-one-chat-widget\/magento\/","name":"Live-Chat \u2013 Chatbox-Widget zu Magento-Websites hinzuf\u00fcgen (kostenlos und einfach)","isPartOf":{"@id":"https:\/\/elfsight.com\/de\/#website"},"datePublished":"2024-05-03T06:26:53+00:00","dateModified":"2025-01-15T05:49:15+00:00","description":"F\u00fcgen Sie Ihre All-in-One-Live-Chat-Erweiterung in 1-2-3 zur Magento-Website hinzu. Nutzen Sie unsere aktive Demo, um m\u00fchelos Ihr einzigartiges Chat-Plugin zu erstellen.","breadcrumb":{"@id":"https:\/\/elfsight.com\/de\/all-in-one-chat-widget\/magento\/#breadcrumb"},"inLanguage":"de","potentialAction":[{"@type":"ReadAction","target":["https:\/\/elfsight.com\/de\/all-in-one-chat-widget\/magento\/"]}]},{"@type":"BreadcrumbList","@id":"https:\/\/elfsight.com\/de\/all-in-one-chat-widget\/magento\/#breadcrumb","itemListElement":[{"@type":"ListItem","position":1,"name":"Home","item":"https:\/\/elfsight.com\/de\/"},{"@type":"ListItem","position":2,"name":"All-in-One Chat","item":"https:\/\/elfsight.com\/de\/all-in-one-chat-widget\/"},{"@type":"ListItem","position":3,"name":"All-in-One Chat &#8211; Magento"}]},{"@type":"WebSite","@id":"https:\/\/elfsight.com\/de\/#website","url":"https:\/\/elfsight.com\/de\/","name":"Elfsight DE","description":"Just another Elfsight Sites site","potentialAction":[{"@type":"SearchAction","target":{"@type":"EntryPoint","urlTemplate":"https:\/\/elfsight.com\/de\/?s={search_term_string}"},"query-input":{"@type":"PropertyValueSpecification","valueRequired":true,"valueName":"search_term_string"}}],"inLanguage":"de"}]}},"meta_box":{"industry":"","seo_heading":"","heading":"","description":"","cta_heading":"","cta_description":"","application":"510","h1":"Magento Live Chat-Erweiterung","h1_caption":"Bieten Sie Ihren Kunden die M\u00f6glichkeit, Sie m\u00fchelos \u00fcber eine Erweiterung Ihrer Magento-Website auf mehreren Messaging-Plattformen wie WhatsApp, Facebook, Telegram und mehr zu erreichen.","application_category":[],"applications_title":"","applications_request_title":"","applications_request_button_text":"","hero_text":"","hero_video":"","hero_video_schema_markup":"","selling_points_title":"","selling_points_caption":"","selling_points":[],"selling_points_cta_text":"","features_title":"","features":"","ed_cta_examples_text":"","ed_cta_examples_hidden":"","ed_cta_demo_text":"","ed_cta_demo_hidden":"","why_caption":"","why_editor_title":"","why_editor_text":"","why_team_title":"","why_team_text":"","why_service_title":"","why_service_text":"","template_catalog_visible":"0","template_catalog_title":"","template_catalog_text":"","template_catalog_categories_visible":"","demo_title":"Erstellen Sie Ihre All-in-One-Chat-Erweiterung","demo_caption":"Konfigurieren Sie Ihren All-in-One-Chat und f\u00fcgen Sie ihn kostenlos zu Ihrer Magento-Website hinzu!","default_faq_hidden":"","app_template_category":[],"platform":"256","template_public_id":"","codecanyon_url":"","codecanyon_item_id":"","codecanyon_price":"","pricing_caption":"","pricing_elfsight_apps_hide_column":"","pricing_elfsight_apps_url":"","pricing_codecanyon_price_caption":"","integration_category":[],"integration_request_title":"","integration_request_cta":"","integration_platform":"","integrations":[],"platform_category":[],"video_schema_markup":"","price":"ab 0 $ \/ Monat","trial":"","benefits":[{"text":"Kostenlose Installationshilfe"},{"text":"Effektiver Kundenservice"},{"text":"14-t\u00e4gige R\u00fcckerstattungsgarantie"},{"text":"St\u00e4ndige Aktualisierung"}],"button_url":"#demo","button_target_blank":"0","button_nofollow":"0","attributes":[{"name":"Installiert","content":"100,000 - 500,000"},{"name":"Reaktionsfreudig","content":"Ja"},{"name":"Kompatible Browser","content":"Firefox, Safari, Opera, Chrome, Edge"}],"tags":[],"tags_disable_links":"0","hide_more_platforms":"","video_object":"","demo_hide_cta":"0","demo_hide_cloud_options":"0","pricing_title":"","pricing":[{"pricing_icon":"platform","pricing_title":"Elfsight Apps","pricing_title_caption":"Plattformunabh\u00e4ngige Version, die auf jeder Website funktioniert","pricing_price":"ab 0 $ \/ Monat","pricing_price_caption":"Beginnen Sie mit einem kostenlosen Plan","pricing_benefits":[{"text":"Unbegrenzte Websites"},{"text":"Professionelle Unternehmensunterst\u00fctzung und gut dokumentiert"},{"text":"Kostenlose Installationshilfe"},{"text":"Flexibles Design"}],"pricing_button_text":"Zur Website hinzuf\u00fcgen","pricing_button_url":"#demo"}],"related_apps_title":"","related_apps_hidden":"0","author":"","image":[],"title":"","job":"","social_networks":[]},"_links":{"self":[{"href":"https:\/\/elfsight.com\/de\/wp-json\/wp\/v2\/pages\/16657","targetHints":{"allow":["GET"]}}],"collection":[{"href":"https:\/\/elfsight.com\/de\/wp-json\/wp\/v2\/pages"}],"about":[{"href":"https:\/\/elfsight.com\/de\/wp-json\/wp\/v2\/types\/page"}],"author":[{"embeddable":true,"href":"https:\/\/elfsight.com\/de\/wp-json\/wp\/v2\/users\/9"}],"replies":[{"embeddable":true,"href":"https:\/\/elfsight.com\/de\/wp-json\/wp\/v2\/comments?post=16657"}],"version-history":[{"count":3,"href":"https:\/\/elfsight.com\/de\/wp-json\/wp\/v2\/pages\/16657\/revisions"}],"predecessor-version":[{"id":23721,"href":"https:\/\/elfsight.com\/de\/wp-json\/wp\/v2\/pages\/16657\/revisions\/23721"}],"up":[{"embeddable":true,"href":"https:\/\/elfsight.com\/de\/wp-json\/wp\/v2\/pages\/1238"}],"wp:attachment":[{"href":"https:\/\/elfsight.com\/de\/wp-json\/wp\/v2\/media?parent=16657"}],"curies":[{"name":"wp","href":"https:\/\/api.w.org\/{rel}","templated":true}]}}