{"id":16656,"date":"2024-05-03T06:26:52","date_gmt":"2024-05-03T06:26:52","guid":{"rendered":"https:\/\/elfsight.com\/de\/?page_id=16656"},"modified":"2025-01-15T05:50:19","modified_gmt":"2025-01-15T05:50:19","slug":"html","status":"publish","type":"page","link":"https:\/\/elfsight.com\/de\/all-in-one-chat-widget\/html\/","title":{"rendered":"All-in-One Chat &#8211; HTML"},"content":{"rendered":"\n<div class=\"application-platform-content-item-description application-platform-content-item\" id=\"description\" data-nav-section=\"description\"> <h2>Beschreibung<\/h2> <p>All-in-One-Chat-Box von Elfsight ist eine der schnellsten M\u00f6glichkeiten f\u00fcr Benutzer, Sie anzusprechen Antworten auf ihre Fragen erhalten. Sie bleiben in allen g\u00e4ngigen Messengern online verf\u00fcgbar. Integrieren Sie das Tool auf Ihrer Seite und stellen Sie es so ein, dass es auf bestimmten Seiten oder f\u00fcr bestimmte Zielgruppen angezeigt wird, weisen Sie Start-Chat-Aktivatoren zu, schreiben Sie Ihren eigenen Begr\u00fc\u00dfungstext, w\u00e4hlen Sie Symbole aus und vieles mehr. Mit dem Widget auf Ihrer Seite bleiben Sie jederzeit und von \u00fcberall f\u00fcr Besucher erreichbar. <\/p> <p><b>Seien Sie leicht zu erreichen und reagieren Sie schnell, steigern Sie Ihre K\u00e4ufe durch Beratung<\/b><\/p> <\/div> <div class=\"application-platform-content-item-features application-platform-content-item\" id=\"features\" data-nav-section=\"features\"> <h2>Das Widget ist leistungsstark und einfache Funktionen, sehen Sie sich einige davon an: <\/h2> <ul><li>Integrieren Sie den All-in-One-Chat-Messenger-Code auf Ihrer Seite, um mit Benutzern zu chatten. <\/li><li>3 Varianten der Chat-Position: schwebende Blase, eingebettete Blase und eingebettetes Chat-Fenster. <\/li><li>Eine Sammlung von Blasensymbolen zur Auswahl. <\/li><li>Flexibler Chat-Header mit Seitenbild, Name und Untertitel.<\/li><li>Sie k\u00f6nnen das Seitenbild standardm\u00e4\u00dfig aus unserer Bibliothek ausw\u00e4hlen oder ein benutzerdefiniertes Bild hochladen. <\/li><\/ul><p><a href=\"#demo\">Was das Widget wert ist, k\u00f6nnen Sie anhand der Demo pr\u00fcfen<\/a><\/p> <\/div> <div class=\"application-platform-content-item-installation application-platform-content-item\" id=\"installation\" data-nav-section=\"installation\"> <h2>Wie f\u00fcge ich Live-Chat-Box-Code zu meiner HTML-Website hinzu?<\/h2> <div class=\"video-container\"><iframe width=\"560\" height=\"315\" src=\"https:\/\/www.youtube.com\/embed\/2oUnpinxdaQ?si=TOcUZizvxo1raLMp\" frameborder=\"0\" allow=\"accelerometer; autoplay; clipboard-write; encrypted-media; gyroscope; picture-in-picture; web-share\" allowfullscreen><\/iframe><\/div><p>Befolgen Sie einfach die unten aufgef\u00fchrten Schritte, um das Plugin einzubetten.<\/p> <ol><li><b>Starten Sie unseren kostenlosen Editor und beginnen Sie mit der Erstellung Ihres individuellen Widgets. <\/b><br> Geben Sie die bevorzugte Schnittstelle und die Parameter des Widgets an und speichern Sie die \u00c4nderungen.<\/li> <li><b>Erhalten Sie Ihren individuellen Code, der im Feld auf Elfsight Apps angezeigt wird. <\/b><br> Wenn die Einrichtung Ihres Tools abgeschlossen ist, kopieren Sie den pers\u00f6nlichen Code im angezeigten Popup und speichern Sie ihn zur sp\u00e4teren Verwendung.<\/li> <li><b>Beginnen Sie mit der Verwendung des Widgets auf Ihrer HTML-Homepage. <\/b><br> Implementieren Sie den Code, den Sie k\u00fcrzlich kopiert haben, in Ihre Homepage und speichern Sie die Korrekturen.<\/li> <li><b>Fertig! Die Einbettung wurde erfolgreich abgeschlossen.<\/b><br> Besuchen Sie Ihre Seite, um zu sehen, wie das Tool funktioniert.<\/li><\/ol> <p>Sollten Probleme auftreten, wenden Sie sich bitte an unser Support-Team. Unsere Berater helfen Ihnen gerne bei allen Fragen rund um das Produkt weiter.<\/p><div class=\"faq\" data-component=\"FAQ\"><div class=\"faq-item\">\r\n\t\t\t\t\t<div class=\"faq-item-question\">\r\n\t\t\t\t\t\t<h3 class=\"faq-item-question-text\">Wie kann ich All-in-one Chat ohne Programmierkenntnisse zu meiner HTML-Website hinzuf\u00fcgen?<\/h3>\r\n\r\n\t\t\t\t\t\t<div class=\"faq-item-question-icon\"><\/div>\r\n\t\t\t\t\t<\/div>\r\n\r\n\t\t\t\t\t<div class=\"faq-item-answer\">\r\n\t\t\t\t\t\t<div class=\"faq-item-answer-text\"><p>Elfsight bietet eine SaaS-L\u00f6sung, mit der Sie selbst ein All-in-One-Chat-Widget erstellen k\u00f6nnen. Sehen Sie, wie einfach der Vorgang ist: Arbeiten Sie direkt im Online-Editor, um ein All-in-One-Chat-Widget zu erstellen, das Sie m\u00f6chten siehe auf Ihrer HTML-Website. W\u00e4hlen Sie eine der vorgefertigten Vorlagen aus und passen Sie die All-in-One-Chat-Einstellungen an, f\u00fcgen Sie Ihre Inhalte hinzu, \u00e4ndern Sie das Layout und die Farben ohne Programmierkenntnisse. Speichern Sie den All-in-One-Chat und kopieren Sie seinen Installationscode, den Sie problemlos in Ihre HTML-Website einbetten k\u00f6nnen, ohne eine kostenpflichtige Version kaufen zu m\u00fcssen. Mit unserem intuitiven Editor kann jeder Internetnutzer online ein All-in-One-Chat-Widget erstellen und es einfach in seine HTML-Website einbetten. Sie m\u00fcssen weder bezahlen noch Ihre Kartendaten eingeben, um auf den Service zuzugreifen. Sollten bei irgendeinem Schritt Probleme auftreten, wenden Sie sich bitte an unser technisches Support-Team.<\/p><\/div>\r\n\t\t\t\t\t<\/div>\r\n\t\t\t\t<\/div><\/div><\/div>\n","protected":false},"excerpt":{"rendered":"","protected":false},"author":9,"featured_media":0,"parent":1238,"menu_order":0,"comment_status":"closed","ping_status":"closed","template":"templates\/template-application-platform.php","meta":{"publish_to_discourse":"","publish_post_category":"","wpdc_auto_publish_overridden":"","wpdc_topic_tags":"","wpdc_pin_topic":"","wpdc_pin_until":"","discourse_post_id":"","discourse_permalink":"","wpdc_publishing_response":"","wpdc_publishing_error":"","footnotes":""},"class_list":["post-16656","page","type-page","status-publish","hentry"],"yoast_head":"<!-- This site is optimized with the Yoast SEO plugin v25.3.1 - https:\/\/yoast.com\/wordpress\/plugins\/seo\/ -->\n<title>Live-Chat \u2013 Online-Chat-Widget zu HTML-Websites hinzuf\u00fcgen (kostenlos und einfach)<\/title>\n<meta name=\"description\" content=\"F\u00fcgen Sie Ihren All-in-One-Live-Chat-Box-Code in 1-2-3 zur HTML-Site hinzu. Nutzen Sie unsere aktive Demo, um Ihr einzigartiges Widget m\u00fchelos und ohne Programmieraufwand zu erstellen.\" \/>\n<meta name=\"robots\" content=\"index, follow, max-snippet:-1, max-image-preview:large, max-video-preview:-1\" \/>\n<link rel=\"canonical\" href=\"https:\/\/elfsight.com\/de\/all-in-one-chat-widget\/html\/\" \/>\n<meta property=\"og:locale\" content=\"de_DE\" \/>\n<meta property=\"og:type\" content=\"article\" \/>\n<meta property=\"og:title\" content=\"Live-Chat \u2013 Online-Chat-Widget zu HTML-Websites hinzuf\u00fcgen (kostenlos und einfach)\" \/>\n<meta property=\"og:description\" content=\"F\u00fcgen Sie Ihren All-in-One-Live-Chat-Box-Code in 1-2-3 zur HTML-Site hinzu. Nutzen Sie unsere aktive Demo, um Ihr einzigartiges Widget m\u00fchelos und ohne Programmieraufwand zu erstellen.\" \/>\n<meta property=\"og:url\" content=\"https:\/\/elfsight.com\/de\/all-in-one-chat-widget\/html\/\" \/>\n<meta property=\"og:site_name\" content=\"Elfsight DE\" \/>\n<meta property=\"article:modified_time\" content=\"2025-01-15T05:50:19+00:00\" \/>\n<meta name=\"twitter:card\" content=\"summary_large_image\" \/>\n<meta name=\"twitter:label1\" content=\"Gesch\u00e4tzte Lesezeit\" \/>\n\t<meta name=\"twitter:data1\" content=\"3\u00a0Minuten\" \/>\n<!-- \/ Yoast SEO plugin. -->","yoast_head_json":{"title":"Live-Chat \u2013 Online-Chat-Widget zu HTML-Websites hinzuf\u00fcgen (kostenlos und einfach)","description":"F\u00fcgen Sie Ihren All-in-One-Live-Chat-Box-Code in 1-2-3 zur HTML-Site hinzu. Nutzen Sie unsere aktive Demo, um Ihr einzigartiges Widget m\u00fchelos und ohne Programmieraufwand zu erstellen.","robots":{"index":"index","follow":"follow","max-snippet":"max-snippet:-1","max-image-preview":"max-image-preview:large","max-video-preview":"max-video-preview:-1"},"canonical":"https:\/\/elfsight.com\/de\/all-in-one-chat-widget\/html\/","og_locale":"de_DE","og_type":"article","og_title":"Live-Chat \u2013 Online-Chat-Widget zu HTML-Websites hinzuf\u00fcgen (kostenlos und einfach)","og_description":"F\u00fcgen Sie Ihren All-in-One-Live-Chat-Box-Code in 1-2-3 zur HTML-Site hinzu. Nutzen Sie unsere aktive Demo, um Ihr einzigartiges Widget m\u00fchelos und ohne Programmieraufwand zu erstellen.","og_url":"https:\/\/elfsight.com\/de\/all-in-one-chat-widget\/html\/","og_site_name":"Elfsight DE","article_modified_time":"2025-01-15T05:50:19+00:00","twitter_card":"summary_large_image","twitter_misc":{"Gesch\u00e4tzte Lesezeit":"3\u00a0Minuten"},"schema":{"@context":"https:\/\/schema.org","@graph":[{"@type":"WebPage","@id":"https:\/\/elfsight.com\/de\/all-in-one-chat-widget\/html\/","url":"https:\/\/elfsight.com\/de\/all-in-one-chat-widget\/html\/","name":"Live-Chat \u2013 Online-Chat-Widget zu HTML-Websites hinzuf\u00fcgen (kostenlos und einfach)","isPartOf":{"@id":"https:\/\/elfsight.com\/de\/#website"},"datePublished":"2024-05-03T06:26:52+00:00","dateModified":"2025-01-15T05:50:19+00:00","description":"F\u00fcgen Sie Ihren All-in-One-Live-Chat-Box-Code in 1-2-3 zur HTML-Site hinzu. Nutzen Sie unsere aktive Demo, um Ihr einzigartiges Widget m\u00fchelos und ohne Programmieraufwand zu erstellen.","breadcrumb":{"@id":"https:\/\/elfsight.com\/de\/all-in-one-chat-widget\/html\/#breadcrumb"},"inLanguage":"de","potentialAction":[{"@type":"ReadAction","target":["https:\/\/elfsight.com\/de\/all-in-one-chat-widget\/html\/"]}]},{"@type":"BreadcrumbList","@id":"https:\/\/elfsight.com\/de\/all-in-one-chat-widget\/html\/#breadcrumb","itemListElement":[{"@type":"ListItem","position":1,"name":"Home","item":"https:\/\/elfsight.com\/de\/"},{"@type":"ListItem","position":2,"name":"All-in-One Chat","item":"https:\/\/elfsight.com\/de\/all-in-one-chat-widget\/"},{"@type":"ListItem","position":3,"name":"All-in-One Chat &#8211; HTML"}]},{"@type":"WebSite","@id":"https:\/\/elfsight.com\/de\/#website","url":"https:\/\/elfsight.com\/de\/","name":"Elfsight DE","description":"Just another Elfsight Sites site","potentialAction":[{"@type":"SearchAction","target":{"@type":"EntryPoint","urlTemplate":"https:\/\/elfsight.com\/de\/?s={search_term_string}"},"query-input":{"@type":"PropertyValueSpecification","valueRequired":true,"valueName":"search_term_string"}}],"inLanguage":"de"}]}},"meta_box":{"industry":"","seo_heading":"","heading":"","description":"","cta_heading":"","cta_description":"","application":"510","h1":"HTML-Live-Chat-Boxcode","h1_caption":"Bieten Sie Ihren Kunden die M\u00f6glichkeit, Sie m\u00fchelos \u00fcber ein Widget in Ihrer HTML-Website auf mehreren Messaging-Plattformen wie WhatsApp, Facebook, Telegram und mehr zu erreichen.","application_category":[],"applications_title":"","applications_request_title":"","applications_request_button_text":"","hero_text":"","hero_video":"","hero_video_schema_markup":"","selling_points_title":"","selling_points_caption":"","selling_points":[],"selling_points_cta_text":"","features_title":"","features":"","ed_cta_examples_text":"","ed_cta_examples_hidden":"","ed_cta_demo_text":"","ed_cta_demo_hidden":"","why_caption":"","why_editor_title":"","why_editor_text":"","why_team_title":"","why_team_text":"","why_service_title":"","why_service_text":"","template_catalog_visible":"0","template_catalog_title":"","template_catalog_text":"","template_catalog_categories_visible":"","demo_title":"Erstellen Sie Ihr All-in-One-Chat-Widget","demo_caption":"Konfigurieren Sie Ihren All-in-One-Chat und f\u00fcgen Sie ihn kostenlos zu Ihrer HTML-Website hinzu!","default_faq_hidden":"","app_template_category":[],"platform":"260","template_public_id":"","codecanyon_url":"","codecanyon_item_id":"","codecanyon_price":"","pricing_caption":"","pricing_elfsight_apps_hide_column":"","pricing_elfsight_apps_url":"","pricing_codecanyon_price_caption":"","integration_category":[],"integration_request_title":"","integration_request_cta":"","integration_platform":"","integrations":[],"platform_category":[],"video_schema_markup":"","price":"ab 0 $ \/ Monat","trial":"","benefits":[{"text":"Kostenlose Installationsunterst\u00fctzung"},{"text":"Kompetenter Kundenservice"},{"text":"14-t\u00e4gige R\u00fcckerstattungsgarantie"},{"text":"Regelm\u00e4\u00dfige kostenlose Verbesserungen"}],"button_url":"#demo","button_target_blank":"0","button_nofollow":"0","attributes":[{"name":"Installiert","content":"100,000 - 500,000"},{"name":"Reaktionsfreudig","content":"Ja"},{"name":"Kompatible Browser","content":"Firefox, Safari, Opera, Chrome, Edge"}],"tags":[],"tags_disable_links":"0","hide_more_platforms":"","video_object":"","demo_hide_cta":"0","demo_hide_cloud_options":"0","pricing_title":"","pricing":[{"pricing_icon":"platform","pricing_title":"Elfsight Apps","pricing_title_caption":"Plattform\u00fcbergreifende L\u00f6sung, die auf jeder Website funktioniert","pricing_price":"ab 0 $ \/ Monat","pricing_price_caption":"Beginnen Sie mit einem kostenlosen Plan","pricing_benefits":[{"text":"Unbegrenzte Domains"},{"text":"Kostenloser Kundensupport"},{"text":"Kostenloser Installationssupport"},{"text":"Preis f\u00fcr mehrere Apps"}],"pricing_button_text":"Zur Website hinzuf\u00fcgen","pricing_button_url":"#demo"}],"related_apps_title":"","related_apps_hidden":"0","author":"","image":[],"title":"","job":"","social_networks":[]},"_links":{"self":[{"href":"https:\/\/elfsight.com\/de\/wp-json\/wp\/v2\/pages\/16656","targetHints":{"allow":["GET"]}}],"collection":[{"href":"https:\/\/elfsight.com\/de\/wp-json\/wp\/v2\/pages"}],"about":[{"href":"https:\/\/elfsight.com\/de\/wp-json\/wp\/v2\/types\/page"}],"author":[{"embeddable":true,"href":"https:\/\/elfsight.com\/de\/wp-json\/wp\/v2\/users\/9"}],"replies":[{"embeddable":true,"href":"https:\/\/elfsight.com\/de\/wp-json\/wp\/v2\/comments?post=16656"}],"version-history":[{"count":3,"href":"https:\/\/elfsight.com\/de\/wp-json\/wp\/v2\/pages\/16656\/revisions"}],"predecessor-version":[{"id":23722,"href":"https:\/\/elfsight.com\/de\/wp-json\/wp\/v2\/pages\/16656\/revisions\/23722"}],"up":[{"embeddable":true,"href":"https:\/\/elfsight.com\/de\/wp-json\/wp\/v2\/pages\/1238"}],"wp:attachment":[{"href":"https:\/\/elfsight.com\/de\/wp-json\/wp\/v2\/media?parent=16656"}],"curies":[{"name":"wp","href":"https:\/\/api.w.org\/{rel}","templated":true}]}}