{"id":16650,"date":"2024-05-03T06:26:50","date_gmt":"2024-05-03T06:26:50","guid":{"rendered":"https:\/\/elfsight.com\/de\/?page_id=16650"},"modified":"2025-01-15T05:52:32","modified_gmt":"2025-01-15T05:52:32","slug":"opencart","status":"publish","type":"page","link":"https:\/\/elfsight.com\/de\/all-in-one-chat-widget\/opencart\/","title":{"rendered":"All-in-One Chat &#8211; OpenCart"},"content":{"rendered":"\n<div class=\"application-platform-content-item-description application-platform-content-item\" id=\"description\" data-nav-section=\"description\"> <h2>Beschreibung<\/h2> <p>Das Elfsight Live Chat-Modul ist eine der schnellsten M\u00f6glichkeiten f\u00fcr Menschen, mit Ihnen in Kontakt zu treten und Antworten auf ihre Fragen zu erhalten. Sie k\u00f6nnen in allen beliebten Chats ununterbrochen live verf\u00fcgbar bleiben. Betten Sie die Erweiterung in Ihre Website ein und sie kann nur auf bestimmten Seiten oder f\u00fcr bestimmte Zielgruppen aktiv sein, w\u00e4hlen Sie Start-Chat-Ausl\u00f6ser, schreiben Sie Ihre Willkommensnachricht, w\u00e4hlen Sie Symbole aus und vieles mehr. Wenn Sie das Widget aktiv nutzen, bleiben Sie jederzeit und von \u00fcberall f\u00fcr Menschen erreichbar. <\/p> <p><b>Bleiben Sie leicht zug\u00e4nglich und k\u00f6nnen Sie schnell antworten, steigern Sie Ihren Umsatz durch Beratung<\/b><\/p> <\/div> <div class=\"application-platform-content-item-features application-platform-content-item\" id=\"features\" data-nav-section=\"features\"> <h2>Die grundlegenden Erweiterungsfunktionen enthalten<\/h2> <ul><li>Betten Sie das All-in-One-Live-Chat-Messenger-Modul in Ihre Website ein, um mit Benutzern zu chatten. <\/li><li>Drei Arten von Chat-Positionen: schwebende Blase, eingebettete Blase und eingebettetes Chat-Fenster. <\/li><li>Eine Bibliothek mit Blasensymbolen zur Auswahl. <\/li><li>Formbarer Chat-Titel mit Seitenbild, Name und Untertitel.<\/li><li>Festlegen des Seitenbilds als Standard, aus unserer Sammlung oder Hochladen eines benutzerdefinierten Bilds. <\/li><\/ul><p><a href=\"#demo\">Sie k\u00f6nnen sp\u00fcren, ob das Widget f\u00fcr Sie geeignet ist, indem Sie die Demo ausprobieren<\/a><\/p> <div class=\"faq\" data-component=\"FAQ\"><div class=\"faq-item\">\r\n\t\t\t\t\t<div class=\"faq-item-question\">\r\n\t\t\t\t\t\t<h3 class=\"faq-item-question-text\">Wie So f\u00fcgen Sie das All-in-One-Chat-Feld zu einer Opencart-Seite hinzu?<\/h3>\r\n\r\n\t\t\t\t\t\t<div class=\"faq-item-question-icon\"><\/div>\r\n\t\t\t\t\t<\/div>\r\n\r\n\t\t\t\t\t<div class=\"faq-item-answer\">\r\n\t\t\t\t\t\t<div class=\"faq-item-answer-text\"><p>Das Hinzuf\u00fcgen des Chat-Plugins zur Website dauert nur etwa 90 Sekunden. Dar\u00fcber hinaus sind keine Kenntnisse in Webprogrammierung erforderlich. <\/p><ol><li>Passen Sie die Erweiterung f\u00fcr Opencart im kostenlosen Live-Konfigurator an. <\/li> <li>Kopieren Sie Ihren Installationscode. <\/li> <li>Betten Sie den Code an der ben\u00f6tigten Stelle in der Site-Vorlage ein. <\/li> <li>Verstanden! Die Einrichtung des Chat-Plugins auf Opencart ist abgeschlossen! <\/li><\/ol><p>Haben Sie Probleme beim Einf\u00fcgen der Erweiterung in Opencart oder beim Einrichten Ihres All-in-One-Chats? M\u00f6glicherweise finden Sie die ausf\u00fchrliche Anleitung zum Hinzuf\u00fcgen eines Chat-Moduls <a href=\"https:\/\/elfsight.com\/tutorials\/how-to-add-live-chat-to-website\/#how-to-add-live-chat -to-opencart\">auf dieser Seite<\/a>. <\/p><\/div>\r\n\t\t\t\t\t<\/div>\r\n\t\t\t\t<\/div><div class=\"faq-item\">\r\n\t\t\t\t\t<div class=\"faq-item-question\">\r\n\t\t\t\t\t\t<h3 class=\"faq-item-question-text\">Habe ich eine Chance zu sehen, wie die Erweiterung auf einer Website aussehen wird?<\/h3>\r\n\r\n\t\t\t\t\t\t<div class=\"faq-item-question-icon\"><\/div>\r\n\t\t\t\t\t<\/div>\r\n\r\n\t\t\t\t\t<div class=\"faq-item-answer\">\r\n\t\t\t\t\t\t<div class=\"faq-item-answer-text\"><p>Auf jeden Fall! Beim Erstellen des Opencart-Chat-Plugins im <a href=\"https:\/\/elfsight.com\/all-in-one-chat-widget\/#demo\">Online-Widget-Builder<\/a> sehen Sie alle \u00dcberarbeitungen im rechten Teil des Editors. Ihr Chat-Feld wird genauso aussehen wie auf Ihrer Opencart-Website. <\/p><\/div>\r\n\t\t\t\t\t<\/div>\r\n\t\t\t\t<\/div><div class=\"faq-item\">\r\n\t\t\t\t\t<div class=\"faq-item-question\">\r\n\t\t\t\t\t\t<h3 class=\"faq-item-question-text\">Welche weiteren Module sind f\u00fcr eine Opencart-Website erforderlich?<\/h3>\r\n\r\n\t\t\t\t\t\t<div class=\"faq-item-question-icon\"><\/div>\r\n\t\t\t\t\t<\/div>\r\n\r\n\t\t\t\t\t<div class=\"faq-item-answer\">\r\n\t\t\t\t\t\t<div class=\"faq-item-answer-text\"><p>Opencart ist ein kostenloses Warenkorbsystem. Es k\u00f6nnte f\u00fcr jeden n\u00fctzlich sein, der mithilfe eines Online-Shops seine Verk\u00e4ufe und Konversionsraten steigern m\u00f6chte. Es gibt eine Reihe verschiedener Elfsight-Widgets, die f\u00fcr Opencart-Benutzer interessant sein k\u00f6nnten.<\/p><p>Zum Beispiel <a href=\"https:\/\/elfsight.com\/whatsapp-chat-widget\/opencart\/\">WhatsApp Chat<\/a> eignet sich hervorragend zum Empfangen von Nachrichten von der Opencart-Website \u00fcber den beliebtesten Messenger der Welt, <a href=\"https:\/\/elfsight.com\/instagram-feed-instashow\/opencart\/\">Instagram Feed<\/a> dient zum Abrufen Ihrer sch\u00f6nen Galerie auf die Website. Die Schaltfl\u00e4che <a href=\"https:\/\/elfsight.com\/facebook-chat-widget\/opencart\/\">Facebook Messenger<\/a> eignet sich hervorragend zum Chatten mit Benutzern. Au\u00dferdem besteht die M\u00f6glichkeit, mit <a href=\"https:\/\/elfsight.com\/google-reviews-widget\/opencart\/\">Google-Bewertungen<\/a> tolle Erfahrungsberichte Ihrer Kunden zu pr\u00e4sentieren und tolle Fotos Ihrer Artikel zu pr\u00e4sentieren ein <a href=\"https:\/\/elfsight.com\/slider-widget\/opencart\/\">Slider<\/a>.<\/p><\/div>\r\n\t\t\t\t\t<\/div>\r\n\t\t\t\t<\/div><\/div><\/div> <div class=\"application-platform-content-item-installation  application-platform-content-item\" id=\"installation \" data-nav-section=\"installation \"> <h2>Wie f\u00fcge ich die Live-Chat-Erweiterung zu meiner OpenCart-Webseite hinzu?<\/h2> <p>Erf\u00fcllen Sie einfach die folgenden Richtlinien, um mit der Verwendung des Moduls zu beginnen.<\/p> <ol><li><b>Starten Sie unser Kostenloser Konfigurator und beginnen Sie mit der Erstellung Ihrer ma\u00dfgeschneiderten Erweiterung.<\/b><br> W\u00e4hlen Sie die bevorzugte Form und Eigenschaften des Moduls und speichern Sie alle \u00c4nderungen.<\/li> <li><b>Lassen Sie sich Ihren einzigartigen Code im demonstrieren Box auf Elfsight Apps.<\/b><br> Sobald die Generierung Ihres pers\u00f6nlichen Moduls abgeschlossen ist, kopieren Sie Ihren Code in das erscheinende Popup und speichern Sie ihn f\u00fcr eine sp\u00e4tere Gelegenheit.<\/li> <li><b>Initiieren Sie die Anwendung von die Erweiterung auf der OpenCart-Site.<\/b><br> F\u00fcgen Sie den zuvor gespeicherten Code in Ihre Site ein und speichern Sie die Anpassungen.<\/li> <li><b>Fertig! Die Einbettung ist vollst\u00e4ndig abgeschlossen.<\/b><br> \u00d6ffnen Sie Ihre Website, um zu sehen, wie das Modul funktioniert.<\/li><\/ol><p>Wenn Sie Fragen haben oder auf Probleme sto\u00dfen, k\u00f6nnen Sie sich jederzeit an uns wenden Support-team. Unsere Berater helfen Ihnen gerne bei allen Fragen rund um das Plugin weiter. <\/p> <\/div>\n","protected":false},"excerpt":{"rendered":"","protected":false},"author":9,"featured_media":0,"parent":1238,"menu_order":0,"comment_status":"closed","ping_status":"closed","template":"templates\/template-application-platform.php","meta":{"publish_to_discourse":"","publish_post_category":"","wpdc_auto_publish_overridden":"","wpdc_topic_tags":"","wpdc_pin_topic":"","wpdc_pin_until":"","discourse_post_id":"","discourse_permalink":"","wpdc_publishing_response":"","wpdc_publishing_error":"","footnotes":""},"class_list":["post-16650","page","type-page","status-publish","hentry"],"yoast_head":"<!-- This site is optimized with the Yoast SEO plugin v25.3.1 - https:\/\/yoast.com\/wordpress\/plugins\/seo\/ -->\n<title>Live-Chat \u2013 Online-Chat zu OpenCart-Websites hinzuf\u00fcgen (einfach und kostenlos)<\/title>\n<meta name=\"description\" content=\"F\u00fcgen Sie Ihre All-in-One-Live-Chat-Erweiterung schnell auf der OpenCart-Webseite hinzu. Nutzen Sie unsere Live-Demo, um m\u00fchelos Ihr einzigartiges Chat-Modul zu erstellen.\" \/>\n<meta name=\"robots\" content=\"index, follow, max-snippet:-1, max-image-preview:large, max-video-preview:-1\" \/>\n<link rel=\"canonical\" href=\"https:\/\/elfsight.com\/de\/all-in-one-chat-widget\/opencart\/\" \/>\n<meta property=\"og:locale\" content=\"de_DE\" \/>\n<meta property=\"og:type\" content=\"article\" \/>\n<meta property=\"og:title\" content=\"Live-Chat \u2013 Online-Chat zu OpenCart-Websites hinzuf\u00fcgen (einfach und kostenlos)\" \/>\n<meta property=\"og:description\" content=\"F\u00fcgen Sie Ihre All-in-One-Live-Chat-Erweiterung schnell auf der OpenCart-Webseite hinzu. Nutzen Sie unsere Live-Demo, um m\u00fchelos Ihr einzigartiges Chat-Modul zu erstellen.\" \/>\n<meta property=\"og:url\" content=\"https:\/\/elfsight.com\/de\/all-in-one-chat-widget\/opencart\/\" \/>\n<meta property=\"og:site_name\" content=\"Elfsight DE\" \/>\n<meta property=\"article:modified_time\" content=\"2025-01-15T05:52:32+00:00\" \/>\n<meta name=\"twitter:card\" content=\"summary_large_image\" \/>\n<meta name=\"twitter:label1\" content=\"Gesch\u00e4tzte Lesezeit\" \/>\n\t<meta name=\"twitter:data1\" content=\"4\u00a0Minuten\" \/>\n<!-- \/ Yoast SEO plugin. -->","yoast_head_json":{"title":"Live-Chat \u2013 Online-Chat zu OpenCart-Websites hinzuf\u00fcgen (einfach und kostenlos)","description":"F\u00fcgen Sie Ihre All-in-One-Live-Chat-Erweiterung schnell auf der OpenCart-Webseite hinzu. Nutzen Sie unsere Live-Demo, um m\u00fchelos Ihr einzigartiges Chat-Modul zu erstellen.","robots":{"index":"index","follow":"follow","max-snippet":"max-snippet:-1","max-image-preview":"max-image-preview:large","max-video-preview":"max-video-preview:-1"},"canonical":"https:\/\/elfsight.com\/de\/all-in-one-chat-widget\/opencart\/","og_locale":"de_DE","og_type":"article","og_title":"Live-Chat \u2013 Online-Chat zu OpenCart-Websites hinzuf\u00fcgen (einfach und kostenlos)","og_description":"F\u00fcgen Sie Ihre All-in-One-Live-Chat-Erweiterung schnell auf der OpenCart-Webseite hinzu. Nutzen Sie unsere Live-Demo, um m\u00fchelos Ihr einzigartiges Chat-Modul zu erstellen.","og_url":"https:\/\/elfsight.com\/de\/all-in-one-chat-widget\/opencart\/","og_site_name":"Elfsight DE","article_modified_time":"2025-01-15T05:52:32+00:00","twitter_card":"summary_large_image","twitter_misc":{"Gesch\u00e4tzte Lesezeit":"4\u00a0Minuten"},"schema":{"@context":"https:\/\/schema.org","@graph":[{"@type":"WebPage","@id":"https:\/\/elfsight.com\/de\/all-in-one-chat-widget\/opencart\/","url":"https:\/\/elfsight.com\/de\/all-in-one-chat-widget\/opencart\/","name":"Live-Chat \u2013 Online-Chat zu OpenCart-Websites hinzuf\u00fcgen (einfach und kostenlos)","isPartOf":{"@id":"https:\/\/elfsight.com\/de\/#website"},"datePublished":"2024-05-03T06:26:50+00:00","dateModified":"2025-01-15T05:52:32+00:00","description":"F\u00fcgen Sie Ihre All-in-One-Live-Chat-Erweiterung schnell auf der OpenCart-Webseite hinzu. Nutzen Sie unsere Live-Demo, um m\u00fchelos Ihr einzigartiges Chat-Modul zu erstellen.","breadcrumb":{"@id":"https:\/\/elfsight.com\/de\/all-in-one-chat-widget\/opencart\/#breadcrumb"},"inLanguage":"de","potentialAction":[{"@type":"ReadAction","target":["https:\/\/elfsight.com\/de\/all-in-one-chat-widget\/opencart\/"]}]},{"@type":"BreadcrumbList","@id":"https:\/\/elfsight.com\/de\/all-in-one-chat-widget\/opencart\/#breadcrumb","itemListElement":[{"@type":"ListItem","position":1,"name":"Home","item":"https:\/\/elfsight.com\/de\/"},{"@type":"ListItem","position":2,"name":"All-in-One Chat","item":"https:\/\/elfsight.com\/de\/all-in-one-chat-widget\/"},{"@type":"ListItem","position":3,"name":"All-in-One Chat &#8211; OpenCart"}]},{"@type":"WebSite","@id":"https:\/\/elfsight.com\/de\/#website","url":"https:\/\/elfsight.com\/de\/","name":"Elfsight DE","description":"Just another Elfsight Sites site","potentialAction":[{"@type":"SearchAction","target":{"@type":"EntryPoint","urlTemplate":"https:\/\/elfsight.com\/de\/?s={search_term_string}"},"query-input":{"@type":"PropertyValueSpecification","valueRequired":true,"valueName":"search_term_string"}}],"inLanguage":"de"}]}},"meta_box":{"industry":"","seo_heading":"","heading":"","description":"","cta_heading":"","cta_description":"","application":"510","h1":"OpenCart Live Chat-Erweiterung","h1_caption":"Bieten Sie Ihren Kunden die M\u00f6glichkeit, Sie m\u00fchelos \u00fcber eine Erweiterung Ihrer Opencart-Website auf mehreren Messaging-Plattformen wie WhatsApp, Facebook, Telegram und mehr zu erreichen.","application_category":[],"applications_title":"","applications_request_title":"","applications_request_button_text":"","hero_text":"","hero_video":"","hero_video_schema_markup":"","selling_points_title":"","selling_points_caption":"","selling_points":[],"selling_points_cta_text":"","features_title":"","features":"","ed_cta_examples_text":"","ed_cta_examples_hidden":"","ed_cta_demo_text":"","ed_cta_demo_hidden":"","why_caption":"","why_editor_title":"","why_editor_text":"","why_team_title":"","why_team_text":"","why_service_title":"","why_service_text":"","template_catalog_visible":"0","template_catalog_title":"","template_catalog_text":"","template_catalog_categories_visible":"","demo_title":"Erstellen Sie Ihre All-in-One-Chat-Erweiterung","demo_caption":"Konfigurieren Sie Ihren All-in-One-Chat und f\u00fcgen Sie ihn kostenlos zu Ihrer OpenCart-Website hinzu!","default_faq_hidden":"","app_template_category":[],"platform":"254","template_public_id":"","codecanyon_url":"","codecanyon_item_id":"","codecanyon_price":"","pricing_caption":"","pricing_elfsight_apps_hide_column":"","pricing_elfsight_apps_url":"","pricing_codecanyon_price_caption":"","integration_category":[],"integration_request_title":"","integration_request_cta":"","integration_platform":"","integrations":[],"platform_category":[],"video_schema_markup":"","price":"ab 0 $ \/ Monat","trial":"","benefits":[{"text":"Kostenlose Installationshilfe"},{"text":"Au\u00dfergew\u00f6hnlicher Support"},{"text":"14-t\u00e4gige R\u00fcckerstattungsgarantie"},{"text":"Kontinuierliche kostenlose Updates"}],"button_url":"#demo","button_target_blank":"0","button_nofollow":"0","attributes":[{"name":"Installiert","content":"100,000 - 500,000"},{"name":"Reaktionsfreudig","content":"Ja"},{"name":"Kompatible Browser","content":"Chrome, Firefox, Opera, Safari, Edge"}],"tags":[],"tags_disable_links":"0","hide_more_platforms":"","video_object":"","demo_hide_cta":"0","demo_hide_cloud_options":"0","pricing_title":"","pricing":[{"pricing_icon":"platform","pricing_title":"Elfsight Apps","pricing_title_caption":"Plattform\u00fcbergreifende Version, die auf jeder Website funktioniert","pricing_price":"ab 0 $ \/ Monat","pricing_price_caption":"Beginnen Sie mit einem kostenlosen Plan","pricing_benefits":[{"text":"Unbegrenzte Websites"},{"text":"Kostenloser und p\u00fcnktlicher Support"},{"text":"Kostenlose Installationshilfe"},{"text":"Flexibles Design"}],"pricing_button_text":"Zur Website hinzuf\u00fcgen","pricing_button_url":"#demo"}],"related_apps_title":"","related_apps_hidden":"0","author":"","image":[],"title":"","job":"","social_networks":[]},"_links":{"self":[{"href":"https:\/\/elfsight.com\/de\/wp-json\/wp\/v2\/pages\/16650","targetHints":{"allow":["GET"]}}],"collection":[{"href":"https:\/\/elfsight.com\/de\/wp-json\/wp\/v2\/pages"}],"about":[{"href":"https:\/\/elfsight.com\/de\/wp-json\/wp\/v2\/types\/page"}],"author":[{"embeddable":true,"href":"https:\/\/elfsight.com\/de\/wp-json\/wp\/v2\/users\/9"}],"replies":[{"embeddable":true,"href":"https:\/\/elfsight.com\/de\/wp-json\/wp\/v2\/comments?post=16650"}],"version-history":[{"count":2,"href":"https:\/\/elfsight.com\/de\/wp-json\/wp\/v2\/pages\/16650\/revisions"}],"predecessor-version":[{"id":23724,"href":"https:\/\/elfsight.com\/de\/wp-json\/wp\/v2\/pages\/16650\/revisions\/23724"}],"up":[{"embeddable":true,"href":"https:\/\/elfsight.com\/de\/wp-json\/wp\/v2\/pages\/1238"}],"wp:attachment":[{"href":"https:\/\/elfsight.com\/de\/wp-json\/wp\/v2\/media?parent=16650"}],"curies":[{"name":"wp","href":"https:\/\/api.w.org\/{rel}","templated":true}]}}