{"id":16649,"date":"2024-05-03T06:26:49","date_gmt":"2024-05-03T06:26:49","guid":{"rendered":"https:\/\/elfsight.com\/de\/?page_id=16649"},"modified":"2025-01-15T05:55:13","modified_gmt":"2025-01-15T05:55:13","slug":"shopify","status":"publish","type":"page","link":"https:\/\/elfsight.com\/de\/all-in-one-chat-widget\/shopify\/","title":{"rendered":"All-in-One Chat &#8211; Shopify"},"content":{"rendered":"\n<div class=\"application-platform-content-item-description application-platform-content-item\" id=\"description\" data-nav-section=\"description\"> <h2>All-in-One-Chat auf Shopify mit dem Elfsight-Widget einbetten<\/h2> <p>All-in-One-Online-Chat-App von Elfsight ist eine der schnellsten M\u00f6glichkeiten f\u00fcr Website-Besucher, Sie zu kontaktieren und ihre Fragen zu kl\u00e4ren. Bleiben Sie in allen g\u00e4ngigen Messengern ununterbrochen live verf\u00fcgbar. Betten Sie die App in Ihre Seite ein und sie kann nur auf bestimmten Seiten oder f\u00fcr separate Zielgruppenkategorien aktiv sein, weisen Sie Chat-Startaktivatoren zu, verfassen Sie Ihren Begr\u00fc\u00dfungstext, w\u00e4hlen Sie Symbole und andere Funktionen aus. Wenn das Widget l\u00e4uft, bleiben Sie jederzeit und von jedem Ort aus f\u00fcr Menschen erreichbar.<\/p> <p><b>Generieren Sie Leads durch direkte Ansprache<\/b><\/p> <\/div> <div class=\"application-platform-content-item-features application-platform-content-item\" id=\"features\" data-nav-section=\"features\"> <h2>Dies sind nur einige der verschiedenen Widget-Funktionen: <\/h2> <ul><li>F\u00fcgen Sie die All-in-One-Online-Chat-Messenger-App auf Ihrer Seite hinzu, um mit Benutzern zu chatten. <\/li><li>Drei Arten von Chat-Positionen: schwebende Blase, eingebettete Blase und eingebettetes Chat-Fenster. <\/li><li>Eine Bibliothek mit Blasensymbolen zur Auswahl. <\/li><li>Flexibler Chat-Titel mit Seitenlogo, Name und Untertitel.<\/li><li>Seitenbild standardm\u00e4\u00dfig aus der Bibliothek ausw\u00e4hlen oder Ihr eigenes Bild hochladen. <\/li><\/ul><p><a href=\"#demo\">Sie k\u00f6nnen herausfinden, welche Angebote das Widget bietet, indem Sie die Demo ausprobieren<\/a><\/p> <div class=\"faq\" data-component=\"FAQ\"><div class=\"faq-item\">\r\n\t\t\t\t\t<div class=\"faq-item-question\">\r\n\t\t\t\t\t\t<h3 class=\"faq-item-question-text\">So f\u00fcgen Sie hinzu vom All-in-One-Chat-Feld zu einer Shopify-Seite?<\/h3>\r\n\r\n\t\t\t\t\t\t<div class=\"faq-item-question-icon\"><\/div>\r\n\t\t\t\t\t<\/div>\r\n\r\n\t\t\t\t\t<div class=\"faq-item-answer\">\r\n\t\t\t\t\t\t<div class=\"faq-item-answer-text\"><p>Die Installation dauert 90 Sekunden. Dar\u00fcber hinaus sind keine Programmierkenntnisse erforderlich. <\/p><ol><li>Regulieren Sie das Shopify-Widget im kostenlosen Live-Konfigurator.<\/li> <li>Kopieren Sie Ihren Installationscode.<\/li> <li>F\u00fcgen Sie den Code an der erforderlichen Stelle im Site-Backend ein .<\/li> <li>Verstanden! Die Einrichtung des Chat-Plugins auf Shopify ist abgeschlossen!<\/li><\/ol><p>Haben Sie Probleme mit der Installation des Plugins auf Shopify oder der Formatierung Ihres All-in-One-Chats? Vielleicht entdecken Sie die ausf\u00fchrliche Anleitung <a href=\"https:\/\/elfsight.com\/tutorials\/how-to-add-live-chat-to-website\/#how-to-add-live-chat-to-shopify\">auf dieser Seite<\/a>. <\/p><\/div>\r\n\t\t\t\t\t<\/div>\r\n\t\t\t\t<\/div><div class=\"faq-item\">\r\n\t\t\t\t\t<div class=\"faq-item-question\">\r\n\t\t\t\t\t\t<h3 class=\"faq-item-question-text\">Kann ich sehen, wie das Widget auf einer Website aussehen wird?<\/h3>\r\n\r\n\t\t\t\t\t\t<div class=\"faq-item-question-icon\"><\/div>\r\n\t\t\t\t\t<\/div>\r\n\r\n\t\t\t\t\t<div class=\"faq-item-answer\">\r\n\t\t\t\t\t\t<div class=\"faq-item-answer-text\"><p>Ja, das k\u00f6nnen Sie! Bei der Entwicklung des Shopify-Chat-Plugins im <a href=\"https:\/\/elfsight.com\/all-in-one-chat-widget\/#demo\">kostenlosen Online-Editor<\/a> werden Sie alles ber\u00fccksichtigen die \u00c4nderungen auf der rechten Seite. Ihr Chat-Feld wird genau so aussehen wie das, was Sie auf Ihrer Shopify-Website haben. <\/p><\/div>\r\n\t\t\t\t\t<\/div>\r\n\t\t\t\t<\/div><div class=\"faq-item\">\r\n\t\t\t\t\t<div class=\"faq-item-question\">\r\n\t\t\t\t\t\t<h3 class=\"faq-item-question-text\">Welche weiteren Widgets sind f\u00fcr eine Shopify-Website erforderlich?<\/h3>\r\n\r\n\t\t\t\t\t\t<div class=\"faq-item-question-icon\"><\/div>\r\n\t\t\t\t\t<\/div>\r\n\r\n\t\t\t\t\t<div class=\"faq-item-answer\">\r\n\t\t\t\t\t\t<div class=\"faq-item-answer-text\"><p>Shopify ist eine bei Online-Shop-Besitzern beliebte Plattform. Es bietet eine Reihe beeindruckender Tools f\u00fcr die beste Benutzererfahrung und den besten Kundensupport. Sie ben\u00f6tigen einige zus\u00e4tzliche Tools, um die Konversionsraten zu steigern und Produkte effizienter zu verkaufen.<\/p><p>Zum Beispiel k\u00f6nnen Sie Fotos und Videos in einer spektakul\u00e4ren <a href=\"https:\/\/elfsight.com\/slider- widget\/shopify\/\">Slider<\/a>, pr\u00e4sentieren Sie tolle Erfahrungsberichte zu Ihrem Unternehmen mit <a href=\"https:\/\/elfsight.com\/google-reviews-widget\/shopify\/\">Google Reviews<\/a>. Dar\u00fcber hinaus besteht die M\u00f6glichkeit, <a href=\"https:\/\/elfsight.com\/google-reviews-widget\/shopify\/\">Instagram-Feed<\/a> als Dekoration abzurufen, <a href=\"https:\/ \/elfsight.com\/pdf-embed-widget\/shopify\/\">PDFs einbetten<\/a> und <a href=\"https:\/\/elfsight.com\/logo-showcase-widget\/shopify\/\">Logos<\/a> in Ihren Webseiten.<\/p><\/div>\r\n\t\t\t\t\t<\/div>\r\n\t\t\t\t<\/div><\/div><\/div> <div class=\"application-platform-content-item-installation application-platform-content-item\" id=\"installation\" data-nav-section=\"installation\"> <h2>Wie bette ich die Live-Chat-App auf meiner Shopify-Website ein?<\/h2> <div class=\"video-container\"><iframe width=\"560\" height=\"315\" src=\"https:\/\/www.youtube.com\/embed\/mfLwq7EZc64?si=WbTJhGlOWlebqGw2\" frameborder=\"0\" allow=\"accelerometer; autoplay; clipboard-write; encrypted-media; gyroscope; picture-in-picture; web-share\" allowfullscreen><\/iframe><\/div><p>Befolgen Sie einfach die unten aufgef\u00fchrten Schritte, um das Widget zu integrieren.<\/p> <ol><li><b>Nutzen Sie unseren kostenlosen Konfigurator und beginnen Sie mit der Erstellung Ihrer einzigartigen App.<\/b><br> Geben Sie die bevorzugte Schnittstelle und die Spezifikationen des Widgets an und speichern Sie alle Korrekturen.<\/li> <li><b>Kopieren Sie Ihren eindeutigen Code, der im Feld auf Elfsight Apps angezeigt wird.<\/b><br> Direkt nach der Erstellung von Ihr Widget ist fertig. Kopieren Sie Ihren Code im angezeigten Fenster und bewahren Sie ihn f\u00fcr die zuk\u00fcnftige Verwendung auf.<\/li> <li><b>Beginnen Sie mit der Anwendung der App auf der Shopify-Website.<\/b><br> F\u00fcgen Sie den von Ihnen gew\u00fcnschten Code ein. Haben Sie zuvor auf Ihrer Website gespeichert und \u00fcbernehmen Sie die Korrekturen.<\/li> <li><b>Sie sind fertig! Die Einbettung ist erfolgreich abgeschlossen.<\/b><br> Besuchen Sie Ihre Website, um die Funktionsweise des Online-Chats anzuzeigen.<\/li><\/ol><p>Wenn Sie auf Probleme sto\u00dfen, scheuen Sie sich nicht, Hilfe in Anspruch zu nehmen unserer Support-Mitarbeiter. Unsere Berater werden sich freuen, alle Schwierigkeiten zu l\u00f6sen, die Sie m\u00f6glicherweise mit dem Plugin haben.<\/p> <\/div><div class=\"faq\" data-component=\"FAQ\"><div class=\"faq-item\">\r\n\t\t\t\t\t<div class=\"faq-item-question\">\r\n\t\t\t\t\t\t<h3 class=\"faq-item-question-text\">Wie kann ich einen Live-Chat hinzuf\u00fcgen? zum Shopify?<\/h3>\r\n\r\n\t\t\t\t\t\t<div class=\"faq-item-question-icon\"><\/div>\r\n\t\t\t\t\t<\/div>\r\n\r\n\t\t\t\t\t<div class=\"faq-item-answer\">\r\n\t\t\t\t\t\t<div class=\"faq-item-answer-text\"><p>Die Erstellung des Tools erfolgt auf der Elfsight-Website und es ist nicht erforderlich, das Programmieren zu erlernen. Nutzen Sie unsere Live-Demo, um Ihr eigenes Widget anzupassen, den Code zu erwerben und ihn in Ihre Website einzuf\u00fcgen. <\/p><\/div>\r\n\t\t\t\t\t<\/div>\r\n\t\t\t\t<\/div><div class=\"faq-item\">\r\n\t\t\t\t\t<div class=\"faq-item-question\">\r\n\t\t\t\t\t\t<h3 class=\"faq-item-question-text\">Die besten M\u00f6glichkeiten, die Live-Chat-Integration zu nutzen<\/h3>\r\n\r\n\t\t\t\t\t\t<div class=\"faq-item-question-icon\"><\/div>\r\n\t\t\t\t\t<\/div>\r\n\r\n\t\t\t\t\t<div class=\"faq-item-answer\">\r\n\t\t\t\t\t\t<div class=\"faq-item-answer-text\"><p>Wir bieten eine F\u00fclle von Anpassungsm\u00f6glichkeiten: Widgets in Originalgr\u00f6\u00dfe zum Einf\u00fcgen in den Inhaltsbereich, schwebende Plugins f\u00fcr die Bildlauffunktion, Miniaturansichten f\u00fcr die Fu\u00dfzeile, die Kopfzeile und alle m\u00f6glichen vertikalen M\u00f6glichkeiten f\u00fcr Website-Seitenleisten und Men\u00fcs. <\/p><\/div>\r\n\t\t\t\t\t<\/div>\r\n\t\t\t\t<\/div><div class=\"faq-item\">\r\n\t\t\t\t\t<div class=\"faq-item-question\">\r\n\t\t\t\t\t\t<h3 class=\"faq-item-question-text\">Wie erstelle ich mit dem Editor einen Support- oder Onboarding-Live-Chat?<\/h3>\r\n\r\n\t\t\t\t\t\t<div class=\"faq-item-question-icon\"><\/div>\r\n\t\t\t\t\t<\/div>\r\n\r\n\t\t\t\t\t<div class=\"faq-item-answer\">\r\n\t\t\t\t\t\t<div class=\"faq-item-answer-text\"><p>Es steht Ihnen frei, \u00c4nderungen an jedem Widget vorzunehmen. Im Editor stehen zahlreiche Layouts zur Verf\u00fcgung, die alle schnell an Ihre Bed\u00fcrfnisse angepasst werden k\u00f6nnen. <\/p><\/div>\r\n\t\t\t\t\t<\/div>\r\n\t\t\t\t<\/div><\/div>\n","protected":false},"excerpt":{"rendered":"","protected":false},"author":9,"featured_media":0,"parent":1238,"menu_order":0,"comment_status":"closed","ping_status":"closed","template":"templates\/template-application-platform.php","meta":{"publish_to_discourse":"","publish_post_category":"","wpdc_auto_publish_overridden":"","wpdc_topic_tags":"","wpdc_pin_topic":"","wpdc_pin_until":"","discourse_post_id":"","discourse_permalink":"","wpdc_publishing_response":"","wpdc_publishing_error":"","footnotes":""},"class_list":["post-16649","page","type-page","status-publish","hentry"],"yoast_head":"<!-- This site is optimized with the Yoast SEO plugin v25.3.1 - https:\/\/yoast.com\/wordpress\/plugins\/seo\/ -->\n<title>Live-Chat \u2013 Online-Chat-App zu Shopify-Websites hinzuf\u00fcgen (kostenlos und schnell)<\/title>\n<meta name=\"description\" content=\"F\u00fcgen Sie Ihre All-in-One-Live-Chat-App in wenigen Minuten zur Shopify-Website hinzu. Nutzen Sie unsere praktische Demo, um ganz einfach Ihren exklusiven Online-Chat zu erstellen.\" \/>\n<meta name=\"robots\" content=\"index, follow, max-snippet:-1, max-image-preview:large, max-video-preview:-1\" \/>\n<link rel=\"canonical\" href=\"https:\/\/elfsight.com\/de\/all-in-one-chat-widget\/shopify\/\" \/>\n<meta property=\"og:locale\" content=\"de_DE\" \/>\n<meta property=\"og:type\" content=\"article\" \/>\n<meta property=\"og:title\" content=\"Live-Chat \u2013 Online-Chat-App zu Shopify-Websites hinzuf\u00fcgen (kostenlos und schnell)\" \/>\n<meta property=\"og:description\" content=\"F\u00fcgen Sie Ihre All-in-One-Live-Chat-App in wenigen Minuten zur Shopify-Website hinzu. Nutzen Sie unsere praktische Demo, um ganz einfach Ihren exklusiven Online-Chat zu erstellen.\" \/>\n<meta property=\"og:url\" content=\"https:\/\/elfsight.com\/de\/all-in-one-chat-widget\/shopify\/\" \/>\n<meta property=\"og:site_name\" content=\"Elfsight DE\" \/>\n<meta property=\"article:modified_time\" content=\"2025-01-15T05:55:13+00:00\" \/>\n<meta name=\"twitter:card\" content=\"summary_large_image\" \/>\n<meta name=\"twitter:label1\" content=\"Gesch\u00e4tzte Lesezeit\" \/>\n\t<meta name=\"twitter:data1\" content=\"4\u00a0Minuten\" \/>\n<!-- \/ Yoast SEO plugin. -->","yoast_head_json":{"title":"Live-Chat \u2013 Online-Chat-App zu Shopify-Websites hinzuf\u00fcgen (kostenlos und schnell)","description":"F\u00fcgen Sie Ihre All-in-One-Live-Chat-App in wenigen Minuten zur Shopify-Website hinzu. Nutzen Sie unsere praktische Demo, um ganz einfach Ihren exklusiven Online-Chat zu erstellen.","robots":{"index":"index","follow":"follow","max-snippet":"max-snippet:-1","max-image-preview":"max-image-preview:large","max-video-preview":"max-video-preview:-1"},"canonical":"https:\/\/elfsight.com\/de\/all-in-one-chat-widget\/shopify\/","og_locale":"de_DE","og_type":"article","og_title":"Live-Chat \u2013 Online-Chat-App zu Shopify-Websites hinzuf\u00fcgen (kostenlos und schnell)","og_description":"F\u00fcgen Sie Ihre All-in-One-Live-Chat-App in wenigen Minuten zur Shopify-Website hinzu. Nutzen Sie unsere praktische Demo, um ganz einfach Ihren exklusiven Online-Chat zu erstellen.","og_url":"https:\/\/elfsight.com\/de\/all-in-one-chat-widget\/shopify\/","og_site_name":"Elfsight DE","article_modified_time":"2025-01-15T05:55:13+00:00","twitter_card":"summary_large_image","twitter_misc":{"Gesch\u00e4tzte Lesezeit":"4\u00a0Minuten"},"schema":{"@context":"https:\/\/schema.org","@graph":[{"@type":"WebPage","@id":"https:\/\/elfsight.com\/de\/all-in-one-chat-widget\/shopify\/","url":"https:\/\/elfsight.com\/de\/all-in-one-chat-widget\/shopify\/","name":"Live-Chat \u2013 Online-Chat-App zu Shopify-Websites hinzuf\u00fcgen (kostenlos und schnell)","isPartOf":{"@id":"https:\/\/elfsight.com\/de\/#website"},"datePublished":"2024-05-03T06:26:49+00:00","dateModified":"2025-01-15T05:55:13+00:00","description":"F\u00fcgen Sie Ihre All-in-One-Live-Chat-App in wenigen Minuten zur Shopify-Website hinzu. Nutzen Sie unsere praktische Demo, um ganz einfach Ihren exklusiven Online-Chat zu erstellen.","breadcrumb":{"@id":"https:\/\/elfsight.com\/de\/all-in-one-chat-widget\/shopify\/#breadcrumb"},"inLanguage":"de","potentialAction":[{"@type":"ReadAction","target":["https:\/\/elfsight.com\/de\/all-in-one-chat-widget\/shopify\/"]}]},{"@type":"BreadcrumbList","@id":"https:\/\/elfsight.com\/de\/all-in-one-chat-widget\/shopify\/#breadcrumb","itemListElement":[{"@type":"ListItem","position":1,"name":"Home","item":"https:\/\/elfsight.com\/de\/"},{"@type":"ListItem","position":2,"name":"All-in-One Chat","item":"https:\/\/elfsight.com\/de\/all-in-one-chat-widget\/"},{"@type":"ListItem","position":3,"name":"All-in-One Chat &#8211; Shopify"}]},{"@type":"WebSite","@id":"https:\/\/elfsight.com\/de\/#website","url":"https:\/\/elfsight.com\/de\/","name":"Elfsight DE","description":"Just another Elfsight Sites site","potentialAction":[{"@type":"SearchAction","target":{"@type":"EntryPoint","urlTemplate":"https:\/\/elfsight.com\/de\/?s={search_term_string}"},"query-input":{"@type":"PropertyValueSpecification","valueRequired":true,"valueName":"search_term_string"}}],"inLanguage":"de"}]}},"meta_box":{"industry":"","seo_heading":"","heading":"","description":"","cta_heading":"","cta_description":"","application":"510","h1":"Shopify Live Chat-App","h1_caption":"Bieten Sie Ihren Kunden die M\u00f6glichkeit, Sie m\u00fchelos \u00fcber eine App auf mehreren Messaging-Plattformen wie WhatsApp, Facebook, Telegram und mehr auf Ihrer Shopify-Website zu erreichen.","application_category":[],"applications_title":"","applications_request_title":"","applications_request_button_text":"","hero_text":"","hero_video":"","hero_video_schema_markup":"","selling_points_title":"","selling_points_caption":"","selling_points":[],"selling_points_cta_text":"","features_title":"","features":"","ed_cta_examples_text":"","ed_cta_examples_hidden":"","ed_cta_demo_text":"","ed_cta_demo_hidden":"","why_caption":"","why_editor_title":"","why_editor_text":"","why_team_title":"","why_team_text":"","why_service_title":"","why_service_text":"","template_catalog_visible":"0","template_catalog_title":"","template_catalog_text":"","template_catalog_categories_visible":"","demo_title":"Erstellen Sie Ihre All-in-One-Chat-App","demo_caption":"Konfigurieren Sie Ihren All-in-One-Chat und f\u00fcgen Sie ihn kostenlos zu Ihrer Shopify-Website hinzu!","default_faq_hidden":"","app_template_category":[],"platform":"253","template_public_id":"","codecanyon_url":"","codecanyon_item_id":"","codecanyon_price":"","pricing_caption":"","pricing_elfsight_apps_hide_column":"","pricing_elfsight_apps_url":"","pricing_codecanyon_price_caption":"","integration_category":[],"integration_request_title":"","integration_request_cta":"","integration_platform":"","integrations":[],"platform_category":[],"video_schema_markup":"","price":"ab 0 $ \/ Monat","trial":"","benefits":[{"text":"Kostenloser Installationsservice"},{"text":"Premium-Support"},{"text":"14-t\u00e4gige Geld-zur\u00fcck-Garantie"},{"text":"Kontinuierliche kostenlose Updates"}],"button_url":"#demo","button_target_blank":"0","button_nofollow":"0","attributes":[{"name":"Installiert","content":"100,000 - 500,000"},{"name":"Reaktionsfreudig","content":"Ja"},{"name":"Kompatible Browser","content":"Firefox, Safari, Opera, Chrome, Edge"}],"tags":[],"tags_disable_links":"0","hide_more_platforms":"","video_object":"","demo_hide_cta":"0","demo_hide_cloud_options":"0","pricing_title":"","pricing":[{"pricing_icon":"platform","pricing_title":"Elfsight Apps","pricing_title_caption":"Plattform\u00fcbergreifende Version, die auf jeder Website funktioniert","pricing_price":"ab 0 $ \/ Monat","pricing_price_caption":"Beginnen Sie mit einem kostenlosen Plan","pricing_benefits":[{"text":"Unbegrenzte Websites"},{"text":"Premium-Support"},{"text":"Kostenloser Installationsservice"},{"text":"Sonderangebot f\u00fcr mehrere Apps"}],"pricing_button_text":"Zur Website hinzuf\u00fcgen","pricing_button_url":"#demo"}],"related_apps_title":"","related_apps_hidden":"0","author":"","image":[],"title":"","job":"","social_networks":[]},"_links":{"self":[{"href":"https:\/\/elfsight.com\/de\/wp-json\/wp\/v2\/pages\/16649","targetHints":{"allow":["GET"]}}],"collection":[{"href":"https:\/\/elfsight.com\/de\/wp-json\/wp\/v2\/pages"}],"about":[{"href":"https:\/\/elfsight.com\/de\/wp-json\/wp\/v2\/types\/page"}],"author":[{"embeddable":true,"href":"https:\/\/elfsight.com\/de\/wp-json\/wp\/v2\/users\/9"}],"replies":[{"embeddable":true,"href":"https:\/\/elfsight.com\/de\/wp-json\/wp\/v2\/comments?post=16649"}],"version-history":[{"count":3,"href":"https:\/\/elfsight.com\/de\/wp-json\/wp\/v2\/pages\/16649\/revisions"}],"predecessor-version":[{"id":23726,"href":"https:\/\/elfsight.com\/de\/wp-json\/wp\/v2\/pages\/16649\/revisions\/23726"}],"up":[{"embeddable":true,"href":"https:\/\/elfsight.com\/de\/wp-json\/wp\/v2\/pages\/1238"}],"wp:attachment":[{"href":"https:\/\/elfsight.com\/de\/wp-json\/wp\/v2\/media?parent=16649"}],"curies":[{"name":"wp","href":"https:\/\/api.w.org\/{rel}","templated":true}]}}