{"id":16648,"date":"2024-05-03T06:26:48","date_gmt":"2024-05-03T06:26:48","guid":{"rendered":"https:\/\/elfsight.com\/de\/?page_id=16648"},"modified":"2025-01-15T05:57:07","modified_gmt":"2025-01-15T05:57:07","slug":"squarespace","status":"publish","type":"page","link":"https:\/\/elfsight.com\/de\/all-in-one-chat-widget\/squarespace\/","title":{"rendered":"All-in-One Chat &#8211; Squarespace"},"content":{"rendered":"\n<div class=\"application-platform-content-item-description application-platform-content-item\" id=\"description\" data-nav-section=\"description\"> <h2>All-in-One-Chat auf Squarespace mit dem Elfsight-Widget einbetten<\/h2> <p>Das Elfsight All-in-One-Chat-Widget ist Eine der schnellsten M\u00f6glichkeiten f\u00fcr Menschen, Sie zu erreichen und Antworten auf ihre Fragen zu erhalten. Bleiben Sie in allen am h\u00e4ufigsten genutzten Chats online verf\u00fcgbar. Betten Sie das Plugin in Ihre Website ein und es kann auf ausgew\u00e4hlten Seiten oder f\u00fcr separate Zielgruppenkategorien angezeigt werden, w\u00e4hlen Sie Chat-initiierende Starter aus, verfassen Sie Ihren Begr\u00fc\u00dfungstext, w\u00e4hlen Sie Symbole und andere Funktionen aus. Wenn das Plugin aktiv ist, sind Sie f\u00fcr Besucher jederzeit und an jedem Ort erreichbar. <\/p> <p><b>Erh\u00f6hen Sie die Anzahl der Leads durch einzelne Kontakte<\/b><\/p> <\/div> <div class=\"application-platform-content-item-features application-platform-content-item\" id=\"features\" data-nav-section=\"features\"> <h2>Hier sind wesentliche Funktionen des Widgets: <\/h2> <ul><li>F\u00fcgen Sie den All-in-One-Chat-Box-Messenger auf Ihrer Website hinzu, um mit Benutzern zu chatten. <\/li><li>Drei Varianten der Chat-Position: schwebende Blase, eingebettete Blase und eingebettetes Chat-Fenster. <\/li><li>Eine Bibliothek mit Blasensymbolen zur Auswahl. <\/li><li>Flexibler Chat-Titel mit Seitenlogo, Name und Bildunterschrift.<\/li><li>Sie k\u00f6nnen das Seitenbild standardm\u00e4\u00dfig aus unserer Bibliothek ausw\u00e4hlen oder Ihr eigenes Bild hochladen. <\/li><\/ul><p><a href=\"#demo\">Probieren Sie einfach diese Demo aus, um zu sehen, was das Widget wert ist<\/a><\/p> <div class=\"faq\" data-component=\"FAQ\"><div class=\"faq-item\">\r\n\t\t\t\t\t<div class=\"faq-item-question\">\r\n\t\t\t\t\t\t<h3 class=\"faq-item-question-text\">Anleitung F\u00fcgen Sie das All-in-One-Chat-Feld zu einer Squarespace-Seite hinzu?<\/h3>\r\n\r\n\t\t\t\t\t\t<div class=\"faq-item-question-icon\"><\/div>\r\n\t\t\t\t\t<\/div>\r\n\r\n\t\t\t\t\t<div class=\"faq-item-answer\">\r\n\t\t\t\t\t\t<div class=\"faq-item-answer-text\"><p>Das Hinzuf\u00fcgen zur Website dauert nur wenige Sekunden. Dar\u00fcber hinaus sind keine Programmierkenntnisse erforderlich. <\/p><ol><li>Passen Sie das Squarespace-Widget im kostenlosen Live-Konfigurator an. <\/li> <li>Kopieren Sie Ihren Installationscode. <\/li> <li>F\u00fcgen Sie den Code an der erforderlichen Stelle im Site-Backend ein. <\/li> <li>Fantastische Arbeit! Die Installation des Chat-Plugins auf Squarespace ist abgeschlossen! <\/li><\/ol><p>Haben Sie Probleme beim Einf\u00fcgen des Plugins in Squarespace oder beim Formatieren des All-in-One-Chats? M\u00f6glicherweise finden Sie die ausf\u00fchrliche Anleitung <a href=\"https:\/\/elfsight.com\/tutorials\/how-to-add-live-chat-to-website\/#how-to-add-live-chat-to-squarespace\">auf dieser Seite<\/a>. <\/p><\/div>\r\n\t\t\t\t\t<\/div>\r\n\t\t\t\t<\/div><div class=\"faq-item\">\r\n\t\t\t\t\t<div class=\"faq-item-question\">\r\n\t\t\t\t\t\t<h3 class=\"faq-item-question-text\">Gibt es eine Chance zu sehen, wie das Widget auf einer Website aussehen wird?<\/h3>\r\n\r\n\t\t\t\t\t\t<div class=\"faq-item-question-icon\"><\/div>\r\n\t\t\t\t\t<\/div>\r\n\r\n\t\t\t\t\t<div class=\"faq-item-answer\">\r\n\t\t\t\t\t\t<div class=\"faq-item-answer-text\"><p>Auf jeden Fall! W\u00e4hrend Sie das Squarespace-Chat-Plugin im <a href=\"https:\/\/elfsight.com\/all-in-one-chat-widget\/#demo\">Live-Editor<\/a> erstellen, werden Ihnen alle angezeigt \u00c4nderungen im rechten Teil davon. Das Chat-Feld ist identisch mit dem, was Sie auf einer Squarespace-Website haben. <\/p><\/div>\r\n\t\t\t\t\t<\/div>\r\n\t\t\t\t<\/div><div class=\"faq-item\">\r\n\t\t\t\t\t<div class=\"faq-item-question\">\r\n\t\t\t\t\t\t<h3 class=\"faq-item-question-text\">Welche anderen Widgets sind f\u00fcr eine Squarespace-Website unerl\u00e4sslich?<\/h3>\r\n\r\n\t\t\t\t\t\t<div class=\"faq-item-question-icon\"><\/div>\r\n\t\t\t\t\t<\/div>\r\n\r\n\t\t\t\t\t<div class=\"faq-item-answer\">\r\n\t\t\t\t\t\t<div class=\"faq-item-answer-text\"><p>Squarespace ist eine erstaunliche Plattform f\u00fcr die Erstellung fast jeder Art von Website: vom Blog bis zum Portfolio. E-Commerce-Websites erfreuen sich bei Squarespace-Nutzern gro\u00dfer Beliebtheit, und Sie k\u00f6nnen bei Elfsight viele Tools f\u00fcr Ihren Online-Shop finden.<\/p><p>Zum Beispiel st\u00e4rken Google-Bewertungen das Vertrauen in Ihre Marke, die WhatsApp-Chat-Schaltfl\u00e4che schon Beschleunigen Sie die Kommunikation mit Ihren Benutzern. <a href=\"https:\/\/elfsight.com\/countdown-timer-widget\/squarespace\/\">Countdown-Timer<\/a> wird das Interesse an einem tollen Verkauf steigern, <a href=\"https:\/\/elfsight.com\/ event-calendar-widget\/squarespace\/\">Kalender-Widget<\/a> tr\u00e4gt Ihre gro\u00dfartigen Ereignisse ein und schlie\u00dflich <a href=\"https:\/\/elfsight.com\/qr-code-widget\/squarespace\/\">QR Code<\/a> f\u00fchrt zu einer beliebigen Seite mit detaillierten Informationen.<\/p><\/div>\r\n\t\t\t\t\t<\/div>\r\n\t\t\t\t<\/div><\/div><\/div> <div class=\"application-platform-content-item-installation application-platform-content-item\" id=\"installation\" data-nav-section=\"installation\"> <h2>Wie bette ich das Live-Chat-Plugin auf meinem ein? Squarespace-Website? <\/h2> <div class=\"video-container\"><iframe width=\"560\" height=\"315\" src=\"https:\/\/www.youtube.com\/embed\/zBgvDOtNfSg?si=n6LESG7cOrLFt8XX\" frameborder=\"0\" allow=\"accelerometer; autoplay; clipboard-write; encrypted-media; gyroscope; picture-in-picture; web-share\" allowfullscreen><\/iframe><\/div><p>F\u00fchren Sie einfach die folgenden Richtlinien aus, um das Widget zu integrieren.<\/p> <ol><li><b>Starten Sie unseren kostenlosen Konfigurator und beginnen Sie mit der Erstellung Ihres benutzerdefinierten Widgets.<\/b><br> Finden Sie das benutzerdefinierte Aussehen und die Eigenschaften des Widgets und speichern Sie die \u00c4nderungen.<\/li> <li><b>Ihr einzigartiger Code wird im Feld von Elfsight Apps angezeigt.<\/b><br> Richtig Nachdem Sie Ihr pers\u00f6nliches Tool eingerichtet haben, kopieren Sie den individuellen Code aus dem angezeigten Feld und bewahren Sie ihn f\u00fcr zuk\u00fcnftige Gelegenheiten auf.<\/li> <li><b>Beginnen Sie mit der Nutzung des Tools auf Ihrer Squarespace-Webseite.<\/b><br> F\u00fcgen Sie den k\u00fcrzlich auf Ihrer Website gespeicherten Code hinzu und \u00fcbernehmen Sie die Anpassungen.<\/li> <li><b>Fertig! Die Einbettung ist vollst\u00e4ndig abgeschlossen.<\/b><br> Besuchen Sie Ihre Website, um die Leistung der Online-Chat-Box zu \u00fcberpr\u00fcfen.<\/li><\/ol> <p>Vorausgesetzt, Sie bearbeiten Anfragen oder sto\u00dfen Sie auf Schwierigkeiten Scheuen Sie sich nicht, unseren Kundendienstmitarbeitern zu schreiben. Unsere Mitarbeiter werden sich freuen, alle Schwierigkeiten zu l\u00f6sen, die Sie m\u00f6glicherweise mit dem Widget haben.<\/p> <\/div>\n","protected":false},"excerpt":{"rendered":"","protected":false},"author":9,"featured_media":0,"parent":1238,"menu_order":0,"comment_status":"closed","ping_status":"closed","template":"templates\/template-application-platform.php","meta":{"publish_to_discourse":"","publish_post_category":"","wpdc_auto_publish_overridden":"","wpdc_topic_tags":"","wpdc_pin_topic":"","wpdc_pin_until":"","discourse_post_id":"","discourse_permalink":"","wpdc_publishing_response":"","wpdc_publishing_error":"","footnotes":""},"class_list":["post-16648","page","type-page","status-publish","hentry"],"yoast_head":"<!-- This site is optimized with the Yoast SEO plugin v25.3.1 - https:\/\/yoast.com\/wordpress\/plugins\/seo\/ -->\n<title>Live-Chat-Widget | Online-Chat mit Squarespace-Websites (kostenlos und einfach)<\/title>\n<meta name=\"description\" content=\"F\u00fcgen Sie Ihr All-in-One-Live-Chat-Plugin schnell auf der Squarespace-Homepage hinzu. Nutzen Sie unsere Live-Demo, um Ihre Online-Chat-Box einfach und ohne Programmieraufwand zu erstellen.\" \/>\n<meta name=\"robots\" content=\"index, follow, max-snippet:-1, max-image-preview:large, max-video-preview:-1\" \/>\n<link rel=\"canonical\" href=\"https:\/\/elfsight.com\/de\/all-in-one-chat-widget\/squarespace\/\" \/>\n<meta property=\"og:locale\" content=\"de_DE\" \/>\n<meta property=\"og:type\" content=\"article\" \/>\n<meta property=\"og:title\" content=\"Live-Chat-Widget | Online-Chat mit Squarespace-Websites (kostenlos und einfach)\" \/>\n<meta property=\"og:description\" content=\"F\u00fcgen Sie Ihr All-in-One-Live-Chat-Plugin schnell auf der Squarespace-Homepage hinzu. Nutzen Sie unsere Live-Demo, um Ihre Online-Chat-Box einfach und ohne Programmieraufwand zu erstellen.\" \/>\n<meta property=\"og:url\" content=\"https:\/\/elfsight.com\/de\/all-in-one-chat-widget\/squarespace\/\" \/>\n<meta property=\"og:site_name\" content=\"Elfsight DE\" \/>\n<meta property=\"article:modified_time\" content=\"2025-01-15T05:57:07+00:00\" \/>\n<meta name=\"twitter:card\" content=\"summary_large_image\" \/>\n<meta name=\"twitter:label1\" content=\"Gesch\u00e4tzte Lesezeit\" \/>\n\t<meta name=\"twitter:data1\" content=\"4\u00a0Minuten\" \/>\n<!-- \/ Yoast SEO plugin. -->","yoast_head_json":{"title":"Live-Chat-Widget | Online-Chat mit Squarespace-Websites (kostenlos und einfach)","description":"F\u00fcgen Sie Ihr All-in-One-Live-Chat-Plugin schnell auf der Squarespace-Homepage hinzu. Nutzen Sie unsere Live-Demo, um Ihre Online-Chat-Box einfach und ohne Programmieraufwand zu erstellen.","robots":{"index":"index","follow":"follow","max-snippet":"max-snippet:-1","max-image-preview":"max-image-preview:large","max-video-preview":"max-video-preview:-1"},"canonical":"https:\/\/elfsight.com\/de\/all-in-one-chat-widget\/squarespace\/","og_locale":"de_DE","og_type":"article","og_title":"Live-Chat-Widget | Online-Chat mit Squarespace-Websites (kostenlos und einfach)","og_description":"F\u00fcgen Sie Ihr All-in-One-Live-Chat-Plugin schnell auf der Squarespace-Homepage hinzu. Nutzen Sie unsere Live-Demo, um Ihre Online-Chat-Box einfach und ohne Programmieraufwand zu erstellen.","og_url":"https:\/\/elfsight.com\/de\/all-in-one-chat-widget\/squarespace\/","og_site_name":"Elfsight DE","article_modified_time":"2025-01-15T05:57:07+00:00","twitter_card":"summary_large_image","twitter_misc":{"Gesch\u00e4tzte Lesezeit":"4\u00a0Minuten"},"schema":{"@context":"https:\/\/schema.org","@graph":[{"@type":"WebPage","@id":"https:\/\/elfsight.com\/de\/all-in-one-chat-widget\/squarespace\/","url":"https:\/\/elfsight.com\/de\/all-in-one-chat-widget\/squarespace\/","name":"Live-Chat-Widget | Online-Chat mit Squarespace-Websites (kostenlos und einfach)","isPartOf":{"@id":"https:\/\/elfsight.com\/de\/#website"},"datePublished":"2024-05-03T06:26:48+00:00","dateModified":"2025-01-15T05:57:07+00:00","description":"F\u00fcgen Sie Ihr All-in-One-Live-Chat-Plugin schnell auf der Squarespace-Homepage hinzu. Nutzen Sie unsere Live-Demo, um Ihre Online-Chat-Box einfach und ohne Programmieraufwand zu erstellen.","breadcrumb":{"@id":"https:\/\/elfsight.com\/de\/all-in-one-chat-widget\/squarespace\/#breadcrumb"},"inLanguage":"de","potentialAction":[{"@type":"ReadAction","target":["https:\/\/elfsight.com\/de\/all-in-one-chat-widget\/squarespace\/"]}]},{"@type":"BreadcrumbList","@id":"https:\/\/elfsight.com\/de\/all-in-one-chat-widget\/squarespace\/#breadcrumb","itemListElement":[{"@type":"ListItem","position":1,"name":"Home","item":"https:\/\/elfsight.com\/de\/"},{"@type":"ListItem","position":2,"name":"All-in-One Chat","item":"https:\/\/elfsight.com\/de\/all-in-one-chat-widget\/"},{"@type":"ListItem","position":3,"name":"All-in-One Chat &#8211; Squarespace"}]},{"@type":"WebSite","@id":"https:\/\/elfsight.com\/de\/#website","url":"https:\/\/elfsight.com\/de\/","name":"Elfsight DE","description":"Just another Elfsight Sites site","potentialAction":[{"@type":"SearchAction","target":{"@type":"EntryPoint","urlTemplate":"https:\/\/elfsight.com\/de\/?s={search_term_string}"},"query-input":{"@type":"PropertyValueSpecification","valueRequired":true,"valueName":"search_term_string"}}],"inLanguage":"de"}]}},"meta_box":{"industry":"","seo_heading":"","heading":"","description":"","cta_heading":"","cta_description":"","application":"510","h1":"Squarespace Live Chat-Plugin","h1_caption":"Bieten Sie Ihren Kunden die M\u00f6glichkeit, Sie m\u00fchelos \u00fcber ein Plugin auf Ihrer Squarespace-Website auf mehreren Messaging-Plattformen wie WhatsApp, Facebook, Telegram und mehr zu erreichen.","application_category":[],"applications_title":"","applications_request_title":"","applications_request_button_text":"","hero_text":"","hero_video":"","hero_video_schema_markup":"","selling_points_title":"","selling_points_caption":"","selling_points":[],"selling_points_cta_text":"","features_title":"","features":"","ed_cta_examples_text":"","ed_cta_examples_hidden":"","ed_cta_demo_text":"","ed_cta_demo_hidden":"","why_caption":"","why_editor_title":"","why_editor_text":"","why_team_title":"","why_team_text":"","why_service_title":"","why_service_text":"","template_catalog_visible":"0","template_catalog_title":"","template_catalog_text":"","template_catalog_categories_visible":"","demo_title":"Erstellen Sie Ihr All-in-One-Chat-Plugin","demo_caption":"Konfigurieren Sie Ihren All-in-One-Chat und f\u00fcgen Sie ihn kostenlos zu Ihrer Squarespace-Website hinzu!","default_faq_hidden":"","app_template_category":[],"platform":"252","template_public_id":"","codecanyon_url":"","codecanyon_item_id":"","codecanyon_price":"","pricing_caption":"","pricing_elfsight_apps_hide_column":"","pricing_elfsight_apps_url":"","pricing_codecanyon_price_caption":"","integration_category":[],"integration_request_title":"","integration_request_cta":"","integration_platform":"","integrations":[],"platform_category":[],"video_schema_markup":"","price":"ab 0 $ \/ Monat","trial":"","benefits":[{"text":"Kostenlose Installationshilfe"},{"text":"Premium-Support"},{"text":"14-t\u00e4gige R\u00fcckerstattungsgarantie"},{"text":"Regelm\u00e4\u00dfige Updates"}],"button_url":"#demo","button_target_blank":"0","button_nofollow":"0","attributes":[{"name":"Installiert","content":"100,000 - 500,000"},{"name":"Reaktionsfreudig","content":"Ja"},{"name":"Kompatible Browser","content":"Firefox, Safari, Opera, Chrome, Edge"}],"tags":[],"tags_disable_links":"0","hide_more_platforms":"","video_object":"","demo_hide_cta":"0","demo_hide_cloud_options":"0","pricing_title":"","pricing":[{"pricing_icon":"platform","pricing_title":"Elfsight Apps","pricing_title_caption":"Plattformunabh\u00e4ngige L\u00f6sung, die auf jeder Site funktioniert","pricing_price":"ab 0 $ \/ Monat","pricing_price_caption":"Beginnen Sie mit einem kostenlosen Plan","pricing_benefits":[{"text":"Unbegrenzte Websites"},{"text":"Erstklassiger Unternehmenssupport und gut dokumentiert"},{"text":"Kostenlose Installationshilfe"},{"text":"Flexibles Design"}],"pricing_button_text":"Zur Website hinzuf\u00fcgen","pricing_button_url":"#demo"}],"related_apps_title":"","related_apps_hidden":"0","author":"","image":[],"title":"","job":"","social_networks":[]},"_links":{"self":[{"href":"https:\/\/elfsight.com\/de\/wp-json\/wp\/v2\/pages\/16648","targetHints":{"allow":["GET"]}}],"collection":[{"href":"https:\/\/elfsight.com\/de\/wp-json\/wp\/v2\/pages"}],"about":[{"href":"https:\/\/elfsight.com\/de\/wp-json\/wp\/v2\/types\/page"}],"author":[{"embeddable":true,"href":"https:\/\/elfsight.com\/de\/wp-json\/wp\/v2\/users\/9"}],"replies":[{"embeddable":true,"href":"https:\/\/elfsight.com\/de\/wp-json\/wp\/v2\/comments?post=16648"}],"version-history":[{"count":3,"href":"https:\/\/elfsight.com\/de\/wp-json\/wp\/v2\/pages\/16648\/revisions"}],"predecessor-version":[{"id":23727,"href":"https:\/\/elfsight.com\/de\/wp-json\/wp\/v2\/pages\/16648\/revisions\/23727"}],"up":[{"embeddable":true,"href":"https:\/\/elfsight.com\/de\/wp-json\/wp\/v2\/pages\/1238"}],"wp:attachment":[{"href":"https:\/\/elfsight.com\/de\/wp-json\/wp\/v2\/media?parent=16648"}],"curies":[{"name":"wp","href":"https:\/\/api.w.org\/{rel}","templated":true}]}}