{"id":16647,"date":"2024-05-03T06:26:47","date_gmt":"2024-05-03T06:26:47","guid":{"rendered":"https:\/\/elfsight.com\/de\/?page_id=16647"},"modified":"2025-01-15T05:59:56","modified_gmt":"2025-01-15T05:59:56","slug":"webflow","status":"publish","type":"page","link":"https:\/\/elfsight.com\/de\/all-in-one-chat-widget\/webflow\/","title":{"rendered":"All-in-One Chat &#8211; Webflow"},"content":{"rendered":"\n<div class=\"application-platform-content-item-description application-platform-content-item\" id=\"description\" data-nav-section=\"description\"> <h2>All-in-One-Chat in Webflow mit dem Elfsight-Widget einbetten<\/h2> <p>All-in-One-Chat-Box von Elfsight ist eines der schnellsten Tools f\u00fcr Benutzer, um Sie zu erreichen und Unterst\u00fctzung von Ihnen zu erhalten. Sie k\u00f6nnen in allen am h\u00e4ufigsten genutzten Chats ununterbrochen online verf\u00fcgbar bleiben. Integrieren Sie das Widget in Ihre Website und stellen Sie es so ein, dass es auf bestimmten Seiten oder f\u00fcr bestimmte Besucherkategorien angezeigt wird, w\u00e4hlen Sie Chat-Initiator-Aktivatoren, schreiben Sie Ihren Begr\u00fc\u00dfungstext, w\u00e4hlen Sie Symbole aus und vieles mehr. Sobald das Widget l\u00e4uft, sind Sie jederzeit und von \u00fcberall aus mit anderen Menschen verbunden. <\/p> <p><b>Erhalten Sie mehr Leads durch direkte Kontaktaufnahme<\/b><\/p> <\/div> <div class=\"application-platform-content-item-features application-platform-content-item\" id=\"features\" data-nav-section=\"features\"> <h2>Lernen Sie die Liste der besten Funktionen kennen: <\/h2> <ul><li>Integrieren Sie den All-in-One-Live-Chat-Messenger auf Ihrer Website, um mit Benutzern zu chatten. <\/li><li>3 Arten von Chat-Positionen: schwebende Blase, eingebettete Blase und eingebettetes Chat-Fenster. <\/li><li>Eine Bibliothek mit Blasensymbolen zur Auswahl. <\/li><li>Formbarer Chat-Titel mit Seitenbild, Name und Bildunterschrift.<\/li><li>Seitenbild standardm\u00e4\u00dfig festlegen, aus unserer Bibliothek oder ein benutzerdefiniertes Bild hochladen. <\/li><\/ul><div class=\"faq\" data-component=\"FAQ\"><div class=\"faq-item\">\r\n\t\t\t\t\t<div class=\"faq-item-question\">\r\n\t\t\t\t\t\t<h3 class=\"faq-item-question-text\">Wie f\u00fcge ich das All-in-One-Chat-Feld zu einer Webflow-Seite hinzu?<\/h3>\r\n\r\n\t\t\t\t\t\t<div class=\"faq-item-question-icon\"><\/div>\r\n\t\t\t\t\t<\/div>\r\n\r\n\t\t\t\t\t<div class=\"faq-item-answer\">\r\n\t\t\t\t\t\t<div class=\"faq-item-answer-text\"><p>Das Hinzuf\u00fcgen des Chat-Felds zur Website dauert etwa 90 Sekunden. Dar\u00fcber hinaus sind keine Kenntnisse in der Webprogrammierung erforderlich. <\/p><ol><li>Passen Sie das Webflow-Chat-Widget im kostenlosen Live-Konfigurator an. <\/li> <li>Klicken Sie auf den Code, um ihn zu kopieren. <\/li> <li>F\u00fcgen Sie den Code an der ben\u00f6tigten Stelle in der Website-Vorlage hinzu. <\/li> <li>Das ist es! Das Chat-Widget ist jetzt live auf Webflow!<\/li><\/ol><p>Haben Sie Probleme mit der Einbettung oder Einrichtung des Chat-Widgets in Webflow? Den vollst\u00e4ndigen Leitfaden finden Sie m\u00f6glicherweise auf dieser Seite. <\/p><p><a href=\"#demo\">Probieren Sie einfach diese Demo aus, um zu sehen, wie es funktioniert<\/a><\/p> <\/div>\r\n\t\t\t\t\t<\/div>\r\n\t\t\t\t<\/div><div class=\"faq-item\">\r\n\t\t\t\t\t<div class=\"faq-item-question\">\r\n\t\t\t\t\t\t<h3 class=\"faq-item-question-text\">Kann ich sehen, wie das Widget auf meiner Website aussehen wird?<\/h3>\r\n\r\n\t\t\t\t\t\t<div class=\"faq-item-question-icon\"><\/div>\r\n\t\t\t\t\t<\/div>\r\n\r\n\t\t\t\t\t<div class=\"faq-item-answer\">\r\n\t\t\t\t\t\t<div class=\"faq-item-answer-text\"><p>Auf jeden Fall! Wenn Sie das Webflow-Chat-Widget im <a href=\"https:\/\/elfsight.com\/all-in-one-chat-widget\/#demo\">kostenlosen Online-Builder<\/a> erstellen, werden Sie alle \u00c4nderungen ber\u00fccksichtigen das Recht. Ihr Chat-Feld sieht genauso aus wie das, was Sie Ihrer Webflow-Website hinzuf\u00fcgen werden. <\/p><\/div>\r\n\t\t\t\t\t<\/div>\r\n\t\t\t\t<\/div><div class=\"faq-item\">\r\n\t\t\t\t\t<div class=\"faq-item-question\">\r\n\t\t\t\t\t\t<h3 class=\"faq-item-question-text\">Welche anderen Widgets sind f\u00fcr eine Webflow-Site unerl\u00e4sslich?<\/h3>\r\n\r\n\t\t\t\t\t\t<div class=\"faq-item-question-icon\"><\/div>\r\n\t\t\t\t\t<\/div>\r\n\r\n\t\t\t\t\t<div class=\"faq-item-answer\">\r\n\t\t\t\t\t\t<div class=\"faq-item-answer-text\"><p>Webflow ist eine Plattform, die die Ideen der No-Coding-Philosophie f\u00f6rdert. Mit Hilfe dieses Website-Builders k\u00f6nnen Sie eine Website f\u00fcr fast jeden Zweck erstellen: vom Portfolio bis zum kleinen E-Commerce-Shop. <\/p><p>Elfsight hilft Ihnen, die Funktionalit\u00e4t Ihrer Webflow-Website mit den folgenden Tools zu verbessern: <a href=\"https:\/\/elfsight.com\/online-form-builder\/webflow\/\">Form Builder<\/a>, <a href=\"https:\/\/elfsight.com\/cookie-consent-widget\/webflow\/\">Cookie-Einwilligungsbanner<\/a>, <a href=\"https:\/\/elfsight.com\/popup- widget\/webflow\/\">Popup-Widget<\/a>, <a href=\"https:\/\/elfsight.com\/instagram-feed-instashow\/webflow\/\">Instagram-Feed<\/a> und <a href=\"https:\/\/elfsight.com\/slider-widget\/webflow\/\">Slider<\/a>. W\u00e4hlen Sie einfach das aus, das Ihnen gef\u00e4llt, und profitieren Sie sofort davon!<\/p><\/div>\r\n\t\t\t\t\t<\/div>\r\n\t\t\t\t<\/div><\/div><\/div> <div class=\"application-platform-content-item-installation application-platform-content-item\" id=\"installation\" data-nav-section=\"installation\"> <h2>Wie f\u00fcge ich ein Live-Chat-Widget hinzu? meine Webflow-Website?<\/h2><div class=\"video-container\"><iframe width=\"560\" height=\"315\" src=\"https:\/\/www.youtube.com\/embed\/ScRcsa8EdGI?si=yz6jxFG-A5yZ9ta6\" frameborder=\"0\" allow=\"accelerometer; autoplay; clipboard-write; encrypted-media; gyroscope; picture-in-picture; web-share\" allowfullscreen><\/iframe><\/div><p>Befolgen Sie einfach die nachstehenden Anweisungen, um mit der Verwendung des Tools zu beginnen.<\/p> <ol><li><b>Starten Sie unsere kostenlose Demo und beginnen Sie mit der Gestaltung Ihres benutzerdefiniertes Widget. <\/b><br> Geben Sie das ausgew\u00e4hlte Layout und die Funktionsmerkmale des Plugins an und \u00fcbernehmen Sie die \u00c4nderungen. <\/li> <li><b>Erhalten Sie den einzigartigen Code, der in der Witwe auf Elfsight Apps angezeigt wird. <\/b><br> Wenn die Generierung Ihres pers\u00f6nlichen Plugins abgeschlossen ist, kopieren Sie den pers\u00f6nlichen Code aus dem erscheinenden Popup und bewahren Sie ihn f\u00fcr eine sp\u00e4tere Gelegenheit auf. <\/li> <li><b>Geben Sie die Verwendung des Widgets auf der Webflow-Webseite ein. <\/b><br> F\u00fcgen Sie den k\u00fcrzlich kopierten Code in Ihre Seite ein und \u00fcbernehmen Sie die Anpassungen. <\/li> <li><b>Die Einrichtung wurde erfolgreich durchgef\u00fchrt.<\/b><br> Besuchen Sie Ihre Webseite, um zu \u00fcberpr\u00fcfen, wie die Online-Chatbox funktioniert.<\/li><\/ol> <p>Unter der Bedingung, dass Wenn Sie mit Anfragen konfrontiert werden oder auf Hindernisse sto\u00dfen, k\u00f6nnen Sie sich gerne an unser Kundendienstteam wenden. Unsere Mitarbeiter helfen Ihnen gerne bei allen Schwierigkeiten, die Sie mit dem Tool haben k\u00f6nnten. <\/p> <\/div>\n","protected":false},"excerpt":{"rendered":"","protected":false},"author":9,"featured_media":0,"parent":1238,"menu_order":0,"comment_status":"closed","ping_status":"closed","template":"templates\/template-application-platform.php","meta":{"publish_to_discourse":"","publish_post_category":"","wpdc_auto_publish_overridden":"","wpdc_topic_tags":"","wpdc_pin_topic":"","wpdc_pin_until":"","discourse_post_id":"","discourse_permalink":"","wpdc_publishing_response":"","wpdc_publishing_error":"","footnotes":""},"class_list":["post-16647","page","type-page","status-publish","hentry"],"yoast_head":"<!-- This site is optimized with the Yoast SEO plugin v25.3.1 - https:\/\/yoast.com\/wordpress\/plugins\/seo\/ -->\n<title>Live-Chat \u2013 Online-Chat-Widget zu Webflow-Websites hinzuf\u00fcgen (kostenlos und einfach)<\/title>\n<meta name=\"description\" content=\"Betten Sie Ihr All-in-One-Live-Chat-Widget schnell in die Webflow-Website ein. Nutzen Sie unsere praktische Demo, um Ihre einzigartige Online-Chat-Box einfach und ohne Programmieraufwand zu erstellen.\" \/>\n<meta name=\"robots\" content=\"index, follow, max-snippet:-1, max-image-preview:large, max-video-preview:-1\" \/>\n<link rel=\"canonical\" href=\"https:\/\/elfsight.com\/de\/all-in-one-chat-widget\/webflow\/\" \/>\n<meta property=\"og:locale\" content=\"de_DE\" \/>\n<meta property=\"og:type\" content=\"article\" \/>\n<meta property=\"og:title\" content=\"Live-Chat \u2013 Online-Chat-Widget zu Webflow-Websites hinzuf\u00fcgen (kostenlos und einfach)\" \/>\n<meta property=\"og:description\" content=\"Betten Sie Ihr All-in-One-Live-Chat-Widget schnell in die Webflow-Website ein. Nutzen Sie unsere praktische Demo, um Ihre einzigartige Online-Chat-Box einfach und ohne Programmieraufwand zu erstellen.\" \/>\n<meta property=\"og:url\" content=\"https:\/\/elfsight.com\/de\/all-in-one-chat-widget\/webflow\/\" \/>\n<meta property=\"og:site_name\" content=\"Elfsight DE\" \/>\n<meta property=\"article:modified_time\" content=\"2025-01-15T05:59:56+00:00\" \/>\n<meta name=\"twitter:card\" content=\"summary_large_image\" \/>\n<meta name=\"twitter:label1\" content=\"Gesch\u00e4tzte Lesezeit\" \/>\n\t<meta name=\"twitter:data1\" content=\"4\u00a0Minuten\" \/>\n<!-- \/ Yoast SEO plugin. -->","yoast_head_json":{"title":"Live-Chat \u2013 Online-Chat-Widget zu Webflow-Websites hinzuf\u00fcgen (kostenlos und einfach)","description":"Betten Sie Ihr All-in-One-Live-Chat-Widget schnell in die Webflow-Website ein. Nutzen Sie unsere praktische Demo, um Ihre einzigartige Online-Chat-Box einfach und ohne Programmieraufwand zu erstellen.","robots":{"index":"index","follow":"follow","max-snippet":"max-snippet:-1","max-image-preview":"max-image-preview:large","max-video-preview":"max-video-preview:-1"},"canonical":"https:\/\/elfsight.com\/de\/all-in-one-chat-widget\/webflow\/","og_locale":"de_DE","og_type":"article","og_title":"Live-Chat \u2013 Online-Chat-Widget zu Webflow-Websites hinzuf\u00fcgen (kostenlos und einfach)","og_description":"Betten Sie Ihr All-in-One-Live-Chat-Widget schnell in die Webflow-Website ein. Nutzen Sie unsere praktische Demo, um Ihre einzigartige Online-Chat-Box einfach und ohne Programmieraufwand zu erstellen.","og_url":"https:\/\/elfsight.com\/de\/all-in-one-chat-widget\/webflow\/","og_site_name":"Elfsight DE","article_modified_time":"2025-01-15T05:59:56+00:00","twitter_card":"summary_large_image","twitter_misc":{"Gesch\u00e4tzte Lesezeit":"4\u00a0Minuten"},"schema":{"@context":"https:\/\/schema.org","@graph":[{"@type":"WebPage","@id":"https:\/\/elfsight.com\/de\/all-in-one-chat-widget\/webflow\/","url":"https:\/\/elfsight.com\/de\/all-in-one-chat-widget\/webflow\/","name":"Live-Chat \u2013 Online-Chat-Widget zu Webflow-Websites hinzuf\u00fcgen (kostenlos und einfach)","isPartOf":{"@id":"https:\/\/elfsight.com\/de\/#website"},"datePublished":"2024-05-03T06:26:47+00:00","dateModified":"2025-01-15T05:59:56+00:00","description":"Betten Sie Ihr All-in-One-Live-Chat-Widget schnell in die Webflow-Website ein. Nutzen Sie unsere praktische Demo, um Ihre einzigartige Online-Chat-Box einfach und ohne Programmieraufwand zu erstellen.","breadcrumb":{"@id":"https:\/\/elfsight.com\/de\/all-in-one-chat-widget\/webflow\/#breadcrumb"},"inLanguage":"de","potentialAction":[{"@type":"ReadAction","target":["https:\/\/elfsight.com\/de\/all-in-one-chat-widget\/webflow\/"]}]},{"@type":"BreadcrumbList","@id":"https:\/\/elfsight.com\/de\/all-in-one-chat-widget\/webflow\/#breadcrumb","itemListElement":[{"@type":"ListItem","position":1,"name":"Home","item":"https:\/\/elfsight.com\/de\/"},{"@type":"ListItem","position":2,"name":"All-in-One Chat","item":"https:\/\/elfsight.com\/de\/all-in-one-chat-widget\/"},{"@type":"ListItem","position":3,"name":"All-in-One Chat &#8211; Webflow"}]},{"@type":"WebSite","@id":"https:\/\/elfsight.com\/de\/#website","url":"https:\/\/elfsight.com\/de\/","name":"Elfsight DE","description":"Just another Elfsight Sites site","potentialAction":[{"@type":"SearchAction","target":{"@type":"EntryPoint","urlTemplate":"https:\/\/elfsight.com\/de\/?s={search_term_string}"},"query-input":{"@type":"PropertyValueSpecification","valueRequired":true,"valueName":"search_term_string"}}],"inLanguage":"de"}]}},"meta_box":{"industry":"","seo_heading":"","heading":"","description":"","cta_heading":"","cta_description":"","application":"510","h1":"Webflow-Live-Chat-Widget","h1_caption":"Bieten Sie Ihren Kunden die M\u00f6glichkeit, Sie m\u00fchelos \u00fcber ein Widget auf mehreren Messaging-Plattformen wie WhatsApp, Facebook, Telegram und mehr auf Ihrer Webflow-Website zu erreichen.","application_category":[],"applications_title":"","applications_request_title":"","applications_request_button_text":"","hero_text":"","hero_video":"","hero_video_schema_markup":"","selling_points_title":"","selling_points_caption":"","selling_points":[],"selling_points_cta_text":"","features_title":"","features":"","ed_cta_examples_text":"","ed_cta_examples_hidden":"","ed_cta_demo_text":"","ed_cta_demo_hidden":"","why_caption":"","why_editor_title":"","why_editor_text":"","why_team_title":"","why_team_text":"","why_service_title":"","why_service_text":"","template_catalog_visible":"0","template_catalog_title":"","template_catalog_text":"","template_catalog_categories_visible":"","demo_title":"Erstellen Sie Ihr All-in-One-Chat-Widget","demo_caption":"Konfigurieren Sie Ihren All-in-One-Chat und f\u00fcgen Sie ihn kostenlos zu Ihrer Webflow-Website hinzu!","default_faq_hidden":"","app_template_category":[],"platform":"250","template_public_id":"","codecanyon_url":"","codecanyon_item_id":"","codecanyon_price":"","pricing_caption":"","pricing_elfsight_apps_hide_column":"","pricing_elfsight_apps_url":"","pricing_codecanyon_price_caption":"","integration_category":[],"integration_request_title":"","integration_request_cta":"","integration_platform":"","integrations":[],"platform_category":[],"video_schema_markup":"","price":"ab 0 $ \/ Monat","trial":"","benefits":[{"text":"Kostenlose Installationsunterst\u00fctzung"},{"text":"Effektiver Kundenservice"},{"text":"14-t\u00e4gige R\u00fcckerstattungsgarantie"},{"text":"St\u00e4ndige Aktualisierung"}],"button_url":"#demo","button_target_blank":"0","button_nofollow":"0","attributes":[{"name":"Installiert","content":"100,000 - 500,000"},{"name":"Reaktionsfreudig","content":"Ja"},{"name":"Kompatible Browser","content":"Opera, Firefox, Edge, Safari, Chrome"}],"tags":[],"tags_disable_links":"0","hide_more_platforms":"","video_object":"","demo_hide_cta":"0","demo_hide_cloud_options":"0","pricing_title":"","pricing":[{"pricing_icon":"platform","pricing_title":"Elfsight Apps","pricing_title_caption":"Plattform\u00fcbergreifende Software","pricing_price":"ab 0 $ \/ Monat","pricing_price_caption":"Beginnen Sie mit einem kostenlosen Plan","pricing_benefits":[{"text":"Unbegrenzte Anzahl an Domains"},{"text":"Schneller und p\u00fcnktlicher Support"},{"text":"Kostenloser Installationsservice"},{"text":"Sonderangebot f\u00fcr mehrere Apps"}],"pricing_button_text":"Zur Website hinzuf\u00fcgen","pricing_button_url":"#demo"}],"related_apps_title":"","related_apps_hidden":"0","author":"","image":[],"title":"","job":"","social_networks":[]},"_links":{"self":[{"href":"https:\/\/elfsight.com\/de\/wp-json\/wp\/v2\/pages\/16647","targetHints":{"allow":["GET"]}}],"collection":[{"href":"https:\/\/elfsight.com\/de\/wp-json\/wp\/v2\/pages"}],"about":[{"href":"https:\/\/elfsight.com\/de\/wp-json\/wp\/v2\/types\/page"}],"author":[{"embeddable":true,"href":"https:\/\/elfsight.com\/de\/wp-json\/wp\/v2\/users\/9"}],"replies":[{"embeddable":true,"href":"https:\/\/elfsight.com\/de\/wp-json\/wp\/v2\/comments?post=16647"}],"version-history":[{"count":3,"href":"https:\/\/elfsight.com\/de\/wp-json\/wp\/v2\/pages\/16647\/revisions"}],"predecessor-version":[{"id":23729,"href":"https:\/\/elfsight.com\/de\/wp-json\/wp\/v2\/pages\/16647\/revisions\/23729"}],"up":[{"embeddable":true,"href":"https:\/\/elfsight.com\/de\/wp-json\/wp\/v2\/pages\/1238"}],"wp:attachment":[{"href":"https:\/\/elfsight.com\/de\/wp-json\/wp\/v2\/media?parent=16647"}],"curies":[{"name":"wp","href":"https:\/\/api.w.org\/{rel}","templated":true}]}}