{"id":16642,"date":"2024-05-03T06:26:46","date_gmt":"2024-05-03T06:26:46","guid":{"rendered":"https:\/\/elfsight.com\/de\/?page_id=16642"},"modified":"2025-01-15T06:01:05","modified_gmt":"2025-01-15T06:01:05","slug":"webnode","status":"publish","type":"page","link":"https:\/\/elfsight.com\/de\/all-in-one-chat-widget\/webnode\/","title":{"rendered":"All-in-One Chat &#8211; Webnode"},"content":{"rendered":"\n<div class=\"application-platform-content-item-description application-platform-content-item\" id=\"description\" data-nav-section=\"description\"> <h2>Beschreibung<\/h2> <p>All-in-One Chat Box von Elfsight ist eines der praktischsten Tools, mit denen Menschen Sie ansprechen k\u00f6nnen ihre Fragen kl\u00e4ren lassen. Bleiben Sie rund um die Uhr in allen g\u00e4ngigen Messengern live verf\u00fcgbar. Integrieren Sie das Widget auf Ihrer Seite und es kann nur auf bestimmten Seiten oder f\u00fcr separate Zielgruppenkategorien aktiv sein, weisen Sie Chat-Startausl\u00f6ser zu, verfassen Sie Ihre eigene Willkommensnachricht, legen Sie Symbole fest und vieles mehr. Mit dem Widget auf Ihrer Website bleiben Sie f\u00fcr Besucher jederzeit und von \u00fcberall aus erreichbar. <\/p> <p><b>Bleiben Sie einfach zu erreichen und reagieren Sie schnell, verbessern Sie Eink\u00e4ufe durch Beratung<\/b><\/p> <\/div> <div class=\"application-platform-content-item-features application-platform-content-item\" id=\"features\" data-nav-section=\"features\"> <h2>Sehen Sie sich die Liste an einer der leistungsst\u00e4rksten Funktionen: <\/h2> <ul><li>F\u00fcgen Sie den All-in-One-Online-Chat-Messenger auf Ihrer Website hinzu, um mit Benutzern zu chatten. <\/li><li>3 Varianten der Chat-Position: schwebende Blase, eingebettete Blase und eingebettetes Chat-Fenster. <\/li><li>Eine Bibliothek mit Blasensymbolen zur Auswahl. <\/li><li>Formbarer Chat-Header mit Seitenbild, Name und Bildunterschrift.<\/li><li>Sie k\u00f6nnen das Seitenbild standardm\u00e4\u00dfig aus unserer Sammlung ausw\u00e4hlen oder Ihr eigenes Bild hochladen. <\/li><\/ul><p><a href=\"#demo\">Schauen Sie sich einfach diese Demo an, um einen vollst\u00e4ndigen \u00dcberblick zu erhalten<\/a><\/p> <\/div> <div class=\"application-platform-content-item-installation application-platform-content-item\" id=\"installation\" data-nav-section=\"installation\"> <h2>Wie kann ich All-in-One-Live-Chat auf meiner %platforma%-Website hinzuf\u00fcgen? <\/h2> <p>F\u00fchren Sie einfach die unten beschriebenen Schritte aus, um mit der Arbeit mit dem Widget zu beginnen. <\/p> <ol><li><b>Nutzen Sie unseren kostenlosen Editor und beginnen Sie mit der Erstellung Ihres ma\u00dfgeschneiderten Plugins. <\/b><br> W\u00e4hlen Sie das gew\u00fcnschte Design und die gew\u00fcnschten Optionen des Widgets und speichern Sie die Korrekturen. <\/li> <li><b>Erwerben Sie den individuellen Code, der im speziellen Formular auf Elfsight Apps angezeigt wird. <\/b><br> Sobald die Einrichtung Ihres Tools abgeschlossen ist, kopieren Sie den pers\u00f6nlichen Code aus dem erscheinenden Popup und bewahren Sie ihn f\u00fcr zuk\u00fcnftige Gelegenheiten auf. <\/li> <li><b>Beginnen Sie mit der Verwendung des Plugins auf der Webnode-Webseite. <\/b><br> Betten Sie den Code, den Sie k\u00fcrzlich kopiert haben, in Ihre Website ein und speichern Sie die \u00c4nderungen. <\/li> <li><b>Fertig! Die Einbettung ist vollst\u00e4ndig beendet. <\/b><br> Besuchen Sie Ihre Webseite, um zu sehen, wie die Online-Chatbox funktioniert. <\/li><\/ol> <p>Wenn Sie mit Anfragen konfrontiert werden oder auf Probleme sto\u00dfen, wenden Sie sich bitte an unser Support-Team. Unsere Berater sind bestrebt, alle Schwierigkeiten zu l\u00f6sen, die Sie m\u00f6glicherweise mit dem Widget haben. <\/p> <div class=\"faq\" data-component=\"FAQ\"><div class=\"faq-item\">\r\n\t\t\t\t\t<div class=\"faq-item-question\">\r\n\t\t\t\t\t\t<h3 class=\"faq-item-question-text\">Wie kann ich All-in-One-Chat ohne Programmierkenntnisse zu meiner Webnode-Website hinzuf\u00fcgen?<\/h3>\r\n\r\n\t\t\t\t\t\t<div class=\"faq-item-question-icon\"><\/div>\r\n\t\t\t\t\t<\/div>\r\n\r\n\t\t\t\t\t<div class=\"faq-item-answer\">\r\n\t\t\t\t\t\t<div class=\"faq-item-answer-text\"><p>Elfsight bietet eine SaaS-L\u00f6sung, mit der Sie einen All-in-One-Chat erstellen k\u00f6nnen Chat-Widget selbst, sehen Sie, wie einfach der Vorgang ist: Arbeiten Sie direkt im Online-Editor, um ein All-in-One-Chat-Widget zu erstellen, das Sie gerne auf Ihrer Prestashop-Website sehen w\u00fcrden. W\u00e4hlen Sie eine der vorgefertigten Vorlagen aus und passen Sie die All-in-One-Chat-Einstellungen an, f\u00fcgen Sie Ihre Inhalte hinzu, \u00e4ndern Sie das Layout und die Farben ohne Programmierkenntnisse. Speichern Sie den All-in-One-Chat und kopieren Sie seinen Installationscode, den Sie problemlos in Ihre Prestashop-Website einbetten k\u00f6nnen, ohne ein kostenpflichtiges Abonnement zu kaufen. Mit unserem intuitiven Editor kann jeder Internetnutzer online ein All-in-One-Chat-Widget erstellen und es einfach in seine Prestashop-Website einbetten. Sie m\u00fcssen weder bezahlen noch Ihre Kartendaten eingeben, um auf den Service zuzugreifen. Sollten bei irgendeinem Schritt Probleme auftreten, wenden Sie sich bitte an unser technisches Support-Team.<\/p><\/div>\r\n\t\t\t\t\t<\/div>\r\n\t\t\t\t<\/div><\/div><\/div>\n","protected":false},"excerpt":{"rendered":"","protected":false},"author":9,"featured_media":0,"parent":1238,"menu_order":0,"comment_status":"closed","ping_status":"closed","template":"templates\/template-application-platform.php","meta":{"publish_to_discourse":"","publish_post_category":"","wpdc_auto_publish_overridden":"","wpdc_topic_tags":"","wpdc_pin_topic":"","wpdc_pin_until":"","discourse_post_id":"","discourse_permalink":"","wpdc_publishing_response":"","wpdc_publishing_error":"","footnotes":""},"class_list":["post-16642","page","type-page","status-publish","hentry"],"yoast_head":"<!-- This site is optimized with the Yoast SEO plugin v25.3.1 - https:\/\/yoast.com\/wordpress\/plugins\/seo\/ -->\n<title>Live-Chat \u2013 Online-Chat-Box zu Webnode-Websites hinzuf\u00fcgen (kostenlos und einfach)<\/title>\n<meta name=\"description\" content=\"Integrieren Sie Ihr All-in-One-Live-Chat-Widget in 1-2-3 auf Webnode. Nutzen Sie unsere praktische Demo, um m\u00fchelos und ohne Programmieraufwand Ihre einzigartige Online-Chat-Box zu erstellen.\" \/>\n<meta name=\"robots\" content=\"index, follow, max-snippet:-1, max-image-preview:large, max-video-preview:-1\" \/>\n<link rel=\"canonical\" href=\"https:\/\/elfsight.com\/de\/all-in-one-chat-widget\/webnode\/\" \/>\n<meta property=\"og:locale\" content=\"de_DE\" \/>\n<meta property=\"og:type\" content=\"article\" \/>\n<meta property=\"og:title\" content=\"Live-Chat \u2013 Online-Chat-Box zu Webnode-Websites hinzuf\u00fcgen (kostenlos und einfach)\" \/>\n<meta property=\"og:description\" content=\"Integrieren Sie Ihr All-in-One-Live-Chat-Widget in 1-2-3 auf Webnode. Nutzen Sie unsere praktische Demo, um m\u00fchelos und ohne Programmieraufwand Ihre einzigartige Online-Chat-Box zu erstellen.\" \/>\n<meta property=\"og:url\" content=\"https:\/\/elfsight.com\/de\/all-in-one-chat-widget\/webnode\/\" \/>\n<meta property=\"og:site_name\" content=\"Elfsight DE\" \/>\n<meta property=\"article:modified_time\" content=\"2025-01-15T06:01:05+00:00\" \/>\n<meta name=\"twitter:card\" content=\"summary_large_image\" \/>\n<meta name=\"twitter:label1\" content=\"Gesch\u00e4tzte Lesezeit\" \/>\n\t<meta name=\"twitter:data1\" content=\"3\u00a0Minuten\" \/>\n<!-- \/ Yoast SEO plugin. -->","yoast_head_json":{"title":"Live-Chat \u2013 Online-Chat-Box zu Webnode-Websites hinzuf\u00fcgen (kostenlos und einfach)","description":"Integrieren Sie Ihr All-in-One-Live-Chat-Widget in 1-2-3 auf Webnode. Nutzen Sie unsere praktische Demo, um m\u00fchelos und ohne Programmieraufwand Ihre einzigartige Online-Chat-Box zu erstellen.","robots":{"index":"index","follow":"follow","max-snippet":"max-snippet:-1","max-image-preview":"max-image-preview:large","max-video-preview":"max-video-preview:-1"},"canonical":"https:\/\/elfsight.com\/de\/all-in-one-chat-widget\/webnode\/","og_locale":"de_DE","og_type":"article","og_title":"Live-Chat \u2013 Online-Chat-Box zu Webnode-Websites hinzuf\u00fcgen (kostenlos und einfach)","og_description":"Integrieren Sie Ihr All-in-One-Live-Chat-Widget in 1-2-3 auf Webnode. Nutzen Sie unsere praktische Demo, um m\u00fchelos und ohne Programmieraufwand Ihre einzigartige Online-Chat-Box zu erstellen.","og_url":"https:\/\/elfsight.com\/de\/all-in-one-chat-widget\/webnode\/","og_site_name":"Elfsight DE","article_modified_time":"2025-01-15T06:01:05+00:00","twitter_card":"summary_large_image","twitter_misc":{"Gesch\u00e4tzte Lesezeit":"3\u00a0Minuten"},"schema":{"@context":"https:\/\/schema.org","@graph":[{"@type":"WebPage","@id":"https:\/\/elfsight.com\/de\/all-in-one-chat-widget\/webnode\/","url":"https:\/\/elfsight.com\/de\/all-in-one-chat-widget\/webnode\/","name":"Live-Chat \u2013 Online-Chat-Box zu Webnode-Websites hinzuf\u00fcgen (kostenlos und einfach)","isPartOf":{"@id":"https:\/\/elfsight.com\/de\/#website"},"datePublished":"2024-05-03T06:26:46+00:00","dateModified":"2025-01-15T06:01:05+00:00","description":"Integrieren Sie Ihr All-in-One-Live-Chat-Widget in 1-2-3 auf Webnode. Nutzen Sie unsere praktische Demo, um m\u00fchelos und ohne Programmieraufwand Ihre einzigartige Online-Chat-Box zu erstellen.","breadcrumb":{"@id":"https:\/\/elfsight.com\/de\/all-in-one-chat-widget\/webnode\/#breadcrumb"},"inLanguage":"de","potentialAction":[{"@type":"ReadAction","target":["https:\/\/elfsight.com\/de\/all-in-one-chat-widget\/webnode\/"]}]},{"@type":"BreadcrumbList","@id":"https:\/\/elfsight.com\/de\/all-in-one-chat-widget\/webnode\/#breadcrumb","itemListElement":[{"@type":"ListItem","position":1,"name":"Home","item":"https:\/\/elfsight.com\/de\/"},{"@type":"ListItem","position":2,"name":"All-in-One Chat","item":"https:\/\/elfsight.com\/de\/all-in-one-chat-widget\/"},{"@type":"ListItem","position":3,"name":"All-in-One Chat &#8211; Webnode"}]},{"@type":"WebSite","@id":"https:\/\/elfsight.com\/de\/#website","url":"https:\/\/elfsight.com\/de\/","name":"Elfsight DE","description":"Just another Elfsight Sites site","potentialAction":[{"@type":"SearchAction","target":{"@type":"EntryPoint","urlTemplate":"https:\/\/elfsight.com\/de\/?s={search_term_string}"},"query-input":{"@type":"PropertyValueSpecification","valueRequired":true,"valueName":"search_term_string"}}],"inLanguage":"de"}]}},"meta_box":{"industry":"","seo_heading":"","heading":"","description":"","cta_heading":"","cta_description":"","application":"510","h1":"Webnode Live-Chat-Widget","h1_caption":"Bieten Sie Ihren Kunden die M\u00f6glichkeit, Sie m\u00fchelos \u00fcber ein Widget auf Ihrer Webnode-Website auf mehreren Messaging-Plattformen wie WhatsApp, Facebook, Telegram und mehr zu erreichen.","application_category":[],"applications_title":"","applications_request_title":"","applications_request_button_text":"","hero_text":"","hero_video":"","hero_video_schema_markup":"","selling_points_title":"","selling_points_caption":"","selling_points":[],"selling_points_cta_text":"","features_title":"","features":"","ed_cta_examples_text":"","ed_cta_examples_hidden":"","ed_cta_demo_text":"","ed_cta_demo_hidden":"","why_caption":"","why_editor_title":"","why_editor_text":"","why_team_title":"","why_team_text":"","why_service_title":"","why_service_text":"","template_catalog_visible":"0","template_catalog_title":"","template_catalog_text":"","template_catalog_categories_visible":"","demo_title":"Erstellen Sie Ihr All-in-One-Chat-Widget","demo_caption":"Konfigurieren Sie Ihren All-in-One-Chat und f\u00fcgen Sie ihn kostenlos zu Ihrer Webnode-Website hinzu!","default_faq_hidden":"","app_template_category":[],"platform":"248","template_public_id":"","codecanyon_url":"","codecanyon_item_id":"","codecanyon_price":"","pricing_caption":"","pricing_elfsight_apps_hide_column":"","pricing_elfsight_apps_url":"","pricing_codecanyon_price_caption":"","integration_category":[],"integration_request_title":"","integration_request_cta":"","integration_platform":"","integrations":[],"platform_category":[],"video_schema_markup":"","price":"ab 0 $ \/ Monat","trial":"","benefits":[{"text":"Kostenlose Installationshilfe"},{"text":"Kompetenter Kundenservice"},{"text":"14-t\u00e4gige R\u00fcckerstattungsgarantie"},{"text":"Regelm\u00e4\u00dfige Verbesserungen"}],"button_url":"#demo","button_target_blank":"0","button_nofollow":"0","attributes":[{"name":"Installiert","content":"100,000 - 500,000"},{"name":"Reaktionsfreudig","content":"Ja"},{"name":"Kompatible Browser","content":"Firefox, Safari, Opera, Chrome, Edge"}],"tags":[],"tags_disable_links":"0","hide_more_platforms":"","video_object":"","demo_hide_cta":"0","demo_hide_cloud_options":"0","pricing_title":"","pricing":[{"pricing_icon":"platform","pricing_title":"Elfsight Apps","pricing_title_caption":"Multiplattform-Version","pricing_price":"ab 0 $ \/ Monat","pricing_price_caption":"Beginnen Sie mit einem kostenlosen Plan","pricing_benefits":[{"text":"Unbegrenzte Websites"},{"text":"Premium-Kundensupport"},{"text":"Kostenlose Installationsunterst\u00fctzung"},{"text":"Preis f\u00fcr mehrere Apps"}],"pricing_button_text":"Zur Website hinzuf\u00fcgen","pricing_button_url":"#demo"}],"related_apps_title":"","related_apps_hidden":"0","author":"","image":[],"title":"","job":"","social_networks":[]},"_links":{"self":[{"href":"https:\/\/elfsight.com\/de\/wp-json\/wp\/v2\/pages\/16642","targetHints":{"allow":["GET"]}}],"collection":[{"href":"https:\/\/elfsight.com\/de\/wp-json\/wp\/v2\/pages"}],"about":[{"href":"https:\/\/elfsight.com\/de\/wp-json\/wp\/v2\/types\/page"}],"author":[{"embeddable":true,"href":"https:\/\/elfsight.com\/de\/wp-json\/wp\/v2\/users\/9"}],"replies":[{"embeddable":true,"href":"https:\/\/elfsight.com\/de\/wp-json\/wp\/v2\/comments?post=16642"}],"version-history":[{"count":3,"href":"https:\/\/elfsight.com\/de\/wp-json\/wp\/v2\/pages\/16642\/revisions"}],"predecessor-version":[{"id":23730,"href":"https:\/\/elfsight.com\/de\/wp-json\/wp\/v2\/pages\/16642\/revisions\/23730"}],"up":[{"embeddable":true,"href":"https:\/\/elfsight.com\/de\/wp-json\/wp\/v2\/pages\/1238"}],"wp:attachment":[{"href":"https:\/\/elfsight.com\/de\/wp-json\/wp\/v2\/media?parent=16642"}],"curies":[{"name":"wp","href":"https:\/\/api.w.org\/{rel}","templated":true}]}}