{"id":16641,"date":"2024-05-03T06:26:45","date_gmt":"2024-05-03T06:26:45","guid":{"rendered":"https:\/\/elfsight.com\/de\/?page_id=16641"},"modified":"2025-01-15T06:02:50","modified_gmt":"2025-01-15T06:02:50","slug":"weebly","status":"publish","type":"page","link":"https:\/\/elfsight.com\/de\/all-in-one-chat-widget\/weebly\/","title":{"rendered":"All-in-One Chat &#8211; Weebly"},"content":{"rendered":"\n<div class=\"application-platform-content-item-description application-platform-content-item\" id=\"description\" data-nav-section=\"description\"> <h2>Beschreibung<\/h2> <p>Die All-in-One-Online-Chat-App von Elfsight ist eine der schnellsten M\u00f6glichkeiten f\u00fcr Benutzer, Sie zu erreichen und erhalten Sie Unterst\u00fctzung von Ihnen. Sie bleiben in allen am h\u00e4ufigsten genutzten Chats rund um die Uhr live verf\u00fcgbar. Integrieren Sie die App in Ihre Website und lassen Sie sie so einstellen, dass sie auf ausgew\u00e4hlten Seiten oder f\u00fcr bestimmte Zielgruppenkategorien angezeigt wird. W\u00e4hlen Sie Start-Chat-Starter aus, legen Sie Ihre Willkommensnachricht fest, legen Sie Symbole fest und andere Funktionen. Mit dem aktiven Widget sind Sie jederzeit und an jedem Ort mit Menschen verbunden.<\/p> <p><b>Alle beliebtesten Messenger wie WhatsApp, Facebook, Telegram, Viber und mehr in einem f\u00fcr die effizienteste und effizienteste Nutzung angenehme Interaktion mit Kunden! <\/b><\/p> <p><b>Konsolidieren Sie Ihre Kundenanfragen<\/b><br>Durch die Zusammenf\u00fchrung aller wichtigen Kommunikationskan\u00e4le in unserer Chatbox-App k\u00f6nnen Sie zahlreiche Aufgaben an einem Ort erledigen , was die Kundenzufriedenheit erh\u00f6ht.<\/p><p><b>Hochgradig anpassbares Tool<\/b><br>Line, Viber, Discord, Telegram, Facebook Messenger, WhatsApp \u2013 Sie k\u00f6nnen sie gerne alle zusammen verwenden oder eines ausw\u00e4hlen diejenigen, die Ihren Bed\u00fcrfnissen entsprechen, indem Sie deren Farben, Gr\u00f6\u00dfe und vieles mehr anpassen.<\/b><p><b>Sorgen Sie f\u00fcr eine Konversation in Echtzeit<\/b><br>Indem Sie das Live-Chat-Plugin auf den Seiten Ihrer Website platzieren, Sie werden Ihre Besucher schneller kennenlernen, indem Sie ihnen erstklassigen Service bieten und kompetentere Dienste anbieten.<\/b><\/div> <div class=\"application-platform-content-item-features application-platform-content-item\" id=\"features\" data-nav-section=\"features\"> <h2>Dies sind nur einige der vielen Vorteile Widget-Funktionen: <\/h2> <ul><li>F\u00fcgen Sie den All-in-One-Online-Chat-Box-Messenger auf Ihrer Website hinzu, um mit Besuchern zu chatten. <\/li><li>Drei Arten von Chat-Positionen: schwebende Blase, eingebettete Blase und eingebettetes Chat-Fenster. <\/li><li>Eine Bibliothek mit Blasensymbolen zur Auswahl. <\/li><li>Flexibler Chat-Header mit Seitenlogo, Name und Untertitel.<\/li><li>Seitenbild standardm\u00e4\u00dfig aus der Bibliothek ausw\u00e4hlen oder ein benutzerdefiniertes Bild hochladen. <\/li><\/ul><p><a href=\"#demo\">Probieren Sie alle Einstellungen in einer 100 % funktionsf\u00e4higen Demo aus<\/a><\/p> <\/div> <div class=\"application-platform-content-item-installation application-platform-content-item\" id=\"installation\" data-nav-section=\"installation\"> <h2>Wie bette ich die Live-Chat-App in meine Weebly-Website ein? <\/h2> <div class=\"video-container\"><iframe width=\"560\" height=\"315\" src=\"https:\/\/www.youtube.com\/embed\/Rqc0bbNNi8Q?si=UuZeFVSwy9bMFo9m\" frameborder=\"0\" allow=\"accelerometer; autoplay; clipboard-write; encrypted-media; gyroscope; picture-in-picture; web-share\" allowfullscreen><\/iframe><\/div><p>F\u00fchren Sie einfach die unten aufgef\u00fchrten Schritte aus, um mit der Arbeit mit dem Tool zu beginnen. <\/p> <ol><li><b>F\u00fchren Sie unseren kostenlosen Konfigurator aus und beginnen Sie mit der Erstellung Ihrer individuellen App. <\/b><br> Finden Sie das gew\u00fcnschte Aussehen und die gew\u00fcnschte Leistung des Widgets und wenden Sie alle Korrekturen an. <\/li> <li><b>Sie erhalten Ihren pers\u00f6nlichen Code, der im Feld von Elfsight Apps angezeigt wird. <\/b><br> Wenn die Erstellung Ihres Widgets abgeschlossen ist, kopieren Sie Ihren Code im angezeigten Popup und speichern Sie ihn zur sp\u00e4teren Verwendung. <\/li> <li><b>Beginn der Nutzung der App auf der Weebly-Seite. <\/b><br> Geben Sie den zuvor kopierten Code in Ihre Website ein und speichern Sie die Verbesserungen. <\/li> <li><b>Die Installation wurde erfolgreich durchgef\u00fchrt. <\/b><br> \u00d6ffnen Sie Ihre Website, um die Arbeit der Live-Chat-App zu sehen.<\/li><\/ol><p>Wenn Sie auf Schwierigkeiten sto\u00dfen, k\u00f6nnen Sie sich gerne an unser Kundendienstteam wenden. Unsere Berater sind bestrebt, alle Fragen zu beantworten, die Sie m\u00f6glicherweise mit dem Tool haben. <\/p> <\/div><div class=\"faq\" data-component=\"FAQ\"><div class=\"faq-item\">\r\n\t\t\t\t\t<div class=\"faq-item-question\">\r\n\t\t\t\t\t\t<h3 class=\"faq-item-question-text\">Wie f\u00fcge ich einen Live-Chat zu meiner Weebly-Site hinzu?<\/h3>\r\n\r\n\t\t\t\t\t\t<div class=\"faq-item-question-icon\"><\/div>\r\n\t\t\t\t\t<\/div>\r\n\r\n\t\t\t\t\t<div class=\"faq-item-answer\">\r\n\t\t\t\t\t\t<div class=\"faq-item-answer-text\"><p>Die Erstellung des Widgets erfolgt auf den Elfsight-Seiten und es besteht keine Notwendigkeit, das Programmieren zu lernen. Gehen Sie zur Live-Demo, um Ihr eigenes Plugin anzupassen, den Code zu erhalten und ihn in Ihre Website zu integrieren. <\/p><\/div>\r\n\t\t\t\t\t<\/div>\r\n\t\t\t\t<\/div><div class=\"faq-item\">\r\n\t\t\t\t\t<div class=\"faq-item-question\">\r\n\t\t\t\t\t\t<h3 class=\"faq-item-question-text\">Die besten M\u00f6glichkeiten, die Live-Chat-Integration zu nutzen<\/h3>\r\n\r\n\t\t\t\t\t\t<div class=\"faq-item-question-icon\"><\/div>\r\n\t\t\t\t\t<\/div>\r\n\r\n\t\t\t\t\t<div class=\"faq-item-answer\">\r\n\t\t\t\t\t\t<div class=\"faq-item-answer-text\"><p>Wir haben viele Personalisierungsoptionen: Widgets in voller L\u00e4nge zum Einf\u00fcgen in den Inhaltsbereich, schwebende Widgets f\u00fcr Scrolloptionen, Miniaturansichten f\u00fcr die Fu\u00dfzeile, den Kopfbereich und alle Variationen vertikaler M\u00f6glichkeiten f\u00fcr Website-Seitenleisten und Men\u00fcs. <\/p><\/div>\r\n\t\t\t\t\t<\/div>\r\n\t\t\t\t<\/div><div class=\"faq-item\">\r\n\t\t\t\t\t<div class=\"faq-item-question\">\r\n\t\t\t\t\t\t<h3 class=\"faq-item-question-text\">Darf ich \u00fcber die Agentur Ihres Redakteurs einen Support- oder Feedback-Live-Chat erstellen?<\/h3>\r\n\r\n\t\t\t\t\t\t<div class=\"faq-item-question-icon\"><\/div>\r\n\t\t\t\t\t<\/div>\r\n\r\n\t\t\t\t\t<div class=\"faq-item-answer\">\r\n\t\t\t\t\t\t<div class=\"faq-item-answer-text\"><p>Sie k\u00f6nnen die \u00c4nderungen an jedem Widget vornehmen. Im Editor stehen unz\u00e4hlige Layouts zur Verf\u00fcgung, die alle schnell nach Ihren W\u00fcnschen personalisiert werden k\u00f6nnen. <\/p><\/div>\r\n\t\t\t\t\t<\/div>\r\n\t\t\t\t<\/div><\/div>\n","protected":false},"excerpt":{"rendered":"","protected":false},"author":9,"featured_media":0,"parent":1238,"menu_order":0,"comment_status":"closed","ping_status":"closed","template":"templates\/template-application-platform.php","meta":{"publish_to_discourse":"","publish_post_category":"","wpdc_auto_publish_overridden":"","wpdc_topic_tags":"","wpdc_pin_topic":"","wpdc_pin_until":"","discourse_post_id":"","discourse_permalink":"","wpdc_publishing_response":"","wpdc_publishing_error":"","footnotes":""},"class_list":["post-16641","page","type-page","status-publish","hentry"],"yoast_head":"<!-- This site is optimized with the Yoast SEO plugin v25.3.1 - https:\/\/yoast.com\/wordpress\/plugins\/seo\/ -->\n<title>Live-Chat \u2013 Online-Chat-Widget zu Weebly-Websites hinzuf\u00fcgen (kostenlos und einfach)<\/title>\n<meta name=\"description\" content=\"F\u00fcgen Sie Ihre All-in-One-Live-Chat-App in 1-2-3 zu Weebly hinzu. Nutzen Sie unsere aktive Demo, um schnell und ohne Programmieraufwand Ihre einzigartige Online-Chat-App zu erstellen.\" \/>\n<meta name=\"robots\" content=\"index, follow, max-snippet:-1, max-image-preview:large, max-video-preview:-1\" \/>\n<link rel=\"canonical\" href=\"https:\/\/elfsight.com\/de\/all-in-one-chat-widget\/weebly\/\" \/>\n<meta property=\"og:locale\" content=\"de_DE\" \/>\n<meta property=\"og:type\" content=\"article\" \/>\n<meta property=\"og:title\" content=\"Live-Chat \u2013 Online-Chat-Widget zu Weebly-Websites hinzuf\u00fcgen (kostenlos und einfach)\" \/>\n<meta property=\"og:description\" content=\"F\u00fcgen Sie Ihre All-in-One-Live-Chat-App in 1-2-3 zu Weebly hinzu. Nutzen Sie unsere aktive Demo, um schnell und ohne Programmieraufwand Ihre einzigartige Online-Chat-App zu erstellen.\" \/>\n<meta property=\"og:url\" content=\"https:\/\/elfsight.com\/de\/all-in-one-chat-widget\/weebly\/\" \/>\n<meta property=\"og:site_name\" content=\"Elfsight DE\" \/>\n<meta property=\"article:modified_time\" content=\"2025-01-15T06:02:50+00:00\" \/>\n<meta name=\"twitter:card\" content=\"summary_large_image\" \/>\n<meta name=\"twitter:label1\" content=\"Gesch\u00e4tzte Lesezeit\" \/>\n\t<meta name=\"twitter:data1\" content=\"4\u00a0Minuten\" \/>\n<!-- \/ Yoast SEO plugin. -->","yoast_head_json":{"title":"Live-Chat \u2013 Online-Chat-Widget zu Weebly-Websites hinzuf\u00fcgen (kostenlos und einfach)","description":"F\u00fcgen Sie Ihre All-in-One-Live-Chat-App in 1-2-3 zu Weebly hinzu. Nutzen Sie unsere aktive Demo, um schnell und ohne Programmieraufwand Ihre einzigartige Online-Chat-App zu erstellen.","robots":{"index":"index","follow":"follow","max-snippet":"max-snippet:-1","max-image-preview":"max-image-preview:large","max-video-preview":"max-video-preview:-1"},"canonical":"https:\/\/elfsight.com\/de\/all-in-one-chat-widget\/weebly\/","og_locale":"de_DE","og_type":"article","og_title":"Live-Chat \u2013 Online-Chat-Widget zu Weebly-Websites hinzuf\u00fcgen (kostenlos und einfach)","og_description":"F\u00fcgen Sie Ihre All-in-One-Live-Chat-App in 1-2-3 zu Weebly hinzu. Nutzen Sie unsere aktive Demo, um schnell und ohne Programmieraufwand Ihre einzigartige Online-Chat-App zu erstellen.","og_url":"https:\/\/elfsight.com\/de\/all-in-one-chat-widget\/weebly\/","og_site_name":"Elfsight DE","article_modified_time":"2025-01-15T06:02:50+00:00","twitter_card":"summary_large_image","twitter_misc":{"Gesch\u00e4tzte Lesezeit":"4\u00a0Minuten"},"schema":{"@context":"https:\/\/schema.org","@graph":[{"@type":"WebPage","@id":"https:\/\/elfsight.com\/de\/all-in-one-chat-widget\/weebly\/","url":"https:\/\/elfsight.com\/de\/all-in-one-chat-widget\/weebly\/","name":"Live-Chat \u2013 Online-Chat-Widget zu Weebly-Websites hinzuf\u00fcgen (kostenlos und einfach)","isPartOf":{"@id":"https:\/\/elfsight.com\/de\/#website"},"datePublished":"2024-05-03T06:26:45+00:00","dateModified":"2025-01-15T06:02:50+00:00","description":"F\u00fcgen Sie Ihre All-in-One-Live-Chat-App in 1-2-3 zu Weebly hinzu. Nutzen Sie unsere aktive Demo, um schnell und ohne Programmieraufwand Ihre einzigartige Online-Chat-App zu erstellen.","breadcrumb":{"@id":"https:\/\/elfsight.com\/de\/all-in-one-chat-widget\/weebly\/#breadcrumb"},"inLanguage":"de","potentialAction":[{"@type":"ReadAction","target":["https:\/\/elfsight.com\/de\/all-in-one-chat-widget\/weebly\/"]}]},{"@type":"BreadcrumbList","@id":"https:\/\/elfsight.com\/de\/all-in-one-chat-widget\/weebly\/#breadcrumb","itemListElement":[{"@type":"ListItem","position":1,"name":"Home","item":"https:\/\/elfsight.com\/de\/"},{"@type":"ListItem","position":2,"name":"All-in-One Chat","item":"https:\/\/elfsight.com\/de\/all-in-one-chat-widget\/"},{"@type":"ListItem","position":3,"name":"All-in-One Chat &#8211; Weebly"}]},{"@type":"WebSite","@id":"https:\/\/elfsight.com\/de\/#website","url":"https:\/\/elfsight.com\/de\/","name":"Elfsight DE","description":"Just another Elfsight Sites site","potentialAction":[{"@type":"SearchAction","target":{"@type":"EntryPoint","urlTemplate":"https:\/\/elfsight.com\/de\/?s={search_term_string}"},"query-input":{"@type":"PropertyValueSpecification","valueRequired":true,"valueName":"search_term_string"}}],"inLanguage":"de"}]}},"meta_box":{"industry":"","seo_heading":"","heading":"","description":"","cta_heading":"","cta_description":"","application":"510","h1":"Weebly Live-Chat-App","h1_caption":"Bieten Sie Ihren Kunden die M\u00f6glichkeit, Sie m\u00fchelos \u00fcber eine App auf mehreren Messaging-Plattformen wie WhatsApp, Facebook, Telegram und mehr auf Ihrer Weebly-Website zu erreichen.","application_category":[],"applications_title":"","applications_request_title":"","applications_request_button_text":"","hero_text":"","hero_video":"","hero_video_schema_markup":"","selling_points_title":"","selling_points_caption":"","selling_points":[],"selling_points_cta_text":"","features_title":"","features":"","ed_cta_examples_text":"","ed_cta_examples_hidden":"","ed_cta_demo_text":"","ed_cta_demo_hidden":"","why_caption":"","why_editor_title":"","why_editor_text":"","why_team_title":"","why_team_text":"","why_service_title":"","why_service_text":"","template_catalog_visible":"0","template_catalog_title":"","template_catalog_text":"","template_catalog_categories_visible":"","demo_title":"Erstellen Sie Ihre All-in-One-Chat-App","demo_caption":"Konfigurieren Sie Ihren All-in-One-Chat und f\u00fcgen Sie ihn kostenlos zu Ihrer Weebly-Website hinzu!","default_faq_hidden":"","app_template_category":[],"platform":"249","template_public_id":"","codecanyon_url":"","codecanyon_item_id":"","codecanyon_price":"","pricing_caption":"","pricing_elfsight_apps_hide_column":"","pricing_elfsight_apps_url":"","pricing_codecanyon_price_caption":"","integration_category":[],"integration_request_title":"","integration_request_cta":"","integration_platform":"","integrations":[],"platform_category":[],"video_schema_markup":"","price":"ab 0 $ \/ Monat","trial":"","benefits":[{"text":"Kostenlose Installationsunterst\u00fctzung"},{"text":"Premium-Support"},{"text":"14-t\u00e4gige Geld-zur\u00fcck-Garantie"},{"text":"St\u00e4ndige Aktualisierung"}],"button_url":"#demo","button_target_blank":"0","button_nofollow":"0","attributes":[{"name":"Installiert","content":"100,000 - 500,000"},{"name":"Reaktionsfreudig","content":"Ja"},{"name":"Kompatible Browser","content":"Firefox, Safari, Opera, Chrome, Edge"}],"tags":[],"tags_disable_links":"0","hide_more_platforms":"","video_object":"","demo_hide_cta":"0","demo_hide_cloud_options":"0","pricing_title":"","pricing":[{"pricing_icon":"platform","pricing_title":"Elfsight Apps","pricing_title_caption":"Plattform\u00fcbergreifende Software","pricing_price":"ab 0 $ \/ Monat","pricing_price_caption":"Beginnen Sie mit einem kostenlosen Plan","pricing_benefits":[{"text":"Unbegrenzte Domains"},{"text":"Schneller Kundensupport"},{"text":"Kostenlose Installationsunterst\u00fctzung"},{"text":"Flexibles Design"}],"pricing_button_text":"Zur Website hinzuf\u00fcgen","pricing_button_url":"#demo"}],"related_apps_title":"","related_apps_hidden":"0","author":"","image":[],"title":"","job":"","social_networks":[]},"_links":{"self":[{"href":"https:\/\/elfsight.com\/de\/wp-json\/wp\/v2\/pages\/16641","targetHints":{"allow":["GET"]}}],"collection":[{"href":"https:\/\/elfsight.com\/de\/wp-json\/wp\/v2\/pages"}],"about":[{"href":"https:\/\/elfsight.com\/de\/wp-json\/wp\/v2\/types\/page"}],"author":[{"embeddable":true,"href":"https:\/\/elfsight.com\/de\/wp-json\/wp\/v2\/users\/9"}],"replies":[{"embeddable":true,"href":"https:\/\/elfsight.com\/de\/wp-json\/wp\/v2\/comments?post=16641"}],"version-history":[{"count":4,"href":"https:\/\/elfsight.com\/de\/wp-json\/wp\/v2\/pages\/16641\/revisions"}],"predecessor-version":[{"id":23732,"href":"https:\/\/elfsight.com\/de\/wp-json\/wp\/v2\/pages\/16641\/revisions\/23732"}],"up":[{"embeddable":true,"href":"https:\/\/elfsight.com\/de\/wp-json\/wp\/v2\/pages\/1238"}],"wp:attachment":[{"href":"https:\/\/elfsight.com\/de\/wp-json\/wp\/v2\/media?parent=16641"}],"curies":[{"name":"wp","href":"https:\/\/api.w.org\/{rel}","templated":true}]}}