{"id":16640,"date":"2024-05-03T06:26:44","date_gmt":"2024-05-03T06:26:44","guid":{"rendered":"https:\/\/elfsight.com\/de\/?page_id=16640"},"modified":"2025-01-15T06:04:16","modified_gmt":"2025-01-15T06:04:16","slug":"wix","status":"publish","type":"page","link":"https:\/\/elfsight.com\/de\/all-in-one-chat-widget\/wix\/","title":{"rendered":"All-in-One Chat &#8211; Wix"},"content":{"rendered":"\n<div class=\"application-platform-content-item-description application-platform-content-item\" id=\"description\" data-nav-section=\"description\"> <h2>Beschreibung<\/h2> <p>All-in-One Live Chat von Elfsight ist eines der schnellsten Tools, mit denen Menschen Sie kontaktieren k\u00f6nnen Holen Sie sich Unterst\u00fctzung von Ihnen. Bleiben Sie rund um die Uhr online in allen beliebten Chats verf\u00fcgbar. F\u00fcgen Sie die App auf Ihrer Website hinzu und Sie k\u00f6nnen festlegen, dass sie auf ausgew\u00e4hlten Seiten oder f\u00fcr bestimmte Zielgruppen angezeigt wird. W\u00e4hlen Sie Starter aus, die den Chat initiieren, schreiben Sie Ihre Willkommensnachricht, w\u00e4hlen Sie Symbole aus und vieles mehr. Wenn die App l\u00e4uft, bleiben Sie f\u00fcr Besucher jederzeit und von jedem Ort aus erreichbar. <\/p> <p><b>Alle bekanntesten Messenger wie Telegram, Viber, WhatsApp, Facebook und mehr in einem f\u00fcr die maximal produktive und praktische Interaktion mit Kunden! <\/b><\/p> <p><b>Zentralisieren Sie Ihre Kundenanforderungen<\/b><br>Durch die Zusammenf\u00fchrung aller wichtigen Kommunikationskan\u00e4le in unserer responsiven Chatbox-App k\u00f6nnen Sie mehrere Aufgaben an einem Ort l\u00f6sen. Steigerung der Kundenzufriedenheit.<\/p><p><b>Extrem personalisierbares Tool<\/b><br>WhatsApp, Viber, Facebook Messenger, Telegram, Discord, Line \u2013 Sie k\u00f6nnen sie alle auf einmal verwenden oder ausw\u00e4hlen diejenigen, die Ihren Bed\u00fcrfnissen entsprechen, indem Sie deren Farben, Gr\u00f6\u00dfe und vieles mehr \u00e4ndern.<\/b><p><b>Veranstalten Sie ein Gespr\u00e4ch in Echtzeit<\/b><br>Indem Sie das Live-Chat-Widget auf Ihren Website-Seiten hinzuf\u00fcgen , lernen Sie Ihre Benutzer besser kennen, indem Sie ihnen einen qualitativ hochwertigen Service bieten und kompetentere Services anbieten.<\/b><\/div> <div class=\"application-platform-content-item-features application-platform-content-item\" id=\"features\" data-nav-section=\"features\"> <h2>Das Widget bietet hier wertvolle und einfache Funktionen sind einige davon: <\/h2> <ul><li>Betten Sie die All-in-One-Online-Chat-Messenger-App auf Ihrer Seite ein, um Gespr\u00e4che mit Besuchern zu f\u00fchren. <\/li><li>3 Arten von Chat-Positionen: schwebende Blase, eingebettete Blase und eingebettetes Chat-Fenster. <\/li><li>Eine Sammlung von Blasensymbolen zur Auswahl. <\/li><li>Flexibler Chat-Titel mit Seitenlogo, Name und Untertitel.<\/li><li>Festlegen des Seitenbilds als Standard, aus unserer Sammlung oder Hochladen eines benutzerdefinierten Bilds. <\/li><\/ul><p><a href=\"#demo\">Die vollst\u00e4ndigen Funktionen des Widgets erfahren Sie jetzt in der Demo<\/a><\/p> <\/div> <div class=\"application-platform-content-item-installation application-platform-content-item\" id=\"installation\" data-nav-section=\"installation\"> <h2>Wie bette ich die Live-Chat-App auf meiner Wix-Webseite ein? <\/h2> <div class=\"video-container\"><iframe width=\"560\" height=\"315\" src=\"https:\/\/www.youtube.com\/embed\/4QxLPwfdx6E?si=tYh1McvjZQbNqu9I\" frameborder=\"0\" allow=\"accelerometer; autoplay; clipboard-write; encrypted-media; gyroscope; picture-in-picture; web-share\" allowfullscreen><\/iframe><\/div><p>Befolgen Sie einfach die unten aufgef\u00fchrten Schritte, um das Plugin hinzuzuf\u00fcgen. <\/p> <ol><li><b>Nutzen Sie unsere kostenlose Demo und beginnen Sie mit der Erstellung Ihres personalisierten Instruments. <\/b><br> W\u00e4hlen Sie die bevorzugte Form und die gew\u00fcnschten Funktionsmerkmale des Widgets und speichern Sie die \u00c4nderungen. <\/li> <li><b>Kopieren Sie den eindeutigen Code, der im Fenster von Elfsight Apps angezeigt wird. <\/b><br> Kopieren Sie nach Abschluss der Einrichtung Ihres Tools den einzelnen Code aus dem angezeigten Feld und bewahren Sie ihn f\u00fcr die zuk\u00fcnftige Verwendung auf. <\/li> <li><b>Initiieren Sie die Nutzung der App auf der Website von Wix. <\/b><br> F\u00fcgen Sie den zuvor gespeicherten Code in Ihre Homepage ein und \u00fcbernehmen Sie die Korrekturen. <\/li> <li><b>Das Setup wurde erfolgreich beendet. <\/b><br> Besuchen Sie Ihre Webseite, um die Leistung der Chat-App zu sehen.<\/li><\/ol> <p>Wenn Sie Anfragen bearbeiten oder auf Schwierigkeiten sto\u00dfen, z\u00f6gern Sie nicht, einzusteigen Kontaktieren Sie unser Support-Team. Unsere Berater l\u00f6sen gerne alle Schwierigkeiten, die Sie mit dem Plugin haben k\u00f6nnten. <\/p> <\/div><div class=\"faq\" data-component=\"FAQ\"><div class=\"faq-item\">\r\n\t\t\t\t\t<div class=\"faq-item-question\">\r\n\t\t\t\t\t\t<h3 class=\"faq-item-question-text\">Wie f\u00fcge ich einen Live-Chat zur Wix-Website hinzu?<\/h3>\r\n\r\n\t\t\t\t\t\t<div class=\"faq-item-question-icon\"><\/div>\r\n\t\t\t\t\t<\/div>\r\n\r\n\t\t\t\t\t<div class=\"faq-item-answer\">\r\n\t\t\t\t\t\t<div class=\"faq-item-answer-text\"><p>Der Aufbau des Widgets ist wird auf den Elfsight-Seiten durchgef\u00fchrt und Sie m\u00fcssen nicht programmieren. \u00d6ffnen Sie die Online-Demo, um Ihre eigene App zu entwerfen, den Code abzurufen und ihn in Ihre Website zu implementieren. <\/p><\/div>\r\n\t\t\t\t\t<\/div>\r\n\t\t\t\t<\/div><div class=\"faq-item\">\r\n\t\t\t\t\t<div class=\"faq-item-question\">\r\n\t\t\t\t\t\t<h3 class=\"faq-item-question-text\">Die besten M\u00f6glichkeiten, die Live-Chat-Integration zu nutzen<\/h3>\r\n\r\n\t\t\t\t\t\t<div class=\"faq-item-question-icon\"><\/div>\r\n\t\t\t\t\t<\/div>\r\n\r\n\t\t\t\t\t<div class=\"faq-item-answer\">\r\n\t\t\t\t\t\t<div class=\"faq-item-answer-text\"><p>Wir bieten eine breite Palette an Anpassungsm\u00f6glichkeiten: vollwertige Widgets zur Implementierung in den Inhaltsbereich , schwebende Widgets f\u00fcr Scrollm\u00f6glichkeiten, Layouts f\u00fcr die Fu\u00dfzeile, die Kopfzeile und alle Arten von vertikalen Optionen f\u00fcr Website-Seitenleisten und -Men\u00fcs. <\/p><\/div>\r\n\t\t\t\t\t<\/div>\r\n\t\t\t\t<\/div><div class=\"faq-item\">\r\n\t\t\t\t\t<div class=\"faq-item-question\">\r\n\t\t\t\t\t\t<h3 class=\"faq-item-question-text\">Wie erstelle ich eine Beratung oder einen Hilfe-Live-Chat \u00fcber die Agentur Ihres Redakteurs?<\/h3>\r\n\r\n\t\t\t\t\t\t<div class=\"faq-item-question-icon\"><\/div>\r\n\t\t\t\t\t<\/div>\r\n\r\n\t\t\t\t\t<div class=\"faq-item-answer\">\r\n\t\t\t\t\t\t<div class=\"faq-item-answer-text\"><p>Sie k\u00f6nnen die \u00c4nderungen jedes Widgets gestalten. Im Editor steht Ihnen eine gro\u00dfe Auswahl an Layouts zur Verf\u00fcgung, die alle ganz einfach an Ihre Bed\u00fcrfnisse angepasst werden k\u00f6nnen. <\/p><\/div>\r\n\t\t\t\t\t<\/div>\r\n\t\t\t\t<\/div><div class=\"faq-item\">\r\n\t\t\t\t\t<div class=\"faq-item-question\">\r\n\t\t\t\t\t\t<h3 class=\"faq-item-question-text\">Welche anderen Widgets k\u00f6nnen meine Website von Wix verbessern?<\/h3>\r\n\r\n\t\t\t\t\t\t<div class=\"faq-item-question-icon\"><\/div>\r\n\t\t\t\t\t<\/div>\r\n\r\n\t\t\t\t\t<div class=\"faq-item-answer\">\r\n\t\t\t\t\t\t<div class=\"faq-item-answer-text\"><p>Es gibt viele Widgets von Wix, mit denen Sie Ihre Website problemlos verbessern k\u00f6nnen. Es gibt beispielsweise andere Chat-Widgets wie <a href=\"https:\/\/elfsight.com\/whatsapp-chat-widget\/wix\/\" target=\"_blank\" rel=\"noopener\">WhatsAppChat<\/a>, <a href=\"https:\/\/elfsight.com\/facebook-chat-widget\/wix\/\" target=\"_blank\" rel=\"noopener\">Facebook-Chat<\/a>, <a href=\"https:\/\/elfsight.com \/telegram-chat-widget\/wix\/\" target=\"_blank\" rel=\"noopener\">Telegram Chat<\/a>, <a href=\"https:\/\/elfsight.com\/viber-chat-widget\/wix\/\" target=\"_blank\" rel=\"noopener\">Viber Chat<\/a>. Sie alle sind einfach zu implementieren und k\u00f6nnen die Leistung Ihrer Website erheblich verbessern.<\/p><\/div>\r\n\t\t\t\t\t<\/div>\r\n\t\t\t\t<\/div><\/div>\n","protected":false},"excerpt":{"rendered":"","protected":false},"author":9,"featured_media":0,"parent":1238,"menu_order":0,"comment_status":"closed","ping_status":"closed","template":"templates\/template-application-platform.php","meta":{"publish_to_discourse":"","publish_post_category":"","wpdc_auto_publish_overridden":"","wpdc_topic_tags":"","wpdc_pin_topic":"","wpdc_pin_until":"","discourse_post_id":"","discourse_permalink":"","wpdc_publishing_response":"","wpdc_publishing_error":"","footnotes":""},"class_list":["post-16640","page","type-page","status-publish","hentry"],"yoast_head":"<!-- This site is optimized with the Yoast SEO plugin v25.3.1 - https:\/\/yoast.com\/wordpress\/plugins\/seo\/ -->\n<title>Live-Chat \u2013 Online-Chat-Widget zu Websites von Wix hinzuf\u00fcgen (kostenlos und einfach)<\/title>\n<meta name=\"description\" content=\"F\u00fcgen Sie Ihre All-in-One-Live-Chat-App in 1-2-3 zu Wix hinzu. Nutzen Sie unsere praktische Demo, um schnell und ohne Programmieraufwand Ihre exklusive Online-Chat-Box zu erstellen.\" \/>\n<meta name=\"robots\" content=\"index, follow, max-snippet:-1, max-image-preview:large, max-video-preview:-1\" \/>\n<link rel=\"canonical\" href=\"https:\/\/elfsight.com\/de\/all-in-one-chat-widget\/wix\/\" \/>\n<meta property=\"og:locale\" content=\"de_DE\" \/>\n<meta property=\"og:type\" content=\"article\" \/>\n<meta property=\"og:title\" content=\"Live-Chat \u2013 Online-Chat-Widget zu Websites von Wix hinzuf\u00fcgen (kostenlos und einfach)\" \/>\n<meta property=\"og:description\" content=\"F\u00fcgen Sie Ihre All-in-One-Live-Chat-App in 1-2-3 zu Wix hinzu. Nutzen Sie unsere praktische Demo, um schnell und ohne Programmieraufwand Ihre exklusive Online-Chat-Box zu erstellen.\" \/>\n<meta property=\"og:url\" content=\"https:\/\/elfsight.com\/de\/all-in-one-chat-widget\/wix\/\" \/>\n<meta property=\"og:site_name\" content=\"Elfsight DE\" \/>\n<meta property=\"article:modified_time\" content=\"2025-01-15T06:04:16+00:00\" \/>\n<meta name=\"twitter:card\" content=\"summary_large_image\" \/>\n<meta name=\"twitter:label1\" content=\"Gesch\u00e4tzte Lesezeit\" \/>\n\t<meta name=\"twitter:data1\" content=\"4\u00a0Minuten\" \/>\n<!-- \/ Yoast SEO plugin. -->","yoast_head_json":{"title":"Live-Chat \u2013 Online-Chat-Widget zu Websites von Wix hinzuf\u00fcgen (kostenlos und einfach)","description":"F\u00fcgen Sie Ihre All-in-One-Live-Chat-App in 1-2-3 zu Wix hinzu. Nutzen Sie unsere praktische Demo, um schnell und ohne Programmieraufwand Ihre exklusive Online-Chat-Box zu erstellen.","robots":{"index":"index","follow":"follow","max-snippet":"max-snippet:-1","max-image-preview":"max-image-preview:large","max-video-preview":"max-video-preview:-1"},"canonical":"https:\/\/elfsight.com\/de\/all-in-one-chat-widget\/wix\/","og_locale":"de_DE","og_type":"article","og_title":"Live-Chat \u2013 Online-Chat-Widget zu Websites von Wix hinzuf\u00fcgen (kostenlos und einfach)","og_description":"F\u00fcgen Sie Ihre All-in-One-Live-Chat-App in 1-2-3 zu Wix hinzu. Nutzen Sie unsere praktische Demo, um schnell und ohne Programmieraufwand Ihre exklusive Online-Chat-Box zu erstellen.","og_url":"https:\/\/elfsight.com\/de\/all-in-one-chat-widget\/wix\/","og_site_name":"Elfsight DE","article_modified_time":"2025-01-15T06:04:16+00:00","twitter_card":"summary_large_image","twitter_misc":{"Gesch\u00e4tzte Lesezeit":"4\u00a0Minuten"},"schema":{"@context":"https:\/\/schema.org","@graph":[{"@type":"WebPage","@id":"https:\/\/elfsight.com\/de\/all-in-one-chat-widget\/wix\/","url":"https:\/\/elfsight.com\/de\/all-in-one-chat-widget\/wix\/","name":"Live-Chat \u2013 Online-Chat-Widget zu Websites von Wix hinzuf\u00fcgen (kostenlos und einfach)","isPartOf":{"@id":"https:\/\/elfsight.com\/de\/#website"},"datePublished":"2024-05-03T06:26:44+00:00","dateModified":"2025-01-15T06:04:16+00:00","description":"F\u00fcgen Sie Ihre All-in-One-Live-Chat-App in 1-2-3 zu Wix hinzu. Nutzen Sie unsere praktische Demo, um schnell und ohne Programmieraufwand Ihre exklusive Online-Chat-Box zu erstellen.","breadcrumb":{"@id":"https:\/\/elfsight.com\/de\/all-in-one-chat-widget\/wix\/#breadcrumb"},"inLanguage":"de","potentialAction":[{"@type":"ReadAction","target":["https:\/\/elfsight.com\/de\/all-in-one-chat-widget\/wix\/"]}]},{"@type":"BreadcrumbList","@id":"https:\/\/elfsight.com\/de\/all-in-one-chat-widget\/wix\/#breadcrumb","itemListElement":[{"@type":"ListItem","position":1,"name":"Home","item":"https:\/\/elfsight.com\/de\/"},{"@type":"ListItem","position":2,"name":"All-in-One Chat","item":"https:\/\/elfsight.com\/de\/all-in-one-chat-widget\/"},{"@type":"ListItem","position":3,"name":"All-in-One Chat &#8211; Wix"}]},{"@type":"WebSite","@id":"https:\/\/elfsight.com\/de\/#website","url":"https:\/\/elfsight.com\/de\/","name":"Elfsight DE","description":"Just another Elfsight Sites site","potentialAction":[{"@type":"SearchAction","target":{"@type":"EntryPoint","urlTemplate":"https:\/\/elfsight.com\/de\/?s={search_term_string}"},"query-input":{"@type":"PropertyValueSpecification","valueRequired":true,"valueName":"search_term_string"}}],"inLanguage":"de"}]}},"meta_box":{"industry":"","seo_heading":"","heading":"","description":"","cta_heading":"","cta_description":"","application":"510","h1":"Wix Live Chat-App","h1_caption":"Bieten Sie Ihren Kunden die M\u00f6glichkeit, Sie m\u00fchelos \u00fcber eine App auf mehreren Messaging-Plattformen wie WhatsApp, Facebook, Telegram und mehr auf Ihrer Wix-Website zu erreichen.","application_category":[],"applications_title":"","applications_request_title":"","applications_request_button_text":"","hero_text":"","hero_video":"","hero_video_schema_markup":"","selling_points_title":"","selling_points_caption":"","selling_points":[],"selling_points_cta_text":"","features_title":"","features":"","ed_cta_examples_text":"","ed_cta_examples_hidden":"","ed_cta_demo_text":"","ed_cta_demo_hidden":"","why_caption":"","why_editor_title":"","why_editor_text":"","why_team_title":"","why_team_text":"","why_service_title":"","why_service_text":"","template_catalog_visible":"0","template_catalog_title":"","template_catalog_text":"","template_catalog_categories_visible":"","demo_title":"Erstellen Sie Ihre All-in-One-Chat-App","demo_caption":"Konfigurieren Sie Ihren All-in-One-Chat und f\u00fcgen Sie ihn kostenlos zu Ihrer Wix-Website hinzu!","default_faq_hidden":"","app_template_category":[],"platform":"265","template_public_id":"","codecanyon_url":"","codecanyon_item_id":"","codecanyon_price":"","pricing_caption":"","pricing_elfsight_apps_hide_column":"","pricing_elfsight_apps_url":"","pricing_codecanyon_price_caption":"","integration_category":[],"integration_request_title":"","integration_request_cta":"","integration_platform":"","integrations":[],"platform_category":[],"video_schema_markup":"","price":"ab 0 $ \/ Monat","trial":"","benefits":[{"text":"Kostenlose Installationsunterst\u00fctzung"},{"text":"Au\u00dfergew\u00f6hnliche Unterst\u00fctzung"},{"text":"14-t\u00e4gige R\u00fcckerstattungsgarantie"},{"text":"St\u00e4ndige Aktualisierung"}],"button_url":"#demo","button_target_blank":"0","button_nofollow":"0","attributes":[{"name":"Installiert","content":"100,000 - 500,000"},{"name":"Reaktionsfreudig","content":"Ja"},{"name":"Kompatible Browser","content":"Firefox, Safari, Opera, Chrome, Edge"}],"tags":[],"tags_disable_links":"0","hide_more_platforms":"","video_object":"","demo_hide_cta":"0","demo_hide_cloud_options":"0","pricing_title":"","pricing":[{"pricing_icon":"platform","pricing_title":"Elfsight Apps","pricing_title_caption":"Plattform\u00fcbergreifende L\u00f6sung","pricing_price":"ab 0 $ \/ Monat","pricing_price_caption":"Beginnen Sie mit einem kostenlosen Plan","pricing_benefits":[{"text":"Unbegrenzte Anzahl an Websites"},{"text":"Engagierter Kundensupport"},{"text":"Kostenloser Installationssupport"},{"text":"Vollst\u00e4ndig anpassbar"}],"pricing_button_text":"Zur Website hinzuf\u00fcgen","pricing_button_url":"#demo"}],"related_apps_title":"","related_apps_hidden":"0","author":"","image":[],"title":"","job":"","social_networks":[]},"_links":{"self":[{"href":"https:\/\/elfsight.com\/de\/wp-json\/wp\/v2\/pages\/16640","targetHints":{"allow":["GET"]}}],"collection":[{"href":"https:\/\/elfsight.com\/de\/wp-json\/wp\/v2\/pages"}],"about":[{"href":"https:\/\/elfsight.com\/de\/wp-json\/wp\/v2\/types\/page"}],"author":[{"embeddable":true,"href":"https:\/\/elfsight.com\/de\/wp-json\/wp\/v2\/users\/9"}],"replies":[{"embeddable":true,"href":"https:\/\/elfsight.com\/de\/wp-json\/wp\/v2\/comments?post=16640"}],"version-history":[{"count":3,"href":"https:\/\/elfsight.com\/de\/wp-json\/wp\/v2\/pages\/16640\/revisions"}],"predecessor-version":[{"id":23733,"href":"https:\/\/elfsight.com\/de\/wp-json\/wp\/v2\/pages\/16640\/revisions\/23733"}],"up":[{"embeddable":true,"href":"https:\/\/elfsight.com\/de\/wp-json\/wp\/v2\/pages\/1238"}],"wp:attachment":[{"href":"https:\/\/elfsight.com\/de\/wp-json\/wp\/v2\/media?parent=16640"}],"curies":[{"name":"wp","href":"https:\/\/api.w.org\/{rel}","templated":true}]}}