{"id":16639,"date":"2024-05-03T06:26:42","date_gmt":"2024-05-03T06:26:42","guid":{"rendered":"https:\/\/elfsight.com\/de\/?page_id=16639"},"modified":"2025-01-15T06:06:57","modified_gmt":"2025-01-15T06:06:57","slug":"woocommerce","status":"publish","type":"page","link":"https:\/\/elfsight.com\/de\/all-in-one-chat-widget\/woocommerce\/","title":{"rendered":"All-in-One Chat &#8211; WooCommerce"},"content":{"rendered":"\n<div class=\"application-platform-content-item-description application-platform-content-item\" id=\"description\" data-nav-section=\"description\"> <h2>Beschreibung<\/h2> <p>All-in-One Live Chat von Elfsight ist eine der schnellsten M\u00f6glichkeiten f\u00fcr Website-Kunden, mit Ihnen in Kontakt zu treten und erhalten Sie Unterst\u00fctzung von Ihnen. Sie k\u00f6nnen in allen g\u00e4ngigen Messengern ununterbrochen live verf\u00fcgbar bleiben. Betten Sie das Plugin auf Ihrer Seite ein und es kann auf ausgew\u00e4hlten Seiten oder f\u00fcr separate Besuchergruppen aktiviert werden, definieren Sie Start-Chat-Starter, erstellen Sie Ihren Begr\u00fc\u00dfungstext, legen Sie Symbole fest und vieles mehr. Mit dem Plugin auf der Seite bleiben Sie jederzeit und an jedem Ort f\u00fcr Menschen erreichbar. <\/p> <p><b>Alle bekannten Messenger wie Facebook, Viber, Telegram, WhatsApp und mehr in einem f\u00fcr die maximal \u00fcberzeugende und bequeme Interaktion mit Kunden!<\/b><\/p> <p><b>Konsolidieren Sie Ihre Kundenanforderungen<\/b><br>Durch die Zusammenf\u00fchrung aller bekannten Kommunikationskan\u00e4le im responsiven Chatbox-Plugin k\u00f6nnen Sie mehrere Aufgaben an einem Ort l\u00f6sen und so die Kundenzufriedenheit verbessern.<\/p><p><b>In hohem Ma\u00dfe personalisierbares Tool<\/b><br>WhatsApp, Viber, Facebook Messenger, Discord, Telegram, Line \u2013 Sie k\u00f6nnen sie gerne alle zusammen verwenden oder diejenigen ausw\u00e4hlen, die Ihren Bed\u00fcrfnissen entsprechen, indem Sie ihre Farben und Gr\u00f6\u00dfe anpassen und vieles mehr.<\/b><p><b>Sorgen Sie f\u00fcr eine Kommunikation in Echtzeit<\/b><br>Indem Sie das Live-Chat-Widget auf Ihrer Website platzieren, lernen Sie Ihre Besucher besser kennen und versorgen sie mit ihnen Klassenf\u00fchrender Service und bietet gezieltere Services.<\/b><\/div> <div class=\"application-platform-content-item-features application-platform-content-item\" id=\"features\" data-nav-section=\"features\"> <h2>Zu den beliebtesten Widget-Funktionen geh\u00f6ren<\/h2> <ul><li>All-in- hinzuf\u00fcgen Ein Online-Chat-Messenger-Plugin auf Ihrer Seite, um mit Benutzern zu chatten. <\/li><li>Drei Varianten der Chat-Position: schwebende Blase, eingebettete Blase und eingebettetes Chat-Fenster. <\/li><li>Eine Sammlung von Blasensymbolen, aus denen Sie ausw\u00e4hlen k\u00f6nnen. <\/li><li>Flexibler Chat-Titel mit Seitenbild, Name und Bildunterschrift.<\/li><li>Festlegen des Seitenbilds als Standard, aus der Sammlung oder Hochladen eines benutzerdefinierten Bilds. <\/li><\/ul><p><a href=\"#demo\">Probieren Sie einfach diese Demo aus, um sich einen \u00dcberblick zu verschaffen<\/a><\/p> <\/div> <div class=\"application-platform-content-item-installation application-platform-content-item\" id=\"installation\" data-nav-section=\"installation\"> <h2>Wie kann ich das All-in-One-Chat-Plugin zu meiner WooCommerce-Site hinzuf\u00fcgen?<\/h2> <p>F\u00fchren Sie einfach die folgenden Richtlinien aus, um das Plugin zu integrieren. <\/p> <ol><li><b>Mit unserem kostenlosen Konfigurator beginnen Sie mit der Erstellung Ihres individuellen Plugins. <\/b><br> W\u00e4hlen Sie das passende Layout und die Spezifikationen des Widgets und speichern Sie die Korrekturen.<\/li> <li><b>Erhalten Sie Ihren pers\u00f6nlichen Code, der im Feld auf Elfsight Apps angezeigt wird. <\/b><br> Sobald die Einrichtung Ihres Widgets abgeschlossen ist, kopieren Sie den pers\u00f6nlichen Code aus dem angezeigten Feld und bewahren Sie ihn f\u00fcr einen sp\u00e4teren Zeitpunkt auf.<\/li> <li><b>Beginnen Sie mit der Verwendung des Plugins auf WooCommerce Startseite.<\/b><br> F\u00fcgen Sie den zuvor kopierten Code in Ihre Seite ein und \u00fcbernehmen Sie die \u00c4nderungen.<\/li> <li><b>Fertig! Die Integration ist vollst\u00e4ndig abgeschlossen.<\/b><br> Besuchen Sie Ihre Website, um zu \u00fcberpr\u00fcfen, wie die Chatbox funktioniert.<\/li><\/ol> <p>Falls Sie auf Komplikationen sto\u00dfen, k\u00f6nnen Sie sich gerne an unseren Kunden wenden ServiceTeam. Unsere Mitarbeiter helfen Ihnen gerne bei allen Problemen, die Sie mit dem Widget haben k\u00f6nnten. <\/p> <\/div><div class=\"faq\" data-component=\"FAQ\"><div class=\"faq-item\">\r\n\t\t\t\t\t<div class=\"faq-item-question\">\r\n\t\t\t\t\t\t<h3 class=\"faq-item-question-text\">Wie kann ich einen Live-Chat in die WooCommerce-Site einbetten?<\/h3>\r\n\r\n\t\t\t\t\t\t<div class=\"faq-item-question-icon\"><\/div>\r\n\t\t\t\t\t<\/div>\r\n\r\n\t\t\t\t\t<div class=\"faq-item-answer\">\r\n\t\t\t\t\t\t<div class=\"faq-item-answer-text\"><p>Die Gr\u00fcndung des Tools erfolgt auf den Elfsight-Seiten und Sie m\u00fcssen nicht lernen, wie man programmiert. Besuchen Sie unsere Live-Demo, um Ihr pers\u00f6nliches Plugin zu erstellen, den Code zu erwerben und ihn in Ihre Website zu integrieren. <\/p><\/div>\r\n\t\t\t\t\t<\/div>\r\n\t\t\t\t<\/div><div class=\"faq-item\">\r\n\t\t\t\t\t<div class=\"faq-item-question\">\r\n\t\t\t\t\t\t<h3 class=\"faq-item-question-text\">Die besten Anwendungsbeispiele der Live-Chat-Integration<\/h3>\r\n\r\n\t\t\t\t\t\t<div class=\"faq-item-question-icon\"><\/div>\r\n\t\t\t\t\t<\/div>\r\n\r\n\t\t\t\t\t<div class=\"faq-item-answer\">\r\n\t\t\t\t\t\t<div class=\"faq-item-answer-text\"><p>Wir gew\u00e4hren Ihnen unz\u00e4hlige Anpassungsm\u00f6glichkeiten: Widgets in voller L\u00e4nge zum Einbetten in den Inhaltsbereich, schwebend Plugins mit Scrollm\u00f6glichkeiten, Miniaturansichten f\u00fcr die Fu\u00dfzeile, den Kopfbereich und alle m\u00f6glichen vertikalen M\u00f6glichkeiten f\u00fcr Website-Seitenleisten und Men\u00fcs. <\/p><\/div>\r\n\t\t\t\t\t<\/div>\r\n\t\t\t\t<\/div><div class=\"faq-item\">\r\n\t\t\t\t\t<div class=\"faq-item-question\">\r\n\t\t\t\t\t\t<h3 class=\"faq-item-question-text\">Wie erstelle ich mit Hilfe des Editors einen Feedback- oder Onboarding-Live-Chat?<\/h3>\r\n\r\n\t\t\t\t\t\t<div class=\"faq-item-question-icon\"><\/div>\r\n\t\t\t\t\t<\/div>\r\n\r\n\t\t\t\t\t<div class=\"faq-item-answer\">\r\n\t\t\t\t\t\t<div class=\"faq-item-answer-text\"><p>Sie k\u00f6nnen die Variationen jedes Widgets erstellen. Im Editor stehen Ihnen zahlreiche Layouts zur Verf\u00fcgung, die sich alle schnell an Ihre Bed\u00fcrfnisse anpassen lassen. <\/p><\/div>\r\n\t\t\t\t\t<\/div>\r\n\t\t\t\t<\/div><\/div>\n","protected":false},"excerpt":{"rendered":"","protected":false},"author":9,"featured_media":0,"parent":1238,"menu_order":0,"comment_status":"closed","ping_status":"closed","template":"templates\/template-application-platform.php","meta":{"publish_to_discourse":"","publish_post_category":"","wpdc_auto_publish_overridden":"","wpdc_topic_tags":"","wpdc_pin_topic":"","wpdc_pin_until":"","discourse_post_id":"","discourse_permalink":"","wpdc_publishing_response":"","wpdc_publishing_error":"","footnotes":""},"class_list":["post-16639","page","type-page","status-publish","hentry"],"yoast_head":"<!-- This site is optimized with the Yoast SEO plugin v25.3.1 - https:\/\/yoast.com\/wordpress\/plugins\/seo\/ -->\n<title>Live-Chat \u2013 Chat-Plugin f\u00fcr WooCommerce-Websites hinzuf\u00fcgen (kostenlos und schnell)<\/title>\n<meta name=\"description\" content=\"Implementieren Sie Ihr All-in-One-Live-Chat-Plugin auf WooCommerce in 1-2-3. Nutzen Sie unsere aktive Demo, um m\u00fchelos Ihre exklusive Online-Chat-Box zu erstellen.\" \/>\n<meta name=\"robots\" content=\"index, follow, max-snippet:-1, max-image-preview:large, max-video-preview:-1\" \/>\n<link rel=\"canonical\" href=\"https:\/\/elfsight.com\/de\/all-in-one-chat-widget\/woocommerce\/\" \/>\n<meta property=\"og:locale\" content=\"de_DE\" \/>\n<meta property=\"og:type\" content=\"article\" \/>\n<meta property=\"og:title\" content=\"Live-Chat \u2013 Chat-Plugin f\u00fcr WooCommerce-Websites hinzuf\u00fcgen (kostenlos und schnell)\" \/>\n<meta property=\"og:description\" content=\"Implementieren Sie Ihr All-in-One-Live-Chat-Plugin auf WooCommerce in 1-2-3. Nutzen Sie unsere aktive Demo, um m\u00fchelos Ihre exklusive Online-Chat-Box zu erstellen.\" \/>\n<meta property=\"og:url\" content=\"https:\/\/elfsight.com\/de\/all-in-one-chat-widget\/woocommerce\/\" \/>\n<meta property=\"og:site_name\" content=\"Elfsight DE\" \/>\n<meta property=\"article:modified_time\" content=\"2025-01-15T06:06:57+00:00\" \/>\n<meta name=\"twitter:card\" content=\"summary_large_image\" \/>\n<meta name=\"twitter:label1\" content=\"Gesch\u00e4tzte Lesezeit\" \/>\n\t<meta name=\"twitter:data1\" content=\"4\u00a0Minuten\" \/>\n<!-- \/ Yoast SEO plugin. -->","yoast_head_json":{"title":"Live-Chat \u2013 Chat-Plugin f\u00fcr WooCommerce-Websites hinzuf\u00fcgen (kostenlos und schnell)","description":"Implementieren Sie Ihr All-in-One-Live-Chat-Plugin auf WooCommerce in 1-2-3. Nutzen Sie unsere aktive Demo, um m\u00fchelos Ihre exklusive Online-Chat-Box zu erstellen.","robots":{"index":"index","follow":"follow","max-snippet":"max-snippet:-1","max-image-preview":"max-image-preview:large","max-video-preview":"max-video-preview:-1"},"canonical":"https:\/\/elfsight.com\/de\/all-in-one-chat-widget\/woocommerce\/","og_locale":"de_DE","og_type":"article","og_title":"Live-Chat \u2013 Chat-Plugin f\u00fcr WooCommerce-Websites hinzuf\u00fcgen (kostenlos und schnell)","og_description":"Implementieren Sie Ihr All-in-One-Live-Chat-Plugin auf WooCommerce in 1-2-3. Nutzen Sie unsere aktive Demo, um m\u00fchelos Ihre exklusive Online-Chat-Box zu erstellen.","og_url":"https:\/\/elfsight.com\/de\/all-in-one-chat-widget\/woocommerce\/","og_site_name":"Elfsight DE","article_modified_time":"2025-01-15T06:06:57+00:00","twitter_card":"summary_large_image","twitter_misc":{"Gesch\u00e4tzte Lesezeit":"4\u00a0Minuten"},"schema":{"@context":"https:\/\/schema.org","@graph":[{"@type":"WebPage","@id":"https:\/\/elfsight.com\/de\/all-in-one-chat-widget\/woocommerce\/","url":"https:\/\/elfsight.com\/de\/all-in-one-chat-widget\/woocommerce\/","name":"Live-Chat \u2013 Chat-Plugin f\u00fcr WooCommerce-Websites hinzuf\u00fcgen (kostenlos und schnell)","isPartOf":{"@id":"https:\/\/elfsight.com\/de\/#website"},"datePublished":"2024-05-03T06:26:42+00:00","dateModified":"2025-01-15T06:06:57+00:00","description":"Implementieren Sie Ihr All-in-One-Live-Chat-Plugin auf WooCommerce in 1-2-3. Nutzen Sie unsere aktive Demo, um m\u00fchelos Ihre exklusive Online-Chat-Box zu erstellen.","breadcrumb":{"@id":"https:\/\/elfsight.com\/de\/all-in-one-chat-widget\/woocommerce\/#breadcrumb"},"inLanguage":"de","potentialAction":[{"@type":"ReadAction","target":["https:\/\/elfsight.com\/de\/all-in-one-chat-widget\/woocommerce\/"]}]},{"@type":"BreadcrumbList","@id":"https:\/\/elfsight.com\/de\/all-in-one-chat-widget\/woocommerce\/#breadcrumb","itemListElement":[{"@type":"ListItem","position":1,"name":"Home","item":"https:\/\/elfsight.com\/de\/"},{"@type":"ListItem","position":2,"name":"All-in-One Chat","item":"https:\/\/elfsight.com\/de\/all-in-one-chat-widget\/"},{"@type":"ListItem","position":3,"name":"All-in-One Chat &#8211; WooCommerce"}]},{"@type":"WebSite","@id":"https:\/\/elfsight.com\/de\/#website","url":"https:\/\/elfsight.com\/de\/","name":"Elfsight DE","description":"Just another Elfsight Sites site","potentialAction":[{"@type":"SearchAction","target":{"@type":"EntryPoint","urlTemplate":"https:\/\/elfsight.com\/de\/?s={search_term_string}"},"query-input":{"@type":"PropertyValueSpecification","valueRequired":true,"valueName":"search_term_string"}}],"inLanguage":"de"}]}},"meta_box":{"industry":"","seo_heading":"","heading":"","description":"","cta_heading":"","cta_description":"","application":"510","h1":"WooCommerce Live Chat-Plugin","h1_caption":"Bieten Sie Ihren Kunden die M\u00f6glichkeit, Sie m\u00fchelos \u00fcber eine App auf mehreren Messaging-Plattformen wie WhatsApp, Facebook, Telegram und mehr auf Ihrer WooCommerce-Website zu erreichen.","application_category":[],"applications_title":"","applications_request_title":"","applications_request_button_text":"","hero_text":"","hero_video":"","hero_video_schema_markup":"","selling_points_title":"","selling_points_caption":"","selling_points":[],"selling_points_cta_text":"","features_title":"","features":"","ed_cta_examples_text":"","ed_cta_examples_hidden":"","ed_cta_demo_text":"","ed_cta_demo_hidden":"","why_caption":"","why_editor_title":"","why_editor_text":"","why_team_title":"","why_team_text":"","why_service_title":"","why_service_text":"","template_catalog_visible":"0","template_catalog_title":"","template_catalog_text":"","template_catalog_categories_visible":"","demo_title":"Erstellen Sie Ihre All-in-One-Chat-App","demo_caption":"Konfigurieren Sie Ihren All-in-One-Chat und f\u00fcgen Sie ihn kostenlos zu Ihrer WooCommerce-Website hinzu!","default_faq_hidden":"","app_template_category":[],"platform":"200","template_public_id":"","codecanyon_url":"","codecanyon_item_id":"","codecanyon_price":"","pricing_caption":"","pricing_elfsight_apps_hide_column":"","pricing_elfsight_apps_url":"","pricing_codecanyon_price_caption":"","integration_category":[],"integration_request_title":"","integration_request_cta":"","integration_platform":"","integrations":[],"platform_category":[],"video_schema_markup":"","price":"ab 0 $ \/ Monat","trial":"","benefits":[{"text":"Kostenlose Installationshilfe"},{"text":"Au\u00dfergew\u00f6hnlicher Support"},{"text":"14-t\u00e4gige Geld-zur\u00fcck-Garantie"},{"text":"Fortlaufende Entwicklung"}],"button_url":"#demo","button_target_blank":"0","button_nofollow":"0","attributes":[{"name":"Installiert","content":"100,000 - 500,000"},{"name":"Reaktionsfreudig","content":"Ja"},{"name":"Kompatible Browser","content":"Firefox, Safari, Opera, Chrome, Edge"}],"tags":[],"tags_disable_links":"0","hide_more_platforms":"","video_object":"","demo_hide_cta":"0","demo_hide_cloud_options":"0","pricing_title":"","pricing":[{"pricing_icon":"platform","pricing_title":"Elfsight Apps","pricing_title_caption":"Plattformunabh\u00e4ngige L\u00f6sung, die auf jeder Site funktioniert","pricing_price":"ab 0 $ \/ Monat","pricing_price_caption":"Beginnen Sie mit einem kostenlosen Plan","pricing_benefits":[{"text":"Unbegrenzte Websites"},{"text":"Erstklassiger und p\u00fcnktlicher Support"},{"text":"Kostenlose Installationshilfe"},{"text":"100 % anpassbar"}],"pricing_button_text":"Zur Website hinzuf\u00fcgen","pricing_button_url":"#demo"}],"related_apps_title":"","related_apps_hidden":"0","author":"","image":[],"title":"","job":"","social_networks":[]},"_links":{"self":[{"href":"https:\/\/elfsight.com\/de\/wp-json\/wp\/v2\/pages\/16639","targetHints":{"allow":["GET"]}}],"collection":[{"href":"https:\/\/elfsight.com\/de\/wp-json\/wp\/v2\/pages"}],"about":[{"href":"https:\/\/elfsight.com\/de\/wp-json\/wp\/v2\/types\/page"}],"author":[{"embeddable":true,"href":"https:\/\/elfsight.com\/de\/wp-json\/wp\/v2\/users\/9"}],"replies":[{"embeddable":true,"href":"https:\/\/elfsight.com\/de\/wp-json\/wp\/v2\/comments?post=16639"}],"version-history":[{"count":3,"href":"https:\/\/elfsight.com\/de\/wp-json\/wp\/v2\/pages\/16639\/revisions"}],"predecessor-version":[{"id":23736,"href":"https:\/\/elfsight.com\/de\/wp-json\/wp\/v2\/pages\/16639\/revisions\/23736"}],"up":[{"embeddable":true,"href":"https:\/\/elfsight.com\/de\/wp-json\/wp\/v2\/pages\/1238"}],"wp:attachment":[{"href":"https:\/\/elfsight.com\/de\/wp-json\/wp\/v2\/media?parent=16639"}],"curies":[{"name":"wp","href":"https:\/\/api.w.org\/{rel}","templated":true}]}}