{"id":16633,"date":"2024-05-03T06:26:40","date_gmt":"2024-05-03T06:26:40","guid":{"rendered":"https:\/\/elfsight.com\/de\/?page_id=16633"},"modified":"2025-01-15T06:07:35","modified_gmt":"2025-01-15T06:07:35","slug":"google-sites","status":"publish","type":"page","link":"https:\/\/elfsight.com\/de\/all-in-one-chat-widget\/google-sites\/","title":{"rendered":"All-in-One Chat &#8211; Google Sites"},"content":{"rendered":"\n<div class=\"application-platform-content-item-description application-platform-content-item\" id=\"description\" data-nav-section=\"description\"> <h2>All-in-One-Chat auf Google Sites mit dem Elfsight-Widget einbetten<\/h2> <p>Elfsight Live Chat f\u00fcr Google ist einer davon Das schnellste Gadget, mit dem Menschen Sie erreichen und ihre Fragen kl\u00e4ren k\u00f6nnen. Sie k\u00f6nnen rund um die Uhr in den beliebtesten Messengern online verf\u00fcgbar bleiben. F\u00fcgen Sie das Widget auf Ihrer Website hinzu und es kann auf ausgew\u00e4hlten Seiten oder f\u00fcr separate Zielgruppen aktiviert werden. W\u00e4hlen Sie Ausl\u00f6ser f\u00fcr den Chat-Start aus, legen Sie Ihren Begr\u00fc\u00dfungstext fest, w\u00e4hlen Sie Symbole aus und vieles mehr. Mit Hilfe des Plugins auf Ihrer Website bleiben Sie jederzeit und von jedem Ort aus f\u00fcr Menschen erreichbar. <\/p> <p><b>Bleiben Sie einfach zu erreichen und schnell zu antworten und steigern Sie Ihren Umsatz durch Beratung<\/b><\/p> <\/div> <div class=\"application-platform-content-item-features application-platform-content-item\" id=\"features\" data-nav-section=\"features\"> <h2>Im Folgenden sind die zentralen Funktionen aufgef\u00fchrt des Chat-Gadgets:<\/h2> <ul><li>F\u00fcgen Sie den All-in-One-Chat-Messenger auf Ihrer Website hinzu, um mit Besuchern zu chatten. <\/li><li>Drei Arten von Chat-Positionen: schwebende Blase, eingebettete Blase und eingebettetes Chat-Fenster. <\/li><li>Eine Bibliothek mit Blasensymbolen, aus der Sie ausw\u00e4hlen k\u00f6nnen. <\/li><li>MalleableChat-Header mit Seitenbild, Name und Untertitel.<\/li><li>Seitenbild standardm\u00e4\u00dfig aus der Bibliothek ausw\u00e4hlen oder ein benutzerdefiniertes Bild hochladen. <\/li><\/ul><p><a href=\"#demo\">Entdecken Sie alle Anpassungsoptionen in einer voll funktionsf\u00e4higen Demo<\/a><\/p> <\/div> <div class=\"application-platform-content-item-installation application-platform-content-item\" id=\"installation\" data-nav-section=\"installation\"> <h2>Wie f\u00fcge ich Live-Chat zu meinen Google Sites hinzu?<\/h2> <p>Befolgen Sie einfach die unten aufgef\u00fchrten Schritte, um mit der Verwendung des Gadgets zu beginnen.<\/p> <ol><li><b>Nutzen Sie unser kostenloses F\u00fchren Sie eine Demo durch und beginnen Sie mit der Erstellung Ihres ma\u00dfgeschneiderten Plugins.<\/b><br> Geben Sie die bevorzugte Schnittstelle und Optionen des Plugins an und wenden Sie die \u00c4nderungen an.<\/li> <li><b>Kopieren Sie Ihren einzigartigen Code, der in der speziellen Form angezeigt wird auf Elfsight Apps.<\/b><br> Nachdem die Generierung Ihres pers\u00f6nlichen Widgets abgeschlossen ist, kopieren Sie den exklusiven Code aus dem angezeigten Feld und speichern Sie ihn f\u00fcr die zuk\u00fcnftige Verwendung.<\/li> <li><b>Geben Sie die Verwendung des ein Messenger-Gadget auf Ihrer Google-Seite.<\/b><br> Betten Sie den k\u00fcrzlich kopierten Code in Ihre Seite ein und speichern Sie die Korrekturen.<\/li> <li><b>Die Installation wurde erfolgreich abgeschlossen.<\/b><br> Besuchen Sie Ihre Seite, um einen Blick auf die Funktionsweise des Widgets zu werfen.<\/li><\/ol> <div class=\"tip-yellow tip\"><b>Aufgrund der Besonderheiten der Google Sites-Funktion sieht das Widget m\u00f6glicherweise anders aus als die Online-Demo. Wir entschuldigen uns f\u00fcr etwaige Unannehmlichkeiten.<\/b><\/div><p>Bei Fragen oder Problemen wenden Sie sich bitte an unseren Kundendienst. Unsere Berater werden sich freuen, alle Probleme zu l\u00f6sen, die Sie mit dem Produkt haben k\u00f6nnten. <\/p> <div class=\"faq\" data-component=\"FAQ\"><div class=\"faq-item\">\r\n\t\t\t\t\t<div class=\"faq-item-question\">\r\n\t\t\t\t\t\t<h3 class=\"faq-item-question-text\">Wie f\u00fcge ich All-in-One-Chat ohne Programmierkenntnisse zu meiner Google Sites-Website hinzu?<\/h3>\r\n\r\n\t\t\t\t\t\t<div class=\"faq-item-question-icon\"><\/div>\r\n\t\t\t\t\t<\/div>\r\n\r\n\t\t\t\t\t<div class=\"faq-item-answer\">\r\n\t\t\t\t\t\t<div class=\"faq-item-answer-text\"><p>Elfsight bietet eine SaaS-L\u00f6sung, mit der Sie einen All-in-One-Chat erstellen k\u00f6nnen Erstellen Sie selbst ein Chat-Widget und \u00fcberzeugen Sie sich davon, wie einfach der Vorgang ist: Erstellen Sie direkt im Online-Editor ein All-in-One-Chat-Widget, das Sie gerne auf Ihrer Google Sites-Website sehen w\u00fcrden. W\u00e4hlen Sie eine der vorgefertigten Vorlagen aus und passen Sie die All-in-One-Chat-Einstellungen an, f\u00fcgen Sie Ihre Inhalte hinzu, \u00e4ndern Sie das Layout und die Farben ohne Programmierkenntnisse. Speichern Sie den All-in-One-Chat und kopieren Sie seinen Installationscode, den Sie problemlos in Ihre Google Sites-Website einbetten k\u00f6nnen, ohne einen kostenpflichtigen Plan kaufen zu m\u00fcssen. Mit unserem intuitiven Editor kann jeder Internetnutzer online ein All-in-One-Chat-Widget erstellen und es einfach in seine Google Sites-Website einbetten. Sie m\u00fcssen weder bezahlen noch Ihre Kartendaten eingeben, um auf den Service zuzugreifen. Sollten bei irgendeinem Schritt Probleme auftreten, wenden Sie sich bitte an unser technisches Support-Team.<\/p><\/div>\r\n\t\t\t\t\t<\/div>\r\n\t\t\t\t<\/div><\/div><\/div>\n","protected":false},"excerpt":{"rendered":"","protected":false},"author":9,"featured_media":0,"parent":1238,"menu_order":0,"comment_status":"closed","ping_status":"closed","template":"templates\/template-application-platform.php","meta":{"publish_to_discourse":"","publish_post_category":"","wpdc_auto_publish_overridden":"","wpdc_topic_tags":"","wpdc_pin_topic":"","wpdc_pin_until":"","discourse_post_id":"","discourse_permalink":"","wpdc_publishing_response":"","wpdc_publishing_error":"","footnotes":""},"class_list":["post-16633","page","type-page","status-publish","hentry"],"yoast_head":"<!-- This site is optimized with the Yoast SEO plugin v25.3.1 - https:\/\/yoast.com\/wordpress\/plugins\/seo\/ -->\n<title>Live-Chat \u2013 Live-Chat-Widget zu Google Sites hinzuf\u00fcgen [2026]<\/title>\n<meta name=\"description\" content=\"Betten Sie Ihren All-in-One-Chat in wenigen Minuten auf Google Sites ein. Nutzen Sie unsere praktische Demo, um m\u00fchelos Ihr exklusives Messenger-Widget zu erstellen.\" \/>\n<meta name=\"robots\" content=\"index, follow, max-snippet:-1, max-image-preview:large, max-video-preview:-1\" \/>\n<link rel=\"canonical\" href=\"https:\/\/elfsight.com\/de\/all-in-one-chat-widget\/google-sites\/\" \/>\n<meta property=\"og:locale\" content=\"de_DE\" \/>\n<meta property=\"og:type\" content=\"article\" \/>\n<meta property=\"og:title\" content=\"Live-Chat \u2013 Live-Chat-Widget zu Google Sites hinzuf\u00fcgen [2026]\" \/>\n<meta property=\"og:description\" content=\"Betten Sie Ihren All-in-One-Chat in wenigen Minuten auf Google Sites ein. Nutzen Sie unsere praktische Demo, um m\u00fchelos Ihr exklusives Messenger-Widget zu erstellen.\" \/>\n<meta property=\"og:url\" content=\"https:\/\/elfsight.com\/de\/all-in-one-chat-widget\/google-sites\/\" \/>\n<meta property=\"og:site_name\" content=\"Elfsight DE\" \/>\n<meta property=\"article:modified_time\" content=\"2025-01-15T06:07:35+00:00\" \/>\n<meta name=\"twitter:card\" content=\"summary_large_image\" \/>\n<meta name=\"twitter:label1\" content=\"Gesch\u00e4tzte Lesezeit\" \/>\n\t<meta name=\"twitter:data1\" content=\"3\u00a0Minuten\" \/>\n<!-- \/ Yoast SEO plugin. -->","yoast_head_json":{"title":"Live-Chat \u2013 Live-Chat-Widget zu Google Sites hinzuf\u00fcgen [2026]","description":"Betten Sie Ihren All-in-One-Chat in wenigen Minuten auf Google Sites ein. Nutzen Sie unsere praktische Demo, um m\u00fchelos Ihr exklusives Messenger-Widget zu erstellen.","robots":{"index":"index","follow":"follow","max-snippet":"max-snippet:-1","max-image-preview":"max-image-preview:large","max-video-preview":"max-video-preview:-1"},"canonical":"https:\/\/elfsight.com\/de\/all-in-one-chat-widget\/google-sites\/","og_locale":"de_DE","og_type":"article","og_title":"Live-Chat \u2013 Live-Chat-Widget zu Google Sites hinzuf\u00fcgen [2026]","og_description":"Betten Sie Ihren All-in-One-Chat in wenigen Minuten auf Google Sites ein. Nutzen Sie unsere praktische Demo, um m\u00fchelos Ihr exklusives Messenger-Widget zu erstellen.","og_url":"https:\/\/elfsight.com\/de\/all-in-one-chat-widget\/google-sites\/","og_site_name":"Elfsight DE","article_modified_time":"2025-01-15T06:07:35+00:00","twitter_card":"summary_large_image","twitter_misc":{"Gesch\u00e4tzte Lesezeit":"3\u00a0Minuten"},"schema":{"@context":"https:\/\/schema.org","@graph":[{"@type":"WebPage","@id":"https:\/\/elfsight.com\/de\/all-in-one-chat-widget\/google-sites\/","url":"https:\/\/elfsight.com\/de\/all-in-one-chat-widget\/google-sites\/","name":"Live-Chat \u2013 Live-Chat-Widget zu Google Sites hinzuf\u00fcgen [2026]","isPartOf":{"@id":"https:\/\/elfsight.com\/de\/#website"},"datePublished":"2024-05-03T06:26:40+00:00","dateModified":"2025-01-15T06:07:35+00:00","description":"Betten Sie Ihren All-in-One-Chat in wenigen Minuten auf Google Sites ein. Nutzen Sie unsere praktische Demo, um m\u00fchelos Ihr exklusives Messenger-Widget zu erstellen.","breadcrumb":{"@id":"https:\/\/elfsight.com\/de\/all-in-one-chat-widget\/google-sites\/#breadcrumb"},"inLanguage":"de","potentialAction":[{"@type":"ReadAction","target":["https:\/\/elfsight.com\/de\/all-in-one-chat-widget\/google-sites\/"]}]},{"@type":"BreadcrumbList","@id":"https:\/\/elfsight.com\/de\/all-in-one-chat-widget\/google-sites\/#breadcrumb","itemListElement":[{"@type":"ListItem","position":1,"name":"Home","item":"https:\/\/elfsight.com\/de\/"},{"@type":"ListItem","position":2,"name":"All-in-One Chat","item":"https:\/\/elfsight.com\/de\/all-in-one-chat-widget\/"},{"@type":"ListItem","position":3,"name":"All-in-One Chat &#8211; Google Sites"}]},{"@type":"WebSite","@id":"https:\/\/elfsight.com\/de\/#website","url":"https:\/\/elfsight.com\/de\/","name":"Elfsight DE","description":"Just another Elfsight Sites site","potentialAction":[{"@type":"SearchAction","target":{"@type":"EntryPoint","urlTemplate":"https:\/\/elfsight.com\/de\/?s={search_term_string}"},"query-input":{"@type":"PropertyValueSpecification","valueRequired":true,"valueName":"search_term_string"}}],"inLanguage":"de"}]}},"meta_box":{"industry":"","seo_heading":"","heading":"","description":"","cta_heading":"","cta_description":"","application":"510","h1":"Google Sites Live-Chat-Widget","h1_caption":"Bieten Sie Ihren Kunden die M\u00f6glichkeit, Sie m\u00fchelos \u00fcber ein Widget in Ihren Google Sites auf mehreren Messaging-Plattformen wie WhatsApp, Facebook, Telegram und mehr zu erreichen.","application_category":[],"applications_title":"","applications_request_title":"","applications_request_button_text":"","hero_text":"","hero_video":"","hero_video_schema_markup":"","selling_points_title":"","selling_points_caption":"","selling_points":[],"selling_points_cta_text":"","features_title":"","features":"","ed_cta_examples_text":"","ed_cta_examples_hidden":"","ed_cta_demo_text":"","ed_cta_demo_hidden":"","why_caption":"","why_editor_title":"","why_editor_text":"","why_team_title":"","why_team_text":"","why_service_title":"","why_service_text":"","template_catalog_visible":"0","template_catalog_title":"","template_catalog_text":"","template_catalog_categories_visible":"","demo_title":"Erstellen Sie Ihr All-in-One-Chat-Widget","demo_caption":"Konfigurieren Sie Ihren All-in-One-Chat und f\u00fcgen Sie ihn kostenlos zu Ihrer Google Sites-Website hinzu!","default_faq_hidden":"","app_template_category":[],"platform":"3000","template_public_id":"","codecanyon_url":"","codecanyon_item_id":"","codecanyon_price":"","pricing_caption":"","pricing_elfsight_apps_hide_column":"","pricing_elfsight_apps_url":"","pricing_codecanyon_price_caption":"","integration_category":[],"integration_request_title":"","integration_request_cta":"","integration_platform":"","integrations":[],"platform_category":[],"video_schema_markup":"","price":"ab 0 $ \/ Monat","trial":"","benefits":[{"text":"Kostenlose Installationsunterst\u00fctzung"},{"text":"Kompetenter Kundenservice"},{"text":"14-t\u00e4gige R\u00fcckerstattungsgarantie"},{"text":"Regelm\u00e4\u00dfige Verbesserungen"}],"button_url":"#demo","button_target_blank":"0","button_nofollow":"0","attributes":[{"name":"Installiert","content":"100,000 - 500,000"},{"name":"Reaktionsfreudig","content":"Adaptives Design"},{"name":"Kompatible Browser","content":"Edge, Opera, Firefox, Chrome, Safari"}],"tags":[],"tags_disable_links":"0","hide_more_platforms":"","video_object":"","demo_hide_cta":"0","demo_hide_cloud_options":"0","pricing_title":"","pricing":[{"pricing_icon":"platform","pricing_title":"Elfsight Apps","pricing_title_caption":"Plattform\u00fcbergreifende Software","pricing_price":"ab 0 $ \/ Monat","pricing_price_caption":"Beginnen Sie mit einem kostenlosen Plan","pricing_benefits":[{"text":"Unbegrenzte Anzahl an Websites"},{"text":"Engagierter und p\u00fcnktlicher Support"},{"text":"Kostenlose Installationsunterst\u00fctzung"},{"text":"Sonderpreis f\u00fcr mehrere Apps"}],"pricing_button_text":"Zur Website hinzuf\u00fcgen","pricing_button_url":"#demo"}],"related_apps_title":"","related_apps_hidden":"0","author":"","image":[],"title":"","job":"","social_networks":[]},"_links":{"self":[{"href":"https:\/\/elfsight.com\/de\/wp-json\/wp\/v2\/pages\/16633","targetHints":{"allow":["GET"]}}],"collection":[{"href":"https:\/\/elfsight.com\/de\/wp-json\/wp\/v2\/pages"}],"about":[{"href":"https:\/\/elfsight.com\/de\/wp-json\/wp\/v2\/types\/page"}],"author":[{"embeddable":true,"href":"https:\/\/elfsight.com\/de\/wp-json\/wp\/v2\/users\/9"}],"replies":[{"embeddable":true,"href":"https:\/\/elfsight.com\/de\/wp-json\/wp\/v2\/comments?post=16633"}],"version-history":[{"count":3,"href":"https:\/\/elfsight.com\/de\/wp-json\/wp\/v2\/pages\/16633\/revisions"}],"predecessor-version":[{"id":23737,"href":"https:\/\/elfsight.com\/de\/wp-json\/wp\/v2\/pages\/16633\/revisions\/23737"}],"up":[{"embeddable":true,"href":"https:\/\/elfsight.com\/de\/wp-json\/wp\/v2\/pages\/1238"}],"wp:attachment":[{"href":"https:\/\/elfsight.com\/de\/wp-json\/wp\/v2\/media?parent=16633"}],"curies":[{"name":"wp","href":"https:\/\/api.w.org\/{rel}","templated":true}]}}