{"id":16631,"date":"2024-05-03T06:26:38","date_gmt":"2024-05-03T06:26:38","guid":{"rendered":"https:\/\/elfsight.com\/de\/?page_id=16631"},"modified":"2025-07-08T09:44:37","modified_gmt":"2025-07-08T09:44:37","slug":"prestashop","status":"publish","type":"page","link":"https:\/\/elfsight.com\/de\/all-in-one-chat-widget\/prestashop\/","title":{"rendered":"All-in-One Chat &#8211; PrestaShop"},"content":{"rendered":"<div class=\"application-platform-content-item-description application-platform-content-item\" id=\"description\" data-nav-section=\"description\"> <h2>Beschreibung<\/h2> <p>All-in-One-Chat von Elfsight ist eine einfache M\u00f6glichkeit f\u00fcr Ihre Website-Kunden, mit Ihnen in Verbindung zu bleiben und erhalten Antworten auf ihre Fragen und W\u00fcnsche. Jetzt k\u00f6nnen Sie f\u00fcr Ihre Kunden jederzeit live in ihrem komfortablen Messenger erreichbar sein. F\u00fcgen Sie All-in-One-Chat auf einer Webseite ein und lassen Sie ihn auf bestimmten Seiten oder f\u00fcr bestimmte Kundentypen erscheinen, w\u00e4hlen Sie Start-Chat-Ausl\u00f6ser, f\u00fcgen Sie Ihre pers\u00f6nliche Willkommensnachricht ein, richten Sie Symbole aus und vieles mehr. Durch die Verwendung des in die Webseite eingebetteten All-in-One-Chats bleiben Sie jederzeit und von jedem Ort aus \u00fcber Ihre Zielgruppe informiert. <\/p> <p><b>Machen Sie Ihre Website mithilfe von Live-Chat effektiver f\u00fcr Gesch\u00e4ftsziele<\/b><\/p> <\/div> <div class=\"application-platform-content-item-features application-platform-content-item\" id=\"features\" data-nav-section=\"features\"> <h2>Das Widget enth\u00e4lt wertvolle und schnelle Funktionen, sehen Sie sich einige davon an: <\/h2> <ul><li>Setzen Sie CTAs ein, um Ihr Publikum zur Conversion zu f\u00fchren. <\/li><li>Passen Sie die Dauer des Folienwechsels an. <\/li><li>W\u00e4hlen Sie zwischen zahlreichen Optionen. <\/li><li>Platzieren Sie Ihre Inhalte mithilfe der erweiterten Position an einer beliebigen Stelle auf der Seite. <\/li><li>\u00c4ndern Sie 5 Inhaltselemente. <\/li><\/ul><p><a href=\"#demo\">Schauen Sie sich einfach diese Demo an, um zu sehen, was das Widget wert ist<\/a><\/p> <\/div> <div class=\"application-platform-content-item-installation application-platform-content-item\" id=\"installation\" data-nav-section=\"installation\"> <h2>Wie kann ich All-in-One-Chat in meine PrestaShop-Website einbetten? <\/h2> <p>F\u00fchren Sie einfach die folgenden Richtlinien aus, um das Tool zu integrieren. <\/p> <ol><li><b>F\u00fchren Sie unsere kostenlose Demo durch und beginnen Sie mit der Gestaltung Ihres einzigartigen Add-ons. <\/b><br> Suchen Sie das ausgew\u00e4hlte Layout und die Spezifikationen des Plugins und wenden Sie die Korrekturen an. <\/li> <li><b>Kopieren Sie Ihren individuellen Code, der in der speziellen Form auf Elfsight Apps angezeigt wird. <\/b><br> Nachdem die Generierung Ihres pers\u00f6nlichen Plugins abgeschlossen ist, kopieren Sie den pers\u00f6nlichen Code aus dem angezeigten Fenster und bewahren Sie ihn f\u00fcr die sp\u00e4tere Verwendung auf. <\/li> <li><b>Beginnen Sie mit der Anwendung des Add-ons auf der PrestaShop-Homepage. <\/b><br> F\u00fcgen Sie den Code hinzu, den Sie k\u00fcrzlich auf Ihrer Webseite gespeichert haben, und \u00fcbernehmen Sie die Anpassungen. <\/li> <li><b>Fertig! Die Integration ist vollst\u00e4ndig abgeschlossen. <\/b><br> Besuchen Sie Ihre Webseite, um in Aktion zu sehen, wie das Add-on ausgef\u00fchrt wird. <\/li><\/ol> <p>Falls Sie auf Hindernisse sto\u00dfen, z\u00f6gern Sie nicht, sich bei unserem Kundendienst zu bewerben. Unsere Mitarbeiter helfen Ihnen gerne bei allen Fragen, die Sie zum Add-on haben k\u00f6nnten. <\/p> <div class=\"faq\" data-component=\"FAQ\"><div class=\"faq-item\">\r\n\t\t\t\t\t<div class=\"faq-item-question\">\r\n\t\t\t\t\t\t<h3 class=\"faq-item-question-text\">Wie f\u00fcge ich All-in-One-Chat ohne Programmierkenntnisse zu meiner Prestashop-Website hinzu? <\/h3>\r\n\r\n\t\t\t\t\t\t<div class=\"faq-item-question-icon\"><\/div>\r\n\t\t\t\t\t<\/div>\r\n\r\n\t\t\t\t\t<div class=\"faq-item-answer\">\r\n\t\t\t\t\t\t<div class=\"faq-item-answer-text\"><p>Elfsight bietet eine SaaS-L\u00f6sung, mit der Sie einen All-in-One-Chat erstellen k\u00f6nnen Widget selbst erstellen, sehen Sie, wie einfach der Vorgang ist: Erstellen Sie direkt im Online-Editor ein All-in-One-Chat-Widget, das Sie gerne auf Ihrer Webnode-Website sehen m\u00f6chten. W\u00e4hlen Sie eine der vorgefertigten Vorlagen aus und passen Sie die All-in-One-Chat-Einstellungen an, f\u00fcgen Sie Ihre Inhalte hinzu, \u00e4ndern Sie das Layout und die Farben ohne Programmierkenntnisse. Speichern Sie den All-in-One-Chat und kopieren Sie seinen Installationscode, den Sie problemlos in Ihre Webnode-Website einbetten k\u00f6nnen, ohne einen kostenpflichtigen Plan zu kaufen. Mit unserem intuitiven Editor kann jeder Internetnutzer online ein All-in-One-Chat-Widget erstellen und es einfach in seine Webnode-Website einbetten. Sie m\u00fcssen weder bezahlen noch Ihre Kartendaten eingeben, um auf den Service zuzugreifen. Sollten bei irgendeinem Schritt Probleme auftreten, wenden Sie sich bitte an unser technisches Support-Team.<\/p><\/div>\r\n\t\t\t\t\t<\/div>\r\n\t\t\t\t<\/div><\/div><\/div>","protected":false},"excerpt":{"rendered":"","protected":false},"author":9,"featured_media":0,"parent":1238,"menu_order":0,"comment_status":"closed","ping_status":"closed","template":"templates\/template-application-platform.php","meta":{"publish_to_discourse":"","publish_post_category":"","wpdc_auto_publish_overridden":"","wpdc_topic_tags":"","wpdc_pin_topic":"","wpdc_pin_until":"","discourse_post_id":"","discourse_permalink":"","wpdc_publishing_response":"","wpdc_publishing_error":"","footnotes":""},"class_list":["post-16631","page","type-page","status-publish","hentry"],"yoast_head":"<!-- This site is optimized with the Yoast SEO plugin v25.3.1 - https:\/\/yoast.com\/wordpress\/plugins\/seo\/ -->\n<title>Live-Chat-Widget | Online-Chat f\u00fcr PrestaShop-Websites (kostenlos und einfach)<\/title>\n<meta name=\"description\" content=\"F\u00fcgen Sie Ihr All-in-One-Live-Chat-Plugin schnell zur PrestaShop-Homepage hinzu. Nutzen Sie unsere Live-Demo, um Ihre Online-Chat-Box ohne Programmieraufwand zu erstellen.\" \/>\n<meta name=\"robots\" content=\"index, follow, max-snippet:-1, max-image-preview:large, max-video-preview:-1\" \/>\n<link rel=\"canonical\" href=\"https:\/\/elfsight.com\/de\/all-in-one-chat-widget\/prestashop\/\" \/>\n<meta property=\"og:locale\" content=\"de_DE\" \/>\n<meta property=\"og:type\" content=\"article\" \/>\n<meta property=\"og:title\" content=\"Live-Chat-Widget | Online-Chat f\u00fcr PrestaShop-Websites (kostenlos und einfach)\" \/>\n<meta property=\"og:description\" content=\"F\u00fcgen Sie Ihr All-in-One-Live-Chat-Plugin schnell zur PrestaShop-Homepage hinzu. Nutzen Sie unsere Live-Demo, um Ihre Online-Chat-Box ohne Programmieraufwand zu erstellen.\" \/>\n<meta property=\"og:url\" content=\"https:\/\/elfsight.com\/de\/all-in-one-chat-widget\/prestashop\/\" \/>\n<meta property=\"og:site_name\" content=\"Elfsight DE\" \/>\n<meta property=\"article:modified_time\" content=\"2025-07-08T09:44:37+00:00\" \/>\n<meta name=\"twitter:card\" content=\"summary_large_image\" \/>\n<meta name=\"twitter:label1\" content=\"Gesch\u00e4tzte Lesezeit\" \/>\n\t<meta name=\"twitter:data1\" content=\"3\u00a0Minuten\" \/>\n<!-- \/ Yoast SEO plugin. -->","yoast_head_json":{"title":"Live-Chat-Widget | Online-Chat f\u00fcr PrestaShop-Websites (kostenlos und einfach)","description":"F\u00fcgen Sie Ihr All-in-One-Live-Chat-Plugin schnell zur PrestaShop-Homepage hinzu. Nutzen Sie unsere Live-Demo, um Ihre Online-Chat-Box ohne Programmieraufwand zu erstellen.","robots":{"index":"index","follow":"follow","max-snippet":"max-snippet:-1","max-image-preview":"max-image-preview:large","max-video-preview":"max-video-preview:-1"},"canonical":"https:\/\/elfsight.com\/de\/all-in-one-chat-widget\/prestashop\/","og_locale":"de_DE","og_type":"article","og_title":"Live-Chat-Widget | Online-Chat f\u00fcr PrestaShop-Websites (kostenlos und einfach)","og_description":"F\u00fcgen Sie Ihr All-in-One-Live-Chat-Plugin schnell zur PrestaShop-Homepage hinzu. Nutzen Sie unsere Live-Demo, um Ihre Online-Chat-Box ohne Programmieraufwand zu erstellen.","og_url":"https:\/\/elfsight.com\/de\/all-in-one-chat-widget\/prestashop\/","og_site_name":"Elfsight DE","article_modified_time":"2025-07-08T09:44:37+00:00","twitter_card":"summary_large_image","twitter_misc":{"Gesch\u00e4tzte Lesezeit":"3\u00a0Minuten"},"schema":{"@context":"https:\/\/schema.org","@graph":[{"@type":"WebPage","@id":"https:\/\/elfsight.com\/de\/all-in-one-chat-widget\/prestashop\/","url":"https:\/\/elfsight.com\/de\/all-in-one-chat-widget\/prestashop\/","name":"Live-Chat-Widget | Online-Chat f\u00fcr PrestaShop-Websites (kostenlos und einfach)","isPartOf":{"@id":"https:\/\/elfsight.com\/de\/#website"},"datePublished":"2024-05-03T06:26:38+00:00","dateModified":"2025-07-08T09:44:37+00:00","description":"F\u00fcgen Sie Ihr All-in-One-Live-Chat-Plugin schnell zur PrestaShop-Homepage hinzu. Nutzen Sie unsere Live-Demo, um Ihre Online-Chat-Box ohne Programmieraufwand zu erstellen.","breadcrumb":{"@id":"https:\/\/elfsight.com\/de\/all-in-one-chat-widget\/prestashop\/#breadcrumb"},"inLanguage":"de","potentialAction":[{"@type":"ReadAction","target":["https:\/\/elfsight.com\/de\/all-in-one-chat-widget\/prestashop\/"]}]},{"@type":"BreadcrumbList","@id":"https:\/\/elfsight.com\/de\/all-in-one-chat-widget\/prestashop\/#breadcrumb","itemListElement":[{"@type":"ListItem","position":1,"name":"Home","item":"https:\/\/elfsight.com\/de\/"},{"@type":"ListItem","position":2,"name":"All-in-One Chat","item":"https:\/\/elfsight.com\/de\/all-in-one-chat-widget\/"},{"@type":"ListItem","position":3,"name":"All-in-One Chat &#8211; PrestaShop"}]},{"@type":"WebSite","@id":"https:\/\/elfsight.com\/de\/#website","url":"https:\/\/elfsight.com\/de\/","name":"Elfsight DE","description":"Just another Elfsight Sites site","potentialAction":[{"@type":"SearchAction","target":{"@type":"EntryPoint","urlTemplate":"https:\/\/elfsight.com\/de\/?s={search_term_string}"},"query-input":{"@type":"PropertyValueSpecification","valueRequired":true,"valueName":"search_term_string"}}],"inLanguage":"de"}]}},"meta_box":{"industry":"","seo_heading":"","heading":"","description":"","cta_heading":"","cta_description":"","application":"510","h1":"PrestaShop Live-Chat-Add-on","h1_caption":"Bieten Sie Ihren Kunden die M\u00f6glichkeit, Sie m\u00fchelos \u00fcber ein Widget auf Ihrer Prestashop-Website auf mehreren Messaging-Plattformen wie WhatsApp, Facebook, Telegram und mehr zu erreichen.","application_category":[],"applications_title":"","applications_request_title":"","applications_request_button_text":"","hero_text":"","hero_video":"","hero_video_schema_markup":"","selling_points_title":"","selling_points_caption":"","selling_points":[],"selling_points_cta_text":"","features_title":"","features":"","ed_cta_examples_text":"","ed_cta_examples_hidden":"","ed_cta_demo_text":"","ed_cta_demo_hidden":"","why_caption":"","why_editor_title":"","why_editor_text":"","why_team_title":"","why_team_text":"","why_service_title":"","why_service_text":"","template_catalog_visible":"","template_catalog_title":"","template_catalog_text":"","template_catalog_categories_visible":"","demo_title":"Erstellen Sie Ihr All-in-One-Chat-Add-on","demo_caption":"Konfigurieren Sie Ihren All-in-One-Chat und f\u00fcgen Sie ihn kostenlos zu Ihrer PrestaShop-Website hinzu!","default_faq_hidden":"","app_template_category":[],"platform":"3811","template_public_id":"","codecanyon_url":"","codecanyon_item_id":"","codecanyon_price":"","pricing_caption":"","pricing_elfsight_apps_hide_column":"","pricing_elfsight_apps_url":"","pricing_codecanyon_price_caption":"","integration_category":[],"integration_request_title":"","integration_request_cta":"","integration_platform":"","integrations":[],"platform_category":[],"video_schema_markup":"","price":"ab 0 $ \/ Monat","trial":"","benefits":[{"text":"Kostenlose Installationshilfe"},{"text":"Premium-Support"},{"text":"14-t\u00e4gige R\u00fcckerstattungsgarantie"},{"text":"Regelm\u00e4\u00dfige Updates"}],"button_url":"#demo","button_target_blank":"","button_nofollow":"","attributes":[{"name":"Installiert","content":"100,000 - 500,000"},{"name":"Reaktionsfreudig","content":"Ja"},{"name":"Kompatible Browser","content":"Firefox, Safari, Opera, Chrome, Edge"}],"tags":[],"tags_disable_links":"","hide_more_platforms":"","video_object":"","demo_hide_cta":"","demo_hide_cloud_options":"","pricing_title":"","pricing":[{"pricing_icon":"platform","pricing_title":"Elfsight Apps","pricing_title_caption":"Plattformunabh\u00e4ngige L\u00f6sung, die auf jeder Site funktioniert","pricing_price":"ab 0 $ \/ Monat","pricing_price_caption":"Beginnen Sie mit einem kostenlosen Plan","pricing_benefits":[{"text":"Unbegrenzte Websites"},{"text":"Erstklassiger Unternehmenssupport und gut dokumentiert"},{"text":"Kostenlose Installationshilfe"},{"text":"Flexibles Design"}],"pricing_button_text":"Zur Website hinzuf\u00fcgen","pricing_button_url":"#demo"}],"related_apps_title":"","related_apps_hidden":"","author":"","image":[],"title":"","job":"","social_networks":[]},"_links":{"self":[{"href":"https:\/\/elfsight.com\/de\/wp-json\/wp\/v2\/pages\/16631","targetHints":{"allow":["GET"]}}],"collection":[{"href":"https:\/\/elfsight.com\/de\/wp-json\/wp\/v2\/pages"}],"about":[{"href":"https:\/\/elfsight.com\/de\/wp-json\/wp\/v2\/types\/page"}],"author":[{"embeddable":true,"href":"https:\/\/elfsight.com\/de\/wp-json\/wp\/v2\/users\/9"}],"replies":[{"embeddable":true,"href":"https:\/\/elfsight.com\/de\/wp-json\/wp\/v2\/comments?post=16631"}],"version-history":[{"count":1,"href":"https:\/\/elfsight.com\/de\/wp-json\/wp\/v2\/pages\/16631\/revisions"}],"predecessor-version":[{"id":16635,"href":"https:\/\/elfsight.com\/de\/wp-json\/wp\/v2\/pages\/16631\/revisions\/16635"}],"up":[{"embeddable":true,"href":"https:\/\/elfsight.com\/de\/wp-json\/wp\/v2\/pages\/1238"}],"wp:attachment":[{"href":"https:\/\/elfsight.com\/de\/wp-json\/wp\/v2\/media?parent=16631"}],"curies":[{"name":"wp","href":"https:\/\/api.w.org\/{rel}","templated":true}]}}