{"id":16625,"date":"2024-05-03T06:26:34","date_gmt":"2024-05-03T06:26:34","guid":{"rendered":"https:\/\/elfsight.com\/de\/?page_id=16625"},"modified":"2025-02-17T06:04:35","modified_gmt":"2025-02-17T06:04:35","slug":"wordpress","status":"publish","type":"page","link":"https:\/\/elfsight.com\/de\/airbnb-reviews-widget\/wordpress\/","title":{"rendered":"Airbnb Reviews &#8211; WordPress"},"content":{"rendered":"\n<div class=\"application-platform-content-item-description application-platform-content-item\" id=\"description\" data-nav-section=\"description\"> <h2>Betten Sie Airbnb-Bewertungen in WordPress mit dem Elfsight-Widget ein<\/h2> <p>Wenn Sie Ihre hohe Bewertung preisgeben und Website-Besucher \u00fcberzeugen m\u00f6chten Wenn Ihre Unterkunft beliebt ist, ist das Elfsight Airbnb-Bewertungs-Widget die richtige Wahl. Mithilfe dieses Widgets k\u00f6nnen Sie Bewertungen von Airbnb-Benutzern mit Informationen zu ihren Autoren auf Ihrer Website platzieren, Filter verwenden, um nur die besten anzuzeigen, Bewertungen anzeigen und eine Weiterleitungsschaltfl\u00e4che verwenden, die Personen zu Ihrer Airbnb-Seite f\u00fchrt, damit sie dies tun k\u00f6nnen Schreiben Sie ihre Rezension. <\/p> <div class=\"faq\" data-component=\"FAQ\"><div class=\"faq-item\">\r\n\t\t\t\t\t<div class=\"faq-item-question\">\r\n\t\t\t\t\t\t<h3 class=\"faq-item-question-text\">Wie kann ich Airbnb-Benutzerbewertungen auf meiner WordPress-Website hinzuf\u00fcgen?<\/h3>\r\n\r\n\t\t\t\t\t\t<div class=\"faq-item-question-icon\"><\/div>\r\n\t\t\t\t\t<\/div>\r\n\r\n\t\t\t\t\t<div class=\"faq-item-answer\">\r\n\t\t\t\t\t\t<div class=\"faq-item-answer-text\"><p>Erstellen Sie einfach Ihr Plugin, \u00e4ndern Sie dann das Design und speichern Sie Ihre \u00c4nderungen. Kopieren Sie den Code Ihres Plugins und f\u00fcgen Sie ihn in das von Ihnen verwendete Layout ein. <\/p><\/div>\r\n\t\t\t\t\t<\/div>\r\n\t\t\t\t<\/div><div class=\"faq-item\">\r\n\t\t\t\t\t<div class=\"faq-item-question\">\r\n\t\t\t\t\t\t<h3 class=\"faq-item-question-text\">Wie bekomme ich Bewertungen von Airbnb-Kunden f\u00fcr Produktseiten?<\/h3>\r\n\r\n\t\t\t\t\t\t<div class=\"faq-item-question-icon\"><\/div>\r\n\t\t\t\t\t<\/div>\r\n\r\n\t\t\t\t\t<div class=\"faq-item-answer\">\r\n\t\t\t\t\t\t<div class=\"faq-item-answer-text\"><p>Das geht ganz einfach mit Hilfe einer Call-to-Action-Schaltfl\u00e4che. Durch Anklicken werden die Nutzer direkt zu Ihrem Profil weitergeleitet. <\/p><\/div>\r\n\t\t\t\t\t<\/div>\r\n\t\t\t\t<\/div><div class=\"faq-item\">\r\n\t\t\t\t\t<div class=\"faq-item-question\">\r\n\t\t\t\t\t\t<h3 class=\"faq-item-question-text\">Darf ich eine Airbnb-Bewertungserweiterung\/-Ausweisvorlage entwerfen?<\/h3>\r\n\r\n\t\t\t\t\t\t<div class=\"faq-item-question-icon\"><\/div>\r\n\t\t\t\t\t<\/div>\r\n\r\n\t\t\t\t\t<div class=\"faq-item-answer\">\r\n\t\t\t\t\t\t<div class=\"faq-item-answer-text\"><p>Folgen Sie den Schritten aus der unkomplizierten Anleitung unten: <\/p><ol><li>Verwenden Sie unsere Demo und beginnen Sie mit der Erstellung Ihres individuellen Plugins. <\/li> <li>Passen Sie die Plugin-Funktionalit\u00e4t an und speichern Sie die wesentlichen Anpassungen. <\/li><li>Sie erhalten Ihren individuellen Code, der im Fenster erscheint. <\/li> <li>F\u00fcgen Sie den Plugin-Code in Ihre Homepage ein und speichern Sie ihn. <\/li><li>Herzlichen Gl\u00fcckwunsch! Sie haben das Elfsight-Widget reibungslos auf der Seite implementiert. <\/li><\/div>\r\n\t\t\t\t\t<\/div>\r\n\t\t\t\t<\/div><\/div><\/div> <div class=\"application-platform-content-item-features application-platform-content-item\" id=\"features\" data-nav-section=\"features\"> <h2>Hauptfunktionen des Airbnb-Bewertungs-Widgets<\/h2> <p>Hier ist die Liste der prim\u00e4ren Funktionen und Merkmale unseres Widgets. Sie machen es f\u00fcr Sie wirklich effizient:<\/p> <ul> <li>3 Filteroptionen: nach Typ, Ausschlie\u00dfen nach und Anzahl der anzuzeigenden Bewertungen;<\/li> <li>Die aktive Schaltfl\u00e4che zum Ver\u00f6ffentlichen einer weiteren Durch die Bewertung gelangen Besucher auf die Airbnb-Seite.<\/li> <li>Zwei Szenariovarianten nach der Ablehnung einer Bewertungsanfrage: Zeigen Sie Ihre Nachricht an oder verbergen Sie die Schaltfl\u00e4che.<\/li> <\/ul><p><a href=\"#demo \">Lernen Sie weitere Funktionen in der Demo kennen<\/a><\/p> <\/div> <div class=\"application-platform-content-item-installation application-platform-content-item\" id=\"installation\" data-nav-section=\"installation\"> <h2>So betten Sie das Airbnb Reviews-Plugin in Ihre WordPress-Website ein<\/h2> <div class=\"video-container\"><iframe width=\"720\" height=\"405\" src=\"https:\/\/www.youtube.com\/embed\/ruIXCfTj_io\"><\/iframe><\/div><p>Die folgenden Schritte sind das Einzige, was Sie einrichten m\u00fcssen. <\/p> <ol><li><b>Verwalten Sie unsere kostenlose Demo und beginnen Sie mit Ihrem ma\u00dfgeschneiderten Plugin zu arbeiten. <\/b><br> W\u00e4hlen Sie das ausgew\u00e4hlte Layout und die Parameter des Rezensions-Plugins aus und \u00fcbernehmen Sie alle \u00c4nderungen. <\/li> <li><b>Erwerben Sie den individuellen Code, der im speziellen Formular auf Elfsight Apps erscheint. <\/b><br> Nachdem die Einrichtung Ihres Plugins abgeschlossen ist, kopieren Sie Ihren Code in das entstandene Feld und speichern Sie ihn zur weiteren Verwendung. <\/li> <li><b>Beginnen Sie mit der Nutzung des Plugins auf Ihrer WordPress-Site. <\/b><br> Implementieren Sie den zuvor gespeicherten Code auf Ihrer Seite und \u00fcbernehmen Sie die Anpassungen. <\/li> <li><b>Fertig! Die Einbettung ist vollst\u00e4ndig durchgef\u00fchrt. <\/b><br> Besuchen Sie Ihre Website, um die Arbeit des Plugins in Aktion zu sehen. <\/li><\/ol><p>Sie k\u00f6nnen sich immer noch nicht entscheiden? Oder haben Sie Probleme? Mit nur einer einzigen Anfrage an unser Support-Team l\u00e4sst sich jedes Problem l\u00f6sen. <\/p> <\/div><\/ol>\n","protected":false},"excerpt":{"rendered":"","protected":false},"author":9,"featured_media":0,"parent":1519,"menu_order":0,"comment_status":"closed","ping_status":"closed","template":"templates\/template-application-platform.php","meta":{"publish_to_discourse":"","publish_post_category":"","wpdc_auto_publish_overridden":"","wpdc_topic_tags":"","wpdc_pin_topic":"","wpdc_pin_until":"","discourse_post_id":"","discourse_permalink":"","wpdc_publishing_response":"","wpdc_publishing_error":"","footnotes":""},"class_list":["post-16625","page","type-page","status-publish","hentry"],"yoast_head":"<!-- This site is optimized with the Yoast SEO plugin v25.3.1 - https:\/\/yoast.com\/wordpress\/plugins\/seo\/ -->\n<title>Einbetten von Airbnb-Bewertungen auf Ihrer WordPress-Website (einfach und schnell)<\/title>\n<meta name=\"description\" content=\"Entwerfen Sie mit Elfsight Ihre Airbnb-Bewertungen und platzieren Sie sie im Handumdrehen auf Ihrer WordPress-Website. Wir bieten kostenlosen Kundenservice und andere Boni.\" \/>\n<meta name=\"robots\" content=\"index, follow, max-snippet:-1, max-image-preview:large, max-video-preview:-1\" \/>\n<link rel=\"canonical\" href=\"https:\/\/elfsight.com\/de\/airbnb-reviews-widget\/wordpress\/\" \/>\n<meta property=\"og:locale\" content=\"de_DE\" \/>\n<meta property=\"og:type\" content=\"article\" \/>\n<meta property=\"og:title\" content=\"Einbetten von Airbnb-Bewertungen auf Ihrer WordPress-Website (einfach und schnell)\" \/>\n<meta property=\"og:description\" content=\"Entwerfen Sie mit Elfsight Ihre Airbnb-Bewertungen und platzieren Sie sie im Handumdrehen auf Ihrer WordPress-Website. Wir bieten kostenlosen Kundenservice und andere Boni.\" \/>\n<meta property=\"og:url\" content=\"https:\/\/elfsight.com\/de\/airbnb-reviews-widget\/wordpress\/\" \/>\n<meta property=\"og:site_name\" content=\"Elfsight DE\" \/>\n<meta property=\"article:modified_time\" content=\"2025-02-17T06:04:35+00:00\" \/>\n<meta name=\"twitter:card\" content=\"summary_large_image\" \/>\n<meta name=\"twitter:label1\" content=\"Gesch\u00e4tzte Lesezeit\" \/>\n\t<meta name=\"twitter:data1\" content=\"3\u00a0Minuten\" \/>\n<!-- \/ Yoast SEO plugin. -->","yoast_head_json":{"title":"Einbetten von Airbnb-Bewertungen auf Ihrer WordPress-Website (einfach und schnell)","description":"Entwerfen Sie mit Elfsight Ihre Airbnb-Bewertungen und platzieren Sie sie im Handumdrehen auf Ihrer WordPress-Website. Wir bieten kostenlosen Kundenservice und andere Boni.","robots":{"index":"index","follow":"follow","max-snippet":"max-snippet:-1","max-image-preview":"max-image-preview:large","max-video-preview":"max-video-preview:-1"},"canonical":"https:\/\/elfsight.com\/de\/airbnb-reviews-widget\/wordpress\/","og_locale":"de_DE","og_type":"article","og_title":"Einbetten von Airbnb-Bewertungen auf Ihrer WordPress-Website (einfach und schnell)","og_description":"Entwerfen Sie mit Elfsight Ihre Airbnb-Bewertungen und platzieren Sie sie im Handumdrehen auf Ihrer WordPress-Website. Wir bieten kostenlosen Kundenservice und andere Boni.","og_url":"https:\/\/elfsight.com\/de\/airbnb-reviews-widget\/wordpress\/","og_site_name":"Elfsight DE","article_modified_time":"2025-02-17T06:04:35+00:00","twitter_card":"summary_large_image","twitter_misc":{"Gesch\u00e4tzte Lesezeit":"3\u00a0Minuten"},"schema":{"@context":"https:\/\/schema.org","@graph":[{"@type":"WebPage","@id":"https:\/\/elfsight.com\/de\/airbnb-reviews-widget\/wordpress\/","url":"https:\/\/elfsight.com\/de\/airbnb-reviews-widget\/wordpress\/","name":"Einbetten von Airbnb-Bewertungen auf Ihrer WordPress-Website (einfach und schnell)","isPartOf":{"@id":"https:\/\/elfsight.com\/de\/#website"},"datePublished":"2024-05-03T06:26:34+00:00","dateModified":"2025-02-17T06:04:35+00:00","description":"Entwerfen Sie mit Elfsight Ihre Airbnb-Bewertungen und platzieren Sie sie im Handumdrehen auf Ihrer WordPress-Website. Wir bieten kostenlosen Kundenservice und andere Boni.","breadcrumb":{"@id":"https:\/\/elfsight.com\/de\/airbnb-reviews-widget\/wordpress\/#breadcrumb"},"inLanguage":"de","potentialAction":[{"@type":"ReadAction","target":["https:\/\/elfsight.com\/de\/airbnb-reviews-widget\/wordpress\/"]}]},{"@type":"BreadcrumbList","@id":"https:\/\/elfsight.com\/de\/airbnb-reviews-widget\/wordpress\/#breadcrumb","itemListElement":[{"@type":"ListItem","position":1,"name":"Home","item":"https:\/\/elfsight.com\/de\/"},{"@type":"ListItem","position":2,"name":"Airbnb Reviews","item":"https:\/\/elfsight.com\/de\/airbnb-reviews-widget\/"},{"@type":"ListItem","position":3,"name":"Airbnb Reviews &#8211; WordPress"}]},{"@type":"WebSite","@id":"https:\/\/elfsight.com\/de\/#website","url":"https:\/\/elfsight.com\/de\/","name":"Elfsight DE","description":"Just another Elfsight Sites site","potentialAction":[{"@type":"SearchAction","target":{"@type":"EntryPoint","urlTemplate":"https:\/\/elfsight.com\/de\/?s={search_term_string}"},"query-input":{"@type":"PropertyValueSpecification","valueRequired":true,"valueName":"search_term_string"}}],"inLanguage":"de"}]}},"meta_box":{"industry":"","seo_heading":"","heading":"","description":"","cta_heading":"","cta_description":"","application":"488","h1":"WordPress Airbnb Reviews-Plugin","h1_caption":"Zeigen Sie Bewertungen aus Ihrem Airbnb-Eintrag an, um m\u00fchelos mehr G\u00e4ste mit echtem Feedback f\u00fcr Ihre WordPress-Website zu gewinnen.","application_category":[],"applications_title":"","applications_request_title":"","applications_request_button_text":"","hero_text":"","hero_video":"","hero_video_schema_markup":"","selling_points_title":"","selling_points_caption":"","selling_points":[],"selling_points_cta_text":"","features_title":"","features":"","ed_cta_examples_text":"","ed_cta_examples_hidden":"","ed_cta_demo_text":"","ed_cta_demo_hidden":"","why_caption":"","why_editor_title":"","why_editor_text":"","why_team_title":"","why_team_text":"","why_service_title":"","why_service_text":"","template_catalog_visible":"0","template_catalog_title":"","template_catalog_text":"","template_catalog_categories_visible":"","demo_title":"Erstellen Sie Ihr Airbnb-Bewertungs-Plugin","demo_caption":"Konfigurieren Sie Ihre Airbnb-Bewertungen und f\u00fcgen Sie sie kostenlos zu Ihrer WordPress-Website hinzu!","default_faq_hidden":"","app_template_category":[],"platform":"266","template_public_id":"","codecanyon_url":"","codecanyon_item_id":"","codecanyon_price":"","pricing_caption":"","pricing_elfsight_apps_hide_column":"","pricing_elfsight_apps_url":"","pricing_codecanyon_price_caption":"","integration_category":[],"integration_request_title":"","integration_request_cta":"","integration_platform":"","integrations":[],"platform_category":[],"video_schema_markup":"","price":"ab 0 $ \/ Monat","trial":"","benefits":[{"text":"Kostenlose Installationshilfe"},{"text":"Erfahrener Kundensupport"},{"text":"14-t\u00e4gige R\u00fcckerstattungsgarantie"},{"text":"Fortlaufende Entwicklung"}],"button_url":"#demo","button_target_blank":"0","button_nofollow":"0","attributes":[{"name":"Installiert","content":"10,000 - 100,000"},{"name":"Reaktionsfreudig","content":"Ja"},{"name":"Kompatible Browser","content":"Firefox, Safari, Opera, Chrome, Edge"}],"tags":[],"tags_disable_links":"0","hide_more_platforms":"0","video_object":"","demo_hide_cta":"0","demo_hide_cloud_options":"0","pricing_title":"","pricing":[{"pricing_icon":"platform","pricing_title":"Elfsight Apps","pricing_title_caption":"Multiplattform-L\u00f6sung, die auf jeder Site funktioniert","pricing_price":"ab 0 $ \/ Monat","pricing_price_caption":"Beginnen Sie mit einem kostenlosen Plan","pricing_benefits":[{"text":"Unbegrenzte Websites"},{"text":"Erstklassiger und p\u00fcnktlicher Support und gut dokumentiert"},{"text":"Kostenlose Installationsunterst\u00fctzung"},{"text":"Sonderangebot f\u00fcr mehrere Apps"}],"pricing_button_text":"Zur Website hinzuf\u00fcgen","pricing_button_url":"#demo"}],"related_apps_title":"","related_apps_hidden":"0","author":"","image":[],"title":"","job":"","social_networks":[]},"_links":{"self":[{"href":"https:\/\/elfsight.com\/de\/wp-json\/wp\/v2\/pages\/16625","targetHints":{"allow":["GET"]}}],"collection":[{"href":"https:\/\/elfsight.com\/de\/wp-json\/wp\/v2\/pages"}],"about":[{"href":"https:\/\/elfsight.com\/de\/wp-json\/wp\/v2\/types\/page"}],"author":[{"embeddable":true,"href":"https:\/\/elfsight.com\/de\/wp-json\/wp\/v2\/users\/9"}],"replies":[{"embeddable":true,"href":"https:\/\/elfsight.com\/de\/wp-json\/wp\/v2\/comments?post=16625"}],"version-history":[{"count":3,"href":"https:\/\/elfsight.com\/de\/wp-json\/wp\/v2\/pages\/16625\/revisions"}],"predecessor-version":[{"id":24240,"href":"https:\/\/elfsight.com\/de\/wp-json\/wp\/v2\/pages\/16625\/revisions\/24240"}],"up":[{"embeddable":true,"href":"https:\/\/elfsight.com\/de\/wp-json\/wp\/v2\/pages\/1519"}],"wp:attachment":[{"href":"https:\/\/elfsight.com\/de\/wp-json\/wp\/v2\/media?parent=16625"}],"curies":[{"name":"wp","href":"https:\/\/api.w.org\/{rel}","templated":true}]}}