{"id":16623,"date":"2024-05-03T06:26:07","date_gmt":"2024-05-03T06:26:07","guid":{"rendered":"https:\/\/elfsight.com\/de\/?page_id=16623"},"modified":"2025-02-20T12:22:53","modified_gmt":"2025-02-20T12:22:53","slug":"bigcommerce","status":"publish","type":"page","link":"https:\/\/elfsight.com\/de\/age-verification-widget\/bigcommerce\/","title":{"rendered":"Age Verification &#8211; BigCommerce"},"content":{"rendered":"\n<div class=\"application-platform-content-item-description application-platform-content-item\" id=\"description\" data-nav-section=\"description\"> <h2>Beschreibung<\/h2> <p>Unser Widget wird die einfachste M\u00f6glichkeit sein, ein sofortiges Popup einzurichten, das das Alter eines steuert Benutzer. Unser Widget hilft dabei, altersbezogenes Material f\u00fcr erwachsene Benutzer verf\u00fcgbar zu machen und es f\u00fcr minderj\u00e4hrige Zuschauer abzuschrecken. Sie k\u00f6nnen die Altersgrenze festlegen, das \u00dcberpr\u00fcfungsformat ausw\u00e4hlen, das Popup auf allen Websites oder nur auf bestimmten Seiten platzieren und die Aktion festlegen. Auch das Erscheinungsbild l\u00e4sst sich durch lackierbare Details und die M\u00f6glichkeit, eigene Bilder anzuzeigen, anpassen. <\/p> <div class=\"faq\" data-component=\"FAQ\"> <div class=\"faq-item\">\r\n\t\t\t\t\t<div class=\"faq-item-question\">\r\n\t\t\t\t\t\t<h3 class=\"faq-item-question-text\">Wo kann ich die Alters\u00fcberpr\u00fcfung einf\u00fcgen?<\/h3>\r\n\r\n\t\t\t\t\t\t<div class=\"faq-item-question-icon\"><\/div>\r\n\t\t\t\t\t<\/div>\r\n\r\n\t\t\t\t\t<div class=\"faq-item-answer\">\r\n\t\t\t\t\t\t<div class=\"faq-item-answer-text\"> <p>Sie k\u00f6nnen das Fenster zur Alters\u00fcberpr\u00fcfung auf allen Seiten anzeigen oder die Seiten ausw\u00e4hlen, auf denen es integriert werden soll. Au\u00dferdem gibt es die Funktion, die Seiten festzulegen, auf denen Sie es nicht haben m\u00f6chten. <\/p> <\/div>\r\n\t\t\t\t\t<\/div>\r\n\t\t\t\t<\/div> <div class=\"faq-item\">\r\n\t\t\t\t\t<div class=\"faq-item-question\">\r\n\t\t\t\t\t\t<h3 class=\"faq-item-question-text\">Wie w\u00fcrde ich davon profitieren? <\/h3>\r\n\r\n\t\t\t\t\t\t<div class=\"faq-item-question-icon\"><\/div>\r\n\t\t\t\t\t<\/div>\r\n\r\n\t\t\t\t\t<div class=\"faq-item-answer\">\r\n\t\t\t\t\t\t<div class=\"faq-item-answer-text\"> <p>Mit Hilfe unseres Widgets ist es absolut einfach und schnell, ein Alters\u00fcberpr\u00fcfungsfenster zu erstellen und minderj\u00e4hrige Besucher abzuschrecken. Dadurch wird sichergestellt, dass Ihre Website den gesetzlichen Bestimmungen entspricht. Au\u00dferdem wird es mehr Zielbesucher und g\u00fcltige Kunden bringen. <\/p> <\/div>\r\n\t\t\t\t\t<\/div>\r\n\t\t\t\t<\/div> <div class=\"faq-item\">\r\n\t\t\t\t\t<div class=\"faq-item-question\">\r\n\t\t\t\t\t\t<h3 class=\"faq-item-question-text\">Wie f\u00fcge ich die Alters\u00fcberpr\u00fcfung auf meiner BigCommerce-Site hinzu? <\/h3>\r\n\r\n\t\t\t\t\t\t<div class=\"faq-item-question-icon\"><\/div>\r\n\t\t\t\t\t<\/div>\r\n\r\n\t\t\t\t\t<div class=\"faq-item-answer\">\r\n\t\t\t\t\t\t<div class=\"faq-item-answer-text\"> <p>Die Aktivierung des Widgets dauert nur eine Minute. Die Installation ist sehr schnell, kostenlos und erfordert keine Programmierung. <\/p> <p>Das Widget kann direkt auf unserem Service oder \u00fcber den Marktplatz eingef\u00fchrt werden. Sie k\u00f6nnen die beiden Varianten vergleichen und Ihre ausw\u00e4hlen.<\/p> <\/div>\r\n\t\t\t\t\t<\/div>\r\n\t\t\t\t<\/div> <\/div> <\/div> <div class=\"application-platform-content-item-features application-platform-content-item\" id=\"features\" data-nav-section=\"features\"> <h2>Funktionen<\/h2> <p>Um eine bessere zu bilden Um sich eine Vorstellung vom Widget zu machen, sehen Sie sich die Liste seiner Hauptmerkmale an. Sie machen dieses Widget f\u00fcr Ihr Gesch\u00e4ft wirklich effizient: <\/p> <ul><li>W\u00e4hlen Sie einen von drei Verifizierungstypen: Anfrage nach dem vollst\u00e4ndigen Geburtsdatum, nur dem Geburtsjahr oder eine Frage mit Ja- und Nein-Antworten; <\/li><li>Stellen Sie das Widget so ein, dass es sich an einen Besucher f\u00fcr eine beliebige Zeitspanne in Tagen erinnert. <\/li><li>Zwei m\u00f6gliche Szenarien f\u00fcr minderj\u00e4hrige Besucher: eine Textnachricht anzeigen oder einen Benutzer an eine andere Adresse weiterleiten; <\/li><li>Laden Sie ein beliebiges Bild f\u00fcr das Popup zur Alters\u00fcberpr\u00fcfung. <\/li><li>Zeigen Sie zus\u00e4tzlichen Text mit Links unter der Best\u00e4tigungsschaltfl\u00e4che an. <\/li><\/ul><p><a href=\"#demo\">Sehen Sie sich alle Funktionen in unserer Demo an<\/a><\/p> <\/div> <div class=\"application-platform-content-item-installation application-platform-content-item\" id=\"installation\" data-nav-section=\"installation\"> <h2>Lass uns Erfahren Sie, wie Sie das Altersverifizierungs-Widget zu Ihrer BigCommerce-Website hinzuf\u00fcgen<\/h2> <div class=\"video-container\"><iframe width=\"560\" height=\"315\" src=\"https:\/\/www.youtube.com\/embed\/Dc4FWjE4-RQ?si=G4htEuVSPPob1E1t\" frameborder=\"0\" allow=\"accelerometer; autoplay; clipboard-write; encrypted-media; gyroscope; picture-in-picture; web-share\" allowfullscreen><\/iframe><\/div><p>F\u00fchren Sie einfach die unten aufgef\u00fchrten Schritte aus, um das Plugin auf BigCommerce zu aktivieren.<\/p> <ol><li><b>F\u00fchren Sie unseren kostenlosen Konfigurator aus und beginnen Sie mit der Zusammenstellung Ihres eigenen Instruments. <\/b><br> Geben Sie das bevorzugte Layout und die Spezifikationen des Tools an und wenden Sie die Korrekturen an. <\/li> <li><b>Kopieren Sie den pers\u00f6nlichen Code, der im Fenster von Elfsight Apps angezeigt wird. <\/b><br> Sobald die Erstellung Ihres Verifizierungs-Widgets abgeschlossen ist, kopieren Sie den pers\u00f6nlichen Code aus dem erscheinenden Popup und bewahren Sie ihn zur weiteren Verwendung auf. <\/li> <li><b>Beginnen Sie mit der Verwendung des Widgets auf Ihrer BigCommerce-Site. <\/b><br> Integrieren Sie den k\u00fcrzlich kopierten Code in Ihre Seite und wenden Sie die Verbesserungen an. <\/li> <li><b>Fertig! Die Integration wurde erfolgreich abgeschlossen. <\/b><br> Besuchen Sie Ihre Website, um die Funktion des Plugins zu \u00fcberpr\u00fcfen. <\/li><\/ol><p>Sie k\u00f6nnen sich immer noch nicht entscheiden? Oder haben Sie Fragen? Schreiben Sie einfach eine Anfrage an unser Support-Team und sie werden jede Art von Frage kl\u00e4ren. <\/p> <\/div>\n\n\n\n<p><\/p>\n","protected":false},"excerpt":{"rendered":"","protected":false},"author":9,"featured_media":0,"parent":711,"menu_order":0,"comment_status":"closed","ping_status":"closed","template":"templates\/template-application-platform.php","meta":{"publish_to_discourse":"","publish_post_category":"","wpdc_auto_publish_overridden":"","wpdc_topic_tags":"","wpdc_pin_topic":"","wpdc_pin_until":"","discourse_post_id":"","discourse_permalink":"","wpdc_publishing_response":"","wpdc_publishing_error":"","footnotes":""},"class_list":["post-16623","page","type-page","status-publish","hentry"],"yoast_head":"<!-- This site is optimized with the Yoast SEO plugin v25.3.1 - https:\/\/yoast.com\/wordpress\/plugins\/seo\/ -->\n<title>Altersverifizierungs-App zur BigCommerce-Website (schnell und kostenlos)<\/title>\n<meta name=\"description\" content=\"Erstellen Sie mit Elfsight Ihre Altersverifizierung und zeigen Sie sie ganz einfach auf Ihrer BigCommerce-Website an. Wir bieten kostenlosen Kundensupport und andere Boni.\" \/>\n<meta name=\"robots\" content=\"index, follow, max-snippet:-1, max-image-preview:large, max-video-preview:-1\" \/>\n<link rel=\"canonical\" href=\"https:\/\/elfsight.com\/de\/age-verification-widget\/bigcommerce\/\" \/>\n<meta property=\"og:locale\" content=\"de_DE\" \/>\n<meta property=\"og:type\" content=\"article\" \/>\n<meta property=\"og:title\" content=\"Altersverifizierungs-App zur BigCommerce-Website (schnell und kostenlos)\" \/>\n<meta property=\"og:description\" content=\"Erstellen Sie mit Elfsight Ihre Altersverifizierung und zeigen Sie sie ganz einfach auf Ihrer BigCommerce-Website an. Wir bieten kostenlosen Kundensupport und andere Boni.\" \/>\n<meta property=\"og:url\" content=\"https:\/\/elfsight.com\/de\/age-verification-widget\/bigcommerce\/\" \/>\n<meta property=\"og:site_name\" content=\"Elfsight DE\" \/>\n<meta property=\"article:modified_time\" content=\"2025-02-20T12:22:53+00:00\" \/>\n<meta name=\"twitter:card\" content=\"summary_large_image\" \/>\n<meta name=\"twitter:label1\" content=\"Gesch\u00e4tzte Lesezeit\" \/>\n\t<meta name=\"twitter:data1\" content=\"3\u00a0Minuten\" \/>\n<!-- \/ Yoast SEO plugin. -->","yoast_head_json":{"title":"Altersverifizierungs-App zur BigCommerce-Website (schnell und kostenlos)","description":"Erstellen Sie mit Elfsight Ihre Altersverifizierung und zeigen Sie sie ganz einfach auf Ihrer BigCommerce-Website an. Wir bieten kostenlosen Kundensupport und andere Boni.","robots":{"index":"index","follow":"follow","max-snippet":"max-snippet:-1","max-image-preview":"max-image-preview:large","max-video-preview":"max-video-preview:-1"},"canonical":"https:\/\/elfsight.com\/de\/age-verification-widget\/bigcommerce\/","og_locale":"de_DE","og_type":"article","og_title":"Altersverifizierungs-App zur BigCommerce-Website (schnell und kostenlos)","og_description":"Erstellen Sie mit Elfsight Ihre Altersverifizierung und zeigen Sie sie ganz einfach auf Ihrer BigCommerce-Website an. Wir bieten kostenlosen Kundensupport und andere Boni.","og_url":"https:\/\/elfsight.com\/de\/age-verification-widget\/bigcommerce\/","og_site_name":"Elfsight DE","article_modified_time":"2025-02-20T12:22:53+00:00","twitter_card":"summary_large_image","twitter_misc":{"Gesch\u00e4tzte Lesezeit":"3\u00a0Minuten"},"schema":{"@context":"https:\/\/schema.org","@graph":[{"@type":"WebPage","@id":"https:\/\/elfsight.com\/de\/age-verification-widget\/bigcommerce\/","url":"https:\/\/elfsight.com\/de\/age-verification-widget\/bigcommerce\/","name":"Altersverifizierungs-App zur BigCommerce-Website (schnell und kostenlos)","isPartOf":{"@id":"https:\/\/elfsight.com\/de\/#website"},"datePublished":"2024-05-03T06:26:07+00:00","dateModified":"2025-02-20T12:22:53+00:00","description":"Erstellen Sie mit Elfsight Ihre Altersverifizierung und zeigen Sie sie ganz einfach auf Ihrer BigCommerce-Website an. Wir bieten kostenlosen Kundensupport und andere Boni.","breadcrumb":{"@id":"https:\/\/elfsight.com\/de\/age-verification-widget\/bigcommerce\/#breadcrumb"},"inLanguage":"de","potentialAction":[{"@type":"ReadAction","target":["https:\/\/elfsight.com\/de\/age-verification-widget\/bigcommerce\/"]}]},{"@type":"BreadcrumbList","@id":"https:\/\/elfsight.com\/de\/age-verification-widget\/bigcommerce\/#breadcrumb","itemListElement":[{"@type":"ListItem","position":1,"name":"Home","item":"https:\/\/elfsight.com\/de\/"},{"@type":"ListItem","position":2,"name":"Age Verification","item":"https:\/\/elfsight.com\/de\/age-verification-widget\/"},{"@type":"ListItem","position":3,"name":"Age Verification &#8211; BigCommerce"}]},{"@type":"WebSite","@id":"https:\/\/elfsight.com\/de\/#website","url":"https:\/\/elfsight.com\/de\/","name":"Elfsight DE","description":"Just another Elfsight Sites site","potentialAction":[{"@type":"SearchAction","target":{"@type":"EntryPoint","urlTemplate":"https:\/\/elfsight.com\/de\/?s={search_term_string}"},"query-input":{"@type":"PropertyValueSpecification","valueRequired":true,"valueName":"search_term_string"}}],"inLanguage":"de"}]}},"meta_box":{"industry":"","seo_heading":"","heading":"","description":"","cta_heading":"","cta_description":"","application":"487","h1":"BigCommerce-App zur Alters\u00fcberpr\u00fcfung","h1_caption":"Stellen Sie mit einer einfachen und anpassbaren Altersverifizierungs-App auf Ihrer BigCommerce-Website sicher, dass verantwortungsbewusst auf altersbezogene Inhalte zugegriffen wird.","application_category":[],"applications_title":"","applications_request_title":"","applications_request_button_text":"","hero_text":"","hero_video":"","hero_video_schema_markup":"","selling_points_title":"","selling_points_caption":"","selling_points":[],"selling_points_cta_text":"","features_title":"","features":"","ed_cta_examples_text":"","ed_cta_examples_hidden":"","ed_cta_demo_text":"","ed_cta_demo_hidden":"","why_caption":"","why_editor_title":"","why_editor_text":"","why_team_title":"","why_team_text":"","why_service_title":"","why_service_text":"","template_catalog_visible":"0","template_catalog_title":"","template_catalog_text":"","template_catalog_categories_visible":"","demo_title":"Erstellen Sie Ihre Altersverifizierungs-App","demo_caption":"Konfigurieren Sie Ihre Altersverifizierung und f\u00fcgen Sie sie kostenlos zu Ihrer BigCommerce-Website hinzu!","default_faq_hidden":"","app_template_category":[],"platform":"268","template_public_id":"","codecanyon_url":"","codecanyon_item_id":"","codecanyon_price":"","pricing_caption":"","pricing_elfsight_apps_hide_column":"","pricing_elfsight_apps_url":"","pricing_codecanyon_price_caption":"","integration_category":[],"integration_request_title":"","integration_request_cta":"","integration_platform":"","integrations":[],"platform_category":[],"video_schema_markup":"","price":"ab 0 $ \/ Monat","trial":"","benefits":[{"text":"Kostenlose Installationsunterst\u00fctzung"},{"text":"Effektiver Kundenservice"},{"text":"14-t\u00e4gige Geld-zur\u00fcck-Garantie"},{"text":"St\u00e4ndige Aktualisierung"}],"button_url":"#demo","button_target_blank":"0","button_nofollow":"0","attributes":[{"name":"Installiert","content":"10,000 - 100,000"},{"name":"Reaktionsfreudig","content":"Ja"},{"name":"Kompatible Browser","content":"Firefox, Safari, Opera, Chrome, Edge"}],"tags":[],"tags_disable_links":"0","hide_more_platforms":"0","video_object":"","demo_hide_cta":"0","demo_hide_cloud_options":"0","pricing_title":"","pricing":[{"pricing_icon":"platform","pricing_title":"Elfsight Apps","pricing_title_caption":"Plattform\u00fcbergreifende digitale L\u00f6sung, die f\u00fcr jeden Standort geeignet ist","pricing_price":"ab 0 $ \/ Monat","pricing_price_caption":"Beginnen Sie mit einem kostenlosen Plan","pricing_benefits":[{"text":"Unbegrenzte Domains"},{"text":"Schneller Kundensupport"},{"text":"Kostenlose Installationsunterst\u00fctzung"},{"text":"100 % anpassbar"}],"pricing_button_text":"Zur Website hinzuf\u00fcgen","pricing_button_url":"#demo"}],"related_apps_title":"","related_apps_hidden":"0","author":"","image":[],"title":"","job":"","social_networks":[]},"_links":{"self":[{"href":"https:\/\/elfsight.com\/de\/wp-json\/wp\/v2\/pages\/16623","targetHints":{"allow":["GET"]}}],"collection":[{"href":"https:\/\/elfsight.com\/de\/wp-json\/wp\/v2\/pages"}],"about":[{"href":"https:\/\/elfsight.com\/de\/wp-json\/wp\/v2\/types\/page"}],"author":[{"embeddable":true,"href":"https:\/\/elfsight.com\/de\/wp-json\/wp\/v2\/users\/9"}],"replies":[{"embeddable":true,"href":"https:\/\/elfsight.com\/de\/wp-json\/wp\/v2\/comments?post=16623"}],"version-history":[{"count":3,"href":"https:\/\/elfsight.com\/de\/wp-json\/wp\/v2\/pages\/16623\/revisions"}],"predecessor-version":[{"id":24542,"href":"https:\/\/elfsight.com\/de\/wp-json\/wp\/v2\/pages\/16623\/revisions\/24542"}],"up":[{"embeddable":true,"href":"https:\/\/elfsight.com\/de\/wp-json\/wp\/v2\/pages\/711"}],"wp:attachment":[{"href":"https:\/\/elfsight.com\/de\/wp-json\/wp\/v2\/media?parent=16623"}],"curies":[{"name":"wp","href":"https:\/\/api.w.org\/{rel}","templated":true}]}}