{"id":16617,"date":"2024-05-03T06:26:05","date_gmt":"2024-05-03T06:26:05","guid":{"rendered":"https:\/\/elfsight.com\/de\/?page_id=16617"},"modified":"2025-02-20T12:26:50","modified_gmt":"2025-02-20T12:26:50","slug":"drupal","status":"publish","type":"page","link":"https:\/\/elfsight.com\/de\/age-verification-widget\/drupal\/","title":{"rendered":"Age Verification &#8211; Drupal"},"content":{"rendered":"\n<div class=\"application-platform-content-item-description application-platform-content-item\" id=\"description\" data-nav-section=\"description\"> <h2>Beschreibung<\/h2> <p>Das Elfsight-Alters\u00fcberpr\u00fcfungs-Widget ist der schnellste Weg, ein Fenster zu konfigurieren, das das Alter eines Besuchers abfragt. Unser Widget wird dazu beitragen, altersbeschr\u00e4nkte Inhalte f\u00fcr Erwachsene zug\u00e4nglich zu machen und sie f\u00fcr die minderj\u00e4hrige \u00d6ffentlichkeit zu sch\u00fctzen. Mit dem Widget k\u00f6nnen Sie das Alter eingeben, die \u00dcberpr\u00fcfungsmethode ausw\u00e4hlen, das Fenster auf jeder oder nur auf bestimmten Seiten hinzuf\u00fcgen und das Szenario nach der Zugriffsverweigerung ausw\u00e4hlen. Der Look ist flexibel mit bemalbaren Elementen und der M\u00f6glichkeit, individuelle Bilder anzuzeigen. <\/p> <div class=\"faq\" data-component=\"FAQ\"> <div class=\"faq-item\">\r\n\t\t\t\t\t<div class=\"faq-item-question\">\r\n\t\t\t\t\t\t<h3 class=\"faq-item-question-text\">Wo kann ich es hinzuf\u00fcgen?<\/h3>\r\n\r\n\t\t\t\t\t\t<div class=\"faq-item-question-icon\"><\/div>\r\n\t\t\t\t\t<\/div>\r\n\r\n\t\t\t\t\t<div class=\"faq-item-answer\">\r\n\t\t\t\t\t\t<div class=\"faq-item-answer-text\"> <p>Sie k\u00f6nnen das Verifizierungsfenster auf allen Websites einbetten oder bestimmte Seiten festlegen, auf denen es angezeigt werden soll. Sie k\u00f6nnen auch die Funktion nutzen, Seiten auszuschlie\u00dfen, auf denen Sie dies nicht m\u00f6chten. <\/p> <\/div>\r\n\t\t\t\t\t<\/div>\r\n\t\t\t\t<\/div> <div class=\"faq-item\">\r\n\t\t\t\t\t<div class=\"faq-item-question\">\r\n\t\t\t\t\t\t<h3 class=\"faq-item-question-text\">Wie k\u00f6nnte ich von dem Widget profitieren? <\/h3>\r\n\r\n\t\t\t\t\t\t<div class=\"faq-item-question-icon\"><\/div>\r\n\t\t\t\t\t<\/div>\r\n\r\n\t\t\t\t\t<div class=\"faq-item-answer\">\r\n\t\t\t\t\t\t<div class=\"faq-item-answer-text\"> <p>Mit dem Elfsight-Widget k\u00f6nnen Sie ganz einfach und schnell ein Popup zur Alters\u00fcberpr\u00fcfung konfigurieren und Ihre Inhalte vor minderj\u00e4hrigen Benutzern verbergen. Dadurch stellen Sie sicher, dass Ihre Website den gesetzlichen Anforderungen entspricht. Dar\u00fcber hinaus werden neue Zielgruppen und g\u00fcltige Kunden angezogen. <\/p> <\/div>\r\n\t\t\t\t\t<\/div>\r\n\t\t\t\t<\/div> <div class=\"faq-item\">\r\n\t\t\t\t\t<div class=\"faq-item-question\">\r\n\t\t\t\t\t\t<h3 class=\"faq-item-question-text\">Wie bette ich die Alters\u00fcberpr\u00fcfung auf meiner Drupal-Site ein? <\/h3>\r\n\r\n\t\t\t\t\t\t<div class=\"faq-item-question-icon\"><\/div>\r\n\t\t\t\t\t<\/div>\r\n\r\n\t\t\t\t\t<div class=\"faq-item-answer\">\r\n\t\t\t\t\t\t<div class=\"faq-item-answer-text\"> <p>Die Aktivierung dauert nur eine Minute. Es ist sehr schnell, kostenlos und erfordert keine Programmierung. <\/p> <p>Das Widget kann in unserem Service oder auf dem Marktplatz eingerichtet werden. Sie k\u00f6nnen alle Details beider Varianten vergleichen und Ihre ausw\u00e4hlen. <\/p> <\/div>\r\n\t\t\t\t\t<\/div>\r\n\t\t\t\t<\/div> <\/div> <\/div> <div class=\"application-platform-content-item-features application-platform-content-item\" id=\"features\" data-nav-section=\"features\"> <h2>Funktionen<\/h2> <p>Um eine klarere Wahrnehmung des Widgets zu erreichen, sehen Sie sich die Liste seiner wesentlichen Elemente an Z\u00fcge. Sie machen unser Widget f\u00fcr Ihr Gesch\u00e4ft wirklich n\u00fctzlich: <\/p> <ul><li>W\u00e4hlen Sie einen der Verifizierungstypen aus: Bitte um vollst\u00e4ndiges Geburtsdatum, nur das Geburtsjahr oder eine Frage mit Ja- und Nein-Antworten; <\/li><li>Sie k\u00f6nnen sich f\u00fcr einen beliebigen Zeitraum in Tagen an einen Besucher erinnern. <\/li><li>Zwei m\u00f6gliche Szenarien f\u00fcr abgeschreckte Benutzer: Anzeigen einer Nachricht oder Umleiten eines Benutzers auf eine andere Seite oder Website; <\/li><li>Laden Sie ein benutzerdefiniertes Bild hoch, um es im Best\u00e4tigungsfenster anzuzeigen. <\/li><li>Geben Sie unter der Schaltfl\u00e4che \u201eBest\u00e4tigung\u201c detaillierte Informationen und Links an. <\/li><\/ul><p><a href=\"#demo\">Entdecken Sie weitere Funktionen in der Demo<\/a><\/p> <\/div> <div class=\"application-platform-content-item-installation application-platform-content-item\" id=\"installation\" data-nav-section=\"installation\"> <h2>Erfahren Sie, wie um das Altersverifizierungsmodul in Ihre Drupal-Site einzubetten<\/h2><div class=\"video-container\"><iframe width=\"560\" height=\"315\" src=\"https:\/\/www.youtube.com\/embed\/vgbnHTmmzY0?si=GnIqU_vJPVS7aU4D\" frameborder=\"0\" allow=\"accelerometer; autoplay; clipboard-write; encrypted-media; gyroscope; picture-in-picture; web-share\" allowfullscreen><\/iframe><\/div><p>Wenden Sie einfach die folgenden Anweisungen an, um das Modul in Drupal zu integrieren.<\/p> <ol><li><b>\u00d6ffnen Nutzen Sie unseren kostenlosen Editor und beginnen Sie mit der Erstellung Ihres eigenen Tools. <\/b><br> W\u00e4hlen Sie die ausgew\u00e4hlte Benutzeroberfl\u00e4che und die Funktionsmerkmale des Altersverifizierungsmoduls aus und speichern Sie die \u00c4nderungen. <\/li> <li><b>Erhalten Sie den pers\u00f6nlichen Code, der im Fenster von Elfsight Apps angezeigt wird. <\/b><br> Wenn die Konfiguration Ihres pers\u00f6nlichen Tools abgeschlossen ist, kopieren Sie den pers\u00f6nlichen Code aus dem angezeigten Fenster und bewahren Sie ihn f\u00fcr die zuk\u00fcnftige Verwendung auf. <\/li> <li><b>Beginnen Sie mit der Anwendung des Moduls auf der Drupal-Website. <\/b><br> Integrieren Sie den k\u00fcrzlich kopierten Code in Ihre Seite und speichern Sie die Korrekturen. <\/li> <li><b>Fertig! Die Einbettung ist vollst\u00e4ndig durchgef\u00fchrt. <\/b><br> Besuchen Sie Ihre Website, um die Leistung des Tools zu \u00fcberpr\u00fcfen. <\/li><\/ol><p>Immer noch nicht sicher? Oder Probleme haben? Mit nur einer einzigen Anfrage an unseren Kundendienst k\u00f6nnen alle Fragen gekl\u00e4rt werden. <\/p> <\/div>\n","protected":false},"excerpt":{"rendered":"","protected":false},"author":9,"featured_media":0,"parent":711,"menu_order":0,"comment_status":"closed","ping_status":"closed","template":"templates\/template-application-platform.php","meta":{"publish_to_discourse":"","publish_post_category":"","wpdc_auto_publish_overridden":"","wpdc_topic_tags":"","wpdc_pin_topic":"","wpdc_pin_until":"","discourse_post_id":"","discourse_permalink":"","wpdc_publishing_response":"","wpdc_publishing_error":"","footnotes":""},"class_list":["post-16617","page","type-page","status-publish","hentry"],"yoast_head":"<!-- This site is optimized with the Yoast SEO plugin v25.3.1 - https:\/\/yoast.com\/wordpress\/plugins\/seo\/ -->\n<title>Alters\u00fcberpr\u00fcfungsmodul zur Drupal-Website hinzuf\u00fcgen (schnell und kostenlos)<\/title>\n<meta name=\"description\" content=\"Gestalten Sie mit Elfsight Ihre Altersverifizierung und ver\u00f6ffentlichen Sie sie im Handumdrehen auf der Drupal-Site. Wir bieten kostenlosen Kundensupport und andere Boni.\" \/>\n<meta name=\"robots\" content=\"index, follow, max-snippet:-1, max-image-preview:large, max-video-preview:-1\" \/>\n<link rel=\"canonical\" href=\"https:\/\/elfsight.com\/de\/age-verification-widget\/drupal\/\" \/>\n<meta property=\"og:locale\" content=\"de_DE\" \/>\n<meta property=\"og:type\" content=\"article\" \/>\n<meta property=\"og:title\" content=\"Alters\u00fcberpr\u00fcfungsmodul zur Drupal-Website hinzuf\u00fcgen (schnell und kostenlos)\" \/>\n<meta property=\"og:description\" content=\"Gestalten Sie mit Elfsight Ihre Altersverifizierung und ver\u00f6ffentlichen Sie sie im Handumdrehen auf der Drupal-Site. Wir bieten kostenlosen Kundensupport und andere Boni.\" \/>\n<meta property=\"og:url\" content=\"https:\/\/elfsight.com\/de\/age-verification-widget\/drupal\/\" \/>\n<meta property=\"og:site_name\" content=\"Elfsight DE\" \/>\n<meta property=\"article:modified_time\" content=\"2025-02-20T12:26:50+00:00\" \/>\n<meta name=\"twitter:card\" content=\"summary_large_image\" \/>\n<meta name=\"twitter:label1\" content=\"Gesch\u00e4tzte Lesezeit\" \/>\n\t<meta name=\"twitter:data1\" content=\"3\u00a0Minuten\" \/>\n<!-- \/ Yoast SEO plugin. -->","yoast_head_json":{"title":"Alters\u00fcberpr\u00fcfungsmodul zur Drupal-Website hinzuf\u00fcgen (schnell und kostenlos)","description":"Gestalten Sie mit Elfsight Ihre Altersverifizierung und ver\u00f6ffentlichen Sie sie im Handumdrehen auf der Drupal-Site. Wir bieten kostenlosen Kundensupport und andere Boni.","robots":{"index":"index","follow":"follow","max-snippet":"max-snippet:-1","max-image-preview":"max-image-preview:large","max-video-preview":"max-video-preview:-1"},"canonical":"https:\/\/elfsight.com\/de\/age-verification-widget\/drupal\/","og_locale":"de_DE","og_type":"article","og_title":"Alters\u00fcberpr\u00fcfungsmodul zur Drupal-Website hinzuf\u00fcgen (schnell und kostenlos)","og_description":"Gestalten Sie mit Elfsight Ihre Altersverifizierung und ver\u00f6ffentlichen Sie sie im Handumdrehen auf der Drupal-Site. Wir bieten kostenlosen Kundensupport und andere Boni.","og_url":"https:\/\/elfsight.com\/de\/age-verification-widget\/drupal\/","og_site_name":"Elfsight DE","article_modified_time":"2025-02-20T12:26:50+00:00","twitter_card":"summary_large_image","twitter_misc":{"Gesch\u00e4tzte Lesezeit":"3\u00a0Minuten"},"schema":{"@context":"https:\/\/schema.org","@graph":[{"@type":"WebPage","@id":"https:\/\/elfsight.com\/de\/age-verification-widget\/drupal\/","url":"https:\/\/elfsight.com\/de\/age-verification-widget\/drupal\/","name":"Alters\u00fcberpr\u00fcfungsmodul zur Drupal-Website hinzuf\u00fcgen (schnell und kostenlos)","isPartOf":{"@id":"https:\/\/elfsight.com\/de\/#website"},"datePublished":"2024-05-03T06:26:05+00:00","dateModified":"2025-02-20T12:26:50+00:00","description":"Gestalten Sie mit Elfsight Ihre Altersverifizierung und ver\u00f6ffentlichen Sie sie im Handumdrehen auf der Drupal-Site. Wir bieten kostenlosen Kundensupport und andere Boni.","breadcrumb":{"@id":"https:\/\/elfsight.com\/de\/age-verification-widget\/drupal\/#breadcrumb"},"inLanguage":"de","potentialAction":[{"@type":"ReadAction","target":["https:\/\/elfsight.com\/de\/age-verification-widget\/drupal\/"]}]},{"@type":"BreadcrumbList","@id":"https:\/\/elfsight.com\/de\/age-verification-widget\/drupal\/#breadcrumb","itemListElement":[{"@type":"ListItem","position":1,"name":"Home","item":"https:\/\/elfsight.com\/de\/"},{"@type":"ListItem","position":2,"name":"Age Verification","item":"https:\/\/elfsight.com\/de\/age-verification-widget\/"},{"@type":"ListItem","position":3,"name":"Age Verification &#8211; Drupal"}]},{"@type":"WebSite","@id":"https:\/\/elfsight.com\/de\/#website","url":"https:\/\/elfsight.com\/de\/","name":"Elfsight DE","description":"Just another Elfsight Sites site","potentialAction":[{"@type":"SearchAction","target":{"@type":"EntryPoint","urlTemplate":"https:\/\/elfsight.com\/de\/?s={search_term_string}"},"query-input":{"@type":"PropertyValueSpecification","valueRequired":true,"valueName":"search_term_string"}}],"inLanguage":"de"}]}},"meta_box":{"industry":"","seo_heading":"","heading":"","description":"","cta_heading":"","cta_description":"","application":"487","h1":"Drupal-Alters\u00fcberpr\u00fcfungsmodul","h1_caption":"Stellen Sie mit einem einfachen und anpassbaren Alters\u00fcberpr\u00fcfungsmodul in Ihrer Drupal-Website sicher, dass auf altersempfindliche Inhalte verantwortungsvoll zugegriffen wird.","application_category":[],"applications_title":"","applications_request_title":"","applications_request_button_text":"","hero_text":"","hero_video":"","hero_video_schema_markup":"","selling_points_title":"","selling_points_caption":"","selling_points":[],"selling_points_cta_text":"","features_title":"","features":"","ed_cta_examples_text":"","ed_cta_examples_hidden":"","ed_cta_demo_text":"","ed_cta_demo_hidden":"","why_caption":"","why_editor_title":"","why_editor_text":"","why_team_title":"","why_team_text":"","why_service_title":"","why_service_text":"","template_catalog_visible":"0","template_catalog_title":"","template_catalog_text":"","template_catalog_categories_visible":"","demo_title":"Erstellen Sie Ihr Altersverifizierungsmodul","demo_caption":"Konfigurieren Sie Ihre Altersverifizierung und f\u00fcgen Sie sie kostenlos zu Ihrer Drupal-Website hinzu!","default_faq_hidden":"","app_template_category":[],"platform":"261","template_public_id":"","codecanyon_url":"","codecanyon_item_id":"","codecanyon_price":"","pricing_caption":"","pricing_elfsight_apps_hide_column":"","pricing_elfsight_apps_url":"","pricing_codecanyon_price_caption":"","integration_category":[],"integration_request_title":"","integration_request_cta":"","integration_platform":"","integrations":[],"platform_category":[],"video_schema_markup":"","price":"ab 0 $ \/ Monat","trial":"","benefits":[{"text":"Kostenlose Installationshilfe"},{"text":"Au\u00dfergew\u00f6hnliche Unterst\u00fctzung"},{"text":"14-t\u00e4gige R\u00fcckerstattungsgarantie"},{"text":"St\u00e4ndige Aktualisierung"}],"button_url":"#demo","button_target_blank":"0","button_nofollow":"0","attributes":[{"name":"Installiert","content":"10,000 - 100,000"},{"name":"Reaktionsfreudig","content":"Ja"},{"name":"Kompatible Browser","content":"Firefox, Safari, Opera, Chrome, Edge"}],"tags":[],"tags_disable_links":"0","hide_more_platforms":"0","video_object":"","demo_hide_cta":"0","demo_hide_cloud_options":"0","pricing_title":"","pricing":[{"pricing_icon":"platform","pricing_title":"Elfsight Apps","pricing_title_caption":"Multiplattform-L\u00f6sung, die auf jeder Site funktioniert","pricing_price":"ab 0 $ \/ Monat","pricing_price_caption":"Beginnen Sie mit einem kostenlosen Plan","pricing_benefits":[{"text":"Unbegrenzte Domains"},{"text":"Professionelle Kundenbetreuung und gut dokumentiert"},{"text":"Kostenloser Installationssupport"},{"text":"Sonderangebot f\u00fcr mehrere Apps"}],"pricing_button_text":"Zur Website hinzuf\u00fcgen","pricing_button_url":"#demo"}],"related_apps_title":"","related_apps_hidden":"0","author":"","image":[],"title":"","job":"","social_networks":[]},"_links":{"self":[{"href":"https:\/\/elfsight.com\/de\/wp-json\/wp\/v2\/pages\/16617","targetHints":{"allow":["GET"]}}],"collection":[{"href":"https:\/\/elfsight.com\/de\/wp-json\/wp\/v2\/pages"}],"about":[{"href":"https:\/\/elfsight.com\/de\/wp-json\/wp\/v2\/types\/page"}],"author":[{"embeddable":true,"href":"https:\/\/elfsight.com\/de\/wp-json\/wp\/v2\/users\/9"}],"replies":[{"embeddable":true,"href":"https:\/\/elfsight.com\/de\/wp-json\/wp\/v2\/comments?post=16617"}],"version-history":[{"count":3,"href":"https:\/\/elfsight.com\/de\/wp-json\/wp\/v2\/pages\/16617\/revisions"}],"predecessor-version":[{"id":24545,"href":"https:\/\/elfsight.com\/de\/wp-json\/wp\/v2\/pages\/16617\/revisions\/24545"}],"up":[{"embeddable":true,"href":"https:\/\/elfsight.com\/de\/wp-json\/wp\/v2\/pages\/711"}],"wp:attachment":[{"href":"https:\/\/elfsight.com\/de\/wp-json\/wp\/v2\/media?parent=16617"}],"curies":[{"name":"wp","href":"https:\/\/api.w.org\/{rel}","templated":true}]}}