{"id":16615,"date":"2024-05-03T06:26:03","date_gmt":"2024-05-03T06:26:03","guid":{"rendered":"https:\/\/elfsight.com\/de\/?page_id=16615"},"modified":"2025-07-08T09:38:13","modified_gmt":"2025-07-08T09:38:13","slug":"jquery","status":"publish","type":"page","link":"https:\/\/elfsight.com\/de\/age-verification-widget\/jquery\/","title":{"rendered":"Age Verification &#8211; jQuery"},"content":{"rendered":"<div class=\"application-platform-content-item-description application-platform-content-item\" id=\"description\" data-nav-section=\"description\"> <h2>Beschreibung<\/h2> <p>Unser Widget wird die beste Methode zum Einrichten eines Seitenlade-Popups sein, das das Alter einer Seite steuert Website-Besucher. Dieses Widget stellt altersbeschr\u00e4nkte Inhalte f\u00fcr vollj\u00e4hrige Nutzer zur Verf\u00fcgung und schreckt diese vor dem minderj\u00e4hrigen Publikum ab. Sie k\u00f6nnen eine erforderliche Altersgrenze angeben, eine \u00dcberpr\u00fcfungsmethode angeben, das Fenster auf allen oder nur ausgew\u00e4hlten Seiten einf\u00fcgen und die Aktion festlegen. Der Look l\u00e4sst sich leicht anpassen, mit \u00fcbermalbaren Elementen und der M\u00f6glichkeit, eigene Bilder zu zeigen. <\/p> <div class=\"faq\" data-component=\"FAQ\"> <div class=\"faq-item\">\r\n\t\t\t\t\t<div class=\"faq-item-question\">\r\n\t\t\t\t\t\t<h3 class=\"faq-item-question-text\">Wo kann ich es anzeigen<\/h3>\r\n\r\n\t\t\t\t\t\t<div class=\"faq-item-question-icon\"><\/div>\r\n\t\t\t\t\t<\/div>\r\n\r\n\t\t\t\t\t<div class=\"faq-item-answer\">\r\n\t\t\t\t\t\t<div class=\"faq-item-answer-text\"> <p>Sie k\u00f6nnen das Alterskontroll-Popup entweder auf allen Seiten demonstrieren oder bestimmte Seiten festlegen, um es zu integrieren. Dar\u00fcber hinaus gibt es die M\u00f6glichkeit, die Seiten anzugeben, auf denen Sie dies nicht m\u00f6chten. <\/p> <\/div>\r\n\t\t\t\t\t<\/div>\r\n\t\t\t\t<\/div> <div class=\"faq-item\">\r\n\t\t\t\t\t<div class=\"faq-item-question\">\r\n\t\t\t\t\t\t<h3 class=\"faq-item-question-text\">Was sind die Vorteile des Widgets f\u00fcr mich? <\/h3>\r\n\r\n\t\t\t\t\t\t<div class=\"faq-item-question-icon\"><\/div>\r\n\t\t\t\t\t<\/div>\r\n\r\n\t\t\t\t\t<div class=\"faq-item-answer\">\r\n\t\t\t\t\t\t<div class=\"faq-item-answer-text\"> <p>Mit diesem Widget k\u00f6nnen Sie ganz einfach und schnell ein Fenster zur Alters\u00fcberpr\u00fcfung erstellen und den Zugriff auf Ihr Material blockieren f\u00fcr minderj\u00e4hrige Benutzer. So stellen Sie sicher, dass Ihre Website den gesetzlichen Anforderungen entspricht. Dar\u00fcber hinaus wird es neue Zielbesucher und g\u00fcltige Kunden anziehen. <\/p> <\/div>\r\n\t\t\t\t\t<\/div>\r\n\t\t\t\t<\/div> <div class=\"faq-item\">\r\n\t\t\t\t\t<div class=\"faq-item-question\">\r\n\t\t\t\t\t\t<h3 class=\"faq-item-question-text\">Wie installiere ich die Altersverifizierung auf jQuery? <\/h3>\r\n\r\n\t\t\t\t\t\t<div class=\"faq-item-question-icon\"><\/div>\r\n\t\t\t\t\t<\/div>\r\n\r\n\t\t\t\t\t<div class=\"faq-item-answer\">\r\n\t\t\t\t\t\t<div class=\"faq-item-answer-text\"> <p>Sie ben\u00f6tigen nur zwei Minuten, um das Widget einzubetten. Es ist superschnell, kostenlos und erfordert keine Programmierung. <\/p> <p>Sie k\u00f6nnen das Widget f\u00fcr Ihre Website direkt \u00fcber unseren Service einrichten. Dazu m\u00fcssen Sie die nachstehende Anleitung auf dieser Seite anwenden. <\/p> <\/div>\r\n\t\t\t\t\t<\/div>\r\n\t\t\t\t<\/div> <\/div> <\/div> <div class=\"application-platform-content-item-features application-platform-content-item\" id=\"features\" data-nav-section=\"features\"> <h2>Funktionen<\/h2> <p>Um eine bessere Wahrnehmung der Alters\u00fcberpr\u00fcfung zu erreichen, finden Sie hier eine Liste von die herausragendsten Eigenschaften. Sie machen unser Widget f\u00fcr Sie maximal effektiv: <\/p> <ul><li>W\u00e4hlen Sie eine der Pr\u00fcfmethoden: Abfrage des vollst\u00e4ndigen Geburtsdatums, nur des Geburtsjahres oder eine Frage mit den Optionen \u201eJa\u201c und \u201eNein\u201c; <\/li><li>Stellen Sie das Widget so ein, dass Besucher f\u00fcr einen beliebigen Zeitraum gespeichert werden. <\/li><li>2 m\u00f6gliche Szenarien f\u00fcr abgeschreckte Benutzer: Anzeige einer benutzerdefinierten Nachricht oder Weiterleitung eines Benutzers an eine beliebige Adresse; <\/li><li>F\u00fcgen Sie ein benutzerdefiniertes Bild f\u00fcr das Popup zur Alters\u00fcberpr\u00fcfung hinzu; <\/li><li>Geben Sie unter der Best\u00e4tigungsschaltfl\u00e4che detaillierten Text und Links an. <\/li><\/ul><p><a href=\"#demo\">Unsere Demo zeigt Ihnen alle Funktionen<\/a><\/p> <\/div> <div class=\"application-platform-content-item-installation application-platform-content-item\" id=\"installation\" data-nav-section=\"installation\"> <h2>Erfahren Sie, wie Sie die Alters\u00fcberpr\u00fcfung f\u00fcr Ihre jQuery-Website einrichten. Es erfordert keine Programmierung und ist schnell.<\/h2> <p>Die folgenden Aktionen sind das Einzige, was Sie tun m\u00fcssen, um das Widget zu demonstrieren.<\/p><ol><li><b>Generieren Sie Ihr einzigartiges Altersverifizierungs-Plugin <\/b><br> Erstellen Sie mit Hilfe unserer kostenlosen Demo ein Plugin mit gew\u00fcnschtem Aussehen und Funktionen.<\/li><li><b>Erwerben Sie den pers\u00f6nlichen Code, um das Plugin zu integrieren<\/b><br> Nachdem Sie Ihr Widget angepasst haben, erhalten Sie Ihren pers\u00f6nlichen Code aus der erscheinenden Benachrichtigung auf Elfsight Apps. Kopiere diesen Code. <\/li> <li><b>Zeigen Sie das Plugin auf Ihrer jQuery-Site an<\/b><br> Gehen Sie zu dem Bereich, in dem Sie das Plugin platzieren m\u00f6chten, und f\u00fcgen Sie dort den gespeicherten Code ein. \u00dcbernehmen Sie die \u00c4nderungen.<\/li> <li><b>Herzlichen Gl\u00fcckwunsch! Sie haben gerade das Widget eingebettet!<\/b><br> Betreten Sie Ihre Seite, um Ihr Plugin zu sehen.<\/li> <\/ol><p>Immer noch nicht entschieden? Oder haben Sie Probleme? Senden Sie einfach eine Anfrage an unseren Kundendienst, und dieser wird jedes Problem l\u00f6sen. <\/p> <\/div>","protected":false},"excerpt":{"rendered":"","protected":false},"author":9,"featured_media":0,"parent":711,"menu_order":0,"comment_status":"closed","ping_status":"closed","template":"templates\/template-application-platform.php","meta":{"publish_to_discourse":"","publish_post_category":"","wpdc_auto_publish_overridden":"","wpdc_topic_tags":"","wpdc_pin_topic":"","wpdc_pin_until":"","discourse_post_id":"","discourse_permalink":"","wpdc_publishing_response":"","wpdc_publishing_error":"","footnotes":""},"class_list":["post-16615","page","type-page","status-publish","hentry"],"yoast_head":"<!-- This site is optimized with the Yoast SEO plugin v25.3.1 - https:\/\/yoast.com\/wordpress\/plugins\/seo\/ -->\n<title>Alters\u00fcberpr\u00fcfungs-Plugin zur jQuery-Website hinzuf\u00fcgen (schnell und kostenlos)<\/title>\n<meta name=\"description\" content=\"Es ist ganz einfach, Ihr Altersverifizierungs-Plugin zu gestalten und auf der jQuery-Website zu platzieren. Der Elfsight-Kundensupport ist kostenlos und schnell.\" \/>\n<meta name=\"robots\" content=\"index, follow, max-snippet:-1, max-image-preview:large, max-video-preview:-1\" \/>\n<link rel=\"canonical\" href=\"https:\/\/elfsight.com\/de\/age-verification-widget\/jquery\/\" \/>\n<meta property=\"og:locale\" content=\"de_DE\" \/>\n<meta property=\"og:type\" content=\"article\" \/>\n<meta property=\"og:title\" content=\"Alters\u00fcberpr\u00fcfungs-Plugin zur jQuery-Website hinzuf\u00fcgen (schnell und kostenlos)\" \/>\n<meta property=\"og:description\" content=\"Es ist ganz einfach, Ihr Altersverifizierungs-Plugin zu gestalten und auf der jQuery-Website zu platzieren. Der Elfsight-Kundensupport ist kostenlos und schnell.\" \/>\n<meta property=\"og:url\" content=\"https:\/\/elfsight.com\/de\/age-verification-widget\/jquery\/\" \/>\n<meta property=\"og:site_name\" content=\"Elfsight DE\" \/>\n<meta property=\"article:modified_time\" content=\"2025-07-08T09:38:13+00:00\" \/>\n<meta name=\"twitter:card\" content=\"summary_large_image\" \/>\n<meta name=\"twitter:label1\" content=\"Gesch\u00e4tzte Lesezeit\" \/>\n\t<meta name=\"twitter:data1\" content=\"3\u00a0Minuten\" \/>\n<!-- \/ Yoast SEO plugin. -->","yoast_head_json":{"title":"Alters\u00fcberpr\u00fcfungs-Plugin zur jQuery-Website hinzuf\u00fcgen (schnell und kostenlos)","description":"Es ist ganz einfach, Ihr Altersverifizierungs-Plugin zu gestalten und auf der jQuery-Website zu platzieren. Der Elfsight-Kundensupport ist kostenlos und schnell.","robots":{"index":"index","follow":"follow","max-snippet":"max-snippet:-1","max-image-preview":"max-image-preview:large","max-video-preview":"max-video-preview:-1"},"canonical":"https:\/\/elfsight.com\/de\/age-verification-widget\/jquery\/","og_locale":"de_DE","og_type":"article","og_title":"Alters\u00fcberpr\u00fcfungs-Plugin zur jQuery-Website hinzuf\u00fcgen (schnell und kostenlos)","og_description":"Es ist ganz einfach, Ihr Altersverifizierungs-Plugin zu gestalten und auf der jQuery-Website zu platzieren. Der Elfsight-Kundensupport ist kostenlos und schnell.","og_url":"https:\/\/elfsight.com\/de\/age-verification-widget\/jquery\/","og_site_name":"Elfsight DE","article_modified_time":"2025-07-08T09:38:13+00:00","twitter_card":"summary_large_image","twitter_misc":{"Gesch\u00e4tzte Lesezeit":"3\u00a0Minuten"},"schema":{"@context":"https:\/\/schema.org","@graph":[{"@type":"WebPage","@id":"https:\/\/elfsight.com\/de\/age-verification-widget\/jquery\/","url":"https:\/\/elfsight.com\/de\/age-verification-widget\/jquery\/","name":"Alters\u00fcberpr\u00fcfungs-Plugin zur jQuery-Website hinzuf\u00fcgen (schnell und kostenlos)","isPartOf":{"@id":"https:\/\/elfsight.com\/de\/#website"},"datePublished":"2024-05-03T06:26:03+00:00","dateModified":"2025-07-08T09:38:13+00:00","description":"Es ist ganz einfach, Ihr Altersverifizierungs-Plugin zu gestalten und auf der jQuery-Website zu platzieren. Der Elfsight-Kundensupport ist kostenlos und schnell.","breadcrumb":{"@id":"https:\/\/elfsight.com\/de\/age-verification-widget\/jquery\/#breadcrumb"},"inLanguage":"de","potentialAction":[{"@type":"ReadAction","target":["https:\/\/elfsight.com\/de\/age-verification-widget\/jquery\/"]}]},{"@type":"BreadcrumbList","@id":"https:\/\/elfsight.com\/de\/age-verification-widget\/jquery\/#breadcrumb","itemListElement":[{"@type":"ListItem","position":1,"name":"Home","item":"https:\/\/elfsight.com\/de\/"},{"@type":"ListItem","position":2,"name":"Age Verification","item":"https:\/\/elfsight.com\/de\/age-verification-widget\/"},{"@type":"ListItem","position":3,"name":"Age Verification &#8211; jQuery"}]},{"@type":"WebSite","@id":"https:\/\/elfsight.com\/de\/#website","url":"https:\/\/elfsight.com\/de\/","name":"Elfsight DE","description":"Just another Elfsight Sites site","potentialAction":[{"@type":"SearchAction","target":{"@type":"EntryPoint","urlTemplate":"https:\/\/elfsight.com\/de\/?s={search_term_string}"},"query-input":{"@type":"PropertyValueSpecification","valueRequired":true,"valueName":"search_term_string"}}],"inLanguage":"de"}]}},"meta_box":{"industry":"","seo_heading":"","heading":"","description":"","cta_heading":"","cta_description":"","application":"487","h1":"jQuery-Plugin zur Alters\u00fcberpr\u00fcfung","h1_caption":"Stellen Sie mit einem einfachen und anpassbaren Alters\u00fcberpr\u00fcfungs-Plugin in Ihrer jQuery-Website sicher, dass verantwortungsbewusst auf altersbezogene Inhalte zugegriffen wird.","application_category":[],"applications_title":"","applications_request_title":"","applications_request_button_text":"","hero_text":"","hero_video":"","hero_video_schema_markup":"","selling_points_title":"","selling_points_caption":"","selling_points":[],"selling_points_cta_text":"","features_title":"","features":"","ed_cta_examples_text":"","ed_cta_examples_hidden":"","ed_cta_demo_text":"","ed_cta_demo_hidden":"","why_caption":"","why_editor_title":"","why_editor_text":"","why_team_title":"","why_team_text":"","why_service_title":"","why_service_text":"","template_catalog_visible":"","template_catalog_title":"","template_catalog_text":"","template_catalog_categories_visible":"","demo_title":"Erstellen Sie Ihr Altersverifizierungs-Plugin","demo_caption":"Konfigurieren Sie Ihre Altersverifizierung und f\u00fcgen Sie sie kostenlos zu Ihrer jQuery-Website hinzu!","default_faq_hidden":"","app_template_category":[],"platform":"258","template_public_id":"","codecanyon_url":"","codecanyon_item_id":"","codecanyon_price":"","pricing_caption":"","pricing_elfsight_apps_hide_column":"","pricing_elfsight_apps_url":"","pricing_codecanyon_price_caption":"","integration_category":[],"integration_request_title":"","integration_request_cta":"","integration_platform":"","integrations":[],"platform_category":[],"video_schema_markup":"","price":"ab 0 $ \/ Monat","trial":"","benefits":[{"text":"Kostenlose Installationsunterst\u00fctzung"},{"text":"Professioneller Kundenservice"},{"text":"14-t\u00e4gige Geld-zur\u00fcck-Garantie"},{"text":"Fortlaufende Entwicklung"}],"button_url":"#demo","button_target_blank":"","button_nofollow":"","attributes":[{"name":"Installiert","content":"10,000 - 100,000"},{"name":"Reaktionsfreudig","content":"Ja"},{"name":"Kompatible Browser","content":"Firefox, Safari, Opera, Chrome, Edge"}],"tags":[],"tags_disable_links":"","hide_more_platforms":"","video_object":"","demo_hide_cta":"","demo_hide_cloud_options":"","pricing_title":"","pricing":[{"pricing_icon":"platform","pricing_title":"Elfsight Apps","pricing_title_caption":"Plattform\u00fcbergreifende Version, die auf jeder Website funktioniert","pricing_price":"ab 0 $ \/ Monat","pricing_price_caption":"Beginnen Sie mit einem kostenlosen Plan","pricing_benefits":[{"text":"Unbegrenzte Domains"},{"text":"Erstklassiger und p\u00fcnktlicher Support und gut dokumentiert"},{"text":"Kostenlose Installationshilfe"},{"text":"100 % anpassbar"}],"pricing_button_text":"Zur Website hinzuf\u00fcgen","pricing_button_url":"#demo"}],"related_apps_title":"","related_apps_hidden":"","author":"","image":[],"title":"","job":"","social_networks":[]},"_links":{"self":[{"href":"https:\/\/elfsight.com\/de\/wp-json\/wp\/v2\/pages\/16615","targetHints":{"allow":["GET"]}}],"collection":[{"href":"https:\/\/elfsight.com\/de\/wp-json\/wp\/v2\/pages"}],"about":[{"href":"https:\/\/elfsight.com\/de\/wp-json\/wp\/v2\/types\/page"}],"author":[{"embeddable":true,"href":"https:\/\/elfsight.com\/de\/wp-json\/wp\/v2\/users\/9"}],"replies":[{"embeddable":true,"href":"https:\/\/elfsight.com\/de\/wp-json\/wp\/v2\/comments?post=16615"}],"version-history":[{"count":2,"href":"https:\/\/elfsight.com\/de\/wp-json\/wp\/v2\/pages\/16615\/revisions"}],"predecessor-version":[{"id":21151,"href":"https:\/\/elfsight.com\/de\/wp-json\/wp\/v2\/pages\/16615\/revisions\/21151"}],"up":[{"embeddable":true,"href":"https:\/\/elfsight.com\/de\/wp-json\/wp\/v2\/pages\/711"}],"wp:attachment":[{"href":"https:\/\/elfsight.com\/de\/wp-json\/wp\/v2\/media?parent=16615"}],"curies":[{"name":"wp","href":"https:\/\/api.w.org\/{rel}","templated":true}]}}