{"id":16610,"date":"2024-05-03T06:26:02","date_gmt":"2024-05-03T06:26:02","guid":{"rendered":"https:\/\/elfsight.com\/de\/?page_id=16610"},"modified":"2025-02-20T12:33:37","modified_gmt":"2025-02-20T12:33:37","slug":"magento","status":"publish","type":"page","link":"https:\/\/elfsight.com\/de\/age-verification-widget\/magento\/","title":{"rendered":"Age Verification &#8211; Magento"},"content":{"rendered":"\n<div class=\"application-platform-content-item-description application-platform-content-item\" id=\"description\" data-nav-section=\"description\"> <h2>Beschreibung<\/h2> <p>Unser Widget wird die beste M\u00f6glichkeit sein, ein unmittelbares Fenster zu erstellen, das das Alter eines Benutzers \u00fcberpr\u00fcft. Das Widget macht Ihre altersbezogenen Inhalte f\u00fcr vollj\u00e4hrige Benutzer zug\u00e4nglich und versteckt sie f\u00fcr minderj\u00e4hrige Zuschauer. Mit dem Widget k\u00f6nnen Sie eine erforderliche Altersgrenze festlegen, das \u00dcberpr\u00fcfungsformat ausw\u00e4hlen, das Popup auf allen Websites oder nur auf bestimmten Seiten einf\u00fchren und die Aktion ausw\u00e4hlen, bei der der Zugriff verweigert wird. Der Look ist flexibel, einschlie\u00dflich lackierbarer Details und der M\u00f6glichkeit, benutzerdefinierte Bilder hinzuzuf\u00fcgen. <\/p> <div class=\"faq\" data-component=\"FAQ\"> <div class=\"faq-item\">\r\n\t\t\t\t\t<div class=\"faq-item-question\">\r\n\t\t\t\t\t\t<h3 class=\"faq-item-question-text\">Wo kann ich dieses Plugin ver\u00f6ffentlichen?<\/h3>\r\n\r\n\t\t\t\t\t\t<div class=\"faq-item-question-icon\"><\/div>\r\n\t\t\t\t\t<\/div>\r\n\r\n\t\t\t\t\t<div class=\"faq-item-answer\">\r\n\t\t\t\t\t\t<div class=\"faq-item-answer-text\"> <p>Sie k\u00f6nnen das Alterskontrollfenster entweder auf allen Seiten der Website anzeigen oder bestimmte Seiten festlegen, wo es eingebettet werden soll. Au\u00dferdem k\u00f6nnen Sie die Funktion nutzen, Seiten auszuschlie\u00dfen, auf denen Sie sie nicht ben\u00f6tigen. <\/p> <\/div>\r\n\t\t\t\t\t<\/div>\r\n\t\t\t\t<\/div> <div class=\"faq-item\">\r\n\t\t\t\t\t<div class=\"faq-item-question\">\r\n\t\t\t\t\t\t<h3 class=\"faq-item-question-text\">Welche Vorteile kann es mir bieten?<\/h3>\r\n\r\n\t\t\t\t\t\t<div class=\"faq-item-question-icon\"><\/div>\r\n\t\t\t\t\t<\/div>\r\n\r\n\t\t\t\t\t<div class=\"faq-item-answer\">\r\n\t\t\t\t\t\t<div class=\"faq-item-answer-text\"> <p>Mit Hilfe unseres Widgets ist es \u00e4u\u00dferst einfach und schnell, ein Popup zur Alters\u00fcberpr\u00fcfung zu erstellen und minderj\u00e4hrige Benutzer abzuschrecken. Dadurch wird sichergestellt, dass Ihre Website den gesetzlichen Anforderungen entspricht. Dar\u00fcber hinaus erhalten Sie eine neue Zielgruppe und g\u00fcltige Kunden. <\/p> <\/div>\r\n\t\t\t\t\t<\/div>\r\n\t\t\t\t<\/div> <div class=\"faq-item\">\r\n\t\t\t\t\t<div class=\"faq-item-question\">\r\n\t\t\t\t\t\t<h3 class=\"faq-item-question-text\">Wie kann ich die Alters\u00fcberpr\u00fcfung zu Magento hinzuf\u00fcgen?<\/h3>\r\n\r\n\t\t\t\t\t\t<div class=\"faq-item-question-icon\"><\/div>\r\n\t\t\t\t\t<\/div>\r\n\r\n\t\t\t\t\t<div class=\"faq-item-answer\">\r\n\t\t\t\t\t\t<div class=\"faq-item-answer-text\"> <p>Es dauert ein paar Minuten, bis Sie mit der Verwendung des Widgets beginnen. Der Prozess ist sehr schnell, kostenlos und erfordert keine Programmierung. <\/p> <p>Die Elfsight-Altersverifizierung kann in unserem Service oder \u00fcber den Marktplatz eingerichtet werden. Sie k\u00f6nnen mehr \u00fcber beide Optionen lesen und entscheiden, welche Ihre ist.<\/p> <\/div>\r\n\t\t\t\t\t<\/div>\r\n\t\t\t\t<\/div> <\/div> <\/div> <div class=\"application-platform-content-item-features application-platform-content-item\" id=\"features\" data-nav-section=\"features\"> <h2>Funktionen<\/h2> <p>Zu gestalten Um das Widget besser kennenzulernen, entdecken Sie die Liste der herausragendsten Funktionen. Sie machen das Widget f\u00fcr Ihr Unternehmen unglaublich effizient: <\/p> <ul><li>W\u00e4hlen Sie eine der Pr\u00fcfmethoden: Abfrage des vollst\u00e4ndigen Geburtsdatums, nur des Geburtsjahres oder eine Frage mit den Optionen \u201eJa\u201c und \u201eNein\u201c;<\/li><li>Die Option, sich einen Besucher f\u00fcr einen beliebigen Zeitraum zu merken;<\/li><li>Zwei Szenarien nach der Zugriffsverweigerung: um einen Text anzuzeigen oder einen Benutzer an eine beliebige Adresse weiterzuleiten;<\/li><li>Beliebige hinzuf\u00fcgen Bild zur Anzeige im Scheck-Popup;<\/li><li>Demonstrieren Sie zus\u00e4tzliche Details und Links unter der Best\u00e4tigungsschaltfl\u00e4che.<\/li><\/ul><p><a href=\"#demo\">Unsere Demo zeigt mehr Funktionen f\u00fcr Sie<\/a><\/p> <\/div> <div class=\"application-platform-content-item-installation application-platform-content-item\" id=\"installation\" data-nav-section=\"installation\"> <h2>Sehen wir uns an, wie Sie das Altersverifizierungs-Widget in Ihre Magento-Website einbetten<\/h2> <p> Ein paar kurze Schritte Schritte ist das Einzige, was Sie tun m\u00fcssen. <\/p> <ol><li><b>\u00d6ffnen Sie unseren kostenlosen Editor und beginnen Sie mit der Gestaltung Ihrer individuellen Erweiterung. <\/b><br> Geben Sie die bevorzugte Form und die bevorzugten Funktionen der Erweiterung an und \u00fcbernehmen Sie alle \u00c4nderungen. <\/li> <li><b>Sie erhalten den individuellen Code, der im Fenster von Elfsight Apps angezeigt wird. <\/b><br> Sobald die Generierung Ihrer pers\u00f6nlichen Erweiterung abgeschlossen ist, kopieren Sie Ihren Code aus dem erscheinenden Fenster und speichern Sie ihn zur weiteren Verwendung. <\/li> <li><b>Initiieren Sie den Einsatz der Erweiterung auf der Magento-Website. <\/b><br> Platzieren Sie den zuvor kopierten Code auf Ihrer Website und speichern Sie die \u00c4nderungen. <\/li> <li><b>Fertig! Die Einbettung ist vollst\u00e4ndig durchgef\u00fchrt. <\/b><br> Besuchen Sie Ihre Website, um die Leistung der Erweiterung zu beobachten. <\/li><\/ol><p>Zweifeln Sie immer noch an etwas? Oder Probleme haben? Senden Sie einfach Ihre Anfrage an unseren Kundenservice, wir helfen Ihnen bei jedem Anliegen weiter. <\/p> <\/div>\n","protected":false},"excerpt":{"rendered":"","protected":false},"author":9,"featured_media":0,"parent":711,"menu_order":0,"comment_status":"closed","ping_status":"closed","template":"templates\/template-application-platform.php","meta":{"publish_to_discourse":"","publish_post_category":"","wpdc_auto_publish_overridden":"","wpdc_topic_tags":"","wpdc_pin_topic":"","wpdc_pin_until":"","discourse_post_id":"","discourse_permalink":"","wpdc_publishing_response":"","wpdc_publishing_error":"","footnotes":""},"class_list":["post-16610","page","type-page","status-publish","hentry"],"yoast_head":"<!-- This site is optimized with the Yoast SEO plugin v25.3.1 - https:\/\/yoast.com\/wordpress\/plugins\/seo\/ -->\n<title>Alters\u00fcberpr\u00fcfungserweiterung zur Magento-Website hinzuf\u00fcgen (schnell und kostenlos)<\/title>\n<meta name=\"description\" content=\"Erstellen Sie mit Elfsight Ihre Altersverifizierungserweiterung und f\u00fcgen Sie sie schnell auf Ihrer Magento-Site ein. Wir bieten kostenlosen Kundensupport und weitere Boni.\" \/>\n<meta name=\"robots\" content=\"index, follow, max-snippet:-1, max-image-preview:large, max-video-preview:-1\" \/>\n<link rel=\"canonical\" href=\"https:\/\/elfsight.com\/de\/age-verification-widget\/magento\/\" \/>\n<meta property=\"og:locale\" content=\"de_DE\" \/>\n<meta property=\"og:type\" content=\"article\" \/>\n<meta property=\"og:title\" content=\"Alters\u00fcberpr\u00fcfungserweiterung zur Magento-Website hinzuf\u00fcgen (schnell und kostenlos)\" \/>\n<meta property=\"og:description\" content=\"Erstellen Sie mit Elfsight Ihre Altersverifizierungserweiterung und f\u00fcgen Sie sie schnell auf Ihrer Magento-Site ein. Wir bieten kostenlosen Kundensupport und weitere Boni.\" \/>\n<meta property=\"og:url\" content=\"https:\/\/elfsight.com\/de\/age-verification-widget\/magento\/\" \/>\n<meta property=\"og:site_name\" content=\"Elfsight DE\" \/>\n<meta property=\"article:modified_time\" content=\"2025-02-20T12:33:37+00:00\" \/>\n<meta name=\"twitter:card\" content=\"summary_large_image\" \/>\n<meta name=\"twitter:label1\" content=\"Gesch\u00e4tzte Lesezeit\" \/>\n\t<meta name=\"twitter:data1\" content=\"3\u00a0Minuten\" \/>\n<!-- \/ Yoast SEO plugin. -->","yoast_head_json":{"title":"Alters\u00fcberpr\u00fcfungserweiterung zur Magento-Website hinzuf\u00fcgen (schnell und kostenlos)","description":"Erstellen Sie mit Elfsight Ihre Altersverifizierungserweiterung und f\u00fcgen Sie sie schnell auf Ihrer Magento-Site ein. Wir bieten kostenlosen Kundensupport und weitere Boni.","robots":{"index":"index","follow":"follow","max-snippet":"max-snippet:-1","max-image-preview":"max-image-preview:large","max-video-preview":"max-video-preview:-1"},"canonical":"https:\/\/elfsight.com\/de\/age-verification-widget\/magento\/","og_locale":"de_DE","og_type":"article","og_title":"Alters\u00fcberpr\u00fcfungserweiterung zur Magento-Website hinzuf\u00fcgen (schnell und kostenlos)","og_description":"Erstellen Sie mit Elfsight Ihre Altersverifizierungserweiterung und f\u00fcgen Sie sie schnell auf Ihrer Magento-Site ein. Wir bieten kostenlosen Kundensupport und weitere Boni.","og_url":"https:\/\/elfsight.com\/de\/age-verification-widget\/magento\/","og_site_name":"Elfsight DE","article_modified_time":"2025-02-20T12:33:37+00:00","twitter_card":"summary_large_image","twitter_misc":{"Gesch\u00e4tzte Lesezeit":"3\u00a0Minuten"},"schema":{"@context":"https:\/\/schema.org","@graph":[{"@type":"WebPage","@id":"https:\/\/elfsight.com\/de\/age-verification-widget\/magento\/","url":"https:\/\/elfsight.com\/de\/age-verification-widget\/magento\/","name":"Alters\u00fcberpr\u00fcfungserweiterung zur Magento-Website hinzuf\u00fcgen (schnell und kostenlos)","isPartOf":{"@id":"https:\/\/elfsight.com\/de\/#website"},"datePublished":"2024-05-03T06:26:02+00:00","dateModified":"2025-02-20T12:33:37+00:00","description":"Erstellen Sie mit Elfsight Ihre Altersverifizierungserweiterung und f\u00fcgen Sie sie schnell auf Ihrer Magento-Site ein. Wir bieten kostenlosen Kundensupport und weitere Boni.","breadcrumb":{"@id":"https:\/\/elfsight.com\/de\/age-verification-widget\/magento\/#breadcrumb"},"inLanguage":"de","potentialAction":[{"@type":"ReadAction","target":["https:\/\/elfsight.com\/de\/age-verification-widget\/magento\/"]}]},{"@type":"BreadcrumbList","@id":"https:\/\/elfsight.com\/de\/age-verification-widget\/magento\/#breadcrumb","itemListElement":[{"@type":"ListItem","position":1,"name":"Home","item":"https:\/\/elfsight.com\/de\/"},{"@type":"ListItem","position":2,"name":"Age Verification","item":"https:\/\/elfsight.com\/de\/age-verification-widget\/"},{"@type":"ListItem","position":3,"name":"Age Verification &#8211; Magento"}]},{"@type":"WebSite","@id":"https:\/\/elfsight.com\/de\/#website","url":"https:\/\/elfsight.com\/de\/","name":"Elfsight DE","description":"Just another Elfsight Sites site","potentialAction":[{"@type":"SearchAction","target":{"@type":"EntryPoint","urlTemplate":"https:\/\/elfsight.com\/de\/?s={search_term_string}"},"query-input":{"@type":"PropertyValueSpecification","valueRequired":true,"valueName":"search_term_string"}}],"inLanguage":"de"}]}},"meta_box":{"industry":"","seo_heading":"","heading":"","description":"","cta_heading":"","cta_description":"","application":"487","h1":"Erweiterung zur Magento-Alters\u00fcberpr\u00fcfung","h1_caption":"Stellen Sie mit einer einfachen und anpassbaren Alters\u00fcberpr\u00fcfungserweiterung in Ihrer Magento-Website sicher, dass verantwortungsbewusst auf altersbezogene Inhalte zugegriffen wird.","application_category":[],"applications_title":"","applications_request_title":"","applications_request_button_text":"","hero_text":"","hero_video":"","hero_video_schema_markup":"","selling_points_title":"","selling_points_caption":"","selling_points":[],"selling_points_cta_text":"","features_title":"","features":"","ed_cta_examples_text":"","ed_cta_examples_hidden":"","ed_cta_demo_text":"","ed_cta_demo_hidden":"","why_caption":"","why_editor_title":"","why_editor_text":"","why_team_title":"","why_team_text":"","why_service_title":"","why_service_text":"","template_catalog_visible":"0","template_catalog_title":"","template_catalog_text":"","template_catalog_categories_visible":"","demo_title":"Erstellen Sie Ihre Erweiterung zur Alters\u00fcberpr\u00fcfung","demo_caption":"Konfigurieren Sie Ihre Altersverifizierung und f\u00fcgen Sie sie kostenlos zu Ihrer Magento-Website hinzu!","default_faq_hidden":"","app_template_category":[],"platform":"256","template_public_id":"","codecanyon_url":"","codecanyon_item_id":"","codecanyon_price":"","pricing_caption":"","pricing_elfsight_apps_hide_column":"","pricing_elfsight_apps_url":"","pricing_codecanyon_price_caption":"","integration_category":[],"integration_request_title":"","integration_request_cta":"","integration_platform":"","integrations":[],"platform_category":[],"video_schema_markup":"","price":"ab 0 $ \/ Monat","trial":"","benefits":[{"text":"Kostenlose Installationsunterst\u00fctzung"},{"text":"Kompetenter Kundenservice"},{"text":"14-t\u00e4gige R\u00fcckerstattungsgarantie"},{"text":"Regelm\u00e4\u00dfige kostenlose Updates"}],"button_url":"#demo","button_target_blank":"0","button_nofollow":"0","attributes":[{"name":"Installiert","content":"10,000 - 100,000"},{"name":"Reaktionsfreudig","content":"Ja"},{"name":"Kompatible Browser","content":"Firefox, Safari, Opera, Chrome, Edge"}],"tags":[],"tags_disable_links":"0","hide_more_platforms":"0","video_object":"","demo_hide_cta":"0","demo_hide_cloud_options":"0","pricing_title":"","pricing":[{"pricing_icon":"platform","pricing_title":"Elfsight Apps","pricing_title_caption":"Plattform\u00fcbergreifende digitale L\u00f6sung","pricing_price":"ab 0 $ \/ Monat","pricing_price_caption":"Beginnen Sie mit einem kostenlosen Plan","pricing_benefits":[{"text":"Unbegrenzte Websites"},{"text":"Erstklassiger Kundensupport und gut dokumentiert"},{"text":"Kostenloser Installationsservice"},{"text":"Flexibles Design"}],"pricing_button_text":"Zur Website hinzuf\u00fcgen","pricing_button_url":"#demo"}],"related_apps_title":"","related_apps_hidden":"0","author":"","image":[],"title":"","job":"","social_networks":[]},"_links":{"self":[{"href":"https:\/\/elfsight.com\/de\/wp-json\/wp\/v2\/pages\/16610","targetHints":{"allow":["GET"]}}],"collection":[{"href":"https:\/\/elfsight.com\/de\/wp-json\/wp\/v2\/pages"}],"about":[{"href":"https:\/\/elfsight.com\/de\/wp-json\/wp\/v2\/types\/page"}],"author":[{"embeddable":true,"href":"https:\/\/elfsight.com\/de\/wp-json\/wp\/v2\/users\/9"}],"replies":[{"embeddable":true,"href":"https:\/\/elfsight.com\/de\/wp-json\/wp\/v2\/comments?post=16610"}],"version-history":[{"count":3,"href":"https:\/\/elfsight.com\/de\/wp-json\/wp\/v2\/pages\/16610\/revisions"}],"predecessor-version":[{"id":24549,"href":"https:\/\/elfsight.com\/de\/wp-json\/wp\/v2\/pages\/16610\/revisions\/24549"}],"up":[{"embeddable":true,"href":"https:\/\/elfsight.com\/de\/wp-json\/wp\/v2\/pages\/711"}],"wp:attachment":[{"href":"https:\/\/elfsight.com\/de\/wp-json\/wp\/v2\/media?parent=16610"}],"curies":[{"name":"wp","href":"https:\/\/api.w.org\/{rel}","templated":true}]}}