{"id":16609,"date":"2024-05-03T06:26:01","date_gmt":"2024-05-03T06:26:01","guid":{"rendered":"https:\/\/elfsight.com\/de\/?page_id=16609"},"modified":"2025-02-20T12:34:50","modified_gmt":"2025-02-20T12:34:50","slug":"html","status":"publish","type":"page","link":"https:\/\/elfsight.com\/de\/age-verification-widget\/html\/","title":{"rendered":"Age Verification &#8211; HTML"},"content":{"rendered":"\n<div class=\"application-platform-content-item-description application-platform-content-item\" id=\"description\" data-nav-section=\"description\"> <h2>Beschreibung<\/h2> <p>Das Elfsight-Widget ist das schnellste Tool zum Einrichten einer Seitenladebenachrichtigung, die das Alter einer Seite \u00fcberpr\u00fcft Benutzer. Unser Widget hilft dabei, altersbeschr\u00e4nktes Material f\u00fcr Erwachsene zug\u00e4nglich zu machen und den Zugriff darauf f\u00fcr minderj\u00e4hrige Zuschauer zu sperren. Es gibt Optionen zum Festlegen einer angemessenen Altersbeschr\u00e4nkung, zum Definieren des \u00dcberpr\u00fcfungsformats, zum Einbetten des Widgets auf jeder oder nur auf mehreren Seiten sowie zur Aktion nach der Zugriffsverweigerung. Das Erscheinungsbild l\u00e4sst sich leicht mit lackierbaren Details und der M\u00f6glichkeit, benutzerdefinierte Bilder hinzuzuf\u00fcgen, anpassen. <\/p> <div class=\"faq\" data-component=\"FAQ\"> <div class=\"faq-item\">\r\n\t\t\t\t\t<div class=\"faq-item-question\">\r\n\t\t\t\t\t\t<h3 class=\"faq-item-question-text\">Wo kann ich das Widget installieren?<\/h3>\r\n\r\n\t\t\t\t\t\t<div class=\"faq-item-question-icon\"><\/div>\r\n\t\t\t\t\t<\/div>\r\n\r\n\t\t\t\t\t<div class=\"faq-item-answer\">\r\n\t\t\t\t\t\t<div class=\"faq-item-answer-text\"> <p>Sie k\u00f6nnen das Verifizierungsfenster auf allen Websites anzeigen oder bestimmte Seiten festlegen, auf denen es integriert werden soll. Au\u00dferdem besteht die M\u00f6glichkeit, die Seiten anzugeben, auf denen Sie dies nicht m\u00f6chten. <\/p> <\/div>\r\n\t\t\t\t\t<\/div>\r\n\t\t\t\t<\/div> <div class=\"faq-item\">\r\n\t\t\t\t\t<div class=\"faq-item-question\">\r\n\t\t\t\t\t\t<h3 class=\"faq-item-question-text\">Wie w\u00fcrde ich davon profitieren? <\/h3>\r\n\r\n\t\t\t\t\t\t<div class=\"faq-item-question-icon\"><\/div>\r\n\t\t\t\t\t<\/div>\r\n\r\n\t\t\t\t\t<div class=\"faq-item-answer\">\r\n\t\t\t\t\t\t<div class=\"faq-item-answer-text\"> <p>Mit Hilfe des Elfsight-Widgets ist es ganz einfach und schnell, ein Popup zur Alters\u00fcberpr\u00fcfung einzubetten und Ihr Material vor minderj\u00e4hrigen Besuchern zu verbergen . So stellen Sie sicher, dass Ihre Website den gesetzlichen Anforderungen entspricht. Dar\u00fcber hinaus werden dadurch mehr gezielte Besucher und g\u00fcltige Kunden angezogen. <\/p> <\/div>\r\n\t\t\t\t\t<\/div>\r\n\t\t\t\t<\/div> <div class=\"faq-item\">\r\n\t\t\t\t\t<div class=\"faq-item-question\">\r\n\t\t\t\t\t\t<h3 class=\"faq-item-question-text\">Was ben\u00f6tige ich, um die Alters\u00fcberpr\u00fcfung zu HTML hinzuzuf\u00fcgen? <\/h3>\r\n\r\n\t\t\t\t\t\t<div class=\"faq-item-question-icon\"><\/div>\r\n\t\t\t\t\t<\/div>\r\n\r\n\t\t\t\t\t<div class=\"faq-item-answer\">\r\n\t\t\t\t\t\t<div class=\"faq-item-answer-text\"> <p>Das Einrichten einer Benachrichtigung dauert nur eine Minute. Der Integrationsprozess ist \u00e4u\u00dferst schnell, kostenlos und ohne Programmierung. <\/p> <p>Sie k\u00f6nnen das Widget f\u00fcr die Website \u00fcber unseren Service einrichten. Befolgen Sie dazu die nachstehende Anleitung auf dieser Seite. <\/p> <\/div>\r\n\t\t\t\t\t<\/div>\r\n\t\t\t\t<\/div> <\/div> <\/div> <div class=\"application-platform-content-item-features application-platform-content-item\" id=\"features\" data-nav-section=\"features\"> <h2>Funktionen<\/h2> <p>Um ein umfassendes Verst\u00e4ndnis der Alters\u00fcberpr\u00fcfung zu erlangen, sehen Sie sich die Liste der h\u00e4ufigsten an wichtige Eigenschaften. Sie machen das Widget f\u00fcr Sie unglaublich effektiv: <\/p> <ul><li>W\u00e4hlen Sie einen der Pr\u00fcftypen: Abfrage des vollst\u00e4ndigen Geburtsdatums, nur des Geburtsjahres oder eine Frage mit den Optionen \u201eJa\u201c und \u201eNein\u201c;<\/li><li>W\u00e4hlen Sie, Besucher f\u00fcr einen beliebigen Zeitraum in Tagen zu speichern;<\/li><li>Zwei m\u00f6gliche Szenarien nach der Zugriffsverweigerung: Anzeige eines Textes oder Weiterleitung eines Benutzers an eine beliebige Adresse;<\/li><li>Hochladen Ihr eigenes Bild zur Anzeige im Popup zur Alters\u00fcberpr\u00fcfung;<\/li><li>Detaillierte Details mit Links unter der Best\u00e4tigungsschaltfl\u00e4che anzeigen. <\/li><\/ul><p><a href=\"#demo\">Eine vollst\u00e4ndige Liste der Funktionen finden Sie in der Demo<\/a><\/p> <\/div> <div class=\"application-platform-content-item-installation application-platform-content-item\" id=\"installation\" data-nav-section=\"installation\"> <h2>Sehen Sie, wie Sie den Altersverifizierungscode in Ihre HTML-Website einbetten. Es ist superschnell.<\/h2> <div class=\"video-container\"><iframe width=\"560\" height=\"315\" src=\"https:\/\/www.youtube.com\/embed\/b9gIB_3-s5k?si=TmapTvalbVZteEe-\" frameborder=\"0\" allow=\"accelerometer; autoplay; clipboard-write; encrypted-media; gyroscope; picture-in-picture; web-share\" allowfullscreen><\/iframe><\/div><p>Diese mehreren Schritte sind das Einzige, was Sie tun m\u00fcssen, um das Widget einzubetten <\/p> <ol><li><b>Generieren Ihr einzigartiges Altersverifizierungs-Plugin<\/b><br> Erstellen Sie mit Hilfe unserer kostenlosen Demo ein Plugin mit einem bevorzugten Aussehen und Funktionen. <\/li><li><b>Erhalten Sie den pers\u00f6nlichen Code, um das Plugin zu integrieren<\/b><br> Nachdem Sie Ihr Widget angepasst haben, erhalten Sie Ihren pers\u00f6nlichen Code \u00fcber die erscheinende Benachrichtigung auf Elfsight Apps. Kopiere diesen Code. <\/li> <li><b>Zeigen Sie das Plugin auf Ihrer HTML-Site an<\/b><br> Gehen Sie zu dem Bereich, in dem Sie das Plugin platzieren m\u00f6chten, und f\u00fcgen Sie dort den gespeicherten Code ein. \u00dcbernehmen Sie die \u00c4nderungen.<\/li> <li><b>Herzlichen Gl\u00fcckwunsch! Sie haben das Widget gerade eingebettet! <\/b><br> Betreten Sie Ihre Seite, um Ihr Plugin zu sehen. <\/li> <\/ol><p>Sie k\u00f6nnen sich immer noch nicht entscheiden? Oder Probleme haben? Eine Anfrage an unseren Kundensupport kl\u00e4rt die Angelegenheit. <\/p> <\/div>\n","protected":false},"excerpt":{"rendered":"","protected":false},"author":9,"featured_media":0,"parent":711,"menu_order":0,"comment_status":"closed","ping_status":"closed","template":"templates\/template-application-platform.php","meta":{"publish_to_discourse":"","publish_post_category":"","wpdc_auto_publish_overridden":"","wpdc_topic_tags":"","wpdc_pin_topic":"","wpdc_pin_until":"","discourse_post_id":"","discourse_permalink":"","wpdc_publishing_response":"","wpdc_publishing_error":"","footnotes":""},"class_list":["post-16609","page","type-page","status-publish","hentry"],"yoast_head":"<!-- This site is optimized with the Yoast SEO plugin v25.3.1 - https:\/\/yoast.com\/wordpress\/plugins\/seo\/ -->\n<title>Altersverifizierungscode f\u00fcr eine HTML-Website (schnell und kostenlos)<\/title>\n<meta name=\"description\" content=\"Hier haben Sie die M\u00f6glichkeit, Code zur Alters\u00fcberpr\u00fcfung zu erstellen und ihn in Ihre HTML-Website zu integrieren. Genie\u00dfen Sie kostenlosen Kundensupport und andere Verg\u00fcnstigungen von Elfsight.\" \/>\n<meta name=\"robots\" content=\"index, follow, max-snippet:-1, max-image-preview:large, max-video-preview:-1\" \/>\n<link rel=\"canonical\" href=\"https:\/\/elfsight.com\/de\/age-verification-widget\/html\/\" \/>\n<meta property=\"og:locale\" content=\"de_DE\" \/>\n<meta property=\"og:type\" content=\"article\" \/>\n<meta property=\"og:title\" content=\"Altersverifizierungscode f\u00fcr eine HTML-Website (schnell und kostenlos)\" \/>\n<meta property=\"og:description\" content=\"Hier haben Sie die M\u00f6glichkeit, Code zur Alters\u00fcberpr\u00fcfung zu erstellen und ihn in Ihre HTML-Website zu integrieren. Genie\u00dfen Sie kostenlosen Kundensupport und andere Verg\u00fcnstigungen von Elfsight.\" \/>\n<meta property=\"og:url\" content=\"https:\/\/elfsight.com\/de\/age-verification-widget\/html\/\" \/>\n<meta property=\"og:site_name\" content=\"Elfsight DE\" \/>\n<meta property=\"article:modified_time\" content=\"2025-02-20T12:34:50+00:00\" \/>\n<meta name=\"twitter:card\" content=\"summary_large_image\" \/>\n<meta name=\"twitter:label1\" content=\"Gesch\u00e4tzte Lesezeit\" \/>\n\t<meta name=\"twitter:data1\" content=\"3\u00a0Minuten\" \/>\n<!-- \/ Yoast SEO plugin. -->","yoast_head_json":{"title":"Altersverifizierungscode f\u00fcr eine HTML-Website (schnell und kostenlos)","description":"Hier haben Sie die M\u00f6glichkeit, Code zur Alters\u00fcberpr\u00fcfung zu erstellen und ihn in Ihre HTML-Website zu integrieren. Genie\u00dfen Sie kostenlosen Kundensupport und andere Verg\u00fcnstigungen von Elfsight.","robots":{"index":"index","follow":"follow","max-snippet":"max-snippet:-1","max-image-preview":"max-image-preview:large","max-video-preview":"max-video-preview:-1"},"canonical":"https:\/\/elfsight.com\/de\/age-verification-widget\/html\/","og_locale":"de_DE","og_type":"article","og_title":"Altersverifizierungscode f\u00fcr eine HTML-Website (schnell und kostenlos)","og_description":"Hier haben Sie die M\u00f6glichkeit, Code zur Alters\u00fcberpr\u00fcfung zu erstellen und ihn in Ihre HTML-Website zu integrieren. Genie\u00dfen Sie kostenlosen Kundensupport und andere Verg\u00fcnstigungen von Elfsight.","og_url":"https:\/\/elfsight.com\/de\/age-verification-widget\/html\/","og_site_name":"Elfsight DE","article_modified_time":"2025-02-20T12:34:50+00:00","twitter_card":"summary_large_image","twitter_misc":{"Gesch\u00e4tzte Lesezeit":"3\u00a0Minuten"},"schema":{"@context":"https:\/\/schema.org","@graph":[{"@type":"WebPage","@id":"https:\/\/elfsight.com\/de\/age-verification-widget\/html\/","url":"https:\/\/elfsight.com\/de\/age-verification-widget\/html\/","name":"Altersverifizierungscode f\u00fcr eine HTML-Website (schnell und kostenlos)","isPartOf":{"@id":"https:\/\/elfsight.com\/de\/#website"},"datePublished":"2024-05-03T06:26:01+00:00","dateModified":"2025-02-20T12:34:50+00:00","description":"Hier haben Sie die M\u00f6glichkeit, Code zur Alters\u00fcberpr\u00fcfung zu erstellen und ihn in Ihre HTML-Website zu integrieren. Genie\u00dfen Sie kostenlosen Kundensupport und andere Verg\u00fcnstigungen von Elfsight.","breadcrumb":{"@id":"https:\/\/elfsight.com\/de\/age-verification-widget\/html\/#breadcrumb"},"inLanguage":"de","potentialAction":[{"@type":"ReadAction","target":["https:\/\/elfsight.com\/de\/age-verification-widget\/html\/"]}]},{"@type":"BreadcrumbList","@id":"https:\/\/elfsight.com\/de\/age-verification-widget\/html\/#breadcrumb","itemListElement":[{"@type":"ListItem","position":1,"name":"Home","item":"https:\/\/elfsight.com\/de\/"},{"@type":"ListItem","position":2,"name":"Age Verification","item":"https:\/\/elfsight.com\/de\/age-verification-widget\/"},{"@type":"ListItem","position":3,"name":"Age Verification &#8211; HTML"}]},{"@type":"WebSite","@id":"https:\/\/elfsight.com\/de\/#website","url":"https:\/\/elfsight.com\/de\/","name":"Elfsight DE","description":"Just another Elfsight Sites site","potentialAction":[{"@type":"SearchAction","target":{"@type":"EntryPoint","urlTemplate":"https:\/\/elfsight.com\/de\/?s={search_term_string}"},"query-input":{"@type":"PropertyValueSpecification","valueRequired":true,"valueName":"search_term_string"}}],"inLanguage":"de"}]}},"meta_box":{"industry":"","seo_heading":"","heading":"","description":"","cta_heading":"","cta_description":"","application":"487","h1":"HTML-Alters\u00fcberpr\u00fcfungscode","h1_caption":"Stellen Sie mit einem einfachen und anpassbaren Alters\u00fcberpr\u00fcfungs-Widget in Ihrer HTML-Website sicher, dass verantwortungsbewusst auf altersbezogene Inhalte zugegriffen wird.","application_category":[],"applications_title":"","applications_request_title":"","applications_request_button_text":"","hero_text":"","hero_video":"","hero_video_schema_markup":"","selling_points_title":"","selling_points_caption":"","selling_points":[],"selling_points_cta_text":"","features_title":"","features":"","ed_cta_examples_text":"","ed_cta_examples_hidden":"","ed_cta_demo_text":"","ed_cta_demo_hidden":"","why_caption":"","why_editor_title":"","why_editor_text":"","why_team_title":"","why_team_text":"","why_service_title":"","why_service_text":"","template_catalog_visible":"0","template_catalog_title":"","template_catalog_text":"","template_catalog_categories_visible":"","demo_title":"Erstellen Sie Ihr Altersverifizierungs-Widget","demo_caption":"Konfigurieren Sie Ihre Altersverifizierung und f\u00fcgen Sie sie kostenlos zu Ihrer HTML-Website hinzu!","default_faq_hidden":"","app_template_category":[],"platform":"260","template_public_id":"","codecanyon_url":"","codecanyon_item_id":"","codecanyon_price":"","pricing_caption":"","pricing_elfsight_apps_hide_column":"","pricing_elfsight_apps_url":"","pricing_codecanyon_price_caption":"","integration_category":[],"integration_request_title":"","integration_request_cta":"","integration_platform":"","integrations":[],"platform_category":[],"video_schema_markup":"","price":"ab 0 $ \/ Monat","trial":"","benefits":[{"text":"Kostenlose Installationsunterst\u00fctzung"},{"text":"Au\u00dfergew\u00f6hnlicher Support"},{"text":"14-t\u00e4gige R\u00fcckerstattungsgarantie"},{"text":"Fortlaufende Entwicklung"}],"button_url":"#demo","button_target_blank":"0","button_nofollow":"0","attributes":[{"name":"Installiert","content":"10,000 - 100,000"},{"name":"Reaktionsfreudig","content":"Ja"},{"name":"Kompatible Browser","content":"Firefox, Safari, Opera, Chrome, Edge"}],"tags":[],"tags_disable_links":"0","hide_more_platforms":"0","video_object":"","demo_hide_cta":"0","demo_hide_cloud_options":"0","pricing_title":"","pricing":[{"pricing_icon":"platform","pricing_title":"Elfsight Apps","pricing_title_caption":"Multiplattform-L\u00f6sung","pricing_price":"ab 0 $ \/ Monat","pricing_price_caption":"Beginnen Sie mit einem kostenlosen Plan","pricing_benefits":[{"text":"Unbegrenzte Websites"},{"text":"Professionelle Unterst\u00fctzung"},{"text":"Kostenlose Installationsunterst\u00fctzung"},{"text":"Sonderangebot f\u00fcr mehrere Apps"}],"pricing_button_text":"Zur Website hinzuf\u00fcgen","pricing_button_url":"#demo"}],"related_apps_title":"","related_apps_hidden":"0","author":"","image":[],"title":"","job":"","social_networks":[]},"_links":{"self":[{"href":"https:\/\/elfsight.com\/de\/wp-json\/wp\/v2\/pages\/16609","targetHints":{"allow":["GET"]}}],"collection":[{"href":"https:\/\/elfsight.com\/de\/wp-json\/wp\/v2\/pages"}],"about":[{"href":"https:\/\/elfsight.com\/de\/wp-json\/wp\/v2\/types\/page"}],"author":[{"embeddable":true,"href":"https:\/\/elfsight.com\/de\/wp-json\/wp\/v2\/users\/9"}],"replies":[{"embeddable":true,"href":"https:\/\/elfsight.com\/de\/wp-json\/wp\/v2\/comments?post=16609"}],"version-history":[{"count":3,"href":"https:\/\/elfsight.com\/de\/wp-json\/wp\/v2\/pages\/16609\/revisions"}],"predecessor-version":[{"id":24550,"href":"https:\/\/elfsight.com\/de\/wp-json\/wp\/v2\/pages\/16609\/revisions\/24550"}],"up":[{"embeddable":true,"href":"https:\/\/elfsight.com\/de\/wp-json\/wp\/v2\/pages\/711"}],"wp:attachment":[{"href":"https:\/\/elfsight.com\/de\/wp-json\/wp\/v2\/media?parent=16609"}],"curies":[{"name":"wp","href":"https:\/\/api.w.org\/{rel}","templated":true}]}}