{"id":16608,"date":"2024-05-03T06:26:00","date_gmt":"2024-05-03T06:26:00","guid":{"rendered":"https:\/\/elfsight.com\/de\/?page_id=16608"},"modified":"2025-07-08T09:38:42","modified_gmt":"2025-07-08T09:38:42","slug":"opencart","status":"publish","type":"page","link":"https:\/\/elfsight.com\/de\/age-verification-widget\/opencart\/","title":{"rendered":"Age Verification &#8211; OpenCart"},"content":{"rendered":"<div class=\"application-platform-content-item-description application-platform-content-item\" id=\"description\" data-nav-section=\"description\"> <h2>Beschreibung<\/h2> <p>Unser Widget ist die beste M\u00f6glichkeit, eine Seitenladebenachrichtigung einzurichten, die nach dem Alter eines Besuchers fragt . Das Widget tr\u00e4gt dazu bei, altersbeschr\u00e4nktes Material f\u00fcr vollj\u00e4hrige Benutzer zug\u00e4nglich zu machen und es f\u00fcr das minderj\u00e4hrige Publikum zu sch\u00fctzen. Mit dem Widget k\u00f6nnen Sie die Altersbeschr\u00e4nkung festlegen, das \u00dcberpr\u00fcfungsformat ausw\u00e4hlen, das Fenster auf der gesamten Website oder nur auf einigen Seiten platzieren und die Aktion ausw\u00e4hlen. Die Benutzeroberfl\u00e4che ist flexibel, sie enth\u00e4lt \u00fcbermalbare Details und die Funktion zum Hochladen eigener Bilder. <\/p> <div class=\"faq\" data-component=\"FAQ\"> <div class=\"faq-item\">\r\n\t\t\t\t\t<div class=\"faq-item-question\">\r\n\t\t\t\t\t\t<h3 class=\"faq-item-question-text\">Wo kann ich es einf\u00fcgen<\/h3>\r\n\r\n\t\t\t\t\t\t<div class=\"faq-item-question-icon\"><\/div>\r\n\t\t\t\t\t<\/div>\r\n\r\n\t\t\t\t\t<div class=\"faq-item-answer\">\r\n\t\t\t\t\t\t<div class=\"faq-item-answer-text\"> <p>Sie k\u00f6nnen das Verifizierungsfenster entweder auf allen Websites vorf\u00fchren oder die Seiten angeben, auf denen es angezeigt werden soll. Au\u00dferdem gibt es die Funktion, die Seiten auszuschlie\u00dfen, auf denen Sie es nicht ben\u00f6tigen. <\/p> <\/div>\r\n\t\t\t\t\t<\/div>\r\n\t\t\t\t<\/div> <div class=\"faq-item\">\r\n\t\t\t\t\t<div class=\"faq-item-question\">\r\n\t\t\t\t\t\t<h3 class=\"faq-item-question-text\">Was sind die Vorteile dieses Plugins f\u00fcr mich?<\/h3>\r\n\r\n\t\t\t\t\t\t<div class=\"faq-item-question-icon\"><\/div>\r\n\t\t\t\t\t<\/div>\r\n\r\n\t\t\t\t\t<div class=\"faq-item-answer\">\r\n\t\t\t\t\t\t<div class=\"faq-item-answer-text\"> <p>Mit unserem Widget k\u00f6nnen Sie ganz einfach und schnell ein Fenster zur Alters\u00fcberpr\u00fcfung anzeigen und den Zugriff auf Ihre Inhalte umleiten f\u00fcr minderj\u00e4hrige Benutzer. So k\u00f6nnen Sie sicher sein, dass Ihre Website den gesetzlichen Bestimmungen entspricht. Au\u00dferdem wird dies zu mehr Zielgruppen und g\u00fcltigen Kunden f\u00fchren.<\/p> <\/div>\r\n\t\t\t\t\t<\/div>\r\n\t\t\t\t<\/div> <div class=\"faq-item\">\r\n\t\t\t\t\t<div class=\"faq-item-question\">\r\n\t\t\t\t\t\t<h3 class=\"faq-item-question-text\">Was muss ich tun, um die Alters\u00fcberpr\u00fcfung auf meiner OpenCart-Site hinzuzuf\u00fcgen?<\/h3>\r\n\r\n\t\t\t\t\t\t<div class=\"faq-item-question-icon\"><\/div>\r\n\t\t\t\t\t<\/div>\r\n\r\n\t\t\t\t\t<div class=\"faq-item-answer\">\r\n\t\t\t\t\t\t<div class=\"faq-item-answer-text\"> <p>Es dauert nur drei Minuten Zeit, um das Widget auf Ihrer Website zu aktivieren. Der Prozess ist sehr schnell, kostenlos und erfordert keine Programmierung. <\/p> <p>Die Elfsight-Alters\u00fcberpr\u00fcfung kann \u00fcber unseren Service oder \u00fcber den Marktplatz zu Ihrer Website hinzugef\u00fcgt werden. Hier k\u00f6nnen Sie mehr \u00fcber diese Varianten erfahren und Ihre ausw\u00e4hlen.<\/p> <\/div>\r\n\t\t\t\t\t<\/div>\r\n\t\t\t\t<\/div> <\/div> <\/div> <div class=\"application-platform-content-item-features application-platform-content-item\" id=\"features\" data-nav-section=\"features\"> <h2>Funktionen<\/h2> <p>Um Um das Widget besser zu verstehen, sehen Sie sich die Liste seiner Hauptfunktionen an. Sie machen unser Widget f\u00fcr Sie maximal effizient: <\/p> <ul><li>W\u00e4hlen Sie eines der Pr\u00fcfformate: Fragen Sie nach dem vollst\u00e4ndigen Geburtsdatum, nur nach dem Geburtsjahr oder stellen Sie eine Frage mit Ja- und Nein-Antworten. <\/li><li>Die M\u00f6glichkeit, Besucher f\u00fcr einen beliebigen Zeitraum zu erinnern; <\/li><li>Zwei Szenarien nach der Zugriffsverweigerung: um einen Text anzuzeigen oder einen Benutzer an eine beliebige Adresse weiterzuleiten; <\/li><li>Laden Sie Ihr eigenes Bild, um es im Popup zur Alters\u00fcberpr\u00fcfung anzuzeigen. <\/li><li>Zeigen Sie zus\u00e4tzlichen Text mit Links unter der Best\u00e4tigungsschaltfl\u00e4che an. <\/li><\/ul><p><a href=\"#demo\">Live-Demo zeigt Ihnen alle Funktionen<\/a><\/p> <\/div> <div class=\"application-platform-content-item-installation application-platform-content-item\" id=\"installation\" data-nav-section=\"installation\"> <h2>\u00dcberpr\u00fcfen Sie, wie Sie die Altersverifizierung in Ihre OpenCart-Website einbetten<\/h2> <p>Die folgenden Schritte sind das Einzige, was Sie ben\u00f6tigen, um das Widget hinzuzuf\u00fcgen. <\/p> <ol><li><b>Nutzen Sie unsere kostenlose Demo und beginnen Sie mit der Erstellung Ihrer personalisierten Erweiterung. <\/b><br> Bestimmen Sie die bevorzugte Form und die funktionalen Merkmale der Erweiterung und speichern Sie alle \u00c4nderungen. <\/li> <li><b>Kopieren Sie den pers\u00f6nlichen Code, der im speziellen Formular auf Elfsight Apps angezeigt wird. <\/b><br> Nachdem die Erstellung Ihrer Erweiterung abgeschlossen ist, kopieren Sie Ihren Code im erscheinenden Fenster und speichern Sie ihn zur sp\u00e4teren Verwendung. <\/li> <li><b>Initiieren Sie den Einsatz der Erweiterung auf der OpenCart-Webseite. <\/b><br> Betten Sie den Code, den Sie zuvor gespeichert haben, in Ihre Website ein und \u00fcbernehmen Sie die \u00c4nderungen. <\/li> <li><b>Die Installation ist vollst\u00e4ndig durchgef\u00fchrt. <\/b><br> Besuchen Sie Ihre Webseite, um die Arbeit der Erweiterung in Aktion zu sehen. <\/li><\/ol><p>Haben Sie noch Zweifel? Oder Erfahrungsfragen? Schreiben Sie einfach eine Anfrage an unseren Kundendienst und er wird jedes Problem f\u00fcr Sie regeln. <\/p> <\/div>","protected":false},"excerpt":{"rendered":"","protected":false},"author":9,"featured_media":0,"parent":711,"menu_order":0,"comment_status":"closed","ping_status":"closed","template":"templates\/template-application-platform.php","meta":{"publish_to_discourse":"","publish_post_category":"","wpdc_auto_publish_overridden":"","wpdc_topic_tags":"","wpdc_pin_topic":"","wpdc_pin_until":"","discourse_post_id":"","discourse_permalink":"","wpdc_publishing_response":"","wpdc_publishing_error":"","footnotes":""},"class_list":["post-16608","page","type-page","status-publish","hentry"],"yoast_head":"<!-- This site is optimized with the Yoast SEO plugin v25.3.1 - https:\/\/yoast.com\/wordpress\/plugins\/seo\/ -->\n<title>Alters\u00fcberpr\u00fcfungserweiterung zur OpenCart-Website hinzuf\u00fcgen (schnell und kostenlos)<\/title>\n<meta name=\"description\" content=\"Hier haben Sie die M\u00f6glichkeit, eine Alters\u00fcberpr\u00fcfungserweiterung zu erstellen und diese in Ihre OpenCart-Website einzubetten. Genie\u00dfen Sie den kostenlosen Kundenservice und andere Vorteile von Elfsight.\" \/>\n<meta name=\"robots\" content=\"index, follow, max-snippet:-1, max-image-preview:large, max-video-preview:-1\" \/>\n<link rel=\"canonical\" href=\"https:\/\/elfsight.com\/de\/age-verification-widget\/opencart\/\" \/>\n<meta property=\"og:locale\" content=\"de_DE\" \/>\n<meta property=\"og:type\" content=\"article\" \/>\n<meta property=\"og:title\" content=\"Alters\u00fcberpr\u00fcfungserweiterung zur OpenCart-Website hinzuf\u00fcgen (schnell und kostenlos)\" \/>\n<meta property=\"og:description\" content=\"Hier haben Sie die M\u00f6glichkeit, eine Alters\u00fcberpr\u00fcfungserweiterung zu erstellen und diese in Ihre OpenCart-Website einzubetten. Genie\u00dfen Sie den kostenlosen Kundenservice und andere Vorteile von Elfsight.\" \/>\n<meta property=\"og:url\" content=\"https:\/\/elfsight.com\/de\/age-verification-widget\/opencart\/\" \/>\n<meta property=\"og:site_name\" content=\"Elfsight DE\" \/>\n<meta property=\"article:modified_time\" content=\"2025-07-08T09:38:42+00:00\" \/>\n<meta name=\"twitter:card\" content=\"summary_large_image\" \/>\n<meta name=\"twitter:label1\" content=\"Gesch\u00e4tzte Lesezeit\" \/>\n\t<meta name=\"twitter:data1\" content=\"3\u00a0Minuten\" \/>\n<!-- \/ Yoast SEO plugin. -->","yoast_head_json":{"title":"Alters\u00fcberpr\u00fcfungserweiterung zur OpenCart-Website hinzuf\u00fcgen (schnell und kostenlos)","description":"Hier haben Sie die M\u00f6glichkeit, eine Alters\u00fcberpr\u00fcfungserweiterung zu erstellen und diese in Ihre OpenCart-Website einzubetten. Genie\u00dfen Sie den kostenlosen Kundenservice und andere Vorteile von Elfsight.","robots":{"index":"index","follow":"follow","max-snippet":"max-snippet:-1","max-image-preview":"max-image-preview:large","max-video-preview":"max-video-preview:-1"},"canonical":"https:\/\/elfsight.com\/de\/age-verification-widget\/opencart\/","og_locale":"de_DE","og_type":"article","og_title":"Alters\u00fcberpr\u00fcfungserweiterung zur OpenCart-Website hinzuf\u00fcgen (schnell und kostenlos)","og_description":"Hier haben Sie die M\u00f6glichkeit, eine Alters\u00fcberpr\u00fcfungserweiterung zu erstellen und diese in Ihre OpenCart-Website einzubetten. Genie\u00dfen Sie den kostenlosen Kundenservice und andere Vorteile von Elfsight.","og_url":"https:\/\/elfsight.com\/de\/age-verification-widget\/opencart\/","og_site_name":"Elfsight DE","article_modified_time":"2025-07-08T09:38:42+00:00","twitter_card":"summary_large_image","twitter_misc":{"Gesch\u00e4tzte Lesezeit":"3\u00a0Minuten"},"schema":{"@context":"https:\/\/schema.org","@graph":[{"@type":"WebPage","@id":"https:\/\/elfsight.com\/de\/age-verification-widget\/opencart\/","url":"https:\/\/elfsight.com\/de\/age-verification-widget\/opencart\/","name":"Alters\u00fcberpr\u00fcfungserweiterung zur OpenCart-Website hinzuf\u00fcgen (schnell und kostenlos)","isPartOf":{"@id":"https:\/\/elfsight.com\/de\/#website"},"datePublished":"2024-05-03T06:26:00+00:00","dateModified":"2025-07-08T09:38:42+00:00","description":"Hier haben Sie die M\u00f6glichkeit, eine Alters\u00fcberpr\u00fcfungserweiterung zu erstellen und diese in Ihre OpenCart-Website einzubetten. Genie\u00dfen Sie den kostenlosen Kundenservice und andere Vorteile von Elfsight.","breadcrumb":{"@id":"https:\/\/elfsight.com\/de\/age-verification-widget\/opencart\/#breadcrumb"},"inLanguage":"de","potentialAction":[{"@type":"ReadAction","target":["https:\/\/elfsight.com\/de\/age-verification-widget\/opencart\/"]}]},{"@type":"BreadcrumbList","@id":"https:\/\/elfsight.com\/de\/age-verification-widget\/opencart\/#breadcrumb","itemListElement":[{"@type":"ListItem","position":1,"name":"Home","item":"https:\/\/elfsight.com\/de\/"},{"@type":"ListItem","position":2,"name":"Age Verification","item":"https:\/\/elfsight.com\/de\/age-verification-widget\/"},{"@type":"ListItem","position":3,"name":"Age Verification &#8211; OpenCart"}]},{"@type":"WebSite","@id":"https:\/\/elfsight.com\/de\/#website","url":"https:\/\/elfsight.com\/de\/","name":"Elfsight DE","description":"Just another Elfsight Sites site","potentialAction":[{"@type":"SearchAction","target":{"@type":"EntryPoint","urlTemplate":"https:\/\/elfsight.com\/de\/?s={search_term_string}"},"query-input":{"@type":"PropertyValueSpecification","valueRequired":true,"valueName":"search_term_string"}}],"inLanguage":"de"}]}},"meta_box":{"industry":"","seo_heading":"","heading":"","description":"","cta_heading":"","cta_description":"","application":"487","h1":"Erweiterung zur OpenCart-Alters\u00fcberpr\u00fcfung","h1_caption":"Stellen Sie mit einer einfachen und anpassbaren Alters\u00fcberpr\u00fcfungserweiterung auf Ihrer Opencart-Website sicher, dass verantwortungsvoll auf altersbezogene Inhalte zugegriffen wird.","application_category":[],"applications_title":"","applications_request_title":"","applications_request_button_text":"","hero_text":"","hero_video":"","hero_video_schema_markup":"","selling_points_title":"","selling_points_caption":"","selling_points":[],"selling_points_cta_text":"","features_title":"","features":"","ed_cta_examples_text":"","ed_cta_examples_hidden":"","ed_cta_demo_text":"","ed_cta_demo_hidden":"","why_caption":"","why_editor_title":"","why_editor_text":"","why_team_title":"","why_team_text":"","why_service_title":"","why_service_text":"","template_catalog_visible":"","template_catalog_title":"","template_catalog_text":"","template_catalog_categories_visible":"","demo_title":"Erstellen Sie Ihre Erweiterung zur Alters\u00fcberpr\u00fcfung","demo_caption":"Konfigurieren Sie Ihre Altersverifizierung und f\u00fcgen Sie sie kostenlos zu Ihrer OpenCart-Website hinzu!","default_faq_hidden":"","app_template_category":[],"platform":"254","template_public_id":"","codecanyon_url":"","codecanyon_item_id":"","codecanyon_price":"","pricing_caption":"","pricing_elfsight_apps_hide_column":"","pricing_elfsight_apps_url":"","pricing_codecanyon_price_caption":"","integration_category":[],"integration_request_title":"","integration_request_cta":"","integration_platform":"","integrations":[],"platform_category":[],"video_schema_markup":"","price":"ab 0 $ \/ Monat","trial":"","benefits":[{"text":"Kostenloser Installationsservice"},{"text":"Erfahrener Kundensupport"},{"text":"14-t\u00e4gige R\u00fcckerstattungsgarantie"},{"text":"Zuk\u00fcnftige kostenlose Updates"}],"button_url":"#demo","button_target_blank":"","button_nofollow":"","attributes":[{"name":"Installiert","content":"10,000 - 100,000"},{"name":"Reaktionsfreudig","content":"Ja"},{"name":"Kompatible Browser","content":"Firefox, Chrome, Safari, Edge, Opera"}],"tags":[],"tags_disable_links":"","hide_more_platforms":"","video_object":"","demo_hide_cta":"","demo_hide_cloud_options":"","pricing_title":"","pricing":[{"pricing_icon":"platform","pricing_title":"Elfsight Apps","pricing_title_caption":"Plattform\u00fcbergreifende digitale L\u00f6sung, die zu jeder Website passt","pricing_price":"ab 0 $ \/ Monat","pricing_price_caption":"Beginnen Sie mit einem kostenlosen Plan","pricing_benefits":[{"text":"Unbegrenzte Domains"},{"text":"Professionelle Unternehmensunterst\u00fctzung"},{"text":"Kostenlose Installationshilfe"},{"text":"Flexibles Design"}],"pricing_button_text":"Zur Website hinzuf\u00fcgen","pricing_button_url":"#demo"}],"related_apps_title":"","related_apps_hidden":"","author":"","image":[],"title":"","job":"","social_networks":[]},"_links":{"self":[{"href":"https:\/\/elfsight.com\/de\/wp-json\/wp\/v2\/pages\/16608","targetHints":{"allow":["GET"]}}],"collection":[{"href":"https:\/\/elfsight.com\/de\/wp-json\/wp\/v2\/pages"}],"about":[{"href":"https:\/\/elfsight.com\/de\/wp-json\/wp\/v2\/types\/page"}],"author":[{"embeddable":true,"href":"https:\/\/elfsight.com\/de\/wp-json\/wp\/v2\/users\/9"}],"replies":[{"embeddable":true,"href":"https:\/\/elfsight.com\/de\/wp-json\/wp\/v2\/comments?post=16608"}],"version-history":[{"count":2,"href":"https:\/\/elfsight.com\/de\/wp-json\/wp\/v2\/pages\/16608\/revisions"}],"predecessor-version":[{"id":21148,"href":"https:\/\/elfsight.com\/de\/wp-json\/wp\/v2\/pages\/16608\/revisions\/21148"}],"up":[{"embeddable":true,"href":"https:\/\/elfsight.com\/de\/wp-json\/wp\/v2\/pages\/711"}],"wp:attachment":[{"href":"https:\/\/elfsight.com\/de\/wp-json\/wp\/v2\/media?parent=16608"}],"curies":[{"name":"wp","href":"https:\/\/api.w.org\/{rel}","templated":true}]}}