{"id":16607,"date":"2024-05-03T06:25:59","date_gmt":"2024-05-03T06:25:59","guid":{"rendered":"https:\/\/elfsight.com\/de\/?page_id=16607"},"modified":"2025-12-18T15:36:18","modified_gmt":"2025-12-18T15:36:18","slug":"shopify","status":"publish","type":"page","link":"https:\/\/elfsight.com\/de\/age-verification-widget\/shopify\/","title":{"rendered":"Age Verification &#8211; Shopify"},"content":{"rendered":"\n<div class=\"application-platform-content-item-description application-platform-content-item\" id=\"description\" data-nav-section=\"description\"> <h2>Alters\u00fcberpr\u00fcfung auf Shopify mit dem Elfsight-Widget einbetten<\/h2> <p>Dieses Widget ist die praktischste M\u00f6glichkeit, ein Sofortfenster zu konfigurieren. Hiermit wird das Alter eines Website-Besuchers abgefragt. Es macht altersbeschr\u00e4nktes Material f\u00fcr vollj\u00e4hrige Nutzer zug\u00e4nglich und sch\u00fctzt es vor dem minderj\u00e4hrigen Publikum. Es gibt Optionen zum Festlegen des Alters, zum Ausw\u00e4hlen der \u00dcberpr\u00fcfungsmethode, zum Hinzuf\u00fcgen des Popups auf jeder oder nur auf bestimmten Seiten und zum Ausw\u00e4hlen der Aktion nach Zugriffsverweigerung. Der Look ist flexibel und verf\u00fcgt \u00fcber \u00fcbermalbare Details und die M\u00f6glichkeit, individuelle Bilder hinzuzuf\u00fcgen. <\/p> <div class=\"faq\" data-component=\"FAQ\"> <div class=\"faq-item\">\r\n\t\t\t\t\t<div class=\"faq-item-question\">\r\n\t\t\t\t\t\t<h3 class=\"faq-item-question-text\">Wo auf meiner Website kann ich das Widget integrieren?<\/h3>\r\n\r\n\t\t\t\t\t\t<div class=\"faq-item-question-icon\"><\/div>\r\n\t\t\t\t\t<\/div>\r\n\r\n\t\t\t\t\t<div class=\"faq-item-answer\">\r\n\t\t\t\t\t\t<div class=\"faq-item-answer-text\"> <p>Sie k\u00f6nnen das Best\u00e4tigungs-Popup auf jeder Seite einbetten oder die Seiten ausw\u00e4hlen, auf denen es integriert werden soll. Au\u00dferdem k\u00f6nnen Sie mit der Option die Seiten ausschlie\u00dfen, auf denen Sie dies nicht m\u00f6chten. <\/p> <\/div>\r\n\t\t\t\t\t<\/div>\r\n\t\t\t\t<\/div> <div class=\"faq-item\">\r\n\t\t\t\t\t<div class=\"faq-item-question\">\r\n\t\t\t\t\t\t<h3 class=\"faq-item-question-text\">Welche Vorteile bringt es mir?<\/h3>\r\n\r\n\t\t\t\t\t\t<div class=\"faq-item-question-icon\"><\/div>\r\n\t\t\t\t\t<\/div>\r\n\r\n\t\t\t\t\t<div class=\"faq-item-answer\">\r\n\t\t\t\t\t\t<div class=\"faq-item-answer-text\"> <p>Mit Hilfe unseres Widgets k\u00f6nnen Sie ganz einfach und schnell ein Fenster zur Alters\u00fcberpr\u00fcfung konfigurieren und Ihre Inhalte f\u00fcr Minderj\u00e4hrige unzug\u00e4nglich machen Benutzer. So stellen Sie sicher, dass Ihre Website den gesetzlichen Bestimmungen entspricht. Au\u00dferdem erhalten Sie dadurch mehr Zielbesucher und g\u00fcltige potenzielle Kunden. <\/p> <\/div>\r\n\t\t\t\t\t<\/div>\r\n\t\t\t\t<\/div> <div class=\"faq-item\">\r\n\t\t\t\t\t<div class=\"faq-item-question\">\r\n\t\t\t\t\t\t<h3 class=\"faq-item-question-text\">Was ben\u00f6tige ich, um das Altersverifizierungs-Widget auf meiner Shopify-Website zu erhalten?<\/h3>\r\n\r\n\t\t\t\t\t\t<div class=\"faq-item-question-icon\"><\/div>\r\n\t\t\t\t\t<\/div>\r\n\r\n\t\t\t\t\t<div class=\"faq-item-answer\">\r\n\t\t\t\t\t\t<div class=\"faq-item-answer-text\"> <p>Das Einbetten des Widgets dauert zwei Minuten. Die Integration erfolgt \u00e4u\u00dferst schnell, kostenlos und ohne Programmierung. <\/p> <p>Die Elfsight-Altersverifizierung kann \u00fcber unseren Service oder auf dem Marktplatz eingef\u00fchrt werden. Hier k\u00f6nnen Sie die beiden Optionen detaillierter vergleichen und Ihre ausw\u00e4hlen.<\/p> <\/div>\r\n\t\t\t\t\t<\/div>\r\n\t\t\t\t<\/div> <\/div> <\/div> <div class=\"application-platform-content-item-features application-platform-content-item\" id=\"features\" data-nav-section=\"features\"> <h2>Hauptfunktionen des Altersverifizierungs-Widgets<\/h2> <p>Um sich ein besseres Bild vom Widget zu machen, k\u00f6nnen Sie einen Blick auf die Liste der Hauptmerkmale werfen. Sie machen das Widget f\u00fcr Sie unglaublich effektiv: <\/p> <ul><li>W\u00e4hlen Sie einen der Pr\u00fcftypen: Fragen Sie nach dem vollst\u00e4ndigen Geburtsdatum, nur nach dem Geburtsjahr oder stellen Sie eine Frage mit den Optionen \u201eJa\u201c und \u201eNein\u201c; <\/li><li>W\u00e4hlen Sie, Benutzer f\u00fcr einen beliebigen Zeitraum zu speichern. <\/li><li>Zwei m\u00f6gliche Szenarien zur Abschreckung von Besuchern: Anzeige eines benutzerdefinierten Textes oder Weiterleitung eines Benutzers an eine beliebige Adresse; <\/li><li>F\u00fcgen Sie ein beliebiges Bild hinzu, das im Best\u00e4tigungsfenster angezeigt werden soll. <\/li><li>Demonstrieren Sie zus\u00e4tzliche Informationen mit Links unter der Best\u00e4tigungsschaltfl\u00e4che. <\/li><\/ul><p><a href=\"#demo\">Unsere Live-Demo zeigt Ihnen alle Funktionen<\/a><\/p> <\/div><div class=\"application-platform-content-item-installation application-platform-content-item\" id=\"installation\" data-nav-section=\"installation\"> <h2>Sehen wir uns an, wie Sie die Altersverifizierungs-App in Ihrem Shopify-Shop einf\u00fchren. Es ist unglaublich einfach.<\/h2> <div class=\"video-container\">\n<iframe width=\"720\" height=\"405\" src=\"https:\/\/www.youtube.com\/embed\/HoyI5ybafJE?si=omOJ_TNxmSGHDny8\" frameborder=\"0\" allowfullscreen=\"\"><\/iframe>\n<\/div><p>Die folgenden Schritte sind das Einzige, was Sie tun m\u00fcssen, um das Widget einzurichten. <\/p> <ol><li><b>Nutzen Sie unseren kostenlosen Konfigurator und beginnen Sie mit der Erstellung Ihrer eigenen App. <\/b><br> Geben Sie die passende Anordnung und Eigenschaften der App an und \u00fcbernehmen Sie alle \u00c4nderungen. <\/li> <li><b>Sie erhalten Ihren individuellen Code, der im Feld von Elfsight Apps angezeigt wird. <\/b><br> Sobald die Generierung Ihrer pers\u00f6nlichen App abgeschlossen ist, kopieren Sie Ihren Code aus dem angezeigten Fenster und speichern Sie ihn zur sp\u00e4teren Verwendung. <\/li> <li><b>Beginnen Sie mit der Verwendung der App auf Ihrer Shopify-Seite.<\/b><br> Betten Sie den zuvor kopierten Code in Ihre Website ein und \u00fcbernehmen Sie die \u00c4nderungen.<\/li> <li><b>Die Installation ist vollst\u00e4ndig abgeschlossen.<\/b><br> Besuchen Sie Ihre Website, um sich die Funktionsweise der App anzusehen.<\/li><\/ol><p>Sie haben immer noch Zweifel? Oder haben Sie Fragen? Mit nur einer einzigen Anfrage an unseren Kundenservice ist alles erledigt.<\/p> <\/div>\n","protected":false},"excerpt":{"rendered":"","protected":false},"author":9,"featured_media":0,"parent":711,"menu_order":0,"comment_status":"closed","ping_status":"closed","template":"templates\/template-application-platform.php","meta":{"publish_to_discourse":"","publish_post_category":"","wpdc_auto_publish_overridden":"","wpdc_topic_tags":"","wpdc_pin_topic":"","wpdc_pin_until":"","discourse_post_id":"","discourse_permalink":"","wpdc_publishing_response":"","wpdc_publishing_error":"","footnotes":""},"class_list":["post-16607","page","type-page","status-publish","hentry"],"yoast_head":"<!-- This site is optimized with the Yoast SEO plugin v25.3.1 - https:\/\/yoast.com\/wordpress\/plugins\/seo\/ -->\n<title>Altersverifizierungs-App zur Shopify-Website hinzuf\u00fcgen (schnell und kostenlos)<\/title>\n<meta name=\"description\" content=\"Entwerfen Sie mit Elfsight Ihre Altersverifizierungs-App und f\u00fcgen Sie sie ganz einfach auf Ihrer Shopify-Website hinzu. Wir bieten kostenlosen Kundensupport und weitere Boni.\" \/>\n<meta name=\"robots\" content=\"index, follow, max-snippet:-1, max-image-preview:large, max-video-preview:-1\" \/>\n<link rel=\"canonical\" href=\"https:\/\/elfsight.com\/de\/age-verification-widget\/shopify\/\" \/>\n<meta property=\"og:locale\" content=\"de_DE\" \/>\n<meta property=\"og:type\" content=\"article\" \/>\n<meta property=\"og:title\" content=\"Altersverifizierungs-App zur Shopify-Website hinzuf\u00fcgen (schnell und kostenlos)\" \/>\n<meta property=\"og:description\" content=\"Entwerfen Sie mit Elfsight Ihre Altersverifizierungs-App und f\u00fcgen Sie sie ganz einfach auf Ihrer Shopify-Website hinzu. Wir bieten kostenlosen Kundensupport und weitere Boni.\" \/>\n<meta property=\"og:url\" content=\"https:\/\/elfsight.com\/de\/age-verification-widget\/shopify\/\" \/>\n<meta property=\"og:site_name\" content=\"Elfsight DE\" \/>\n<meta property=\"article:modified_time\" content=\"2025-12-18T15:36:18+00:00\" \/>\n<meta name=\"twitter:card\" content=\"summary_large_image\" \/>\n<meta name=\"twitter:label1\" content=\"Gesch\u00e4tzte Lesezeit\" \/>\n\t<meta name=\"twitter:data1\" content=\"3\u00a0Minuten\" \/>\n<!-- \/ Yoast SEO plugin. -->","yoast_head_json":{"title":"Altersverifizierungs-App zur Shopify-Website hinzuf\u00fcgen (schnell und kostenlos)","description":"Entwerfen Sie mit Elfsight Ihre Altersverifizierungs-App und f\u00fcgen Sie sie ganz einfach auf Ihrer Shopify-Website hinzu. Wir bieten kostenlosen Kundensupport und weitere Boni.","robots":{"index":"index","follow":"follow","max-snippet":"max-snippet:-1","max-image-preview":"max-image-preview:large","max-video-preview":"max-video-preview:-1"},"canonical":"https:\/\/elfsight.com\/de\/age-verification-widget\/shopify\/","og_locale":"de_DE","og_type":"article","og_title":"Altersverifizierungs-App zur Shopify-Website hinzuf\u00fcgen (schnell und kostenlos)","og_description":"Entwerfen Sie mit Elfsight Ihre Altersverifizierungs-App und f\u00fcgen Sie sie ganz einfach auf Ihrer Shopify-Website hinzu. Wir bieten kostenlosen Kundensupport und weitere Boni.","og_url":"https:\/\/elfsight.com\/de\/age-verification-widget\/shopify\/","og_site_name":"Elfsight DE","article_modified_time":"2025-12-18T15:36:18+00:00","twitter_card":"summary_large_image","twitter_misc":{"Gesch\u00e4tzte Lesezeit":"3\u00a0Minuten"},"schema":{"@context":"https:\/\/schema.org","@graph":[{"@type":"WebPage","@id":"https:\/\/elfsight.com\/de\/age-verification-widget\/shopify\/","url":"https:\/\/elfsight.com\/de\/age-verification-widget\/shopify\/","name":"Altersverifizierungs-App zur Shopify-Website hinzuf\u00fcgen (schnell und kostenlos)","isPartOf":{"@id":"https:\/\/elfsight.com\/de\/#website"},"datePublished":"2024-05-03T06:25:59+00:00","dateModified":"2025-12-18T15:36:18+00:00","description":"Entwerfen Sie mit Elfsight Ihre Altersverifizierungs-App und f\u00fcgen Sie sie ganz einfach auf Ihrer Shopify-Website hinzu. Wir bieten kostenlosen Kundensupport und weitere Boni.","breadcrumb":{"@id":"https:\/\/elfsight.com\/de\/age-verification-widget\/shopify\/#breadcrumb"},"inLanguage":"de","potentialAction":[{"@type":"ReadAction","target":["https:\/\/elfsight.com\/de\/age-verification-widget\/shopify\/"]}]},{"@type":"BreadcrumbList","@id":"https:\/\/elfsight.com\/de\/age-verification-widget\/shopify\/#breadcrumb","itemListElement":[{"@type":"ListItem","position":1,"name":"Home","item":"https:\/\/elfsight.com\/de\/"},{"@type":"ListItem","position":2,"name":"Age Verification","item":"https:\/\/elfsight.com\/de\/age-verification-widget\/"},{"@type":"ListItem","position":3,"name":"Age Verification &#8211; Shopify"}]},{"@type":"WebSite","@id":"https:\/\/elfsight.com\/de\/#website","url":"https:\/\/elfsight.com\/de\/","name":"Elfsight DE","description":"Just another Elfsight Sites site","potentialAction":[{"@type":"SearchAction","target":{"@type":"EntryPoint","urlTemplate":"https:\/\/elfsight.com\/de\/?s={search_term_string}"},"query-input":{"@type":"PropertyValueSpecification","valueRequired":true,"valueName":"search_term_string"}}],"inLanguage":"de"}]}},"meta_box":{"industry":"","seo_heading":"","heading":"","description":"","cta_heading":"","cta_description":"","application":"487","h1":"Shopify-App zur Alters\u00fcberpr\u00fcfung","h1_caption":"Stellen Sie mit einer einfachen und anpassbaren Altersverifizierungs-App auf Ihrer Shopify-Website sicher, dass verantwortungsbewusst auf altersbezogene Inhalte zugegriffen wird.","application_category":[],"applications_title":"","applications_request_title":"","applications_request_button_text":"","hero_text":"","hero_video":"","hero_video_schema_markup":"","selling_points_title":"","selling_points_caption":"","selling_points":[],"selling_points_cta_text":"","features_title":"","features":"","ed_cta_examples_text":"","ed_cta_examples_hidden":"","ed_cta_demo_text":"","ed_cta_demo_hidden":"","why_caption":"","why_editor_title":"","why_editor_text":"","why_team_title":"","why_team_text":"","why_service_title":"","why_service_text":"","template_catalog_visible":"0","template_catalog_title":"","template_catalog_text":"","template_catalog_categories_visible":"","demo_title":"Erstellen Sie Ihre Altersverifizierungs-App","demo_caption":"Konfigurieren Sie Ihre Altersverifizierung und f\u00fcgen Sie sie kostenlos zu Ihrer Shopify-Website hinzu!","default_faq_hidden":"","app_template_category":[],"platform":"253","template_public_id":"","codecanyon_url":"","codecanyon_item_id":"","codecanyon_price":"","pricing_caption":"","pricing_elfsight_apps_hide_column":"","pricing_elfsight_apps_url":"","pricing_codecanyon_price_caption":"","integration_category":[],"integration_request_title":"","integration_request_cta":"","integration_platform":"","integrations":[],"platform_category":[],"video_schema_markup":"","price":"ab 0 $ \/ Monat","trial":"","benefits":[{"text":"Kostenloser Installationsservice"},{"text":"Premium-Support"},{"text":"14-t\u00e4gige Geld-zur\u00fcck-Garantie"},{"text":"Kontinuierliche kostenlose Updates"}],"button_url":"#demo","button_target_blank":"0","button_nofollow":"0","attributes":[{"name":"Installiert","content":"10,000 - 100,000"},{"name":"Reaktionsfreudig","content":"Ja"},{"name":"Kompatible Browser","content":"Firefox, Safari, Opera, Chrome, Edge"}],"tags":[],"tags_disable_links":"0","hide_more_platforms":"0","video_object":"","demo_hide_cta":"0","demo_hide_cloud_options":"0","pricing_title":"","pricing":[{"pricing_icon":"platform","pricing_title":"Elfsight Apps","pricing_title_caption":"Plattform\u00fcbergreifende Version, die auf jeder Website funktioniert","pricing_price":"ab 0 $ \/ Monat","pricing_price_caption":"Beginnen Sie mit einem kostenlosen Plan","pricing_benefits":[{"text":"Unbegrenzte Websites"},{"text":"Premium-Support"},{"text":"Kostenloser Installationsservice"},{"text":"Sonderangebot f\u00fcr mehrere Apps"}],"pricing_button_text":"Zur Website hinzuf\u00fcgen","pricing_button_url":"#demo"}],"related_apps_title":"","related_apps_hidden":"0","author":"","image":[],"title":"","job":"","social_networks":[]},"_links":{"self":[{"href":"https:\/\/elfsight.com\/de\/wp-json\/wp\/v2\/pages\/16607","targetHints":{"allow":["GET"]}}],"collection":[{"href":"https:\/\/elfsight.com\/de\/wp-json\/wp\/v2\/pages"}],"about":[{"href":"https:\/\/elfsight.com\/de\/wp-json\/wp\/v2\/types\/page"}],"author":[{"embeddable":true,"href":"https:\/\/elfsight.com\/de\/wp-json\/wp\/v2\/users\/9"}],"replies":[{"embeddable":true,"href":"https:\/\/elfsight.com\/de\/wp-json\/wp\/v2\/comments?post=16607"}],"version-history":[{"count":4,"href":"https:\/\/elfsight.com\/de\/wp-json\/wp\/v2\/pages\/16607\/revisions"}],"predecessor-version":[{"id":25579,"href":"https:\/\/elfsight.com\/de\/wp-json\/wp\/v2\/pages\/16607\/revisions\/25579"}],"up":[{"embeddable":true,"href":"https:\/\/elfsight.com\/de\/wp-json\/wp\/v2\/pages\/711"}],"wp:attachment":[{"href":"https:\/\/elfsight.com\/de\/wp-json\/wp\/v2\/media?parent=16607"}],"curies":[{"name":"wp","href":"https:\/\/api.w.org\/{rel}","templated":true}]}}