{"id":16602,"date":"2024-05-03T06:25:58","date_gmt":"2024-05-03T06:25:58","guid":{"rendered":"https:\/\/elfsight.com\/de\/?page_id=16602"},"modified":"2025-02-20T12:43:31","modified_gmt":"2025-02-20T12:43:31","slug":"squarespace","status":"publish","type":"page","link":"https:\/\/elfsight.com\/de\/age-verification-widget\/squarespace\/","title":{"rendered":"Age Verification &#8211; Squarespace"},"content":{"rendered":"\n<div class=\"application-platform-content-item-description application-platform-content-item\" id=\"description\" data-nav-section=\"description\"> <h2>Einbetten der Alters\u00fcberpr\u00fcfung auf Squarespace mit dem Elfsight-Widget<\/h2> <p>Das Elfsight-Alters\u00fcberpr\u00fcfungs-Widget ist die beste Methode zum Einrichten eines Benachrichtigung, die das Alter eines Benutzers kontrolliert. Das Widget hilft dabei, Ihre altersbezogenen Inhalte f\u00fcr Erwachsene zug\u00e4nglich zu machen und sie vor minderj\u00e4hrigen Zuschauern zu verbergen. Sie k\u00f6nnen eine angemessene Altersbeschr\u00e4nkung festlegen, die \u00dcberpr\u00fcfungsmethode ausw\u00e4hlen, das Fenster auf allen oder nur bestimmten Seiten einf\u00fchren und das Szenario ausw\u00e4hlen. Der Look ist flexibel mit lackierbaren Details und der M\u00f6glichkeit, individuelle Bilder hochzuladen. <\/p> <div class=\"faq\" data-component=\"FAQ\"> <div class=\"faq-item\">\r\n\t\t\t\t\t<div class=\"faq-item-question\">\r\n\t\t\t\t\t\t<h3 class=\"faq-item-question-text\">Wo kann ich die Altersverifizierung ver\u00f6ffentlichen?<\/h3>\r\n\r\n\t\t\t\t\t\t<div class=\"faq-item-question-icon\"><\/div>\r\n\t\t\t\t\t<\/div>\r\n\r\n\t\t\t\t\t<div class=\"faq-item-answer\">\r\n\t\t\t\t\t\t<div class=\"faq-item-answer-text\"> <p>Sie k\u00f6nnen das Verifizierungsfenster entweder auf allen Websites einbetten oder die Seiten ausw\u00e4hlen, auf denen es integriert werden soll, oder mehrere Seiten ausschlie\u00dfen. <\/p> <\/div>\r\n\t\t\t\t\t<\/div>\r\n\t\t\t\t<\/div> <div class=\"faq-item\">\r\n\t\t\t\t\t<div class=\"faq-item-question\">\r\n\t\t\t\t\t\t<h3 class=\"faq-item-question-text\">Wie k\u00f6nnte ich davon profitieren?<\/h3>\r\n\r\n\t\t\t\t\t\t<div class=\"faq-item-question-icon\"><\/div>\r\n\t\t\t\t\t<\/div>\r\n\r\n\t\t\t\t\t<div class=\"faq-item-answer\">\r\n\t\t\t\t\t\t<div class=\"faq-item-answer-text\"> <p>Mit diesem Widget ist es \u00e4u\u00dferst einfach und schnell, ein Popup zur Alters\u00fcberpr\u00fcfung anzuzeigen und minderj\u00e4hrige Benutzer abzuschrecken. So stellen Sie sicher, dass Ihre Website den gesetzlichen Bestimmungen entspricht. Dar\u00fcber hinaus erhalten Sie mehr Zielgruppen und g\u00fcltige Kunden. <\/p> <\/div>\r\n\t\t\t\t\t<\/div>\r\n\t\t\t\t<\/div> <div class=\"faq-item\">\r\n\t\t\t\t\t<div class=\"faq-item-question\">\r\n\t\t\t\t\t\t<h3 class=\"faq-item-question-text\">Wie f\u00fcge ich die Altersverifizierung zu meiner Squarespace-Website hinzu?<\/h3>\r\n\r\n\t\t\t\t\t\t<div class=\"faq-item-question-icon\"><\/div>\r\n\t\t\t\t\t<\/div>\r\n\r\n\t\t\t\t\t<div class=\"faq-item-answer\">\r\n\t\t\t\t\t\t<div class=\"faq-item-answer-text\"> <p>Die Aktivierung des Widgets dauert nur ein paar Minuten. Die Einbettung erfolgt sehr schnell, kostenlos und ohne Programmieraufwand. <\/p> <p>Es besteht die M\u00f6glichkeit, die Alters\u00fcberpr\u00fcfung direkt in unserem Service auf Ihrer Website einzuf\u00fchren. Wenden Sie einfach den unten auf dieser Seite ver\u00f6ffentlichten Leitfaden an.<\/p> <\/div>\r\n\t\t\t\t\t<\/div>\r\n\t\t\t\t<\/div> <\/div> <\/div> <div class=\"application-platform-content-item-features application-platform-content-item\" id=\"features\" data-nav-section=\"features\"> <h2>Hauptfunktionen des Altersverifizierungs-Widgets<\/h2> <p>Um ein besseres Verst\u00e4ndnis des Altersverifizierungs-Widgets zu erlangen, sehen Sie sich die Liste seiner wesentlichen Funktionen an. Sie machen unser Widget f\u00fcr Ihr Unternehmen von gr\u00f6\u00dftm\u00f6glichem Nutzen: <\/p> <ul><li>W\u00e4hlen Sie eine von drei Verifizierungsmethoden: Abfrage des vollst\u00e4ndigen Geburtsdatums, nur des Geburtsjahres oder eine Frage mit Ja- und Nein-Antworten; <\/li><li>Stellen Sie das Widget so ein, dass es sich f\u00fcr einen beliebigen Zeitraum an einen Besucher erinnert. <\/li><li>2 m\u00f6gliche Szenarien f\u00fcr abgeschreckte Benutzer: Anzeige einer Nachricht oder Weiterleitung eines Benutzers an eine beliebige Adresse; <\/li><li>Laden Sie ein beliebiges Bild f\u00fcr das Scheck-Popup hoch; <\/li><li>Zeigen Sie zus\u00e4tzlichen Text und Links unter der Best\u00e4tigungsschaltfl\u00e4che an. <\/li><\/ul><p><a href=\"#demo\">Eine vollst\u00e4ndige Liste der Funktionen finden Sie in unserer Live-Demo<\/a><\/p> <\/div> <div class=\"application-platform-content-item-installation  application-platform-content-item\" id=\"installation \" data-nav-section=\"installation \"> <h2>\u00dcberpr\u00fcfen Sie, wie Sie das Altersverifizierungs-Widget auf Ihrer Squarespace-Website einf\u00fchren. Es ist unkompliziert und schnell.<\/h2> <div class=\"video-container\"><iframe width=\"560\" height=\"315\" src=\"https:\/\/www.youtube.com\/embed\/X3uKHw65C8M?si=1WO5JIeVJxBt5Jhw\" frameborder=\"0\" allow=\"accelerometer; autoplay; clipboard-write; encrypted-media; gyroscope; picture-in-picture; web-share\" allowfullscreen><\/iframe><\/div><p>Die folgenden Aktionen sind das Einzige, was Sie tun m\u00fcssen, um das Widget zu installieren. Es ist programmierungsfrei und schnell. <\/p> <ol><li><b>Erstellen Sie Ihr eigenes Altersverifizierungs-Plugin<\/b><br> Richten Sie mit unserem kostenlosen Editor ein Plugin mit einem bevorzugten Layout und Funktionen ein. <\/li><li><b>Kopieren Sie den pers\u00f6nlichen Code, um das Plugin hinzuzuf\u00fcgen<\/b><br> Nachdem Sie Ihr Widget eingerichtet haben, erhalten Sie Ihren pers\u00f6nlichen Code \u00fcber die erscheinende Benachrichtigung auf Elfsight Apps. Kopiere diesen Code. <\/li> <li><b>Integrieren Sie das Plugin auf Ihrer Squarespace-Site<\/b><br> Suchen Sie den Bereich, in dem Sie das Plugin platzieren m\u00f6chten, und f\u00fcgen Sie dort den gespeicherten Code ein. Ver\u00f6ffentlichen Sie die Ergebnisse. <\/li> <li><b>Fertig! <\/b><br> Geben Sie Ihre Website ein, um Ihr Plugin zu \u00fcberpr\u00fcfen.<\/li> <\/ol><p>Sie k\u00f6nnen sich immer noch nicht entscheiden? Oder haben Sie Fragen? Mit nur einer einzigen Anfrage an unser Support-Team l\u00e4sst sich jede Frage kl\u00e4ren. <\/p> <\/div>\n","protected":false},"excerpt":{"rendered":"","protected":false},"author":9,"featured_media":0,"parent":711,"menu_order":0,"comment_status":"closed","ping_status":"closed","template":"templates\/template-application-platform.php","meta":{"publish_to_discourse":"","publish_post_category":"","wpdc_auto_publish_overridden":"","wpdc_topic_tags":"","wpdc_pin_topic":"","wpdc_pin_until":"","discourse_post_id":"","discourse_permalink":"","wpdc_publishing_response":"","wpdc_publishing_error":"","footnotes":""},"class_list":["post-16602","page","type-page","status-publish","hentry"],"yoast_head":"<!-- This site is optimized with the Yoast SEO plugin v25.3.1 - https:\/\/yoast.com\/wordpress\/plugins\/seo\/ -->\n<title>Altersverifizierungs-Plugin f\u00fcr die Squarespace-Website (schnell und kostenlos)<\/title>\n<meta name=\"description\" content=\"Es ist ein Kinderspiel, Ihr Altersverifizierungs-Plugin zu entwerfen und auf der Squarespace-Website anzuzeigen. Der Elfsight-Kundensupport ist kostenlos.\" \/>\n<meta name=\"robots\" content=\"index, follow, max-snippet:-1, max-image-preview:large, max-video-preview:-1\" \/>\n<link rel=\"canonical\" href=\"https:\/\/elfsight.com\/de\/age-verification-widget\/squarespace\/\" \/>\n<meta property=\"og:locale\" content=\"de_DE\" \/>\n<meta property=\"og:type\" content=\"article\" \/>\n<meta property=\"og:title\" content=\"Altersverifizierungs-Plugin f\u00fcr die Squarespace-Website (schnell und kostenlos)\" \/>\n<meta property=\"og:description\" content=\"Es ist ein Kinderspiel, Ihr Altersverifizierungs-Plugin zu entwerfen und auf der Squarespace-Website anzuzeigen. Der Elfsight-Kundensupport ist kostenlos.\" \/>\n<meta property=\"og:url\" content=\"https:\/\/elfsight.com\/de\/age-verification-widget\/squarespace\/\" \/>\n<meta property=\"og:site_name\" content=\"Elfsight DE\" \/>\n<meta property=\"article:modified_time\" content=\"2025-02-20T12:43:31+00:00\" \/>\n<meta name=\"twitter:card\" content=\"summary_large_image\" \/>\n<meta name=\"twitter:label1\" content=\"Gesch\u00e4tzte Lesezeit\" \/>\n\t<meta name=\"twitter:data1\" content=\"3\u00a0Minuten\" \/>\n<!-- \/ Yoast SEO plugin. -->","yoast_head_json":{"title":"Altersverifizierungs-Plugin f\u00fcr die Squarespace-Website (schnell und kostenlos)","description":"Es ist ein Kinderspiel, Ihr Altersverifizierungs-Plugin zu entwerfen und auf der Squarespace-Website anzuzeigen. Der Elfsight-Kundensupport ist kostenlos.","robots":{"index":"index","follow":"follow","max-snippet":"max-snippet:-1","max-image-preview":"max-image-preview:large","max-video-preview":"max-video-preview:-1"},"canonical":"https:\/\/elfsight.com\/de\/age-verification-widget\/squarespace\/","og_locale":"de_DE","og_type":"article","og_title":"Altersverifizierungs-Plugin f\u00fcr die Squarespace-Website (schnell und kostenlos)","og_description":"Es ist ein Kinderspiel, Ihr Altersverifizierungs-Plugin zu entwerfen und auf der Squarespace-Website anzuzeigen. Der Elfsight-Kundensupport ist kostenlos.","og_url":"https:\/\/elfsight.com\/de\/age-verification-widget\/squarespace\/","og_site_name":"Elfsight DE","article_modified_time":"2025-02-20T12:43:31+00:00","twitter_card":"summary_large_image","twitter_misc":{"Gesch\u00e4tzte Lesezeit":"3\u00a0Minuten"},"schema":{"@context":"https:\/\/schema.org","@graph":[{"@type":"WebPage","@id":"https:\/\/elfsight.com\/de\/age-verification-widget\/squarespace\/","url":"https:\/\/elfsight.com\/de\/age-verification-widget\/squarespace\/","name":"Altersverifizierungs-Plugin f\u00fcr die Squarespace-Website (schnell und kostenlos)","isPartOf":{"@id":"https:\/\/elfsight.com\/de\/#website"},"datePublished":"2024-05-03T06:25:58+00:00","dateModified":"2025-02-20T12:43:31+00:00","description":"Es ist ein Kinderspiel, Ihr Altersverifizierungs-Plugin zu entwerfen und auf der Squarespace-Website anzuzeigen. Der Elfsight-Kundensupport ist kostenlos.","breadcrumb":{"@id":"https:\/\/elfsight.com\/de\/age-verification-widget\/squarespace\/#breadcrumb"},"inLanguage":"de","potentialAction":[{"@type":"ReadAction","target":["https:\/\/elfsight.com\/de\/age-verification-widget\/squarespace\/"]}]},{"@type":"BreadcrumbList","@id":"https:\/\/elfsight.com\/de\/age-verification-widget\/squarespace\/#breadcrumb","itemListElement":[{"@type":"ListItem","position":1,"name":"Home","item":"https:\/\/elfsight.com\/de\/"},{"@type":"ListItem","position":2,"name":"Age Verification","item":"https:\/\/elfsight.com\/de\/age-verification-widget\/"},{"@type":"ListItem","position":3,"name":"Age Verification &#8211; Squarespace"}]},{"@type":"WebSite","@id":"https:\/\/elfsight.com\/de\/#website","url":"https:\/\/elfsight.com\/de\/","name":"Elfsight DE","description":"Just another Elfsight Sites site","potentialAction":[{"@type":"SearchAction","target":{"@type":"EntryPoint","urlTemplate":"https:\/\/elfsight.com\/de\/?s={search_term_string}"},"query-input":{"@type":"PropertyValueSpecification","valueRequired":true,"valueName":"search_term_string"}}],"inLanguage":"de"}]}},"meta_box":{"industry":"","seo_heading":"","heading":"","description":"","cta_heading":"","cta_description":"","application":"487","h1":"Squarespace-Plugin zur Alters\u00fcberpr\u00fcfung","h1_caption":"Stellen Sie mit einem einfachen und anpassbaren Altersverifizierungs-Plugin in Ihrer Squarespace-Website sicher, dass verantwortungsvoll auf altersbezogene Inhalte zugegriffen wird.","application_category":[],"applications_title":"","applications_request_title":"","applications_request_button_text":"","hero_text":"","hero_video":"","hero_video_schema_markup":"","selling_points_title":"","selling_points_caption":"","selling_points":[],"selling_points_cta_text":"","features_title":"","features":"","ed_cta_examples_text":"","ed_cta_examples_hidden":"","ed_cta_demo_text":"","ed_cta_demo_hidden":"","why_caption":"","why_editor_title":"","why_editor_text":"","why_team_title":"","why_team_text":"","why_service_title":"","why_service_text":"","template_catalog_visible":"0","template_catalog_title":"","template_catalog_text":"","template_catalog_categories_visible":"","demo_title":"Erstellen Sie Ihr Altersverifizierungs-Plugin","demo_caption":"Konfigurieren Sie Ihre Altersverifizierung und f\u00fcgen Sie sie kostenlos zu Ihrer Squarespace-Website hinzu!","default_faq_hidden":"","app_template_category":[],"platform":"252","template_public_id":"","codecanyon_url":"","codecanyon_item_id":"","codecanyon_price":"","pricing_caption":"","pricing_elfsight_apps_hide_column":"","pricing_elfsight_apps_url":"","pricing_codecanyon_price_caption":"","integration_category":[],"integration_request_title":"","integration_request_cta":"","integration_platform":"","integrations":[],"platform_category":[],"video_schema_markup":"","price":"ab 0 $ \/ Monat","trial":"","benefits":[{"text":"Professioneller Kundenservice"},{"text":"Kostenlose Installationsunterst\u00fctzung"},{"text":"14-t\u00e4gige Geld-zur\u00fcck-Garantie"},{"text":"Lebenslange kostenlose Verbesserungen"}],"button_url":"#demo","button_target_blank":"0","button_nofollow":"0","attributes":[{"name":"Installiert","content":"10,000 - 100,000"},{"name":"Reaktionsfreudig","content":"Ja"},{"name":"Kompatible Browser","content":"Firefox, Safari, Opera, Chrome, Edge"}],"tags":[],"tags_disable_links":"0","hide_more_platforms":"0","video_object":"","demo_hide_cta":"0","demo_hide_cloud_options":"0","pricing_title":"","pricing":[{"pricing_icon":"platform","pricing_title":"Elfsight Apps","pricing_title_caption":"Multiplattform-L\u00f6sung, die f\u00fcr jeden Standort geeignet ist","pricing_price":"ab 0 $ \/ Monat","pricing_price_caption":"Beginnen Sie mit einem kostenlosen Plan","pricing_benefits":[{"text":"Unbegrenzte Domains"},{"text":"24\/7 und p\u00fcnktlicher Support und gut dokumentiert"},{"text":"Kostenloser Installationsservice"},{"text":"Vollst\u00e4ndig anpassbar"}],"pricing_button_text":"Zur Website hinzuf\u00fcgen","pricing_button_url":"#demo"}],"related_apps_title":"","related_apps_hidden":"0","author":"","image":[],"title":"","job":"","social_networks":[]},"_links":{"self":[{"href":"https:\/\/elfsight.com\/de\/wp-json\/wp\/v2\/pages\/16602","targetHints":{"allow":["GET"]}}],"collection":[{"href":"https:\/\/elfsight.com\/de\/wp-json\/wp\/v2\/pages"}],"about":[{"href":"https:\/\/elfsight.com\/de\/wp-json\/wp\/v2\/types\/page"}],"author":[{"embeddable":true,"href":"https:\/\/elfsight.com\/de\/wp-json\/wp\/v2\/users\/9"}],"replies":[{"embeddable":true,"href":"https:\/\/elfsight.com\/de\/wp-json\/wp\/v2\/comments?post=16602"}],"version-history":[{"count":5,"href":"https:\/\/elfsight.com\/de\/wp-json\/wp\/v2\/pages\/16602\/revisions"}],"predecessor-version":[{"id":24557,"href":"https:\/\/elfsight.com\/de\/wp-json\/wp\/v2\/pages\/16602\/revisions\/24557"}],"up":[{"embeddable":true,"href":"https:\/\/elfsight.com\/de\/wp-json\/wp\/v2\/pages\/711"}],"wp:attachment":[{"href":"https:\/\/elfsight.com\/de\/wp-json\/wp\/v2\/media?parent=16602"}],"curies":[{"name":"wp","href":"https:\/\/api.w.org\/{rel}","templated":true}]}}