{"id":16601,"date":"2024-05-03T06:25:57","date_gmt":"2024-05-03T06:25:57","guid":{"rendered":"https:\/\/elfsight.com\/de\/?page_id=16601"},"modified":"2025-02-20T12:47:20","modified_gmt":"2025-02-20T12:47:20","slug":"webflow","status":"publish","type":"page","link":"https:\/\/elfsight.com\/de\/age-verification-widget\/webflow\/","title":{"rendered":"Age Verification &#8211; Webflow"},"content":{"rendered":"\n<div class=\"application-platform-content-item-description application-platform-content-item\" id=\"description\" data-nav-section=\"description\"> <h2>Einbetten der Alters\u00fcberpr\u00fcfung in Webflow mit dem Elfsight-Widget<\/h2> <p>Das Elfsight-Alters\u00fcberpr\u00fcfungs-Widget ist die einfachste M\u00f6glichkeit, eine Sofort\u00fcberpr\u00fcfung einzurichten Fenster, das das Alter eines Besuchers \u00fcberpr\u00fcft. Unser Widget hilft dabei, altersempfindliche Materialien f\u00fcr erwachsene Benutzer zug\u00e4nglich zu machen und minderj\u00e4hrige Zuschauer davon abzuschrecken. Sie k\u00f6nnen das richtige Alter festlegen, die \u00dcberpr\u00fcfungsmethode ausw\u00e4hlen, das Fenster auf jeder oder nur ausgew\u00e4hlten Seiten einblenden und die Aktion ausw\u00e4hlen. Auch der Stil kann angepasst werden, einschlie\u00dflich \u00fcbermalbarer Elemente und der M\u00f6glichkeit, benutzerdefinierte Bilder hinzuzuf\u00fcgen.<\/p> <div class=\"faq\" data-component=\"FAQ\"> <div class=\"faq-item\">\r\n\t\t\t\t\t<div class=\"faq-item-question\">\r\n\t\t\t\t\t\t<h3 class=\"faq-item-question-text\">Wo kann ich es anzeigen?<\/h3>\r\n\r\n\t\t\t\t\t\t<div class=\"faq-item-question-icon\"><\/div>\r\n\t\t\t\t\t<\/div>\r\n\r\n\t\t\t\t\t<div class=\"faq-item-answer\">\r\n\t\t\t\t\t\t<div class=\"faq-item-answer-text\"> <p>Sie k\u00f6nnen w\u00e4hlen, ob das Verifizierungs-Popup auf jeder Seite angezeigt werden soll, oder bestimmte Seiten festlegen, wo es angezeigt werden soll. Dar\u00fcber hinaus besteht die M\u00f6glichkeit, die Seiten auszuschlie\u00dfen, auf denen Sie dies nicht m\u00f6chten.<\/p> <\/div>\r\n\t\t\t\t\t<\/div>\r\n\t\t\t\t<\/div> <div class=\"faq-item\">\r\n\t\t\t\t\t<div class=\"faq-item-question\">\r\n\t\t\t\t\t\t<h3 class=\"faq-item-question-text\">Wie profitiere ich von dem Widget? <\/h3>\r\n\r\n\t\t\t\t\t\t<div class=\"faq-item-question-icon\"><\/div>\r\n\t\t\t\t\t<\/div>\r\n\r\n\t\t\t\t\t<div class=\"faq-item-answer\">\r\n\t\t\t\t\t\t<div class=\"faq-item-answer-text\"> <p>Mit diesem Widget k\u00f6nnen Sie ganz einfach und schnell ein Fenster zur Alters\u00fcberpr\u00fcfung einbetten und Ihre Inhalte f\u00fcr minderj\u00e4hrige Besucher unzug\u00e4nglich machen. So stellen Sie sicher, dass Ihre Website den gesetzlichen Anforderungen entspricht. Au\u00dferdem werden dadurch neue Zielbesucher und g\u00fcltige Kunden angezogen. <\/p> <\/div>\r\n\t\t\t\t\t<\/div>\r\n\t\t\t\t<\/div> <div class=\"faq-item\">\r\n\t\t\t\t\t<div class=\"faq-item-question\">\r\n\t\t\t\t\t\t<h3 class=\"faq-item-question-text\">Wie kann ich die Alters\u00fcberpr\u00fcfung in meine Webflow-Site einbetten? <\/h3>\r\n\r\n\t\t\t\t\t\t<div class=\"faq-item-question-icon\"><\/div>\r\n\t\t\t\t\t<\/div>\r\n\r\n\t\t\t\t\t<div class=\"faq-item-answer\">\r\n\t\t\t\t\t\t<div class=\"faq-item-answer-text\"> <p>Es dauert eine Minute, bis Sie mit der Verwendung des Widgets beginnen k\u00f6nnen. Die Integration ist wirklich schnell, kostenlos und ohne Programmierung.<\/p> <ol> <li>Sie k\u00f6nnen das Widget direkt \u00fcber unseren Service in die Website einbetten. Befolgen Sie einfach die Anweisungen auf dieser Seite. <\/li> <li>Das Widget kann \u00fcber unseren Service oder \u00fcber den Marktplatz eingebettet werden. Hier k\u00f6nnen Sie beide Varianten vergleichen und eine passendere ausw\u00e4hlen.<\/li> <\/ol> <\/div>\r\n\t\t\t\t\t<\/div>\r\n\t\t\t\t<\/div> <\/div> <\/div> <div class=\"application-platform-content-item-features application-platform-content-item\" id=\"features\" data-nav-section=\"features\"> <h2>Hauptfunktionen des Altersverifizierungs-Widgets<\/h2> <p>Zum besseren Verst\u00e4ndnis Sehen Sie sich bei der Alters\u00fcberpr\u00fcfung die Liste der Hauptfunktionen des Widgets an. Sie machen dieses Widget f\u00fcr Ihren Shop wirklich n\u00fctzlich: <\/p> <ul><li>W\u00e4hlen Sie eines der Verifizierungsformate: Bitten Sie um das vollst\u00e4ndige Geburtsdatum, nur um das Geburtsjahr oder eine Frage mit den Optionen \u201eJa\u201c und \u201eNein\u201c.<\/li><li>Erinnern Sie sich an Benutzer f\u00fcr einen beliebigen Zeitraum. <\/li><li>Zwei Szenarien zur Abschreckung von Besuchern: Anzeigen einer benutzerdefinierten Nachricht oder Weiterleiten eines Benutzers an eine beliebige Adresse; <\/li><li>F\u00fcgen Sie ein beliebiges Bild hinzu, das im Best\u00e4tigungsfenster angezeigt werden soll. <\/li><li>Zeigen Sie zus\u00e4tzliche Details mit Links unter der Best\u00e4tigungsschaltfl\u00e4che an. <\/li><\/ul><p><a href=\"#demo\">Weitere Funktionen in der Demo ansehen<\/a><\/p> <\/div> <div class=\"application-platform-content-item-installation application-platform-content-item\" id=\"installation\" data-nav-section=\"installation\"> <h2>Entdecken Sie, wie um die Alters\u00fcberpr\u00fcfung zu Ihrer Webflow-Site hinzuzuf\u00fcgen. Es erfordert keine Codierung und ist sehr schnell.<\/h2><div class=\"video-container\"><iframe width=\"560\" height=\"315\" src=\"https:\/\/www.youtube.com\/embed\/rAr3jZG6hsA?si=DzBHnR0dlx8kh-O4\" frameborder=\"0\" allow=\"accelerometer; autoplay; clipboard-write; encrypted-media; gyroscope; picture-in-picture; web-share\" allowfullscreen><\/iframe><\/div>\n<p>Die folgenden Schritte sind das Einzige, was Sie ausf\u00fchren m\u00fcssen, um das Widget einzubetten.<\/p> <ol><li><b>Erstellen Sie Ihr einzigartiges Altersverifizierungs-Plugin<\/b><br> Richten Sie in unserem kostenlosen Konfigurator ein Plugin ein, w\u00e4hlen Sie ein Layout und passen Sie andere Schnittstellendetails an.<\/li><li><b>Erhalten Sie den pers\u00f6nlichen Code zum Hinzuf\u00fcgen des Plugins<\/b><br> Nachdem Sie Ihr Widget generiert haben, erhalten Sie Ihren Installationscode aus der angezeigten Benachrichtigung auf Elfsight Apps. Kopiere diesen Code.<\/li> <li><b>Betten Sie das Plugin in Ihre Webflow-Website ein<\/b><br> W\u00e4hlen Sie die Stelle aus, an der Sie das Plugin anzeigen m\u00f6chten, und f\u00fcgen Sie den kopierten Code dort ein. \u00dcbernehmen Sie die \u00c4nderungen.<\/li> <li><b>Sie haben die Installation erfolgreich abgeschlossen<\/b><br> Gehen Sie zur Website, um Ihr Widget anzuzeigen. <\/li> <\/ol><p>Sie k\u00f6nnen sich immer noch nicht entscheiden? Oder haben Sie Fragen? Senden Sie Ihre Anfrage einfach an unseren Kundendienst; Wir helfen Ihnen bei jedem Problem. <\/p> <\/div>\n","protected":false},"excerpt":{"rendered":"","protected":false},"author":9,"featured_media":0,"parent":711,"menu_order":0,"comment_status":"closed","ping_status":"closed","template":"templates\/template-application-platform.php","meta":{"publish_to_discourse":"","publish_post_category":"","wpdc_auto_publish_overridden":"","wpdc_topic_tags":"","wpdc_pin_topic":"","wpdc_pin_until":"","discourse_post_id":"","discourse_permalink":"","wpdc_publishing_response":"","wpdc_publishing_error":"","footnotes":""},"class_list":["post-16601","page","type-page","status-publish","hentry"],"yoast_head":"<!-- This site is optimized with the Yoast SEO plugin v25.3.1 - https:\/\/yoast.com\/wordpress\/plugins\/seo\/ -->\n<title>Widget zur Alters\u00fcberpr\u00fcfung zur Webflow-Website hinzuf\u00fcgen (schnell und kostenlos)<\/title>\n<meta name=\"description\" content=\"Erstellen Sie mit Elfsight Ihr Altersverifizierungs-Widget und ver\u00f6ffentlichen Sie es ganz einfach auf der Webflow-Website. Wir bieten kostenlosen Kundensupport und weitere Boni.\" \/>\n<meta name=\"robots\" content=\"index, follow, max-snippet:-1, max-image-preview:large, max-video-preview:-1\" \/>\n<link rel=\"canonical\" href=\"https:\/\/elfsight.com\/de\/age-verification-widget\/webflow\/\" \/>\n<meta property=\"og:locale\" content=\"de_DE\" \/>\n<meta property=\"og:type\" content=\"article\" \/>\n<meta property=\"og:title\" content=\"Widget zur Alters\u00fcberpr\u00fcfung zur Webflow-Website hinzuf\u00fcgen (schnell und kostenlos)\" \/>\n<meta property=\"og:description\" content=\"Erstellen Sie mit Elfsight Ihr Altersverifizierungs-Widget und ver\u00f6ffentlichen Sie es ganz einfach auf der Webflow-Website. Wir bieten kostenlosen Kundensupport und weitere Boni.\" \/>\n<meta property=\"og:url\" content=\"https:\/\/elfsight.com\/de\/age-verification-widget\/webflow\/\" \/>\n<meta property=\"og:site_name\" content=\"Elfsight DE\" \/>\n<meta property=\"article:modified_time\" content=\"2025-02-20T12:47:20+00:00\" \/>\n<meta name=\"twitter:card\" content=\"summary_large_image\" \/>\n<meta name=\"twitter:label1\" content=\"Gesch\u00e4tzte Lesezeit\" \/>\n\t<meta name=\"twitter:data1\" content=\"3\u00a0Minuten\" \/>\n<!-- \/ Yoast SEO plugin. -->","yoast_head_json":{"title":"Widget zur Alters\u00fcberpr\u00fcfung zur Webflow-Website hinzuf\u00fcgen (schnell und kostenlos)","description":"Erstellen Sie mit Elfsight Ihr Altersverifizierungs-Widget und ver\u00f6ffentlichen Sie es ganz einfach auf der Webflow-Website. Wir bieten kostenlosen Kundensupport und weitere Boni.","robots":{"index":"index","follow":"follow","max-snippet":"max-snippet:-1","max-image-preview":"max-image-preview:large","max-video-preview":"max-video-preview:-1"},"canonical":"https:\/\/elfsight.com\/de\/age-verification-widget\/webflow\/","og_locale":"de_DE","og_type":"article","og_title":"Widget zur Alters\u00fcberpr\u00fcfung zur Webflow-Website hinzuf\u00fcgen (schnell und kostenlos)","og_description":"Erstellen Sie mit Elfsight Ihr Altersverifizierungs-Widget und ver\u00f6ffentlichen Sie es ganz einfach auf der Webflow-Website. Wir bieten kostenlosen Kundensupport und weitere Boni.","og_url":"https:\/\/elfsight.com\/de\/age-verification-widget\/webflow\/","og_site_name":"Elfsight DE","article_modified_time":"2025-02-20T12:47:20+00:00","twitter_card":"summary_large_image","twitter_misc":{"Gesch\u00e4tzte Lesezeit":"3\u00a0Minuten"},"schema":{"@context":"https:\/\/schema.org","@graph":[{"@type":"WebPage","@id":"https:\/\/elfsight.com\/de\/age-verification-widget\/webflow\/","url":"https:\/\/elfsight.com\/de\/age-verification-widget\/webflow\/","name":"Widget zur Alters\u00fcberpr\u00fcfung zur Webflow-Website hinzuf\u00fcgen (schnell und kostenlos)","isPartOf":{"@id":"https:\/\/elfsight.com\/de\/#website"},"datePublished":"2024-05-03T06:25:57+00:00","dateModified":"2025-02-20T12:47:20+00:00","description":"Erstellen Sie mit Elfsight Ihr Altersverifizierungs-Widget und ver\u00f6ffentlichen Sie es ganz einfach auf der Webflow-Website. Wir bieten kostenlosen Kundensupport und weitere Boni.","breadcrumb":{"@id":"https:\/\/elfsight.com\/de\/age-verification-widget\/webflow\/#breadcrumb"},"inLanguage":"de","potentialAction":[{"@type":"ReadAction","target":["https:\/\/elfsight.com\/de\/age-verification-widget\/webflow\/"]}]},{"@type":"BreadcrumbList","@id":"https:\/\/elfsight.com\/de\/age-verification-widget\/webflow\/#breadcrumb","itemListElement":[{"@type":"ListItem","position":1,"name":"Home","item":"https:\/\/elfsight.com\/de\/"},{"@type":"ListItem","position":2,"name":"Age Verification","item":"https:\/\/elfsight.com\/de\/age-verification-widget\/"},{"@type":"ListItem","position":3,"name":"Age Verification &#8211; Webflow"}]},{"@type":"WebSite","@id":"https:\/\/elfsight.com\/de\/#website","url":"https:\/\/elfsight.com\/de\/","name":"Elfsight DE","description":"Just another Elfsight Sites site","potentialAction":[{"@type":"SearchAction","target":{"@type":"EntryPoint","urlTemplate":"https:\/\/elfsight.com\/de\/?s={search_term_string}"},"query-input":{"@type":"PropertyValueSpecification","valueRequired":true,"valueName":"search_term_string"}}],"inLanguage":"de"}]}},"meta_box":{"industry":"","seo_heading":"","heading":"","description":"","cta_heading":"","cta_description":"","application":"487","h1":"Widget zur Webflow-Alters\u00fcberpr\u00fcfung","h1_caption":"Stellen Sie mit einem einfachen und anpassbaren Alters\u00fcberpr\u00fcfungs-Widget in Ihrer Webflow-Website sicher, dass verantwortungsbewusst auf altersbezogene Inhalte zugegriffen wird.","application_category":[],"applications_title":"","applications_request_title":"","applications_request_button_text":"","hero_text":"","hero_video":"","hero_video_schema_markup":"","selling_points_title":"","selling_points_caption":"","selling_points":[],"selling_points_cta_text":"","features_title":"","features":"","ed_cta_examples_text":"","ed_cta_examples_hidden":"","ed_cta_demo_text":"","ed_cta_demo_hidden":"","why_caption":"","why_editor_title":"","why_editor_text":"","why_team_title":"","why_team_text":"","why_service_title":"","why_service_text":"","template_catalog_visible":"0","template_catalog_title":"","template_catalog_text":"","template_catalog_categories_visible":"","demo_title":"Erstellen Sie Ihr Altersverifizierungs-Widget","demo_caption":"Konfigurieren Sie Ihre Altersverifizierung und f\u00fcgen Sie sie kostenlos zu Ihrer Webflow-Website hinzu!","default_faq_hidden":"","app_template_category":[],"platform":"250","template_public_id":"","codecanyon_url":"","codecanyon_item_id":"","codecanyon_price":"","pricing_caption":"","pricing_elfsight_apps_hide_column":"","pricing_elfsight_apps_url":"","pricing_codecanyon_price_caption":"","integration_category":[],"integration_request_title":"","integration_request_cta":"","integration_platform":"","integrations":[],"platform_category":[],"video_schema_markup":"","price":"ab 0 $ \/ Monat","trial":"","benefits":[{"text":"Kostenloser Installationsservice"},{"text":"Professioneller Kundenservice"},{"text":"14-t\u00e4gige Geld-zur\u00fcck-Garantie"},{"text":"Kontinuierliche kostenlose Updates"}],"button_url":"#demo","button_target_blank":"0","button_nofollow":"0","attributes":[{"name":"Installiert","content":"10,000 - 100,000"},{"name":"Reaktionsfreudig","content":"Ja"},{"name":"Kompatible Browser","content":"Safari, Opera, Chrome, Edge, Firefox"}],"tags":[],"tags_disable_links":"0","hide_more_platforms":"0","video_object":"","demo_hide_cta":"0","demo_hide_cloud_options":"0","pricing_title":"","pricing":[{"pricing_icon":"platform","pricing_title":"Elfsight Apps","pricing_title_caption":"Multiplattform-L\u00f6sung","pricing_price":"ab 0 $ \/ Monat","pricing_price_caption":"Beginnen Sie mit einem kostenlosen Plan","pricing_benefits":[{"text":"Unbegrenzte Websites"},{"text":"Professionelle Unterst\u00fctzung"},{"text":"Kostenloser Installationssupport"},{"text":"Sonderangebot f\u00fcr mehrere Apps"}],"pricing_button_text":"Zur Website hinzuf\u00fcgen","pricing_button_url":"#demo"}],"related_apps_title":"","related_apps_hidden":"0","author":"","image":[],"title":"","job":"","social_networks":[]},"_links":{"self":[{"href":"https:\/\/elfsight.com\/de\/wp-json\/wp\/v2\/pages\/16601","targetHints":{"allow":["GET"]}}],"collection":[{"href":"https:\/\/elfsight.com\/de\/wp-json\/wp\/v2\/pages"}],"about":[{"href":"https:\/\/elfsight.com\/de\/wp-json\/wp\/v2\/types\/page"}],"author":[{"embeddable":true,"href":"https:\/\/elfsight.com\/de\/wp-json\/wp\/v2\/users\/9"}],"replies":[{"embeddable":true,"href":"https:\/\/elfsight.com\/de\/wp-json\/wp\/v2\/comments?post=16601"}],"version-history":[{"count":3,"href":"https:\/\/elfsight.com\/de\/wp-json\/wp\/v2\/pages\/16601\/revisions"}],"predecessor-version":[{"id":24559,"href":"https:\/\/elfsight.com\/de\/wp-json\/wp\/v2\/pages\/16601\/revisions\/24559"}],"up":[{"embeddable":true,"href":"https:\/\/elfsight.com\/de\/wp-json\/wp\/v2\/pages\/711"}],"wp:attachment":[{"href":"https:\/\/elfsight.com\/de\/wp-json\/wp\/v2\/media?parent=16601"}],"curies":[{"name":"wp","href":"https:\/\/api.w.org\/{rel}","templated":true}]}}