{"id":16600,"date":"2024-05-03T06:25:56","date_gmt":"2024-05-03T06:25:56","guid":{"rendered":"https:\/\/elfsight.com\/de\/?page_id=16600"},"modified":"2025-07-08T09:38:55","modified_gmt":"2025-07-08T09:38:55","slug":"webnode","status":"publish","type":"page","link":"https:\/\/elfsight.com\/de\/age-verification-widget\/webnode\/","title":{"rendered":"Age Verification &#8211; Webnode"},"content":{"rendered":"<div class=\"application-platform-content-item-description application-platform-content-item\" id=\"description\" data-nav-section=\"description\"> <h2>Beschreibung<\/h2> <p>Unser Widget wird die praktischste Methode zum Erstellen einer Benachrichtigung sein, die das Alter eines Benutzers steuert. Unser Widget hilft dabei, Ihr altersbeschr\u00e4nktes Material f\u00fcr vollj\u00e4hrige Benutzer zug\u00e4nglich zu machen und den Zugriff darauf f\u00fcr minderj\u00e4hrige Zuschauer zu blockieren. Mit dem Widget k\u00f6nnen Sie die Altersgrenze festlegen, das \u00dcberpr\u00fcfungsformat ausw\u00e4hlen, das Fenster auf jeder Seite oder nur auf bestimmten Seiten platzieren und die Aktion nach Zugriffsverweigerung ausw\u00e4hlen. Sie haben auch die Kontrolle \u00fcber das Erscheinungsbild mit \u00fcbermalbaren Elementen und der M\u00f6glichkeit, benutzerdefinierte Bilder anzuzeigen. <\/p> <div class=\"faq\" data-component=\"FAQ\"> <div class=\"faq-item\">\r\n\t\t\t\t\t<div class=\"faq-item-question\">\r\n\t\t\t\t\t\t<h3 class=\"faq-item-question-text\">Wo kann ich das Alters\u00fcberpr\u00fcfungs-Widget anzeigen?<\/h3>\r\n\r\n\t\t\t\t\t\t<div class=\"faq-item-question-icon\"><\/div>\r\n\t\t\t\t\t<\/div>\r\n\r\n\t\t\t\t\t<div class=\"faq-item-answer\">\r\n\t\t\t\t\t\t<div class=\"faq-item-answer-text\"> <p>Sie k\u00f6nnen w\u00e4hlen, ob das Alters\u00fcberpr\u00fcfungs-Popup auf jeder Seite angezeigt werden soll, oder die Seiten ausw\u00e4hlen, auf denen es angezeigt werden soll. Dar\u00fcber hinaus gibt es die M\u00f6glichkeit, Seiten auszuschlie\u00dfen, auf denen Sie es nicht ben\u00f6tigen. <\/p> <\/div>\r\n\t\t\t\t\t<\/div>\r\n\t\t\t\t<\/div> <div class=\"faq-item\">\r\n\t\t\t\t\t<div class=\"faq-item-question\">\r\n\t\t\t\t\t\t<h3 class=\"faq-item-question-text\">Welche Vorteile bringt es mir?<\/h3>\r\n\r\n\t\t\t\t\t\t<div class=\"faq-item-question-icon\"><\/div>\r\n\t\t\t\t\t<\/div>\r\n\r\n\t\t\t\t\t<div class=\"faq-item-answer\">\r\n\t\t\t\t\t\t<div class=\"faq-item-answer-text\"> <p>Mit unserem Widget k\u00f6nnen Sie ganz einfach und schnell ein Fenster zur Alters\u00fcberpr\u00fcfung anzeigen und Ihre Inhalte vor minderj\u00e4hrigen Besuchern verbergen. So stellen Sie sicher, dass Ihre Website den gesetzlichen Anforderungen entspricht. Dar\u00fcber hinaus werden dadurch mehr Zielgruppen und g\u00fcltige potenzielle Kunden angezogen. <\/p> <\/div>\r\n\t\t\t\t\t<\/div>\r\n\t\t\t\t<\/div> <div class=\"faq-item\">\r\n\t\t\t\t\t<div class=\"faq-item-question\">\r\n\t\t\t\t\t\t<h3 class=\"faq-item-question-text\">Was ben\u00f6tige ich, um die Altersverifizierung auf meiner Webnode-Website hinzuzuf\u00fcgen?<\/h3>\r\n\r\n\t\t\t\t\t\t<div class=\"faq-item-question-icon\"><\/div>\r\n\t\t\t\t\t<\/div>\r\n\r\n\t\t\t\t\t<div class=\"faq-item-answer\">\r\n\t\t\t\t\t\t<div class=\"faq-item-answer-text\"> <p>Die Aktivierung des Widgets dauert nur drei Minuten. Das Hinzuf\u00fcgen zur Website ist superschnell, kostenlos und erfordert keine Programmierung. <\/p> <p>Es besteht die M\u00f6glichkeit, die Alters\u00fcberpr\u00fcfung direkt \u00fcber unseren Dienst in die Website zu integrieren. Sehen Sie sich einfach die kurze Beschreibung weiter unten auf dieser Seite an.<\/p> <\/div>\r\n\t\t\t\t\t<\/div>\r\n\t\t\t\t<\/div> <\/div> <\/div> <div class=\"application-platform-content-item-features application-platform-content-item\" id=\"features\" data-nav-section=\"features\"> <h2>Funktionen<\/h2> <p>Um ein umfassendes Wissen zu schaffen Sehen Sie sich im Widget die Liste der Hauptfunktionen an. Sie machen dieses Widget f\u00fcr Sie unglaublich effizient: <\/p> <ul><li>W\u00e4hlen Sie einen der Pr\u00fcftypen aus: Eingabe des vollst\u00e4ndigen Geburtsdatums, nur des Geburtsjahres oder Auswahl der Schaltfl\u00e4chen \u201eJa\u201c und \u201eNein\u201c; <\/li><li>Stellen Sie das Widget so ein, dass es sich f\u00fcr einen beliebigen Zeitraum an einen Besucher erinnert. <\/li><li>2 Szenarien f\u00fcr minderj\u00e4hrige Benutzer: um eine benutzerdefinierte Nachricht anzuzeigen oder einen Benutzer zu einer beliebigen Seite oder Website weiterzuleiten; <\/li><li>Laden Sie Ihr eigenes Bild, um es im Fenster zur Alters\u00fcberpr\u00fcfung anzuzeigen. <\/li><li>Zeigen Sie zus\u00e4tzliche Informationen mit Links unter der Best\u00e4tigungsschaltfl\u00e4che an. <\/li><\/ul><p><a href=\"#demo\">Erfahren Sie weitere Funktionen in unserer Live-Demo<\/a><\/p> <\/div><div class=\"application-platform-content-item-installation application-platform-content-item\" id=\"installation\" data-nav-section=\"installation\"> <h2> Erfahren Sie, wie Sie das Altersverifizierungs-Widget zu Ihrer Website hinzuf\u00fcgen. Es ist eins, zwei, drei einfach<\/h2> <p>F\u00fchren Sie die folgenden Schritte aus, um das Widget einzurichten. <\/p> <ol><li><b>Erstellen Sie Ihr individuelles Altersverifizierungs-Plugin<\/b><br> Konfigurieren Sie mithilfe unserer kostenlosen Demo ein Plugin und w\u00e4hlen Sie bevorzugte Schnittstellen- und Funktionsoptionen aus. <\/li><li><b>Kopieren Sie den pers\u00f6nlichen Code, um das Plugin anzuzeigen<\/b><br> Nachdem Sie Ihr Widget erstellt haben, erhalten Sie Ihren Installationscode \u00fcber die Popup-Benachrichtigung auf Elfsight Apps. Kopieren Sie den Code. <\/li> <li><b>Zeigen Sie das Plugin auf Ihrer Webnode-Site an<\/b><br> Suchen Sie den Bereich, in den Sie das Plugin einbetten m\u00f6chten, und f\u00fcgen Sie dort den gespeicherten Code hinzu. \u00dcbernehmen Sie die \u00c4nderungen.<\/li> <li><b>Herzlichen Gl\u00fcckwunsch! Sie haben das Widget gerade ver\u00f6ffentlicht! <\/b><br> Besuchen Sie die Website, um einen Blick auf Ihre Arbeit zu werfen.<\/li> <\/ol><p>Sie k\u00f6nnen sich immer noch nicht entscheiden? Oder haben Sie Probleme? Senden Sie einfach eine Anfrage an unseren Kundenservice, um jedes Problem zu l\u00f6sen.<\/p> <\/div>","protected":false},"excerpt":{"rendered":"","protected":false},"author":9,"featured_media":0,"parent":711,"menu_order":0,"comment_status":"closed","ping_status":"closed","template":"templates\/template-application-platform.php","meta":{"publish_to_discourse":"","publish_post_category":"","wpdc_auto_publish_overridden":"","wpdc_topic_tags":"","wpdc_pin_topic":"","wpdc_pin_until":"","discourse_post_id":"","discourse_permalink":"","wpdc_publishing_response":"","wpdc_publishing_error":"","footnotes":""},"class_list":["post-16600","page","type-page","status-publish","hentry"],"yoast_head":"<!-- This site is optimized with the Yoast SEO plugin v25.3.1 - https:\/\/yoast.com\/wordpress\/plugins\/seo\/ -->\n<title>Altersverifizierung zur Webnode-Website hinzuf\u00fcgen (schnell und kostenlos)<\/title>\n<meta name=\"description\" content=\"Erstellen Sie mit Elfsight Ihren Altersnachweis und zeigen Sie ihn schnell auf der Webnode-Seite an. Wir bieten kostenlosen Kundensupport und andere Boni.\" \/>\n<meta name=\"robots\" content=\"index, follow, max-snippet:-1, max-image-preview:large, max-video-preview:-1\" \/>\n<link rel=\"canonical\" href=\"https:\/\/elfsight.com\/de\/age-verification-widget\/webnode\/\" \/>\n<meta property=\"og:locale\" content=\"de_DE\" \/>\n<meta property=\"og:type\" content=\"article\" \/>\n<meta property=\"og:title\" content=\"Altersverifizierung zur Webnode-Website hinzuf\u00fcgen (schnell und kostenlos)\" \/>\n<meta property=\"og:description\" content=\"Erstellen Sie mit Elfsight Ihren Altersnachweis und zeigen Sie ihn schnell auf der Webnode-Seite an. Wir bieten kostenlosen Kundensupport und andere Boni.\" \/>\n<meta property=\"og:url\" content=\"https:\/\/elfsight.com\/de\/age-verification-widget\/webnode\/\" \/>\n<meta property=\"og:site_name\" content=\"Elfsight DE\" \/>\n<meta property=\"article:modified_time\" content=\"2025-07-08T09:38:55+00:00\" \/>\n<meta name=\"twitter:card\" content=\"summary_large_image\" \/>\n<meta name=\"twitter:label1\" content=\"Gesch\u00e4tzte Lesezeit\" \/>\n\t<meta name=\"twitter:data1\" content=\"3\u00a0Minuten\" \/>\n<!-- \/ Yoast SEO plugin. -->","yoast_head_json":{"title":"Altersverifizierung zur Webnode-Website hinzuf\u00fcgen (schnell und kostenlos)","description":"Erstellen Sie mit Elfsight Ihren Altersnachweis und zeigen Sie ihn schnell auf der Webnode-Seite an. Wir bieten kostenlosen Kundensupport und andere Boni.","robots":{"index":"index","follow":"follow","max-snippet":"max-snippet:-1","max-image-preview":"max-image-preview:large","max-video-preview":"max-video-preview:-1"},"canonical":"https:\/\/elfsight.com\/de\/age-verification-widget\/webnode\/","og_locale":"de_DE","og_type":"article","og_title":"Altersverifizierung zur Webnode-Website hinzuf\u00fcgen (schnell und kostenlos)","og_description":"Erstellen Sie mit Elfsight Ihren Altersnachweis und zeigen Sie ihn schnell auf der Webnode-Seite an. Wir bieten kostenlosen Kundensupport und andere Boni.","og_url":"https:\/\/elfsight.com\/de\/age-verification-widget\/webnode\/","og_site_name":"Elfsight DE","article_modified_time":"2025-07-08T09:38:55+00:00","twitter_card":"summary_large_image","twitter_misc":{"Gesch\u00e4tzte Lesezeit":"3\u00a0Minuten"},"schema":{"@context":"https:\/\/schema.org","@graph":[{"@type":"WebPage","@id":"https:\/\/elfsight.com\/de\/age-verification-widget\/webnode\/","url":"https:\/\/elfsight.com\/de\/age-verification-widget\/webnode\/","name":"Altersverifizierung zur Webnode-Website hinzuf\u00fcgen (schnell und kostenlos)","isPartOf":{"@id":"https:\/\/elfsight.com\/de\/#website"},"datePublished":"2024-05-03T06:25:56+00:00","dateModified":"2025-07-08T09:38:55+00:00","description":"Erstellen Sie mit Elfsight Ihren Altersnachweis und zeigen Sie ihn schnell auf der Webnode-Seite an. Wir bieten kostenlosen Kundensupport und andere Boni.","breadcrumb":{"@id":"https:\/\/elfsight.com\/de\/age-verification-widget\/webnode\/#breadcrumb"},"inLanguage":"de","potentialAction":[{"@type":"ReadAction","target":["https:\/\/elfsight.com\/de\/age-verification-widget\/webnode\/"]}]},{"@type":"BreadcrumbList","@id":"https:\/\/elfsight.com\/de\/age-verification-widget\/webnode\/#breadcrumb","itemListElement":[{"@type":"ListItem","position":1,"name":"Home","item":"https:\/\/elfsight.com\/de\/"},{"@type":"ListItem","position":2,"name":"Age Verification","item":"https:\/\/elfsight.com\/de\/age-verification-widget\/"},{"@type":"ListItem","position":3,"name":"Age Verification &#8211; Webnode"}]},{"@type":"WebSite","@id":"https:\/\/elfsight.com\/de\/#website","url":"https:\/\/elfsight.com\/de\/","name":"Elfsight DE","description":"Just another Elfsight Sites site","potentialAction":[{"@type":"SearchAction","target":{"@type":"EntryPoint","urlTemplate":"https:\/\/elfsight.com\/de\/?s={search_term_string}"},"query-input":{"@type":"PropertyValueSpecification","valueRequired":true,"valueName":"search_term_string"}}],"inLanguage":"de"}]}},"meta_box":{"industry":"","seo_heading":"","heading":"","description":"","cta_heading":"","cta_description":"","application":"487","h1":"Webnode-Alters\u00fcberpr\u00fcfung","h1_caption":"Stellen Sie mit einem einfachen und anpassbaren Altersverifizierungs-Widget auf Ihrer Webnode-Website sicher, dass verantwortungsbewusst auf altersbezogene Inhalte zugegriffen wird.","application_category":[],"applications_title":"","applications_request_title":"","applications_request_button_text":"","hero_text":"","hero_video":"","hero_video_schema_markup":"","selling_points_title":"","selling_points_caption":"","selling_points":[],"selling_points_cta_text":"","features_title":"","features":"","ed_cta_examples_text":"","ed_cta_examples_hidden":"","ed_cta_demo_text":"","ed_cta_demo_hidden":"","why_caption":"","why_editor_title":"","why_editor_text":"","why_team_title":"","why_team_text":"","why_service_title":"","why_service_text":"","template_catalog_visible":"","template_catalog_title":"","template_catalog_text":"","template_catalog_categories_visible":"","demo_title":"Erstellen Sie Ihr Altersverifizierungs-Widget","demo_caption":"Konfigurieren Sie Ihre Altersverifizierung und f\u00fcgen Sie sie kostenlos zu Ihrer Webnode-Website hinzu!","default_faq_hidden":"","app_template_category":[],"platform":"248","template_public_id":"","codecanyon_url":"","codecanyon_item_id":"","codecanyon_price":"","pricing_caption":"","pricing_elfsight_apps_hide_column":"","pricing_elfsight_apps_url":"","pricing_codecanyon_price_caption":"","integration_category":[],"integration_request_title":"","integration_request_cta":"","integration_platform":"","integrations":[],"platform_category":[],"video_schema_markup":"","price":"ab 0 $ \/ Monat","trial":"","benefits":[{"text":"Kostenlose Installationsunterst\u00fctzung"},{"text":"Erfahrener Kundensupport"},{"text":"14-t\u00e4gige Geld-zur\u00fcck-Garantie"},{"text":"Fortlaufende Entwicklung"}],"button_url":"#demo","button_target_blank":"","button_nofollow":"","attributes":[{"name":"Installiert","content":"10,000 - 100,000"},{"name":"Reaktionsfreudig","content":"Ja"},{"name":"Kompatible Browser","content":"Firefox, Safari, Opera, Chrome, Edge"}],"tags":[],"tags_disable_links":"","hide_more_platforms":"","video_object":"","demo_hide_cta":"","demo_hide_cloud_options":"","pricing_title":"","pricing":[{"pricing_icon":"platform","pricing_title":"Elfsight Apps","pricing_title_caption":"Plattformunabh\u00e4ngige Version, die auf jeder Website funktioniert","pricing_price":"ab 0 $ \/ Monat","pricing_price_caption":"Beginnen Sie mit einem kostenlosen Plan","pricing_benefits":[{"text":"Unbegrenzte Websites"},{"text":"Unternehmenssupport rund um die Uhr und gut dokumentiert"},{"text":"Kostenlose Installationshilfe"},{"text":"Sonderangebot f\u00fcr mehrere Apps"}],"pricing_button_text":"Zur Website hinzuf\u00fcgen","pricing_button_url":"#demo"}],"related_apps_title":"","related_apps_hidden":"","author":"","image":[],"title":"","job":"","social_networks":[]},"_links":{"self":[{"href":"https:\/\/elfsight.com\/de\/wp-json\/wp\/v2\/pages\/16600","targetHints":{"allow":["GET"]}}],"collection":[{"href":"https:\/\/elfsight.com\/de\/wp-json\/wp\/v2\/pages"}],"about":[{"href":"https:\/\/elfsight.com\/de\/wp-json\/wp\/v2\/types\/page"}],"author":[{"embeddable":true,"href":"https:\/\/elfsight.com\/de\/wp-json\/wp\/v2\/users\/9"}],"replies":[{"embeddable":true,"href":"https:\/\/elfsight.com\/de\/wp-json\/wp\/v2\/comments?post=16600"}],"version-history":[{"count":2,"href":"https:\/\/elfsight.com\/de\/wp-json\/wp\/v2\/pages\/16600\/revisions"}],"predecessor-version":[{"id":21144,"href":"https:\/\/elfsight.com\/de\/wp-json\/wp\/v2\/pages\/16600\/revisions\/21144"}],"up":[{"embeddable":true,"href":"https:\/\/elfsight.com\/de\/wp-json\/wp\/v2\/pages\/711"}],"wp:attachment":[{"href":"https:\/\/elfsight.com\/de\/wp-json\/wp\/v2\/media?parent=16600"}],"curies":[{"name":"wp","href":"https:\/\/api.w.org\/{rel}","templated":true}]}}