{"id":16599,"date":"2024-05-03T06:25:55","date_gmt":"2024-05-03T06:25:55","guid":{"rendered":"https:\/\/elfsight.com\/de\/?page_id=16599"},"modified":"2025-02-20T12:50:15","modified_gmt":"2025-02-20T12:50:15","slug":"weebly","status":"publish","type":"page","link":"https:\/\/elfsight.com\/de\/age-verification-widget\/weebly\/","title":{"rendered":"Age Verification &#8211; Weebly"},"content":{"rendered":"\n<div class=\"application-platform-content-item-description application-platform-content-item\" id=\"description\" data-nav-section=\"description\"> <h2>Beschreibung<\/h2> <p>Dieses Widget wird zum einfachsten Tool, um ein Popup zum Laden einer Seite zu erhalten, das das Alter einer Website \u00fcberpr\u00fcft Besucher. Unser Widget macht altersempfindliche Inhalte f\u00fcr erwachsene Benutzer zug\u00e4nglich und blockiert den Zugriff darauf f\u00fcr minderj\u00e4hrige Zuschauer. Es gibt Optionen zur Auswahl der Altersbeschr\u00e4nkung, zur Auswahl des Verifizierungsformulars, zum Hinzuf\u00fcgen des Fensters auf jeder oder nur auf einigen Seiten und zur Auswahl der Aktion nach der Umleitung des Zugriffs. Mit \u00fcbermalbaren Elementen und der M\u00f6glichkeit, benutzerdefinierte Bilder anzuzeigen, haben Sie auch die Kontrolle \u00fcber das Aussehen. <\/p> <div class=\"faq\" data-component=\"FAQ\"> <div class=\"faq-item\">\r\n\t\t\t\t\t<div class=\"faq-item-question\">\r\n\t\t\t\t\t\t<h3 class=\"faq-item-question-text\">Wo auf meiner Website kann ich die Altersverifizierung anzeigen?<\/h3>\r\n\r\n\t\t\t\t\t\t<div class=\"faq-item-question-icon\"><\/div>\r\n\t\t\t\t\t<\/div>\r\n\r\n\t\t\t\t\t<div class=\"faq-item-answer\">\r\n\t\t\t\t\t\t<div class=\"faq-item-answer-text\"> <p>Sie k\u00f6nnen das Verifizierungs-Popup entweder auf allen Seiten anzeigen oder die Seiten ausw\u00e4hlen, auf denen es angezeigt werden soll. Au\u00dferdem besteht die M\u00f6glichkeit, Seiten auszuschlie\u00dfen, auf denen Sie es nicht ben\u00f6tigen. <\/p> <\/div>\r\n\t\t\t\t\t<\/div>\r\n\t\t\t\t<\/div> <div class=\"faq-item\">\r\n\t\t\t\t\t<div class=\"faq-item-question\">\r\n\t\t\t\t\t\t<h3 class=\"faq-item-question-text\">Wie profitiere ich von der Alters\u00fcberpr\u00fcfung? <\/h3>\r\n\r\n\t\t\t\t\t\t<div class=\"faq-item-question-icon\"><\/div>\r\n\t\t\t\t\t<\/div>\r\n\r\n\t\t\t\t\t<div class=\"faq-item-answer\">\r\n\t\t\t\t\t\t<div class=\"faq-item-answer-text\"> <p>Mit dem Elfsight-Widget k\u00f6nnen Sie ganz einfach und schnell ein Fenster zur Alters\u00fcberpr\u00fcfung konfigurieren und minderj\u00e4hrigen Benutzern den Zugriff auf Ihre Inhalte verbieten . So k\u00f6nnen Sie sicher sein, dass Ihre Website den gesetzlichen Anforderungen entspricht. Dar\u00fcber hinaus werden dadurch mehr Zielbesucher und g\u00fcltige Kunden gewonnen. <\/p> <\/div>\r\n\t\t\t\t\t<\/div>\r\n\t\t\t\t<\/div> <div class=\"faq-item\">\r\n\t\t\t\t\t<div class=\"faq-item-question\">\r\n\t\t\t\t\t\t<h3 class=\"faq-item-question-text\">Wie installiere ich die Altersverifizierung auf meiner Weebly-Website? <\/h3>\r\n\r\n\t\t\t\t\t\t<div class=\"faq-item-question-icon\"><\/div>\r\n\t\t\t\t\t<\/div>\r\n\r\n\t\t\t\t\t<div class=\"faq-item-answer\">\r\n\t\t\t\t\t\t<div class=\"faq-item-answer-text\"> <p>Die Aktivierung der Benachrichtigung dauert nur eine Minute. Die Installation ist extrem schnell, kostenlos und erfordert keine Programmierung. <\/p> <p>Das Widget kann direkt auf unserem Service oder \u00fcber den Marktplatz eingef\u00fcgt werden. Hier k\u00f6nnen Sie die beiden Optionen genauer vergleichen und eine passendere ausw\u00e4hlen. <\/p> <\/div>\r\n\t\t\t\t\t<\/div>\r\n\t\t\t\t<\/div> <\/div> <\/div> <div class=\"application-platform-content-item-features application-platform-content-item\" id=\"features\" data-nav-section=\"features\"> <h2>Funktionen<\/h2> <p>Um ein besseres Wissen \u00fcber die Funktionen zur Alters\u00fcberpr\u00fcfung zu erhalten, entdecken Sie die Liste davon Hauptmerkmale. Sie machen das Widget f\u00fcr Ihren Shop maximal effizient: <\/p> <ul><li>W\u00e4hlen Sie eine der Verifizierungsmethoden: Abfrage des vollst\u00e4ndigen Geburtsdatums, nur des Geburtsjahres oder eine Frage mit Ja- und Nein-Antworten; <\/li><li>Sie k\u00f6nnen sich f\u00fcr eine beliebige Zeitspanne in Tagen an Besucher erinnern; <\/li><li>Zwei Szenarien f\u00fcr minderj\u00e4hrige Besucher: um einen Text anzuzeigen oder einen Benutzer an eine beliebige Adresse weiterzuleiten; <\/li><li>Laden Sie Ihr eigenes Bild f\u00fcr das Verifizierungsfenster; <\/li><li>Zeigen Sie zus\u00e4tzlichen Text und Links unter der Best\u00e4tigungsschaltfl\u00e4che an. <\/li><\/ul><p><a href=\"#demo\">Um eine vollst\u00e4ndige Liste der Funktionen kennenzulernen, sehen Sie sich unsere Demo an<\/a><\/p> <\/div> <div class=\"application-platform-content-item- Installation application-platform-content-item\" id=\" Installation\" data-nav-section=\" Installation\"> <h2>Sehen wir uns an, wie Sie das Altersverifizierungs-Widget in Ihren Weebly-Shop einf\u00fchren. Es ist absolut einfach<\/h2><div class=\"video-container\"><iframe width=\"560\" height=\"315\" src=\"https:\/\/www.youtube.com\/embed\/pL5JItQ8Uso?si=WNfVMVWGa7-oZEn2\" frameborder=\"0\" allow=\"accelerometer; autoplay; clipboard-write; encrypted-media; gyroscope; picture-in-picture; web-share\" allowfullscreen><\/iframe><\/div><p>Die folgenden Schritte sind das Einzige, was Sie zum Ver\u00f6ffentlichen ben\u00f6tigen. <\/p> <ol><li><b>Nutzen Sie unsere kostenlose Demo und beginnen Sie mit der Arbeit mit Ihrer eigenen App. <\/b><br> Geben Sie die benutzerdefinierte Anordnung und Leistung der App an und speichern Sie alle Korrekturen. <\/li> <li><b>Sie erhalten den individuellen Code, der in der Box auf Elfsight Apps angezeigt wird. <\/b><br> Sobald die Erstellung Ihrer App abgeschlossen ist, kopieren Sie den pers\u00f6nlichen Code aus dem angezeigten Popup und speichern Sie ihn f\u00fcr die zuk\u00fcnftige Verwendung. <\/li> <li><b>Beginnen Sie mit der Nutzung der App auf Ihrer Weebly-Website. <\/b><br> Integrieren Sie den k\u00fcrzlich gespeicherten Code in Ihre Website und \u00fcbernehmen Sie die \u00c4nderungen. <\/li> <li><b>Du bist fertig! Die Integration ist vollst\u00e4ndig abgeschlossen. <\/b><br> \u00d6ffnen Sie Ihre Website, um die Leistung der App zu \u00fcberpr\u00fcfen. <\/li><\/ol><p>Immer noch nicht entschieden? Oder haben Sie Probleme? Schreiben Sie einfach eine Anfrage an unseren Kundenservice. Wir werden unser Bestes tun, um jede Angelegenheit zu kl\u00e4ren. <\/p> <\/div>\n","protected":false},"excerpt":{"rendered":"","protected":false},"author":9,"featured_media":0,"parent":711,"menu_order":0,"comment_status":"closed","ping_status":"closed","template":"templates\/template-application-platform.php","meta":{"publish_to_discourse":"","publish_post_category":"","wpdc_auto_publish_overridden":"","wpdc_topic_tags":"","wpdc_pin_topic":"","wpdc_pin_until":"","discourse_post_id":"","discourse_permalink":"","wpdc_publishing_response":"","wpdc_publishing_error":"","footnotes":""},"class_list":["post-16599","page","type-page","status-publish","hentry"],"yoast_head":"<!-- This site is optimized with the Yoast SEO plugin v25.3.1 - https:\/\/yoast.com\/wordpress\/plugins\/seo\/ -->\n<title>Altersverifizierungs-App zur Weebly-Website (schnell und kostenlos)<\/title>\n<meta name=\"description\" content=\"Es ist ein Kinderspiel, Ihre Altersverifizierungs-App zu entwerfen und auf Ihrer Weebly-Website zu platzieren. Der Elfsight-Kundendienst ist kostenlos.\" \/>\n<meta name=\"robots\" content=\"index, follow, max-snippet:-1, max-image-preview:large, max-video-preview:-1\" \/>\n<link rel=\"canonical\" href=\"https:\/\/elfsight.com\/de\/age-verification-widget\/weebly\/\" \/>\n<meta property=\"og:locale\" content=\"de_DE\" \/>\n<meta property=\"og:type\" content=\"article\" \/>\n<meta property=\"og:title\" content=\"Altersverifizierungs-App zur Weebly-Website (schnell und kostenlos)\" \/>\n<meta property=\"og:description\" content=\"Es ist ein Kinderspiel, Ihre Altersverifizierungs-App zu entwerfen und auf Ihrer Weebly-Website zu platzieren. Der Elfsight-Kundendienst ist kostenlos.\" \/>\n<meta property=\"og:url\" content=\"https:\/\/elfsight.com\/de\/age-verification-widget\/weebly\/\" \/>\n<meta property=\"og:site_name\" content=\"Elfsight DE\" \/>\n<meta property=\"article:modified_time\" content=\"2025-02-20T12:50:15+00:00\" \/>\n<meta name=\"twitter:card\" content=\"summary_large_image\" \/>\n<meta name=\"twitter:label1\" content=\"Gesch\u00e4tzte Lesezeit\" \/>\n\t<meta name=\"twitter:data1\" content=\"3\u00a0Minuten\" \/>\n<!-- \/ Yoast SEO plugin. -->","yoast_head_json":{"title":"Altersverifizierungs-App zur Weebly-Website (schnell und kostenlos)","description":"Es ist ein Kinderspiel, Ihre Altersverifizierungs-App zu entwerfen und auf Ihrer Weebly-Website zu platzieren. Der Elfsight-Kundendienst ist kostenlos.","robots":{"index":"index","follow":"follow","max-snippet":"max-snippet:-1","max-image-preview":"max-image-preview:large","max-video-preview":"max-video-preview:-1"},"canonical":"https:\/\/elfsight.com\/de\/age-verification-widget\/weebly\/","og_locale":"de_DE","og_type":"article","og_title":"Altersverifizierungs-App zur Weebly-Website (schnell und kostenlos)","og_description":"Es ist ein Kinderspiel, Ihre Altersverifizierungs-App zu entwerfen und auf Ihrer Weebly-Website zu platzieren. Der Elfsight-Kundendienst ist kostenlos.","og_url":"https:\/\/elfsight.com\/de\/age-verification-widget\/weebly\/","og_site_name":"Elfsight DE","article_modified_time":"2025-02-20T12:50:15+00:00","twitter_card":"summary_large_image","twitter_misc":{"Gesch\u00e4tzte Lesezeit":"3\u00a0Minuten"},"schema":{"@context":"https:\/\/schema.org","@graph":[{"@type":"WebPage","@id":"https:\/\/elfsight.com\/de\/age-verification-widget\/weebly\/","url":"https:\/\/elfsight.com\/de\/age-verification-widget\/weebly\/","name":"Altersverifizierungs-App zur Weebly-Website (schnell und kostenlos)","isPartOf":{"@id":"https:\/\/elfsight.com\/de\/#website"},"datePublished":"2024-05-03T06:25:55+00:00","dateModified":"2025-02-20T12:50:15+00:00","description":"Es ist ein Kinderspiel, Ihre Altersverifizierungs-App zu entwerfen und auf Ihrer Weebly-Website zu platzieren. Der Elfsight-Kundendienst ist kostenlos.","breadcrumb":{"@id":"https:\/\/elfsight.com\/de\/age-verification-widget\/weebly\/#breadcrumb"},"inLanguage":"de","potentialAction":[{"@type":"ReadAction","target":["https:\/\/elfsight.com\/de\/age-verification-widget\/weebly\/"]}]},{"@type":"BreadcrumbList","@id":"https:\/\/elfsight.com\/de\/age-verification-widget\/weebly\/#breadcrumb","itemListElement":[{"@type":"ListItem","position":1,"name":"Home","item":"https:\/\/elfsight.com\/de\/"},{"@type":"ListItem","position":2,"name":"Age Verification","item":"https:\/\/elfsight.com\/de\/age-verification-widget\/"},{"@type":"ListItem","position":3,"name":"Age Verification &#8211; Weebly"}]},{"@type":"WebSite","@id":"https:\/\/elfsight.com\/de\/#website","url":"https:\/\/elfsight.com\/de\/","name":"Elfsight DE","description":"Just another Elfsight Sites site","potentialAction":[{"@type":"SearchAction","target":{"@type":"EntryPoint","urlTemplate":"https:\/\/elfsight.com\/de\/?s={search_term_string}"},"query-input":{"@type":"PropertyValueSpecification","valueRequired":true,"valueName":"search_term_string"}}],"inLanguage":"de"}]}},"meta_box":{"industry":"","seo_heading":"","heading":"","description":"","cta_heading":"","cta_description":"","application":"487","h1":"Weebly Altersverifizierungs-App","h1_caption":"Stellen Sie mit einer einfachen und anpassbaren Altersverifizierungs-App auf Ihrer Weebly-Website sicher, dass verantwortungsbewusst auf altersbezogene Inhalte zugegriffen wird.","application_category":[],"applications_title":"","applications_request_title":"","applications_request_button_text":"","hero_text":"","hero_video":"","hero_video_schema_markup":"","selling_points_title":"","selling_points_caption":"","selling_points":[],"selling_points_cta_text":"","features_title":"","features":"","ed_cta_examples_text":"","ed_cta_examples_hidden":"","ed_cta_demo_text":"","ed_cta_demo_hidden":"","why_caption":"","why_editor_title":"","why_editor_text":"","why_team_title":"","why_team_text":"","why_service_title":"","why_service_text":"","template_catalog_visible":"0","template_catalog_title":"","template_catalog_text":"","template_catalog_categories_visible":"","demo_title":"Erstellen Sie Ihre Altersverifizierungs-App","demo_caption":"Konfigurieren Sie Ihre Altersverifizierung und f\u00fcgen Sie sie kostenlos zu Ihrer Weebly-Website hinzu!","default_faq_hidden":"","app_template_category":[],"platform":"249","template_public_id":"","codecanyon_url":"","codecanyon_item_id":"","codecanyon_price":"","pricing_caption":"","pricing_elfsight_apps_hide_column":"","pricing_elfsight_apps_url":"","pricing_codecanyon_price_caption":"","integration_category":[],"integration_request_title":"","integration_request_cta":"","integration_platform":"","integrations":[],"platform_category":[],"video_schema_markup":"","price":"ab 0 $ \/ Monat","trial":"","benefits":[{"text":"Kostenlose Installationsunterst\u00fctzung"},{"text":"Au\u00dfergew\u00f6hnlicher Support"},{"text":"14-t\u00e4gige Geld-zur\u00fcck-Garantie"},{"text":"Zuk\u00fcnftige Updates"}],"button_url":"#demo","button_target_blank":"0","button_nofollow":"0","attributes":[{"name":"Installiert","content":"10,000 - 100,000"},{"name":"Reaktionsfreudig","content":"Ja"},{"name":"Kompatible Browser","content":"Firefox, Safari, Opera, Chrome, Edge"}],"tags":[],"tags_disable_links":"0","hide_more_platforms":"0","video_object":"","demo_hide_cta":"0","demo_hide_cloud_options":"0","pricing_title":"","pricing":[{"pricing_icon":"platform","pricing_title":"Elfsight Apps","pricing_title_caption":"Kostenlose Installationsunterst\u00fctzung","pricing_price":"ab 0 $ \/ Monat","pricing_price_caption":"Beginnen Sie mit einem kostenlosen Plan","pricing_benefits":[{"text":"Unbegrenzte Websites"},{"text":"Premium-Support"},{"text":"Kostenloser Installationsservice"},{"text":"100 % anpassbar"}],"pricing_button_text":"Zur Website hinzuf\u00fcgen","pricing_button_url":"#demo"}],"related_apps_title":"","related_apps_hidden":"0","author":"","image":[],"title":"","job":"","social_networks":[]},"_links":{"self":[{"href":"https:\/\/elfsight.com\/de\/wp-json\/wp\/v2\/pages\/16599","targetHints":{"allow":["GET"]}}],"collection":[{"href":"https:\/\/elfsight.com\/de\/wp-json\/wp\/v2\/pages"}],"about":[{"href":"https:\/\/elfsight.com\/de\/wp-json\/wp\/v2\/types\/page"}],"author":[{"embeddable":true,"href":"https:\/\/elfsight.com\/de\/wp-json\/wp\/v2\/users\/9"}],"replies":[{"embeddable":true,"href":"https:\/\/elfsight.com\/de\/wp-json\/wp\/v2\/comments?post=16599"}],"version-history":[{"count":3,"href":"https:\/\/elfsight.com\/de\/wp-json\/wp\/v2\/pages\/16599\/revisions"}],"predecessor-version":[{"id":24561,"href":"https:\/\/elfsight.com\/de\/wp-json\/wp\/v2\/pages\/16599\/revisions\/24561"}],"up":[{"embeddable":true,"href":"https:\/\/elfsight.com\/de\/wp-json\/wp\/v2\/pages\/711"}],"wp:attachment":[{"href":"https:\/\/elfsight.com\/de\/wp-json\/wp\/v2\/media?parent=16599"}],"curies":[{"name":"wp","href":"https:\/\/api.w.org\/{rel}","templated":true}]}}