{"id":16594,"date":"2024-05-03T06:25:54","date_gmt":"2024-05-03T06:25:54","guid":{"rendered":"https:\/\/elfsight.com\/de\/?page_id=16594"},"modified":"2025-02-20T12:52:08","modified_gmt":"2025-02-20T12:52:08","slug":"wix","status":"publish","type":"page","link":"https:\/\/elfsight.com\/de\/age-verification-widget\/wix\/","title":{"rendered":"Age Verification &#8211; Wix"},"content":{"rendered":"\n<div class=\"application-platform-content-item-description application-platform-content-item\" id=\"description\" data-nav-section=\"description\"> <h2>Beschreibung<\/h2><p>Das Elfsight-Widget ist die beste Methode, um eine Benachrichtigung zu arrangieren, die das Alter eines Benutzers \u00fcberpr\u00fcft. Unser Widget stellt altersbezogenes Material f\u00fcr Erwachsene zur Verf\u00fcgung und versteckt es f\u00fcr das minderj\u00e4hrige Publikum. Sie k\u00f6nnen die richtige Altersbeschr\u00e4nkung festlegen, die \u00dcberpr\u00fcfungsmethode ausw\u00e4hlen, das Widget auf allen oder nur auf mehreren Seiten platzieren und die Aktion zur Umleitung des Zugriffs festlegen. Der Look ist flexibel, mit lackierbaren Details und der M\u00f6glichkeit, benutzerdefinierte Bilder anzuzeigen. <\/p> <div class=\"faq\" data-component=\"FAQ\"> <div class=\"faq-item\">\r\n\t\t\t\t\t<div class=\"faq-item-question\">\r\n\t\t\t\t\t\t<h3 class=\"faq-item-question-text\">Wo kann ich die Altersverifizierung einf\u00fcgen?<\/h3>\r\n\r\n\t\t\t\t\t\t<div class=\"faq-item-question-icon\"><\/div>\r\n\t\t\t\t\t<\/div>\r\n\r\n\t\t\t\t\t<div class=\"faq-item-answer\">\r\n\t\t\t\t\t\t<div class=\"faq-item-answer-text\"> <p>Sie k\u00f6nnen das Alterskontrollfenster entweder auf allen Seiten anzeigen oder bestimmte Seiten ausw\u00e4hlen. Dar\u00fcber hinaus besteht die M\u00f6glichkeit, die Seiten auszuschlie\u00dfen, auf denen Sie dies nicht m\u00f6chten. <\/p> <\/div>\r\n\t\t\t\t\t<\/div>\r\n\t\t\t\t<\/div> <div class=\"faq-item\">\r\n\t\t\t\t\t<div class=\"faq-item-question\">\r\n\t\t\t\t\t\t<h3 class=\"faq-item-question-text\">Wie profitiere ich von diesem Plugin?<\/h3>\r\n\r\n\t\t\t\t\t\t<div class=\"faq-item-question-icon\"><\/div>\r\n\t\t\t\t\t<\/div>\r\n\r\n\t\t\t\t\t<div class=\"faq-item-answer\">\r\n\t\t\t\t\t\t<div class=\"faq-item-answer-text\"> <p>Mit diesem Widget ist es ganz einfach und schnell, ein Alters\u00fcberpr\u00fcfungsfenster zu konfigurieren und den Zugriff auf Ihr Material f\u00fcr Minderj\u00e4hrige zu blockieren Benutzer. Dadurch k\u00f6nnen Sie sicherstellen, dass Ihre Website den gesetzlichen Bestimmungen entspricht. Dar\u00fcber hinaus erhalten Sie neue Zielbesucher und g\u00fcltige Kunden. <\/p> <\/div>\r\n\t\t\t\t\t<\/div>\r\n\t\t\t\t<\/div> <div class=\"faq-item\">\r\n\t\t\t\t\t<div class=\"faq-item-question\">\r\n\t\t\t\t\t\t<h3 class=\"faq-item-question-text\">Wie f\u00fcge ich die Altersverifizierung auf meiner Wix-Website hinzu?<\/h3>\r\n\r\n\t\t\t\t\t\t<div class=\"faq-item-question-icon\"><\/div>\r\n\t\t\t\t\t<\/div>\r\n\r\n\t\t\t\t\t<div class=\"faq-item-answer\">\r\n\t\t\t\t\t\t<div class=\"faq-item-answer-text\"> <p>Die Einrichtung dauert nur zwei Minuten. Die Installation erfolgt sehr schnell, kostenlos und ohne Programmierung. <\/p> <p>Sie k\u00f6nnen \u00fcber unseren Service eine Altersverifizierung auf Ihrer Webseite platzieren. Sehen Sie sich hierzu die Anleitung unten auf dieser Seite an.<\/p> <\/div>\r\n\t\t\t\t\t<\/div>\r\n\t\t\t\t<\/div> <\/div> <\/div> <div class=\"application-platform-content-item-features application-platform-content-item\" id=\"features\" data-nav-section=\"features\"> <h2>Funktionen<\/h2> <p>Um zu bekommen Um mehr \u00fcber die Altersverifizierung zu erfahren, finden Sie hier eine Liste der wichtigsten Funktionen. Sie machen das Widget f\u00fcr Sie unglaublich n\u00fctzlich: <\/p> <ul><li>W\u00e4hlen Sie eine der Pr\u00fcfmethoden: Abfrage des vollst\u00e4ndigen Geburtsdatums, nur des Geburtsjahres oder eine Frage mit den Optionen \u201eJa\u201c und \u201eNein\u201c; <\/li><li>Sie k\u00f6nnen sich f\u00fcr einen beliebigen Zeitraum in Tagen an einen Besucher erinnern. <\/li><li>2 Szenarien f\u00fcr minderj\u00e4hrige Besucher: um einen benutzerdefinierten Text anzuzeigen oder einen Benutzer auf eine beliebige Seite oder Website umzuleiten; <\/li><li>Laden Sie Ihr eigenes Bild hoch, um es dem Best\u00e4tigungsfenster hinzuzuf\u00fcgen; <\/li><li>Zeigen Sie zus\u00e4tzlichen Text und Links unter der Best\u00e4tigungsschaltfl\u00e4che an. <\/li><\/ul><p><a href=\"#demo\">Lernen Sie alle Funktionen in der Demo kennen<\/a><\/p> <\/div> <div class=\"application-platform-content-item-installation application-platform-content-item\" id=\"installation\" data-nav-section=\"installation\"> <h2> Erfahren Sie, wie Sie die Altersverifizierung in Ihrem Wix-Shop hinterlegen. Es ist unglaublich einfach und schnell.<\/h2> <div class=\"video-container\"><iframe width=\"560\" height=\"315\" src=\"https:\/\/www.youtube.com\/embed\/wey9y44dpEE?si=mY1C-uZtFFe1VHS5\" frameborder=\"0\" allow=\"accelerometer; autoplay; clipboard-write; encrypted-media; gyroscope; picture-in-picture; web-share\" allowfullscreen><\/iframe><\/div><p>F\u00fchren Sie einfach die folgenden Schritte aus, um das Widget auf Ihrer Website einzuf\u00fchren. <\/p> <ol><li><b>Erstellen Sie Ihr personalisiertes Altersverifizierungs-Plugin<\/b><br> Erstellen Sie mit Hilfe unseres kostenlosen Konfigurators ein Plugin, w\u00e4hlen Sie ein Layout und andere Schnittstellenfunktionen aus. <\/li><li><b>Besorgen Sie sich den pers\u00f6nlichen Code, um das Plugin zu installieren<\/b><br> Nachdem Sie Ihr Widget eingerichtet haben, erhalten Sie Ihren Installationscode aus dem angezeigten Fenster von Elfsight Apps. Kopiere es. <\/li> <li><b>F\u00fcgen Sie das Plugin auf Ihrer Website von Wix hinzu<\/b><br> W\u00e4hlen Sie den Bereich aus, in den Sie das Plugin einbetten m\u00f6chten, und f\u00fcgen Sie den kopierten Code dort ein. \u00dcbernehmen Sie die \u00c4nderungen. <\/li> <li><b>Fertig! <\/b><br> Gehen Sie zur Webseite, um Ihr Alter zu sehen. <\/li> <\/ol><p>Haben Sie immer noch Zweifel? Oder brauchen Sie Hilfe? Senden Sie einfach eine Anfrage an unseren Kundenservice. Wir werden jedes Problem l\u00f6sen. <\/p> <\/div>\n","protected":false},"excerpt":{"rendered":"","protected":false},"author":9,"featured_media":0,"parent":711,"menu_order":0,"comment_status":"closed","ping_status":"closed","template":"templates\/template-application-platform.php","meta":{"publish_to_discourse":"","publish_post_category":"","wpdc_auto_publish_overridden":"","wpdc_topic_tags":"","wpdc_pin_topic":"","wpdc_pin_until":"","discourse_post_id":"","discourse_permalink":"","wpdc_publishing_response":"","wpdc_publishing_error":"","footnotes":""},"class_list":["post-16594","page","type-page","status-publish","hentry"],"yoast_head":"<!-- This site is optimized with the Yoast SEO plugin v25.3.1 - https:\/\/yoast.com\/wordpress\/plugins\/seo\/ -->\n<title>Altersverifizierungs-App zur Website von Wix hinzuf\u00fcgen (schnell und kostenlos)<\/title>\n<meta name=\"description\" content=\"Erstellen Sie mit Elfsight Ihre Altersverifizierungs-App und f\u00fcgen Sie sie im Handumdrehen auf der Wix-Website hinzu. Wir bieten kostenlosen Kundenservice und weitere Boni.\" \/>\n<meta name=\"robots\" content=\"index, follow, max-snippet:-1, max-image-preview:large, max-video-preview:-1\" \/>\n<link rel=\"canonical\" href=\"https:\/\/elfsight.com\/de\/age-verification-widget\/wix\/\" \/>\n<meta property=\"og:locale\" content=\"de_DE\" \/>\n<meta property=\"og:type\" content=\"article\" \/>\n<meta property=\"og:title\" content=\"Altersverifizierungs-App zur Website von Wix hinzuf\u00fcgen (schnell und kostenlos)\" \/>\n<meta property=\"og:description\" content=\"Erstellen Sie mit Elfsight Ihre Altersverifizierungs-App und f\u00fcgen Sie sie im Handumdrehen auf der Wix-Website hinzu. Wir bieten kostenlosen Kundenservice und weitere Boni.\" \/>\n<meta property=\"og:url\" content=\"https:\/\/elfsight.com\/de\/age-verification-widget\/wix\/\" \/>\n<meta property=\"og:site_name\" content=\"Elfsight DE\" \/>\n<meta property=\"article:modified_time\" content=\"2025-02-20T12:52:08+00:00\" \/>\n<meta name=\"twitter:card\" content=\"summary_large_image\" \/>\n<meta name=\"twitter:label1\" content=\"Gesch\u00e4tzte Lesezeit\" \/>\n\t<meta name=\"twitter:data1\" content=\"3\u00a0Minuten\" \/>\n<!-- \/ Yoast SEO plugin. -->","yoast_head_json":{"title":"Altersverifizierungs-App zur Website von Wix hinzuf\u00fcgen (schnell und kostenlos)","description":"Erstellen Sie mit Elfsight Ihre Altersverifizierungs-App und f\u00fcgen Sie sie im Handumdrehen auf der Wix-Website hinzu. Wir bieten kostenlosen Kundenservice und weitere Boni.","robots":{"index":"index","follow":"follow","max-snippet":"max-snippet:-1","max-image-preview":"max-image-preview:large","max-video-preview":"max-video-preview:-1"},"canonical":"https:\/\/elfsight.com\/de\/age-verification-widget\/wix\/","og_locale":"de_DE","og_type":"article","og_title":"Altersverifizierungs-App zur Website von Wix hinzuf\u00fcgen (schnell und kostenlos)","og_description":"Erstellen Sie mit Elfsight Ihre Altersverifizierungs-App und f\u00fcgen Sie sie im Handumdrehen auf der Wix-Website hinzu. Wir bieten kostenlosen Kundenservice und weitere Boni.","og_url":"https:\/\/elfsight.com\/de\/age-verification-widget\/wix\/","og_site_name":"Elfsight DE","article_modified_time":"2025-02-20T12:52:08+00:00","twitter_card":"summary_large_image","twitter_misc":{"Gesch\u00e4tzte Lesezeit":"3\u00a0Minuten"},"schema":{"@context":"https:\/\/schema.org","@graph":[{"@type":"WebPage","@id":"https:\/\/elfsight.com\/de\/age-verification-widget\/wix\/","url":"https:\/\/elfsight.com\/de\/age-verification-widget\/wix\/","name":"Altersverifizierungs-App zur Website von Wix hinzuf\u00fcgen (schnell und kostenlos)","isPartOf":{"@id":"https:\/\/elfsight.com\/de\/#website"},"datePublished":"2024-05-03T06:25:54+00:00","dateModified":"2025-02-20T12:52:08+00:00","description":"Erstellen Sie mit Elfsight Ihre Altersverifizierungs-App und f\u00fcgen Sie sie im Handumdrehen auf der Wix-Website hinzu. Wir bieten kostenlosen Kundenservice und weitere Boni.","breadcrumb":{"@id":"https:\/\/elfsight.com\/de\/age-verification-widget\/wix\/#breadcrumb"},"inLanguage":"de","potentialAction":[{"@type":"ReadAction","target":["https:\/\/elfsight.com\/de\/age-verification-widget\/wix\/"]}]},{"@type":"BreadcrumbList","@id":"https:\/\/elfsight.com\/de\/age-verification-widget\/wix\/#breadcrumb","itemListElement":[{"@type":"ListItem","position":1,"name":"Home","item":"https:\/\/elfsight.com\/de\/"},{"@type":"ListItem","position":2,"name":"Age Verification","item":"https:\/\/elfsight.com\/de\/age-verification-widget\/"},{"@type":"ListItem","position":3,"name":"Age Verification &#8211; Wix"}]},{"@type":"WebSite","@id":"https:\/\/elfsight.com\/de\/#website","url":"https:\/\/elfsight.com\/de\/","name":"Elfsight DE","description":"Just another Elfsight Sites site","potentialAction":[{"@type":"SearchAction","target":{"@type":"EntryPoint","urlTemplate":"https:\/\/elfsight.com\/de\/?s={search_term_string}"},"query-input":{"@type":"PropertyValueSpecification","valueRequired":true,"valueName":"search_term_string"}}],"inLanguage":"de"}]}},"meta_box":{"industry":"","seo_heading":"","heading":"","description":"","cta_heading":"","cta_description":"","application":"487","h1":"Altersverifizierungs-App von Wix","h1_caption":"Stellen Sie mit einer einfachen und anpassbaren Altersverifizierungs-App auf Ihrer Website von Wix sicher, dass verantwortungsbewusst auf altersbezogene Inhalte zugegriffen wird.","application_category":[],"applications_title":"","applications_request_title":"","applications_request_button_text":"","hero_text":"","hero_video":"","hero_video_schema_markup":"","selling_points_title":"","selling_points_caption":"","selling_points":[],"selling_points_cta_text":"","features_title":"","features":"","ed_cta_examples_text":"","ed_cta_examples_hidden":"","ed_cta_demo_text":"","ed_cta_demo_hidden":"","why_caption":"","why_editor_title":"","why_editor_text":"","why_team_title":"","why_team_text":"","why_service_title":"","why_service_text":"","template_catalog_visible":"0","template_catalog_title":"","template_catalog_text":"","template_catalog_categories_visible":"","demo_title":"Erstellen Sie Ihre Altersverifizierungs-App","demo_caption":"Konfigurieren Sie Ihre Altersverifizierung und f\u00fcgen Sie sie kostenlos zu Ihrer Wix-Website hinzu!","default_faq_hidden":"","app_template_category":[],"platform":"265","template_public_id":"","codecanyon_url":"","codecanyon_item_id":"","codecanyon_price":"","pricing_caption":"","pricing_elfsight_apps_hide_column":"","pricing_elfsight_apps_url":"","pricing_codecanyon_price_caption":"","integration_category":[],"integration_request_title":"","integration_request_cta":"","integration_platform":"","integrations":[],"platform_category":[],"video_schema_markup":"","price":"ab 0 $ \/ Monat","trial":"","benefits":[{"text":"Kostenlose Installationshilfe"},{"text":"Au\u00dfergew\u00f6hnlicher Support"},{"text":"14-t\u00e4gige Geld-zur\u00fcck-Garantie"},{"text":"Zuk\u00fcnftige kostenlose Verbesserungen"}],"button_url":"#demo","button_target_blank":"0","button_nofollow":"0","attributes":[{"name":"Installiert","content":"10,000 - 100,000"},{"name":"Reaktionsfreudig","content":"Ja"},{"name":"Kompatible Browser","content":"Safari, Opera, Firefox, Edge, Chrome"}],"tags":[],"tags_disable_links":"0","hide_more_platforms":"0","video_object":"","demo_hide_cta":"0","demo_hide_cloud_options":"0","pricing_title":"","pricing":[{"pricing_icon":"platform","pricing_title":"Elfsight Apps","pricing_title_caption":"Plattform\u00fcbergreifende Version, die auf jeder Website funktioniert","pricing_price":"ab 0 $ \/ Monat","pricing_price_caption":"Beginnen Sie mit einem kostenlosen Plan","pricing_benefits":[{"text":"Unbegrenzte Domains"},{"text":"Kostenloser Unternehmenssupport"},{"text":"Kostenloser Installationssupport"},{"text":"Sonderangebot f\u00fcr mehrere Apps"}],"pricing_button_text":"Zur Website hinzuf\u00fcgen","pricing_button_url":"#demo"}],"related_apps_title":"","related_apps_hidden":"0","author":"","image":[],"title":"","job":"","social_networks":[]},"_links":{"self":[{"href":"https:\/\/elfsight.com\/de\/wp-json\/wp\/v2\/pages\/16594","targetHints":{"allow":["GET"]}}],"collection":[{"href":"https:\/\/elfsight.com\/de\/wp-json\/wp\/v2\/pages"}],"about":[{"href":"https:\/\/elfsight.com\/de\/wp-json\/wp\/v2\/types\/page"}],"author":[{"embeddable":true,"href":"https:\/\/elfsight.com\/de\/wp-json\/wp\/v2\/users\/9"}],"replies":[{"embeddable":true,"href":"https:\/\/elfsight.com\/de\/wp-json\/wp\/v2\/comments?post=16594"}],"version-history":[{"count":3,"href":"https:\/\/elfsight.com\/de\/wp-json\/wp\/v2\/pages\/16594\/revisions"}],"predecessor-version":[{"id":24562,"href":"https:\/\/elfsight.com\/de\/wp-json\/wp\/v2\/pages\/16594\/revisions\/24562"}],"up":[{"embeddable":true,"href":"https:\/\/elfsight.com\/de\/wp-json\/wp\/v2\/pages\/711"}],"wp:attachment":[{"href":"https:\/\/elfsight.com\/de\/wp-json\/wp\/v2\/media?parent=16594"}],"curies":[{"name":"wp","href":"https:\/\/api.w.org\/{rel}","templated":true}]}}