{"id":16593,"date":"2024-05-03T06:25:53","date_gmt":"2024-05-03T06:25:53","guid":{"rendered":"https:\/\/elfsight.com\/de\/?page_id=16593"},"modified":"2025-02-20T12:54:50","modified_gmt":"2025-02-20T12:54:50","slug":"wordpress","status":"publish","type":"page","link":"https:\/\/elfsight.com\/de\/age-verification-widget\/wordpress\/","title":{"rendered":"Age Verification &#8211; WordPress"},"content":{"rendered":"\n<div class=\"application-platform-content-item-description application-platform-content-item\" id=\"description\" data-nav-section=\"description\"> <h2>Alters\u00fcberpr\u00fcfung in WordPress mit dem Elfsight-Widget einbetten<\/h2> <p>Unser Widget wird zur einfachsten Methode, um eine sofortige Benachrichtigung zu erhalten \u00fcberpr\u00fcft das Alter eines Benutzers. Dieses Widget hilft dabei, altersbeschr\u00e4nkte Materialien f\u00fcr vollj\u00e4hrige Benutzer zug\u00e4nglich zu machen und sie vor minderj\u00e4hrigen Besuchern zu verbergen. Es besteht die M\u00f6glichkeit, eine erforderliche Altersbeschr\u00e4nkung festzulegen, ein Verifizierungsformular anzugeben, das Popup auf allen Websites oder nur auf ausgew\u00e4hlten Seiten einzuf\u00fchren und anschlie\u00dfend das Szenario festzulegen. Auch das Erscheinungsbild l\u00e4sst sich anpassen, mit bemalbaren Elementen und der M\u00f6glichkeit, eigene Bilder hinzuzuf\u00fcgen. <\/p> <div class=\"faq\" data-component=\"FAQ\"> <div class=\"faq-item\">\r\n\t\t\t\t\t<div class=\"faq-item-question\">\r\n\t\t\t\t\t\t<h3 class=\"faq-item-question-text\">Wo auf meiner Website kann ich dieses Plugin integrieren?<\/h3>\r\n\r\n\t\t\t\t\t\t<div class=\"faq-item-question-icon\"><\/div>\r\n\t\t\t\t\t<\/div>\r\n\r\n\t\t\t\t\t<div class=\"faq-item-answer\">\r\n\t\t\t\t\t\t<div class=\"faq-item-answer-text\"> <p>Sie k\u00f6nnen das Best\u00e4tigungs-Popup auf allen Websites einbetten oder die Seiten ausw\u00e4hlen, auf denen es angezeigt werden soll. Au\u00dferdem gibt es die Funktion, die Seiten auszuschlie\u00dfen, auf denen Sie dies nicht m\u00f6chten. <\/p> <\/div>\r\n\t\t\t\t\t<\/div>\r\n\t\t\t\t<\/div> <div class=\"faq-item\">\r\n\t\t\t\t\t<div class=\"faq-item-question\">\r\n\t\t\t\t\t\t<h3 class=\"faq-item-question-text\">Welche Vorteile bietet mir die Altersverifizierung?<\/h3>\r\n\r\n\t\t\t\t\t\t<div class=\"faq-item-question-icon\"><\/div>\r\n\t\t\t\t\t<\/div>\r\n\r\n\t\t\t\t\t<div class=\"faq-item-answer\">\r\n\t\t\t\t\t\t<div class=\"faq-item-answer-text\"> <p>Mit unserem Widget k\u00f6nnen Sie ganz einfach und schnell ein Popup zur Alters\u00fcberpr\u00fcfung erstellen und Ihre Inhalte vor diesen verbergen minderj\u00e4hrige Benutzer. So stellen Sie sicher, dass Ihre Website den gesetzlichen Anforderungen entspricht. Au\u00dferdem erhalten Sie dadurch mehr Zielbesucher und g\u00fcltige Kunden. <\/p> <\/div>\r\n\t\t\t\t\t<\/div>\r\n\t\t\t\t<\/div> <div class=\"faq-item\">\r\n\t\t\t\t\t<div class=\"faq-item-question\">\r\n\t\t\t\t\t\t<h3 class=\"faq-item-question-text\">Wie kann ich die Alters\u00fcberpr\u00fcfung auf meiner WordPress-Website hinzuf\u00fcgen?<\/h3>\r\n\r\n\t\t\t\t\t\t<div class=\"faq-item-question-icon\"><\/div>\r\n\t\t\t\t\t<\/div>\r\n\r\n\t\t\t\t\t<div class=\"faq-item-answer\">\r\n\t\t\t\t\t\t<div class=\"faq-item-answer-text\"> <p>Sie ben\u00f6tigen nur eine Minute Ihrer Zeit, um die Benachrichtigung einzurichten. Der Vorgang ist superschnell, kostenlos und erfordert keine Programmierung. <\/p> <p>Es besteht die M\u00f6glichkeit, das Widget \u00fcber unseren Service in die Website einzubetten. Beachten Sie dazu die Anweisungen unten auf dieser Seite. <\/p> <\/div>\r\n\t\t\t\t\t<\/div>\r\n\t\t\t\t<\/div> <\/div> <\/div> <div class=\"application-platform-content-item-features application-platform-content-item\" id=\"features\" data-nav-section=\"features\"> <h2>Hauptfunktionen des Altersverifizierungs-Widgets<\/h2> <p>Um eine klare Wahrnehmung der zu erreichen Widget k\u00f6nnen Sie die Liste der herausragendsten Funktionen durchsehen. Sie machen unser Widget f\u00fcr Ihr Gesch\u00e4ft von gr\u00f6\u00dftm\u00f6glichem Nutzen: <\/p> <ul><li>W\u00e4hlen Sie einen von drei Pr\u00fcftypen: Abfrage des vollst\u00e4ndigen Geburtsdatums, nur des Geburtsjahres oder eine Frage mit Ja- und Nein-Antworten; <\/li><li>W\u00e4hlen Sie, Benutzer f\u00fcr einen beliebigen Zeitraum zu speichern. <\/li><li>2 Szenarien nach Zugriffsverweigerung: um einen Text anzuzeigen oder einen Benutzer an eine beliebige Adresse weiterzuleiten; <\/li><li>Laden Sie ein benutzerdefiniertes Bild hoch, um es dem Scheckfenster hinzuzuf\u00fcgen. <\/li><li>Geben Sie unter der Best\u00e4tigungsschaltfl\u00e4che zus\u00e4tzliche Informationen und Links an. <\/li><\/ul><p><a href=\"#demo\">Unsere Demo zeigt Ihnen weitere Funktionen<\/a><\/p> <\/div> <div class=\"application-platform-content-item-installation application-platform-content-item\" id=\"installation\" data-nav-section=\"installation\"> <h2>Sehen Sie, wie Sie das Altersverifizierungs-Plugin in Ihre WordPress-Site einbetten<\/h2><div class=\"video-container\"><iframe width=\"560\" height=\"315\" src=\"https:\/\/www.youtube.com\/embed\/X4zmD7Zj9pE?si=ukFuU8At6IeiQlPw\" frameborder=\"0\" allow=\"accelerometer; autoplay; clipboard-write; encrypted-media; gyroscope; picture-in-picture; web-share\" allowfullscreen><\/iframe><\/div><p>Erz\u00e4hlen Sie einfach diese Schritte und genie\u00dfen Sie die Arbeit des Widgets: <\/p> <ol><li><b>Starten Sie unseren kostenlosen Editor und beginnen Sie mit der Erstellung Ihres ma\u00dfgeschneiderten Verifizierungs-Plugins. <\/b><br> Bestimmen Sie die ausgew\u00e4hlte Form und Spezifikationen des Plugins und speichern Sie alle \u00c4nderungen. <\/li> <li><b>Holen Sie sich den pers\u00f6nlichen Code, der im speziellen Formular auf Elfsight Apps erscheint. <\/b><br> Nachdem die Konfiguration Ihres Plugins abgeschlossen ist, kopieren Sie den einzelnen Code aus dem angezeigten Popup und bewahren Sie ihn f\u00fcr die zuk\u00fcnftige Verwendung auf. <\/li> <li><b>Beginnen Sie mit der Nutzung des Plugins auf Ihrer WordPress-Site. <\/b><br> Platzieren Sie den Code, den Sie k\u00fcrzlich gespeichert haben, auf Ihrer Webseite und speichern Sie die Verbesserungen. <\/li> <li><b>Die Installation wurde erfolgreich beendet. <\/b><br> \u00d6ffnen Sie Ihre Webseite, um zu sehen, wie das Plugin funktioniert. <\/li><\/ol><p>Immer noch nicht sicher? Oder haben Sie Fragen? Senden Sie Ihre Anfrage einfach an unser Kundensupport-Team. Sie werden bei jedem Problem helfen. <\/p> <\/div>\n","protected":false},"excerpt":{"rendered":"","protected":false},"author":9,"featured_media":0,"parent":711,"menu_order":0,"comment_status":"closed","ping_status":"closed","template":"templates\/template-application-platform.php","meta":{"publish_to_discourse":"","publish_post_category":"","wpdc_auto_publish_overridden":"","wpdc_topic_tags":"","wpdc_pin_topic":"","wpdc_pin_until":"","discourse_post_id":"","discourse_permalink":"","wpdc_publishing_response":"","wpdc_publishing_error":"","footnotes":""},"class_list":["post-16593","page","type-page","status-publish","hentry"],"yoast_head":"<!-- This site is optimized with the Yoast SEO plugin v25.3.1 - https:\/\/yoast.com\/wordpress\/plugins\/seo\/ -->\n<title>Altersverifizierungs-Plugin f\u00fcr WordPress-Website (schnell und kostenlos)<\/title>\n<meta name=\"description\" content=\"Es ist ganz einfach, Ihr Altersverifizierungs-Plugin zu erstellen und es auf der WordPress-Website hinzuzuf\u00fcgen. Der Elfsight-Kundendienst ist kostenlos und schnell.\" \/>\n<meta name=\"robots\" content=\"index, follow, max-snippet:-1, max-image-preview:large, max-video-preview:-1\" \/>\n<link rel=\"canonical\" href=\"https:\/\/elfsight.com\/de\/age-verification-widget\/wordpress\/\" \/>\n<meta property=\"og:locale\" content=\"de_DE\" \/>\n<meta property=\"og:type\" content=\"article\" \/>\n<meta property=\"og:title\" content=\"Altersverifizierungs-Plugin f\u00fcr WordPress-Website (schnell und kostenlos)\" \/>\n<meta property=\"og:description\" content=\"Es ist ganz einfach, Ihr Altersverifizierungs-Plugin zu erstellen und es auf der WordPress-Website hinzuzuf\u00fcgen. Der Elfsight-Kundendienst ist kostenlos und schnell.\" \/>\n<meta property=\"og:url\" content=\"https:\/\/elfsight.com\/de\/age-verification-widget\/wordpress\/\" \/>\n<meta property=\"og:site_name\" content=\"Elfsight DE\" \/>\n<meta property=\"article:modified_time\" content=\"2025-02-20T12:54:50+00:00\" \/>\n<meta name=\"twitter:card\" content=\"summary_large_image\" \/>\n<meta name=\"twitter:label1\" content=\"Gesch\u00e4tzte Lesezeit\" \/>\n\t<meta name=\"twitter:data1\" content=\"3\u00a0Minuten\" \/>\n<!-- \/ Yoast SEO plugin. -->","yoast_head_json":{"title":"Altersverifizierungs-Plugin f\u00fcr WordPress-Website (schnell und kostenlos)","description":"Es ist ganz einfach, Ihr Altersverifizierungs-Plugin zu erstellen und es auf der WordPress-Website hinzuzuf\u00fcgen. Der Elfsight-Kundendienst ist kostenlos und schnell.","robots":{"index":"index","follow":"follow","max-snippet":"max-snippet:-1","max-image-preview":"max-image-preview:large","max-video-preview":"max-video-preview:-1"},"canonical":"https:\/\/elfsight.com\/de\/age-verification-widget\/wordpress\/","og_locale":"de_DE","og_type":"article","og_title":"Altersverifizierungs-Plugin f\u00fcr WordPress-Website (schnell und kostenlos)","og_description":"Es ist ganz einfach, Ihr Altersverifizierungs-Plugin zu erstellen und es auf der WordPress-Website hinzuzuf\u00fcgen. Der Elfsight-Kundendienst ist kostenlos und schnell.","og_url":"https:\/\/elfsight.com\/de\/age-verification-widget\/wordpress\/","og_site_name":"Elfsight DE","article_modified_time":"2025-02-20T12:54:50+00:00","twitter_card":"summary_large_image","twitter_misc":{"Gesch\u00e4tzte Lesezeit":"3\u00a0Minuten"},"schema":{"@context":"https:\/\/schema.org","@graph":[{"@type":"WebPage","@id":"https:\/\/elfsight.com\/de\/age-verification-widget\/wordpress\/","url":"https:\/\/elfsight.com\/de\/age-verification-widget\/wordpress\/","name":"Altersverifizierungs-Plugin f\u00fcr WordPress-Website (schnell und kostenlos)","isPartOf":{"@id":"https:\/\/elfsight.com\/de\/#website"},"datePublished":"2024-05-03T06:25:53+00:00","dateModified":"2025-02-20T12:54:50+00:00","description":"Es ist ganz einfach, Ihr Altersverifizierungs-Plugin zu erstellen und es auf der WordPress-Website hinzuzuf\u00fcgen. Der Elfsight-Kundendienst ist kostenlos und schnell.","breadcrumb":{"@id":"https:\/\/elfsight.com\/de\/age-verification-widget\/wordpress\/#breadcrumb"},"inLanguage":"de","potentialAction":[{"@type":"ReadAction","target":["https:\/\/elfsight.com\/de\/age-verification-widget\/wordpress\/"]}]},{"@type":"BreadcrumbList","@id":"https:\/\/elfsight.com\/de\/age-verification-widget\/wordpress\/#breadcrumb","itemListElement":[{"@type":"ListItem","position":1,"name":"Home","item":"https:\/\/elfsight.com\/de\/"},{"@type":"ListItem","position":2,"name":"Age Verification","item":"https:\/\/elfsight.com\/de\/age-verification-widget\/"},{"@type":"ListItem","position":3,"name":"Age Verification &#8211; WordPress"}]},{"@type":"WebSite","@id":"https:\/\/elfsight.com\/de\/#website","url":"https:\/\/elfsight.com\/de\/","name":"Elfsight DE","description":"Just another Elfsight Sites site","potentialAction":[{"@type":"SearchAction","target":{"@type":"EntryPoint","urlTemplate":"https:\/\/elfsight.com\/de\/?s={search_term_string}"},"query-input":{"@type":"PropertyValueSpecification","valueRequired":true,"valueName":"search_term_string"}}],"inLanguage":"de"}]}},"meta_box":{"industry":"","seo_heading":"","heading":"","description":"","cta_heading":"","cta_description":"","application":"487","h1":"WordPress-App zur Alters\u00fcberpr\u00fcfung","h1_caption":"Stellen Sie mit einem einfachen und anpassbaren Alters\u00fcberpr\u00fcfungs-Plugin in Ihrer WordPress-Website sicher, dass verantwortungsbewusst auf altersbezogene Inhalte zugegriffen wird.","application_category":[],"applications_title":"","applications_request_title":"","applications_request_button_text":"","hero_text":"","hero_video":"","hero_video_schema_markup":"","selling_points_title":"","selling_points_caption":"","selling_points":[],"selling_points_cta_text":"","features_title":"","features":"","ed_cta_examples_text":"","ed_cta_examples_hidden":"","ed_cta_demo_text":"","ed_cta_demo_hidden":"","why_caption":"","why_editor_title":"","why_editor_text":"","why_team_title":"","why_team_text":"","why_service_title":"","why_service_text":"","template_catalog_visible":"0","template_catalog_title":"","template_catalog_text":"","template_catalog_categories_visible":"","demo_title":"Erstellen Sie Ihr Altersverifizierungs-Plugin","demo_caption":"Konfigurieren Sie Ihre Altersverifizierung und f\u00fcgen Sie sie kostenlos zu Ihrer WordPress-Website hinzu!","default_faq_hidden":"","app_template_category":[],"platform":"266","template_public_id":"","codecanyon_url":"","codecanyon_item_id":"","codecanyon_price":"","pricing_caption":"","pricing_elfsight_apps_hide_column":"","pricing_elfsight_apps_url":"","pricing_codecanyon_price_caption":"","integration_category":[],"integration_request_title":"","integration_request_cta":"","integration_platform":"","integrations":[],"platform_category":[],"video_schema_markup":"","price":"ab 0 $ \/ Monat","trial":"","benefits":[{"text":"Kostenlose Installationsunterst\u00fctzung"},{"text":"Erfahrener Kundensupport"},{"text":"14-t\u00e4gige Geld-zur\u00fcck-Garantie"},{"text":"Fortlaufende Entwicklung"}],"button_url":"#demo","button_target_blank":"0","button_nofollow":"0","attributes":[{"name":"Installiert","content":"10,000 - 100,000"},{"name":"Reaktionsfreudig","content":"Ja"},{"name":"Kompatible Browser","content":"Firefox, Safari, Opera, Chrome, Edge"}],"tags":[],"tags_disable_links":"0","hide_more_platforms":"0","video_object":"","demo_hide_cta":"0","demo_hide_cloud_options":"0","pricing_title":"","pricing":[{"pricing_icon":"platform","pricing_title":"Elfsight Apps","pricing_title_caption":"Plattformunabh\u00e4ngige Version, die auf jeder Website funktioniert","pricing_price":"ab 0 $ \/ Monat","pricing_price_caption":"Beginnen Sie mit einem kostenlosen Plan","pricing_benefits":[{"text":"Unbegrenzte Websites"},{"text":"Unternehmenssupport rund um die Uhr und gut dokumentiert"},{"text":"Kostenlose Installationshilfe"},{"text":"Sonderangebot f\u00fcr mehrere Apps"}],"pricing_button_text":"Zur Website hinzuf\u00fcgen","pricing_button_url":"#demo"}],"related_apps_title":"","related_apps_hidden":"0","author":"","image":[],"title":"","job":"","social_networks":[]},"_links":{"self":[{"href":"https:\/\/elfsight.com\/de\/wp-json\/wp\/v2\/pages\/16593","targetHints":{"allow":["GET"]}}],"collection":[{"href":"https:\/\/elfsight.com\/de\/wp-json\/wp\/v2\/pages"}],"about":[{"href":"https:\/\/elfsight.com\/de\/wp-json\/wp\/v2\/types\/page"}],"author":[{"embeddable":true,"href":"https:\/\/elfsight.com\/de\/wp-json\/wp\/v2\/users\/9"}],"replies":[{"embeddable":true,"href":"https:\/\/elfsight.com\/de\/wp-json\/wp\/v2\/comments?post=16593"}],"version-history":[{"count":3,"href":"https:\/\/elfsight.com\/de\/wp-json\/wp\/v2\/pages\/16593\/revisions"}],"predecessor-version":[{"id":24564,"href":"https:\/\/elfsight.com\/de\/wp-json\/wp\/v2\/pages\/16593\/revisions\/24564"}],"up":[{"embeddable":true,"href":"https:\/\/elfsight.com\/de\/wp-json\/wp\/v2\/pages\/711"}],"wp:attachment":[{"href":"https:\/\/elfsight.com\/de\/wp-json\/wp\/v2\/media?parent=16593"}],"curies":[{"name":"wp","href":"https:\/\/api.w.org\/{rel}","templated":true}]}}