{"id":16585,"date":"2024-05-03T06:25:49","date_gmt":"2024-05-03T06:25:49","guid":{"rendered":"https:\/\/elfsight.com\/de\/?page_id=16585"},"modified":"2025-07-08T09:37:48","modified_gmt":"2025-07-08T09:37:48","slug":"facebook","status":"publish","type":"page","link":"https:\/\/elfsight.com\/de\/age-verification-widget\/facebook\/","title":{"rendered":"Age Verification &#8211; Facebook Page"},"content":{"rendered":"<div class=\"application-platform-content-item-description application-platform-content-item\" id=\"description\" data-nav-section=\"description\"><h2>Beschreibung<\/h2><p>Das Elfsight-Widget ist der schnellste Weg, eine Benachrichtigung zu erstellen, die das Alter eines Benutzers anfragt. Dieses Widget hilft dabei, altersbegrenzte Inhalte f\u00fcr vollj\u00e4hrige Benutzer verf\u00fcgbar zu machen und sie f\u00fcr minderj\u00e4hrige Besucher zu verbergen. Sie k\u00f6nnen die richtige Altersbeschr\u00e4nkung festlegen, ein Verifizierungsformular ausw\u00e4hlen und die Aktion f\u00fcr minderj\u00e4hrige Benutzer ausw\u00e4hlen. Auch den Stil haben Sie mit \u00fcbermalbaren Elementen und der M\u00f6glichkeit, benutzerdefinierte Bilder hochzuladen, unter Ihrer Kontrolle.<\/p><p><b>Behalten Sie das Alter unter Kontrolle mit einem einfachen und anpassbaren Widget auf Ihrer Website!<\/b><\/p><\/div> <div class=\"application-platform-content-item-features application-platform-content-item\" id=\"features\" data-nav-section=\"features\"><h2>Features<\/h2><p>Hier sehen Sie alle Funktionen des Widgets. Sie k\u00f6nnen sie direkt im Editor anpassen und sie helfen Ihnen dabei, das Widget passend f\u00fcr Ihren Anwendungsfall zu konfigurieren.<\/p><ul><li>W\u00e4hlen Sie einen der Verifizierungstypen: Bitte um vollst\u00e4ndiges Geburtsdatum, nur das Geburtsjahr , oder eine Frage mit Ja- und Nein-Antworten;<\/li><li>Die Option, Benutzer f\u00fcr einen beliebigen Zeitraum zu speichern;<\/li><li>2 Szenarien f\u00fcr minderj\u00e4hrige Benutzer: um eine Nachricht anzuzeigen oder einen Benutzer weiterzuleiten eine andere Adresse;<\/li><li>F\u00fcgen Sie Ihr eigenes Bild hinzu, um es im Fenster zur Alters\u00fcberpr\u00fcfung anzuzeigen;<\/li><li>Zeigen Sie zus\u00e4tzlichen Text und Links unter der Best\u00e4tigungsschaltfl\u00e4che an.<\/li><\/ul><p><a href=\"#demo\">Testen Sie alle anderen Funktionen in der Demo<\/a><\/p><\/div><div class=\"application-platform-content-item-installation application-platform-content-item\" id=\"installation\" data-nav-section=\"installation\"><h2>So f\u00fcgen Sie die Registerkarte \u201eAltersverifizierung\u201c zu einem Facebook hinzu Seite<\/h2><p>Um das Widget auf Ihrer Facebook-Seite zu aktivieren, befolgen Sie einfach die folgenden Richtlinien<\/p><ul><li><b>Erstellen Sie Ihr einzigartiges Plugin<\/b><br>Verwaltung unseres kostenlosen Konfigurators, Legen Sie die Widget-Schnittstelle fest und w\u00e4hlen Sie die Funktionalit\u00e4t aus.<\/li><li><b>Kopieren Sie den pers\u00f6nlichen Code, um das Plugin zu installieren<\/b><br>Nachdem Sie Ihr Widget eingerichtet haben, erhalten Sie Ihren Installationscode aus dem angezeigten Fenster Benachrichtigung \u00fcber Elfsight Apps. Kopieren Sie es.<\/li><li><b>F\u00fcgen Sie das Widget zur Facebook-Seite hinzu<\/b><br> Erstellen Sie Ihren benutzerdefinierten Facebook-Tab. F\u00fcgen Sie den Code, den Sie bei elfsight apps erhalten haben, in die Registerkarte ein. Wenn Sie Probleme haben, lesen Sie einfach unseren Leitfaden unter <a href=\"https:\/\/elfsight.com\/blog\/how-to-add-custom-tab-to-facebook-page\/\" target=\"_blank\" rel=\"noopener noreferrer\">Benutzerdefinierten Facebook-Tab erstellen<\/a><\/li><li><b>Die Einrichtung ist erfolgreich! <\/b><br>Gehen Sie zu Ihrer Seite und \u00fcberpr\u00fcfen Sie das Widget. <\/li><\/ul><p>Nehmen Sie sich eine Minute Zeit, um unseren Kundensupport zu kontaktieren, wenn Sie Rat ben\u00f6tigen oder Fragen haben. Wir stehen Ihnen bei jeder Anfrage mit Rat und Tat zur Seite. <\/p><div class=\"faq\" data-component=\"FAQ\"> <div class=\"faq-item\">\r\n\t\t\t\t\t<div class=\"faq-item-question\">\r\n\t\t\t\t\t\t<h3 class=\"faq-item-question-text\">Wie f\u00fcge ich ohne Programmierkenntnisse eine Altersverifizierung zu meiner Facebook-Seiten-Website hinzu?<\/h3>\r\n\r\n\t\t\t\t\t\t<div class=\"faq-item-question-icon\"><\/div>\r\n\t\t\t\t\t<\/div>\r\n\r\n\t\t\t\t\t<div class=\"faq-item-answer\">\r\n\t\t\t\t\t\t<div class=\"faq-item-answer-text\"> <p>Elfsight bietet eine SaaS-L\u00f6sung, mit der Sie selbst ein Altersverifizierungs-Widget erstellen k\u00f6nnen. Sehen Sie, wie einfach das ist Der Prozess ist: Arbeiten Sie direkt im Online-Editor, um ein Altersverifizierungs-Widget zu erstellen, das Sie auf Ihrer Facebook-Seiten-Website sehen m\u00f6chten. W\u00e4hlen Sie eine der vorgefertigten Vorlagen aus und passen Sie die Einstellungen zur Alters\u00fcberpr\u00fcfung an, f\u00fcgen Sie Ihre Inhalte hinzu, \u00e4ndern Sie das Layout und die Farben ohne Programmierkenntnisse. Speichern Sie die Altersverifizierung und kopieren Sie den Installationscode, den Sie problemlos in Ihre Facebook-Seiten-Website einf\u00fcgen k\u00f6nnen, ohne einen kostenpflichtigen Plan kaufen zu m\u00fcssen. Mit unserem intuitiven Editor kann jeder Internetnutzer online ein Altersverifizierungs-Widget erstellen und es einfach in die Website seiner Facebook-Seite einbetten. Um auf den Service zuzugreifen, m\u00fcssen Sie weder bezahlen noch Ihre Kartendaten eingeben. Sollten bei irgendeinem Schritt Probleme auftreten, wenden Sie sich bitte an unser technisches Support-Team.<\/p> <\/div>\r\n\t\t\t\t\t<\/div>\r\n\t\t\t\t<\/div> <\/div> <\/div>","protected":false},"excerpt":{"rendered":"","protected":false},"author":9,"featured_media":0,"parent":711,"menu_order":0,"comment_status":"closed","ping_status":"closed","template":"templates\/template-application-platform.php","meta":{"publish_to_discourse":"","publish_post_category":"","wpdc_auto_publish_overridden":"","wpdc_topic_tags":"","wpdc_pin_topic":"","wpdc_pin_until":"","discourse_post_id":"","discourse_permalink":"","wpdc_publishing_response":"","wpdc_publishing_error":"","footnotes":""},"class_list":["post-16585","page","type-page","status-publish","hentry"],"yoast_head":"<!-- This site is optimized with the Yoast SEO plugin v25.3.1 - https:\/\/yoast.com\/wordpress\/plugins\/seo\/ -->\n<title>Alters\u00fcberpr\u00fcfung zum benutzerdefinierten Tab der Facebook-Seite hinzuf\u00fcgen (2025)<\/title>\n<meta name=\"description\" content=\"Es ist ein Kinderspiel, Ihr Altersverifizierungs-Widget zu erstellen und es auf der Facebook-Seite hinzuzuf\u00fcgen. Der Kundendienst von Elfsight ist kostenlos und schnell.\" \/>\n<meta name=\"robots\" content=\"index, follow, max-snippet:-1, max-image-preview:large, max-video-preview:-1\" \/>\n<link rel=\"canonical\" href=\"https:\/\/elfsight.com\/de\/age-verification-widget\/facebook\/\" \/>\n<meta property=\"og:locale\" content=\"de_DE\" \/>\n<meta property=\"og:type\" content=\"article\" \/>\n<meta property=\"og:title\" content=\"Alters\u00fcberpr\u00fcfung zum benutzerdefinierten Tab der Facebook-Seite hinzuf\u00fcgen (2025)\" \/>\n<meta property=\"og:description\" content=\"Es ist ein Kinderspiel, Ihr Altersverifizierungs-Widget zu erstellen und es auf der Facebook-Seite hinzuzuf\u00fcgen. Der Kundendienst von Elfsight ist kostenlos und schnell.\" \/>\n<meta property=\"og:url\" content=\"https:\/\/elfsight.com\/de\/age-verification-widget\/facebook\/\" \/>\n<meta property=\"og:site_name\" content=\"Elfsight DE\" \/>\n<meta property=\"article:modified_time\" content=\"2025-07-08T09:37:48+00:00\" \/>\n<meta name=\"twitter:card\" content=\"summary_large_image\" \/>\n<meta name=\"twitter:label1\" content=\"Gesch\u00e4tzte Lesezeit\" \/>\n\t<meta name=\"twitter:data1\" content=\"3\u00a0Minuten\" \/>\n<!-- \/ Yoast SEO plugin. -->","yoast_head_json":{"title":"Alters\u00fcberpr\u00fcfung zum benutzerdefinierten Tab der Facebook-Seite hinzuf\u00fcgen (2025)","description":"Es ist ein Kinderspiel, Ihr Altersverifizierungs-Widget zu erstellen und es auf der Facebook-Seite hinzuzuf\u00fcgen. Der Kundendienst von Elfsight ist kostenlos und schnell.","robots":{"index":"index","follow":"follow","max-snippet":"max-snippet:-1","max-image-preview":"max-image-preview:large","max-video-preview":"max-video-preview:-1"},"canonical":"https:\/\/elfsight.com\/de\/age-verification-widget\/facebook\/","og_locale":"de_DE","og_type":"article","og_title":"Alters\u00fcberpr\u00fcfung zum benutzerdefinierten Tab der Facebook-Seite hinzuf\u00fcgen (2025)","og_description":"Es ist ein Kinderspiel, Ihr Altersverifizierungs-Widget zu erstellen und es auf der Facebook-Seite hinzuzuf\u00fcgen. Der Kundendienst von Elfsight ist kostenlos und schnell.","og_url":"https:\/\/elfsight.com\/de\/age-verification-widget\/facebook\/","og_site_name":"Elfsight DE","article_modified_time":"2025-07-08T09:37:48+00:00","twitter_card":"summary_large_image","twitter_misc":{"Gesch\u00e4tzte Lesezeit":"3\u00a0Minuten"},"schema":{"@context":"https:\/\/schema.org","@graph":[{"@type":"WebPage","@id":"https:\/\/elfsight.com\/de\/age-verification-widget\/facebook\/","url":"https:\/\/elfsight.com\/de\/age-verification-widget\/facebook\/","name":"Alters\u00fcberpr\u00fcfung zum benutzerdefinierten Tab der Facebook-Seite hinzuf\u00fcgen (2025)","isPartOf":{"@id":"https:\/\/elfsight.com\/de\/#website"},"datePublished":"2024-05-03T06:25:49+00:00","dateModified":"2025-07-08T09:37:48+00:00","description":"Es ist ein Kinderspiel, Ihr Altersverifizierungs-Widget zu erstellen und es auf der Facebook-Seite hinzuzuf\u00fcgen. Der Kundendienst von Elfsight ist kostenlos und schnell.","breadcrumb":{"@id":"https:\/\/elfsight.com\/de\/age-verification-widget\/facebook\/#breadcrumb"},"inLanguage":"de","potentialAction":[{"@type":"ReadAction","target":["https:\/\/elfsight.com\/de\/age-verification-widget\/facebook\/"]}]},{"@type":"BreadcrumbList","@id":"https:\/\/elfsight.com\/de\/age-verification-widget\/facebook\/#breadcrumb","itemListElement":[{"@type":"ListItem","position":1,"name":"Home","item":"https:\/\/elfsight.com\/de\/"},{"@type":"ListItem","position":2,"name":"Age Verification","item":"https:\/\/elfsight.com\/de\/age-verification-widget\/"},{"@type":"ListItem","position":3,"name":"Age Verification &#8211; Facebook Page"}]},{"@type":"WebSite","@id":"https:\/\/elfsight.com\/de\/#website","url":"https:\/\/elfsight.com\/de\/","name":"Elfsight DE","description":"Just another Elfsight Sites site","potentialAction":[{"@type":"SearchAction","target":{"@type":"EntryPoint","urlTemplate":"https:\/\/elfsight.com\/de\/?s={search_term_string}"},"query-input":{"@type":"PropertyValueSpecification","valueRequired":true,"valueName":"search_term_string"}}],"inLanguage":"de"}]}},"meta_box":{"industry":"","seo_heading":"","heading":"","description":"","cta_heading":"","cta_description":"","application":"487","h1":"Alters\u00fcberpr\u00fcfung f\u00fcr Facebook-Seite","h1_caption":"Stellen Sie mit einem einfachen und anpassbaren Alters\u00fcberpr\u00fcfungs-Widget auf Ihrer Facebook-Seiten-Website sicher, dass verantwortungsbewusst auf altersbezogene Inhalte zugegriffen wird.","application_category":[],"applications_title":"","applications_request_title":"","applications_request_button_text":"","hero_text":"","hero_video":"","hero_video_schema_markup":"","selling_points_title":"","selling_points_caption":"","selling_points":[],"selling_points_cta_text":"","features_title":"","features":"","ed_cta_examples_text":"","ed_cta_examples_hidden":"","ed_cta_demo_text":"","ed_cta_demo_hidden":"","why_caption":"","why_editor_title":"","why_editor_text":"","why_team_title":"","why_team_text":"","why_service_title":"","why_service_text":"","template_catalog_visible":"","template_catalog_title":"","template_catalog_text":"","template_catalog_categories_visible":"","demo_title":"Erstellen Sie Ihr Altersverifizierungs-Widget","demo_caption":"Konfigurieren Sie Ihre Altersverifizierung und f\u00fcgen Sie sie kostenlos zu Ihrer Facebook-Seite hinzu!","default_faq_hidden":"","app_template_category":[],"platform":"216","template_public_id":"","codecanyon_url":"","codecanyon_item_id":"","codecanyon_price":"","pricing_caption":"","pricing_elfsight_apps_hide_column":"","pricing_elfsight_apps_url":"","pricing_codecanyon_price_caption":"","integration_category":[],"integration_request_title":"","integration_request_cta":"","integration_platform":"","integrations":[],"platform_category":[],"video_schema_markup":"","price":"ab 0 $ \/ Monat","trial":"","benefits":[{"text":"Kostenlose Installationshilfe"},{"text":"Erfahrener Kundensupport"},{"text":"14-t\u00e4gige Geld-zur\u00fcck-Garantie"},{"text":"Kontinuierliche kostenlose Verbesserungen"}],"button_url":"#demo","button_target_blank":"","button_nofollow":"","attributes":[{"name":"Installiert","content":"10,000 - 100,000"},{"name":"Reaktionsfreudig","content":"Ja"},{"name":"Kompatible Browser","content":"Opera, Safari, Chrome, Edge, Firefox"}],"tags":[],"tags_disable_links":"","hide_more_platforms":"","video_object":"","demo_hide_cta":"","demo_hide_cloud_options":"","pricing_title":"","pricing":[{"pricing_icon":"platform","pricing_title":"Elfsight Apps","pricing_title_caption":"Plattform\u00fcbergreifende digitale L\u00f6sung, die zu jeder Website passt","pricing_price":"ab 0 $ \/ Monat","pricing_price_caption":"Beginnen Sie mit einem kostenlosen Plan","pricing_benefits":[{"text":"Unbegrenzte Domains"},{"text":"Engagierter und p\u00fcnktlicher Support"},{"text":"Kostenlose Installationsunterst\u00fctzung"},{"text":"Flexibles Design"}],"pricing_button_text":"Zur Website hinzuf\u00fcgen","pricing_button_url":"#demo"}],"related_apps_title":"","related_apps_hidden":"","author":"","image":[],"title":"","job":"","social_networks":[]},"_links":{"self":[{"href":"https:\/\/elfsight.com\/de\/wp-json\/wp\/v2\/pages\/16585","targetHints":{"allow":["GET"]}}],"collection":[{"href":"https:\/\/elfsight.com\/de\/wp-json\/wp\/v2\/pages"}],"about":[{"href":"https:\/\/elfsight.com\/de\/wp-json\/wp\/v2\/types\/page"}],"author":[{"embeddable":true,"href":"https:\/\/elfsight.com\/de\/wp-json\/wp\/v2\/users\/9"}],"replies":[{"embeddable":true,"href":"https:\/\/elfsight.com\/de\/wp-json\/wp\/v2\/comments?post=16585"}],"version-history":[{"count":2,"href":"https:\/\/elfsight.com\/de\/wp-json\/wp\/v2\/pages\/16585\/revisions"}],"predecessor-version":[{"id":21137,"href":"https:\/\/elfsight.com\/de\/wp-json\/wp\/v2\/pages\/16585\/revisions\/21137"}],"up":[{"embeddable":true,"href":"https:\/\/elfsight.com\/de\/wp-json\/wp\/v2\/pages\/711"}],"wp:attachment":[{"href":"https:\/\/elfsight.com\/de\/wp-json\/wp\/v2\/media?parent=16585"}],"curies":[{"name":"wp","href":"https:\/\/api.w.org\/{rel}","templated":true}]}}