{"id":16578,"date":"2024-05-03T06:25:46","date_gmt":"2024-05-03T06:25:46","guid":{"rendered":"https:\/\/elfsight.com\/de\/?page_id=16578"},"modified":"2025-07-08T09:38:00","modified_gmt":"2025-07-08T09:38:00","slug":"google-sites","status":"publish","type":"page","link":"https:\/\/elfsight.com\/de\/age-verification-widget\/google-sites\/","title":{"rendered":"Age Verification &#8211; Google Sites"},"content":{"rendered":"<div class=\"application-platform-content-item-description application-platform-content-item\" id=\"description\" data-nav-section=\"description\"> <h2>Einbetten der Alters\u00fcberpr\u00fcfung auf Google Sites mit dem Elfsight-Widget<\/h2> <p>Die Elfsight-Alters\u00fcberpr\u00fcfung f\u00fcr Google Sites ist die beste Methode zum Erstellen eine sofortige Benachrichtigung, die das Alter eines Benutzers kontrolliert. Das Widget stellt Ihre altersbezogenen Inhalte vollj\u00e4hrigen Benutzern zur Verf\u00fcgung und sch\u00fctzt sie f\u00fcr die Kategorie Minderj\u00e4hrige. Es gibt Optionen zum Festlegen der Altersbeschr\u00e4nkung, zum Definieren des \u00dcberpr\u00fcfungsformats, zum Einf\u00fcgen des Popups auf jeder oder nur auf mehreren Seiten und zur Aktion der Zugriffsverweigerung. Die Benutzeroberfl\u00e4che l\u00e4sst sich leicht anpassen, bietet \u00fcbermalbare Details und die M\u00f6glichkeit, eigene Bilder anzuzeigen. <\/p> <p><b>Machen Sie Ihre Website mit Hilfe der Altersverifizierung effizienter f\u00fcr Gesch\u00e4ftsziele<\/b><\/p> <\/div> <div class=\"application-platform-content-item-features application-platform-content-item\" id=\"features\" data-nav-section=\"features\"> <h2>Die folgenden Informationen sind wesentlich Funktionen des Widgets: <\/h2> <ul><li>W\u00e4hlen Sie eine der Pr\u00fcfmethoden: Abfrage des vollst\u00e4ndigen Geburtsdatums, nur des Geburtsjahres oder eine Frage mit Ja- und Nein-Antworten; <\/li><li>Sie k\u00f6nnen sich f\u00fcr eine beliebige Zeitspanne an Besucher erinnern; <\/li><li>2 Szenarien f\u00fcr abgeschreckte Benutzer: um eine Nachricht anzuzeigen oder einen Benutzer auf eine andere Seite oder Website umzuleiten; <\/li><li>Laden Sie ein beliebiges Bild f\u00fcr das Scheckfenster hoch. <\/li><li>Zeigen Sie zus\u00e4tzliche Informationen mit Links unter der Best\u00e4tigungsschaltfl\u00e4che an. <\/li><\/ul><p><a href=\"#demo\">Sie k\u00f6nnen alle Funktionen des Widgets in der Demo unten ausprobieren<\/a><\/p> <\/div> <div class=\"application-platform-content-item- Installation application-platform-content-item\" id=\" Installation\" data-nav-section=\" Installation\"> <h2>Wie f\u00fcge ich die Alters\u00fcberpr\u00fcfung auf meinen Google Sites hinzu?<\/h2> <p>F\u00fchren Sie einfach die folgenden Richtlinien aus, um das Plugin zu aktivieren. <\/p> <ol><li><b>Nutzen Sie unseren kostenlosen Konfigurator und beginnen Sie mit der Gestaltung Ihres ma\u00dfgeschneiderten Plugins. <\/b><br> Finden Sie das benutzerdefinierte Layout und die Funktionsmerkmale des Widgets und \u00fcbernehmen Sie die \u00c4nderungen. <\/li> <li><b>Erhalten Sie Ihren pers\u00f6nlichen Code, der im speziellen Formular auf Elfsight Apps erscheint. <\/b><br> Kopieren Sie unmittelbar nach der Anpassung Ihres Widgets den exklusiven Code in das angezeigte Feld und speichern Sie ihn f\u00fcr eine sp\u00e4tere Gelegenheit. <\/li> <li><b>Beginn der Verwendung des Tools auf der Google Sites-Website. <\/b><br> Geben Sie den k\u00fcrzlich kopierten Code auf Ihrer Webseite ein und \u00fcbernehmen Sie die \u00c4nderungen. <\/li> <li><b>Die Installation wurde erfolgreich beendet. <\/b><br> Gehen Sie auf Ihre Seite, um zu sehen, wie das Widget funktioniert. <\/li><\/ol> <div class=\"tip-yellow tip\"><b>Aufgrund der Besonderheiten der Google Sites-Funktion sieht das Widget m\u00f6glicherweise anders aus als die Online-Demo. Wir entschuldigen uns f\u00fcr etwaige Unannehmlichkeiten.<\/b><\/div><p>Wenn Sie Fragen haben oder auf Schwierigkeiten sto\u00dfen, wenden Sie sich bitte an unser Kundendienstteam. Unsere Berater l\u00f6sen gerne alle Schwierigkeiten, die Sie mit dem Produkt haben k\u00f6nnten. <\/p> <div class=\"faq\" data-component=\"FAQ\"> <div class=\"faq-item\">\r\n\t\t\t\t\t<div class=\"faq-item-question\">\r\n\t\t\t\t\t\t<h3 class=\"faq-item-question-text\">Wie f\u00fcge ich ohne Programmierkenntnisse eine Alters\u00fcberpr\u00fcfung zu meiner Google Sites-Website hinzu?<\/h3>\r\n\r\n\t\t\t\t\t\t<div class=\"faq-item-question-icon\"><\/div>\r\n\t\t\t\t\t<\/div>\r\n\r\n\t\t\t\t\t<div class=\"faq-item-answer\">\r\n\t\t\t\t\t\t<div class=\"faq-item-answer-text\"> <p>Elfsight bietet eine SaaS-L\u00f6sung, mit der Sie selbst ein Alters\u00fcberpr\u00fcfungs-Widget erstellen k\u00f6nnen. Sehen Sie, wie einfach das ist Der Prozess ist: Arbeiten Sie direkt im Online-Editor, um ein Alters\u00fcberpr\u00fcfungs-Widget zu erstellen, das Sie auf Ihrer Google Sites-Website sehen m\u00f6chten. W\u00e4hlen Sie eine der vorgefertigten Vorlagen aus und passen Sie die Einstellungen zur Alters\u00fcberpr\u00fcfung an, f\u00fcgen Sie Ihre Inhalte hinzu, \u00e4ndern Sie das Layout und die Farben ohne Programmierkenntnisse. Speichern Sie die Alters\u00fcberpr\u00fcfung und kopieren Sie den Installationscode, den Sie problemlos in Ihre Google Sites-Website einbetten k\u00f6nnen, ohne eine kostenpflichtige Version kaufen zu m\u00fcssen. Mit unserem intuitiven Editor kann jeder Internetnutzer online ein Altersverifizierungs-Widget erstellen und es einfach in seine Google Sites-Website einbetten. Um auf den Service zuzugreifen, m\u00fcssen Sie weder bezahlen noch Ihre Kartendaten eingeben. Sollten bei irgendeinem Schritt Probleme auftreten, wenden Sie sich bitte an unser technisches Support-Team.<\/p> <\/div>\r\n\t\t\t\t\t<\/div>\r\n\t\t\t\t<\/div> <\/div> <\/div>","protected":false},"excerpt":{"rendered":"","protected":false},"author":9,"featured_media":0,"parent":711,"menu_order":0,"comment_status":"closed","ping_status":"closed","template":"templates\/template-application-platform.php","meta":{"publish_to_discourse":"","publish_post_category":"","wpdc_auto_publish_overridden":"","wpdc_topic_tags":"","wpdc_pin_topic":"","wpdc_pin_until":"","discourse_post_id":"","discourse_permalink":"","wpdc_publishing_response":"","wpdc_publishing_error":"","footnotes":""},"class_list":["post-16578","page","type-page","status-publish","hentry"],"yoast_head":"<!-- This site is optimized with the Yoast SEO plugin v25.3.1 - https:\/\/yoast.com\/wordpress\/plugins\/seo\/ -->\n<title>Altersverifizierung \u2013 Altersverifizierungs-Widget zu Google Sites hinzuf\u00fcgen (2025)<\/title>\n<meta name=\"description\" content=\"F\u00fcgen Sie Ihrer Google Sites-Website ein responsives Altersverifizierungs-Plugin hinzu und erhalten Sie volles Vertrauen. Nutzen Sie die benutzerfreundliche Demo von Elfsight, um Ihr einzigartiges Widget zu erstellen.\" \/>\n<meta name=\"robots\" content=\"index, follow, max-snippet:-1, max-image-preview:large, max-video-preview:-1\" \/>\n<link rel=\"canonical\" href=\"https:\/\/elfsight.com\/de\/age-verification-widget\/google-sites\/\" \/>\n<meta property=\"og:locale\" content=\"de_DE\" \/>\n<meta property=\"og:type\" content=\"article\" \/>\n<meta property=\"og:title\" content=\"Altersverifizierung \u2013 Altersverifizierungs-Widget zu Google Sites hinzuf\u00fcgen (2025)\" \/>\n<meta property=\"og:description\" content=\"F\u00fcgen Sie Ihrer Google Sites-Website ein responsives Altersverifizierungs-Plugin hinzu und erhalten Sie volles Vertrauen. Nutzen Sie die benutzerfreundliche Demo von Elfsight, um Ihr einzigartiges Widget zu erstellen.\" \/>\n<meta property=\"og:url\" content=\"https:\/\/elfsight.com\/de\/age-verification-widget\/google-sites\/\" \/>\n<meta property=\"og:site_name\" content=\"Elfsight DE\" \/>\n<meta property=\"article:modified_time\" content=\"2025-07-08T09:38:00+00:00\" \/>\n<meta name=\"twitter:card\" content=\"summary_large_image\" \/>\n<meta name=\"twitter:label1\" content=\"Gesch\u00e4tzte Lesezeit\" \/>\n\t<meta name=\"twitter:data1\" content=\"3\u00a0Minuten\" \/>\n<!-- \/ Yoast SEO plugin. -->","yoast_head_json":{"title":"Altersverifizierung \u2013 Altersverifizierungs-Widget zu Google Sites hinzuf\u00fcgen (2025)","description":"F\u00fcgen Sie Ihrer Google Sites-Website ein responsives Altersverifizierungs-Plugin hinzu und erhalten Sie volles Vertrauen. Nutzen Sie die benutzerfreundliche Demo von Elfsight, um Ihr einzigartiges Widget zu erstellen.","robots":{"index":"index","follow":"follow","max-snippet":"max-snippet:-1","max-image-preview":"max-image-preview:large","max-video-preview":"max-video-preview:-1"},"canonical":"https:\/\/elfsight.com\/de\/age-verification-widget\/google-sites\/","og_locale":"de_DE","og_type":"article","og_title":"Altersverifizierung \u2013 Altersverifizierungs-Widget zu Google Sites hinzuf\u00fcgen (2025)","og_description":"F\u00fcgen Sie Ihrer Google Sites-Website ein responsives Altersverifizierungs-Plugin hinzu und erhalten Sie volles Vertrauen. Nutzen Sie die benutzerfreundliche Demo von Elfsight, um Ihr einzigartiges Widget zu erstellen.","og_url":"https:\/\/elfsight.com\/de\/age-verification-widget\/google-sites\/","og_site_name":"Elfsight DE","article_modified_time":"2025-07-08T09:38:00+00:00","twitter_card":"summary_large_image","twitter_misc":{"Gesch\u00e4tzte Lesezeit":"3\u00a0Minuten"},"schema":{"@context":"https:\/\/schema.org","@graph":[{"@type":"WebPage","@id":"https:\/\/elfsight.com\/de\/age-verification-widget\/google-sites\/","url":"https:\/\/elfsight.com\/de\/age-verification-widget\/google-sites\/","name":"Altersverifizierung \u2013 Altersverifizierungs-Widget zu Google Sites hinzuf\u00fcgen (2025)","isPartOf":{"@id":"https:\/\/elfsight.com\/de\/#website"},"datePublished":"2024-05-03T06:25:46+00:00","dateModified":"2025-07-08T09:38:00+00:00","description":"F\u00fcgen Sie Ihrer Google Sites-Website ein responsives Altersverifizierungs-Plugin hinzu und erhalten Sie volles Vertrauen. Nutzen Sie die benutzerfreundliche Demo von Elfsight, um Ihr einzigartiges Widget zu erstellen.","breadcrumb":{"@id":"https:\/\/elfsight.com\/de\/age-verification-widget\/google-sites\/#breadcrumb"},"inLanguage":"de","potentialAction":[{"@type":"ReadAction","target":["https:\/\/elfsight.com\/de\/age-verification-widget\/google-sites\/"]}]},{"@type":"BreadcrumbList","@id":"https:\/\/elfsight.com\/de\/age-verification-widget\/google-sites\/#breadcrumb","itemListElement":[{"@type":"ListItem","position":1,"name":"Home","item":"https:\/\/elfsight.com\/de\/"},{"@type":"ListItem","position":2,"name":"Age Verification","item":"https:\/\/elfsight.com\/de\/age-verification-widget\/"},{"@type":"ListItem","position":3,"name":"Age Verification &#8211; Google Sites"}]},{"@type":"WebSite","@id":"https:\/\/elfsight.com\/de\/#website","url":"https:\/\/elfsight.com\/de\/","name":"Elfsight DE","description":"Just another Elfsight Sites site","potentialAction":[{"@type":"SearchAction","target":{"@type":"EntryPoint","urlTemplate":"https:\/\/elfsight.com\/de\/?s={search_term_string}"},"query-input":{"@type":"PropertyValueSpecification","valueRequired":true,"valueName":"search_term_string"}}],"inLanguage":"de"}]}},"meta_box":{"industry":"","seo_heading":"","heading":"","description":"","cta_heading":"","cta_description":"","application":"487","h1":"Widget zur Alters\u00fcberpr\u00fcfung von Google Sites","h1_caption":"Stellen Sie mit einem einfachen und anpassbaren Alters\u00fcberpr\u00fcfungs-Widget in Ihren Google Sites sicher, dass verantwortungsbewusst auf altersbezogene Inhalte zugegriffen wird.","application_category":[],"applications_title":"","applications_request_title":"","applications_request_button_text":"","hero_text":"","hero_video":"","hero_video_schema_markup":"","selling_points_title":"","selling_points_caption":"","selling_points":[],"selling_points_cta_text":"","features_title":"","features":"","ed_cta_examples_text":"","ed_cta_examples_hidden":"","ed_cta_demo_text":"","ed_cta_demo_hidden":"","why_caption":"","why_editor_title":"","why_editor_text":"","why_team_title":"","why_team_text":"","why_service_title":"","why_service_text":"","template_catalog_visible":"","template_catalog_title":"","template_catalog_text":"","template_catalog_categories_visible":"","demo_title":"Erstellen Sie Ihr Altersverifizierungs-Widget","demo_caption":"Konfigurieren Sie Ihre Altersverifizierung und f\u00fcgen Sie sie kostenlos zu Ihrer Google Sites-Website hinzu!","default_faq_hidden":"","app_template_category":[],"platform":"3000","template_public_id":"","codecanyon_url":"","codecanyon_item_id":"","codecanyon_price":"","pricing_caption":"","pricing_elfsight_apps_hide_column":"","pricing_elfsight_apps_url":"","pricing_codecanyon_price_caption":"","integration_category":[],"integration_request_title":"","integration_request_cta":"","integration_platform":"","integrations":[],"platform_category":[],"video_schema_markup":"","price":"ab 0 $ \/ Monat","trial":"","benefits":[{"text":"Kostenlose Installationsunterst\u00fctzung"},{"text":"Erfahrener Kundensupport"},{"text":"14-t\u00e4gige R\u00fcckerstattungsgarantie"},{"text":"St\u00e4ndige Aktualisierung"}],"button_url":"#demo","button_target_blank":"","button_nofollow":"","attributes":[{"name":"Installiert","content":"10,000 - 100,000"},{"name":"Reaktionsfreudig","content":"Funktioniert mit der mobilen Version der Website"},{"name":"Kompatible Browser","content":"Firefox, Opera, Safari, Edge, Chrome"}],"tags":[],"tags_disable_links":"","hide_more_platforms":"","video_object":"","demo_hide_cta":"","demo_hide_cloud_options":"","pricing_title":"","pricing":[{"pricing_icon":"platform","pricing_title":"Elfsight Apps","pricing_title_caption":"Plattform\u00fcbergreifende digitale L\u00f6sung, die auf jeder Website funktioniert","pricing_price":"ab 0 $ \/ Monat","pricing_price_caption":"Beginnen Sie mit einem kostenlosen Plan","pricing_benefits":[{"text":"Unbegrenzte Domains"},{"text":"Kostenloser und p\u00fcnktlicher Support"},{"text":"Kostenloser Installationsservice"},{"text":"Sonderangebot f\u00fcr mehrere Apps"}],"pricing_button_text":"Zur Website hinzuf\u00fcgen","pricing_button_url":"#demo"}],"related_apps_title":"","related_apps_hidden":"","author":"","image":[],"title":"","job":"","social_networks":[]},"_links":{"self":[{"href":"https:\/\/elfsight.com\/de\/wp-json\/wp\/v2\/pages\/16578","targetHints":{"allow":["GET"]}}],"collection":[{"href":"https:\/\/elfsight.com\/de\/wp-json\/wp\/v2\/pages"}],"about":[{"href":"https:\/\/elfsight.com\/de\/wp-json\/wp\/v2\/types\/page"}],"author":[{"embeddable":true,"href":"https:\/\/elfsight.com\/de\/wp-json\/wp\/v2\/users\/9"}],"replies":[{"embeddable":true,"href":"https:\/\/elfsight.com\/de\/wp-json\/wp\/v2\/comments?post=16578"}],"version-history":[{"count":2,"href":"https:\/\/elfsight.com\/de\/wp-json\/wp\/v2\/pages\/16578\/revisions"}],"predecessor-version":[{"id":21136,"href":"https:\/\/elfsight.com\/de\/wp-json\/wp\/v2\/pages\/16578\/revisions\/21136"}],"up":[{"embeddable":true,"href":"https:\/\/elfsight.com\/de\/wp-json\/wp\/v2\/pages\/711"}],"wp:attachment":[{"href":"https:\/\/elfsight.com\/de\/wp-json\/wp\/v2\/media?parent=16578"}],"curies":[{"name":"wp","href":"https:\/\/api.w.org\/{rel}","templated":true}]}}