{"id":16577,"date":"2024-05-03T06:25:45","date_gmt":"2024-05-03T06:25:45","guid":{"rendered":"https:\/\/elfsight.com\/de\/?page_id=16577"},"modified":"2025-07-08T09:37:54","modified_gmt":"2025-07-08T09:37:54","slug":"godaddy","status":"publish","type":"page","link":"https:\/\/elfsight.com\/de\/age-verification-widget\/godaddy\/","title":{"rendered":"Age Verification &#8211; GoDaddy"},"content":{"rendered":"<div class=\"application-platform-content-item-description application-platform-content-item\" id=\"description\" data-nav-section=\"description\"> <h2>Einbetten der Alters\u00fcberpr\u00fcfung in GoDaddy mit dem Elfsight-Widget<\/h2> <p>Das Elfsight-Alters\u00fcberpr\u00fcfungs-Plugin ist die einfachste Methode zum Konfigurieren eines Sofortfensters Dabei wird nach dem Alter eines Website-Besuchers gefragt. Das Plugin wird dazu beitragen, altersempfindliches Material f\u00fcr vollj\u00e4hrige Benutzer zug\u00e4nglich zu machen und es vor minderj\u00e4hrigen Zuschauern zu verbergen. Sie k\u00f6nnen die Altersgrenze festlegen, das \u00dcberpr\u00fcfungsformat definieren, das Popup auf allen oder nur auf bestimmten Seiten einf\u00fchren und das Szenario ausw\u00e4hlen. Das Erscheinungsbild l\u00e4sst sich leicht mit \u00fcbermalbaren Elementen und der Funktion zum Hinzuf\u00fcgen benutzerdefinierter Bilder anpassen. <\/p> <p><b>Mehr g\u00fcltige Kunden und Zielgruppe auf Ihrer Website!<\/b><\/p> <\/div> <div class=\"application-platform-content-item-features application-platform-content-item\" id=\"features\" data-nav-section=\"features\"> <h2>Hier sind wesentliche Funktionen des Plugins : <\/h2> <ul><li>W\u00e4hlen Sie eine von drei \u00dcberpr\u00fcfungsmethoden: Abfrage des vollst\u00e4ndigen Geburtsdatums, nur des Geburtsjahres oder eine Frage mit den Optionen \u201eJa\u201c und \u201eNein\u201c; <\/li><li>Die M\u00f6glichkeit, Besucher f\u00fcr einen beliebigen Zeitraum zu erinnern; <\/li><li>Zwei m\u00f6gliche Szenarien f\u00fcr abgeschreckte Benutzer: einen Text anzeigen oder einen Benutzer auf eine andere Seite oder Website umleiten; <\/li><li>Laden Sie ein beliebiges Bild hoch, um es im Scheck-Popup anzuzeigen. <\/li><li>Stellen Sie zus\u00e4tzliche Informationen mit Links unter der Best\u00e4tigungsschaltfl\u00e4che bereit. <\/li><\/ul><p><a href=\"#demo\">Schauen Sie sich einfach diese Demo an, um einen vollst\u00e4ndigen \u00dcberblick zu erhalten<\/a><\/p> <\/div> <div class=\"application-platform-content-item-installation application-platform-content-item\" id=\"installation\" data-nav-section=\"installation\"> <h2>Wie bette ich die Altersverifizierung auf meiner GoDaddy-Website ein? <\/h2> <p>Befolgen Sie einfach die nachstehenden Anweisungen, um das Plugin einzubetten. <\/p> <ol><li><b>F\u00fchren Sie unsere kostenlose Demo durch und beginnen Sie mit der Entwicklung Ihres eigenen Plugins. <\/b><br> Finden Sie das passende Design und die passenden Parameter des Werkzeugs und speichern Sie die \u00c4nderungen. <\/li> <li><b>Erhalten Sie den individuellen Code, der im speziellen Formular auf Elfsight Apps angezeigt wird. <\/b><br> Wenn die Generierung Ihres Plugins abgeschlossen ist, kopieren Sie den exklusiven Code aus dem angezeigten Feld und speichern Sie ihn f\u00fcr zuk\u00fcnftige Gelegenheiten. <\/li> <li><b>Initiieren Sie die Anwendung des Plugins auf der GoDaddy-Webseite. <\/b><br> Platzieren Sie den Code, den Sie zuvor gespeichert haben, auf Ihrer Webseite und \u00fcbernehmen Sie die \u00c4nderungen. <\/li> <li><b>Fertig! Die Einbettung ist vollst\u00e4ndig durchgef\u00fchrt. <\/b><br> Besuchen Sie Ihre Webseite, um die Funktionsweise des Plugins in Aktion zu sehen. <\/li><\/ol> <div class=\"tip-yellow tip\"><b>Aufgrund der Besonderheiten bei der Anzeige benutzerdefinierter Einf\u00fcgungen mit Code k\u00f6nnen schwebende Vorlagen anders aussehen als die Online-Demo. Bitte nehmen Sie sich die Zeit, Ihre Widgets zu testen.<\/b><\/div><p>Wenn Sie Fragen bearbeiten oder auf Hindernisse sto\u00dfen, z\u00f6gern Sie nicht, sich an unser Support-Team zu wenden. Unsere Spezialisten helfen Ihnen gerne bei allen Fragen rund um das Produkt weiter. <\/p> <div class=\"faq\" data-component=\"FAQ\"> <div class=\"faq-item\">\r\n\t\t\t\t\t<div class=\"faq-item-question\">\r\n\t\t\t\t\t\t<h3 class=\"faq-item-question-text\">Wie f\u00fcge ich die Altersverifizierung ohne Programmierkenntnisse zu meiner GoDaddy-Website hinzu?<\/h3>\r\n\r\n\t\t\t\t\t\t<div class=\"faq-item-question-icon\"><\/div>\r\n\t\t\t\t\t<\/div>\r\n\r\n\t\t\t\t\t<div class=\"faq-item-answer\">\r\n\t\t\t\t\t\t<div class=\"faq-item-answer-text\"> <p>Elfsight bietet eine SaaS-L\u00f6sung, mit der Sie selbst ein Altersverifizierungs-Widget erstellen k\u00f6nnen. Sehen Sie, wie einfach der Vorgang ist ist: Arbeiten Sie direkt im Online-Editor, um ein Altersverifizierungs-Widget zu erstellen, das Sie gerne auf Ihrer GoDaddy-Website sehen w\u00fcrden. W\u00e4hlen Sie eine der vorgefertigten Vorlagen aus und passen Sie die Einstellungen zur Alters\u00fcberpr\u00fcfung an, f\u00fcgen Sie Ihre Inhalte hinzu, \u00e4ndern Sie das Layout und die Farben ohne Programmierkenntnisse. Speichern Sie die Altersverifizierung und kopieren Sie den Installationscode, den Sie problemlos in Ihre GoDaddy-Website einf\u00fcgen k\u00f6nnen, ohne ein kostenpflichtiges Abonnement zu kaufen. Mit unserem intuitiven Editor kann jeder Internetnutzer online ein Altersverifizierungs-Widget erstellen und es einfach in seine GoDaddy-Website einbetten. Um auf den Service zuzugreifen, m\u00fcssen Sie weder bezahlen noch Ihre Kartendaten eingeben. Sollten bei irgendeinem Schritt Probleme auftreten, wenden Sie sich bitte an unser technisches Support-Team.<\/p> <\/div>\r\n\t\t\t\t\t<\/div>\r\n\t\t\t\t<\/div> <\/div> <\/div>","protected":false},"excerpt":{"rendered":"","protected":false},"author":9,"featured_media":0,"parent":711,"menu_order":0,"comment_status":"closed","ping_status":"closed","template":"templates\/template-application-platform.php","meta":{"publish_to_discourse":"","publish_post_category":"","wpdc_auto_publish_overridden":"","wpdc_topic_tags":"","wpdc_pin_topic":"","wpdc_pin_until":"","discourse_post_id":"","discourse_permalink":"","wpdc_publishing_response":"","wpdc_publishing_error":"","footnotes":""},"class_list":["post-16577","page","type-page","status-publish","hentry"],"yoast_head":"<!-- This site is optimized with the Yoast SEO plugin v25.3.1 - https:\/\/yoast.com\/wordpress\/plugins\/seo\/ -->\n<title>Altersverifizierung \u2013 Verifizierungs-Plugin zur GoDaddy-Website hinzuf\u00fcgen!<\/title>\n<meta name=\"description\" content=\"Nutzen Sie eine praktische M\u00f6glichkeit, das Alter Ihrer Benutzer zu \u00fcberpr\u00fcfen, indem Sie das Altersverifizierungs-Plugin f\u00fcr GoDaddy in Ihre Website integrieren!\" \/>\n<meta name=\"robots\" content=\"index, follow, max-snippet:-1, max-image-preview:large, max-video-preview:-1\" \/>\n<link rel=\"canonical\" href=\"https:\/\/elfsight.com\/de\/age-verification-widget\/godaddy\/\" \/>\n<meta property=\"og:locale\" content=\"de_DE\" \/>\n<meta property=\"og:type\" content=\"article\" \/>\n<meta property=\"og:title\" content=\"Altersverifizierung \u2013 Verifizierungs-Plugin zur GoDaddy-Website hinzuf\u00fcgen!\" \/>\n<meta property=\"og:description\" content=\"Nutzen Sie eine praktische M\u00f6glichkeit, das Alter Ihrer Benutzer zu \u00fcberpr\u00fcfen, indem Sie das Altersverifizierungs-Plugin f\u00fcr GoDaddy in Ihre Website integrieren!\" \/>\n<meta property=\"og:url\" content=\"https:\/\/elfsight.com\/de\/age-verification-widget\/godaddy\/\" \/>\n<meta property=\"og:site_name\" content=\"Elfsight DE\" \/>\n<meta property=\"article:modified_time\" content=\"2025-07-08T09:37:54+00:00\" \/>\n<meta name=\"twitter:card\" content=\"summary_large_image\" \/>\n<meta name=\"twitter:label1\" content=\"Gesch\u00e4tzte Lesezeit\" \/>\n\t<meta name=\"twitter:data1\" content=\"3\u00a0Minuten\" \/>\n<!-- \/ Yoast SEO plugin. -->","yoast_head_json":{"title":"Altersverifizierung \u2013 Verifizierungs-Plugin zur GoDaddy-Website hinzuf\u00fcgen!","description":"Nutzen Sie eine praktische M\u00f6glichkeit, das Alter Ihrer Benutzer zu \u00fcberpr\u00fcfen, indem Sie das Altersverifizierungs-Plugin f\u00fcr GoDaddy in Ihre Website integrieren!","robots":{"index":"index","follow":"follow","max-snippet":"max-snippet:-1","max-image-preview":"max-image-preview:large","max-video-preview":"max-video-preview:-1"},"canonical":"https:\/\/elfsight.com\/de\/age-verification-widget\/godaddy\/","og_locale":"de_DE","og_type":"article","og_title":"Altersverifizierung \u2013 Verifizierungs-Plugin zur GoDaddy-Website hinzuf\u00fcgen!","og_description":"Nutzen Sie eine praktische M\u00f6glichkeit, das Alter Ihrer Benutzer zu \u00fcberpr\u00fcfen, indem Sie das Altersverifizierungs-Plugin f\u00fcr GoDaddy in Ihre Website integrieren!","og_url":"https:\/\/elfsight.com\/de\/age-verification-widget\/godaddy\/","og_site_name":"Elfsight DE","article_modified_time":"2025-07-08T09:37:54+00:00","twitter_card":"summary_large_image","twitter_misc":{"Gesch\u00e4tzte Lesezeit":"3\u00a0Minuten"},"schema":{"@context":"https:\/\/schema.org","@graph":[{"@type":"WebPage","@id":"https:\/\/elfsight.com\/de\/age-verification-widget\/godaddy\/","url":"https:\/\/elfsight.com\/de\/age-verification-widget\/godaddy\/","name":"Altersverifizierung \u2013 Verifizierungs-Plugin zur GoDaddy-Website hinzuf\u00fcgen!","isPartOf":{"@id":"https:\/\/elfsight.com\/de\/#website"},"datePublished":"2024-05-03T06:25:45+00:00","dateModified":"2025-07-08T09:37:54+00:00","description":"Nutzen Sie eine praktische M\u00f6glichkeit, das Alter Ihrer Benutzer zu \u00fcberpr\u00fcfen, indem Sie das Altersverifizierungs-Plugin f\u00fcr GoDaddy in Ihre Website integrieren!","breadcrumb":{"@id":"https:\/\/elfsight.com\/de\/age-verification-widget\/godaddy\/#breadcrumb"},"inLanguage":"de","potentialAction":[{"@type":"ReadAction","target":["https:\/\/elfsight.com\/de\/age-verification-widget\/godaddy\/"]}]},{"@type":"BreadcrumbList","@id":"https:\/\/elfsight.com\/de\/age-verification-widget\/godaddy\/#breadcrumb","itemListElement":[{"@type":"ListItem","position":1,"name":"Home","item":"https:\/\/elfsight.com\/de\/"},{"@type":"ListItem","position":2,"name":"Age Verification","item":"https:\/\/elfsight.com\/de\/age-verification-widget\/"},{"@type":"ListItem","position":3,"name":"Age Verification &#8211; GoDaddy"}]},{"@type":"WebSite","@id":"https:\/\/elfsight.com\/de\/#website","url":"https:\/\/elfsight.com\/de\/","name":"Elfsight DE","description":"Just another Elfsight Sites site","potentialAction":[{"@type":"SearchAction","target":{"@type":"EntryPoint","urlTemplate":"https:\/\/elfsight.com\/de\/?s={search_term_string}"},"query-input":{"@type":"PropertyValueSpecification","valueRequired":true,"valueName":"search_term_string"}}],"inLanguage":"de"}]}},"meta_box":{"industry":"","seo_heading":"","heading":"","description":"","cta_heading":"","cta_description":"","application":"487","h1":"GoDaddy-Plugin zur Alters\u00fcberpr\u00fcfung","h1_caption":"Stellen Sie mit einem einfachen und anpassbaren Altersverifizierungs-Widget auf Ihrer GoDaddy-Website sicher, dass verantwortungsbewusst auf altersbezogene Inhalte zugegriffen wird.","application_category":[],"applications_title":"","applications_request_title":"","applications_request_button_text":"","hero_text":"","hero_video":"","hero_video_schema_markup":"","selling_points_title":"","selling_points_caption":"","selling_points":[],"selling_points_cta_text":"","features_title":"","features":"","ed_cta_examples_text":"","ed_cta_examples_hidden":"","ed_cta_demo_text":"","ed_cta_demo_hidden":"","why_caption":"","why_editor_title":"","why_editor_text":"","why_team_title":"","why_team_text":"","why_service_title":"","why_service_text":"","template_catalog_visible":"","template_catalog_title":"","template_catalog_text":"","template_catalog_categories_visible":"","demo_title":"Erstellen Sie Ihr Altersverifizierungs-Plugin","demo_caption":"Konfigurieren Sie Ihre Altersverifizierung und f\u00fcgen Sie sie kostenlos zu Ihrer GoDaddy-Website hinzu!","default_faq_hidden":"","app_template_category":[],"platform":"241","template_public_id":"","codecanyon_url":"","codecanyon_item_id":"","codecanyon_price":"","pricing_caption":"","pricing_elfsight_apps_hide_column":"","pricing_elfsight_apps_url":"","pricing_codecanyon_price_caption":"","integration_category":[],"integration_request_title":"","integration_request_cta":"","integration_platform":"","integrations":[],"platform_category":[],"video_schema_markup":"","price":"ab 0 $ \/ Monat","trial":"","benefits":[{"text":"Kostenlose Installationshilfe"},{"text":"Kompetenter Kundenservice"},{"text":"14-t\u00e4gige R\u00fcckerstattungsgarantie"},{"text":"Fortlaufende Entwicklung"}],"button_url":"#demo","button_target_blank":"","button_nofollow":"","attributes":[{"name":"Installiert","content":"10,000 - 100,000"},{"name":"Reaktionsfreudig","content":"Ja"},{"name":"Kompatible Browser","content":"IE11, Firefox, Safari, Opera, Chrome, Edge"}],"tags":[],"tags_disable_links":"","hide_more_platforms":"","video_object":"","demo_hide_cta":"","demo_hide_cloud_options":"","pricing_title":"","pricing":[{"pricing_icon":"platform","pricing_title":"Elfsight Apps","pricing_title_caption":"Plattform\u00fcbergreifende Version, die auf jeder Site funktioniert","pricing_price":"ab 0 $ \/ Monat","pricing_price_caption":"Beginnen Sie mit einem kostenlosen Plan","pricing_benefits":[{"text":"Unbegrenzte Domains"},{"text":"Professionelle und p\u00fcnktliche Unterst\u00fctzung"},{"text":"Kostenlose Installationshilfe"},{"text":"100 % anpassbar"}],"pricing_button_text":"Zur Website hinzuf\u00fcgen","pricing_button_url":"#demo"}],"related_apps_title":"","related_apps_hidden":"","author":"","image":[],"title":"","job":"","social_networks":[]},"_links":{"self":[{"href":"https:\/\/elfsight.com\/de\/wp-json\/wp\/v2\/pages\/16577","targetHints":{"allow":["GET"]}}],"collection":[{"href":"https:\/\/elfsight.com\/de\/wp-json\/wp\/v2\/pages"}],"about":[{"href":"https:\/\/elfsight.com\/de\/wp-json\/wp\/v2\/types\/page"}],"author":[{"embeddable":true,"href":"https:\/\/elfsight.com\/de\/wp-json\/wp\/v2\/users\/9"}],"replies":[{"embeddable":true,"href":"https:\/\/elfsight.com\/de\/wp-json\/wp\/v2\/comments?post=16577"}],"version-history":[{"count":2,"href":"https:\/\/elfsight.com\/de\/wp-json\/wp\/v2\/pages\/16577\/revisions"}],"predecessor-version":[{"id":21135,"href":"https:\/\/elfsight.com\/de\/wp-json\/wp\/v2\/pages\/16577\/revisions\/21135"}],"up":[{"embeddable":true,"href":"https:\/\/elfsight.com\/de\/wp-json\/wp\/v2\/pages\/711"}],"wp:attachment":[{"href":"https:\/\/elfsight.com\/de\/wp-json\/wp\/v2\/media?parent=16577"}],"curies":[{"name":"wp","href":"https:\/\/api.w.org\/{rel}","templated":true}]}}