{"id":16575,"date":"2024-05-03T06:25:43","date_gmt":"2024-05-03T06:25:43","guid":{"rendered":"https:\/\/elfsight.com\/de\/?page_id=16575"},"modified":"2025-07-08T09:38:06","modified_gmt":"2025-07-08T09:38:06","slug":"jimdo","status":"publish","type":"page","link":"https:\/\/elfsight.com\/de\/age-verification-widget\/jimdo\/","title":{"rendered":"Age Verification &#8211; Jimdo"},"content":{"rendered":"<div class=\"application-platform-content-item-description application-platform-content-item\" id=\"description\" data-nav-section=\"description\"> <h2>Beschreibung<\/h2> <p>Unser Widget ist der schnellste Weg, um ein Fenster zu erhalten, das das Alter eines Website-Besuchers abfragt. Dieses Widget wird dazu beitragen, alterssensible Inhalte f\u00fcr vollj\u00e4hrige Benutzer zug\u00e4nglich zu machen und sie von minderj\u00e4hrigen Zuschauern abzuschrecken. Sie k\u00f6nnen eine entsprechende Altersbeschr\u00e4nkung festlegen, \u00dcberpr\u00fcfungsmethoden definieren, das Fenster auf jeder oder nur auf bestimmten Seiten sowie das Szenario einbetten. Sie haben auch die Kontrolle \u00fcber das Erscheinungsbild mit \u00fcbermalbaren Details und der M\u00f6glichkeit, Ihre eigenen Bilder hinzuzuf\u00fcgen.<\/p><p><b>Machen Sie Ihre Website mithilfe der Alters\u00fcberpr\u00fcfung effizienter f\u00fcr Gesch\u00e4ftsziele.<\/b><\/p> <\/div> <div class=\"application-platform-content-item-features application-platform-content-item\" id=\"features\" data-nav-section=\"features\"> <h2>Das Widget bietet n\u00fctzliche und schnelle Funktionen, sehen Sie sich einige davon an: <\/h2> <ul><li>Name und Foto des Autors anzeigen f\u00fcr h\u00f6here Vertrauensw\u00fcrdigkeit. <\/li><li>Verwenden Sie Bildunterschriften f\u00fcr die Unternehmensposition, den Namen und andere Daten. <\/li><li>Stellen Sie f\u00fcr eine zuverl\u00e4ssigere Darstellung einen Link zur Website des Autors bereit. <\/li><li>Um die Glaubw\u00fcrdigkeit zu erh\u00f6hen, zeigen Sie das Logo des Unternehmens des Autors. <\/li><li>Raster- und Slider-Layouts f\u00fcr eine Vielzahl von Anwendungsf\u00e4llen. <\/li><li>Schieberegler und Paginierungsoptionen. <\/li><\/ul><p><a href=\"#demo\">Probieren Sie alle Anpassungsoptionen in einer 100 % funktionsf\u00e4higen Demo aus<\/a><\/p> <\/div> <div class=\"application-platform-content-item-installation application-platform-content-item\" id=\"installation\" data-nav-section=\"installation\"> <h2>Wie binde ich die Altersverifizierung in meine Jimdo-Webseite ein? <\/h2> <p>F\u00fchren Sie einfach die folgenden Schritte aus, um das Widget zu integrieren. <\/p> <ol><li><b>Nutzen Sie unseren kostenlosen Editor und beginnen Sie mit der Gestaltung Ihres ma\u00dfgeschneiderten Widgets. <\/b><br> Geben Sie die ausgew\u00e4hlte Schnittstelle und die Eigenschaften des Tools an und \u00fcbernehmen Sie die \u00c4nderungen. <\/li> <li><b>Erhalten Sie den pers\u00f6nlichen Code, der im Fenster von Elfsight Apps angezeigt wird. <\/b><br> Kopieren Sie unmittelbar nach Abschluss der Einrichtung Ihres Widgets den pers\u00f6nlichen Code im angezeigten Popup und speichern Sie ihn f\u00fcr die zuk\u00fcnftige Verwendung. <\/li> <li><b>Beginnen Sie mit der Verwendung des Widgets auf der Jimdo-Webseite. <\/b><br> F\u00fcgen Sie den k\u00fcrzlich gespeicherten Code in Ihre Homepage ein und wenden Sie die Verbesserungen an. <\/li> <li><b>Die Installation wurde erfolgreich durchgef\u00fchrt. <\/b><br> Gehen Sie auf Ihre Seite, um einen Blick auf die Funktionsweise des Tools zu werfen. <\/li><\/ol> <p>Wenn Sie Fragen haben oder auf Komplikationen sto\u00dfen, z\u00f6gern Sie nicht, sich an unser Support-Team zu wenden. Unsere Berater l\u00f6sen gerne alle Schwierigkeiten, die Sie mit dem Widget haben k\u00f6nnten. <\/p> <div class=\"faq\" data-component=\"FAQ\"> <div class=\"faq-item\">\r\n\t\t\t\t\t<div class=\"faq-item-question\">\r\n\t\t\t\t\t\t<h3 class=\"faq-item-question-text\">Wie f\u00fcge ich die Altersverifizierung ohne Programmierkenntnisse zu meiner Jimdo-Website hinzu?<\/h3>\r\n\r\n\t\t\t\t\t\t<div class=\"faq-item-question-icon\"><\/div>\r\n\t\t\t\t\t<\/div>\r\n\r\n\t\t\t\t\t<div class=\"faq-item-answer\">\r\n\t\t\t\t\t\t<div class=\"faq-item-answer-text\"> <p>Elfsight bietet eine SaaS-L\u00f6sung, mit der Sie selbst ein Altersverifizierungs-Widget erstellen k\u00f6nnen. Sehen Sie, wie einfach der Vorgang ist ist: Arbeiten Sie direkt im Online-Editor, um ein Altersverifizierungs-Widget zu erstellen, das Sie gerne auf Ihrer Jimdo-Website sehen w\u00fcrden. W\u00e4hlen Sie eine der vorgefertigten Vorlagen aus und passen Sie die Einstellungen zur Alters\u00fcberpr\u00fcfung an, f\u00fcgen Sie Ihre Inhalte hinzu, \u00e4ndern Sie das Layout und die Farben ohne Programmierkenntnisse. Speichern Sie die Altersverifizierung und kopieren Sie den Installationscode, den Sie einfach in Ihre Jimdo-Website einf\u00fcgen k\u00f6nnen, ohne einen kostenpflichtigen Plan kaufen zu m\u00fcssen. Mit unserem intuitiven Editor kann jeder Internetnutzer online ein Altersverifizierungs-Widget erstellen und es einfach in seine Jimdo-Website einbetten. Um auf den Service zuzugreifen, m\u00fcssen Sie weder bezahlen noch Ihre Kartendaten eingeben. Sollten bei irgendeinem Schritt Probleme auftreten, wenden Sie sich bitte an unser technisches Support-Team.<\/p> <\/div>\r\n\t\t\t\t\t<\/div>\r\n\t\t\t\t<\/div> <\/div> <\/div>","protected":false},"excerpt":{"rendered":"","protected":false},"author":9,"featured_media":0,"parent":711,"menu_order":0,"comment_status":"closed","ping_status":"closed","template":"templates\/template-application-platform.php","meta":{"publish_to_discourse":"","publish_post_category":"","wpdc_auto_publish_overridden":"","wpdc_topic_tags":"","wpdc_pin_topic":"","wpdc_pin_until":"","discourse_post_id":"","discourse_permalink":"","wpdc_publishing_response":"","wpdc_publishing_error":"","footnotes":""},"class_list":["post-16575","page","type-page","status-publish","hentry"],"yoast_head":"<!-- This site is optimized with the Yoast SEO plugin v25.3.1 - https:\/\/yoast.com\/wordpress\/plugins\/seo\/ -->\n<title>Altersverifizierungs-Widget zur Jimdo-Website (schnell und kostenlos)<\/title>\n<meta name=\"description\" content=\"Es ist ein Kinderspiel, Ihr Altersverifizierungs-Widget zu entwerfen und auf der Jimdo-Website anzuzeigen. Der Elfsight-Kundensupport ist kostenlos.\" \/>\n<meta name=\"robots\" content=\"index, follow, max-snippet:-1, max-image-preview:large, max-video-preview:-1\" \/>\n<link rel=\"canonical\" href=\"https:\/\/elfsight.com\/de\/age-verification-widget\/jimdo\/\" \/>\n<meta property=\"og:locale\" content=\"de_DE\" \/>\n<meta property=\"og:type\" content=\"article\" \/>\n<meta property=\"og:title\" content=\"Altersverifizierungs-Widget zur Jimdo-Website (schnell und kostenlos)\" \/>\n<meta property=\"og:description\" content=\"Es ist ein Kinderspiel, Ihr Altersverifizierungs-Widget zu entwerfen und auf der Jimdo-Website anzuzeigen. Der Elfsight-Kundensupport ist kostenlos.\" \/>\n<meta property=\"og:url\" content=\"https:\/\/elfsight.com\/de\/age-verification-widget\/jimdo\/\" \/>\n<meta property=\"og:site_name\" content=\"Elfsight DE\" \/>\n<meta property=\"article:modified_time\" content=\"2025-07-08T09:38:06+00:00\" \/>\n<meta name=\"twitter:card\" content=\"summary_large_image\" \/>\n<meta name=\"twitter:label1\" content=\"Gesch\u00e4tzte Lesezeit\" \/>\n\t<meta name=\"twitter:data1\" content=\"3\u00a0Minuten\" \/>\n<!-- \/ Yoast SEO plugin. -->","yoast_head_json":{"title":"Altersverifizierungs-Widget zur Jimdo-Website (schnell und kostenlos)","description":"Es ist ein Kinderspiel, Ihr Altersverifizierungs-Widget zu entwerfen und auf der Jimdo-Website anzuzeigen. Der Elfsight-Kundensupport ist kostenlos.","robots":{"index":"index","follow":"follow","max-snippet":"max-snippet:-1","max-image-preview":"max-image-preview:large","max-video-preview":"max-video-preview:-1"},"canonical":"https:\/\/elfsight.com\/de\/age-verification-widget\/jimdo\/","og_locale":"de_DE","og_type":"article","og_title":"Altersverifizierungs-Widget zur Jimdo-Website (schnell und kostenlos)","og_description":"Es ist ein Kinderspiel, Ihr Altersverifizierungs-Widget zu entwerfen und auf der Jimdo-Website anzuzeigen. Der Elfsight-Kundensupport ist kostenlos.","og_url":"https:\/\/elfsight.com\/de\/age-verification-widget\/jimdo\/","og_site_name":"Elfsight DE","article_modified_time":"2025-07-08T09:38:06+00:00","twitter_card":"summary_large_image","twitter_misc":{"Gesch\u00e4tzte Lesezeit":"3\u00a0Minuten"},"schema":{"@context":"https:\/\/schema.org","@graph":[{"@type":"WebPage","@id":"https:\/\/elfsight.com\/de\/age-verification-widget\/jimdo\/","url":"https:\/\/elfsight.com\/de\/age-verification-widget\/jimdo\/","name":"Altersverifizierungs-Widget zur Jimdo-Website (schnell und kostenlos)","isPartOf":{"@id":"https:\/\/elfsight.com\/de\/#website"},"datePublished":"2024-05-03T06:25:43+00:00","dateModified":"2025-07-08T09:38:06+00:00","description":"Es ist ein Kinderspiel, Ihr Altersverifizierungs-Widget zu entwerfen und auf der Jimdo-Website anzuzeigen. Der Elfsight-Kundensupport ist kostenlos.","breadcrumb":{"@id":"https:\/\/elfsight.com\/de\/age-verification-widget\/jimdo\/#breadcrumb"},"inLanguage":"de","potentialAction":[{"@type":"ReadAction","target":["https:\/\/elfsight.com\/de\/age-verification-widget\/jimdo\/"]}]},{"@type":"BreadcrumbList","@id":"https:\/\/elfsight.com\/de\/age-verification-widget\/jimdo\/#breadcrumb","itemListElement":[{"@type":"ListItem","position":1,"name":"Home","item":"https:\/\/elfsight.com\/de\/"},{"@type":"ListItem","position":2,"name":"Age Verification","item":"https:\/\/elfsight.com\/de\/age-verification-widget\/"},{"@type":"ListItem","position":3,"name":"Age Verification &#8211; Jimdo"}]},{"@type":"WebSite","@id":"https:\/\/elfsight.com\/de\/#website","url":"https:\/\/elfsight.com\/de\/","name":"Elfsight DE","description":"Just another Elfsight Sites site","potentialAction":[{"@type":"SearchAction","target":{"@type":"EntryPoint","urlTemplate":"https:\/\/elfsight.com\/de\/?s={search_term_string}"},"query-input":{"@type":"PropertyValueSpecification","valueRequired":true,"valueName":"search_term_string"}}],"inLanguage":"de"}]}},"meta_box":{"industry":"","seo_heading":"","heading":"","description":"","cta_heading":"","cta_description":"","application":"487","h1":"Jimdo Altersverifizierungs-Widget","h1_caption":"Stellen Sie mit einem einfachen und anpassbaren Altersverifizierungs-Widget auf Ihrer Jimdo-Website sicher, dass verantwortungsbewusst auf altersbezogene Inhalte zugegriffen wird.","application_category":[],"applications_title":"","applications_request_title":"","applications_request_button_text":"","hero_text":"","hero_video":"","hero_video_schema_markup":"","selling_points_title":"","selling_points_caption":"","selling_points":[],"selling_points_cta_text":"","features_title":"","features":"","ed_cta_examples_text":"","ed_cta_examples_hidden":"","ed_cta_demo_text":"","ed_cta_demo_hidden":"","why_caption":"","why_editor_title":"","why_editor_text":"","why_team_title":"","why_team_text":"","why_service_title":"","why_service_text":"","template_catalog_visible":"","template_catalog_title":"","template_catalog_text":"","template_catalog_categories_visible":"","demo_title":"Erstellen Sie Ihr Altersverifizierungs-Widget","demo_caption":"Konfigurieren Sie Ihre Altersverifizierung und f\u00fcgen Sie sie kostenlos zu Ihrer Jimdo-Website hinzu!","default_faq_hidden":"","app_template_category":[],"platform":"239","template_public_id":"","codecanyon_url":"","codecanyon_item_id":"","codecanyon_price":"","pricing_caption":"","pricing_elfsight_apps_hide_column":"","pricing_elfsight_apps_url":"","pricing_codecanyon_price_caption":"","integration_category":[],"integration_request_title":"","integration_request_cta":"","integration_platform":"","integrations":[],"platform_category":[],"video_schema_markup":"","price":"ab 0 $ \/ Monat","trial":"","benefits":[{"text":"Professioneller Kundenservice"},{"text":"Kostenlose Installationsunterst\u00fctzung"},{"text":"14-t\u00e4gige Geld-zur\u00fcck-Garantie"},{"text":"Lebenslange kostenlose Verbesserungen"}],"button_url":"#demo","button_target_blank":"","button_nofollow":"","attributes":[{"name":"Installiert","content":"10,000 - 100,000"},{"name":"Reaktionsfreudig","content":"Ja"},{"name":"Kompatible Browser","content":"Firefox, Safari, Opera, Chrome, Edge"}],"tags":[],"tags_disable_links":"","hide_more_platforms":"","video_object":"","demo_hide_cta":"","demo_hide_cloud_options":"","pricing_title":"","pricing":[{"pricing_icon":"platform","pricing_title":"Elfsight Apps","pricing_title_caption":"Multiplattform-L\u00f6sung, die f\u00fcr jeden Standort geeignet ist","pricing_price":"ab 0 $ \/ Monat","pricing_price_caption":"Beginnen Sie mit einem kostenlosen Plan","pricing_benefits":[{"text":"Unbegrenzte Domains"},{"text":"24\/7 und p\u00fcnktlicher Support und gut dokumentiert"},{"text":"Kostenloser Installationsservice"},{"text":"Vollst\u00e4ndig anpassbar"}],"pricing_button_text":"Zur Website hinzuf\u00fcgen","pricing_button_url":"#demo"}],"related_apps_title":"","related_apps_hidden":"","author":"","image":[],"title":"","job":"","social_networks":[]},"_links":{"self":[{"href":"https:\/\/elfsight.com\/de\/wp-json\/wp\/v2\/pages\/16575","targetHints":{"allow":["GET"]}}],"collection":[{"href":"https:\/\/elfsight.com\/de\/wp-json\/wp\/v2\/pages"}],"about":[{"href":"https:\/\/elfsight.com\/de\/wp-json\/wp\/v2\/types\/page"}],"author":[{"embeddable":true,"href":"https:\/\/elfsight.com\/de\/wp-json\/wp\/v2\/users\/9"}],"replies":[{"embeddable":true,"href":"https:\/\/elfsight.com\/de\/wp-json\/wp\/v2\/comments?post=16575"}],"version-history":[{"count":2,"href":"https:\/\/elfsight.com\/de\/wp-json\/wp\/v2\/pages\/16575\/revisions"}],"predecessor-version":[{"id":21133,"href":"https:\/\/elfsight.com\/de\/wp-json\/wp\/v2\/pages\/16575\/revisions\/21133"}],"up":[{"embeddable":true,"href":"https:\/\/elfsight.com\/de\/wp-json\/wp\/v2\/pages\/711"}],"wp:attachment":[{"href":"https:\/\/elfsight.com\/de\/wp-json\/wp\/v2\/media?parent=16575"}],"curies":[{"name":"wp","href":"https:\/\/api.w.org\/{rel}","templated":true}]}}