{"id":1521,"date":"2020-07-17T10:39:58","date_gmt":"2020-07-17T10:39:58","guid":{"rendered":"https:\/\/elfsight.com\/de\/?page_id=1521"},"modified":"2022-01-20T12:08:12","modified_gmt":"2022-01-20T12:08:12","slug":"examples","status":"publish","type":"page","link":"https:\/\/elfsight.com\/de\/airbnb-reviews-widget\/examples\/","title":{"rendered":"Airbnb Reviews- Examples"},"content":{"rendered":"\n<div class=\"application-examples-item application-examples-item-loading\">\n                            <div class=\"col-row\">\n                                <div class=\"col-6 col-m-8 col-s-12\"><h3 class=\"application-examples-item-title\">Beispiel 1. Bewertungsantrag<\/h3><div class=\"application-examples-item-description\">Die Bewertungen sind in einem attraktiven Widget in erg\u00e4nzenden Airbnb-Farben mit einem informativen Header angeordnet. Die Kopfzeile zeigt die Gesamtbewertung der Seite und die Anzahl von Rezensenten mit den Fotos der neuesten, die anklickbar sind. \u00dcber die Schaltfl\u00e4che Bewertungsantrag werden Benutzer aufgefordert, eine neue Bewertung zu hinterlassen. Die Option Ja ist blau gestrichen, um Klicks zu erzielen.<\/div><\/div>\n                <\/div>\n\n                <div class=\"application-examples-item-iframe-container browser-frame\">\n                    <div class=\"application-examples-item-iframe-wrapper\">\n                        <iframe class=\"application-examples-item-iframe\" data-src=\"https:\/\/elfsight.com\/examples?widget_id=c8810899-1642-41c6-8baf-c296d0389b58\" width=\"100%\" allow=\"autoplay; fullscreen\"><\/iframe>\n                    <\/div>\n\n                    <div class=\"application-examples-item-loader\"><\/div>\n                <\/div>\n            <\/div>\n\n<div class=\"application-examples-item application-examples-item-loading\">\n                            <div class=\"col-row\">\n                                <div class=\"col-6 col-m-8 col-s-12\"><h3 class=\"application-examples-item-title\">Beispiel 2. Liste<\/h3><div class=\"application-examples-item-description\">Hier ist eine M\u00f6glichkeit, Bewertungen auf einer Seite anzuzeigen, indem Sie eine genau definierte Liste erstellen. Wenn Sie die Kopfzeile ausblenden und die Abmessungen Auto f\u00fcr Breite und H\u00f6he ausw\u00e4hlen, wie in diesem Beispiel, f\u00fcllt das Widget den gesamten freien Speicherplatz auf der Seite perfekt aus und sieht nativ aus. Es gibt Filter, mit denen Sie die Anzahl der Bewertungen begrenzen, nur positive Bewertungen anzeigen oder unerw\u00fcnschte Keywords ausschlie\u00dfen k\u00f6nnen.<\/div><\/div>\n                <\/div>\n\n                <div class=\"application-examples-item-iframe-container browser-frame\">\n                    <div class=\"application-examples-item-iframe-wrapper\">\n                        <iframe class=\"application-examples-item-iframe application-examples-item-iframe-fixed-height\" data-src=\"https:\/\/elfsight.com\/examples?widget_id=f97cb653-9da2-45fb-83b8-26dd52d8fab2&padding=28px+40px+40px\" width=\"100%\" height=\"700\" allow=\"autoplay; fullscreen\"><\/iframe>\n                    <\/div>\n\n                    <div class=\"application-examples-item-loader\"><\/div>\n                <\/div>\n            <\/div>\n\n<div class=\"application-examples-item application-examples-item-loading\">\n                            <div class=\"col-row\">\n                                <div class=\"col-6 col-m-8 col-s-12\"><h3 class=\"application-examples-item-title\">Beispiel 3. Mauerwerk<\/h3><div class=\"application-examples-item-description\">In diesem Widget ist eine Reihe von Bewertungen in die Masonry-Variante integriert, die Bewertungen auf der Grundlage des H\u00f6henwerts auf die ausgewogenste Weise anordnet. Benutzerdefinierte Farbvarianten sorgten f\u00fcr einen einzigartigen Look. Die Sternebewertung neben den Bewertungen ist hier, um einen hohen sozialen Beweis zu zeigen.<\/div><\/div>\n                <\/div>\n\n                <div class=\"application-examples-item-iframe-container browser-frame\">\n                    <div class=\"application-examples-item-iframe-wrapper\">\n                        <iframe class=\"application-examples-item-iframe\" data-src=\"https:\/\/elfsight.com\/examples?widget_id=f13cf71c-f211-49f3-80a6-4ef7a81aa5e3&padding=28px+40px+40px\" width=\"100%\" allow=\"autoplay; fullscreen\"><\/iframe>\n                    <\/div>\n\n                    <div class=\"application-examples-item-loader\"><\/div>\n                <\/div>\n            <\/div>\n\n<div class=\"application-cta-create\">\n                    <div class=\"application-cta-create-bg\">\n                        <div class=\"application-cta-create-bg-left\"><\/div>\n\n                        <div class=\"application-cta-create-bg-right\">\n                            <img decoding=\"async\" src=\"https:\/\/elfsight.com\/de\/wp-content\/themes\/elfsight\/frontend\/assets\/img\/application-cta-create.jpg\" alt=\"Beginnen Sie mit der Erstellung Ihres Widgets\">\n                        <\/div>\n                    <\/div>\n\n                    <div class=\"application-cta-create-content inner\">\n                        <div class=\"application-cta-create-content-inner\">\n                            <div class=\"application-cta-create-content-icon\">\n                                <svg viewBox=\"0 0 25 25\" width=\"100%\" height=\"100%\">\n                                    <use xlink:href=\"#icon-settings\"><\/use>\n                                <\/svg>\n                            <\/div>\n\n                            <div class=\"application-cta-create-content-title\">Beginnen Sie mit der Erstellung Ihres Widgets<\/div>\n\n                            <div class=\"application-cta-create-content-text\">Schnell. Einfach. Keine Codierung.<\/div>\n\n                            <a class=\"application-cta-create-content-button button-48 button-has-right-icon button-black button\" href=\"\">\n                                <span class=\"button-label\">Widget erstellen<\/span>\n\n                                <svg class=\"button-icon\">\n                                    <use xlink:href=\"#icon-arrow-link\"><\/use>\n                                <\/svg>\n                            <\/a>\n                        <\/div>\n                    <\/div>\n                <\/div>\n\n<div class=\"application-examples-item application-examples-item-loading\">\n                            <div class=\"col-row\">\n                                <div class=\"col-6 col-m-8 col-s-12\"><h3 class=\"application-examples-item-title\">Beispiel 4. Raster<\/h3><div class=\"application-examples-item-description\">Die Auswahl des Rasterlayouts und der Spotlight-Vorlage sorgt f\u00fcr ein ausgewogenes Erscheinungsbild des Widgets. Dicke Linien und mittig ausgerichtete Rezensionstexte ziehen die Aufmerksamkeit des Betrachters auf sich. Die lineare Geometrie des Rasterlayouts kann auch zu jeder anderen Bewertungsvorlage passen - die Oberfl\u00e4chenelemente wurden so konzipiert, dass sie vollst\u00e4ndig anpassbar sind.<\/div><\/div>\n                <\/div>\n\n                <div class=\"application-examples-item-iframe-container browser-frame\">\n                    <div class=\"application-examples-item-iframe-wrapper\">\n                        <iframe class=\"application-examples-item-iframe\" data-src=\"https:\/\/elfsight.com\/examples?widget_id=32627195-b6fc-460f-aa49-3c7bd2469666&padding=28px+40px+40px\" width=\"100%\" allow=\"autoplay; fullscreen\"><\/iframe>\n                    <\/div>\n\n                    <div class=\"application-examples-item-loader\"><\/div>\n                <\/div>\n            <\/div>\n\n<div class=\"application-examples-item application-examples-item-loading\">\n                            <div class=\"col-row\">\n                                <div class=\"col-6 col-m-8 col-s-12\"><h3 class=\"application-examples-item-title\">Beispiel 5. Karussell<\/h3><div class=\"application-examples-item-description\">Dieses Widget im Slider-Layout demonstriert die Bewertungen durch ein dynamisches Karussell mit Autoplay. Dies ist eine perfekte Variante beispielsweise f\u00fcr die Hauptseite Ihrer Website. Das Schieber-Layout bietet Navigationselemente: Pfeil, Ziehen oder Paginierung. Sie k\u00f6nnen ausw\u00e4hlen, wie viele Bewertungen pro Folie angezeigt werden sollen.<\/div><\/div>\n                <\/div>\n\n                <div class=\"application-examples-item-iframe-container browser-frame\">\n                    <div class=\"application-examples-item-iframe-wrapper\">\n                        <iframe class=\"application-examples-item-iframe\" data-src=\"https:\/\/elfsight.com\/examples?widget_id=f570865f-19c7-4d36-81e4-982c9f94b934&padding=28px+40px+40px\" width=\"100%\" allow=\"autoplay; fullscreen\"><\/iframe>\n                    <\/div>\n\n                    <div class=\"application-examples-item-loader\"><\/div>\n                <\/div>\n            <\/div>\n\n<div class=\"application-examples-item application-examples-item-loading\">\n                            <div class=\"col-row\">\n                                <div class=\"col-6 col-m-8 col-s-12\"><h3 class=\"application-examples-item-title\">Beispiel 6. Slider<\/h3><div class=\"application-examples-item-description\">Wenn Sie Bewertungen einzeln anzeigen, werden sie die maximale Aufmerksamkeit der Benutzer auf sich ziehen. In diesem Beispiel \u00e4ndert die Spotlight-Vorlage die Position der Elemente: Die Foto- und Sternebewertung des Autors liegt \u00fcber dem Bewertungstext und alle Elemente sind mittig ausgerichtet. Weitere Bewertungen k\u00f6nnen durch Ziehen oder Klicken auf Pfeile angezeigt werden.<\/div><\/div>\n                <\/div>\n\n                <div class=\"application-examples-item-iframe-container browser-frame\">\n                    <div class=\"application-examples-item-iframe-wrapper\">\n                        <iframe class=\"application-examples-item-iframe\" data-src=\"https:\/\/elfsight.com\/examples?widget_id=6495a107-de41-499f-9c83-241fdcf581b0&padding=28px+40px+40px\" width=\"100%\" allow=\"autoplay; fullscreen\"><\/iframe>\n                    <\/div>\n\n                    <div class=\"application-examples-item-loader\"><\/div>\n                <\/div>\n            <\/div>\n\n<div class=\"application-examples-item application-examples-item-loading\">\n                            <div class=\"col-row\">\n                                <div class=\"col-6 col-m-8 col-s-12\"><h3 class=\"application-examples-item-title\">Beispiel 7. Sidebar<\/h3><div class=\"application-examples-item-description\">Hier ist ein hervorragendes Beispiel daf\u00fcr, wie Sie ein Bewertungs-Widget nahtlos in jede Website mit sehr wenig verf\u00fcgbarem Platzangebot einf\u00fcgen k\u00f6nnen. Im Seitenleistenlayout enth\u00e4lt das Widget keine zus\u00e4tzlichen Elemente, nur die wesentlichen, und die reaktionsschnelle Gr\u00f6\u00dfe hat dazu beigetragen, dass die Gr\u00f6\u00dfe moderat ist, die volle Funktionalit\u00e4t bleibt jedoch erhalten.<\/div><\/div>\n                <\/div>\n\n                <div class=\"application-examples-item-iframe-container browser-frame\">\n                    <div class=\"application-examples-item-iframe-wrapper\">\n                        <iframe class=\"application-examples-item-iframe\" data-src=\"https:\/\/elfsight.com\/examples?widget_id=cbc4a8b9-11b7-4df2-acf9-0b81e423090a&padding=28px+40px+40px\" width=\"100%\" allow=\"autoplay; fullscreen\"><\/iframe>\n                    <\/div>\n\n                    <div class=\"application-examples-item-loader\"><\/div>\n                <\/div>\n            <\/div>\n","protected":false},"excerpt":{"rendered":"","protected":false},"author":11,"featured_media":0,"parent":1519,"menu_order":0,"comment_status":"closed","ping_status":"closed","template":"templates\/template-application-examples.php","meta":{"publish_to_discourse":"","publish_post_category":"","wpdc_auto_publish_overridden":"","wpdc_topic_tags":"","wpdc_pin_topic":"","wpdc_pin_until":"","discourse_post_id":"","discourse_permalink":"","wpdc_publishing_response":"","wpdc_publishing_error":"","footnotes":""},"class_list":["post-1521","page","type-page","status-publish","hentry"],"yoast_head":"<!-- This site is optimized with the Yoast SEO plugin v25.3.1 - https:\/\/yoast.com\/wordpress\/plugins\/seo\/ -->\n<title>Die besten Airbnb Reviews-Beispiele auf einer Website (Showcase)<\/title>\n<meta name=\"description\" content=\"TOP 11-Website Airbnb Bewertungen Beispiele: Liste, Karussell, Mauerwerk, Slider, Sidebar usw. Airbnb Widget-Probe f\u00fcr Ihre Website.\" \/>\n<meta name=\"robots\" content=\"index, follow, max-snippet:-1, max-image-preview:large, max-video-preview:-1\" \/>\n<link rel=\"canonical\" href=\"https:\/\/elfsight.com\/de\/airbnb-reviews-widget\/examples\/\" \/>\n<meta property=\"og:locale\" content=\"de_DE\" \/>\n<meta property=\"og:type\" content=\"article\" \/>\n<meta property=\"og:title\" content=\"Die besten Airbnb Reviews-Beispiele auf einer Website (Showcase)\" \/>\n<meta property=\"og:description\" content=\"TOP 11-Website Airbnb Bewertungen Beispiele: Liste, Karussell, Mauerwerk, Slider, Sidebar usw. Airbnb Widget-Probe f\u00fcr Ihre Website.\" \/>\n<meta property=\"og:url\" content=\"https:\/\/elfsight.com\/de\/airbnb-reviews-widget\/examples\/\" \/>\n<meta property=\"og:site_name\" content=\"Elfsight DE\" \/>\n<meta property=\"article:modified_time\" content=\"2022-01-20T12:08:12+00:00\" \/>\n<meta name=\"twitter:card\" content=\"summary_large_image\" \/>\n<meta name=\"twitter:label1\" content=\"Gesch\u00e4tzte Lesezeit\" \/>\n\t<meta name=\"twitter:data1\" content=\"2\u00a0Minuten\" \/>\n<!-- \/ Yoast SEO plugin. -->","yoast_head_json":{"title":"Die besten Airbnb Reviews-Beispiele auf einer Website (Showcase)","description":"TOP 11-Website Airbnb Bewertungen Beispiele: Liste, Karussell, Mauerwerk, Slider, Sidebar usw. Airbnb Widget-Probe f\u00fcr Ihre Website.","robots":{"index":"index","follow":"follow","max-snippet":"max-snippet:-1","max-image-preview":"max-image-preview:large","max-video-preview":"max-video-preview:-1"},"canonical":"https:\/\/elfsight.com\/de\/airbnb-reviews-widget\/examples\/","og_locale":"de_DE","og_type":"article","og_title":"Die besten Airbnb Reviews-Beispiele auf einer Website (Showcase)","og_description":"TOP 11-Website Airbnb Bewertungen Beispiele: Liste, Karussell, Mauerwerk, Slider, Sidebar usw. Airbnb Widget-Probe f\u00fcr Ihre Website.","og_url":"https:\/\/elfsight.com\/de\/airbnb-reviews-widget\/examples\/","og_site_name":"Elfsight DE","article_modified_time":"2022-01-20T12:08:12+00:00","twitter_card":"summary_large_image","twitter_misc":{"Gesch\u00e4tzte Lesezeit":"2\u00a0Minuten"},"schema":{"@context":"https:\/\/schema.org","@graph":[{"@type":"WebPage","@id":"https:\/\/elfsight.com\/de\/airbnb-reviews-widget\/examples\/","url":"https:\/\/elfsight.com\/de\/airbnb-reviews-widget\/examples\/","name":"Die besten Airbnb Reviews-Beispiele auf einer Website (Showcase)","isPartOf":{"@id":"https:\/\/elfsight.com\/de\/#website"},"datePublished":"2020-07-17T10:39:58+00:00","dateModified":"2022-01-20T12:08:12+00:00","description":"TOP 11-Website Airbnb Bewertungen Beispiele: Liste, Karussell, Mauerwerk, Slider, Sidebar usw. Airbnb Widget-Probe f\u00fcr Ihre Website.","breadcrumb":{"@id":"https:\/\/elfsight.com\/de\/airbnb-reviews-widget\/examples\/#breadcrumb"},"inLanguage":"de","potentialAction":[{"@type":"ReadAction","target":["https:\/\/elfsight.com\/de\/airbnb-reviews-widget\/examples\/"]}]},{"@type":"BreadcrumbList","@id":"https:\/\/elfsight.com\/de\/airbnb-reviews-widget\/examples\/#breadcrumb","itemListElement":[{"@type":"ListItem","position":1,"name":"Home","item":"https:\/\/elfsight.com\/de\/"},{"@type":"ListItem","position":2,"name":"Airbnb Reviews","item":"https:\/\/elfsight.com\/de\/airbnb-reviews-widget\/"},{"@type":"ListItem","position":3,"name":"Airbnb Reviews- Examples"}]},{"@type":"WebSite","@id":"https:\/\/elfsight.com\/de\/#website","url":"https:\/\/elfsight.com\/de\/","name":"Elfsight DE","description":"Just another Elfsight Sites site","potentialAction":[{"@type":"SearchAction","target":{"@type":"EntryPoint","urlTemplate":"https:\/\/elfsight.com\/de\/?s={search_term_string}"},"query-input":{"@type":"PropertyValueSpecification","valueRequired":true,"valueName":"search_term_string"}}],"inLanguage":"de"}]}},"meta_box":{"industry":"","seo_heading":"","heading":"","description":"","cta_heading":"","cta_description":"","application":"488","h1":"Beispiele f\u00fcr das Airbnb Reviews-Widget","h1_caption":"\u00dcberpr\u00fcfen Sie die Beispiele f\u00fcr Airbnb-Bewertungen, um das volle Potenzial des Widgets zu ermitteln. Stellen Sie sicher, dass es Ihren Zielen entspricht.","application_category":[],"applications_title":"","applications_request_title":"","applications_request_button_text":"","hero_text":"","hero_video":"","hero_video_schema_markup":"","selling_points_title":"","selling_points_caption":"","selling_points":[],"selling_points_cta_text":"","features_title":"","features":"","ed_cta_examples_text":"","ed_cta_examples_hidden":"","ed_cta_demo_text":"","ed_cta_demo_hidden":"","why_caption":"","why_editor_title":"","why_editor_text":"","why_team_title":"","why_team_text":"","why_service_title":"","why_service_text":"","template_catalog_visible":"","template_catalog_title":"","template_catalog_text":"","template_catalog_categories_visible":"","demo_title":"","demo_caption":"","default_faq_hidden":"","app_template_category":[],"platform":"","template_public_id":"","codecanyon_url":"","codecanyon_item_id":"","codecanyon_price":"","pricing_caption":"","pricing_elfsight_apps_hide_column":"","pricing_elfsight_apps_url":"","pricing_codecanyon_price_caption":"","integration_category":[],"integration_request_title":"","integration_request_cta":"","integration_platform":"","integrations":[],"platform_category":[],"video_schema_markup":"","price":"","trial":"","benefits":[],"button_url":"","button_target_blank":"","button_nofollow":"","attributes":[],"tags":[],"tags_disable_links":"","hide_more_platforms":"","video_object":"","demo_hide_cta":"","demo_hide_cloud_options":"","pricing_title":"","pricing":[],"related_apps_title":"","related_apps_hidden":"","author":"","image":[],"title":"","job":"","social_networks":[]},"_links":{"self":[{"href":"https:\/\/elfsight.com\/de\/wp-json\/wp\/v2\/pages\/1521","targetHints":{"allow":["GET"]}}],"collection":[{"href":"https:\/\/elfsight.com\/de\/wp-json\/wp\/v2\/pages"}],"about":[{"href":"https:\/\/elfsight.com\/de\/wp-json\/wp\/v2\/types\/page"}],"author":[{"embeddable":true,"href":"https:\/\/elfsight.com\/de\/wp-json\/wp\/v2\/users\/11"}],"replies":[{"embeddable":true,"href":"https:\/\/elfsight.com\/de\/wp-json\/wp\/v2\/comments?post=1521"}],"version-history":[{"count":12,"href":"https:\/\/elfsight.com\/de\/wp-json\/wp\/v2\/pages\/1521\/revisions"}],"predecessor-version":[{"id":6920,"href":"https:\/\/elfsight.com\/de\/wp-json\/wp\/v2\/pages\/1521\/revisions\/6920"}],"up":[{"embeddable":true,"href":"https:\/\/elfsight.com\/de\/wp-json\/wp\/v2\/pages\/1519"}],"wp:attachment":[{"href":"https:\/\/elfsight.com\/de\/wp-json\/wp\/v2\/media?parent=1521"}],"curies":[{"name":"wp","href":"https:\/\/api.w.org\/{rel}","templated":true}]}}