{"id":1354,"date":"2020-07-08T13:38:07","date_gmt":"2020-07-08T13:38:07","guid":{"rendered":"https:\/\/elfsight.com\/de\/?page_id=1354"},"modified":"2020-07-08T15:24:41","modified_gmt":"2020-07-08T15:24:41","slug":"examples","status":"publish","type":"page","link":"https:\/\/elfsight.com\/de\/portfolio-widget\/examples\/","title":{"rendered":"Portfolio &#8211; Examples"},"content":{"rendered":"\n<div class=\"application-examples-item application-examples-item-loading\">\n                            <div class=\"col-row\">\n                                <div class=\"col-6 col-m-8 col-s-12\"><h3 class=\"application-examples-item-title\">Beispiel 1. Reiseblog<\/h3><div class=\"application-examples-item-description\">Hier ist das gut strukturierte Fotoportfolio, das Ihre Arbeiten mit vielen Details zeigt. Das Listenlayout ordnet die Projekte in einer Spalte an und enth\u00e4lt eine kurze Beschreibung. Klicken Sie einfach auf das Projekt und alle Werke werden im Popup mit Text und anderen Projektinformationen angezeigt. Benutzer k\u00f6nnen nicht nur durch die Werke scrollen, sondern mithilfe der Pfeile auch zwischen den Projekten navigieren.<\/div><\/div>\n                <\/div>\n\n                <div class=\"application-examples-item-iframe-container browser-frame\">\n                    <div class=\"application-examples-item-iframe-wrapper\">\n                        <iframe class=\"application-examples-item-iframe application-examples-item-iframe-fixed-height\" data-src=\"https:\/\/elfsight.com\/examples?widget_id=46a5f589-a476-4236-82f7-3f388ec7cb9b&padding=28px\" width=\"100%\" height=\"800px\" allow=\"autoplay; fullscreen\"><\/iframe>\n                    <\/div>\n\n                    <div class=\"application-examples-item-loader\"><\/div>\n                <\/div>\n            <\/div>\n\n<div class=\"application-examples-item application-examples-item-loading\">\n                            <div class=\"col-row\">\n                                <div class=\"col-6 col-m-8 col-s-12\"><h3 class=\"application-examples-item-title\">Beispiel 2. Video Produktion<\/h3><\/div>\n                <\/div>\n\n                <div class=\"application-examples-item-iframe-container browser-frame\">\n                    <div class=\"application-examples-item-iframe-wrapper\">\n                        <iframe class=\"application-examples-item-iframe\" data-src=\"https:\/\/elfsight.com\/examples?widget_id=0d0672fd-5f1a-4de9-b6f1-b5386ef2480b&padding=28px\" width=\"100%\" allow=\"autoplay; fullscreen\"><\/iframe>\n                    <\/div>\n\n                    <div class=\"application-examples-item-loader\"><\/div>\n                <\/div>\n            <\/div>\n\n<div class=\"application-examples-item application-examples-item-loading\">\n                            <div class=\"col-row\">\n                                <div class=\"col-6 col-m-8 col-s-12\"><h3 class=\"application-examples-item-title\">Beispiel 3. Web Designer<\/h3><div class=\"application-examples-item-description\">Demonstrieren Sie alle Ihre Arbeiten mit einem Kategoriemen\u00fc in Ihrem Portfolio. Ihre Projekte werden in Kategorien unterteilt und Benutzer k\u00f6nnen zwischen ihnen wechseln. Die Kopfzeile hilft, den Autor zu f\u00f6rdern, indem er seine Kontaktdaten und die CTA-Buttons anzeigt.<\/div><\/div>\n                <\/div>\n\n                <div class=\"application-examples-item-iframe-container browser-frame\">\n                    <div class=\"application-examples-item-iframe-wrapper\">\n                        <iframe class=\"application-examples-item-iframe application-examples-item-iframe-fixed-height\" data-src=\"https:\/\/elfsight.com\/examples?widget_id=0d92aa7b-7c5b-4113-9198-07d2bd3d21d1&padding=28px\" width=\"100%\" height=\"850px\" allow=\"autoplay; fullscreen\"><\/iframe>\n                    <\/div>\n\n                    <div class=\"application-examples-item-loader\"><\/div>\n                <\/div>\n            <\/div>\n\n<div class=\"application-examples-item application-examples-item-loading\">\n                            <div class=\"col-row\">\n                                <div class=\"col-6 col-m-8 col-s-12\"><h3 class=\"application-examples-item-title\">Beispiel 4. Fotos<\/h3><div class=\"application-examples-item-description\">Mithilfe des Rasterlayouts k\u00f6nnen Sie Ihre Fotoprojekte in eine stilvolle, minimalistische Galerie verwandeln. Hier gibt es keinen Widget-Header und die Projektbeschreibung wird beim Hover angezeigt, wodurch das Erscheinungsbild sauber und elegant wird.<\/div><\/div>\n                <\/div>\n\n                <div class=\"application-examples-item-iframe-container browser-frame\">\n                    <div class=\"application-examples-item-iframe-wrapper\">\n                        <iframe class=\"application-examples-item-iframe application-examples-item-iframe-fixed-height\" data-src=\"https:\/\/elfsight.com\/examples?widget_id=98a5ac9f-c9e8-4c93-a29f-fea152f0408b&padding=28px\" width=\"100%\" height=\"800px\" allow=\"autoplay; fullscreen\"><\/iframe>\n                    <\/div>\n\n                    <div class=\"application-examples-item-loader\"><\/div>\n                <\/div>\n            <\/div>\n\n<div class=\"application-cta-create\">\n                    <div class=\"application-cta-create-bg\">\n                        <div class=\"application-cta-create-bg-left\"><\/div>\n\n                        <div class=\"application-cta-create-bg-right\">\n                            <img decoding=\"async\" src=\"https:\/\/elfsight.com\/de\/wp-content\/themes\/elfsight\/frontend\/assets\/img\/application-cta-create.jpg\" alt=\"Beginnen Sie mit der Erstellung Ihres Widgets\">\n                        <\/div>\n                    <\/div>\n\n                    <div class=\"application-cta-create-content inner\">\n                        <div class=\"application-cta-create-content-inner\">\n                            <div class=\"application-cta-create-content-icon\">\n                                <svg viewBox=\"0 0 25 25\" width=\"100%\" height=\"100%\">\n                                    <use xlink:href=\"#icon-settings\"><\/use>\n                                <\/svg>\n                            <\/div>\n\n                            <div class=\"application-cta-create-content-title\">Beginnen Sie mit der Erstellung Ihres Widgets<\/div>\n\n                            <div class=\"application-cta-create-content-text\">Schnell. Einfach. Keine Codierung.<\/div>\n\n                            <a class=\"application-cta-create-content-button button-48 button-has-right-icon button-black button\" href=\"\">\n                                <span class=\"button-label\">Widget erstellen<\/span>\n\n                                <svg class=\"button-icon\">\n                                    <use xlink:href=\"#icon-arrow-link\"><\/use>\n                                <\/svg>\n                            <\/a>\n                        <\/div>\n                    <\/div>\n                <\/div>\n\n<div class=\"application-examples-item application-examples-item-loading\">\n                            <div class=\"col-row\">\n                                <div class=\"col-6 col-m-8 col-s-12\"><h3 class=\"application-examples-item-title\">EBeispiel 5. Makeup-K\u00fcnstler<\/h3><div class=\"application-examples-item-description\">Zeigen Sie Ihre k\u00fcnstlerische Natur und zeigen Sie Fotos Ihrer Make-up-Arbeiten auf der Website. Sehen Sie, wie die Hintergrundfarbe gut mit der Farbe der CTA-Buttons und dem Kontaktdetails Text in der Kopfzeile zusammenpasst. All dies l\u00e4sst das Widget definierter aussehen und zieht die Aufmerksamkeit der Benutzer auf sich. Benutzer k\u00f6nnen alle Fotos genie\u00dfen und Sie mithilfe der Informationen im Header kontaktieren.<\/div><\/div>\n                <\/div>\n\n                <div class=\"application-examples-item-iframe-container browser-frame\">\n                    <div class=\"application-examples-item-iframe-wrapper\">\n                        <iframe class=\"application-examples-item-iframe application-examples-item-iframe-fixed-height\" data-src=\"https:\/\/elfsight.com\/examples?widget_id=54910454-2cc3-423c-9afd-171403d7e32f&padding=28px\" width=\"100%\" height=\"800px\" allow=\"autoplay; fullscreen\"><\/iframe>\n                    <\/div>\n\n                    <div class=\"application-examples-item-loader\"><\/div>\n                <\/div>\n            <\/div>\n\n<div class=\"application-examples-item application-examples-item-loading\">\n                            <div class=\"col-row\">\n                                <div class=\"col-6 col-m-8 col-s-12\"><h3 class=\"application-examples-item-title\">Beispiel 6. Friseur<\/h3><div class=\"application-examples-item-description\">Diese Fotos der Arbeiten des Friseurs sind in einem Raster 3x3 angeordnet. Die Bilder sind alle gleich gro\u00df und quadratisch. All dies schafft ein einheitliches Erscheinungsbild und eine solche Galerie kann gut in eine Webseite eingef\u00fchrt werden, um die F\u00e4higkeiten und Erfahrungen der Autoren zu demonstrieren. Popup \u00f6ffnet jedes der Bilder in voller Ansicht, damit Benutzer es in allen Details sehen k\u00f6nnen.<\/div><\/div>\n                <\/div>\n\n                <div class=\"application-examples-item-iframe-container browser-frame\">\n                    <div class=\"application-examples-item-iframe-wrapper\">\n                        <iframe class=\"application-examples-item-iframe application-examples-item-iframe-fixed-height\" data-src=\"https:\/\/elfsight.com\/examples?widget_id=41438b69-2632-44cc-adcd-c6a2285df432&padding=28px\" width=\"100%\" height=\"800px\" allow=\"autoplay; fullscreen\"><\/iframe>\n                    <\/div>\n\n                    <div class=\"application-examples-item-loader\"><\/div>\n                <\/div>\n            <\/div>\n\n<div class=\"application-examples-item application-examples-item-loading\">\n                            <div class=\"col-row\">\n                                <div class=\"col-6 col-m-8 col-s-12\"><h3 class=\"application-examples-item-title\">Beispiel 7. Modefotografie<\/h3><div class=\"application-examples-item-description\">Wenn es wichtig ist, Ihre Fotos in Originalgr\u00f6\u00dfe anzuzeigen und die Proportionen zu speichern, bietet unser Widget ein Mauerwerkslayout. Die Fotos werden so angeordnet, dass ihre urspr\u00fcnglichen Parameter optimal gespeichert werden. Die Rinne zwischen den Fotos in diesem Beispiel ist sehr schmal und sie werden auf einem schwarzen Hintergrund platziert. All dies schafft eine stilvolle Geometrie und f\u00fcgt einen Kontrast hinzu. Der Fotograf kann seinen Namen und seine Kontaktdaten nahtlos in die Kopfzeile einf\u00fcgen.<\/div><\/div>\n                <\/div>\n\n                <div class=\"application-examples-item-iframe-container browser-frame\">\n                    <div class=\"application-examples-item-iframe-wrapper\">\n                        <iframe class=\"application-examples-item-iframe application-examples-item-iframe-fixed-height\" data-src=\"https:\/\/elfsight.com\/examples?widget_id=93b5f6e5-27a0-456a-9423-933ae5ccf715&padding=28px\" width=\"100%\" height=\"800px\" allow=\"autoplay; fullscreen\"><\/iframe>\n                    <\/div>\n\n                    <div class=\"application-examples-item-loader\"><\/div>\n                <\/div>\n            <\/div>\n\n<div class=\"application-examples-item application-examples-item-loading\">\n                            <div class=\"col-row\">\n                                <div class=\"col-6 col-m-8 col-s-12\"><h3 class=\"application-examples-item-title\">Beispiel 8: Foodfotographie<\/h3><div class=\"application-examples-item-description\">Dies ist ein weiteres Beispiel daf\u00fcr, wie Elfsight Portfolio passt perfekt auf die Bed\u00fcrfnisse derjenigen, die ihre Fotos auf der Website pr\u00e4sentieren. Dieses Widget sieht sehr lebendig und dynamisch aus - die Fotos haben die gleiche Gr\u00f6\u00dfe und quadratische Form. Das Widget hat die automatische Gr\u00f6\u00dfe und f\u00fcllt den gesamten freien Speicherplatz auf der Seite aus.<\/div><\/div>\n                <\/div>\n\n                <div class=\"application-examples-item-iframe-container browser-frame\">\n                    <div class=\"application-examples-item-iframe-wrapper\">\n                        <iframe class=\"application-examples-item-iframe application-examples-item-iframe-fixed-height\" data-src=\"https:\/\/elfsight.com\/examples?widget_id=3a29d147-de50-4748-908a-e2d9151de3ab&padding=28px\" width=\"100%\" height=\"800px\" allow=\"autoplay; fullscreen\"><\/iframe>\n                    <\/div>\n\n                    <div class=\"application-examples-item-loader\"><\/div>\n                <\/div>\n            <\/div>\n\n<div class=\"application-examples-item application-examples-item-loading\">\n                            <div class=\"col-row\">\n                                <div class=\"col-6 col-m-8 col-s-12\"><h3 class=\"application-examples-item-title\">Beispiel 9: Die Architektur<\/h3><div class=\"application-examples-item-description\">Erstaunliche Architekturfotos bewahren ihre Beeindruckung, wenn sie \u00fcber eine reaktionsschnelle Widget-Oberfl\u00e4che pr\u00e4sentiert werden. Durch die automatische Breite f\u00fcllen die Bilder den gesamten verf\u00fcgbaren Bildschirmbereich aus und sehen massiv aus. Mit dem Listenlayout gehen die Projekte untereinander, wobei breite Rinnen visuelle Grenzen zwischen ihnen bilden. Beim Hover sehen Benutzer Schwarzwei\u00dfeffekte und Zoomanimationen.<\/div><\/div>\n                <\/div>\n\n                <div class=\"application-examples-item-iframe-container browser-frame\">\n                    <div class=\"application-examples-item-iframe-wrapper\">\n                        <iframe class=\"application-examples-item-iframe application-examples-item-iframe-fixed-height\" data-src=\"https:\/\/elfsight.com\/examples?widget_id=af6b8ad0-baf4-440c-933b-f624415ba277&padding=28px\" width=\"100%\" height=\"800px\" allow=\"autoplay; fullscreen\"><\/iframe>\n                    <\/div>\n\n                    <div class=\"application-examples-item-loader\"><\/div>\n                <\/div>\n            <\/div>\n\n<div class=\"application-examples-item application-examples-item-loading\">\n                            <div class=\"col-row\">\n                                <div class=\"col-6 col-m-8 col-s-12\"><h3 class=\"application-examples-item-title\">Beispiel 10. T\u00e4towierung Meister<\/h3><div class=\"application-examples-item-description\">Diese Arbeiten des T\u00e4towierers sehen sehr stilvoll und ausdrucksstark aus. Sie sind auf dem schwarzen Hintergrund und mit einer ziemlich breiten Rinne. Mit dem Mauerwerkslayout k\u00f6nnen alle Fotos in ihrer urspr\u00fcnglichen Gr\u00f6\u00dfe und Parameter angezeigt werden. Alle Informationen zum Master befinden sich im Widget-Header, damit Kunden ihn kontaktieren k\u00f6nnen.<\/div><\/div>\n                <\/div>\n\n                <div class=\"application-examples-item-iframe-container browser-frame\">\n                    <div class=\"application-examples-item-iframe-wrapper\">\n                        <iframe class=\"application-examples-item-iframe application-examples-item-iframe-fixed-height\" data-src=\"https:\/\/elfsight.com\/examples?widget_id=ae948f42-d1ab-4cb4-9def-c53dcebb3ea0&padding=28px\" width=\"100%\" height=\"800px\" allow=\"autoplay; fullscreen\"><\/iframe>\n                    <\/div>\n\n                    <div class=\"application-examples-item-loader\"><\/div>\n                <\/div>\n            <\/div>\n\n<div class=\"application-examples-item application-examples-item-loading\">\n                            <div class=\"col-row\">\n                                <div class=\"col-6 col-m-8 col-s-12\"><h3 class=\"application-examples-item-title\">Beispiel 11. Illustration<\/h3><div class=\"application-examples-item-description\">Die Bilder kacheln die Seite und speichern die urspr\u00fcnglichen Parameter. Wenn Sie mit der Maus \u00fcber eine Illustration fahren, sehen Sie den Namen des Werks und das Jahr. Zur einfacheren Navigation gibt es ein Men\u00fc mit Jahren. Die Autorendetails befinden sich in der Kopfzeile, und Sie k\u00f6nnen zu seinen Konten in sozialen Medien wechseln, indem Sie auf die Symbole klicken. Die Call-to-Action-Schaltfl\u00e4che bleibt auch im Popup sichtbar.<\/div><\/div>\n                <\/div>\n\n                <div class=\"application-examples-item-iframe-container browser-frame\">\n                    <div class=\"application-examples-item-iframe-wrapper\">\n                        <iframe class=\"application-examples-item-iframe application-examples-item-iframe-fixed-height\" data-src=\"https:\/\/elfsight.com\/examples?widget_id=47e5d50f-dfcd-45c5-b355-5733c2f8dc75&padding=28px\" width=\"100%\" height=\"800px\" allow=\"autoplay; fullscreen\"><\/iframe>\n                    <\/div>\n\n                    <div class=\"application-examples-item-loader\"><\/div>\n                <\/div>\n            <\/div>\n\n<div class=\"application-examples-item application-examples-item-loading\">\n                            <div class=\"col-row\">\n                                <div class=\"col-6 col-m-8 col-s-12\"><h3 class=\"application-examples-item-title\">Beispiel 13. Hochzeitsfotograf<\/h3><div class=\"application-examples-item-description\">Dieses Portfolio eines Hochzeitsfotografen demonstriert die Projekte und erz\u00e4hlt ein wenig \u00fcber jedes Paar. Die Projekte werden in einem Raster von zwei in einer Linie angezeigt und auf einem Hintergrund von sanfter beige Farbe platziert, der mit der Hochzeit verbunden ist. Unter jedem Projekt wird der Name angezeigt. Wenn Sie es \u00f6ffnen, sehen Sie eine Beschreibung und die besten Fotos.<\/div><\/div>\n                <\/div>\n\n                <div class=\"application-examples-item-iframe-container browser-frame\">\n                    <div class=\"application-examples-item-iframe-wrapper\">\n                        <iframe class=\"application-examples-item-iframe application-examples-item-iframe-fixed-height\" data-src=\"https:\/\/elfsight.com\/examples?widget_id=6972978e-9ddd-4c86-b754-de996cec861a&padding=28px\" width=\"100%\" height=\"800px\" allow=\"autoplay; fullscreen\"><\/iframe>\n                    <\/div>\n\n                    <div class=\"application-examples-item-loader\"><\/div>\n                <\/div>\n            <\/div>\n","protected":false},"excerpt":{"rendered":"","protected":false},"author":11,"featured_media":0,"parent":1344,"menu_order":0,"comment_status":"closed","ping_status":"closed","template":"templates\/template-application-examples.php","meta":{"publish_to_discourse":"","publish_post_category":"","wpdc_auto_publish_overridden":"","wpdc_topic_tags":"","wpdc_pin_topic":"","wpdc_pin_until":"","discourse_post_id":"","discourse_permalink":"","wpdc_publishing_response":"","wpdc_publishing_error":"","footnotes":""},"class_list":["post-1354","page","type-page","status-publish","hentry"],"yoast_head":"<!-- This site is optimized with the Yoast SEO plugin v25.3.1 - https:\/\/yoast.com\/wordpress\/plugins\/seo\/ -->\n<title>Portfolio-Galerie - Portfolio-Widget f\u00fcr Website (kostenlos und schnell)<\/title>\n<meta name=\"description\" content=\"Erstellen Sie Ihr Portfolio-Widget zur Website. Testen Sie eine Live-Demo aus, um eine kostenlose Portfolio-Galerie zu erstellen. Beste Portfolio Beispiele.\" \/>\n<meta name=\"robots\" content=\"index, follow, max-snippet:-1, max-image-preview:large, max-video-preview:-1\" \/>\n<link rel=\"canonical\" href=\"https:\/\/elfsight.com\/de\/portfolio-widget\/examples\/\" \/>\n<meta property=\"og:locale\" content=\"de_DE\" \/>\n<meta property=\"og:type\" content=\"article\" \/>\n<meta property=\"og:title\" content=\"Portfolio-Galerie - Portfolio-Widget f\u00fcr Website (kostenlos und schnell)\" \/>\n<meta property=\"og:description\" content=\"Erstellen Sie Ihr Portfolio-Widget zur Website. Testen Sie eine Live-Demo aus, um eine kostenlose Portfolio-Galerie zu erstellen. Beste Portfolio Beispiele.\" \/>\n<meta property=\"og:url\" content=\"https:\/\/elfsight.com\/de\/portfolio-widget\/examples\/\" \/>\n<meta property=\"og:site_name\" content=\"Elfsight DE\" \/>\n<meta property=\"article:modified_time\" content=\"2020-07-08T15:24:41+00:00\" \/>\n<meta name=\"twitter:card\" content=\"summary_large_image\" \/>\n<meta name=\"twitter:label1\" content=\"Gesch\u00e4tzte Lesezeit\" \/>\n\t<meta name=\"twitter:data1\" content=\"5\u00a0Minuten\" \/>\n<!-- \/ Yoast SEO plugin. -->","yoast_head_json":{"title":"Portfolio-Galerie - Portfolio-Widget f\u00fcr Website (kostenlos und schnell)","description":"Erstellen Sie Ihr Portfolio-Widget zur Website. Testen Sie eine Live-Demo aus, um eine kostenlose Portfolio-Galerie zu erstellen. Beste Portfolio Beispiele.","robots":{"index":"index","follow":"follow","max-snippet":"max-snippet:-1","max-image-preview":"max-image-preview:large","max-video-preview":"max-video-preview:-1"},"canonical":"https:\/\/elfsight.com\/de\/portfolio-widget\/examples\/","og_locale":"de_DE","og_type":"article","og_title":"Portfolio-Galerie - Portfolio-Widget f\u00fcr Website (kostenlos und schnell)","og_description":"Erstellen Sie Ihr Portfolio-Widget zur Website. Testen Sie eine Live-Demo aus, um eine kostenlose Portfolio-Galerie zu erstellen. Beste Portfolio Beispiele.","og_url":"https:\/\/elfsight.com\/de\/portfolio-widget\/examples\/","og_site_name":"Elfsight DE","article_modified_time":"2020-07-08T15:24:41+00:00","twitter_card":"summary_large_image","twitter_misc":{"Gesch\u00e4tzte Lesezeit":"5\u00a0Minuten"},"schema":{"@context":"https:\/\/schema.org","@graph":[{"@type":"WebPage","@id":"https:\/\/elfsight.com\/de\/portfolio-widget\/examples\/","url":"https:\/\/elfsight.com\/de\/portfolio-widget\/examples\/","name":"Portfolio-Galerie - Portfolio-Widget f\u00fcr Website (kostenlos und schnell)","isPartOf":{"@id":"https:\/\/elfsight.com\/de\/#website"},"datePublished":"2020-07-08T13:38:07+00:00","dateModified":"2020-07-08T15:24:41+00:00","description":"Erstellen Sie Ihr Portfolio-Widget zur Website. Testen Sie eine Live-Demo aus, um eine kostenlose Portfolio-Galerie zu erstellen. Beste Portfolio Beispiele.","breadcrumb":{"@id":"https:\/\/elfsight.com\/de\/portfolio-widget\/examples\/#breadcrumb"},"inLanguage":"de","potentialAction":[{"@type":"ReadAction","target":["https:\/\/elfsight.com\/de\/portfolio-widget\/examples\/"]}]},{"@type":"BreadcrumbList","@id":"https:\/\/elfsight.com\/de\/portfolio-widget\/examples\/#breadcrumb","itemListElement":[{"@type":"ListItem","position":1,"name":"Home","item":"https:\/\/elfsight.com\/de\/"},{"@type":"ListItem","position":2,"name":"Portfolio","item":"https:\/\/elfsight.com\/de\/portfolio-widget\/"},{"@type":"ListItem","position":3,"name":"Portfolio &#8211; Examples"}]},{"@type":"WebSite","@id":"https:\/\/elfsight.com\/de\/#website","url":"https:\/\/elfsight.com\/de\/","name":"Elfsight DE","description":"Just another Elfsight Sites site","potentialAction":[{"@type":"SearchAction","target":{"@type":"EntryPoint","urlTemplate":"https:\/\/elfsight.com\/de\/?s={search_term_string}"},"query-input":{"@type":"PropertyValueSpecification","valueRequired":true,"valueName":"search_term_string"}}],"inLanguage":"de"}]}},"meta_box":{"industry":"","seo_heading":"","heading":"","description":"","cta_heading":"","cta_description":"","application":"491","h1":"Beispiele f\u00fcr Top Portfolio Websites","h1_caption":"Sehen Sie sich alle Beispiele der Portfolio-Vorlagen an, um das volle Potenzial des Widgets zu erkennen.","application_category":[],"applications_title":"","applications_request_title":"","applications_request_button_text":"","hero_text":"","hero_video":"","hero_video_schema_markup":"","selling_points_title":"","selling_points_caption":"","selling_points":[],"selling_points_cta_text":"","features_title":"","features":"","ed_cta_examples_text":"","ed_cta_examples_hidden":"","ed_cta_demo_text":"","ed_cta_demo_hidden":"","why_caption":"","why_editor_title":"","why_editor_text":"","why_team_title":"","why_team_text":"","why_service_title":"","why_service_text":"","template_catalog_visible":"","template_catalog_title":"","template_catalog_text":"","template_catalog_categories_visible":"","demo_title":"","demo_caption":"","default_faq_hidden":"","app_template_category":[],"platform":"","template_public_id":"","codecanyon_url":"","codecanyon_item_id":"","codecanyon_price":"","pricing_caption":"","pricing_elfsight_apps_hide_column":"","pricing_elfsight_apps_url":"","pricing_codecanyon_price_caption":"","integration_category":[],"integration_request_title":"","integration_request_cta":"","integration_platform":"","integrations":[],"platform_category":[],"video_schema_markup":"","price":"","trial":"","benefits":[],"button_url":"","button_target_blank":"","button_nofollow":"","attributes":[],"tags":[],"tags_disable_links":"","hide_more_platforms":"","video_object":"","demo_hide_cta":"","demo_hide_cloud_options":"","pricing_title":"","pricing":[],"related_apps_title":"","related_apps_hidden":"","author":"","image":[],"title":"","job":"","social_networks":[]},"_links":{"self":[{"href":"https:\/\/elfsight.com\/de\/wp-json\/wp\/v2\/pages\/1354","targetHints":{"allow":["GET"]}}],"collection":[{"href":"https:\/\/elfsight.com\/de\/wp-json\/wp\/v2\/pages"}],"about":[{"href":"https:\/\/elfsight.com\/de\/wp-json\/wp\/v2\/types\/page"}],"author":[{"embeddable":true,"href":"https:\/\/elfsight.com\/de\/wp-json\/wp\/v2\/users\/11"}],"replies":[{"embeddable":true,"href":"https:\/\/elfsight.com\/de\/wp-json\/wp\/v2\/comments?post=1354"}],"version-history":[{"count":9,"href":"https:\/\/elfsight.com\/de\/wp-json\/wp\/v2\/pages\/1354\/revisions"}],"predecessor-version":[{"id":1370,"href":"https:\/\/elfsight.com\/de\/wp-json\/wp\/v2\/pages\/1354\/revisions\/1370"}],"up":[{"embeddable":true,"href":"https:\/\/elfsight.com\/de\/wp-json\/wp\/v2\/pages\/1344"}],"wp:attachment":[{"href":"https:\/\/elfsight.com\/de\/wp-json\/wp\/v2\/media?parent=1354"}],"curies":[{"name":"wp","href":"https:\/\/api.w.org\/{rel}","templated":true}]}}