{"id":1280,"date":"2020-07-03T10:52:17","date_gmt":"2020-07-03T10:52:17","guid":{"rendered":"https:\/\/elfsight.com\/de\/?page_id=1280"},"modified":"2022-03-21T09:16:42","modified_gmt":"2022-03-21T09:16:42","slug":"pricing","status":"publish","type":"page","link":"https:\/\/elfsight.com\/de\/before-and-after-slider-widget\/pricing\/","title":{"rendered":"Before and After Slider &#8211; Pricing"},"content":{"rendered":"\n<div class=\"faq\" data-component=\"FAQ\">\n<div class=\"faq-item\">\r\n\t\t\t\t\t<div class=\"faq-item-question\">\r\n\t\t\t\t\t\t<h3 class=\"faq-item-question-text\"> Gibt es kostenlose Gratisabonnement f\u00fcr Ihre Widgets?<\/h3>\r\n\r\n\t\t\t\t\t\t<div class=\"faq-item-question-icon\"><\/div>\r\n\t\t\t\t\t<\/div>\r\n\r\n\t\t\t\t\t<div class=\"faq-item-answer\">\r\n\t\t\t\t\t\t<div class=\"faq-item-answer-text\">\n\nJa, sicher. Elfsight bietet ein kostenloses Abonnement f\u00fcr alle Plugins. Au\u00dferdem limitieren wir die wesentlichen Funktionsvielfalt und die Gestaltungsm\u00f6glichkeiten nicht. Z\u00f6gern Sie nicht alle Pluspunkte kostenloser Elfsight-Apps f\u00fcr Ihre Website zu nutzen. \n<\/div>\r\n\t\t\t\t\t<\/div>\r\n\t\t\t\t<\/div>\n\n<div class=\"faq-item\">\r\n\t\t\t\t\t<div class=\"faq-item-question\">\r\n\t\t\t\t\t\t<h3 class=\"faq-item-question-text\">Haben Sie eine Probezeit f\u00fcr Ihre Apps?<\/h3>\r\n\r\n\t\t\t\t\t\t<div class=\"faq-item-question-icon\"><\/div>\r\n\t\t\t\t\t<\/div>\r\n\r\n\t\t\t\t\t<div class=\"faq-item-answer\">\r\n\t\t\t\t\t\t<div class=\"faq-item-answer-text\">\n\nUnser Gratisabonnement hat keine \u00dcbergangsfrist. Sie k\u00f6nnen das Widget auf der Site so lange verwenden, wie Sie es wollen. \n<\/div>\r\n\t\t\t\t\t<\/div>\r\n\t\t\t\t<\/div>\n\n<div class=\"faq-item\">\r\n\t\t\t\t\t<div class=\"faq-item-question\">\r\n\t\t\t\t\t\t<h3 class=\"faq-item-question-text\">Hat Elfsight einige Erm\u00e4\u00dfigungen?<\/h3>\r\n\r\n\t\t\t\t\t\t<div class=\"faq-item-question-icon\"><\/div>\r\n\t\t\t\t\t<\/div>\r\n\r\n\t\t\t\t\t<div class=\"faq-item-answer\">\r\n\t\t\t\t\t\t<div class=\"faq-item-answer-text\">\n\nJa, Sie k\u00f6nnen 20% Willkommens-Rabattcode f\u00fcr Ihr erstes Zahlung bekommen. Bitte vergessen Sie nicht, dass Sie es innerhalb von 24 Stunden einf\u00fcgen k\u00f6nnen. Dann erreichen Sie 30% Skonti f\u00fcr den n\u00e4chsten Entrichtung eines eingezahlten Plans. \n<\/div>\r\n\t\t\t\t\t<\/div>\r\n\t\t\t\t<\/div>\n\n<div class=\"faq-item\">\r\n\t\t\t\t\t<div class=\"faq-item-question\">\r\n\t\t\t\t\t\t<h3 class=\"faq-item-question-text\">Kann ich mein Abonnement f\u00fcr das Widget sp\u00e4ter \u00e4ndern?<\/h3>\r\n\r\n\t\t\t\t\t\t<div class=\"faq-item-question-icon\"><\/div>\r\n\t\t\t\t\t<\/div>\r\n\r\n\t\t\t\t\t<div class=\"faq-item-answer\">\r\n\t\t\t\t\t\t<div class=\"faq-item-answer-text\">\n\nSicher! Benutzer k\u00f6nnen das Tarif immer \u00e4ndern oder zur\u00fccktreten. Die Kosten geschenkt f\u00fcr letzten Plan wird zu einem neuen Abonnement nachgerechnet. \n<\/div>\r\n\t\t\t\t\t<\/div>\r\n\t\t\t\t<\/div>\n\n<div class=\"faq-item\">\r\n\t\t\t\t\t<div class=\"faq-item-question\">\r\n\t\t\t\t\t\t<h3 class=\"faq-item-question-text\">Was ist die Einschr\u00e4nkung der App-Aussichten?<\/h3>\r\n\r\n\t\t\t\t\t\t<div class=\"faq-item-question-icon\"><\/div>\r\n\t\t\t\t\t<\/div>\r\n\r\n\t\t\t\t\t<div class=\"faq-item-answer\">\r\n\t\t\t\t\t\t<div class=\"faq-item-answer-text\">\n\nDie Anzahl der Aussichten zeigt die Vielzahl der Widget-Laden auf Ihrer Website. Dies h\u00e4ngt von der Anzahl der eindeutigen auf einer Website mit den Widgets nicht. \nDie Anzahl der Views hat eine monatliche Basis und wird jeden Monat verl\u00e4ngt und h\u00e4ngt von Ihrem Tarif. \n<\/div>\r\n\t\t\t\t\t<\/div>\r\n\t\t\t\t<\/div>\n\n<div class=\"faq-item\">\r\n\t\t\t\t\t<div class=\"faq-item-question\">\r\n\t\t\t\t\t\t<h3 class=\"faq-item-question-text\">Auf wie viele Webseiten kann man das App einbetten?<\/h3>\r\n\r\n\t\t\t\t\t\t<div class=\"faq-item-question-icon\"><\/div>\r\n\t\t\t\t\t<\/div>\r\n\r\n\t\t\t\t\t<div class=\"faq-item-answer\">\r\n\t\t\t\t\t\t<div class=\"faq-item-answer-text\">\n\nWenn Sie einen kostenlosen Plan erhalten, k\u00f6nnen Sie das Plugin nur auf einziger Seite einbetten. \nIn den gezahlten Abo-Pl\u00e4nen gibt es keine solche Begrenzung &#8211; Sie k\u00f6nnen so viele Plugins f\u00fcr Ihre Website einbetten wie Sie ben\u00f6tigen. \n<\/div>\r\n\t\t\t\t\t<\/div>\r\n\t\t\t\t<\/div>\n\n<div class=\"faq-item\">\r\n\t\t\t\t\t<div class=\"faq-item-question\">\r\n\t\t\t\t\t\t<h3 class=\"faq-item-question-text\">Kann ich eine kostenlose Installationshilfe von Ihrem Support-Team erhalten?<\/h3>\r\n\r\n\t\t\t\t\t\t<div class=\"faq-item-question-icon\"><\/div>\r\n\t\t\t\t\t<\/div>\r\n\r\n\t\t\t\t\t<div class=\"faq-item-answer\">\r\n\t\t\t\t\t\t<div class=\"faq-item-answer-text\">\n\nJa, unseres Team liefert allen Benutzern kostenlosen Support bei der Bildung und Installation des Plugins. Sie k\u00f6nnen Elfsight hochqualifiziertes Support-Team kontaktieren. \n<\/div>\r\n\t\t\t\t\t<\/div>\r\n\t\t\t\t<\/div>\n<\/div>\n","protected":false},"excerpt":{"rendered":"","protected":false},"author":11,"featured_media":0,"parent":1269,"menu_order":0,"comment_status":"closed","ping_status":"closed","template":"templates\/template-application-pricing.php","meta":{"publish_to_discourse":"","publish_post_category":"","wpdc_auto_publish_overridden":"","wpdc_topic_tags":"","wpdc_pin_topic":"","wpdc_pin_until":"","discourse_post_id":"","discourse_permalink":"","wpdc_publishing_response":"","wpdc_publishing_error":"","footnotes":""},"class_list":["post-1280","page","type-page","status-publish","hentry"],"yoast_head":"<!-- This site is optimized with the Yoast SEO plugin v25.3.1 - https:\/\/yoast.com\/wordpress\/plugins\/seo\/ -->\n<title>Elfsight Before and After Slider - Preisgestaltung (kostenlose und premium)<\/title>\n<meta name=\"description\" content=\"Erstellen Sie Ihr Vorher Nacher Slider f\u00fcr die Website zum niedrigsten Preis! Die Tarife f\u00fcr die Nutzung des Widgets reichen von kostenlos bis Premium.\" \/>\n<meta name=\"robots\" content=\"index, follow, max-snippet:-1, max-image-preview:large, max-video-preview:-1\" \/>\n<link rel=\"canonical\" href=\"https:\/\/elfsight.com\/de\/before-and-after-slider-widget\/pricing\/\" \/>\n<meta property=\"og:locale\" content=\"de_DE\" \/>\n<meta property=\"og:type\" content=\"article\" \/>\n<meta property=\"og:title\" content=\"Elfsight Before and After Slider - Preisgestaltung (kostenlose und premium)\" \/>\n<meta property=\"og:description\" content=\"Erstellen Sie Ihr Vorher Nacher Slider f\u00fcr die Website zum niedrigsten Preis! Die Tarife f\u00fcr die Nutzung des Widgets reichen von kostenlos bis Premium.\" \/>\n<meta property=\"og:url\" content=\"https:\/\/elfsight.com\/de\/before-and-after-slider-widget\/pricing\/\" \/>\n<meta property=\"og:site_name\" content=\"Elfsight DE\" \/>\n<meta property=\"article:modified_time\" content=\"2022-03-21T09:16:42+00:00\" \/>\n<meta name=\"twitter:card\" content=\"summary_large_image\" \/>\n<meta name=\"twitter:label1\" content=\"Gesch\u00e4tzte Lesezeit\" \/>\n\t<meta name=\"twitter:data1\" content=\"2\u00a0Minuten\" \/>\n<!-- \/ Yoast SEO plugin. -->","yoast_head_json":{"title":"Elfsight Before and After Slider - Preisgestaltung (kostenlose und premium)","description":"Erstellen Sie Ihr Vorher Nacher Slider f\u00fcr die Website zum niedrigsten Preis! Die Tarife f\u00fcr die Nutzung des Widgets reichen von kostenlos bis Premium.","robots":{"index":"index","follow":"follow","max-snippet":"max-snippet:-1","max-image-preview":"max-image-preview:large","max-video-preview":"max-video-preview:-1"},"canonical":"https:\/\/elfsight.com\/de\/before-and-after-slider-widget\/pricing\/","og_locale":"de_DE","og_type":"article","og_title":"Elfsight Before and After Slider - Preisgestaltung (kostenlose und premium)","og_description":"Erstellen Sie Ihr Vorher Nacher Slider f\u00fcr die Website zum niedrigsten Preis! Die Tarife f\u00fcr die Nutzung des Widgets reichen von kostenlos bis Premium.","og_url":"https:\/\/elfsight.com\/de\/before-and-after-slider-widget\/pricing\/","og_site_name":"Elfsight DE","article_modified_time":"2022-03-21T09:16:42+00:00","twitter_card":"summary_large_image","twitter_misc":{"Gesch\u00e4tzte Lesezeit":"2\u00a0Minuten"},"schema":{"@context":"https:\/\/schema.org","@graph":[{"@type":"WebPage","@id":"https:\/\/elfsight.com\/de\/before-and-after-slider-widget\/pricing\/","url":"https:\/\/elfsight.com\/de\/before-and-after-slider-widget\/pricing\/","name":"Elfsight Before and After Slider - Preisgestaltung (kostenlose und premium)","isPartOf":{"@id":"https:\/\/elfsight.com\/de\/#website"},"datePublished":"2020-07-03T10:52:17+00:00","dateModified":"2022-03-21T09:16:42+00:00","description":"Erstellen Sie Ihr Vorher Nacher Slider f\u00fcr die Website zum niedrigsten Preis! Die Tarife f\u00fcr die Nutzung des Widgets reichen von kostenlos bis Premium.","breadcrumb":{"@id":"https:\/\/elfsight.com\/de\/before-and-after-slider-widget\/pricing\/#breadcrumb"},"inLanguage":"de","potentialAction":[{"@type":"ReadAction","target":["https:\/\/elfsight.com\/de\/before-and-after-slider-widget\/pricing\/"]}]},{"@type":"BreadcrumbList","@id":"https:\/\/elfsight.com\/de\/before-and-after-slider-widget\/pricing\/#breadcrumb","itemListElement":[{"@type":"ListItem","position":1,"name":"Home","item":"https:\/\/elfsight.com\/de\/"},{"@type":"ListItem","position":2,"name":"Before and After Slider","item":"https:\/\/elfsight.com\/de\/before-and-after-slider-widget\/"},{"@type":"ListItem","position":3,"name":"Before and After Slider &#8211; Pricing"}]},{"@type":"WebSite","@id":"https:\/\/elfsight.com\/de\/#website","url":"https:\/\/elfsight.com\/de\/","name":"Elfsight DE","description":"Just another Elfsight Sites site","potentialAction":[{"@type":"SearchAction","target":{"@type":"EntryPoint","urlTemplate":"https:\/\/elfsight.com\/de\/?s={search_term_string}"},"query-input":{"@type":"PropertyValueSpecification","valueRequired":true,"valueName":"search_term_string"}}],"inLanguage":"de"}]}},"meta_box":{"industry":"","seo_heading":"","heading":"","description":"","cta_heading":"","cta_description":"","application":"504","h1":"Preise f\u00fcr Vorher Nachher Slider Plugin","h1_caption":"14 Tage Geld-zur\u00fcck-Garantie. Ohne Risiko k\u00f6nnen Sie jederzeit k\u00fcndigen.","application_category":[],"applications_title":"","applications_request_title":"","applications_request_button_text":"","hero_text":"","hero_video":"","hero_video_schema_markup":"","selling_points_title":"","selling_points_caption":"","selling_points":[],"selling_points_cta_text":"","features_title":"","features":"","ed_cta_examples_text":"","ed_cta_examples_hidden":"","ed_cta_demo_text":"","ed_cta_demo_hidden":"","why_caption":"","why_editor_title":"","why_editor_text":"","why_team_title":"","why_team_text":"","why_service_title":"","why_service_text":"","template_catalog_visible":"","template_catalog_title":"","template_catalog_text":"","template_catalog_categories_visible":"","demo_title":"","demo_caption":"","default_faq_hidden":"1","app_template_category":[],"platform":"","template_public_id":"","codecanyon_url":"","codecanyon_item_id":"","codecanyon_price":"","pricing_caption":"","pricing_elfsight_apps_hide_column":"","pricing_elfsight_apps_url":"","pricing_codecanyon_price_caption":"","integration_category":[],"integration_request_title":"","integration_request_cta":"","integration_platform":"","integrations":[],"platform_category":[],"video_schema_markup":"","price":"","trial":"","benefits":[],"button_url":"","button_target_blank":"","button_nofollow":"","attributes":[],"tags":[],"tags_disable_links":"","hide_more_platforms":"","video_object":"","demo_hide_cta":"","demo_hide_cloud_options":"","pricing_title":"","pricing":[],"related_apps_title":"","related_apps_hidden":"","author":"","image":[],"title":"","job":"","social_networks":[]},"_links":{"self":[{"href":"https:\/\/elfsight.com\/de\/wp-json\/wp\/v2\/pages\/1280","targetHints":{"allow":["GET"]}}],"collection":[{"href":"https:\/\/elfsight.com\/de\/wp-json\/wp\/v2\/pages"}],"about":[{"href":"https:\/\/elfsight.com\/de\/wp-json\/wp\/v2\/types\/page"}],"author":[{"embeddable":true,"href":"https:\/\/elfsight.com\/de\/wp-json\/wp\/v2\/users\/11"}],"replies":[{"embeddable":true,"href":"https:\/\/elfsight.com\/de\/wp-json\/wp\/v2\/comments?post=1280"}],"version-history":[{"count":5,"href":"https:\/\/elfsight.com\/de\/wp-json\/wp\/v2\/pages\/1280\/revisions"}],"predecessor-version":[{"id":6985,"href":"https:\/\/elfsight.com\/de\/wp-json\/wp\/v2\/pages\/1280\/revisions\/6985"}],"up":[{"embeddable":true,"href":"https:\/\/elfsight.com\/de\/wp-json\/wp\/v2\/pages\/1269"}],"wp:attachment":[{"href":"https:\/\/elfsight.com\/de\/wp-json\/wp\/v2\/media?parent=1280"}],"curies":[{"name":"wp","href":"https:\/\/api.w.org\/{rel}","templated":true}]}}