{"id":1246,"date":"2020-06-30T11:01:08","date_gmt":"2020-06-30T11:01:08","guid":{"rendered":"https:\/\/elfsight.com\/de\/?page_id=1246"},"modified":"2020-10-14T15:35:12","modified_gmt":"2020-10-14T15:35:12","slug":"examples","status":"publish","type":"page","link":"https:\/\/elfsight.com\/de\/all-in-one-chat-widget\/examples\/","title":{"rendered":"All-in-One Chat &#8211; Examples"},"content":{"rendered":"\n<div class=\"application-examples-item application-examples-item-loading\">\n                            <div class=\"col-row\">\n                                <div class=\"col-6 col-m-8 col-s-12\"><h3 class=\"application-examples-item-title\">Beispiel 1. Standard<\/h3><div class=\"application-examples-item-description\">Es ist ein Standard-Live-Chat. W\u00e4hlen Sie diese Chat-Box und genie\u00dfen Sie ihre Einfachheit: Sie passt vollst\u00e4ndig zu jeder Art von Webdesign und macht Ihre Hilfe sp\u00fcrbar und lebendig. Passen Sie Farben, Themen, Blasen und andere Details an und machen Sie es so wirklich einzigartig und atemberaubend.<\/div><\/div>\n                <\/div>\n\n                <div class=\"application-examples-item-iframe-container browser-frame\">\n                    <div class=\"application-examples-item-iframe-wrapper\">\n                        <iframe class=\"application-examples-item-iframe application-examples-item-iframe-fixed-height\" data-src=\"https:\/\/apps.elfsight.com\/template\/6684f74c-40f3-442c-93f5-c532c9ddd56a\" width=\"100%\" height=\"300\" allow=\"autoplay; fullscreen\"><\/iframe>\n                    <\/div>\n\n                    <div class=\"application-examples-item-loader\"><\/div>\n                <\/div>\n            <\/div>\n\n<div class=\"application-examples-item application-examples-item-loading\">\n                            <div class=\"col-row\">\n                                <div class=\"col-6 col-m-8 col-s-12\"><h3 class=\"application-examples-item-title\">Beispiel 2. Unterst\u00fctzung<\/h3><div class=\"application-examples-item-description\">Die beste Wahl f\u00fcr die Organisation von technischem Support. Mit einem Foto des Support-Teammitglieds wird der Kunde sicher sein, dass er mit einer realen Person chatten wird. Dar\u00fcber hinaus wissen die Besucher, wie viel Zeit ein Agent ben\u00f6tigt, um zu antworten. Die Beschriftung zeigt den jeweiligen Zeitpunkt einer Antwort an.<\/div><\/div>\n                <\/div>\n\n                <div class=\"application-examples-item-iframe-container browser-frame\">\n                    <div class=\"application-examples-item-iframe-wrapper\">\n                        <iframe class=\"application-examples-item-iframe application-examples-item-iframe-fixed-height\" data-src=\"https:\/\/apps.elfsight.com\/template\/321a8a5b-7d3e-472a-8736-cda2a7b05d8d\" width=\"100%\" height=\"300\" allow=\"autoplay; fullscreen\"><\/iframe>\n                    <\/div>\n\n                    <div class=\"application-examples-item-loader\"><\/div>\n                <\/div>\n            <\/div>\n\n<div class=\"application-examples-item application-examples-item-loading\">\n                            <div class=\"col-row\">\n                                <div class=\"col-6 col-m-8 col-s-12\"><h3 class=\"application-examples-item-title\">Beispiel 3. Verkauf<\/h3><div class=\"application-examples-item-description\">Diese Chat-Box ist ansprechend und auff\u00e4llig: Ein schwarzer Header und Chat-Button wurden rot. Kontrastdetails beschleunigen den Entscheidungsprozess - sie steigern Ihren Umsatz. Wie bekomme ich mehr treue K\u00e4ufer? F\u00fcgen Sie einfach das Manager-Bild, seinen Namen und seine Position in der Kopfzeile hinzu, und der Kunde wird keinen Zweifel daran haben, dass er einen echten Rat erh\u00e4lt.<\/div><\/div>\n                <\/div>\n\n                <div class=\"application-examples-item-iframe-container browser-frame\">\n                    <div class=\"application-examples-item-iframe-wrapper\">\n                        <iframe class=\"application-examples-item-iframe application-examples-item-iframe-fixed-height\" data-src=\"https:\/\/apps.elfsight.com\/template\/bebf6e11-1e31-4cde-9f0f-7eb2ae3c46be\" width=\"100%\" height=\"300\" allow=\"autoplay; fullscreen\"><\/iframe>\n                    <\/div>\n\n                    <div class=\"application-examples-item-loader\"><\/div>\n                <\/div>\n            <\/div>\n\n<div class=\"application-examples-item application-examples-item-loading\">\n                            <div class=\"col-row\">\n                                <div class=\"col-6 col-m-8 col-s-12\"><h3 class=\"application-examples-item-title\">Beispiel 4. Buchung<\/h3><div class=\"application-examples-item-description\">Das vertraute, \u00fcbersichtliche Design der Buchungs-Chatbox hilft Ihren G\u00e4sten, nicht zu z\u00f6gern und so viele Fragen zu stellen, wie sie ben\u00f6tigen. Die n\u00fctzliche Schaltfl\u00e4che \u201eChat  Starten\u201c ist sehr eing\u00e4ngig und kann an Ihre Bed\u00fcrfnisse angepasst werden.<\/div><\/div>\n                <\/div>\n\n                <div class=\"application-examples-item-iframe-container browser-frame\">\n                    <div class=\"application-examples-item-iframe-wrapper\">\n                        <iframe class=\"application-examples-item-iframe application-examples-item-iframe-fixed-height\" data-src=\"https:\/\/apps.elfsight.com\/template\/b855fdec-be01-4acc-8a55-48bd4c0bcc21\" width=\"100%\" height=\"300\" allow=\"autoplay; fullscreen\"><\/iframe>\n                    <\/div>\n\n                    <div class=\"application-examples-item-loader\"><\/div>\n                <\/div>\n            <\/div>\n\n<div class=\"application-examples-item application-examples-item-loading\">\n                            <div class=\"col-row\">\n                                <div class=\"col-6 col-m-8 col-s-12\"><h3 class=\"application-examples-item-title\">Beispiel 5. Feedback<\/h3><div class=\"application-examples-item-description\">F\u00fcr jedes Unternehmen ist es \u00e4u\u00dferst wertvoll, die Meinung des Kunden zu Produkten oder Dienstleistungen einzuholen. Mit der schwebenden Blasenposition und dem hellen Design verpassen Sie keine Gelegenheit, eine echte Bewertung Ihrer Arbeit zu erhalten und die positivsten Bewertungen f\u00fcr die Werbung zu verwenden.<\/div><\/div>\n                <\/div>\n\n                <div class=\"application-examples-item-iframe-container browser-frame\">\n                    <div class=\"application-examples-item-iframe-wrapper\">\n                        <iframe class=\"application-examples-item-iframe application-examples-item-iframe-fixed-height\" data-src=\"https:\/\/apps.elfsight.com\/template\/34600fa1-06b9-42bc-92ca-2a61dfd79a7a\" width=\"100%\" height=\"300\" allow=\"autoplay; fullscreen\"><\/iframe>\n                    <\/div>\n\n                    <div class=\"application-examples-item-loader\"><\/div>\n                <\/div>\n            <\/div>\n\n<div class=\"application-cta-create\">\n                    <div class=\"application-cta-create-bg\">\n                        <div class=\"application-cta-create-bg-left\"><\/div>\n\n                        <div class=\"application-cta-create-bg-right\">\n                            <img decoding=\"async\" src=\"https:\/\/elfsight.com\/de\/wp-content\/themes\/elfsight\/frontend\/assets\/img\/application-cta-create.jpg\" alt=\"Beginnen Sie mit der Erstellung Ihres Widgets\">\n                        <\/div>\n                    <\/div>\n\n                    <div class=\"application-cta-create-content inner\">\n                        <div class=\"application-cta-create-content-inner\">\n                            <div class=\"application-cta-create-content-icon\">\n                                <svg viewBox=\"0 0 25 25\" width=\"100%\" height=\"100%\">\n                                    <use xlink:href=\"#icon-settings\"><\/use>\n                                <\/svg>\n                            <\/div>\n\n                            <div class=\"application-cta-create-content-title\">Beginnen Sie mit der Erstellung Ihres Widgets<\/div>\n\n                            <div class=\"application-cta-create-content-text\">Schnell. Einfach. Keine Codierung.<\/div>\n\n                            <a class=\"application-cta-create-content-button button-48 button-has-right-icon button-black button\" href=\"\">\n                                <span class=\"button-label\">Widget erstellen<\/span>\n\n                                <svg class=\"button-icon\">\n                                    <use xlink:href=\"#icon-arrow-link\"><\/use>\n                                <\/svg>\n                            <\/a>\n                        <\/div>\n                    <\/div>\n                <\/div>\n\n<div class=\"application-examples-item application-examples-item-loading\">\n                            <div class=\"col-row\">\n                                <div class=\"col-6 col-m-8 col-s-12\"><h3 class=\"application-examples-item-title\">Beispiel 6. Onboarding<\/h3><div class=\"application-examples-item-description\">Wie k\u00f6nnen Sie Ihre potenziellen Kunden gewinnen, ohne Anrufe und Anfragen zu irritieren? Helfen Sie ihnen, Sie mit der Chat-Box besser kennenzulernen! Jetzt k\u00f6nnen Besucher ohne zu z\u00f6gern problemlos die erforderlichen Informationen zu Ihren Dienstleistungen oder Waren finden. Der attraktive Start-Chat-Button ist hellviolett - sie werden ihn nicht verpassen!<\/div><\/div>\n                <\/div>\n\n                <div class=\"application-examples-item-iframe-container browser-frame\">\n                    <div class=\"application-examples-item-iframe-wrapper\">\n                        <iframe class=\"application-examples-item-iframe application-examples-item-iframe-fixed-height\" data-src=\"https:\/\/apps.elfsight.com\/template\/c0aab0b5-17b0-44fe-b761-7f7b7f3021af\" width=\"100%\" height=\"300\" allow=\"autoplay; fullscreen\"><\/iframe>\n                    <\/div>\n\n                    <div class=\"application-examples-item-loader\"><\/div>\n                <\/div>\n            <\/div>\n\n<div class=\"application-examples-item application-examples-item-loading\">\n                            <div class=\"col-row\">\n                                <div class=\"col-6 col-m-8 col-s-12\"><h3 class=\"application-examples-item-title\">Beispiel 7. Beratung<\/h3><div class=\"application-examples-item-description\">Hier ist ein hervorragendes Beispiel, wie Sie Ihre Kunden am effektivsten zu Ihren Angeboten befragen k\u00f6nnen. Eine Willkommensnachricht f\u00fcr Live-Chat l\u00e4dt Ihre Kunden ein, Sie nach Ihren Produkten oder Dienstleistungen zu fragen.<\/div><\/div>\n                <\/div>\n\n                <div class=\"application-examples-item-iframe-container browser-frame\">\n                    <div class=\"application-examples-item-iframe-wrapper\">\n                        <iframe class=\"application-examples-item-iframe application-examples-item-iframe-fixed-height\" data-src=\"https:\/\/apps.elfsight.com\/template\/d35429bd-937c-40e6-98d6-9279ef305772\" width=\"100%\" height=\"300\" allow=\"autoplay; fullscreen\"><\/iframe>\n                    <\/div>\n\n                    <div class=\"application-examples-item-loader\"><\/div>\n                <\/div>\n            <\/div>\n\n<div class=\"application-examples-item application-examples-item-loading\">\n                            <div class=\"col-row\">\n                                <div class=\"col-6 col-m-8 col-s-12\"><h3 class=\"application-examples-item-title\">Beispiel 8. Chat-Button einbinden<\/h3><div class=\"application-examples-item-description\">M\u00fcssen Sie Ihren Chat in die Inhaltszone der Website integrieren? W\u00e4hlen Sie die Schaltfl\u00e4che \u201eChat einbinden\u201c - ein kleines Symbol passt zu jedem Webdesign. Wenn Sie darauf klicken, sehen Kunden den Namen der Chat-Person und die Begr\u00fc\u00dfungsnachricht.<\/div><\/div>\n                <\/div>\n\n                <div class=\"application-examples-item-iframe-container browser-frame\">\n                    <div class=\"application-examples-item-iframe-wrapper\">\n                        <iframe class=\"application-examples-item-iframe application-examples-item-iframe-fixed-height\" data-src=\"https:\/\/apps.elfsight.com\/template\/53305c3a-18d9-45cc-8b03-14ed42278bcd\" width=\"100%\" height=\"300\" allow=\"autoplay; fullscreen\"><\/iframe>\n                    <\/div>\n\n                    <div class=\"application-examples-item-loader\"><\/div>\n                <\/div>\n            <\/div>\n\n<div class=\"application-examples-item application-examples-item-loading\">\n                            <div class=\"col-row\">\n                                <div class=\"col-6 col-m-8 col-s-12\"><h3 class=\"application-examples-item-title\">Beispiel 9. Chat-Fenster einbauen<\/h3><div class=\"application-examples-item-description\">Sie k\u00f6nnen das Widget an einer beliebigen Stelle der gew\u00fcnschten Seite installieren. Es wird Ihre Kunden nicht irritieren, da sie darin scrollen k\u00f6nnen. In Not k\u00f6nnen Benutzer das Chat-Fenster leicht finden und alle erforderlichen Fragen stellen.<\/div><\/div>\n                <\/div>\n\n                <div class=\"application-examples-item-iframe-container browser-frame\">\n                    <div class=\"application-examples-item-iframe-wrapper\">\n                        <iframe class=\"application-examples-item-iframe application-examples-item-iframe-fixed-height\" data-src=\"https:\/\/apps.elfsight.com\/template\/77295f62-3d96-46d9-a173-8994c4bec5d7\" width=\"100%\" height=\"300\" allow=\"autoplay; fullscreen\"><\/iframe>\n                    <\/div>\n\n                    <div class=\"application-examples-item-loader\"><\/div>\n                <\/div>\n            <\/div>\n","protected":false},"excerpt":{"rendered":"","protected":false},"author":11,"featured_media":0,"parent":1238,"menu_order":0,"comment_status":"closed","ping_status":"closed","template":"templates\/template-application-examples.php","meta":{"publish_to_discourse":"","publish_post_category":"","wpdc_auto_publish_overridden":"","wpdc_topic_tags":"","wpdc_pin_topic":"","wpdc_pin_until":"","discourse_post_id":"","discourse_permalink":"","wpdc_publishing_response":"","wpdc_publishing_error":"","footnotes":""},"class_list":["post-1246","page","type-page","status-publish","hentry"],"yoast_head":"<!-- This site is optimized with the Yoast SEO plugin v25.3.1 - https:\/\/yoast.com\/wordpress\/plugins\/seo\/ -->\n<title>Multi-Messenger - Beste Beispiele All-in-One-Chat [2025]<\/title>\n<meta name=\"description\" content=\"Beste Beispiele f\u00fcr Live-Chat mit allen g\u00e4ngigen Messenger in 1. Verwenden Sie praktischen Vorlagen, um mit wenigen Klicks ein Chat-Widget einbauen!\" \/>\n<meta name=\"robots\" content=\"index, follow, max-snippet:-1, max-image-preview:large, max-video-preview:-1\" \/>\n<link rel=\"canonical\" href=\"https:\/\/elfsight.com\/de\/all-in-one-chat-widget\/examples\/\" \/>\n<meta property=\"og:locale\" content=\"de_DE\" \/>\n<meta property=\"og:type\" content=\"article\" \/>\n<meta property=\"og:title\" content=\"Multi-Messenger - Beste Beispiele All-in-One-Chat [2025]\" \/>\n<meta property=\"og:description\" content=\"Beste Beispiele f\u00fcr Live-Chat mit allen g\u00e4ngigen Messenger in 1. Verwenden Sie praktischen Vorlagen, um mit wenigen Klicks ein Chat-Widget einbauen!\" \/>\n<meta property=\"og:url\" content=\"https:\/\/elfsight.com\/de\/all-in-one-chat-widget\/examples\/\" \/>\n<meta property=\"og:site_name\" content=\"Elfsight DE\" \/>\n<meta property=\"article:modified_time\" content=\"2020-10-14T15:35:12+00:00\" \/>\n<meta name=\"twitter:card\" content=\"summary_large_image\" \/>\n<meta name=\"twitter:label1\" content=\"Gesch\u00e4tzte Lesezeit\" \/>\n\t<meta name=\"twitter:data1\" content=\"3\u00a0Minuten\" \/>\n<!-- \/ Yoast SEO plugin. -->","yoast_head_json":{"title":"Multi-Messenger - Beste Beispiele All-in-One-Chat [2025]","description":"Beste Beispiele f\u00fcr Live-Chat mit allen g\u00e4ngigen Messenger in 1. Verwenden Sie praktischen Vorlagen, um mit wenigen Klicks ein Chat-Widget einbauen!","robots":{"index":"index","follow":"follow","max-snippet":"max-snippet:-1","max-image-preview":"max-image-preview:large","max-video-preview":"max-video-preview:-1"},"canonical":"https:\/\/elfsight.com\/de\/all-in-one-chat-widget\/examples\/","og_locale":"de_DE","og_type":"article","og_title":"Multi-Messenger - Beste Beispiele All-in-One-Chat [2025]","og_description":"Beste Beispiele f\u00fcr Live-Chat mit allen g\u00e4ngigen Messenger in 1. Verwenden Sie praktischen Vorlagen, um mit wenigen Klicks ein Chat-Widget einbauen!","og_url":"https:\/\/elfsight.com\/de\/all-in-one-chat-widget\/examples\/","og_site_name":"Elfsight DE","article_modified_time":"2020-10-14T15:35:12+00:00","twitter_card":"summary_large_image","twitter_misc":{"Gesch\u00e4tzte Lesezeit":"3\u00a0Minuten"},"schema":{"@context":"https:\/\/schema.org","@graph":[{"@type":"WebPage","@id":"https:\/\/elfsight.com\/de\/all-in-one-chat-widget\/examples\/","url":"https:\/\/elfsight.com\/de\/all-in-one-chat-widget\/examples\/","name":"Multi-Messenger - Beste Beispiele All-in-One-Chat [2025]","isPartOf":{"@id":"https:\/\/elfsight.com\/de\/#website"},"datePublished":"2020-06-30T11:01:08+00:00","dateModified":"2020-10-14T15:35:12+00:00","description":"Beste Beispiele f\u00fcr Live-Chat mit allen g\u00e4ngigen Messenger in 1. Verwenden Sie praktischen Vorlagen, um mit wenigen Klicks ein Chat-Widget einbauen!","breadcrumb":{"@id":"https:\/\/elfsight.com\/de\/all-in-one-chat-widget\/examples\/#breadcrumb"},"inLanguage":"de","potentialAction":[{"@type":"ReadAction","target":["https:\/\/elfsight.com\/de\/all-in-one-chat-widget\/examples\/"]}]},{"@type":"BreadcrumbList","@id":"https:\/\/elfsight.com\/de\/all-in-one-chat-widget\/examples\/#breadcrumb","itemListElement":[{"@type":"ListItem","position":1,"name":"Home","item":"https:\/\/elfsight.com\/de\/"},{"@type":"ListItem","position":2,"name":"All-in-One Chat","item":"https:\/\/elfsight.com\/de\/all-in-one-chat-widget\/"},{"@type":"ListItem","position":3,"name":"All-in-One Chat &#8211; Examples"}]},{"@type":"WebSite","@id":"https:\/\/elfsight.com\/de\/#website","url":"https:\/\/elfsight.com\/de\/","name":"Elfsight DE","description":"Just another Elfsight Sites site","potentialAction":[{"@type":"SearchAction","target":{"@type":"EntryPoint","urlTemplate":"https:\/\/elfsight.com\/de\/?s={search_term_string}"},"query-input":{"@type":"PropertyValueSpecification","valueRequired":true,"valueName":"search_term_string"}}],"inLanguage":"de"}]}},"meta_box":{"industry":"","seo_heading":"","heading":"","description":"","cta_heading":"","cta_description":"","application":"510","h1":"Beispiele f\u00fcr Multi-Messenger auf Ihrer Website","h1_caption":"","application_category":[],"applications_title":"","applications_request_title":"","applications_request_button_text":"","hero_text":"","hero_video":"","hero_video_schema_markup":"","selling_points_title":"","selling_points_caption":"","selling_points":[],"selling_points_cta_text":"","features_title":"","features":"","ed_cta_examples_text":"","ed_cta_examples_hidden":"","ed_cta_demo_text":"","ed_cta_demo_hidden":"","why_caption":"","why_editor_title":"","why_editor_text":"","why_team_title":"","why_team_text":"","why_service_title":"","why_service_text":"","template_catalog_visible":"","template_catalog_title":"","template_catalog_text":"","template_catalog_categories_visible":"","demo_title":"","demo_caption":"","default_faq_hidden":"","app_template_category":[],"platform":"","template_public_id":"","codecanyon_url":"","codecanyon_item_id":"","codecanyon_price":"","pricing_caption":"","pricing_elfsight_apps_hide_column":"","pricing_elfsight_apps_url":"","pricing_codecanyon_price_caption":"","integration_category":[],"integration_request_title":"","integration_request_cta":"","integration_platform":"","integrations":[],"platform_category":[],"video_schema_markup":"","price":"","trial":"","benefits":[],"button_url":"","button_target_blank":"","button_nofollow":"","attributes":[],"tags":[],"tags_disable_links":"","hide_more_platforms":"","video_object":"","demo_hide_cta":"","demo_hide_cloud_options":"","pricing_title":"","pricing":[],"related_apps_title":"","related_apps_hidden":"","author":"","image":[],"title":"","job":"","social_networks":[]},"_links":{"self":[{"href":"https:\/\/elfsight.com\/de\/wp-json\/wp\/v2\/pages\/1246","targetHints":{"allow":["GET"]}}],"collection":[{"href":"https:\/\/elfsight.com\/de\/wp-json\/wp\/v2\/pages"}],"about":[{"href":"https:\/\/elfsight.com\/de\/wp-json\/wp\/v2\/types\/page"}],"author":[{"embeddable":true,"href":"https:\/\/elfsight.com\/de\/wp-json\/wp\/v2\/users\/11"}],"replies":[{"embeddable":true,"href":"https:\/\/elfsight.com\/de\/wp-json\/wp\/v2\/comments?post=1246"}],"version-history":[{"count":6,"href":"https:\/\/elfsight.com\/de\/wp-json\/wp\/v2\/pages\/1246\/revisions"}],"predecessor-version":[{"id":1262,"href":"https:\/\/elfsight.com\/de\/wp-json\/wp\/v2\/pages\/1246\/revisions\/1262"}],"up":[{"embeddable":true,"href":"https:\/\/elfsight.com\/de\/wp-json\/wp\/v2\/pages\/1238"}],"wp:attachment":[{"href":"https:\/\/elfsight.com\/de\/wp-json\/wp\/v2\/media?parent=1246"}],"curies":[{"name":"wp","href":"https:\/\/api.w.org\/{rel}","templated":true}]}}