{"id":1214,"date":"2020-06-25T14:25:20","date_gmt":"2020-06-25T14:25:20","guid":{"rendered":"https:\/\/elfsight.com\/de\/?page_id=1214"},"modified":"2020-09-28T11:51:51","modified_gmt":"2020-09-28T11:51:51","slug":"examples","status":"publish","type":"page","link":"https:\/\/elfsight.com\/de\/slider-widget\/examples\/","title":{"rendered":"Slider &#8211; Examples"},"content":{"rendered":"\n<div class=\"application-examples-item application-examples-item-loading\">\n                            <div class=\"col-row\">\n                                <div class=\"col-6 col-m-8 col-s-12\"><h3 class=\"application-examples-item-title\">Beispiel 1. Blogs<\/h3><div class=\"application-examples-item-description\">Ein Slider ist eine neue M\u00f6glichkeit, Blog-Artikel darzustellen, die Sie auf der Website ver\u00f6ffentlichen, oder eine vorgestellte Spalte eines Magazins oder einer Zeitung zu bewerben. Stilvolles Hintergrundbild mit Zoomeffekt. Textelemente der Folie haben alle unterschiedliche Schriftgr\u00f6\u00dfen, wodurch Folien strukturiert und dynamisch aussehen.<\/div><\/div>\n                <\/div>\n\n                <div class=\"application-examples-item-iframe-container browser-frame\">\n                    <div class=\"application-examples-item-iframe-wrapper\">\n                        <iframe class=\"application-examples-item-iframe\" data-src=\"https:\/\/elfsight.com\/examples?widget_id=ba5823ef-c712-4080-a09e-2399aef67d53&padding=28px+0+28px+0\" width=\"100%\" allow=\"autoplay; fullscreen\"><\/iframe>\n                    <\/div>\n\n                    <div class=\"application-examples-item-loader\"><\/div>\n                <\/div>\n            <\/div>\n\n\n<div class=\"application-examples-item application-examples-item-loading\">\n                            <div class=\"col-row\">\n                                <div class=\"col-6 col-m-8 col-s-12\"><h3 class=\"application-examples-item-title\">Example 2: Fitness Slider<\/h3><div class=\"application-examples-item-description\">Wenn Sie die Innenr\u00e4ume Ihres Hauses in allen Details zeigen oder den Benutzern einen genaueren Blick auf Ihre Produkte oder Dienstleistungen erm\u00f6glichen m\u00f6chten, gibt es nichts Besseres als eine Sammlung attraktiver Fotos. Laden Sie einfach Ihre Fotos hoch und stellen Sie die Funktion \u201eAutomatische Drehung\u201c ein.<\/div><\/div>\n                <\/div>\n\n                <div class=\"application-examples-item-iframe-container browser-frame\">\n                    <div class=\"application-examples-item-iframe-wrapper\">\n                        <iframe class=\"application-examples-item-iframe\" data-src=\"https:\/\/elfsight.com\/examples?widget_id=8dfb12fb-b823-4046-95ef-8c66953eec5d&padding=28px+0+28px+0\" width=\"100%\" allow=\"autoplay; fullscreen\"><\/iframe>\n                    <\/div>\n\n                    <div class=\"application-examples-item-loader\"><\/div>\n                <\/div>\n            <\/div>\n<div class=\"application-examples-item application-examples-item-loading\">\n                            <div class=\"col-row\">\n                                <div class=\"col-6 col-m-8 col-s-12\"><h3 class=\"application-examples-item-title\">Example 3: Online Essen Bestellen<\/h3><div class=\"application-examples-item-description\">Haben Sie benutzerdefinierte Banner, die f\u00fcr Ihre Sonderangebote und vorgestellten Produkte werben? F\u00fcgen Sie sie einfach dem Schieberegler hinzu und kein Besucher wird sie vermissen! Dies ist eine perfekte M\u00f6glichkeit, durch Werbung neue Verk\u00e4ufe anzuziehen. Miniaturansichten dienen als Navigationselemente. Benutzer k\u00f6nnen darauf klicken, um zwischen den Folien zu wechseln.<\/div><\/div>\n                <\/div>\n\n                <div class=\"application-examples-item-iframe-container browser-frame\">\n                    <div class=\"application-examples-item-iframe-wrapper\">\n                        <iframe class=\"application-examples-item-iframe\" data-src=\"https:\/\/elfsight.com\/examples?widget_id=e7967712-e104-4c53-897d-f47f7c1c4ce0&padding=28px+0+28px+0\" width=\"100%\" allow=\"autoplay; fullscreen\"><\/iframe>\n                    <\/div>\n\n                    <div class=\"application-examples-item-loader\"><\/div>\n                <\/div>\n            <\/div>\n\n\n<div class=\"application-examples-item application-examples-item-loading\">\n                            <div class=\"col-row\">\n                                <div class=\"col-6 col-m-8 col-s-12\"><h3 class=\"application-examples-item-title\">Beispiel 4. Mode<\/h3><div class=\"application-examples-item-description\">Ziehen Sie mehr Benutzer an, indem Sie im Schieberegler Verk\u00e4ufe und Rabatte ank\u00fcndigen. W\u00e4hlen Sie stilvolle Fotos und schreiben Sie motivierende Texte, die die Benutzer dazu bringen, Ihre Angebote zu \u00fcberpr\u00fcfen. Und hier funktioniert die CTA-Schaltfl\u00e4che am besten - verkn\u00fcpfen Sie sie mit der richtigen Seite und steigern Sie Ihren Umsatz!<\/div><\/div>\n                <\/div>\n\n                <div class=\"application-examples-item-iframe-container browser-frame\">\n                    <div class=\"application-examples-item-iframe-wrapper\">\n                        <iframe class=\"application-examples-item-iframe\" data-src=\"https:\/\/elfsight.com\/examples?widget_id=46e6024e-fee8-45d9-b1b4-8f796f5f8018&padding=28px+0+28px+0\" width=\"100%\" allow=\"autoplay; fullscreen\"><\/iframe>\n                    <\/div>\n\n                    <div class=\"application-examples-item-loader\"><\/div>\n                <\/div>\n            <\/div>\n<div class=\"application-examples-item application-examples-item-loading\">\n                            <div class=\"col-row\">\n                                <div class=\"col-6 col-m-8 col-s-12\"><h3 class=\"application-examples-item-title\">Beispiel 5. Produkte<\/h3><div class=\"application-examples-item-description\">Pr\u00e4sentieren Sie Ihre Angebote! Mit dem Schieberegler auf Ihrer Website k\u00f6nnen Sie ganz einfach die besten Funktionen Ihrer Produkte oder Dienstleistungen visualisieren. Der Parallaxeeffekt des Sliders l\u00e4sst sie cool und auff\u00e4llig aussehen! Sie k\u00f6nnen das Layout von Text und Bild f\u00fcr jede Folie \u00e4ndern und sogar die Position des Inhalts manuell festlegen, um ein optimales Erscheinungsbild zu erzielen.<\/div><\/div>\n                <\/div>\n\n                <div class=\"application-examples-item-iframe-container browser-frame\">\n                    <div class=\"application-examples-item-iframe-wrapper\">\n                        <iframe class=\"application-examples-item-iframe\" data-src=\"https:\/\/elfsight.com\/examples?widget_id=4395b7f9-800c-4b3c-aacd-7bfc7ad546d7&padding=28px+0+28px+0\" width=\"100%\" allow=\"autoplay; fullscreen\"><\/iframe>\n                    <\/div>\n\n                    <div class=\"application-examples-item-loader\"><\/div>\n                <\/div>\n            <\/div>\n\n<div class=\"application-examples-item application-examples-item-loading\">\n                            <div class=\"col-row\">\n                                <div class=\"col-6 col-m-8 col-s-12\"><h3 class=\"application-examples-item-title\">Beispiel 6. Speisekarte<\/h3><div class=\"application-examples-item-description\">Lassen Sie Ihre Restaurant- oder Caf\u00e9k\u00fcche unwiderstehlich aussehen! Benutzer bestellen gerne, wenn Fotos Ihrer leckeren Gerichte auffallen. Sie k\u00f6nnen alle Fotos auf einem Themenhintergrund platzieren, damit die Gerichte wie im echten Leben aussehen.<\/div><\/div>\n                <\/div>\n\n                <div class=\"application-examples-item-iframe-container browser-frame\">\n                    <div class=\"application-examples-item-iframe-wrapper\">\n                        <iframe class=\"application-examples-item-iframe\" data-src=\"https:\/\/elfsight.com\/examples?widget_id=09a8fe64-92d0-4e28-9600-dac0f08792a9&padding=28px+0+28px+0\" width=\"100%\" allow=\"autoplay; fullscreen\"><\/iframe>\n                    <\/div>\n\n                    <div class=\"application-examples-item-loader\"><\/div>\n                <\/div>\n            <\/div>\n\n\n<div class=\"application-examples-item application-examples-item-loading\">\n                            <div class=\"col-row\">\n                                <div class=\"col-6 col-m-8 col-s-12\"><h3 class=\"application-examples-item-title\">Beispiel 7. Buchung<\/h3><div class=\"application-examples-item-description\">Installieren Sie einen Schieberegler auf Ihrer Website, um Kundenreferenzen anzuzeigen oder die Funktionen Ihrer Angebote zu beschreiben. Sie k\u00f6nnen Navigationselemente innerhalb oder au\u00dferhalb des Schiebereglers platzieren und die Ausrichtung ausw\u00e4hlen.<\/div><\/div>\n                <\/div>\n\n                <div class=\"application-examples-item-iframe-container browser-frame\">\n                    <div class=\"application-examples-item-iframe-wrapper\">\n                        <iframe class=\"application-examples-item-iframe\" data-src=\"https:\/\/elfsight.com\/examples?widget_id=ff36e138-3274-4cc2-abbc-41bc356ea407&padding=28px+0+28px+0\" width=\"100%\" allow=\"autoplay; fullscreen\"><\/iframe>\n                    <\/div>\n\n                    <div class=\"application-examples-item-loader\"><\/div>\n                <\/div>\n            <\/div>\n\n<div class=\"application-examples-item application-examples-item-loading\">\n                            <div class=\"col-row\">\n                                <div class=\"col-6 col-m-8 col-s-12\"><h3 class=\"application-examples-item-title\">Beispiel 8. Saisonaler Verkauf<\/h3><div class=\"application-examples-item-description\">Black Friday, Christmas Sale oder einen anderen tollen Verkauf ank\u00fcndigen? Das Slider-Widget hilft Ihnen beim Erstellen von Verkaufsbannern! F\u00fcgen Sie eines CTA-Buttons hinzu, damit Benutzer schneller einkaufen k\u00f6nnen. Ihr Schieberegler sieht auf allen Ger\u00e4ten perfekt aus - Sie k\u00f6nnen ihn direkt im Editor \u00fcberpr\u00fcfen.<\/div><\/div>\n                <\/div>\n\n                <div class=\"application-examples-item-iframe-container browser-frame\">\n                    <div class=\"application-examples-item-iframe-wrapper\">\n                        <iframe class=\"application-examples-item-iframe\" data-src=\"https:\/\/elfsight.com\/examples?widget_id=b7d8dc16-65b0-4da1-b8f7-6be537c384c5&padding=28px+0+28px+0\" width=\"100%\" allow=\"autoplay; fullscreen\"><\/iframe>\n                    <\/div>\n\n                    <div class=\"application-examples-item-loader\"><\/div>\n                <\/div>\n            <\/div>\n<!--[application_example title=\"Beispiel 9. Video\" description=\"Denken Sie, ein Schieberegler ist keine gute M\u00f6glichkeit, Videos anzuzeigen? Dann \u00fcberpr\u00fcfen Sie einfach dieses Beispiel. Es ist eine perfekte Kombination von Elementen, mit der Benutzer das Video \u00fcberpr\u00fcfen und direkt dort Tickets kaufen k\u00f6nnen. Sie k\u00f6nnen auch einen Schieberegler mit schrittweisen Videos-Anweisungen erstellen. Benutzer k\u00f6nnen dank Miniaturansichten sehen, was als n\u00e4chstes kommt, und mit einem Klick vorw\u00e4rts oder r\u00fcckw\u00e4rts gehen.\" padding=\"28px 0 28px 0\" link=\"https:\/\/elfsight.com\/examples?widget_id=743aa673-28e9-475d-9fa8-6b2646464880\"]-->\n","protected":false},"excerpt":{"rendered":"","protected":false},"author":11,"featured_media":0,"parent":1195,"menu_order":0,"comment_status":"closed","ping_status":"closed","template":"templates\/template-application-examples.php","meta":{"publish_to_discourse":"","publish_post_category":"","wpdc_auto_publish_overridden":"","wpdc_topic_tags":"","wpdc_pin_topic":"","wpdc_pin_until":"","discourse_post_id":"","discourse_permalink":"","wpdc_publishing_response":"","wpdc_publishing_error":"","footnotes":""},"class_list":["post-1214","page","type-page","status-publish","hentry"],"yoast_head":"<!-- This site is optimized with the Yoast SEO plugin v25.3.1 - https:\/\/yoast.com\/wordpress\/plugins\/seo\/ -->\n<title>TOP 9 Video &amp; Image Slider Widget Beispiele (im Jahr 2025)<\/title>\n<meta name=\"description\" content=\"Die besten Vorlagen f\u00fcr das Foto &amp; Video Slider-Widget f\u00fcr Ihre Website. Betten Sie das Plugin mit wenigen Klicks ein. Kostenlose Installationshilfe.\" \/>\n<meta name=\"robots\" content=\"index, follow, max-snippet:-1, max-image-preview:large, max-video-preview:-1\" \/>\n<link rel=\"canonical\" href=\"https:\/\/elfsight.com\/de\/slider-widget\/examples\/\" \/>\n<meta property=\"og:locale\" content=\"de_DE\" \/>\n<meta property=\"og:type\" content=\"article\" \/>\n<meta property=\"og:title\" content=\"TOP 9 Video &amp; Image Slider Widget Beispiele (im Jahr 2025)\" \/>\n<meta property=\"og:description\" content=\"Die besten Vorlagen f\u00fcr das Foto &amp; Video Slider-Widget f\u00fcr Ihre Website. Betten Sie das Plugin mit wenigen Klicks ein. Kostenlose Installationshilfe.\" \/>\n<meta property=\"og:url\" content=\"https:\/\/elfsight.com\/de\/slider-widget\/examples\/\" \/>\n<meta property=\"og:site_name\" content=\"Elfsight DE\" \/>\n<meta property=\"article:modified_time\" content=\"2020-09-28T11:51:51+00:00\" \/>\n<meta name=\"twitter:card\" content=\"summary_large_image\" \/>\n<meta name=\"twitter:label1\" content=\"Gesch\u00e4tzte Lesezeit\" \/>\n\t<meta name=\"twitter:data1\" content=\"3\u00a0Minuten\" \/>\n<!-- \/ Yoast SEO plugin. -->","yoast_head_json":{"title":"TOP 9 Video & Image Slider Widget Beispiele (im Jahr 2025)","description":"Die besten Vorlagen f\u00fcr das Foto & Video Slider-Widget f\u00fcr Ihre Website. Betten Sie das Plugin mit wenigen Klicks ein. Kostenlose Installationshilfe.","robots":{"index":"index","follow":"follow","max-snippet":"max-snippet:-1","max-image-preview":"max-image-preview:large","max-video-preview":"max-video-preview:-1"},"canonical":"https:\/\/elfsight.com\/de\/slider-widget\/examples\/","og_locale":"de_DE","og_type":"article","og_title":"TOP 9 Video & Image Slider Widget Beispiele (im Jahr 2025)","og_description":"Die besten Vorlagen f\u00fcr das Foto & Video Slider-Widget f\u00fcr Ihre Website. Betten Sie das Plugin mit wenigen Klicks ein. Kostenlose Installationshilfe.","og_url":"https:\/\/elfsight.com\/de\/slider-widget\/examples\/","og_site_name":"Elfsight DE","article_modified_time":"2020-09-28T11:51:51+00:00","twitter_card":"summary_large_image","twitter_misc":{"Gesch\u00e4tzte Lesezeit":"3\u00a0Minuten"},"schema":{"@context":"https:\/\/schema.org","@graph":[{"@type":"WebPage","@id":"https:\/\/elfsight.com\/de\/slider-widget\/examples\/","url":"https:\/\/elfsight.com\/de\/slider-widget\/examples\/","name":"TOP 9 Video & Image Slider Widget Beispiele (im Jahr 2025)","isPartOf":{"@id":"https:\/\/elfsight.com\/de\/#website"},"datePublished":"2020-06-25T14:25:20+00:00","dateModified":"2020-09-28T11:51:51+00:00","description":"Die besten Vorlagen f\u00fcr das Foto & Video Slider-Widget f\u00fcr Ihre Website. Betten Sie das Plugin mit wenigen Klicks ein. Kostenlose Installationshilfe.","breadcrumb":{"@id":"https:\/\/elfsight.com\/de\/slider-widget\/examples\/#breadcrumb"},"inLanguage":"de","potentialAction":[{"@type":"ReadAction","target":["https:\/\/elfsight.com\/de\/slider-widget\/examples\/"]}]},{"@type":"BreadcrumbList","@id":"https:\/\/elfsight.com\/de\/slider-widget\/examples\/#breadcrumb","itemListElement":[{"@type":"ListItem","position":1,"name":"Home","item":"https:\/\/elfsight.com\/de\/"},{"@type":"ListItem","position":2,"name":"Slider","item":"https:\/\/elfsight.com\/de\/slider-widget\/"},{"@type":"ListItem","position":3,"name":"Slider &#8211; Examples"}]},{"@type":"WebSite","@id":"https:\/\/elfsight.com\/de\/#website","url":"https:\/\/elfsight.com\/de\/","name":"Elfsight DE","description":"Just another Elfsight Sites site","potentialAction":[{"@type":"SearchAction","target":{"@type":"EntryPoint","urlTemplate":"https:\/\/elfsight.com\/de\/?s={search_term_string}"},"query-input":{"@type":"PropertyValueSpecification","valueRequired":true,"valueName":"search_term_string"}}],"inLanguage":"de"}]}},"meta_box":{"industry":"","seo_heading":"","heading":"","description":"","cta_heading":"","cta_description":"","application":"494","h1":"Beispiele f\u00fcr Slider Widget","h1_caption":"Beste Vorlagen des Slider Widgets von Elfsight.","application_category":[],"applications_title":"","applications_request_title":"","applications_request_button_text":"","hero_text":"","hero_video":"","hero_video_schema_markup":"","selling_points_title":"","selling_points_caption":"","selling_points":[],"selling_points_cta_text":"","features_title":"","features":"","ed_cta_examples_text":"","ed_cta_examples_hidden":"","ed_cta_demo_text":"","ed_cta_demo_hidden":"","why_caption":"","why_editor_title":"","why_editor_text":"","why_team_title":"","why_team_text":"","why_service_title":"","why_service_text":"","template_catalog_visible":"","template_catalog_title":"","template_catalog_text":"","template_catalog_categories_visible":"","demo_title":"","demo_caption":"","default_faq_hidden":"","app_template_category":[],"platform":"","template_public_id":"","codecanyon_url":"","codecanyon_item_id":"","codecanyon_price":"","pricing_caption":"","pricing_elfsight_apps_hide_column":"","pricing_elfsight_apps_url":"","pricing_codecanyon_price_caption":"","integration_category":[],"integration_request_title":"","integration_request_cta":"","integration_platform":"","integrations":[],"platform_category":[],"video_schema_markup":"","price":"","trial":"","benefits":[],"button_url":"","button_target_blank":"","button_nofollow":"","attributes":[],"tags":[],"tags_disable_links":"","hide_more_platforms":"","video_object":"","demo_hide_cta":"","demo_hide_cloud_options":"","pricing_title":"","pricing":[],"related_apps_title":"","related_apps_hidden":"","author":"","image":[],"title":"","job":"","social_networks":[]},"_links":{"self":[{"href":"https:\/\/elfsight.com\/de\/wp-json\/wp\/v2\/pages\/1214","targetHints":{"allow":["GET"]}}],"collection":[{"href":"https:\/\/elfsight.com\/de\/wp-json\/wp\/v2\/pages"}],"about":[{"href":"https:\/\/elfsight.com\/de\/wp-json\/wp\/v2\/types\/page"}],"author":[{"embeddable":true,"href":"https:\/\/elfsight.com\/de\/wp-json\/wp\/v2\/users\/11"}],"replies":[{"embeddable":true,"href":"https:\/\/elfsight.com\/de\/wp-json\/wp\/v2\/comments?post=1214"}],"version-history":[{"count":5,"href":"https:\/\/elfsight.com\/de\/wp-json\/wp\/v2\/pages\/1214\/revisions"}],"predecessor-version":[{"id":1224,"href":"https:\/\/elfsight.com\/de\/wp-json\/wp\/v2\/pages\/1214\/revisions\/1224"}],"up":[{"embeddable":true,"href":"https:\/\/elfsight.com\/de\/wp-json\/wp\/v2\/pages\/1195"}],"wp:attachment":[{"href":"https:\/\/elfsight.com\/de\/wp-json\/wp\/v2\/media?parent=1214"}],"curies":[{"name":"wp","href":"https:\/\/api.w.org\/{rel}","templated":true}]}}