{"id":118,"date":"2020-02-12T11:35:05","date_gmt":"2020-02-12T11:35:05","guid":{"rendered":"https:\/\/elfsight.com\/de\/?page_id=118"},"modified":"2020-09-28T10:45:40","modified_gmt":"2020-09-28T10:45:40","slug":"features","status":"publish","type":"page","link":"https:\/\/elfsight.com\/de\/youtube-channel-plugin-yottie\/features\/","title":{"rendered":"YouTube Gallery &#8211; Features"},"content":{"rendered":"\n<section class=\"application-features-group section\" id=\"content\">\n                    <div class=\"inner\">\n                        <div class=\"col-row\">\n                            <div class=\"col-6 col-offset-3 col-m-12 col-m-offset-0\"><\/p>\n<h3>3 Arten von YouTube Quellen unterst\u00fctzt<\/h3>\n<p>Teilen Sie alle YouTube-Videos, Kanal oder Playlists. Oder erstellen Sie neuen und einzigartigen Playlist aus verschiedenen Kan\u00e4len. Es gibt keine Begrenzung f\u00fcr die Anzahl und Arten der Quellen. F\u00fcgen Sie einfach die gew\u00fcnschte URL ein und das Video wird auf der Website angezeigt.<\/p>\n<p><div class=\"post-row col-row\"><br><div class=\"col-12 col-offset-0 col-m-12 col-m-offset-0\"><\/p>\n<figure><img decoding=\"async\" src=\"https:\/\/elfsight.com\/wp-content\/uploads\/2018\/08\/youtube-gallery-features-content-1.jpg\" alt=\"\"><\/figure>\n<p><\/div><br><\/div><\/p>\n<h3>Praktisch und elegant Playlisten<\/h3>\n<p>Einfach zu navigierende Playlisten helfen Sie Videos zu organisieren. Erstellen Sie so viele Gruppen, wie Sie m\u00f6chten. Benennen Sie sie, f\u00fcgen Sie Tags hinzu: Organisieren Sie alles, um die Navigation f\u00fcr Benutzer zu vereinfachen.<\/p>\n<p><div class=\"tip-yellow tip\"><br><strong>Tipp:<\/strong> Versuchen Sie nicht, Videos in einem Flow zu zeigen. Es ist besser, nur gut organisierte Inhalte f\u00fcr Benutzer anzuzeigen.<br><\/div><\/p>\n<figure><img decoding=\"async\" src=\"https:\/\/elfsight.com\/wp-content\/uploads\/2018\/08\/youtube-gallery-features-content-2.jpg\" alt=\"\"><\/figure>\n<p><\/div>\n                        <\/div>\n                    <\/div>\n\n                    <div class=\"application-features-group-title\">Content<\/div>\n                <\/section>\n<section class=\"application-cta-ed\">\n                    <div class=\"inner\">\n                        <div class=\"col-row\">\n                            <div class=\"col-6 col-m-12\">\n                                <div class=\"application-cta-ed-item-examples application-cta-ed-item\">\n                                    <div class=\"application-cta-ed-item-icon\">\n                                        <svg viewBox=\"0 0 25 25\" width=\"100%\" height=\"100%\">\n                                            <use xlink:href=\"#icon-desktop\"><\/use>\n                                        <\/svg>\n                                    <\/div>\n\n                                    <div class=\"application-cta-ed-item-content\">\n                                        <div class=\"application-cta-ed-item-content-title\">Anwendungsbeispiele<\/div>\n\n                                        <div class=\"application-cta-ed-item-content-text\">Sehen Sie echte Beispiele an, um das volle Potenzial von  f\u00fcr Ihre Website zu entdecken.\n                                        <\/div>\n\n                                        <a class=\"button-48 button-purple button\" href=\"\">In Aktion sehen<\/a>\n                                    <\/div>\n                                <\/div>\n                            <\/div>\n                            <div class=\"col-6 col-m-12\">\n                                <div class=\"application-cta-ed-item-demo application-cta-ed-item\">\n                                    <div class=\"application-cta-ed-item-icon\">\n                                        <svg viewBox=\"0 0 25 25\" width=\"100%\" height=\"100%\">\n                                            <use xlink:href=\"#icon-settings\"><\/use>\n                                        <\/svg>\n                                    <\/div>\n\n                                    <div class=\"application-cta-ed-item-content\">\n                                        <div class=\"application-cta-ed-item-content-title\">Live-Demo<\/div>\n\n                                        <div class=\"application-cta-ed-item-content-text\">Probieren Sie alle Funktionen von  in Live-Demo aus. Keine Zahlung, Keine Registration. Keine Codierung.\n                                        <\/div>\n\n                                        <a class=\"button-48 button-magenta button\" href=\"#demo\" data-nav-scroll-to=\"demo\">Jetzt testen<\/a>\n                                    <\/div>\n                                <\/div>\n                            <\/div>\n                        <\/div>\n                    <\/div>\n                <\/section>\n<section class=\"application-features-group section\" style=\"background-color:#fafafa;\" id=\"design\">\n                    <div class=\"inner\">\n                        <div class=\"col-row\">\n                            <div class=\"col-6 col-offset-3 col-m-12 col-m-offset-0\"><\/p>\n<h3>3 Video-Vorschau-Layout<\/h3>\n<p>Unser YouTube Plugin bietet 3 gro\u00dfartige Layouts f\u00fcr Video-Vorschauen: Klassische, Kino und Horizontale Layouts. Zeigen Sie Videos an, wie Sie m\u00f6chten. Sie k\u00f6nnen auch eine After-Klick-Video Funktion steuern. Nachdem der Benutzer auf diesem Video klicken wird, kann der Spieler auf drei verschiedene Arten angezeigt werden: im Popup-Modus, im neuen YouTube-Fenster oder einfach im Vorschaufenster angezeigt.<\/p>\n<p><div class=\"post-row col-row\"><br><div class=\"col-12 col-offset-0 col-m-12 col-m-offset-0\"><\/p>\n<figure><img decoding=\"async\" src=\"https:\/\/elfsight.com\/wp-content\/uploads\/2018\/08\/youtube-gallery-features-design-1.jpg\" alt=\"\"><\/figure>\n<p><\/div><br><\/div><\/p>\n<h3>Beeindruckende Pop-Up<\/h3>\n<p>Im praktischen Pop-Up Modus k\u00f6nnen Sie alle 12 umschaltbaren Elemente ein- oder ausblenden. Zeige nur das Video oder enth\u00fclle alle Informationen wie auf der YouTube Seite: Kommentare, View-Z\u00e4hler und vieles mehr.<\/p>\n<figure><img decoding=\"async\" src=\"https:\/\/elfsight.com\/wp-content\/uploads\/2018\/08\/youtube-gallery-features-design-2.jpg\" alt=\"\"><\/figure>\n<h3>Flexibler Header mit maximalen Optionen<\/h3>\n<p>Mit dem YouTube Gallery Plugin haben Sie drei Header-Layouts: Klassisch, Akzent und Minimal. Jetzt k\u00f6nnen Sie w\u00e4hlen, welche Informationen in der Header angezeigt werden. Dar\u00fcber hinaus gibt es die M\u00f6glichkeit, Informationen zu gestalten, wie Sie m\u00f6chten. Sie k\u00f6nnen benutzerdefinierte Kanal Name, Beschreibung, Banner und Logo erstellen. Wenn Sie keinen Header auf der Webseite ben\u00f6tigen, blenden Sie ihn einfach aus.<\/p>\n<figure><img decoding=\"async\" src=\"https:\/\/elfsight.com\/wp-content\/uploads\/2018\/08\/youtube-gallery-features-design-3.jpg\" alt=\"\"><\/figure>\n<p><\/div>\n                        <\/div>\n                    <\/div>\n\n                    <div class=\"application-features-group-title\">Design<\/div>\n                <\/section>\n<section class=\"application-features-group section\" id=\"layout\">\n                    <div class=\"inner\">\n                        <div class=\"col-row\">\n                            <div class=\"col-6 col-offset-3 col-m-12 col-m-offset-0\"><\/p>\n<h3>Ordnen Sie Ihre Inhalte in flexible Grid<\/h3>\n<p>Mit der Elfsight YouTube-Galerie k\u00f6nnen Sie Ihre Inhalte nach Ihren W\u00fcnschen gestalten.\n\u00c4ndern Grid-Einstellungen: w\u00e4hlen Sie die Anzahl der Spalten, Zeilen und den Abstand zwischen ihnen. \nChange Grid settings: choose the number of columns and rows, as well changing the gutter space. Dies wird helfen, das Widget in jede gew\u00fcnschte Gr\u00f6\u00dfe zu integrieren.<\/p>\n<p><div class=\"tip-yellow tip\"><br><strong>Tipp:<\/strong> Wenn Sie m\u00f6chten, Videos als Liste anzuzeigen, empfehlen wir nur eine Spalte in der Grid zu setzen. Wenn Sie eine gro\u00dfe Anzahl von Videos haben, aber wenig Platz auf der Website, verwenden Sie horizontales Layout mit Miniaturansicht.<br><\/div><\/p>\n<p><div class=\"post-row col-row\"><br><div class=\"col-12 col-offset-0 col-m-12 col-m-offset-0\"><\/p>\n<figure><img decoding=\"async\" src=\"https:\/\/elfsight.com\/wp-content\/uploads\/2018\/08\/youtube-gallery-features-layout-1.jpg\" alt=\"\"><\/figure>\n<p><\/div><br><\/div><\/p>\n<h3>Passen Sie die Gr\u00f6\u00dfe des Widgets<\/h3>\n<p>Wir entwickeln unsere Widget, um Sie Video mit allen m\u00f6glichen Gr\u00f6\u00dfenanforderungen einbinden. Die Breite des Widgets anpassen, nur den Wert in der Box Einstellung. Wie f\u00fcr mobile Ger\u00e4te &#8211; unser Widget ist f\u00fcr Mobilger\u00e4te optimiert.<\/p>\n<p><div class=\"post-row col-row\"><br><div class=\"col-12 col-offset-0 col-m-12 col-m-offset-0\"><\/p>\n<figure><img decoding=\"async\" src=\"https:\/\/elfsight.com\/wp-content\/uploads\/2018\/08\/youtube-gallery-features-layout-2.jpg\" alt=\"\"><\/figure>\n<p><\/div><br><\/div><\/p>\n<h3>Viele Navigationstasten<\/h3>\n<p>In Elfsight YouTube Gallery Widget Sie aus 4 Navigationstasten w\u00e4hlen: Pfeile, ziehen, paginieren und scrollen. Dar\u00fcber hinaus haben Sie weitere Einstellungen wie automatisches Scrollen, horizontales \/ vertikales Scrollen und andere Animationseffekte.<\/p>\n<p><div class=\"post-row col-row\"><br><div class=\"col-12 col-offset-0 col-m-12 col-m-offset-0\"><\/p>\n<figure><img decoding=\"async\" src=\"https:\/\/elfsight.com\/wp-content\/uploads\/2018\/08\/youtube-gallery-features-layout-3.jpg\" alt=\"\"><\/figure>\n<p><\/div><br><\/div><\/p>\n<h3>10+ Sprachen<\/h3>\n<p>Das Elfsight Team hat unser Widget in die 18 am weitesten verbreiteten Sprachen \u00fcbersetzt. Sie k\u00f6nnen die Sprache leicht anwenden Sie brauchen.<\/p>\n<p><div class=\"post-row col-row\"><br><div class=\"col-12 col-offset-0 col-m-12 col-m-offset-0\"><\/p>\n<figure><img decoding=\"async\" src=\"https:\/\/elfsight.com\/wp-content\/uploads\/2018\/08\/youtube-gallery-features-layout-4.jpg\" alt=\"\"><\/figure>\n<p><\/div><br><\/div><\/p>\n<p><\/div>\n                        <\/div>\n                    <\/div>\n\n                    <div class=\"application-features-group-title\">Layout<\/div>\n                <\/section>\n<section class=\"application-cta-ed\">\n                    <div class=\"inner\">\n                        <div class=\"col-row\">\n                            <div class=\"col-6 col-m-12\">\n                                <div class=\"application-cta-ed-item-examples application-cta-ed-item\">\n                                    <div class=\"application-cta-ed-item-icon\">\n                                        <svg viewBox=\"0 0 25 25\" width=\"100%\" height=\"100%\">\n                                            <use xlink:href=\"#icon-desktop\"><\/use>\n                                        <\/svg>\n                                    <\/div>\n\n                                    <div class=\"application-cta-ed-item-content\">\n                                        <div class=\"application-cta-ed-item-content-title\">Anwendungsbeispiele<\/div>\n\n                                        <div class=\"application-cta-ed-item-content-text\">Sehen Sie echte Beispiele an, um das volle Potenzial von  f\u00fcr Ihre Website zu entdecken.\n                                        <\/div>\n\n                                        <a class=\"button-48 button-purple button\" href=\"\">In Aktion sehen<\/a>\n                                    <\/div>\n                                <\/div>\n                            <\/div>\n                            <div class=\"col-6 col-m-12\">\n                                <div class=\"application-cta-ed-item-demo application-cta-ed-item\">\n                                    <div class=\"application-cta-ed-item-icon\">\n                                        <svg viewBox=\"0 0 25 25\" width=\"100%\" height=\"100%\">\n                                            <use xlink:href=\"#icon-settings\"><\/use>\n                                        <\/svg>\n                                    <\/div>\n\n                                    <div class=\"application-cta-ed-item-content\">\n                                        <div class=\"application-cta-ed-item-content-title\">Live-Demo<\/div>\n\n                                        <div class=\"application-cta-ed-item-content-text\">Probieren Sie alle Funktionen von  in Live-Demo aus. Keine Zahlung, Keine Registration. Keine Codierung.\n                                        <\/div>\n\n                                        <a class=\"button-48 button-magenta button\" href=\"#demo\" data-nav-scroll-to=\"demo\">Jetzt testen<\/a>\n                                    <\/div>\n                                <\/div>\n                            <\/div>\n                        <\/div>\n                    <\/div>\n                <\/section>\n<section class=\"application-features-group section\" style=\"background-color:#fafafa;\" id=\"style\">\n                    <div class=\"inner\">\n                        <div class=\"col-row\">\n                            <div class=\"col-6 col-offset-3 col-m-12 col-m-offset-0\"><\/p>\n<h3>5 Farbschema <\/h3>\n<p>W\u00e4hlen Sie aus f\u00fcnf gebrauchsfertigen Farbvorlagen und \u00e4ndern Sie den Stil Ihres YouTube Gallery-Plugins. Dunkel, Rot, Tiefblau und mehr &#8211; Sie k\u00f6nnen sie ganz einfach mit einem Klick installieren.<\/p>\n<p><div class=\"post-row col-row\"><br><div class=\"col-12 col-offset-0 col-m-12 col-m-offset-0\"><\/p>\n<figure><img decoding=\"async\" src=\"https:\/\/elfsight.com\/wp-content\/uploads\/2018\/08\/youtube-gallery-features-style-1.jpg\" alt=\"\"><\/figure>\n<p><\/div><br><\/div><\/p>\n<h3>Ihre Farbe f\u00fcr Elemente<\/h3>\n<p>M\u00f6chten Sie ein einzigartiges Widget auf Ihrer Website haben? F\u00fchlen Sie sich frei, alle Elemente zu f\u00e4rben: Header, Gruppen, Inhalt, Video, Popup viele andere. \nFind the most stylish combination of colors to make YouTube gallery even more attractive. Finden Sie die stilvollste Farbkombination, um die YouTube-Galerie noch attraktiver zu machen.<\/p>\n<p><div class=\"post-row col-row\"><br><div class=\"col-12 col-offset-0 col-m-12 col-m-offset-0\"><\/p>\n<figure><img decoding=\"async\" src=\"https:\/\/elfsight.com\/wp-content\/uploads\/2018\/08\/youtube-gallery-features-style-2.jpg\" alt=\"\"><\/figure>\n<p><\/div><br><\/div><\/p>\n<p><\/div>\n                        <\/div>\n                    <\/div>\n\n                    <div class=\"application-features-group-title\">STIL<\/div>\n                <\/section>\n","protected":false},"excerpt":{"rendered":"","protected":false},"author":11,"featured_media":0,"parent":106,"menu_order":0,"comment_status":"closed","ping_status":"closed","template":"templates\/template-application-features.php","meta":{"publish_to_discourse":"","publish_post_category":"","wpdc_auto_publish_overridden":"","wpdc_topic_tags":"","wpdc_pin_topic":"","wpdc_pin_until":"","discourse_post_id":"","discourse_permalink":"","wpdc_publishing_response":"","wpdc_publishing_error":"","footnotes":""},"class_list":["post-118","page","type-page","status-publish","hentry"],"yoast_head":"<!-- This site is optimized with the Yoast SEO plugin v25.3.1 - https:\/\/yoast.com\/wordpress\/plugins\/seo\/ -->\n<title>Elfsight YouTube Video Player f\u00fcr deine Website - Einfach embed<\/title>\n<meta name=\"description\" content=\"Alle Functionen des YouTube Video plug in von Elfsight. Erh\u00f6hen Sie YouTube Aufrufe in ein paar Klicks. Einfach. Ohne Kodierung. Kostenlos.\" \/>\n<meta name=\"robots\" content=\"index, follow, max-snippet:-1, max-image-preview:large, max-video-preview:-1\" \/>\n<link rel=\"canonical\" href=\"https:\/\/elfsight.com\/de\/youtube-channel-plugin-yottie\/features\/\" \/>\n<meta property=\"og:locale\" content=\"de_DE\" \/>\n<meta property=\"og:type\" content=\"article\" \/>\n<meta property=\"og:title\" content=\"Elfsight YouTube Video Player f\u00fcr deine Website - Einfach embed\" \/>\n<meta property=\"og:description\" content=\"Alle Functionen des YouTube Video plug in von Elfsight. Erh\u00f6hen Sie YouTube Aufrufe in ein paar Klicks. Einfach. Ohne Kodierung. Kostenlos.\" \/>\n<meta property=\"og:url\" content=\"https:\/\/elfsight.com\/de\/youtube-channel-plugin-yottie\/features\/\" \/>\n<meta property=\"og:site_name\" content=\"Elfsight DE\" \/>\n<meta property=\"article:modified_time\" content=\"2020-09-28T10:45:40+00:00\" \/>\n<meta property=\"og:image\" content=\"https:\/\/elfsight.com\/wp-content\/uploads\/2018\/08\/youtube-gallery-features-content-1.jpg\" \/>\n<meta name=\"twitter:card\" content=\"summary_large_image\" \/>\n<meta name=\"twitter:label1\" content=\"Gesch\u00e4tzte Lesezeit\" \/>\n\t<meta name=\"twitter:data1\" content=\"4\u00a0Minuten\" \/>\n<!-- \/ Yoast SEO plugin. -->","yoast_head_json":{"title":"Elfsight YouTube Video Player f\u00fcr deine Website - Einfach embed","description":"Alle Functionen des YouTube Video plug in von Elfsight. Erh\u00f6hen Sie YouTube Aufrufe in ein paar Klicks. Einfach. Ohne Kodierung. Kostenlos.","robots":{"index":"index","follow":"follow","max-snippet":"max-snippet:-1","max-image-preview":"max-image-preview:large","max-video-preview":"max-video-preview:-1"},"canonical":"https:\/\/elfsight.com\/de\/youtube-channel-plugin-yottie\/features\/","og_locale":"de_DE","og_type":"article","og_title":"Elfsight YouTube Video Player f\u00fcr deine Website - Einfach embed","og_description":"Alle Functionen des YouTube Video plug in von Elfsight. Erh\u00f6hen Sie YouTube Aufrufe in ein paar Klicks. Einfach. Ohne Kodierung. Kostenlos.","og_url":"https:\/\/elfsight.com\/de\/youtube-channel-plugin-yottie\/features\/","og_site_name":"Elfsight DE","article_modified_time":"2020-09-28T10:45:40+00:00","og_image":[{"url":"https:\/\/elfsight.com\/wp-content\/uploads\/2018\/08\/youtube-gallery-features-content-1.jpg","type":"","width":"","height":""}],"twitter_card":"summary_large_image","twitter_misc":{"Gesch\u00e4tzte Lesezeit":"4\u00a0Minuten"},"schema":{"@context":"https:\/\/schema.org","@graph":[{"@type":"WebPage","@id":"https:\/\/elfsight.com\/de\/youtube-channel-plugin-yottie\/features\/","url":"https:\/\/elfsight.com\/de\/youtube-channel-plugin-yottie\/features\/","name":"Elfsight YouTube Video Player f\u00fcr deine Website - Einfach embed","isPartOf":{"@id":"https:\/\/elfsight.com\/de\/#website"},"primaryImageOfPage":{"@id":"https:\/\/elfsight.com\/de\/youtube-channel-plugin-yottie\/features\/#primaryimage"},"image":{"@id":"https:\/\/elfsight.com\/de\/youtube-channel-plugin-yottie\/features\/#primaryimage"},"thumbnailUrl":"https:\/\/elfsight.com\/wp-content\/uploads\/2018\/08\/youtube-gallery-features-content-1.jpg","datePublished":"2020-02-12T11:35:05+00:00","dateModified":"2020-09-28T10:45:40+00:00","description":"Alle Functionen des YouTube Video plug in von Elfsight. Erh\u00f6hen Sie YouTube Aufrufe in ein paar Klicks. Einfach. Ohne Kodierung. Kostenlos.","breadcrumb":{"@id":"https:\/\/elfsight.com\/de\/youtube-channel-plugin-yottie\/features\/#breadcrumb"},"inLanguage":"de","potentialAction":[{"@type":"ReadAction","target":["https:\/\/elfsight.com\/de\/youtube-channel-plugin-yottie\/features\/"]}]},{"@type":"ImageObject","inLanguage":"de","@id":"https:\/\/elfsight.com\/de\/youtube-channel-plugin-yottie\/features\/#primaryimage","url":"https:\/\/elfsight.com\/wp-content\/uploads\/2018\/08\/youtube-gallery-features-content-1.jpg","contentUrl":"https:\/\/elfsight.com\/wp-content\/uploads\/2018\/08\/youtube-gallery-features-content-1.jpg"},{"@type":"BreadcrumbList","@id":"https:\/\/elfsight.com\/de\/youtube-channel-plugin-yottie\/features\/#breadcrumb","itemListElement":[{"@type":"ListItem","position":1,"name":"Home","item":"https:\/\/elfsight.com\/de\/"},{"@type":"ListItem","position":2,"name":"YouTube Gallery","item":"https:\/\/elfsight.com\/de\/youtube-channel-plugin-yottie\/"},{"@type":"ListItem","position":3,"name":"YouTube Gallery &#8211; Features"}]},{"@type":"WebSite","@id":"https:\/\/elfsight.com\/de\/#website","url":"https:\/\/elfsight.com\/de\/","name":"Elfsight DE","description":"Just another Elfsight Sites site","potentialAction":[{"@type":"SearchAction","target":{"@type":"EntryPoint","urlTemplate":"https:\/\/elfsight.com\/de\/?s={search_term_string}"},"query-input":{"@type":"PropertyValueSpecification","valueRequired":true,"valueName":"search_term_string"}}],"inLanguage":"de"}]}},"meta_box":{"industry":"","seo_heading":"","heading":"","description":"","cta_heading":"","cta_description":"","application":"98","h1":"YouTube Video Widget","h1_caption":"Alle Funktionen des YouTube Video Plugins. Perfekt und mobilfreundlich ohne Codierung.","application_category":[],"applications_title":"","applications_request_title":"","applications_request_button_text":"","hero_text":"","hero_video":"","hero_video_schema_markup":"","selling_points_title":"","selling_points_caption":"","selling_points":[],"selling_points_cta_text":"","features_title":"","features":"","ed_cta_examples_text":"","ed_cta_examples_hidden":"","ed_cta_demo_text":"","ed_cta_demo_hidden":"","why_caption":"","why_editor_title":"","why_editor_text":"","why_team_title":"","why_team_text":"","why_service_title":"","why_service_text":"","template_catalog_visible":"","template_catalog_title":"","template_catalog_text":"","template_catalog_categories_visible":"","demo_title":"","demo_caption":"","default_faq_hidden":"","app_template_category":[],"platform":"","template_public_id":"","codecanyon_url":"","codecanyon_item_id":"","codecanyon_price":"","pricing_caption":"","pricing_elfsight_apps_hide_column":"","pricing_elfsight_apps_url":"","pricing_codecanyon_price_caption":"","integration_category":[],"integration_request_title":"","integration_request_cta":"","integration_platform":"","integrations":[],"platform_category":[],"video_schema_markup":"","price":"","trial":"","benefits":[],"button_url":"","button_target_blank":"","button_nofollow":"","attributes":[],"tags":[],"tags_disable_links":"","hide_more_platforms":"","video_object":"","demo_hide_cta":"","demo_hide_cloud_options":"","pricing_title":"","pricing":[],"related_apps_title":"","related_apps_hidden":"","author":"","image":[],"title":"","job":"","social_networks":[]},"_links":{"self":[{"href":"https:\/\/elfsight.com\/de\/wp-json\/wp\/v2\/pages\/118","targetHints":{"allow":["GET"]}}],"collection":[{"href":"https:\/\/elfsight.com\/de\/wp-json\/wp\/v2\/pages"}],"about":[{"href":"https:\/\/elfsight.com\/de\/wp-json\/wp\/v2\/types\/page"}],"author":[{"embeddable":true,"href":"https:\/\/elfsight.com\/de\/wp-json\/wp\/v2\/users\/11"}],"replies":[{"embeddable":true,"href":"https:\/\/elfsight.com\/de\/wp-json\/wp\/v2\/comments?post=118"}],"version-history":[{"count":5,"href":"https:\/\/elfsight.com\/de\/wp-json\/wp\/v2\/pages\/118\/revisions"}],"predecessor-version":[{"id":123,"href":"https:\/\/elfsight.com\/de\/wp-json\/wp\/v2\/pages\/118\/revisions\/123"}],"up":[{"embeddable":true,"href":"https:\/\/elfsight.com\/de\/wp-json\/wp\/v2\/pages\/106"}],"wp:attachment":[{"href":"https:\/\/elfsight.com\/de\/wp-json\/wp\/v2\/media?parent=118"}],"curies":[{"name":"wp","href":"https:\/\/api.w.org\/{rel}","templated":true}]}}