{"id":1144,"date":"2020-06-16T15:21:23","date_gmt":"2020-06-16T15:21:23","guid":{"rendered":"https:\/\/elfsight.com\/de\/?page_id=1144"},"modified":"2020-10-14T15:32:00","modified_gmt":"2020-10-14T15:32:00","slug":"examples","status":"publish","type":"page","link":"https:\/\/elfsight.com\/de\/paypal-button-widget-generator\/examples\/","title":{"rendered":"PayPal &#8211; Examples"},"content":{"rendered":"\n<div class=\"application-examples-item application-examples-item-loading\">\n                            <div class=\"col-row\">\n                                <div class=\"col-6 col-m-8 col-s-12\"><h3 class=\"application-examples-item-title\">Beispiel 1. Zahlungsbutton<\/h3><div class=\"application-examples-item-description\">Dieses Beispiel zeigt, wie Sie eine PayPal-Schaltfl\u00e4che zur Kasse in Originalfarben erstellen k\u00f6nnen. Die Beschriftung der Schaltfl\u00e4che vereint eine benutzerdefinierte Handlungsaufforderung und einen PayPal-Namen. Unter der Schaltfl\u00e4che befinden sich Symbole der beliebtesten Zahlungssysteme wie Visa und Mastercard.<\/div><\/div>\n                <\/div>\n\n                <div class=\"application-examples-item-iframe-container browser-frame\">\n                    <div class=\"application-examples-item-iframe-wrapper\">\n                        <iframe class=\"application-examples-item-iframe\" data-src=\"https:\/\/elfsight.com\/examples?widget_id=e02c16d0-e47d-468c-a533-b8b959d603c6&padding=100px+0+0+0\" width=\"100%\" allow=\"autoplay; fullscreen\"><\/iframe>\n                    <\/div>\n\n                    <div class=\"application-examples-item-loader\"><\/div>\n                <\/div>\n            <\/div>\n\n<div class=\"application-examples-item application-examples-item-loading\">\n                            <div class=\"col-row\">\n                                <div class=\"col-6 col-m-8 col-s-12\"><h3 class=\"application-examples-item-title\">Beispiel 2. Spende-Button<\/h3><div class=\"application-examples-item-description\">Ein gut spendender Button ist ein guter Weg, um Spenden auf Ihrer Website zu gewinnen. Dieses Beispiel zeigt eine Schaltfl\u00e4che mit dem PayPal-Logo und Ihrem Firmenetikett. Es gibt auch einen Titel mit Emojis \u00fcber der Schaltfl\u00e4che, der den Benutzern als emotionaler Aufruf zum Handeln dient. F\u00fcr Spende-Button  k\u00f6nnen Sie eine feste oder kostenlose Summe ausw\u00e4hlen, damit Spender ausw\u00e4hlen k\u00f6nnen, wie viel sie spenden m\u00f6chten.\n<\/div><\/div>\n                <\/div>\n\n                <div class=\"application-examples-item-iframe-container browser-frame\">\n                    <div class=\"application-examples-item-iframe-wrapper\">\n                        <iframe class=\"application-examples-item-iframe\" data-src=\"https:\/\/elfsight.com\/examples?widget_id=93d1d016-c6ed-47b3-8da6-5ae3ccbf585e&padding=100px+0+0+0\" width=\"100%\" allow=\"autoplay; fullscreen\"><\/iframe>\n                    <\/div>\n\n                    <div class=\"application-examples-item-loader\"><\/div>\n                <\/div>\n            <\/div>\n\n<div class=\"application-cta-create\">\n                    <div class=\"application-cta-create-bg\">\n                        <div class=\"application-cta-create-bg-left\"><\/div>\n\n                        <div class=\"application-cta-create-bg-right\">\n                            <img decoding=\"async\" src=\"https:\/\/elfsight.com\/de\/wp-content\/themes\/elfsight\/frontend\/assets\/img\/application-cta-create.jpg\" alt=\"Beginnen Sie mit der Erstellung Ihres Widgets\">\n                        <\/div>\n                    <\/div>\n\n                    <div class=\"application-cta-create-content inner\">\n                        <div class=\"application-cta-create-content-inner\">\n                            <div class=\"application-cta-create-content-icon\">\n                                <svg viewBox=\"0 0 25 25\" width=\"100%\" height=\"100%\">\n                                    <use xlink:href=\"#icon-settings\"><\/use>\n                                <\/svg>\n                            <\/div>\n\n                            <div class=\"application-cta-create-content-title\">Beginnen Sie mit der Erstellung Ihres Widgets<\/div>\n\n                            <div class=\"application-cta-create-content-text\">Schnell. Einfach. Keine Codierung.<\/div>\n\n                            <a class=\"application-cta-create-content-button button-48 button-has-right-icon button-black button\" href=\"\">\n                                <span class=\"button-label\">Widget erstellen<\/span>\n\n                                <svg class=\"button-icon\">\n                                    <use xlink:href=\"#icon-arrow-link\"><\/use>\n                                <\/svg>\n                            <\/a>\n                        <\/div>\n                    <\/div>\n                <\/div>\n\n<div class=\"application-examples-item application-examples-item-loading\">\n                            <div class=\"col-row\">\n                                <div class=\"col-6 col-m-8 col-s-12\"><h3 class=\"application-examples-item-title\">Beispiel 3. Abonnement-Button<\/h3><div class=\"application-examples-item-description\">Erstellen Sie eine benutzerdefinierte Buttons f\u00fcr Abonnements \u00fcber PayPal, die f\u00fcr Ihren Website-Stil und Ihre Farben geeignet ist. Hier sehen Sie eine Buttons in Rechteckform mit abgerundeten Ecken. Die Farben des Buttons und des Logo werden in Blau und Wei\u00df ge\u00e4ndert.<\/div><\/div>\n                <\/div>\n\n                <div class=\"application-examples-item-iframe-container browser-frame\">\n                    <div class=\"application-examples-item-iframe-wrapper\">\n                        <iframe class=\"application-examples-item-iframe\" data-src=\"https:\/\/elfsight.com\/examples?widget_id=996236c5-fc5c-4386-be14-94f713cb4de3&padding=100px+0+0+0\" width=\"100%\" allow=\"autoplay; fullscreen\"><\/iframe>\n                    <\/div>\n\n                    <div class=\"application-examples-item-loader\"><\/div>\n                <\/div>\n            <\/div>\n","protected":false},"excerpt":{"rendered":"","protected":false},"author":11,"featured_media":0,"parent":1132,"menu_order":0,"comment_status":"closed","ping_status":"closed","template":"templates\/template-application-examples.php","meta":{"publish_to_discourse":"","publish_post_category":"","wpdc_auto_publish_overridden":"","wpdc_topic_tags":"","wpdc_pin_topic":"","wpdc_pin_until":"","discourse_post_id":"","discourse_permalink":"","wpdc_publishing_response":"","wpdc_publishing_error":"","footnotes":""},"class_list":["post-1144","page","type-page","status-publish","hentry"],"yoast_head":"<!-- This site is optimized with the Yoast SEO plugin v25.3.1 - https:\/\/yoast.com\/wordpress\/plugins\/seo\/ -->\n<title>TOP 3 Beispiele f\u00fcr PayPal Button auf der Website (im Jahr 2025)<\/title>\n<meta name=\"description\" content=\"TOP 3 Beispiele f\u00fcr die Integration von PayPal-Zahlungs-Widgets: Bezahl-Button, Spenden-Button oder Abonnement-Button und andere Vorlagen f\u00fcr Ihre Website.\" \/>\n<meta name=\"robots\" content=\"index, follow, max-snippet:-1, max-image-preview:large, max-video-preview:-1\" \/>\n<link rel=\"canonical\" href=\"https:\/\/elfsight.com\/de\/paypal-button-widget-generator\/examples\/\" \/>\n<meta property=\"og:locale\" content=\"de_DE\" \/>\n<meta property=\"og:type\" content=\"article\" \/>\n<meta property=\"og:title\" content=\"TOP 3 Beispiele f\u00fcr PayPal Button auf der Website (im Jahr 2025)\" \/>\n<meta property=\"og:description\" content=\"TOP 3 Beispiele f\u00fcr die Integration von PayPal-Zahlungs-Widgets: Bezahl-Button, Spenden-Button oder Abonnement-Button und andere Vorlagen f\u00fcr Ihre Website.\" \/>\n<meta property=\"og:url\" content=\"https:\/\/elfsight.com\/de\/paypal-button-widget-generator\/examples\/\" \/>\n<meta property=\"og:site_name\" content=\"Elfsight DE\" \/>\n<meta property=\"article:modified_time\" content=\"2020-10-14T15:32:00+00:00\" \/>\n<meta name=\"twitter:card\" content=\"summary_large_image\" \/>\n<meta name=\"twitter:label1\" content=\"Gesch\u00e4tzte Lesezeit\" \/>\n\t<meta name=\"twitter:data1\" content=\"1\u00a0Minute\" \/>\n<!-- \/ Yoast SEO plugin. -->","yoast_head_json":{"title":"TOP 3 Beispiele f\u00fcr PayPal Button auf der Website (im Jahr 2025)","description":"TOP 3 Beispiele f\u00fcr die Integration von PayPal-Zahlungs-Widgets: Bezahl-Button, Spenden-Button oder Abonnement-Button und andere Vorlagen f\u00fcr Ihre Website.","robots":{"index":"index","follow":"follow","max-snippet":"max-snippet:-1","max-image-preview":"max-image-preview:large","max-video-preview":"max-video-preview:-1"},"canonical":"https:\/\/elfsight.com\/de\/paypal-button-widget-generator\/examples\/","og_locale":"de_DE","og_type":"article","og_title":"TOP 3 Beispiele f\u00fcr PayPal Button auf der Website (im Jahr 2025)","og_description":"TOP 3 Beispiele f\u00fcr die Integration von PayPal-Zahlungs-Widgets: Bezahl-Button, Spenden-Button oder Abonnement-Button und andere Vorlagen f\u00fcr Ihre Website.","og_url":"https:\/\/elfsight.com\/de\/paypal-button-widget-generator\/examples\/","og_site_name":"Elfsight DE","article_modified_time":"2020-10-14T15:32:00+00:00","twitter_card":"summary_large_image","twitter_misc":{"Gesch\u00e4tzte Lesezeit":"1\u00a0Minute"},"schema":{"@context":"https:\/\/schema.org","@graph":[{"@type":"WebPage","@id":"https:\/\/elfsight.com\/de\/paypal-button-widget-generator\/examples\/","url":"https:\/\/elfsight.com\/de\/paypal-button-widget-generator\/examples\/","name":"TOP 3 Beispiele f\u00fcr PayPal Button auf der Website (im Jahr 2025)","isPartOf":{"@id":"https:\/\/elfsight.com\/de\/#website"},"datePublished":"2020-06-16T15:21:23+00:00","dateModified":"2020-10-14T15:32:00+00:00","description":"TOP 3 Beispiele f\u00fcr die Integration von PayPal-Zahlungs-Widgets: Bezahl-Button, Spenden-Button oder Abonnement-Button und andere Vorlagen f\u00fcr Ihre Website.","breadcrumb":{"@id":"https:\/\/elfsight.com\/de\/paypal-button-widget-generator\/examples\/#breadcrumb"},"inLanguage":"de","potentialAction":[{"@type":"ReadAction","target":["https:\/\/elfsight.com\/de\/paypal-button-widget-generator\/examples\/"]}]},{"@type":"BreadcrumbList","@id":"https:\/\/elfsight.com\/de\/paypal-button-widget-generator\/examples\/#breadcrumb","itemListElement":[{"@type":"ListItem","position":1,"name":"Home","item":"https:\/\/elfsight.com\/de\/"},{"@type":"ListItem","position":2,"name":"PayPal Button","item":"https:\/\/elfsight.com\/de\/paypal-button-widget-generator\/"},{"@type":"ListItem","position":3,"name":"PayPal &#8211; Examples"}]},{"@type":"WebSite","@id":"https:\/\/elfsight.com\/de\/#website","url":"https:\/\/elfsight.com\/de\/","name":"Elfsight DE","description":"Just another Elfsight Sites site","potentialAction":[{"@type":"SearchAction","target":{"@type":"EntryPoint","urlTemplate":"https:\/\/elfsight.com\/de\/?s={search_term_string}"},"query-input":{"@type":"PropertyValueSpecification","valueRequired":true,"valueName":"search_term_string"}}],"inLanguage":"de"}]}},"meta_box":{"industry":"","seo_heading":"","heading":"","description":"","cta_heading":"","cta_description":"","application":"473","h1":"Beispiele f\u00fcr PayPal-Buttons Widget","h1_caption":"","application_category":[],"applications_title":"","applications_request_title":"","applications_request_button_text":"","hero_text":"","hero_video":"","hero_video_schema_markup":"","selling_points_title":"","selling_points_caption":"","selling_points":[],"selling_points_cta_text":"","features_title":"","features":"","ed_cta_examples_text":"","ed_cta_examples_hidden":"","ed_cta_demo_text":"","ed_cta_demo_hidden":"","why_caption":"","why_editor_title":"","why_editor_text":"","why_team_title":"","why_team_text":"","why_service_title":"","why_service_text":"","template_catalog_visible":"","template_catalog_title":"","template_catalog_text":"","template_catalog_categories_visible":"","demo_title":"","demo_caption":"","default_faq_hidden":"","app_template_category":[],"platform":"","template_public_id":"","codecanyon_url":"","codecanyon_item_id":"","codecanyon_price":"","pricing_caption":"","pricing_elfsight_apps_hide_column":"","pricing_elfsight_apps_url":"","pricing_codecanyon_price_caption":"","integration_category":[],"integration_request_title":"","integration_request_cta":"","integration_platform":"","integrations":[],"platform_category":[],"video_schema_markup":"","price":"","trial":"","benefits":[],"button_url":"","button_target_blank":"","button_nofollow":"","attributes":[],"tags":[],"tags_disable_links":"","hide_more_platforms":"","video_object":"","demo_hide_cta":"","demo_hide_cloud_options":"","pricing_title":"","pricing":[],"related_apps_title":"","related_apps_hidden":"","author":"","image":[],"title":"","job":"","social_networks":[]},"_links":{"self":[{"href":"https:\/\/elfsight.com\/de\/wp-json\/wp\/v2\/pages\/1144","targetHints":{"allow":["GET"]}}],"collection":[{"href":"https:\/\/elfsight.com\/de\/wp-json\/wp\/v2\/pages"}],"about":[{"href":"https:\/\/elfsight.com\/de\/wp-json\/wp\/v2\/types\/page"}],"author":[{"embeddable":true,"href":"https:\/\/elfsight.com\/de\/wp-json\/wp\/v2\/users\/11"}],"replies":[{"embeddable":true,"href":"https:\/\/elfsight.com\/de\/wp-json\/wp\/v2\/comments?post=1144"}],"version-history":[{"count":2,"href":"https:\/\/elfsight.com\/de\/wp-json\/wp\/v2\/pages\/1144\/revisions"}],"predecessor-version":[{"id":1150,"href":"https:\/\/elfsight.com\/de\/wp-json\/wp\/v2\/pages\/1144\/revisions\/1150"}],"up":[{"embeddable":true,"href":"https:\/\/elfsight.com\/de\/wp-json\/wp\/v2\/pages\/1132"}],"wp:attachment":[{"href":"https:\/\/elfsight.com\/de\/wp-json\/wp\/v2\/media?parent=1144"}],"curies":[{"name":"wp","href":"https:\/\/api.w.org\/{rel}","templated":true}]}}