{"id":11100,"date":"1970-01-01T00:00:00","date_gmt":"1970-01-01T00:00:00","guid":{"rendered":"https:\/\/elfsight.com\/de\/?page_id=11100"},"modified":"2025-02-19T06:06:27","modified_gmt":"2025-02-19T06:06:27","slug":"blogger","status":"publish","type":"page","link":"https:\/\/elfsight.com\/de\/yelp-reviews-widget\/blogger\/","title":{"rendered":"Yelp Reviews &#8211; Blogger"},"content":{"rendered":"\n<div class=\"application-platform-content-item-description application-platform-content-item\" id=\"description\" data-nav-section=\"description\"> <h2>Beschreibung<\/h2> <p>Wenn Sie Ihre hohe Bewertung demonstrieren und Website-Besucher davon \u00fcberzeugen m\u00f6chten, dass Ihre Produkte oder Dienstleistungen ein gutes Preis-Leistungs-Verh\u00e4ltnis bieten Wenn Sie Geld verdienen, ist das Elfsight Yelp Reviews-Widget die L\u00f6sung. Mit Hilfe unseres Widgets platzieren Sie Kundenbewertungen von Yelp schnell auf Ihrer Website mit Informationen zu ihren Autoren, verwenden Filter, um nur die besten anzuzeigen, zeigen Bewertungen an und verf\u00fcgen \u00fcber eine aktive Schaltfl\u00e4che, die die Leute zu Ihrem Yelp-Konto weiterleitet, wo sie k\u00f6nnen F\u00fcgen Sie noch eine Bewertung hinzu. <\/p><div class=\"faq\" data-component=\"FAQ\"> <div class=\"faq-item\">\r\n\t\t\t\t\t<div class=\"faq-item-question\">\r\n\t\t\t\t\t\t<h3 class=\"faq-item-question-text\">Wo kann ich dieses Plugin einf\u00fcgen<\/h3>\r\n\r\n\t\t\t\t\t\t<div class=\"faq-item-question-icon\"><\/div>\r\n\t\t\t\t\t<\/div>\r\n\r\n\t\t\t\t\t<div class=\"faq-item-answer\">\r\n\t\t\t\t\t\t<div class=\"faq-item-answer-text\"> <p>Es steht Ihnen frei, das Bewertungs-Widget auf einer beliebigen Seite der Website einzuf\u00fcgen oder es in die Website-Vorlage einzuf\u00fcgen, in diesem Fall es wird auf allen Seiten angezeigt. Auf Produktseiten oder auf der Seite \u201e\u00dcber uns\u201c, auf denen Sie Ihre hohe Wertsch\u00e4tzung unter Beweis stellen m\u00f6chten, leisten Bewertungen gute Dienste. <\/p><\/div>\r\n\t\t\t\t\t<\/div>\r\n\t\t\t\t<\/div> <div class=\"faq-item\">\r\n\t\t\t\t\t<div class=\"faq-item-question\">\r\n\t\t\t\t\t\t<h3 class=\"faq-item-question-text\">Was sind die Vorteile des Bewertungs-Widgets f\u00fcr mich?<\/h3>\r\n\r\n\t\t\t\t\t\t<div class=\"faq-item-question-icon\"><\/div>\r\n\t\t\t\t\t<\/div>\r\n\r\n\t\t\t\t\t<div class=\"faq-item-answer\">\r\n\t\t\t\t\t\t<div class=\"faq-item-answer-text\"> <p>Bewertungen von echten Menschen sind f\u00fcr Ihre Website-Kunden \u00e4u\u00dferst vertrauensw\u00fcrdig und bedeuten f\u00fcr sie, dass Ihr Unternehmen zuverl\u00e4ssig ist Partner. Eine hohe Bewertung und gute Rezensionen k\u00f6nnen dazu beitragen, das Kaufniveau auf Ihrer Website zu steigern. Au\u00dferdem kann die Weiterleitungsschaltfl\u00e4che dazu beitragen, dass mehr Kundenbewertungen zu Ihren Angeboten oder Dienstleistungen auf Yelp angezeigt werden.<\/p> <\/div>\r\n\t\t\t\t\t<\/div>\r\n\t\t\t\t<\/div> <div class=\"faq-item\">\r\n\t\t\t\t\t<div class=\"faq-item-question\">\r\n\t\t\t\t\t\t<h3 class=\"faq-item-question-text\">Wie bette ich das Bewertungs-Widget auf meiner Blogger-Website ein?<\/h3>\r\n\r\n\t\t\t\t\t\t<div class=\"faq-item-question-icon\"><\/div>\r\n\t\t\t\t\t<\/div>\r\n\r\n\t\t\t\t\t<div class=\"faq-item-answer\">\r\n\t\t\t\t\t\t<div class=\"faq-item-answer-text\"> <p>Das wird es Nehmen Sie sich eine Minute Zeit, um mit der Nutzung des Widgets zu beginnen. Das Hinzuf\u00fcgen geht sehr schnell, ist kostenlos und erfordert keine Programmierung.<\/p> <p>Sie k\u00f6nnen in unserem Service das Bewertungs-Widget in Ihre Website integrieren. Dazu m\u00fcssen Sie den nachstehenden Anweisungen auf dieser Seite folgen.<\/p><\/div>\r\n\t\t\t\t\t<\/div>\r\n\t\t\t\t<\/div> <\/div> <\/div> <div class=\"application-platform-content-item-features application-platform-content-item\" id=\"features\" data-nav-section=\"features\"> <h2>Funktionen<\/h2> <p>An Verschaffen Sie sich ein klareres Verst\u00e4ndnis des Widgets und entdecken Sie die Liste der wichtigsten Funktionen. Sie machen unser Widget f\u00fcr Ihr Gesch\u00e4ft wirklich effektiv: <\/p> <ul> <li>Drei verf\u00fcgbare Filter: nach Typ, zum Ausschlie\u00dfen nach Schl\u00fcsselw\u00f6rtern und Anzahl der anzuzeigenden Bewertungen;<\/li> <li>Vier Layoutoptionen: Liste, Raster, Mauerwerk und Schieberegler;<\/li> <li>Eine M\u00f6glichkeit, die Kopfzeile des Widgets anzuzeigen oder auszublenden;<\/li> <li>Die Schaltfl\u00e4che zum Anfordern einer Bewertung f\u00fchrt Kunden zur Yelp-Seite;<\/li> <li>6 flexible Elemente des Widgets: der Name des Autors und des Fotos, Empfehlung, Datum der Ver\u00f6ffentlichung, Yelp-Symbol und Sternebewertung;<\/li> <li>Zwei Alternativen f\u00fcr Szenarien der Ablehnung einer Bewertungsanfrage: Zeigen Sie eine Textnachricht an oder blenden Sie die Schaltfl\u00e4che aus.<\/li> <\/ul><p><a href=\"#demo\">Lernen Sie alle Funktionen in unserer Demo<\/a><\/p> <\/div> <div class=\"application-platform-content-item-installation application-platform-content-item\" id=\"installation\" data-nav-section=\"installation\"> <h2>So f\u00fcgen Sie die Yelp-Bewertungen zu Ihrer Blogger-Website hinzu. Es ist unkompliziert und schnell.<\/h2><div class=\"video-container\"><iframe width=\"560\" height=\"315\" src=\"https:\/\/www.youtube.com\/embed\/QoH9IYWhXPA?si=C9xfg2VF9fTjT-Ew\" frameborder=\"0\" allow=\"accelerometer; autoplay; clipboard-write; encrypted-media; gyroscope; picture-in-picture; web-share\" allowfullscreen><\/iframe><\/div><p> Ein paar einfache Aktionen sind das Einzige, was Sie brauchen, um das Bewertungs-Widget auf Ihrer Website einzurichten. Es dauert eine Minute und erfordert keine Programmierung.<\/p> <ul><li><b>Generieren Sie Ihr benutzerdefiniertes Widget<\/b><br> Wenn Sie unseren kostenlosen Editor verwalten, erhalten Sie ein Plugin mit einer bevorzugten Zusammensetzung und Funktionen. <\/li><li><b>Erhalten Sie den individuellen Code zum Anzeigen des Widgets<\/b><br> Nachdem Sie Ihr Widget konfiguriert haben, erhalten Sie den individuellen Code aus der angezeigten Benachrichtigung auf Elfsight Apps. Kopiere es. <\/li> <li><b> Betten Sie das Widget in Ihre Website ein<\/b><br> Suchen Sie den Bereich, in dem Sie das Widget anzeigen m\u00f6chten, und f\u00fcgen Sie dort den gespeicherten Code hinzu. Speichern Sie die \u00c4nderungen. <\/li> <li><b>Fertig!<\/b><br> Betreten Sie die Website, um Ihre Bewertungen anzuzeigen.<\/li> <\/ul><p>Immer noch unsicher? Oder haben Sie Probleme? Mit nur einer einzigen Anfrage an unser Support-Team k\u00f6nnen alle Probleme gel\u00f6st werden.<\/p> <\/div>\n","protected":false},"excerpt":{"rendered":"","protected":false},"author":9,"featured_media":0,"parent":1633,"menu_order":0,"comment_status":"closed","ping_status":"closed","template":"templates\/template-application-platform.php","meta":{"publish_to_discourse":"","publish_post_category":"","wpdc_auto_publish_overridden":"","wpdc_topic_tags":"","wpdc_pin_topic":"","wpdc_pin_until":"","discourse_post_id":"","discourse_permalink":"","wpdc_publishing_response":"","wpdc_publishing_error":"","footnotes":""},"class_list":["post-11100","page","type-page","status-publish","hentry"],"yoast_head":"<!-- This site is optimized with the Yoast SEO plugin v25.3.1 - https:\/\/yoast.com\/wordpress\/plugins\/seo\/ -->\n<title>F\u00fcgen Sie das Widget \u201eYelp-Bewertungen\u201c zu Ihrer Blogger-Website hinzu (in 2 Minuten)<\/title>\n<meta name=\"description\" content=\"Hier haben Sie die M\u00f6glichkeit, ein benutzerdefiniertes Yelp-Rezensions-Widget zu erstellen und es auf Ihrer Blogger-Website anzuzeigen. Erhalten Sie kostenlosen Kundensupport und andere Boni von Elfsight.\" \/>\n<meta name=\"robots\" content=\"index, follow, max-snippet:-1, max-image-preview:large, max-video-preview:-1\" \/>\n<link rel=\"canonical\" href=\"https:\/\/elfsight.com\/de\/yelp-reviews-widget\/blogger\/\" \/>\n<meta property=\"og:locale\" content=\"de_DE\" \/>\n<meta property=\"og:type\" content=\"article\" \/>\n<meta property=\"og:title\" content=\"F\u00fcgen Sie das Widget \u201eYelp-Bewertungen\u201c zu Ihrer Blogger-Website hinzu (in 2 Minuten)\" \/>\n<meta property=\"og:description\" content=\"Hier haben Sie die M\u00f6glichkeit, ein benutzerdefiniertes Yelp-Rezensions-Widget zu erstellen und es auf Ihrer Blogger-Website anzuzeigen. Erhalten Sie kostenlosen Kundensupport und andere Boni von Elfsight.\" \/>\n<meta property=\"og:url\" content=\"https:\/\/elfsight.com\/de\/yelp-reviews-widget\/blogger\/\" \/>\n<meta property=\"og:site_name\" content=\"Elfsight DE\" \/>\n<meta property=\"article:modified_time\" content=\"2025-02-19T06:06:27+00:00\" \/>\n<meta name=\"twitter:card\" content=\"summary_large_image\" \/>\n<meta name=\"twitter:label1\" content=\"Gesch\u00e4tzte Lesezeit\" \/>\n\t<meta name=\"twitter:data1\" content=\"3\u00a0Minuten\" \/>\n<!-- \/ Yoast SEO plugin. -->","yoast_head_json":{"title":"F\u00fcgen Sie das Widget \u201eYelp-Bewertungen\u201c zu Ihrer Blogger-Website hinzu (in 2 Minuten)","description":"Hier haben Sie die M\u00f6glichkeit, ein benutzerdefiniertes Yelp-Rezensions-Widget zu erstellen und es auf Ihrer Blogger-Website anzuzeigen. Erhalten Sie kostenlosen Kundensupport und andere Boni von Elfsight.","robots":{"index":"index","follow":"follow","max-snippet":"max-snippet:-1","max-image-preview":"max-image-preview:large","max-video-preview":"max-video-preview:-1"},"canonical":"https:\/\/elfsight.com\/de\/yelp-reviews-widget\/blogger\/","og_locale":"de_DE","og_type":"article","og_title":"F\u00fcgen Sie das Widget \u201eYelp-Bewertungen\u201c zu Ihrer Blogger-Website hinzu (in 2 Minuten)","og_description":"Hier haben Sie die M\u00f6glichkeit, ein benutzerdefiniertes Yelp-Rezensions-Widget zu erstellen und es auf Ihrer Blogger-Website anzuzeigen. Erhalten Sie kostenlosen Kundensupport und andere Boni von Elfsight.","og_url":"https:\/\/elfsight.com\/de\/yelp-reviews-widget\/blogger\/","og_site_name":"Elfsight DE","article_modified_time":"2025-02-19T06:06:27+00:00","twitter_card":"summary_large_image","twitter_misc":{"Gesch\u00e4tzte Lesezeit":"3\u00a0Minuten"},"schema":{"@context":"https:\/\/schema.org","@graph":[{"@type":"WebPage","@id":"https:\/\/elfsight.com\/de\/yelp-reviews-widget\/blogger\/","url":"https:\/\/elfsight.com\/de\/yelp-reviews-widget\/blogger\/","name":"F\u00fcgen Sie das Widget \u201eYelp-Bewertungen\u201c zu Ihrer Blogger-Website hinzu (in 2 Minuten)","isPartOf":{"@id":"https:\/\/elfsight.com\/de\/#website"},"datePublished":"1970-01-01T00:00:00+00:00","dateModified":"2025-02-19T06:06:27+00:00","description":"Hier haben Sie die M\u00f6glichkeit, ein benutzerdefiniertes Yelp-Rezensions-Widget zu erstellen und es auf Ihrer Blogger-Website anzuzeigen. Erhalten Sie kostenlosen Kundensupport und andere Boni von Elfsight.","breadcrumb":{"@id":"https:\/\/elfsight.com\/de\/yelp-reviews-widget\/blogger\/#breadcrumb"},"inLanguage":"de","potentialAction":[{"@type":"ReadAction","target":["https:\/\/elfsight.com\/de\/yelp-reviews-widget\/blogger\/"]}]},{"@type":"BreadcrumbList","@id":"https:\/\/elfsight.com\/de\/yelp-reviews-widget\/blogger\/#breadcrumb","itemListElement":[{"@type":"ListItem","position":1,"name":"Home","item":"https:\/\/elfsight.com\/de\/"},{"@type":"ListItem","position":2,"name":"Yelp Reviews","item":"https:\/\/elfsight.com\/de\/yelp-reviews-widget\/"},{"@type":"ListItem","position":3,"name":"Yelp Reviews &#8211; Blogger"}]},{"@type":"WebSite","@id":"https:\/\/elfsight.com\/de\/#website","url":"https:\/\/elfsight.com\/de\/","name":"Elfsight DE","description":"Just another Elfsight Sites site","potentialAction":[{"@type":"SearchAction","target":{"@type":"EntryPoint","urlTemplate":"https:\/\/elfsight.com\/de\/?s={search_term_string}"},"query-input":{"@type":"PropertyValueSpecification","valueRequired":true,"valueName":"search_term_string"}}],"inLanguage":"de"}]}},"meta_box":{"industry":"","seo_heading":"","heading":"","description":"","cta_heading":"","cta_description":"","application":"483","h1":"Widget f\u00fcr Blogger-Yelp-Rezensionen","h1_caption":"Pr\u00e4sentieren Sie Kundenrezensionen von Yelp, um Glaubw\u00fcrdigkeit aufzubauen und Ihrem Unternehmen m\u00fchelos Social Proof auf Ihrer Blogger-Website bereitzustellen.","application_category":[],"applications_title":"","applications_request_title":"","applications_request_button_text":"","hero_text":"","hero_video":"","hero_video_schema_markup":"","selling_points_title":"","selling_points_caption":"","selling_points":[],"selling_points_cta_text":"","features_title":"","features":"","ed_cta_examples_text":"","ed_cta_examples_hidden":"","ed_cta_demo_text":"","ed_cta_demo_hidden":"","why_caption":"","why_editor_title":"","why_editor_text":"","why_team_title":"","why_team_text":"","why_service_title":"","why_service_text":"","template_catalog_visible":"0","template_catalog_title":"","template_catalog_text":"","template_catalog_categories_visible":"","demo_title":"Erstellen Sie Ihr Yelp-Rezensions-Widget","demo_caption":"Konfigurieren Sie Ihre Yelp-Bewertungen und f\u00fcgen Sie sie kostenlos zu Ihrer Blogger-Website hinzu!","default_faq_hidden":"","app_template_category":[],"platform":"262","template_public_id":"","codecanyon_url":"","codecanyon_item_id":"","codecanyon_price":"","pricing_caption":"","pricing_elfsight_apps_hide_column":"","pricing_elfsight_apps_url":"","pricing_codecanyon_price_caption":"","integration_category":[],"integration_request_title":"","integration_request_cta":"","integration_platform":"","integrations":[],"platform_category":[],"video_schema_markup":"","price":"ab 0 $ \/ Monat","trial":"","benefits":[{"text":"Kostenloser Installationsservice"},{"text":"Au\u00dfergew\u00f6hnlicher Support"},{"text":"14-t\u00e4gige R\u00fcckerstattungsgarantie"},{"text":"Regelm\u00e4\u00dfige Updates"}],"button_url":"#demo","button_target_blank":"0","button_nofollow":"0","attributes":[{"name":"Installiert","content":"10,000 - 100,000"},{"name":"Reaktionsfreudig","content":"Ja"},{"name":"Kompatible Browser","content":"Firefox, Safari, Opera, Chrome, Edge"}],"tags":[],"tags_disable_links":"0","hide_more_platforms":"0","video_object":"","demo_hide_cta":"0","demo_hide_cloud_options":"0","pricing_title":"","pricing":[{"pricing_icon":"platform","pricing_title":"Elfsight Apps","pricing_title_caption":"Plattform\u00fcbergreifende Version, die auf jeder Website funktioniert","pricing_price":"ab 0 $ \/ Monat","pricing_price_caption":"Beginnen Sie mit einem kostenlosen Plan","pricing_benefits":[{"text":"Unbegrenzte Websites"},{"text":"Professionelle und p\u00fcnktliche Unterst\u00fctzung und gut dokumentiert"},{"text":"Kostenlose Installationshilfe"},{"text":"Vollst\u00e4ndig anpassbar"}],"pricing_button_text":"Zur Website hinzuf\u00fcgen","pricing_button_url":"#demo"}],"related_apps_title":"","related_apps_hidden":"0","author":"","image":[],"title":"","job":"","social_networks":[]},"_links":{"self":[{"href":"https:\/\/elfsight.com\/de\/wp-json\/wp\/v2\/pages\/11100","targetHints":{"allow":["GET"]}}],"collection":[{"href":"https:\/\/elfsight.com\/de\/wp-json\/wp\/v2\/pages"}],"about":[{"href":"https:\/\/elfsight.com\/de\/wp-json\/wp\/v2\/types\/page"}],"author":[{"embeddable":true,"href":"https:\/\/elfsight.com\/de\/wp-json\/wp\/v2\/users\/9"}],"replies":[{"embeddable":true,"href":"https:\/\/elfsight.com\/de\/wp-json\/wp\/v2\/comments?post=11100"}],"version-history":[{"count":3,"href":"https:\/\/elfsight.com\/de\/wp-json\/wp\/v2\/pages\/11100\/revisions"}],"predecessor-version":[{"id":24385,"href":"https:\/\/elfsight.com\/de\/wp-json\/wp\/v2\/pages\/11100\/revisions\/24385"}],"up":[{"embeddable":true,"href":"https:\/\/elfsight.com\/de\/wp-json\/wp\/v2\/pages\/1633"}],"wp:attachment":[{"href":"https:\/\/elfsight.com\/de\/wp-json\/wp\/v2\/media?parent=11100"}],"curies":[{"name":"wp","href":"https:\/\/api.w.org\/{rel}","templated":true}]}}