{"id":11098,"date":"1970-01-01T00:00:00","date_gmt":"1970-01-01T00:00:00","guid":{"rendered":"https:\/\/elfsight.com\/de\/?page_id=11098"},"modified":"2025-02-19T06:12:47","modified_gmt":"2025-02-19T06:12:47","slug":"html","status":"publish","type":"page","link":"https:\/\/elfsight.com\/de\/yelp-reviews-widget\/html\/","title":{"rendered":"Yelp Reviews &#8211; HTML"},"content":{"rendered":"\n<div class=\"application-platform-content-item-description application-platform-content-item\" id=\"description\" data-nav-section=\"description\"> <h2>Beschreibung<\/h2> <p>Wenn Sie Ihre hohe Wertsch\u00e4tzung durch Benutzer zeigen und Website-Besucher davon \u00fcberzeugen m\u00f6chten, dass Ihre Angebote eine Ausgabe wert sind Wenn Sie Geld verdienen, ist Elfsight Yelp Reviews genau das Richtige f\u00fcr Sie. Mit diesem Tool k\u00f6nnen Sie Kundenbewertungen von Yelp auf Ihrer Website mit Informationen zu ihren Autoren anzeigen, sie so sortieren, dass nur gute Bewertungen angezeigt werden, Bewertungen hinzuf\u00fcgen und eine Weiterleitungsschaltfl\u00e4che hinzuf\u00fcgen, die Benutzer auf Ihre Yelp-Seite leitet, damit sie eine schreiben k\u00f6nnen neue Rezension. <\/p><div class=\"faq\" data-component=\"FAQ\"> <div class=\"faq-item\">\r\n\t\t\t\t\t<div class=\"faq-item-question\">\r\n\t\t\t\t\t\t<h3 class=\"faq-item-question-text\">Wo kann ich dieses Plugin installieren<\/h3>\r\n\r\n\t\t\t\t\t\t<div class=\"faq-item-question-icon\"><\/div>\r\n\t\t\t\t\t<\/div>\r\n\r\n\t\t\t\t\t<div class=\"faq-item-answer\">\r\n\t\t\t\t\t\t<div class=\"faq-item-answer-text\"> <p>Sie k\u00f6nnen das Widget auf jeder Seite Ihrer Website einf\u00fcgen oder in die Website-Vorlage einf\u00fcgen, damit es auf allen angezeigt wird Seiten. Bewertungen k\u00f6nnen auf Produktseiten oder auf der Seite \u201e\u00dcber uns\u201c wirksam sein, also an den Stellen, an denen Sie Ihre hohe Bewertung unter Beweis stellen m\u00f6chten. <\/p><\/div>\r\n\t\t\t\t\t<\/div>\r\n\t\t\t\t<\/div> <div class=\"faq-item\">\r\n\t\t\t\t\t<div class=\"faq-item-question\">\r\n\t\t\t\t\t\t<h3 class=\"faq-item-question-text\">Wie w\u00fcrde ich von diesem Plugin profitieren? <\/h3>\r\n\r\n\t\t\t\t\t\t<div class=\"faq-item-question-icon\"><\/div>\r\n\t\t\t\t\t<\/div>\r\n\r\n\t\t\t\t\t<div class=\"faq-item-answer\">\r\n\t\t\t\t\t\t<div class=\"faq-item-answer-text\"> <p>Bewertungen von echten Menschen sind f\u00fcr die Benutzer Ihrer Website \u00e4u\u00dferst glaubw\u00fcrdig und zeigen ihnen, dass Ihr Unternehmen vertrauensw\u00fcrdig ist. Eine hohe Bewertung und positive Rezensionen k\u00f6nnen dazu beitragen, die K\u00e4ufe auf Ihrer Website zu steigern. Dar\u00fcber hinaus tr\u00e4gt die Weiterleitungsschaltfl\u00e4che dazu bei, dass mehr Kundenbewertungen zu Ihrem Unternehmen auf Yelp angezeigt werden. <\/p> <\/div>\r\n\t\t\t\t\t<\/div>\r\n\t\t\t\t<\/div> <div class=\"faq-item\">\r\n\t\t\t\t\t<div class=\"faq-item-question\">\r\n\t\t\t\t\t\t<h3 class=\"faq-item-question-text\">Was brauche ich, um Bewertungen aus dem Yelp-Widget in meine HTML-Website einzubetten? <\/h3>\r\n\r\n\t\t\t\t\t\t<div class=\"faq-item-question-icon\"><\/div>\r\n\t\t\t\t\t<\/div>\r\n\r\n\t\t\t\t\t<div class=\"faq-item-answer\">\r\n\t\t\t\t\t\t<div class=\"faq-item-answer-text\"> <p>Es dauert ein paar Minuten, bis ich mit der Verwendung des Widgets beginnen kann. Die Installation ist sehr schnell, kostenlos und ohne Programmierung. <\/p> <p>Sie k\u00f6nnen das Widget \u00fcber unseren Service in Ihre Website integrieren. Schauen Sie sich hierzu eine kurze Beschreibung unten auf dieser Seite an. <\/p><\/div>\r\n\t\t\t\t\t<\/div>\r\n\t\t\t\t<\/div> <\/div> <\/div> <div class=\"application-platform-content-item-features application-platform-content-item\" id=\"features\" data-nav-section=\"features\"> <h2>Funktionen<\/h2> <p>Um eine vollst\u00e4ndige Vorstellung vom Widget zu erhalten, k\u00f6nnen Sie das studieren Liste seiner Hauptfunktionen. Sie machen dieses Widget f\u00fcr Ihr Unternehmen maximal effizient: <\/p> <ul> <li>Drei vordefinierte Filter: nach Typ, Ausschlie\u00dfen nach und Anzahl der anzuzeigenden Bewertungen; <\/li> <li>Vier vordefinierte Layouts: Liste, Raster, Mauerwerk und Schieberegler; <\/li> <li>Eine Option zum Steuern der Anzeige der Kopfzeile des Widgets; <\/li> <li>\u00dcber die Schaltfl\u00e4che zum Anfordern einer Bewertung werden Nutzer auf die Yelp-Seite weitergeleitet. <\/li> <li>Sechs flexible Elemente der Bewertungen: Name und Foto des Autors, Empfehlungstext, Datum, Yelp-Symbol und Sternebewertung; <\/li> <li>Zwei Szenariooptionen nach der Ablehnung einer \u00dcberpr\u00fcfungsanfrage: Zeigen Sie eine benutzerdefinierte Nachricht an oder entfernen Sie die Schaltfl\u00e4che. <\/li> <\/ul><p><a href=\"#demo\">Unsere Demo wird Ihnen weitere Funktionen er\u00f6ffnen<\/a><\/p> <\/div> <div class=\"application-platform-content-item-installation application-platform-content-item\" id=\"installation\" data-nav-section=\"installation\"> <h2>Erfahren Sie, wie Sie die Yelp-Bewertungen auf Ihrer HTML-Website einrichten. Es ist unglaublich einfach<\/h2><div class=\"video-container\"><iframe width=\"560\" height=\"315\" src=\"https:\/\/www.youtube.com\/embed\/sQ6JiiAwT2g?si=xESuyTWizA-8Ec7P\" frameborder=\"0\" allow=\"accelerometer; autoplay; clipboard-write; encrypted-media; gyroscope; picture-in-picture; web-share\" allowfullscreen><\/iframe><\/div><p>Die folgenden Schritte sind das Einzige, was Sie tun m\u00fcssen, um das Widget hinzuzuf\u00fcgen. <\/p> <ul><li><b>Generieren Sie Ihr ma\u00dfgeschneidertes Yelp-Widget<\/b><br> Erstellen Sie mit unserem kostenlosen Editor ein Plugin mit einem bevorzugten Design und einer bevorzugten Funktionalit\u00e4t. <\/li><li><b>Kopieren Sie den individuellen Code, um das Widget zu ver\u00f6ffentlichen<\/b><br> Nachdem Sie Ihr Widget angepasst haben, erhalten Sie den individuellen Code aus dem Popup-Fenster von Elfsight Apps. Kopieren Sie es zur sp\u00e4teren Verwendung. <\/li> <li><b>Integrieren Sie das Widget in Ihre Website<\/b><br> W\u00e4hlen Sie den Bereich aus, in dem Sie das Widget anzeigen m\u00f6chten, und f\u00fcgen Sie dort den kopierten Code hinzu. \u00dcbernehmen Sie die \u00c4nderungen. <\/li> <li><b>Die Einrichtung ist erfolgreich! <\/b><br> Betreten Sie die Webseite, um sich Ihre Bewertungen anzusehen. <\/li> <\/ul><p>Sie k\u00f6nnen sich immer noch nicht entscheiden? Oder \u00fcber irgendetwas gestolpert? Senden Sie einfach eine Anfrage an unseren Kundendienst, wir helfen Ihnen bei jedem Problem. <\/p> <\/div>\n","protected":false},"excerpt":{"rendered":"","protected":false},"author":9,"featured_media":0,"parent":1633,"menu_order":0,"comment_status":"closed","ping_status":"closed","template":"templates\/template-application-platform.php","meta":{"publish_to_discourse":"","publish_post_category":"","wpdc_auto_publish_overridden":"","wpdc_topic_tags":"","wpdc_pin_topic":"","wpdc_pin_until":"","discourse_post_id":"","discourse_permalink":"","wpdc_publishing_response":"","wpdc_publishing_error":"","footnotes":""},"class_list":["post-11098","page","type-page","status-publish","hentry"],"yoast_head":"<!-- This site is optimized with the Yoast SEO plugin v25.3.1 - https:\/\/yoast.com\/wordpress\/plugins\/seo\/ -->\n<title>F\u00fcgen Sie das Widget \u201eYelp-Bewertungen\u201c zu Ihrer HTML-Website hinzu (schnell und einfach)<\/title>\n<meta name=\"description\" content=\"Hier haben Sie die M\u00f6glichkeit, ein effektives Yelp-Bewertungs-Widget zu entwerfen und es in Ihre HTML-Website einzubetten. Genie\u00dfen Sie den kostenlosen Kundenservice und andere Vorteile von Elfsight.\" \/>\n<meta name=\"robots\" content=\"index, follow, max-snippet:-1, max-image-preview:large, max-video-preview:-1\" \/>\n<link rel=\"canonical\" href=\"https:\/\/elfsight.com\/de\/yelp-reviews-widget\/html\/\" \/>\n<meta property=\"og:locale\" content=\"de_DE\" \/>\n<meta property=\"og:type\" content=\"article\" \/>\n<meta property=\"og:title\" content=\"F\u00fcgen Sie das Widget \u201eYelp-Bewertungen\u201c zu Ihrer HTML-Website hinzu (schnell und einfach)\" \/>\n<meta property=\"og:description\" content=\"Hier haben Sie die M\u00f6glichkeit, ein effektives Yelp-Bewertungs-Widget zu entwerfen und es in Ihre HTML-Website einzubetten. Genie\u00dfen Sie den kostenlosen Kundenservice und andere Vorteile von Elfsight.\" \/>\n<meta property=\"og:url\" content=\"https:\/\/elfsight.com\/de\/yelp-reviews-widget\/html\/\" \/>\n<meta property=\"og:site_name\" content=\"Elfsight DE\" \/>\n<meta property=\"article:modified_time\" content=\"2025-02-19T06:12:47+00:00\" \/>\n<meta name=\"twitter:card\" content=\"summary_large_image\" \/>\n<meta name=\"twitter:label1\" content=\"Gesch\u00e4tzte Lesezeit\" \/>\n\t<meta name=\"twitter:data1\" content=\"3\u00a0Minuten\" \/>\n<!-- \/ Yoast SEO plugin. -->","yoast_head_json":{"title":"F\u00fcgen Sie das Widget \u201eYelp-Bewertungen\u201c zu Ihrer HTML-Website hinzu (schnell und einfach)","description":"Hier haben Sie die M\u00f6glichkeit, ein effektives Yelp-Bewertungs-Widget zu entwerfen und es in Ihre HTML-Website einzubetten. Genie\u00dfen Sie den kostenlosen Kundenservice und andere Vorteile von Elfsight.","robots":{"index":"index","follow":"follow","max-snippet":"max-snippet:-1","max-image-preview":"max-image-preview:large","max-video-preview":"max-video-preview:-1"},"canonical":"https:\/\/elfsight.com\/de\/yelp-reviews-widget\/html\/","og_locale":"de_DE","og_type":"article","og_title":"F\u00fcgen Sie das Widget \u201eYelp-Bewertungen\u201c zu Ihrer HTML-Website hinzu (schnell und einfach)","og_description":"Hier haben Sie die M\u00f6glichkeit, ein effektives Yelp-Bewertungs-Widget zu entwerfen und es in Ihre HTML-Website einzubetten. Genie\u00dfen Sie den kostenlosen Kundenservice und andere Vorteile von Elfsight.","og_url":"https:\/\/elfsight.com\/de\/yelp-reviews-widget\/html\/","og_site_name":"Elfsight DE","article_modified_time":"2025-02-19T06:12:47+00:00","twitter_card":"summary_large_image","twitter_misc":{"Gesch\u00e4tzte Lesezeit":"3\u00a0Minuten"},"schema":{"@context":"https:\/\/schema.org","@graph":[{"@type":"WebPage","@id":"https:\/\/elfsight.com\/de\/yelp-reviews-widget\/html\/","url":"https:\/\/elfsight.com\/de\/yelp-reviews-widget\/html\/","name":"F\u00fcgen Sie das Widget \u201eYelp-Bewertungen\u201c zu Ihrer HTML-Website hinzu (schnell und einfach)","isPartOf":{"@id":"https:\/\/elfsight.com\/de\/#website"},"datePublished":"1970-01-01T00:00:00+00:00","dateModified":"2025-02-19T06:12:47+00:00","description":"Hier haben Sie die M\u00f6glichkeit, ein effektives Yelp-Bewertungs-Widget zu entwerfen und es in Ihre HTML-Website einzubetten. Genie\u00dfen Sie den kostenlosen Kundenservice und andere Vorteile von Elfsight.","breadcrumb":{"@id":"https:\/\/elfsight.com\/de\/yelp-reviews-widget\/html\/#breadcrumb"},"inLanguage":"de","potentialAction":[{"@type":"ReadAction","target":["https:\/\/elfsight.com\/de\/yelp-reviews-widget\/html\/"]}]},{"@type":"BreadcrumbList","@id":"https:\/\/elfsight.com\/de\/yelp-reviews-widget\/html\/#breadcrumb","itemListElement":[{"@type":"ListItem","position":1,"name":"Home","item":"https:\/\/elfsight.com\/de\/"},{"@type":"ListItem","position":2,"name":"Yelp Reviews","item":"https:\/\/elfsight.com\/de\/yelp-reviews-widget\/"},{"@type":"ListItem","position":3,"name":"Yelp Reviews &#8211; HTML"}]},{"@type":"WebSite","@id":"https:\/\/elfsight.com\/de\/#website","url":"https:\/\/elfsight.com\/de\/","name":"Elfsight DE","description":"Just another Elfsight Sites site","potentialAction":[{"@type":"SearchAction","target":{"@type":"EntryPoint","urlTemplate":"https:\/\/elfsight.com\/de\/?s={search_term_string}"},"query-input":{"@type":"PropertyValueSpecification","valueRequired":true,"valueName":"search_term_string"}}],"inLanguage":"de"}]}},"meta_box":{"industry":"","seo_heading":"","heading":"","description":"","cta_heading":"","cta_description":"","application":"483","h1":"HTML-Widget f\u00fcr Yelp-Bewertungen","h1_caption":"Pr\u00e4sentieren Sie Kundenbewertungen von Yelp, um Glaubw\u00fcrdigkeit aufzubauen und Ihrem Unternehmen m\u00fchelos Social Proof in Ihre HTML-Website zu integrieren.","application_category":[],"applications_title":"","applications_request_title":"","applications_request_button_text":"","hero_text":"","hero_video":"","hero_video_schema_markup":"","selling_points_title":"","selling_points_caption":"","selling_points":[],"selling_points_cta_text":"","features_title":"","features":"","ed_cta_examples_text":"","ed_cta_examples_hidden":"","ed_cta_demo_text":"","ed_cta_demo_hidden":"","why_caption":"","why_editor_title":"","why_editor_text":"","why_team_title":"","why_team_text":"","why_service_title":"","why_service_text":"","template_catalog_visible":"0","template_catalog_title":"","template_catalog_text":"","template_catalog_categories_visible":"","demo_title":"Erstellen Sie Ihr Yelp-Rezensions-Widget","demo_caption":"Konfigurieren Sie Ihre Yelp-Bewertungen und f\u00fcgen Sie sie kostenlos zu Ihrer HTML-Website hinzu!","default_faq_hidden":"","app_template_category":[],"platform":"260","template_public_id":"","codecanyon_url":"","codecanyon_item_id":"","codecanyon_price":"","pricing_caption":"","pricing_elfsight_apps_hide_column":"","pricing_elfsight_apps_url":"","pricing_codecanyon_price_caption":"","integration_category":[],"integration_request_title":"","integration_request_cta":"","integration_platform":"","integrations":[],"platform_category":[],"video_schema_markup":"","price":"ab 0 $ \/ Monat","trial":"","benefits":[{"text":"Kostenloser Installationsservice"},{"text":"Professioneller Kundensupport"},{"text":"14-t\u00e4gige Geld-zur\u00fcck-Garantie"},{"text":"Zuk\u00fcnftige kostenlose Updates"}],"button_url":"#demo","button_target_blank":"0","button_nofollow":"0","attributes":[{"name":"Installiert","content":"10,000 - 100,000"},{"name":"Reaktionsfreudig","content":"Ja"},{"name":"Kompatible Browser","content":"Firefox, Safari, Opera, Chrome, Edge"}],"tags":[],"tags_disable_links":"0","hide_more_platforms":"0","video_object":"","demo_hide_cta":"0","demo_hide_cloud_options":"0","pricing_title":"","pricing":[{"pricing_icon":"platform","pricing_title":"Elfsight Apps","pricing_title_caption":"Multiplattform-Software","pricing_price":"ab 0 $ \/ Monat","pricing_price_caption":"Beginnen Sie mit einem kostenlosen Plan","pricing_benefits":[{"text":"Unbegrenzte Domains"},{"text":"Kundensupport rund um die Uhr"},{"text":"Kostenloser Installationssupport"},{"text":"Tolles Angebot f\u00fcr mehrere Apps"}],"pricing_button_text":"Zur Website hinzuf\u00fcgen","pricing_button_url":"#demo"}],"related_apps_title":"","related_apps_hidden":"0","author":"","image":[],"title":"","job":"","social_networks":[]},"_links":{"self":[{"href":"https:\/\/elfsight.com\/de\/wp-json\/wp\/v2\/pages\/11098","targetHints":{"allow":["GET"]}}],"collection":[{"href":"https:\/\/elfsight.com\/de\/wp-json\/wp\/v2\/pages"}],"about":[{"href":"https:\/\/elfsight.com\/de\/wp-json\/wp\/v2\/types\/page"}],"author":[{"embeddable":true,"href":"https:\/\/elfsight.com\/de\/wp-json\/wp\/v2\/users\/9"}],"replies":[{"embeddable":true,"href":"https:\/\/elfsight.com\/de\/wp-json\/wp\/v2\/comments?post=11098"}],"version-history":[{"count":3,"href":"https:\/\/elfsight.com\/de\/wp-json\/wp\/v2\/pages\/11098\/revisions"}],"predecessor-version":[{"id":24388,"href":"https:\/\/elfsight.com\/de\/wp-json\/wp\/v2\/pages\/11098\/revisions\/24388"}],"up":[{"embeddable":true,"href":"https:\/\/elfsight.com\/de\/wp-json\/wp\/v2\/pages\/1633"}],"wp:attachment":[{"href":"https:\/\/elfsight.com\/de\/wp-json\/wp\/v2\/media?parent=11098"}],"curies":[{"name":"wp","href":"https:\/\/api.w.org\/{rel}","templated":true}]}}