{"id":11097,"date":"1970-01-01T00:00:00","date_gmt":"1970-01-01T00:00:00","guid":{"rendered":"https:\/\/elfsight.com\/de\/?page_id=11097"},"modified":"2025-02-19T06:17:17","modified_gmt":"2025-02-19T06:17:17","slug":"squarespace","status":"publish","type":"page","link":"https:\/\/elfsight.com\/de\/yelp-reviews-widget\/squarespace\/","title":{"rendered":"Yelp Reviews &#8211; Squarespace"},"content":{"rendered":"\n<div class=\"application-platform-content-item-description application-platform-content-item\" id=\"description\" data-nav-section=\"description\"> <h2>Betten Sie Yelp-Rezensionen auf Squarespace mit dem Elfsight-Widget ein<\/h2> <p>Wenn Sie eine M\u00f6glichkeit suchen, Ihre Wertsch\u00e4tzung bei Kunden zum Ausdruck zu bringen und zu \u00fcberzeugen Wenn Sie Ihren Besuchern sagen m\u00f6chten, dass Ihre Produkte oder Dienstleistungen den Kauf wert sind, ist das Yelp-Bewertungs-Widget von Elfsight genau das Richtige f\u00fcr Sie. Mit diesem Tool k\u00f6nnen Sie Benutzerbewertungen von Yelp mit Details zu ihren Autoren auf Ihrer Website einbetten, sie so filtern, dass nur positive Ergebnisse angezeigt werden, Bewertungen hinzuf\u00fcgen und eine Bewertungsanforderungsschaltfl\u00e4che einrichten, die Benutzer auf Ihr Yelp-Konto bringt, wo sie k\u00f6nnen Teilen Sie eine neue Bewertung. <\/p><div class=\"faq\" data-component=\"FAQ\"> <div class=\"faq-item\">\r\n\t\t\t\t\t<div class=\"faq-item-question\">\r\n\t\t\t\t\t\t<h3 class=\"faq-item-question-text\">Wo auf meiner Website kann ich das Widget hinzuf\u00fcgen<\/h3>\r\n\r\n\t\t\t\t\t\t<div class=\"faq-item-question-icon\"><\/div>\r\n\t\t\t\t\t<\/div>\r\n\r\n\t\t\t\t\t<div class=\"faq-item-answer\">\r\n\t\t\t\t\t\t<div class=\"faq-item-answer-text\"> <p>Es steht Ihnen frei, das Widget zu jeder Seite Ihrer Website hinzuzuf\u00fcgen oder es in die Vorlage einzuf\u00fcgen, und das wird es auch erscheinen auf allen Seiten. Bewertungen sind auf Produktseiten oder auf der Seite \u201e\u00dcber uns\u201c wirksam, wo Sie Ihre hohe Bewertung anzeigen m\u00f6chten. <\/p><\/div>\r\n\t\t\t\t\t<\/div>\r\n\t\t\t\t<\/div> <div class=\"faq-item\">\r\n\t\t\t\t\t<div class=\"faq-item-question\">\r\n\t\t\t\t\t\t<h3 class=\"faq-item-question-text\">Welche Vorteile bringt es mir? <\/h3>\r\n\r\n\t\t\t\t\t\t<div class=\"faq-item-question-icon\"><\/div>\r\n\t\t\t\t\t<\/div>\r\n\r\n\t\t\t\t\t<div class=\"faq-item-answer\">\r\n\t\t\t\t\t\t<div class=\"faq-item-answer-text\"> <p>Bewertungen, die von echten Menschen geteilt werden, wirken f\u00fcr die Kunden Ihrer Website absolut glaubw\u00fcrdig und zeigen ihnen, dass Ihr Unternehmen ein zuverl\u00e4ssiger Partner ist. Eine hohe Bewertung und gute Eindr\u00fccke k\u00f6nnen dazu beitragen, die K\u00e4ufe auf Ihrer Website anzukurbeln. Au\u00dferdem kann die Weiterleitungsschaltfl\u00e4che dazu beitragen, dass mehr Benutzer Bewertungen zu Ihrem Unternehmen auf Yelp abgeben. <\/p> <\/div>\r\n\t\t\t\t\t<\/div>\r\n\t\t\t\t<\/div> <div class=\"faq-item\">\r\n\t\t\t\t\t<div class=\"faq-item-question\">\r\n\t\t\t\t\t\t<h3 class=\"faq-item-question-text\">Wie kann ich das Yelp-Widget \u201eBewertungen\u201c auf meiner Squarespace-Website einbetten? <\/h3>\r\n\r\n\t\t\t\t\t\t<div class=\"faq-item-question-icon\"><\/div>\r\n\t\t\t\t\t<\/div>\r\n\r\n\t\t\t\t\t<div class=\"faq-item-answer\">\r\n\t\t\t\t\t\t<div class=\"faq-item-answer-text\"> <p>Die Einrichtung dauert nur eine Minute. Die Integration erfolgt sehr schnell, kostenlos und erfordert keine Programmierung. <\/p> <p>\u00dcber unseren Service besteht die M\u00f6glichkeit, das Bewertungs-Widget in Ihre Website einzuf\u00fchren. Tragen Sie einfach die kurze Beschreibung weiter unten auf dieser Seite ein. <\/p><\/div>\r\n\t\t\t\t\t<\/div>\r\n\t\t\t\t<\/div> <\/div> <\/div> <div class=\"application-platform-content-item-features application-platform-content-item\" id=\"features\" data-nav-section=\"features\"> <h2>Hauptfunktionen des Yelp-Bewertungs-Widgets<\/h2> <p>Um eine bessere Vorstellung von Bewertungen zu erhalten Widget, sehen Sie sich die Liste seiner Hauptmerkmale an. Sie sorgen daf\u00fcr, dass das Widget f\u00fcr Ihre Werbung den gr\u00f6\u00dftm\u00f6glichen Nutzen bringt: <\/p> <ul> <li>3 vordefinierte Filter: nach Typ, Ausschlie\u00dfen nach und Anzahl der anzuzeigenden Bewertungen; <\/li> <li>Vier gebrauchsfertige Layouts: Liste, Raster, Mauerwerk und Schieberegler; <\/li> <li>Eine M\u00f6glichkeit, den Header des Widgets ein-\/auszuschalten; <\/li> <li>Die aktive Schaltfl\u00e4che zum Hinzuf\u00fcgen einer weiteren Bewertung f\u00fchrt Kunden zur Yelp-Seite; <\/li> <li>6 anpassbare Elemente des Widgets: Name des Autors und Foto, Empfehlungstext, Datum der Freigabe, Yelp-Symbol und Sternebewertung; <\/li> <li>Zwei m\u00f6gliche Szenarien f\u00fcr die Ablehnung einer \u00dcberpr\u00fcfungsanfrage: Anzeigen einer Textnachricht oder Entfernen der Schaltfl\u00e4che. <\/li> <\/ul><p><a href=\"#demo\">Demo zeigt Ihnen eine vollst\u00e4ndige Liste der Funktionen<\/a><\/p> <\/div> <div class=\"application-platform-content-item-installation application-platform-content-item\" id=\"installation\" data-nav-section=\"installation\"> <h2>Sehen wir uns an, wie Sie die Yelp-Bewertungen in Ihre Squarespace-Seite einbetten. Es ist keine Codierung<\/h2><div class=\"video-container\"><iframe width=\"560\" height=\"315\" src=\"https:\/\/www.youtube.com\/embed\/KqGi9XRkYpQ?si=C_YNbg6hDDkk5o1H\" frameborder=\"0\" allow=\"accelerometer; autoplay; clipboard-write; encrypted-media; gyroscope; picture-in-picture; web-share\" allowfullscreen><\/iframe><\/div><p>Die folgenden Aktionen sind das Einzige, was Sie zum Ver\u00f6ffentlichen ben\u00f6tigen. <\/p> <ul><li><b>Erstellen Sie Ihr eigenes Yelp-Plugin<\/b><br> Gestalten Sie mit unserer kostenlosen Demo ein Plugin mit ausgew\u00e4hltem Aussehen und funktionalen Merkmalen. <\/li><li><b>Kopieren Sie den pers\u00f6nlichen Code, um das Plugin anzuzeigen<\/b><br> Nachdem Sie Ihr Widget angepasst haben, erhalten Sie Ihren pers\u00f6nlichen Code aus der angezeigten Benachrichtigung auf Elfsight Apps. Kopiere diesen Code. <\/li> <li><b>Zeigen Sie das Plugin auf Ihrer Website an<\/b><br> W\u00e4hlen Sie die Stelle aus, an der Sie das Plugin anzeigen m\u00f6chten, und f\u00fcgen Sie dort den gespeicherten Code ein. Speichern Sie die \u00c4nderungen. <\/li> <li><b>Fertig! <\/b><br> Gehen Sie auf Ihre Website, um Ihre Arbeit anzusehen. <\/li> <\/ul><p>Haben Sie immer noch Zweifel? Oder haben Sie Fragen? Schreiben Sie einfach eine Anfrage an unseren Kundenservice, der Ihnen bei jedem Anliegen weiterhilft. <\/p> <\/div>\n","protected":false},"excerpt":{"rendered":"","protected":false},"author":9,"featured_media":0,"parent":1633,"menu_order":0,"comment_status":"closed","ping_status":"closed","template":"templates\/template-application-platform.php","meta":{"publish_to_discourse":"","publish_post_category":"","wpdc_auto_publish_overridden":"","wpdc_topic_tags":"","wpdc_pin_topic":"","wpdc_pin_until":"","discourse_post_id":"","discourse_permalink":"","wpdc_publishing_response":"","wpdc_publishing_error":"","footnotes":""},"class_list":["post-11097","page","type-page","status-publish","hentry"],"yoast_head":"<!-- This site is optimized with the Yoast SEO plugin v25.3.1 - https:\/\/yoast.com\/wordpress\/plugins\/seo\/ -->\n<title>F\u00fcgen Sie das Yelp Reviews-Plugin zu Ihrer Squarespace-Website hinzu (in 2 Minuten)<\/title>\n<meta name=\"description\" content=\"Es ist ein Kinderspiel, Ihr Yelp-Bewertungs-Widget zu erstellen und es auf der Squarespace-Website hinzuzuf\u00fcgen. Der Elfsight-Kundensupport ist kostenlos.\" \/>\n<meta name=\"robots\" content=\"index, follow, max-snippet:-1, max-image-preview:large, max-video-preview:-1\" \/>\n<link rel=\"canonical\" href=\"https:\/\/elfsight.com\/de\/yelp-reviews-widget\/squarespace\/\" \/>\n<meta property=\"og:locale\" content=\"de_DE\" \/>\n<meta property=\"og:type\" content=\"article\" \/>\n<meta property=\"og:title\" content=\"F\u00fcgen Sie das Yelp Reviews-Plugin zu Ihrer Squarespace-Website hinzu (in 2 Minuten)\" \/>\n<meta property=\"og:description\" content=\"Es ist ein Kinderspiel, Ihr Yelp-Bewertungs-Widget zu erstellen und es auf der Squarespace-Website hinzuzuf\u00fcgen. Der Elfsight-Kundensupport ist kostenlos.\" \/>\n<meta property=\"og:url\" content=\"https:\/\/elfsight.com\/de\/yelp-reviews-widget\/squarespace\/\" \/>\n<meta property=\"og:site_name\" content=\"Elfsight DE\" \/>\n<meta property=\"article:modified_time\" content=\"2025-02-19T06:17:17+00:00\" \/>\n<meta name=\"twitter:card\" content=\"summary_large_image\" \/>\n<meta name=\"twitter:label1\" content=\"Gesch\u00e4tzte Lesezeit\" \/>\n\t<meta name=\"twitter:data1\" content=\"3\u00a0Minuten\" \/>\n<!-- \/ Yoast SEO plugin. -->","yoast_head_json":{"title":"F\u00fcgen Sie das Yelp Reviews-Plugin zu Ihrer Squarespace-Website hinzu (in 2 Minuten)","description":"Es ist ein Kinderspiel, Ihr Yelp-Bewertungs-Widget zu erstellen und es auf der Squarespace-Website hinzuzuf\u00fcgen. Der Elfsight-Kundensupport ist kostenlos.","robots":{"index":"index","follow":"follow","max-snippet":"max-snippet:-1","max-image-preview":"max-image-preview:large","max-video-preview":"max-video-preview:-1"},"canonical":"https:\/\/elfsight.com\/de\/yelp-reviews-widget\/squarespace\/","og_locale":"de_DE","og_type":"article","og_title":"F\u00fcgen Sie das Yelp Reviews-Plugin zu Ihrer Squarespace-Website hinzu (in 2 Minuten)","og_description":"Es ist ein Kinderspiel, Ihr Yelp-Bewertungs-Widget zu erstellen und es auf der Squarespace-Website hinzuzuf\u00fcgen. Der Elfsight-Kundensupport ist kostenlos.","og_url":"https:\/\/elfsight.com\/de\/yelp-reviews-widget\/squarespace\/","og_site_name":"Elfsight DE","article_modified_time":"2025-02-19T06:17:17+00:00","twitter_card":"summary_large_image","twitter_misc":{"Gesch\u00e4tzte Lesezeit":"3\u00a0Minuten"},"schema":{"@context":"https:\/\/schema.org","@graph":[{"@type":"WebPage","@id":"https:\/\/elfsight.com\/de\/yelp-reviews-widget\/squarespace\/","url":"https:\/\/elfsight.com\/de\/yelp-reviews-widget\/squarespace\/","name":"F\u00fcgen Sie das Yelp Reviews-Plugin zu Ihrer Squarespace-Website hinzu (in 2 Minuten)","isPartOf":{"@id":"https:\/\/elfsight.com\/de\/#website"},"datePublished":"1970-01-01T00:00:00+00:00","dateModified":"2025-02-19T06:17:17+00:00","description":"Es ist ein Kinderspiel, Ihr Yelp-Bewertungs-Widget zu erstellen und es auf der Squarespace-Website hinzuzuf\u00fcgen. Der Elfsight-Kundensupport ist kostenlos.","breadcrumb":{"@id":"https:\/\/elfsight.com\/de\/yelp-reviews-widget\/squarespace\/#breadcrumb"},"inLanguage":"de","potentialAction":[{"@type":"ReadAction","target":["https:\/\/elfsight.com\/de\/yelp-reviews-widget\/squarespace\/"]}]},{"@type":"BreadcrumbList","@id":"https:\/\/elfsight.com\/de\/yelp-reviews-widget\/squarespace\/#breadcrumb","itemListElement":[{"@type":"ListItem","position":1,"name":"Home","item":"https:\/\/elfsight.com\/de\/"},{"@type":"ListItem","position":2,"name":"Yelp Reviews","item":"https:\/\/elfsight.com\/de\/yelp-reviews-widget\/"},{"@type":"ListItem","position":3,"name":"Yelp Reviews &#8211; Squarespace"}]},{"@type":"WebSite","@id":"https:\/\/elfsight.com\/de\/#website","url":"https:\/\/elfsight.com\/de\/","name":"Elfsight DE","description":"Just another Elfsight Sites site","potentialAction":[{"@type":"SearchAction","target":{"@type":"EntryPoint","urlTemplate":"https:\/\/elfsight.com\/de\/?s={search_term_string}"},"query-input":{"@type":"PropertyValueSpecification","valueRequired":true,"valueName":"search_term_string"}}],"inLanguage":"de"}]}},"meta_box":{"industry":"","seo_heading":"","heading":"","description":"","cta_heading":"","cta_description":"","application":"483","h1":"Squarespace Yelp Reviews-Plugin","h1_caption":"Pr\u00e4sentieren Sie Kundenbewertungen von Yelp, um Glaubw\u00fcrdigkeit aufzubauen und Ihrem Unternehmen m\u00fchelos Social Proof auf Ihrer Squarespace-Website bereitzustellen.","application_category":[],"applications_title":"","applications_request_title":"","applications_request_button_text":"","hero_text":"","hero_video":"","hero_video_schema_markup":"","selling_points_title":"","selling_points_caption":"","selling_points":[],"selling_points_cta_text":"","features_title":"","features":"","ed_cta_examples_text":"","ed_cta_examples_hidden":"","ed_cta_demo_text":"","ed_cta_demo_hidden":"","why_caption":"","why_editor_title":"","why_editor_text":"","why_team_title":"","why_team_text":"","why_service_title":"","why_service_text":"","template_catalog_visible":"0","template_catalog_title":"","template_catalog_text":"","template_catalog_categories_visible":"","demo_title":"Erstellen Sie Ihr Yelp-Bewertungen-Plugin","demo_caption":"Konfigurieren Sie Ihre Yelp-Bewertungen und f\u00fcgen Sie sie kostenlos zu Ihrer Squarespace-Website hinzu!","default_faq_hidden":"","app_template_category":[],"platform":"252","template_public_id":"","codecanyon_url":"","codecanyon_item_id":"","codecanyon_price":"","pricing_caption":"","pricing_elfsight_apps_hide_column":"","pricing_elfsight_apps_url":"","pricing_codecanyon_price_caption":"","integration_category":[],"integration_request_title":"","integration_request_cta":"","integration_platform":"","integrations":[],"platform_category":[],"video_schema_markup":"","price":"ab 0 $ \/ Monat","trial":"","benefits":[{"text":"Kostenlose Installationshilfe"},{"text":"Erfahrener Kundensupport"},{"text":"14-t\u00e4gige R\u00fcckerstattungsgarantie"},{"text":"Zuk\u00fcnftige kostenlose Updates"}],"button_url":"#demo","button_target_blank":"0","button_nofollow":"0","attributes":[{"name":"Installiert","content":"10,000 - 100,000"},{"name":"Reaktionsfreudig","content":"Ja"},{"name":"Kompatible Browser","content":"Firefox, Safari, Opera, Chrome, Edge"}],"tags":[],"tags_disable_links":"0","hide_more_platforms":"0","video_object":"","demo_hide_cta":"0","demo_hide_cloud_options":"0","pricing_title":"","pricing":[{"pricing_icon":"platform","pricing_title":"Elfsight Apps","pricing_title_caption":"Multiplattform-Software","pricing_price":"ab 0 $ \/ Monat","pricing_price_caption":"Beginnen Sie mit einem kostenlosen Plan","pricing_benefits":[{"text":"Unbegrenzte Domains"},{"text":"Professionelle Unterst\u00fctzung und gut dokumentiert"},{"text":"Kostenloser Installationssupport"},{"text":"Vollst\u00e4ndig anpassbar"}],"pricing_button_text":"Zur Website hinzuf\u00fcgen","pricing_button_url":"#demo"}],"related_apps_title":"","related_apps_hidden":"0","author":"","image":[],"title":"","job":"","social_networks":[]},"_links":{"self":[{"href":"https:\/\/elfsight.com\/de\/wp-json\/wp\/v2\/pages\/11097","targetHints":{"allow":["GET"]}}],"collection":[{"href":"https:\/\/elfsight.com\/de\/wp-json\/wp\/v2\/pages"}],"about":[{"href":"https:\/\/elfsight.com\/de\/wp-json\/wp\/v2\/types\/page"}],"author":[{"embeddable":true,"href":"https:\/\/elfsight.com\/de\/wp-json\/wp\/v2\/users\/9"}],"replies":[{"embeddable":true,"href":"https:\/\/elfsight.com\/de\/wp-json\/wp\/v2\/comments?post=11097"}],"version-history":[{"count":3,"href":"https:\/\/elfsight.com\/de\/wp-json\/wp\/v2\/pages\/11097\/revisions"}],"predecessor-version":[{"id":24391,"href":"https:\/\/elfsight.com\/de\/wp-json\/wp\/v2\/pages\/11097\/revisions\/24391"}],"up":[{"embeddable":true,"href":"https:\/\/elfsight.com\/de\/wp-json\/wp\/v2\/pages\/1633"}],"wp:attachment":[{"href":"https:\/\/elfsight.com\/de\/wp-json\/wp\/v2\/media?parent=11097"}],"curies":[{"name":"wp","href":"https:\/\/api.w.org\/{rel}","templated":true}]}}